{"id":24,"date":"2022-03-22T10:06:09","date_gmt":"2022-03-22T03:06:09","guid":{"rendered":"https:\/\/shopsuabimhainam.vn\/?post_type=product&amp;p=24"},"modified":"2022-03-22T10:06:09","modified_gmt":"2022-03-22T03:06:09","slug":"sua-blackmores-so-3-900g","status":"publish","type":"product","link":"http:\/\/mau.hoabinhweb.com\/mevabe1\/san-pham\/sua-blackmores-so-3-900g\/","title":{"rendered":"S\u1eefa Blackmores S\u1ed1 3 900g"},"content":{"rendered":"<p><strong>S\u1eefa Blackmores s\u1ed1 3 l\u00e0 d\u00f2ng s\u1ea3n ph\u1ea9m s\u1eefa c\u00f4ng th\u1ee9c h\u00e0ng \u0111\u1ea7u t\u1ea1i \u00dac. Khi s\u1eed d\u1ee5ng s\u1ea3n ph\u1ea9m c\u1ee7a Blackmores, b\u1ea1n ho\u00e0n to\u00e0n c\u00f3 th\u1ec3 tin t\u01b0\u1edfng v\u00e0o ch\u1ea5t l\u01b0\u1ee3ng c\u1ee7a n\u00f3.<\/strong><\/p>\n<div id=\"attachment_6212\" class=\"wp-caption aligncenter\">\n<p><img loading=\"lazy\" decoding=\"async\" class=\"wp-image-6212 size-full lazyloaded\" src=\"https:\/\/shopsuabim.vn\/wp-content\/uploads\/2019\/03\/sua-blackmores-so-3-1-e1634263918577.jpg\" alt=\"S\u1eefa Blackmores s\u1ed1 3 900g\" width=\"800\" height=\"800\" data-lazy-src=\"https:\/\/shopsuabim.vn\/wp-content\/uploads\/2019\/03\/sua-blackmores-so-3-1-e1634263918577.jpg\" data-was-processed=\"true\" \/><\/p>\n<p class=\"wp-caption-text\">S\u1eefa Blackmores s\u1ed1 3 900g<\/p>\n<\/div>\n<p><strong>T\u00ean s\u1ea3n ph\u1ea9m:<\/strong>\u00a0S\u1eefa Blackmore s\u1ed1 3<\/p>\n<p><strong>Tr\u1ecdng l\u01b0\u1ee3ng:<\/strong>\u00a0900g<\/p>\n<p><strong>Th\u01b0\u01a1ng hi\u1ec7u:<\/strong>\u00a0Blackmore<\/p>\n<p><strong>N\u01a1i s\u1ea3n xu\u1ea5t:<\/strong>\u00a0\u00dac<\/p>\n<p><strong>S\u1eefa Blackmores s\u1ed1 3 900g<\/strong>\u00a0l\u00e0 m\u1ed9t s\u1ea3n ph\u1ea9m d\u00e0nh cho tr\u1ebb t\u1eeb 1 \u0111\u1ebfn 3 tu\u1ed5i c\u1ee7a h\u00e3ng\u00a0<strong>S\u1eefa Blackmores<\/strong>\u00a0n\u1ed5i ti\u1ebfng \u0111\u01b0\u1ee3c \u01b0a chu\u1ed9ng t\u1ea1i \u00dac.<\/p>\n<p>V\u1edbi nhi\u1ec1u gi\u00e1 tr\u1ecb dinh d\u01b0\u1ee1ng cao, h\u1ed7 tr\u1ee3 t\u0103ng c\u00e2n v\u00e0 t\u0103ng chi\u1ec1u cao v\u01b0\u1ee3t tr\u1ed9i, s\u1ea3n ph\u1ea9m ng\u00e0y c\u00e0ng \u0111\u01b0\u1ee3c nhi\u1ec1u m\u1eb9 Vi\u1ec7t Nam m\u00ecnh tin d\u00f9ng.<\/p>\n<p>D\u00f2ng s\u1eefa n\u00e0y m\u00e1t, t\u0103ng c\u00e2n t\u1ed1t, h\u01b0\u01a1ng v\u1ecb th\u01a1m ngon s\u1ebd l\u00e0 s\u1ea3n ph\u1ea9m cung c\u1ea5p \u0111\u1ea7y \u0111\u1ee7 d\u01b0\u1ee1ng ch\u1ea5t v\u00e0 t\u0103ng c\u01b0\u1eddng s\u1ee9c kh\u1ecfe h\u1eefu hi\u1ec7u cho b\u00e9.<\/p>\n<div id=\"attachment_6213\" class=\"wp-caption aligncenter\">\n<p><img loading=\"lazy\" decoding=\"async\" class=\"wp-image-6213 size-full lazyloaded\" src=\"https:\/\/shopsuabim.vn\/wp-content\/uploads\/2019\/03\/Hinh-anh-sua-blackmores-so-3-e1634264112704.jpg\" alt=\"\" width=\"800\" height=\"800\" data-lazy-src=\"https:\/\/shopsuabim.vn\/wp-content\/uploads\/2019\/03\/Hinh-anh-sua-blackmores-so-3-e1634264112704.jpg\" data-was-processed=\"true\" \/><\/p>\n<p class=\"wp-caption-text\">H\u00ecnh \u1ea3nh s\u1eefa blackmores s\u1ed1 3 900g<\/p>\n<\/div>\n<h3><strong>T\u1ed5ng quan v\u1ec1 s\u1ea3n ph\u1ea9m S\u1eefa Blackmores s\u1ed1 3\u00a0<\/strong><\/h3>\n<p>S\u1eefa Blackmores l\u00e0 m\u1ed9t th\u01b0\u01a1ng hi\u1ec7u s\u1eefa uy t\u00edn, l\u00e2u n\u0103m t\u1ea1i \u00dac.<\/p>\n<p>\u0110\u00e2y l\u00e0 s\u1ea3n ph\u1ea9m \u0111\u01b0\u1ee3c nghi\u00ean c\u1ee9u v\u00e0 s\u1ea3n xu\u1ea5t theo quy tr\u00ecnh kh\u00e9p k\u00edn v\u1edbi nh\u1eefng nguy\u00ean li\u1ec7u ch\u1ea5t l\u01b0\u1ee3ng, ngu\u1ed3n g\u1ed1c r\u00f5 r\u00e0ng.<\/p>\n<p>Kh\u00f4ng ch\u1ec9\u00a0<strong>S\u1eefa Blackmores s\u1ed1 3<\/strong>\u00a0m\u00e0 c\u00e1c s\u1ea3n ph\u1ea9m kh\u00e1c c\u1ee7a H\u00e3ng Blackmores c\u0169ng lu\u00f4n \u0111\u01b0\u1ee3c ng\u01b0\u1eddi ti\u00eau d\u00f9ng \u0111\u00f3n nh\u1eadn nhi\u1ec7t t\u00ecnh v\u00e0 \u0111\u01b0\u1ee3c gi\u1edbi chuy\u00ean gia \u0111\u00e1nh gi\u00e1 cao.<\/p>\n<div id=\"attachment_6214\" class=\"wp-caption aligncenter\">\n<p><img loading=\"lazy\" decoding=\"async\" class=\"wp-image-6214 size-full lazyloaded\" src=\"https:\/\/shopsuabim.vn\/wp-content\/uploads\/2019\/03\/Sua-Blackmores-uc-1-e1634264215658.jpg\" alt=\"C\u00f4ng th\u1ee9c s\u1eefa gi\u00e0u gi\u00e1 tr\u1ecb dinh d\u01b0\u1ee1ng\" width=\"800\" height=\"450\" data-lazy-src=\"https:\/\/shopsuabim.vn\/wp-content\/uploads\/2019\/03\/Sua-Blackmores-uc-1-e1634264215658.jpg\" data-was-processed=\"true\" \/><\/p>\n<p class=\"wp-caption-text\">C\u00f4ng th\u1ee9c s\u1eefa gi\u00e0u gi\u00e1 tr\u1ecb dinh d\u01b0\u1ee1ng<\/p>\n<\/div>\n<h4><strong>C\u00f4ng th\u1ee9c s\u1eefa gi\u00e0u gi\u00e1 tr\u1ecb dinh d\u01b0\u1ee1ng<\/strong><\/h4>\n<p><strong>S\u1eefa b\u1ed9t Blackmores<\/strong>\u00a0l\u00e0 c\u00f4ng th\u1ee9c s\u1eefa \u0111\u1eb7c bi\u1ec7t \u0111\u01b0\u1ee3c c\u00f4ng ty nghi\u00ean c\u1ee9u v\u00e0 ho\u00e0n thi\u1ec7n h\u01a1n 80 n\u0103m.<\/p>\n<p>Th\u00e0nh ph\u1ea7n s\u1eefa ch\u1ee9a h\u01a1n 25 d\u01b0\u1ee1ng ch\u1ea5t thi\u1ebft y\u1ebfu bao g\u1ed3m c\u00e1c lo\u1ea1i Vitamin, ch\u1ea5t kho\u00e1ng v\u00e0 c\u00e1c ch\u1ea5t h\u1ed7 tr\u1ee3 cho s\u1ef1 ph\u00e1t tri\u1ec3n c\u1ee7a tr\u1ebb.<\/p>\n<p><strong>S\u1eefa Blackmores s\u1ed1 3<\/strong>\u00a0l\u00e0 m\u1ed9t d\u00f2ng s\u1ea3n ph\u1ea9m th\u01a1m ngon, \u00e1p d\u1ee5ng c\u00f4ng th\u1ee9c \u0111\u1eb7c bi\u1ec7t \u0111\u1ec3 h\u1ed7 tr\u1ee3 tr\u1ebb m\u1edbi bi\u1ebft \u0111i.<\/p>\n<p>N\u00f3 ch\u1ee9a c\u00e1c th\u00e0nh ph\u1ea7n nh\u01b0 i\u1ed1t, k\u1ebdm v\u00e0 Vitamin C ,vitamin D v\u00e0 canxi h\u1ed7 tr\u1ee3 ph\u00e1t tri\u1ec3n tr\u00ed tu\u1ec7, h\u1ec7 mi\u1ec5n d\u1ecbch v\u00e0 gi\u00fap tr\u1ebb ph\u00e1t tri\u1ec3n x\u01b0\u01a1ng, t\u0103ng chi\u1ec1u cao.<\/p>\n<h4><strong>Cung c\u1ea5p h\u1ec7 d\u01b0\u1ee1ng ch\u1ea5t to\u00e0n di\u1ec7n v\u00e0 \u0111\u1ea7y \u0111\u1ee7<\/strong><\/h4>\n<p>S\u1ea3n ph\u1ea9m l\u00e0 d\u00f2ng s\u1eefa t\u0103ng c\u00e2n, cung c\u1ea5p r\u1ea5t nhi\u1ec1u n\u0103ng l\u01b0\u1ee3ng cho tr\u1ebb ho\u1ea1t \u0111\u1ed9ng.<\/p>\n<p>N\u1ebfu m\u1ed7i ly s\u1eefa kh\u00e1c, 100ml cung c\u1ea5p 100kcal th\u00ec\u00a0<strong>S\u1eefa Blackmore<\/strong>\u00a0s\u1ed1 3 s\u1ebd cung c\u1ea5p t\u1edb 299kcal.<\/p>\n<p>Ngu\u1ed3n n\u0103ng l\u01b0\u1ee3ng d\u1ed3i d\u00e0o n\u00e0y s\u1ebd \u0111\u00e1p \u1ee9ng \u0111\u1ee7 nhu c\u1ea7u n\u0103ng l\u01b0\u1ee3ng cho ho\u1ea1t \u0111\u1ed9ng c\u1ee7a tr\u1ebb \u1edf m\u1ecdi giai \u0111o\u1ea1n ph\u00e1t tri\u1ec3n.<\/p>\n<p>B\u00ean c\u1ea1nh \u0111\u00f3, v\u1edbi h\u01a1n 25 lo\u1ea1i vitamin, d\u01b0\u1ee1ng ch\u1ea5t kh\u00e1c nhau s\u1ebd cung c\u1ea5p dinh d\u01b0\u1ee1ng \u0111\u1ea7y \u0111\u1ee7 cho s\u1ef1 ph\u00e1t tri\u1ec3n to\u00e0n di\u1ec7n c\u1ee7a b\u00e9.<\/p>\n<p><strong>S\u1eefa Blackmores s\u1ed1 3<\/strong>\u00a0s\u1ebd \u0111em \u0111\u1ebfn \u0111i\u1ec1u ki\u1ec7n l\u00fd t\u01b0\u1edfng cho tr\u1ebb ph\u00e1t tri\u1ec3n th\u1ec3 ch\u1ea5t, h\u1ec7 ti\u00eau h\u00f3a v\u00e0 gi\u00fap b\u00e9 ph\u00e1t tri\u1ec3n tr\u00ed n\u00e3o.<\/p>\n","protected":false},"excerpt":{"rendered":"<ul>\n<li><strong>H\u00e3ng s\u1ea3n xu\u1ea5t\u00a0 \u00a0 \u00a0:\u00a0<\/strong>\u00a0Blackmore _\u00dac<\/li>\n<li><strong>Ph\u00ed V\u1eadn Chuy\u1ec3n :\u00a0<\/strong>Giao h\u00e0ng t\u1eadn n\u01a1i mi\u1ec5n ph\u00ed trong n\u1ed9i th\u00e0nh H\u00e0 N\u1ed9i, \u0110\u01a1n h\u00e0ng \u0111\u1eb7t tr\u01b0\u1edbc 14h giao h\u00e0ng tr\u01b0\u1edbc 5h, \u0110\u1eb7t sau 14h giao h\u00e0ng sang ng\u00e0y h\u00f4m sau, Ch\u1ee7 nh\u1eadt Ngh\u1ec9<\/li>\n<li><strong>T\u00ecnh Tr\u1ea1ng\u00a0 \u00a0 \u00a0 \u00a0 \u00a0:<\/strong>\u00a0C\u00f2n h\u00e0ng<\/li>\n<\/ul>\n","protected":false},"featured_media":28,"comment_status":"closed","ping_status":"closed","template":"","meta":[],"product_cat":[17,18,19,20,21,22,23,24,25,26,27],"product_tag":[],"class_list":["post-24","product","type-product","status-publish","has-post-thumbnail","hentry","product_cat-sua-cho-nguoi-gia","product_cat-sua-cho-nguoi-suy-than","product_cat-sua-cho-nguoi-tieu-duong","product_cat-sua-cho-nguoi-ung-thu","product_cat-sua-danh-cho-ba-bau","product_cat-sua-ho-tro-he-tieu-hoa","product_cat-sua-nhap-khau","product_cat-sua-tang-can-cho-be","product_cat-sua-tang-can-cho-nguoi-gay","product_cat-sua-tang-chieu-cao-cho-be","product_cat-sua-trong-nuoc"],"yoast_head":"<!-- This site is optimized with the Yoast SEO plugin v18.9 - https:\/\/yoast.com\/wordpress\/plugins\/seo\/ -->\n<title>S\u1eefa Blackmores S\u1ed1 3 900g - S\u1eefa B\u1ec9m H\u1ea3i Nam<\/title>\n<meta name=\"robots\" content=\"noindex, follow, max-snippet:-1, max-image-preview:large, max-video-preview:-1\" \/>\n<meta property=\"og:locale\" content=\"vi_VN\" \/>\n<meta property=\"og:type\" content=\"article\" \/>\n<meta property=\"og:title\" content=\"S\u1eefa Blackmores S\u1ed1 3 900g - S\u1eefa B\u1ec9m H\u1ea3i Nam\" \/>\n<meta property=\"og:description\" content=\"H\u00e3ng s\u1ea3n xu\u1ea5t\u00a0 \u00a0 \u00a0:\u00a0\u00a0Blackmore _\u00dac  Ph\u00ed V\u1eadn Chuy\u1ec3n :\u00a0Giao h\u00e0ng t\u1eadn n\u01a1i mi\u1ec5n ph\u00ed trong n\u1ed9i th\u00e0nh H\u00e0 N\u1ed9i, \u0110\u01a1n h\u00e0ng \u0111\u1eb7t tr\u01b0\u1edbc 14h giao h\u00e0ng tr\u01b0\u1edbc 5h, \u0110\u1eb7t sau 14h giao h\u00e0ng sang ng\u00e0y h\u00f4m sau, Ch\u1ee7 nh\u1eadt Ngh\u1ec9  T\u00ecnh Tr\u1ea1ng\u00a0 \u00a0 \u00a0 \u00a0 \u00a0:\u00a0C\u00f2n h\u00e0ng\" \/>\n<meta property=\"og:url\" content=\"http:\/\/mau.hoabinhweb.com\/mevabe1\/san-pham\/sua-blackmores-so-3-900g\/\" \/>\n<meta property=\"og:site_name\" content=\"S\u1eefa B\u1ec9m H\u1ea3i Nam\" \/>\n<meta property=\"og:image\" content=\"http:\/\/mau.hoabinhweb.com\/mevabe1\/wp-content\/uploads\/2022\/03\/sanpham3.jpg\" \/>\n\t<meta property=\"og:image:width\" content=\"800\" \/>\n\t<meta property=\"og:image:height\" content=\"800\" \/>\n\t<meta property=\"og:image:type\" content=\"image\/jpeg\" \/>\n<meta name=\"twitter:card\" content=\"summary_large_image\" \/>\n<meta name=\"twitter:label1\" content=\"\u01af\u1edbc t\u00ednh th\u1eddi gian \u0111\u1ecdc\" \/>\n\t<meta name=\"twitter:data1\" content=\"4 ph\u00fat\" \/>\n<script type=\"application\/ld+json\" class=\"yoast-schema-graph\">{\"@context\":\"https:\/\/schema.org\",\"@graph\":[{\"@type\":\"WebSite\",\"@id\":\"https:\/\/mau.hoabinhweb.com\/mevabe1\/#website\",\"url\":\"https:\/\/mau.hoabinhweb.com\/mevabe1\/\",\"name\":\"S\u1eefa B\u1ec9m H\u1ea3i Nam\",\"description\":\"\",\"potentialAction\":[{\"@type\":\"SearchAction\",\"target\":{\"@type\":\"EntryPoint\",\"urlTemplate\":\"https:\/\/mau.hoabinhweb.com\/mevabe1\/?s={search_term_string}\"},\"query-input\":\"required name=search_term_string\"}],\"inLanguage\":\"vi\"},{\"@type\":\"ImageObject\",\"inLanguage\":\"vi\",\"@id\":\"http:\/\/mau.hoabinhweb.com\/mevabe1\/san-pham\/sua-blackmores-so-3-900g\/#primaryimage\",\"url\":\"http:\/\/mau.hoabinhweb.com\/mevabe1\/wp-content\/uploads\/2022\/03\/sanpham3.jpg\",\"contentUrl\":\"http:\/\/mau.hoabinhweb.com\/mevabe1\/wp-content\/uploads\/2022\/03\/sanpham3.jpg\",\"width\":800,\"height\":800,\"caption\":\"Sanpham3\"},{\"@type\":\"WebPage\",\"@id\":\"http:\/\/mau.hoabinhweb.com\/mevabe1\/san-pham\/sua-blackmores-so-3-900g\/#webpage\",\"url\":\"http:\/\/mau.hoabinhweb.com\/mevabe1\/san-pham\/sua-blackmores-so-3-900g\/\",\"name\":\"S\u1eefa Blackmores S\u1ed1 3 900g - S\u1eefa B\u1ec9m H\u1ea3i Nam\",\"isPartOf\":{\"@id\":\"https:\/\/mau.hoabinhweb.com\/mevabe1\/#website\"},\"primaryImageOfPage\":{\"@id\":\"http:\/\/mau.hoabinhweb.com\/mevabe1\/san-pham\/sua-blackmores-so-3-900g\/#primaryimage\"},\"datePublished\":\"2022-03-22T03:06:09+00:00\",\"dateModified\":\"2022-03-22T03:06:09+00:00\",\"breadcrumb\":{\"@id\":\"http:\/\/mau.hoabinhweb.com\/mevabe1\/san-pham\/sua-blackmores-so-3-900g\/#breadcrumb\"},\"inLanguage\":\"vi\",\"potentialAction\":[{\"@type\":\"ReadAction\",\"target\":[\"http:\/\/mau.hoabinhweb.com\/mevabe1\/san-pham\/sua-blackmores-so-3-900g\/\"]}]},{\"@type\":\"BreadcrumbList\",\"@id\":\"http:\/\/mau.hoabinhweb.com\/mevabe1\/san-pham\/sua-blackmores-so-3-900g\/#breadcrumb\",\"itemListElement\":[{\"@type\":\"ListItem\",\"position\":1,\"name\":\"Trang ch\u1ee7\",\"item\":\"https:\/\/mau.hoabinhweb.com\/mevabe1\/\"},{\"@type\":\"ListItem\",\"position\":2,\"name\":\"C\u1eeda h\u00e0ng\",\"item\":\"http:\/\/mau.hoabinhweb.com\/mevabe1\/cua-hang\/\"},{\"@type\":\"ListItem\",\"position\":3,\"name\":\"S\u1eefa cho ng\u01b0\u1eddi gi\u00e0\",\"item\":\"http:\/\/mau.hoabinhweb.com\/mevabe1\/danh-muc\/sua-cho-nguoi-gia\/\"},{\"@type\":\"ListItem\",\"position\":4,\"name\":\"S\u1eefa Blackmores S\u1ed1 3 900g\"}]}]}<\/script>\n<!-- \/ Yoast SEO plugin. -->","yoast_head_json":{"title":"S\u1eefa Blackmores S\u1ed1 3 900g - S\u1eefa B\u1ec9m H\u1ea3i Nam","robots":{"index":"noindex","follow":"follow","max-snippet":"max-snippet:-1","max-image-preview":"max-image-preview:large","max-video-preview":"max-video-preview:-1"},"og_locale":"vi_VN","og_type":"article","og_title":"S\u1eefa Blackmores S\u1ed1 3 900g - S\u1eefa B\u1ec9m H\u1ea3i Nam","og_description":"H\u00e3ng s\u1ea3n xu\u1ea5t\u00a0 \u00a0 \u00a0:\u00a0\u00a0Blackmore _\u00dac  Ph\u00ed V\u1eadn Chuy\u1ec3n :\u00a0Giao h\u00e0ng t\u1eadn n\u01a1i mi\u1ec5n ph\u00ed trong n\u1ed9i th\u00e0nh H\u00e0 N\u1ed9i, \u0110\u01a1n h\u00e0ng \u0111\u1eb7t tr\u01b0\u1edbc 14h giao h\u00e0ng tr\u01b0\u1edbc 5h, \u0110\u1eb7t sau 14h giao h\u00e0ng sang ng\u00e0y h\u00f4m sau, Ch\u1ee7 nh\u1eadt Ngh\u1ec9  T\u00ecnh Tr\u1ea1ng\u00a0 \u00a0 \u00a0 \u00a0 \u00a0:\u00a0C\u00f2n h\u00e0ng","og_url":"http:\/\/mau.hoabinhweb.com\/mevabe1\/san-pham\/sua-blackmores-so-3-900g\/","og_site_name":"S\u1eefa B\u1ec9m H\u1ea3i Nam","og_image":[{"width":800,"height":800,"url":"http:\/\/mau.hoabinhweb.com\/mevabe1\/wp-content\/uploads\/2022\/03\/sanpham3.jpg","type":"image\/jpeg"}],"twitter_card":"summary_large_image","twitter_misc":{"\u01af\u1edbc t\u00ednh th\u1eddi gian \u0111\u1ecdc":"4 ph\u00fat"},"schema":{"@context":"https:\/\/schema.org","@graph":[{"@type":"WebSite","@id":"https:\/\/mau.hoabinhweb.com\/mevabe1\/#website","url":"https:\/\/mau.hoabinhweb.com\/mevabe1\/","name":"S\u1eefa B\u1ec9m H\u1ea3i Nam","description":"","potentialAction":[{"@type":"SearchAction","target":{"@type":"EntryPoint","urlTemplate":"https:\/\/mau.hoabinhweb.com\/mevabe1\/?s={search_term_string}"},"query-input":"required name=search_term_string"}],"inLanguage":"vi"},{"@type":"ImageObject","inLanguage":"vi","@id":"http:\/\/mau.hoabinhweb.com\/mevabe1\/san-pham\/sua-blackmores-so-3-900g\/#primaryimage","url":"http:\/\/mau.hoabinhweb.com\/mevabe1\/wp-content\/uploads\/2022\/03\/sanpham3.jpg","contentUrl":"http:\/\/mau.hoabinhweb.com\/mevabe1\/wp-content\/uploads\/2022\/03\/sanpham3.jpg","width":800,"height":800,"caption":"Sanpham3"},{"@type":"WebPage","@id":"http:\/\/mau.hoabinhweb.com\/mevabe1\/san-pham\/sua-blackmores-so-3-900g\/#webpage","url":"http:\/\/mau.hoabinhweb.com\/mevabe1\/san-pham\/sua-blackmores-so-3-900g\/","name":"S\u1eefa Blackmores S\u1ed1 3 900g - S\u1eefa B\u1ec9m H\u1ea3i Nam","isPartOf":{"@id":"https:\/\/mau.hoabinhweb.com\/mevabe1\/#website"},"primaryImageOfPage":{"@id":"http:\/\/mau.hoabinhweb.com\/mevabe1\/san-pham\/sua-blackmores-so-3-900g\/#primaryimage"},"datePublished":"2022-03-22T03:06:09+00:00","dateModified":"2022-03-22T03:06:09+00:00","breadcrumb":{"@id":"http:\/\/mau.hoabinhweb.com\/mevabe1\/san-pham\/sua-blackmores-so-3-900g\/#breadcrumb"},"inLanguage":"vi","potentialAction":[{"@type":"ReadAction","target":["http:\/\/mau.hoabinhweb.com\/mevabe1\/san-pham\/sua-blackmores-so-3-900g\/"]}]},{"@type":"BreadcrumbList","@id":"http:\/\/mau.hoabinhweb.com\/mevabe1\/san-pham\/sua-blackmores-so-3-900g\/#breadcrumb","itemListElement":[{"@type":"ListItem","position":1,"name":"Trang ch\u1ee7","item":"https:\/\/mau.hoabinhweb.com\/mevabe1\/"},{"@type":"ListItem","position":2,"name":"C\u1eeda h\u00e0ng","item":"http:\/\/mau.hoabinhweb.com\/mevabe1\/cua-hang\/"},{"@type":"ListItem","position":3,"name":"S\u1eefa cho ng\u01b0\u1eddi gi\u00e0","item":"http:\/\/mau.hoabinhweb.com\/mevabe1\/danh-muc\/sua-cho-nguoi-gia\/"},{"@type":"ListItem","position":4,"name":"S\u1eefa Blackmores S\u1ed1 3 900g"}]}]}},"_links":{"self":[{"href":"http:\/\/mau.hoabinhweb.com\/mevabe1\/wp-json\/wp\/v2\/product\/24","targetHints":{"allow":["GET"]}}],"collection":[{"href":"http:\/\/mau.hoabinhweb.com\/mevabe1\/wp-json\/wp\/v2\/product"}],"about":[{"href":"http:\/\/mau.hoabinhweb.com\/mevabe1\/wp-json\/wp\/v2\/types\/product"}],"replies":[{"embeddable":true,"href":"http:\/\/mau.hoabinhweb.com\/mevabe1\/wp-json\/wp\/v2\/comments?post=24"}],"wp:featuredmedia":[{"embeddable":true,"href":"http:\/\/mau.hoabinhweb.com\/mevabe1\/wp-json\/wp\/v2\/media\/28"}],"wp:attachment":[{"href":"http:\/\/mau.hoabinhweb.com\/mevabe1\/wp-json\/wp\/v2\/media?parent=24"}],"wp:term":[{"taxonomy":"product_cat","embeddable":true,"href":"http:\/\/mau.hoabinhweb.com\/mevabe1\/wp-json\/wp\/v2\/product_cat?post=24"},{"taxonomy":"product_tag","embeddable":true,"href":"http:\/\/mau.hoabinhweb.com\/mevabe1\/wp-json\/wp\/v2\/product_tag?post=24"}],"curies":[{"name":"wp","href":"https:\/\/api.w.org\/{rel}","templated":true}]}}