{"id":23,"date":"2022-03-22T10:06:07","date_gmt":"2022-03-22T03:06:07","guid":{"rendered":"https:\/\/shopsuabimhainam.vn\/?post_type=product&amp;p=23"},"modified":"2022-03-22T10:06:07","modified_gmt":"2022-03-22T03:06:07","slug":"sua-blackmore-so-2-900g","status":"publish","type":"product","link":"http:\/\/mau.hoabinhweb.com\/mevabe1\/san-pham\/sua-blackmore-so-2-900g\/","title":{"rendered":"S\u1eefa Blackmore S\u1ed1 2 900g"},"content":{"rendered":"<p>T\u00ecm \u0111\u01b0\u1ee3c m\u1ed9t lo\u1ea1i s\u1eefa c\u00f3 ch\u1ea5t l\u01b0\u1ee3ng t\u1ed1t cho c\u00e1c b\u00e9 s\u1eed d\u1ee5ng l\u00e0 \u0111i\u1ec1u v\u00f4 c\u00f9ng quan tr\u1ecdng. \u0110\u1eb7c bi\u1ec7t l\u00e0 v\u1edbi c\u01a1 th\u1ec3 nh\u1ea1y c\u1ea3m c\u1ee7a tr\u1ebb nh\u1ecf, m\u1ed7i s\u1ea3n ph\u1ea9m \u0111\u1ec1u ph\u1ea3i \u0111\u01b0\u1ee3c ki\u1ec3m nghi\u1ec7m k\u1ef9 l\u01b0\u1ee1ng v\u00e0 an to\u00e0n, l\u00e0nh t\u00ednh.\u00a0M\u1ed9t trong nh\u1eefng c\u00e1i t\u00ean n\u1ed5i b\u1eadt nh\u1ea5t tr\u00ean th\u1ecb tr\u01b0\u1eddng hi\u1ec7n nay \u0111\u00f3 l\u00e0\u00a0<strong>S\u1eefa Blackmore s\u1ed1 2<\/strong>\u00a0\u0111\u1ebfn t\u1eeb \u00dac.<\/p>\n<div id=\"attachment_6283\" class=\"wp-caption aligncenter\"><img loading=\"lazy\" decoding=\"async\" class=\"wp-image-6283 size-full lazyloaded\" src=\"https:\/\/shopsuabim.vn\/wp-content\/uploads\/2019\/03\/sua-blackmores-so-2_2-e1634713315255.jpg\" alt=\"S\u1eefa Blackmores s\u1ed1 2 900g\" width=\"800\" height=\"800\" data-lazy-src=\"https:\/\/shopsuabim.vn\/wp-content\/uploads\/2019\/03\/sua-blackmores-so-2_2-e1634713315255.jpg\" data-was-processed=\"true\" \/>\n<p class=\"wp-caption-text\">S\u1eefa Blackmores s\u1ed1 2 900g<\/p>\n<\/div>\n<h2><strong>Gi\u1edbi thi\u1ec7u S\u1eefa Blackmores s\u1ed1 2<\/strong><\/h2>\n<p><strong>S\u1eefa Blackmore s\u1ed1 2<\/strong>\u00a0\u0111\u01b0\u1ee3c ng\u01b0\u1eddi ti\u00eau d\u00f9ng Vi\u1ec7t Nam bi\u1ebft \u0111\u1ebfn nhi\u1ec1u ch\u1ee7 y\u1ebfu l\u00e0 t\u1eeb c\u00e1c m\u1eb9 \u0111\u00e3 cho con d\u00f9ng Blackmores h\u00e0ng x\u00e1ch tay c\u00f3 hi\u1ec7u qu\u1ea3. H\u1ecd c\u1ea3m th\u1ea5y t\u1ed1t n\u00ean \u0111\u00e3 chia s\u1ebb qua facebook, c\u00e1c h\u1ed9i nh\u00f3m \u0111\u1ec3 m\u1ecdi ng\u01b0\u1eddi c\u00f9ng bi\u1ebft v\u00e0 d\u00f9ng th\u1eed. D\u1ea7n d\u1ea7n c\u00e1i t\u00ean Blackmores c\u1ee7a \u00dac \u0111\u00e3 v\u00f4 c\u00f9ng quen thu\u1ed9c.<\/p>\n<p>V\u1ec1 ngu\u1ed3n g\u1ed1c xu\u1ea5t x\u1ee9, BLACKMORES\u00a0l\u00e0 th\u01b0\u01a1ng hi\u1ec7u h\u00e0ng \u0111\u1ea7u v\u1ec1 s\u1ee9c kh\u1ecfe t\u1ef1 nhi\u00ean t\u1ea1i \u00dac v\u1ec1 dinh d\u01b0\u1ee1ng, vitamin, kho\u00e1ng ch\u1ea5t b\u1ed5 sung cho c\u01a1 th\u1ec3. H\u01a1n 80 n\u0103m nghi\u00ean c\u1ee9u khoa h\u1ecdc v\u1ec1 s\u1ee9c kh\u1ecfe v\u00e0 dinh d\u01b0\u1ee1ng, t\u1eadp \u0111o\u00e0n n\u00e0y \u0111\u00e3 ph\u00e1t tri\u1ec3n ra d\u00f2ng s\u1ea3n ph\u1ea9m s\u1eefa Blackmores cho tr\u1ebb em c\u00f3 gi\u00e1 tr\u1ecb sinh h\u1ecdc cao.<\/p>\n<p><strong>S\u1eefa Blackmore s\u1ed1 2<\/strong>\u00a0\u0111\u01b0\u1ee3c thi\u1ebft k\u1ebf d\u00e0nh ri\u00eang cho nh\u00f3m \u0111\u1ed1i t\u01b0\u1ee3ng l\u00e0 tr\u1ebb nh\u1ecf t\u1eeb 6 \u2013 12 th\u00e1ng tu\u1ed5i tr\u1edf l\u00ean. C\u00f4ng d\u1ee5ng ch\u00ednh l\u00e0 gi\u00fap b\u1ed5 sung dinh d\u01b0\u1ee1ng thay th\u1ebf cho b\u1eefa \u0103n ph\u1ee5 h\u00e0ng ng\u00e0y v\u00e0 h\u1ed7 tr\u1ee3 b\u00e9 ph\u00e1t tri\u1ec3n t\u1ed1t h\u01a1n.<\/p>\n<div id=\"attachment_6284\" class=\"wp-caption aligncenter\"><img loading=\"lazy\" decoding=\"async\" class=\"wp-image-6284 size-full lazyloaded\" src=\"https:\/\/shopsuabim.vn\/wp-content\/uploads\/2019\/03\/Sua-blackmores-so-2-e1634713386185.jpg\" alt=\"\" width=\"800\" height=\"800\" data-lazy-src=\"https:\/\/shopsuabim.vn\/wp-content\/uploads\/2019\/03\/Sua-blackmores-so-2-e1634713386185.jpg\" data-was-processed=\"true\" \/>\n<p class=\"wp-caption-text\">H\u00ecnh \u1ea3nh s\u1eefa blackmores s\u1ed1 2 c\u1ee7a \u00fac<\/p>\n<\/div>\n<h2><strong>\u0110\u1ed1i t\u01b0\u1ee3ng s\u1eed d\u1ee5ng\u00a0S\u1eefa Blackmore s\u1ed1 2:\u00a0<\/strong><\/h2>\n<ul>\n<li aria-level=\"1\">Tr\u1ebb nh\u1ecf t\u1eeb 6 th\u00e1ng tu\u1ed5i tr\u1edf l\u00ean \u0111ang b\u00fa m\u1eb9 k\u1ebft h\u1ee3p b\u00fa s\u1eefa c\u00f4ng th\u1ee9c ho\u1eb7c b\u00fa s\u1eefa c\u00f4ng th\u1ee9c.<\/li>\n<li aria-level=\"1\">C\u00e1c b\u00e9 \u1edf th\u1ec3 tr\u1ea1ng nh\u1eb9 c\u00e2n, c\u01a1 th\u1ec3 kh\u00f3 h\u1ea5p thu ch\u1ea5t dinh d\u01b0\u1ee1ng, ti\u00eau h\u00f3a k\u00e9m.<\/li>\n<li aria-level=\"1\">Tr\u1ebb c\u1ea7n ph\u00e1t tri\u1ec3n chi\u1ec1u cao, c\u00e2n n\u1eb7ng \u0111\u1ea1t chu\u1ea9n c\u0169ng nh\u01b0 c\u1ea3i thi\u1ec7n c\u00e1c v\u1ea5n \u0111\u1ec1 v\u1ec1 ti\u00eau h\u00f3a.<\/li>\n<li aria-level=\"1\">B\u00e9 c\u00f3 bi\u1ec3u hi\u1ec7n ho\u1eb7c \u0111\u01b0\u1ee3c x\u1ebfp v\u00e0o nh\u00f3m c\u00f3 nguy c\u01a1 cao m\u1eafc d\u1ecb \u1ee9ng \u0111\u1ea1m casein trong s\u1eefa b\u00f2, b\u1ea5t dung n\u1ea1p lactose.<\/li>\n<\/ul>\n<h2><strong>Th\u00e0nh ph\u1ea7n dinh d\u01b0\u1ee1ng s\u1eefa Blackmores s\u1ed1 2<\/strong><\/h2>\n<p><strong>S\u1eefa Blackmores<\/strong>\u00a0\u0111\u01b0\u1ee3c d\u00f9ng r\u1ea5t ph\u1ed5 bi\u1ebfn t\u1ea1i \u00dac \u2013 \u0111\u1ea5t n\u01b0\u1edbc c\u00f3 t\u1ea7m v\u00f3c tr\u1ebb em cao l\u1edbn, kh\u1ecfe m\u1ea1nh v\u00e0 v\u00f4 c\u00f9ng th\u00f4ng minh.<\/p>\n<p>C\u00e1c d\u00f2ng s\u1eefa tr\u1ebb nh\u1ecf t\u1ea1i \u0111\u00e2y \u0111\u1ec1u c\u00f3 \u0111\u1eb7c \u0111i\u1ec3m chung l\u00e0 thanh m\u00e1t, d\u1ec5 u\u1ed1ng, tr\u1ebb t\u0103ng tr\u01b0\u1edfng chi\u1ec1u cao v\u00e0 t\u0103ng c\u00e2n \u1ed5n \u0111\u1ecbnh.\u00a0H\u01a1n n\u1eefa, \u0111\u1ed1i v\u1edbi c\u00e1c b\u00e9 th\u01b0\u1eddng xuy\u00ean b\u1ecb t\u00e1o hay ti\u00eau h\u00f3a h\u1ea5p thu k\u00e9m th\u00ec khi chuy\u1ec3n sang s\u1eed d\u1ee5ng Blackmores, c\u00e1c v\u1ea5n \u0111\u1ec1 tr\u00ean \u0111\u1ec1u \u0111\u01b0\u1ee3c c\u1ea3i thi\u1ec7n \u0111\u00e1ng k\u1ec3.<\/p>\n<p><strong>S\u1eefa Blackmore s\u1ed1 2<\/strong>\u00a0\u0111\u01b0\u1ee3c ch\u1ebf bi\u1ebfn t\u1eeb ngu\u1ed3n nguy\u00ean li\u1ec7u cao c\u1ea5p t\u1eeb b\u00f2 nu\u00f4i c\u1ecf \u1edf thung l\u0169ng Goulburn. S\u1ea3n ph\u1ea9m cung c\u1ea5p 25 lo\u1ea1i vitamin v\u00e0 kho\u00e1ng ch\u1ea5t nh\u01b0: Vitamin A, C, D &amp; E, B12, s\u1eaft, magie, canxi, i-\u1ed1t v\u00e0 k\u1ebdm, DHA, ARA, ALA,\u2026 gi\u00fap t\u0103ng c\u01b0\u1eddng h\u1ec7 mi\u1ec5n d\u1ecbch, h\u1ed7 tr\u1ee3 n\u0103ng l\u01b0\u1ee3ng v\u00e0 chuy\u1ec3n h\u00f3a, tr\u00ed n\u00e3o, th\u1ecb gi\u00e1c, x\u01b0\u01a1ng v\u00e0 r\u0103ng ch\u1eafc kh\u1ecfe h\u01a1n, h\u1ed7 tr\u1ee3 s\u1ef1 ph\u00e1t tri\u1ec3n to\u00e0n di\u1ec7n c\u1ee7a tr\u1ebb.<\/p>\n<p>S\u1eefa c\u00f2n ch\u1ee9a Prebiotic (GOS) h\u1ed7 tr\u1ee3 h\u1ec7 ti\u00eau h\u00f3a, gi\u00fap b\u00e9 h\u1ea5p thu t\u1ed1t h\u01a1n v\u00e0 ng\u0103n ng\u1eeba c\u00e1c t\u00ecnh tr\u1ea1ng t\u00e1o b\u00f3n. Prebiotic GOS l\u00e0m t\u0103ng l\u1ee3i khu\u1ea9n trong ph\u00e2n nh\u01b0 bifidobacteria, t\u1eeb \u0111\u00f3 \u1ee9c ch\u1ebf s\u1ef1 ph\u00e1t tri\u1ec3n c\u1ee7a c\u00e1c vi khu\u1ea9n g\u00e2y b\u1ec7nh hi\u1ec7u qu\u1ea3.<\/p>\n","protected":false},"excerpt":{"rendered":"<ul>\n<li><strong>H\u00e3ng s\u1ea3n xu\u1ea5t\u00a0 \u00a0 \u00a0:\u00a0<\/strong>\u00a0Blackmore _\u00dac<\/li>\n<li><strong>Ph\u00ed V\u1eadn Chuy\u1ec3n :\u00a0<\/strong>Giao h\u00e0ng t\u1eadn n\u01a1i mi\u1ec5n ph\u00ed trong n\u1ed9i th\u00e0nh H\u00e0 N\u1ed9i, \u0110\u01a1n h\u00e0ng \u0111\u1eb7t tr\u01b0\u1edbc 14h giao h\u00e0ng tr\u01b0\u1edbc 5h, \u0110\u1eb7t sau 14h giao h\u00e0ng sang ng\u00e0y h\u00f4m sau, Ch\u1ee7 nh\u1eadt Ngh\u1ec9<\/li>\n<li><strong>T\u00ecnh Tr\u1ea1ng\u00a0 \u00a0 \u00a0 \u00a0 \u00a0:<\/strong>\u00a0C\u00f2n h\u00e0ng<\/li>\n<\/ul>\n","protected":false},"featured_media":27,"comment_status":"closed","ping_status":"closed","template":"","meta":[],"product_cat":[17,18,19,20,21,22,23,24,25,26,27],"product_tag":[],"class_list":["post-23","product","type-product","status-publish","has-post-thumbnail","hentry","product_cat-sua-cho-nguoi-gia","product_cat-sua-cho-nguoi-suy-than","product_cat-sua-cho-nguoi-tieu-duong","product_cat-sua-cho-nguoi-ung-thu","product_cat-sua-danh-cho-ba-bau","product_cat-sua-ho-tro-he-tieu-hoa","product_cat-sua-nhap-khau","product_cat-sua-tang-can-cho-be","product_cat-sua-tang-can-cho-nguoi-gay","product_cat-sua-tang-chieu-cao-cho-be","product_cat-sua-trong-nuoc"],"yoast_head":"<!-- This site is optimized with the Yoast SEO plugin v18.9 - https:\/\/yoast.com\/wordpress\/plugins\/seo\/ -->\n<title>S\u1eefa Blackmore S\u1ed1 2 900g - S\u1eefa B\u1ec9m H\u1ea3i Nam<\/title>\n<meta name=\"robots\" content=\"noindex, follow, max-snippet:-1, max-image-preview:large, max-video-preview:-1\" \/>\n<meta property=\"og:locale\" content=\"vi_VN\" \/>\n<meta property=\"og:type\" content=\"article\" \/>\n<meta property=\"og:title\" content=\"S\u1eefa Blackmore S\u1ed1 2 900g - S\u1eefa B\u1ec9m H\u1ea3i Nam\" \/>\n<meta property=\"og:description\" content=\"H\u00e3ng s\u1ea3n xu\u1ea5t\u00a0 \u00a0 \u00a0:\u00a0\u00a0Blackmore _\u00dac  Ph\u00ed V\u1eadn Chuy\u1ec3n :\u00a0Giao h\u00e0ng t\u1eadn n\u01a1i mi\u1ec5n ph\u00ed trong n\u1ed9i th\u00e0nh H\u00e0 N\u1ed9i, \u0110\u01a1n h\u00e0ng \u0111\u1eb7t tr\u01b0\u1edbc 14h giao h\u00e0ng tr\u01b0\u1edbc 5h, \u0110\u1eb7t sau 14h giao h\u00e0ng sang ng\u00e0y h\u00f4m sau, Ch\u1ee7 nh\u1eadt Ngh\u1ec9  T\u00ecnh Tr\u1ea1ng\u00a0 \u00a0 \u00a0 \u00a0 \u00a0:\u00a0C\u00f2n h\u00e0ng\" \/>\n<meta property=\"og:url\" content=\"http:\/\/mau.hoabinhweb.com\/mevabe1\/san-pham\/sua-blackmore-so-2-900g\/\" \/>\n<meta property=\"og:site_name\" content=\"S\u1eefa B\u1ec9m H\u1ea3i Nam\" \/>\n<meta property=\"og:image\" content=\"http:\/\/mau.hoabinhweb.com\/mevabe1\/wp-content\/uploads\/2022\/03\/sanpham2.jpg\" \/>\n\t<meta property=\"og:image:width\" content=\"800\" \/>\n\t<meta property=\"og:image:height\" content=\"800\" \/>\n\t<meta property=\"og:image:type\" content=\"image\/jpeg\" \/>\n<meta name=\"twitter:card\" content=\"summary_large_image\" \/>\n<meta name=\"twitter:label1\" content=\"\u01af\u1edbc t\u00ednh th\u1eddi gian \u0111\u1ecdc\" \/>\n\t<meta name=\"twitter:data1\" content=\"4 ph\u00fat\" \/>\n<script type=\"application\/ld+json\" class=\"yoast-schema-graph\">{\"@context\":\"https:\/\/schema.org\",\"@graph\":[{\"@type\":\"WebSite\",\"@id\":\"https:\/\/mau.hoabinhweb.com\/mevabe1\/#website\",\"url\":\"https:\/\/mau.hoabinhweb.com\/mevabe1\/\",\"name\":\"S\u1eefa B\u1ec9m H\u1ea3i Nam\",\"description\":\"\",\"potentialAction\":[{\"@type\":\"SearchAction\",\"target\":{\"@type\":\"EntryPoint\",\"urlTemplate\":\"https:\/\/mau.hoabinhweb.com\/mevabe1\/?s={search_term_string}\"},\"query-input\":\"required name=search_term_string\"}],\"inLanguage\":\"vi\"},{\"@type\":\"ImageObject\",\"inLanguage\":\"vi\",\"@id\":\"http:\/\/mau.hoabinhweb.com\/mevabe1\/san-pham\/sua-blackmore-so-2-900g\/#primaryimage\",\"url\":\"http:\/\/mau.hoabinhweb.com\/mevabe1\/wp-content\/uploads\/2022\/03\/sanpham2.jpg\",\"contentUrl\":\"http:\/\/mau.hoabinhweb.com\/mevabe1\/wp-content\/uploads\/2022\/03\/sanpham2.jpg\",\"width\":800,\"height\":800,\"caption\":\"Sanpham2\"},{\"@type\":\"WebPage\",\"@id\":\"http:\/\/mau.hoabinhweb.com\/mevabe1\/san-pham\/sua-blackmore-so-2-900g\/#webpage\",\"url\":\"http:\/\/mau.hoabinhweb.com\/mevabe1\/san-pham\/sua-blackmore-so-2-900g\/\",\"name\":\"S\u1eefa Blackmore S\u1ed1 2 900g - S\u1eefa B\u1ec9m H\u1ea3i Nam\",\"isPartOf\":{\"@id\":\"https:\/\/mau.hoabinhweb.com\/mevabe1\/#website\"},\"primaryImageOfPage\":{\"@id\":\"http:\/\/mau.hoabinhweb.com\/mevabe1\/san-pham\/sua-blackmore-so-2-900g\/#primaryimage\"},\"datePublished\":\"2022-03-22T03:06:07+00:00\",\"dateModified\":\"2022-03-22T03:06:07+00:00\",\"breadcrumb\":{\"@id\":\"http:\/\/mau.hoabinhweb.com\/mevabe1\/san-pham\/sua-blackmore-so-2-900g\/#breadcrumb\"},\"inLanguage\":\"vi\",\"potentialAction\":[{\"@type\":\"ReadAction\",\"target\":[\"http:\/\/mau.hoabinhweb.com\/mevabe1\/san-pham\/sua-blackmore-so-2-900g\/\"]}]},{\"@type\":\"BreadcrumbList\",\"@id\":\"http:\/\/mau.hoabinhweb.com\/mevabe1\/san-pham\/sua-blackmore-so-2-900g\/#breadcrumb\",\"itemListElement\":[{\"@type\":\"ListItem\",\"position\":1,\"name\":\"Trang ch\u1ee7\",\"item\":\"https:\/\/mau.hoabinhweb.com\/mevabe1\/\"},{\"@type\":\"ListItem\",\"position\":2,\"name\":\"C\u1eeda h\u00e0ng\",\"item\":\"http:\/\/mau.hoabinhweb.com\/mevabe1\/cua-hang\/\"},{\"@type\":\"ListItem\",\"position\":3,\"name\":\"S\u1eefa cho ng\u01b0\u1eddi gi\u00e0\",\"item\":\"http:\/\/mau.hoabinhweb.com\/mevabe1\/danh-muc\/sua-cho-nguoi-gia\/\"},{\"@type\":\"ListItem\",\"position\":4,\"name\":\"S\u1eefa Blackmore S\u1ed1 2 900g\"}]}]}<\/script>\n<!-- \/ Yoast SEO plugin. -->","yoast_head_json":{"title":"S\u1eefa Blackmore S\u1ed1 2 900g - S\u1eefa B\u1ec9m H\u1ea3i Nam","robots":{"index":"noindex","follow":"follow","max-snippet":"max-snippet:-1","max-image-preview":"max-image-preview:large","max-video-preview":"max-video-preview:-1"},"og_locale":"vi_VN","og_type":"article","og_title":"S\u1eefa Blackmore S\u1ed1 2 900g - S\u1eefa B\u1ec9m H\u1ea3i Nam","og_description":"H\u00e3ng s\u1ea3n xu\u1ea5t\u00a0 \u00a0 \u00a0:\u00a0\u00a0Blackmore _\u00dac  Ph\u00ed V\u1eadn Chuy\u1ec3n :\u00a0Giao h\u00e0ng t\u1eadn n\u01a1i mi\u1ec5n ph\u00ed trong n\u1ed9i th\u00e0nh H\u00e0 N\u1ed9i, \u0110\u01a1n h\u00e0ng \u0111\u1eb7t tr\u01b0\u1edbc 14h giao h\u00e0ng tr\u01b0\u1edbc 5h, \u0110\u1eb7t sau 14h giao h\u00e0ng sang ng\u00e0y h\u00f4m sau, Ch\u1ee7 nh\u1eadt Ngh\u1ec9  T\u00ecnh Tr\u1ea1ng\u00a0 \u00a0 \u00a0 \u00a0 \u00a0:\u00a0C\u00f2n h\u00e0ng","og_url":"http:\/\/mau.hoabinhweb.com\/mevabe1\/san-pham\/sua-blackmore-so-2-900g\/","og_site_name":"S\u1eefa B\u1ec9m H\u1ea3i Nam","og_image":[{"width":800,"height":800,"url":"http:\/\/mau.hoabinhweb.com\/mevabe1\/wp-content\/uploads\/2022\/03\/sanpham2.jpg","type":"image\/jpeg"}],"twitter_card":"summary_large_image","twitter_misc":{"\u01af\u1edbc t\u00ednh th\u1eddi gian \u0111\u1ecdc":"4 ph\u00fat"},"schema":{"@context":"https:\/\/schema.org","@graph":[{"@type":"WebSite","@id":"https:\/\/mau.hoabinhweb.com\/mevabe1\/#website","url":"https:\/\/mau.hoabinhweb.com\/mevabe1\/","name":"S\u1eefa B\u1ec9m H\u1ea3i Nam","description":"","potentialAction":[{"@type":"SearchAction","target":{"@type":"EntryPoint","urlTemplate":"https:\/\/mau.hoabinhweb.com\/mevabe1\/?s={search_term_string}"},"query-input":"required name=search_term_string"}],"inLanguage":"vi"},{"@type":"ImageObject","inLanguage":"vi","@id":"http:\/\/mau.hoabinhweb.com\/mevabe1\/san-pham\/sua-blackmore-so-2-900g\/#primaryimage","url":"http:\/\/mau.hoabinhweb.com\/mevabe1\/wp-content\/uploads\/2022\/03\/sanpham2.jpg","contentUrl":"http:\/\/mau.hoabinhweb.com\/mevabe1\/wp-content\/uploads\/2022\/03\/sanpham2.jpg","width":800,"height":800,"caption":"Sanpham2"},{"@type":"WebPage","@id":"http:\/\/mau.hoabinhweb.com\/mevabe1\/san-pham\/sua-blackmore-so-2-900g\/#webpage","url":"http:\/\/mau.hoabinhweb.com\/mevabe1\/san-pham\/sua-blackmore-so-2-900g\/","name":"S\u1eefa Blackmore S\u1ed1 2 900g - S\u1eefa B\u1ec9m H\u1ea3i Nam","isPartOf":{"@id":"https:\/\/mau.hoabinhweb.com\/mevabe1\/#website"},"primaryImageOfPage":{"@id":"http:\/\/mau.hoabinhweb.com\/mevabe1\/san-pham\/sua-blackmore-so-2-900g\/#primaryimage"},"datePublished":"2022-03-22T03:06:07+00:00","dateModified":"2022-03-22T03:06:07+00:00","breadcrumb":{"@id":"http:\/\/mau.hoabinhweb.com\/mevabe1\/san-pham\/sua-blackmore-so-2-900g\/#breadcrumb"},"inLanguage":"vi","potentialAction":[{"@type":"ReadAction","target":["http:\/\/mau.hoabinhweb.com\/mevabe1\/san-pham\/sua-blackmore-so-2-900g\/"]}]},{"@type":"BreadcrumbList","@id":"http:\/\/mau.hoabinhweb.com\/mevabe1\/san-pham\/sua-blackmore-so-2-900g\/#breadcrumb","itemListElement":[{"@type":"ListItem","position":1,"name":"Trang ch\u1ee7","item":"https:\/\/mau.hoabinhweb.com\/mevabe1\/"},{"@type":"ListItem","position":2,"name":"C\u1eeda h\u00e0ng","item":"http:\/\/mau.hoabinhweb.com\/mevabe1\/cua-hang\/"},{"@type":"ListItem","position":3,"name":"S\u1eefa cho ng\u01b0\u1eddi gi\u00e0","item":"http:\/\/mau.hoabinhweb.com\/mevabe1\/danh-muc\/sua-cho-nguoi-gia\/"},{"@type":"ListItem","position":4,"name":"S\u1eefa Blackmore S\u1ed1 2 900g"}]}]}},"_links":{"self":[{"href":"http:\/\/mau.hoabinhweb.com\/mevabe1\/wp-json\/wp\/v2\/product\/23","targetHints":{"allow":["GET"]}}],"collection":[{"href":"http:\/\/mau.hoabinhweb.com\/mevabe1\/wp-json\/wp\/v2\/product"}],"about":[{"href":"http:\/\/mau.hoabinhweb.com\/mevabe1\/wp-json\/wp\/v2\/types\/product"}],"replies":[{"embeddable":true,"href":"http:\/\/mau.hoabinhweb.com\/mevabe1\/wp-json\/wp\/v2\/comments?post=23"}],"wp:featuredmedia":[{"embeddable":true,"href":"http:\/\/mau.hoabinhweb.com\/mevabe1\/wp-json\/wp\/v2\/media\/27"}],"wp:attachment":[{"href":"http:\/\/mau.hoabinhweb.com\/mevabe1\/wp-json\/wp\/v2\/media?parent=23"}],"wp:term":[{"taxonomy":"product_cat","embeddable":true,"href":"http:\/\/mau.hoabinhweb.com\/mevabe1\/wp-json\/wp\/v2\/product_cat?post=23"},{"taxonomy":"product_tag","embeddable":true,"href":"http:\/\/mau.hoabinhweb.com\/mevabe1\/wp-json\/wp\/v2\/product_tag?post=23"}],"curies":[{"name":"wp","href":"https:\/\/api.w.org\/{rel}","templated":true}]}}