{"id":21,"date":"2022-03-22T10:05:40","date_gmt":"2022-03-22T03:05:40","guid":{"rendered":"https:\/\/shopsuabimhainam.vn\/?post_type=product&amp;p=21"},"modified":"2022-03-22T10:05:40","modified_gmt":"2022-03-22T03:05:40","slug":"sua-blackmore-so-1-900g","status":"publish","type":"product","link":"http:\/\/mau.hoabinhweb.com\/mevabe1\/san-pham\/sua-blackmore-so-1-900g\/","title":{"rendered":"S\u1eefa Blackmore s\u1ed1 1 900g"},"content":{"rendered":"<h2><strong>S\u1eefa Blackmore s\u1ed1 1 v\u1edbi nh\u1eefng th\u00e0nh ph\u1ea7n dinh d\u01b0\u1ee1ng AA, DHA c\u00e1c vitamin v\u00e0 kho\u00e1ng ch\u1ea5t gi\u00fap b\u00e9 t\u0103ng c\u01b0\u1eddng h\u1ec7 mi\u1ec5n d\u1ecbch, t\u0103ng c\u00e2n v\u00e0 ph\u00e1t tri\u1ec3n kh\u1ecfe m\u1ea1nh.<\/strong><\/h2>\n<div id=\"attachment_6220\" class=\"wp-caption aligncenter\"><img loading=\"lazy\" decoding=\"async\" class=\"wp-image-6220 size-full lazyloaded\" src=\"https:\/\/shopsuabim.vn\/wp-content\/uploads\/2019\/03\/sua-blackmores-so-1-e1634270590443.jpg\" alt=\"S\u1eefa Blackmores s\u1ed1 1 900g\" width=\"800\" height=\"800\" data-lazy-src=\"https:\/\/shopsuabim.vn\/wp-content\/uploads\/2019\/03\/sua-blackmores-so-1-e1634270590443.jpg\" data-was-processed=\"true\" \/>\n<p class=\"wp-caption-text\">S\u1eefa Blackmores s\u1ed1 1 900g<\/p>\n<\/div>\n<p><strong>T\u00ean s\u1ea3n ph\u1ea9m:<\/strong>\u00a0S\u1eefa Blackmore s\u1ed1 1<\/p>\n<p><strong>Tr\u1ecdng l\u01b0\u1ee3ng:<\/strong>\u00a0900g<\/p>\n<p><strong>Th\u01b0\u01a1ng hi\u1ec7u:<\/strong>\u00a0Blackmore<\/p>\n<p><strong>N\u01a1i s\u1ea3n xu\u1ea5t:<\/strong>\u00a0\u00dac<\/p>\n<p><strong>S\u1eefa Blackmore s\u1ed1 1<\/strong>\u00a0l\u00e0 s\u1ef1 l\u1ef1a ch\u1ecdn h\u00e0ng \u0111\u1ea7u c\u1ee7a m\u1eb9 d\u00e0nh cho b\u00e9.V\u1edbi nh\u1eefng c\u00f4ng th\u1ee9c v\u00e0 ph\u01b0\u01a1ng ph\u00e1p s\u1ea3n xu\u1ea5t ho\u00e0n to\u00e0n t\u1ef1 nhi\u00ean, s\u1ea3n ph\u1ea9m n\u00e0y s\u1ebd gi\u00fap b\u00e9 \u0111\u1ea3m b\u1ea3o c\u00f3 \u0111\u1ea7y \u0111\u1ee7 ch\u1ea5t dinh d\u01b0\u1ee1ng.<\/p>\n<p>Ngo\u00e0i ra s\u1eefa n\u00e0y c\u0169ng r\u1ea5t ph\u00f9 h\u1ee3p thay th\u1ebf s\u1eefa m\u1eb9 n\u1ebfu s\u1eefa m\u1eb9 kh\u00f4ng \u0111\u1ee7 \u0111\u00e1p \u1ee9ng cho b\u00e9.<\/p>\n<div id=\"attachment_6221\" class=\"wp-caption aligncenter\"><img loading=\"lazy\" decoding=\"async\" class=\"wp-image-6221 size-full lazyloaded\" src=\"https:\/\/shopsuabim.vn\/wp-content\/uploads\/2019\/03\/hinh-anh-sua-blackmores-so-1-e1634270661216.jpg\" alt=\"\" width=\"800\" height=\"800\" data-lazy-src=\"https:\/\/shopsuabim.vn\/wp-content\/uploads\/2019\/03\/hinh-anh-sua-blackmores-so-1-e1634270661216.jpg\" data-was-processed=\"true\" \/>\n<p class=\"wp-caption-text\">H\u00ecnh \u1ea3nh s\u1eefa blackmores s\u1ed1 1 900g<\/p>\n<\/div>\n<h2><strong>S\u1eefa Blackmores v\u00e0 ngu\u1ed3n g\u1ed1c xu\u1ea5t x\u1ee9<\/strong><\/h2>\n<p>S\u1eefa Blackmores l\u00e0 s\u1ea3n ph\u1ea9m \u0111\u01b0\u1ee3c nghi\u00ean c\u1ee9u, s\u1ea3n xu\u1ea5t v\u00e0 ph\u00e2n ph\u1ed1i b\u1edfi Blackmore \u2013 \u0111\u1ecba ch\u1ec9 dinh d\u01b0\u1ee1ng t\u1ea1i \u00dac.<\/p>\n<p>V\u1edbi l\u1ecbch s\u1eed ra \u0111\u1eddi h\u01a1n 80 n\u0103m tr\u00ean th\u1ecb tr\u01b0\u1eddng, c\u00e1c s\u1ea3n ph\u1ea9m c\u1ee7a c\u00f4ng ty lu\u00f4n \u0111\u00e1p \u1ee9ng \u0111\u01b0\u1ee3c y\u00eau c\u1ea7u c\u1ee7a ng\u01b0\u1eddi ti\u00eau d\u00f9ng.<\/p>\n<p>S\u1ea3n ph\u1ea9m l\u00e0 k\u1ebft qu\u1ea3 nghi\u00ean c\u1ee9u c\u1ee7a c\u00e1c chuy\u00ean gia h\u00e0ng \u0111\u1ea7u t\u1ea1i Blackmores- th\u01b0\u01a1ng hi\u1ec7u cung c\u1ea5p dinh d\u01b0\u1ee1ng h\u00e0ng \u0111\u1ea7u t\u1ea1i \u00dac.<\/p>\n<p>D\u00f9ng s\u1eefa m\u1ed7i ng\u00e0y gi\u00fap b\u00e9 y\u00eau ph\u00e1t tri\u1ec3n th\u1ec3 ch\u1ea5t v\u00e0 tr\u00ed n\u00e3o, m\u1ecdi ch\u1ec9 ti\u00eau ph\u00e1t tri\u1ec3n c\u1ee7a b\u00e9 \u0111\u1ec1u \u0111\u1ea1t chu\u1ea9n.<\/p>\n<div id=\"attachment_6214\" class=\"wp-caption aligncenter\"><img loading=\"lazy\" decoding=\"async\" class=\"wp-image-6214 size-full lazyloaded\" src=\"https:\/\/shopsuabim.vn\/wp-content\/uploads\/2019\/03\/Sua-Blackmores-uc-1-e1634264215658.jpg\" alt=\"C\u00f4ng th\u1ee9c s\u1eefa gi\u00e0u gi\u00e1 tr\u1ecb dinh d\u01b0\u1ee1ng\" width=\"800\" height=\"450\" data-lazy-src=\"https:\/\/shopsuabim.vn\/wp-content\/uploads\/2019\/03\/Sua-Blackmores-uc-1-e1634264215658.jpg\" data-was-processed=\"true\" \/>\n<p class=\"wp-caption-text\">C\u00f4ng th\u1ee9c s\u1eefa gi\u00e0u gi\u00e1 tr\u1ecb dinh d\u01b0\u1ee1ng<\/p>\n<\/div>\n<h2><strong>S\u1eefa Blackmore s\u1ed1 1 d\u00f2ng s\u1ea3n ph\u1ea9m dinh d\u01b0\u1ee1ng ch\u1ea5t l\u01b0\u1ee3ng cao<\/strong><\/h2>\n<p><strong>S\u1eefa Blackmore<\/strong>\u00a0l\u00e0 d\u00f2ng s\u1eefa ph\u1ed5 bi\u1ebfn tr\u00ean th\u1ecb tr\u01b0\u1eddng v\u00e0 kh\u00f4ng h\u1ec1 xa l\u1ea1 v\u1edbi c\u00e1c b\u00e0 m\u1eb9 Vi\u1ec7t Nam.<\/p>\n<p>V\u1edbi nh\u1eefng th\u00e0nh ph\u1ea7n dinh d\u01b0\u1ee1ng, s\u1ea3n ph\u1ea9m \u0111\u01b0\u1ee3c nhi\u1ec1u chuy\u00ean gia \u0111\u00e1nh gi\u00e1 cao trong vi\u1ec7c gi\u00fap b\u00e9 ph\u00e1t tri\u1ec3n to\u00e0n di\u1ec7n v\u1ec1 th\u1ec3 ch\u1ea5t c\u0169ng nh\u01b0 tr\u00ed n\u00e3o.<\/p>\n<p>\u1ede \u0111\u1ed9 tu\u1ed5i t\u1eeb 0 \u0111\u1ebfn 12 th\u00e1ng tu\u1ed5i b\u00e9 c\u00f2n kh\u00e1 y\u1ebfu \u1edbt. \u0110\u00e2y l\u00e0 giai \u0111o\u1ea1n h\u1ec7 ti\u00eau h\u00f3a c\u1ee7a b\u00e9 v\u00f4 c\u00f9ng k\u00e9m v\u00e0 ch\u01b0a ph\u00e1t tri\u1ec3n ho\u00e0n thi\u1ec7n.<\/p>\n<p>Ngo\u00e0i ra \u1edf \u0111\u1ed9 th\u00e1ng tu\u1ed5i n\u00e0y th\u00ec c\u0169ng r\u1ea5t nhi\u1ec1u b\u00e9 g\u1eb7p t\u00ecnh tr\u1ea1ng d\u1ecb \u1ee9ng, r\u1ed1i lo\u1ea1n \u0111\u01b0\u1eddng ru\u1ed9t d\u1eabn \u0111\u1ebfn ti\u00eau ch\u1ea3y, \u0111\u1ea7y h\u01a1i v\u00e0 nhi\u1ec1u v\u1ea5n \u0111\u1ec1 kh\u00e1c.\u00a0\u0110i\u1ec1u n\u00e0y l\u00e0m c\u00e1c b\u1eadc ph\u1ee5 huynh ph\u1ea3i lo l\u1eafng v\u1ec1 t\u00ecnh tr\u1ea1ng c\u01a1 th\u1ec3 c\u1ee7a con.<\/p>\n<p>Th\u1ea5u hi\u1ec3u \u0111\u01b0\u1ee3c nh\u1eefng n\u1ed7i lo l\u1eafng t\u1eeb c\u00e1c b\u1eadc l\u00e0m cha, l\u00e0m m\u1eb9 n\u00ean r\u1ea5t nhi\u1ec1u c\u00e1c chuy\u00ean gia \u0111\u00e3 nghi\u00ean c\u1ee9u v\u00e0 cho ra \u0111\u1eddi d\u00f2ng s\u1eefa \u0111\u1eb7c tr\u1ecb nh\u1eefng v\u1ea5n \u0111\u1ec1 m\u00e0 c\u00e1c b\u00e9 \u0111ang g\u1eb7p ph\u1ea3i.<\/p>\n<p>\u0110\u00f3 l\u00e0 k\u1ebft qu\u1ea3 t\u1eeb nh\u1eefng s\u1ef1 n\u1ed7 l\u1ef1c b\u1ec1n b\u1ec9 nh\u1eb1m mang \u0111\u1ebfn cho th\u1ecb tr\u01b0\u1eddng d\u00f2ng s\u1eefa t\u1ed1t nh\u1ea5t.V\u1edbi nh\u1eefng d\u01b0\u1ee1ng ch\u1ea5t, vitamin n\u00ean s\u1ebd b\u1ed5 sung nh\u1eefng y\u1ebfu t\u1ed1 c\u1ea7n thi\u1ebft gi\u00fap b\u00e9 c\u1ea3i thi\u1ec7n h\u1ec7 ti\u00eau h\u00f3a.<\/p>\n<p>N\u00f3 gi\u00fap b\u00e9 h\u1ea5p th\u1ee5 t\u1ed1t ph\u00e1t tri\u1ec3n v\u1ec1 th\u1ec3 ch\u1ea5t c\u0169ng nh\u01b0 tr\u00ed tu\u1ec7. D\u00f2ng s\u1ea3n ph\u1ea9m n\u00e0y \u0111\u01b0\u1ee3c c\u00e1c b\u00e0 m\u1eb9 \u1edf r\u1ea5t nhi\u1ec1u qu\u1ed1c gia l\u1ef1a ch\u1ecdn.<\/p>\n","protected":false},"excerpt":{"rendered":"<ul>\n<li><strong>H\u00e3ng s\u1ea3n xu\u1ea5t\u00a0 \u00a0 \u00a0:\u00a0<\/strong>\u00a0Blackmore _\u00dac<\/li>\n<li><strong>Ph\u00ed V\u1eadn Chuy\u1ec3n :\u00a0<\/strong>Giao h\u00e0ng t\u1eadn n\u01a1i mi\u1ec5n ph\u00ed trong n\u1ed9i th\u00e0nh H\u00e0 N\u1ed9i, \u0110\u01a1n h\u00e0ng \u0111\u1eb7t tr\u01b0\u1edbc 14h giao h\u00e0ng tr\u01b0\u1edbc 5h, \u0110\u1eb7t sau 14h giao h\u00e0ng sang ng\u00e0y h\u00f4m sau, Ch\u1ee7 nh\u1eadt Ngh\u1ec9<\/li>\n<li><strong>T\u00ecnh Tr\u1ea1ng\u00a0 \u00a0 \u00a0 \u00a0 \u00a0:<\/strong>\u00a0C\u00f2n h\u00e0ng<\/li>\n<\/ul>\n","protected":false},"featured_media":22,"comment_status":"closed","ping_status":"closed","template":"","meta":[],"product_cat":[17,18,19,20,21,22,23,24,25,26,27],"product_tag":[],"class_list":["post-21","product","type-product","status-publish","has-post-thumbnail","hentry","product_cat-sua-cho-nguoi-gia","product_cat-sua-cho-nguoi-suy-than","product_cat-sua-cho-nguoi-tieu-duong","product_cat-sua-cho-nguoi-ung-thu","product_cat-sua-danh-cho-ba-bau","product_cat-sua-ho-tro-he-tieu-hoa","product_cat-sua-nhap-khau","product_cat-sua-tang-can-cho-be","product_cat-sua-tang-can-cho-nguoi-gay","product_cat-sua-tang-chieu-cao-cho-be","product_cat-sua-trong-nuoc"],"yoast_head":"<!-- This site is optimized with the Yoast SEO plugin v18.9 - https:\/\/yoast.com\/wordpress\/plugins\/seo\/ -->\n<title>S\u1eefa Blackmore s\u1ed1 1 900g - S\u1eefa B\u1ec9m H\u1ea3i Nam<\/title>\n<meta name=\"robots\" content=\"noindex, follow, max-snippet:-1, max-image-preview:large, max-video-preview:-1\" \/>\n<meta property=\"og:locale\" content=\"vi_VN\" \/>\n<meta property=\"og:type\" content=\"article\" \/>\n<meta property=\"og:title\" content=\"S\u1eefa Blackmore s\u1ed1 1 900g - S\u1eefa B\u1ec9m H\u1ea3i Nam\" \/>\n<meta property=\"og:description\" content=\"H\u00e3ng s\u1ea3n xu\u1ea5t\u00a0 \u00a0 \u00a0:\u00a0\u00a0Blackmore _\u00dac  Ph\u00ed V\u1eadn Chuy\u1ec3n :\u00a0Giao h\u00e0ng t\u1eadn n\u01a1i mi\u1ec5n ph\u00ed trong n\u1ed9i th\u00e0nh H\u00e0 N\u1ed9i, \u0110\u01a1n h\u00e0ng \u0111\u1eb7t tr\u01b0\u1edbc 14h giao h\u00e0ng tr\u01b0\u1edbc 5h, \u0110\u1eb7t sau 14h giao h\u00e0ng sang ng\u00e0y h\u00f4m sau, Ch\u1ee7 nh\u1eadt Ngh\u1ec9  T\u00ecnh Tr\u1ea1ng\u00a0 \u00a0 \u00a0 \u00a0 \u00a0:\u00a0C\u00f2n h\u00e0ng\" \/>\n<meta property=\"og:url\" content=\"http:\/\/mau.hoabinhweb.com\/mevabe1\/san-pham\/sua-blackmore-so-1-900g\/\" \/>\n<meta property=\"og:site_name\" content=\"S\u1eefa B\u1ec9m H\u1ea3i Nam\" \/>\n<meta property=\"og:image\" content=\"http:\/\/mau.hoabinhweb.com\/mevabe1\/wp-content\/uploads\/2022\/03\/sanpham1.jpg\" \/>\n\t<meta property=\"og:image:width\" content=\"800\" \/>\n\t<meta property=\"og:image:height\" content=\"800\" \/>\n\t<meta property=\"og:image:type\" content=\"image\/jpeg\" \/>\n<meta name=\"twitter:card\" content=\"summary_large_image\" \/>\n<meta name=\"twitter:label1\" content=\"\u01af\u1edbc t\u00ednh th\u1eddi gian \u0111\u1ecdc\" \/>\n\t<meta name=\"twitter:data1\" content=\"4 ph\u00fat\" \/>\n<script type=\"application\/ld+json\" class=\"yoast-schema-graph\">{\"@context\":\"https:\/\/schema.org\",\"@graph\":[{\"@type\":\"WebSite\",\"@id\":\"https:\/\/mau.hoabinhweb.com\/mevabe1\/#website\",\"url\":\"https:\/\/mau.hoabinhweb.com\/mevabe1\/\",\"name\":\"S\u1eefa B\u1ec9m H\u1ea3i Nam\",\"description\":\"\",\"potentialAction\":[{\"@type\":\"SearchAction\",\"target\":{\"@type\":\"EntryPoint\",\"urlTemplate\":\"https:\/\/mau.hoabinhweb.com\/mevabe1\/?s={search_term_string}\"},\"query-input\":\"required name=search_term_string\"}],\"inLanguage\":\"vi\"},{\"@type\":\"ImageObject\",\"inLanguage\":\"vi\",\"@id\":\"http:\/\/mau.hoabinhweb.com\/mevabe1\/san-pham\/sua-blackmore-so-1-900g\/#primaryimage\",\"url\":\"http:\/\/mau.hoabinhweb.com\/mevabe1\/wp-content\/uploads\/2022\/03\/sanpham1.jpg\",\"contentUrl\":\"http:\/\/mau.hoabinhweb.com\/mevabe1\/wp-content\/uploads\/2022\/03\/sanpham1.jpg\",\"width\":800,\"height\":800,\"caption\":\"Sanpham1\"},{\"@type\":\"WebPage\",\"@id\":\"http:\/\/mau.hoabinhweb.com\/mevabe1\/san-pham\/sua-blackmore-so-1-900g\/#webpage\",\"url\":\"http:\/\/mau.hoabinhweb.com\/mevabe1\/san-pham\/sua-blackmore-so-1-900g\/\",\"name\":\"S\u1eefa Blackmore s\u1ed1 1 900g - S\u1eefa B\u1ec9m H\u1ea3i Nam\",\"isPartOf\":{\"@id\":\"https:\/\/mau.hoabinhweb.com\/mevabe1\/#website\"},\"primaryImageOfPage\":{\"@id\":\"http:\/\/mau.hoabinhweb.com\/mevabe1\/san-pham\/sua-blackmore-so-1-900g\/#primaryimage\"},\"datePublished\":\"2022-03-22T03:05:40+00:00\",\"dateModified\":\"2022-03-22T03:05:40+00:00\",\"breadcrumb\":{\"@id\":\"http:\/\/mau.hoabinhweb.com\/mevabe1\/san-pham\/sua-blackmore-so-1-900g\/#breadcrumb\"},\"inLanguage\":\"vi\",\"potentialAction\":[{\"@type\":\"ReadAction\",\"target\":[\"http:\/\/mau.hoabinhweb.com\/mevabe1\/san-pham\/sua-blackmore-so-1-900g\/\"]}]},{\"@type\":\"BreadcrumbList\",\"@id\":\"http:\/\/mau.hoabinhweb.com\/mevabe1\/san-pham\/sua-blackmore-so-1-900g\/#breadcrumb\",\"itemListElement\":[{\"@type\":\"ListItem\",\"position\":1,\"name\":\"Trang ch\u1ee7\",\"item\":\"https:\/\/mau.hoabinhweb.com\/mevabe1\/\"},{\"@type\":\"ListItem\",\"position\":2,\"name\":\"C\u1eeda h\u00e0ng\",\"item\":\"http:\/\/mau.hoabinhweb.com\/mevabe1\/cua-hang\/\"},{\"@type\":\"ListItem\",\"position\":3,\"name\":\"S\u1eefa cho ng\u01b0\u1eddi gi\u00e0\",\"item\":\"http:\/\/mau.hoabinhweb.com\/mevabe1\/danh-muc\/sua-cho-nguoi-gia\/\"},{\"@type\":\"ListItem\",\"position\":4,\"name\":\"S\u1eefa Blackmore s\u1ed1 1 900g\"}]}]}<\/script>\n<!-- \/ Yoast SEO plugin. -->","yoast_head_json":{"title":"S\u1eefa Blackmore s\u1ed1 1 900g - S\u1eefa B\u1ec9m H\u1ea3i Nam","robots":{"index":"noindex","follow":"follow","max-snippet":"max-snippet:-1","max-image-preview":"max-image-preview:large","max-video-preview":"max-video-preview:-1"},"og_locale":"vi_VN","og_type":"article","og_title":"S\u1eefa Blackmore s\u1ed1 1 900g - S\u1eefa B\u1ec9m H\u1ea3i Nam","og_description":"H\u00e3ng s\u1ea3n xu\u1ea5t\u00a0 \u00a0 \u00a0:\u00a0\u00a0Blackmore _\u00dac  Ph\u00ed V\u1eadn Chuy\u1ec3n :\u00a0Giao h\u00e0ng t\u1eadn n\u01a1i mi\u1ec5n ph\u00ed trong n\u1ed9i th\u00e0nh H\u00e0 N\u1ed9i, \u0110\u01a1n h\u00e0ng \u0111\u1eb7t tr\u01b0\u1edbc 14h giao h\u00e0ng tr\u01b0\u1edbc 5h, \u0110\u1eb7t sau 14h giao h\u00e0ng sang ng\u00e0y h\u00f4m sau, Ch\u1ee7 nh\u1eadt Ngh\u1ec9  T\u00ecnh Tr\u1ea1ng\u00a0 \u00a0 \u00a0 \u00a0 \u00a0:\u00a0C\u00f2n h\u00e0ng","og_url":"http:\/\/mau.hoabinhweb.com\/mevabe1\/san-pham\/sua-blackmore-so-1-900g\/","og_site_name":"S\u1eefa B\u1ec9m H\u1ea3i Nam","og_image":[{"width":800,"height":800,"url":"http:\/\/mau.hoabinhweb.com\/mevabe1\/wp-content\/uploads\/2022\/03\/sanpham1.jpg","type":"image\/jpeg"}],"twitter_card":"summary_large_image","twitter_misc":{"\u01af\u1edbc t\u00ednh th\u1eddi gian \u0111\u1ecdc":"4 ph\u00fat"},"schema":{"@context":"https:\/\/schema.org","@graph":[{"@type":"WebSite","@id":"https:\/\/mau.hoabinhweb.com\/mevabe1\/#website","url":"https:\/\/mau.hoabinhweb.com\/mevabe1\/","name":"S\u1eefa B\u1ec9m H\u1ea3i Nam","description":"","potentialAction":[{"@type":"SearchAction","target":{"@type":"EntryPoint","urlTemplate":"https:\/\/mau.hoabinhweb.com\/mevabe1\/?s={search_term_string}"},"query-input":"required name=search_term_string"}],"inLanguage":"vi"},{"@type":"ImageObject","inLanguage":"vi","@id":"http:\/\/mau.hoabinhweb.com\/mevabe1\/san-pham\/sua-blackmore-so-1-900g\/#primaryimage","url":"http:\/\/mau.hoabinhweb.com\/mevabe1\/wp-content\/uploads\/2022\/03\/sanpham1.jpg","contentUrl":"http:\/\/mau.hoabinhweb.com\/mevabe1\/wp-content\/uploads\/2022\/03\/sanpham1.jpg","width":800,"height":800,"caption":"Sanpham1"},{"@type":"WebPage","@id":"http:\/\/mau.hoabinhweb.com\/mevabe1\/san-pham\/sua-blackmore-so-1-900g\/#webpage","url":"http:\/\/mau.hoabinhweb.com\/mevabe1\/san-pham\/sua-blackmore-so-1-900g\/","name":"S\u1eefa Blackmore s\u1ed1 1 900g - S\u1eefa B\u1ec9m H\u1ea3i Nam","isPartOf":{"@id":"https:\/\/mau.hoabinhweb.com\/mevabe1\/#website"},"primaryImageOfPage":{"@id":"http:\/\/mau.hoabinhweb.com\/mevabe1\/san-pham\/sua-blackmore-so-1-900g\/#primaryimage"},"datePublished":"2022-03-22T03:05:40+00:00","dateModified":"2022-03-22T03:05:40+00:00","breadcrumb":{"@id":"http:\/\/mau.hoabinhweb.com\/mevabe1\/san-pham\/sua-blackmore-so-1-900g\/#breadcrumb"},"inLanguage":"vi","potentialAction":[{"@type":"ReadAction","target":["http:\/\/mau.hoabinhweb.com\/mevabe1\/san-pham\/sua-blackmore-so-1-900g\/"]}]},{"@type":"BreadcrumbList","@id":"http:\/\/mau.hoabinhweb.com\/mevabe1\/san-pham\/sua-blackmore-so-1-900g\/#breadcrumb","itemListElement":[{"@type":"ListItem","position":1,"name":"Trang ch\u1ee7","item":"https:\/\/mau.hoabinhweb.com\/mevabe1\/"},{"@type":"ListItem","position":2,"name":"C\u1eeda h\u00e0ng","item":"http:\/\/mau.hoabinhweb.com\/mevabe1\/cua-hang\/"},{"@type":"ListItem","position":3,"name":"S\u1eefa cho ng\u01b0\u1eddi gi\u00e0","item":"http:\/\/mau.hoabinhweb.com\/mevabe1\/danh-muc\/sua-cho-nguoi-gia\/"},{"@type":"ListItem","position":4,"name":"S\u1eefa Blackmore s\u1ed1 1 900g"}]}]}},"_links":{"self":[{"href":"http:\/\/mau.hoabinhweb.com\/mevabe1\/wp-json\/wp\/v2\/product\/21","targetHints":{"allow":["GET"]}}],"collection":[{"href":"http:\/\/mau.hoabinhweb.com\/mevabe1\/wp-json\/wp\/v2\/product"}],"about":[{"href":"http:\/\/mau.hoabinhweb.com\/mevabe1\/wp-json\/wp\/v2\/types\/product"}],"replies":[{"embeddable":true,"href":"http:\/\/mau.hoabinhweb.com\/mevabe1\/wp-json\/wp\/v2\/comments?post=21"}],"wp:featuredmedia":[{"embeddable":true,"href":"http:\/\/mau.hoabinhweb.com\/mevabe1\/wp-json\/wp\/v2\/media\/22"}],"wp:attachment":[{"href":"http:\/\/mau.hoabinhweb.com\/mevabe1\/wp-json\/wp\/v2\/media?parent=21"}],"wp:term":[{"taxonomy":"product_cat","embeddable":true,"href":"http:\/\/mau.hoabinhweb.com\/mevabe1\/wp-json\/wp\/v2\/product_cat?post=21"},{"taxonomy":"product_tag","embeddable":true,"href":"http:\/\/mau.hoabinhweb.com\/mevabe1\/wp-json\/wp\/v2\/product_tag?post=21"}],"curies":[{"name":"wp","href":"https:\/\/api.w.org\/{rel}","templated":true}]}}