{"id":45,"date":"2022-03-22T10:24:32","date_gmt":"2022-03-22T03:24:32","guid":{"rendered":"https:\/\/shopsuabimhainam.vn\/?page_id=45"},"modified":"2022-03-22T10:24:32","modified_gmt":"2022-03-22T03:24:32","slug":"gioi-thieu","status":"publish","type":"page","link":"http:\/\/mau.hoabinhweb.com\/mevabe1\/gioi-thieu\/","title":{"rendered":"Gi\u1edbi thi\u1ec7u"},"content":{"rendered":"<p>Con c\u00e1i lu\u00f4n l\u00e0 ni\u1ec1m vui &amp; ni\u1ec1m h\u1ea1nh ph\u00fac v\u00f4 t\u1eadn c\u1ee7a cha m\u1eb9. B\u00e0 m\u1eb9 n\u00e0o c\u0169ng mu\u1ed1n d\u00e0nh nhi\u1ec1u th\u1eddi gian ch\u0103m s\u00f3c v\u00e0 d\u1ea1y d\u1ed7 con c\u00e1i, c\u0169ng nh\u01b0 mang \u0111\u1ebfn nh\u1eefng \u0111i\u1ec1u t\u1ed1t \u0111\u1eb9p nh\u1ea5t cho con y\u00eau c\u1ee7a m\u00ecnh.<\/p>\n<p><img loading=\"lazy\" decoding=\"async\" class=\"size-full wp-image-47 aligncenter\" src=\"http:\/\/mau.hoabinhweb.com\/mevabe1\/wp-content\/uploads\/2022\/03\/about.jpg\" alt=\"About\" width=\"500\" height=\"333\" \/><\/p>\n<p>Tuy nhi\u00ean, cu\u1ed9c s\u1ed1ng ng\u00e0y c\u00e0ng b\u1eadn b\u1ecbu khi m\u00e0 th\u1eddi gian l\u00e0m vi\u1ec7c t\u1ea1i c\u00f4ng s\u1edf lu\u00f4n lu\u00f4n l\u1ea5y \u0111i h\u1ea7u h\u1ebft th\u1eddi gian c\u1ee7a m\u1ecdi ng\u01b0\u1eddi.<\/p>\n<p>S\u1ebd c\u00f2n l\u1ea1i r\u1ea5t \u00edt th\u1eddi gian d\u00e0nh cho vi\u1ec7c \u0111i l\u1ea1i t\u00ecm ki\u1ebfm nh\u1eefng s\u1ea3n ph\u1ea9m \u01b0ng \u00fd v\u00e0 t\u1ed1t nh\u1ea5t v\u1edbi gi\u00e1 c\u1ea3 ph\u00f9 h\u1ee3p d\u00e0nh cho con c\u00e1i v\u00e0 gia \u0111\u00ecnh.<\/p>\n<p>H\u01b0\u1edbng t\u1edbi s\u1ef1 thu\u1eadn ti\u1ec7n, ti\u1ebft ki\u1ec7m th\u1eddi gian, chi ph\u00ed v\u00e0 s\u1ee9c l\u1ef1c, shopsuabimhainam.vn\u00a0\u0111\u01b0\u1ee3c m\u1edf ra gi\u00fap c\u00e1c \u00f4ng b\u1ed1, b\u00e0 m\u1eb9 s\u1ebd kh\u00f4ng ph\u1ea3i t\u1ed1n c\u00f4ng \u0111i l\u1ea1i xem x\u00e9t m\u00e0 v\u1eabn c\u00f3 \u0111\u01b0\u1ee3c nh\u1eefng th\u00f4ng tin v\u1ec1 s\u1ea3n ph\u1ea9m m\u1ed9t c\u00e1ch t\u1ed1t nh\u1ea5t tr\u01b0\u1edbc khi \u0111\u01b0a ra quy\u1ebft \u0111\u1ecbnh mua s\u1eafm \u0111\u00fang \u0111\u1eafn cho m\u00ecnh.<\/p>\n<p>Ch\u00fang t\u00f4i lu\u00f4n n\u1ed7 l\u1ef1c h\u1ebft m\u00ecnh nh\u1eb1m \u0111em l\u1ea1i l\u1ee3i \u00edch thi\u1ebft th\u1ef1c v\u1ec1: ch\u1ea5t l\u01b0\u1ee3ng \u0111\u1ea3m b\u1ea3o, gi\u00e1 c\u1ea3 h\u1ee3p l\u00fd, ph\u1ee5c v\u1ee5 t\u1eadn t\u00ecnh\u2026 t\u1edbi ng\u01b0\u1eddi ti\u00eau d\u00f9ng.<\/p>\n<p>Ph\u01b0\u01a1ng th\u1ee9c giao h\u00e0ng t\u1ea1i nh\u00e0 mi\u1ec5n ph\u00ed m\u1ecdi \u0111\u01a1n h\u00e0ng v\u00e0 h\u00ecnh th\u1ee9c thanh to\u00e1n giao h\u00e0ng \u2013 nh\u1eadn ti\u1ec1n an to\u00e0n, ti\u1ec7n l\u1ee3i cho ng\u01b0\u1eddi mua.<\/p>\n","protected":false},"excerpt":{"rendered":"<p>Con c\u00e1i lu\u00f4n l\u00e0 ni\u1ec1m vui &amp; ni\u1ec1m h\u1ea1nh ph\u00fac v\u00f4 t\u1eadn c\u1ee7a cha m\u1eb9. B\u00e0 m\u1eb9 n\u00e0o c\u0169ng mu\u1ed1n d\u00e0nh nhi\u1ec1u th\u1eddi gian ch\u0103m s\u00f3c v\u00e0 d\u1ea1y d\u1ed7 con c\u00e1i, c\u0169ng nh\u01b0 mang \u0111\u1ebfn nh\u1eefng \u0111i\u1ec1u t\u1ed1t \u0111\u1eb9p nh\u1ea5t cho con y\u00eau c\u1ee7a m\u00ecnh. Tuy nhi\u00ean, cu\u1ed9c s\u1ed1ng ng\u00e0y c\u00e0ng b\u1eadn b\u1ecbu khi m\u00e0<\/p>\n","protected":false},"author":1,"featured_media":0,"parent":0,"menu_order":0,"comment_status":"closed","ping_status":"closed","template":"","meta":{"footnotes":""},"class_list":["post-45","page","type-page","status-publish","hentry"],"yoast_head":"<!-- This site is optimized with the Yoast SEO plugin v18.9 - https:\/\/yoast.com\/wordpress\/plugins\/seo\/ -->\n<title>Gi\u1edbi thi\u1ec7u - S\u1eefa B\u1ec9m H\u1ea3i Nam<\/title>\n<meta name=\"robots\" content=\"noindex, follow, max-snippet:-1, max-image-preview:large, max-video-preview:-1\" \/>\n<meta property=\"og:locale\" content=\"vi_VN\" \/>\n<meta property=\"og:type\" content=\"article\" \/>\n<meta property=\"og:title\" content=\"Gi\u1edbi thi\u1ec7u - S\u1eefa B\u1ec9m H\u1ea3i Nam\" \/>\n<meta property=\"og:description\" content=\"Con c\u00e1i lu\u00f4n l\u00e0 ni\u1ec1m vui &amp; ni\u1ec1m h\u1ea1nh ph\u00fac v\u00f4 t\u1eadn c\u1ee7a cha m\u1eb9. B\u00e0 m\u1eb9 n\u00e0o c\u0169ng mu\u1ed1n d\u00e0nh nhi\u1ec1u th\u1eddi gian ch\u0103m s\u00f3c v\u00e0 d\u1ea1y d\u1ed7 con c\u00e1i, c\u0169ng nh\u01b0 mang \u0111\u1ebfn nh\u1eefng \u0111i\u1ec1u t\u1ed1t \u0111\u1eb9p nh\u1ea5t cho con y\u00eau c\u1ee7a m\u00ecnh. Tuy nhi\u00ean, cu\u1ed9c s\u1ed1ng ng\u00e0y c\u00e0ng b\u1eadn b\u1ecbu khi m\u00e0\" \/>\n<meta property=\"og:url\" content=\"https:\/\/mau.hoabinhweb.com\/mevabe1\/gioi-thieu\/\" \/>\n<meta property=\"og:site_name\" content=\"S\u1eefa B\u1ec9m H\u1ea3i Nam\" \/>\n<meta property=\"og:image\" content=\"http:\/\/mau.hoabinhweb.com\/mevabe1\/wp-content\/uploads\/2022\/03\/about.jpg\" \/>\n<meta name=\"twitter:card\" content=\"summary_large_image\" \/>\n<meta name=\"twitter:label1\" content=\"\u01af\u1edbc t\u00ednh th\u1eddi gian \u0111\u1ecdc\" \/>\n\t<meta name=\"twitter:data1\" content=\"2 ph\u00fat\" \/>\n<script type=\"application\/ld+json\" class=\"yoast-schema-graph\">{\"@context\":\"https:\/\/schema.org\",\"@graph\":[{\"@type\":\"WebSite\",\"@id\":\"https:\/\/mau.hoabinhweb.com\/mevabe1\/#website\",\"url\":\"https:\/\/mau.hoabinhweb.com\/mevabe1\/\",\"name\":\"S\u1eefa B\u1ec9m H\u1ea3i Nam\",\"description\":\"\",\"potentialAction\":[{\"@type\":\"SearchAction\",\"target\":{\"@type\":\"EntryPoint\",\"urlTemplate\":\"https:\/\/mau.hoabinhweb.com\/mevabe1\/?s={search_term_string}\"},\"query-input\":\"required name=search_term_string\"}],\"inLanguage\":\"vi\"},{\"@type\":\"ImageObject\",\"inLanguage\":\"vi\",\"@id\":\"https:\/\/mau.hoabinhweb.com\/mevabe1\/gioi-thieu\/#primaryimage\",\"url\":\"http:\/\/mau.hoabinhweb.com\/mevabe1\/wp-content\/uploads\/2022\/03\/about.jpg\",\"contentUrl\":\"http:\/\/mau.hoabinhweb.com\/mevabe1\/wp-content\/uploads\/2022\/03\/about.jpg\",\"width\":500,\"height\":333,\"caption\":\"About\"},{\"@type\":\"WebPage\",\"@id\":\"https:\/\/mau.hoabinhweb.com\/mevabe1\/gioi-thieu\/#webpage\",\"url\":\"https:\/\/mau.hoabinhweb.com\/mevabe1\/gioi-thieu\/\",\"name\":\"Gi\u1edbi thi\u1ec7u - S\u1eefa B\u1ec9m H\u1ea3i Nam\",\"isPartOf\":{\"@id\":\"https:\/\/mau.hoabinhweb.com\/mevabe1\/#website\"},\"primaryImageOfPage\":{\"@id\":\"https:\/\/mau.hoabinhweb.com\/mevabe1\/gioi-thieu\/#primaryimage\"},\"datePublished\":\"2022-03-22T03:24:32+00:00\",\"dateModified\":\"2022-03-22T03:24:32+00:00\",\"breadcrumb\":{\"@id\":\"https:\/\/mau.hoabinhweb.com\/mevabe1\/gioi-thieu\/#breadcrumb\"},\"inLanguage\":\"vi\",\"potentialAction\":[{\"@type\":\"ReadAction\",\"target\":[\"https:\/\/mau.hoabinhweb.com\/mevabe1\/gioi-thieu\/\"]}]},{\"@type\":\"BreadcrumbList\",\"@id\":\"https:\/\/mau.hoabinhweb.com\/mevabe1\/gioi-thieu\/#breadcrumb\",\"itemListElement\":[{\"@type\":\"ListItem\",\"position\":1,\"name\":\"Trang ch\u1ee7\",\"item\":\"https:\/\/mau.hoabinhweb.com\/mevabe1\/\"},{\"@type\":\"ListItem\",\"position\":2,\"name\":\"Gi\u1edbi thi\u1ec7u\"}]}]}<\/script>\n<!-- \/ Yoast SEO plugin. -->","yoast_head_json":{"title":"Gi\u1edbi thi\u1ec7u - S\u1eefa B\u1ec9m H\u1ea3i Nam","robots":{"index":"noindex","follow":"follow","max-snippet":"max-snippet:-1","max-image-preview":"max-image-preview:large","max-video-preview":"max-video-preview:-1"},"og_locale":"vi_VN","og_type":"article","og_title":"Gi\u1edbi thi\u1ec7u - S\u1eefa B\u1ec9m H\u1ea3i Nam","og_description":"Con c\u00e1i lu\u00f4n l\u00e0 ni\u1ec1m vui &amp; ni\u1ec1m h\u1ea1nh ph\u00fac v\u00f4 t\u1eadn c\u1ee7a cha m\u1eb9. B\u00e0 m\u1eb9 n\u00e0o c\u0169ng mu\u1ed1n d\u00e0nh nhi\u1ec1u th\u1eddi gian ch\u0103m s\u00f3c v\u00e0 d\u1ea1y d\u1ed7 con c\u00e1i, c\u0169ng nh\u01b0 mang \u0111\u1ebfn nh\u1eefng \u0111i\u1ec1u t\u1ed1t \u0111\u1eb9p nh\u1ea5t cho con y\u00eau c\u1ee7a m\u00ecnh. Tuy nhi\u00ean, cu\u1ed9c s\u1ed1ng ng\u00e0y c\u00e0ng b\u1eadn b\u1ecbu khi m\u00e0","og_url":"https:\/\/mau.hoabinhweb.com\/mevabe1\/gioi-thieu\/","og_site_name":"S\u1eefa B\u1ec9m H\u1ea3i Nam","og_image":[{"url":"http:\/\/mau.hoabinhweb.com\/mevabe1\/wp-content\/uploads\/2022\/03\/about.jpg"}],"twitter_card":"summary_large_image","twitter_misc":{"\u01af\u1edbc t\u00ednh th\u1eddi gian \u0111\u1ecdc":"2 ph\u00fat"},"schema":{"@context":"https:\/\/schema.org","@graph":[{"@type":"WebSite","@id":"https:\/\/mau.hoabinhweb.com\/mevabe1\/#website","url":"https:\/\/mau.hoabinhweb.com\/mevabe1\/","name":"S\u1eefa B\u1ec9m H\u1ea3i Nam","description":"","potentialAction":[{"@type":"SearchAction","target":{"@type":"EntryPoint","urlTemplate":"https:\/\/mau.hoabinhweb.com\/mevabe1\/?s={search_term_string}"},"query-input":"required name=search_term_string"}],"inLanguage":"vi"},{"@type":"ImageObject","inLanguage":"vi","@id":"https:\/\/mau.hoabinhweb.com\/mevabe1\/gioi-thieu\/#primaryimage","url":"http:\/\/mau.hoabinhweb.com\/mevabe1\/wp-content\/uploads\/2022\/03\/about.jpg","contentUrl":"http:\/\/mau.hoabinhweb.com\/mevabe1\/wp-content\/uploads\/2022\/03\/about.jpg","width":500,"height":333,"caption":"About"},{"@type":"WebPage","@id":"https:\/\/mau.hoabinhweb.com\/mevabe1\/gioi-thieu\/#webpage","url":"https:\/\/mau.hoabinhweb.com\/mevabe1\/gioi-thieu\/","name":"Gi\u1edbi thi\u1ec7u - S\u1eefa B\u1ec9m H\u1ea3i Nam","isPartOf":{"@id":"https:\/\/mau.hoabinhweb.com\/mevabe1\/#website"},"primaryImageOfPage":{"@id":"https:\/\/mau.hoabinhweb.com\/mevabe1\/gioi-thieu\/#primaryimage"},"datePublished":"2022-03-22T03:24:32+00:00","dateModified":"2022-03-22T03:24:32+00:00","breadcrumb":{"@id":"https:\/\/mau.hoabinhweb.com\/mevabe1\/gioi-thieu\/#breadcrumb"},"inLanguage":"vi","potentialAction":[{"@type":"ReadAction","target":["https:\/\/mau.hoabinhweb.com\/mevabe1\/gioi-thieu\/"]}]},{"@type":"BreadcrumbList","@id":"https:\/\/mau.hoabinhweb.com\/mevabe1\/gioi-thieu\/#breadcrumb","itemListElement":[{"@type":"ListItem","position":1,"name":"Trang ch\u1ee7","item":"https:\/\/mau.hoabinhweb.com\/mevabe1\/"},{"@type":"ListItem","position":2,"name":"Gi\u1edbi thi\u1ec7u"}]}]}},"_links":{"self":[{"href":"http:\/\/mau.hoabinhweb.com\/mevabe1\/wp-json\/wp\/v2\/pages\/45","targetHints":{"allow":["GET"]}}],"collection":[{"href":"http:\/\/mau.hoabinhweb.com\/mevabe1\/wp-json\/wp\/v2\/pages"}],"about":[{"href":"http:\/\/mau.hoabinhweb.com\/mevabe1\/wp-json\/wp\/v2\/types\/page"}],"author":[{"embeddable":true,"href":"http:\/\/mau.hoabinhweb.com\/mevabe1\/wp-json\/wp\/v2\/users\/1"}],"replies":[{"embeddable":true,"href":"http:\/\/mau.hoabinhweb.com\/mevabe1\/wp-json\/wp\/v2\/comments?post=45"}],"version-history":[{"count":0,"href":"http:\/\/mau.hoabinhweb.com\/mevabe1\/wp-json\/wp\/v2\/pages\/45\/revisions"}],"wp:attachment":[{"href":"http:\/\/mau.hoabinhweb.com\/mevabe1\/wp-json\/wp\/v2\/media?parent=45"}],"curies":[{"name":"wp","href":"https:\/\/api.w.org\/{rel}","templated":true}]}}