{"id":87,"date":"2022-03-24T14:27:53","date_gmt":"2022-03-24T07:27:53","guid":{"rendered":"https:\/\/webcam24h.net\/?post_type=product&#038;p=87"},"modified":"2022-05-18T07:05:02","modified_gmt":"2022-05-18T07:05:02","slug":"laptop-acer-nitro-5-gaming-an515-57-5831-i5-11400h-8gb-512gb-6gb-rtx3060-144hz-win10-nh-qdgsv-003","status":"publish","type":"product","link":"http:\/\/mau.hoabinhweb.com\/maytinh1\/san-pham\/laptop-acer-nitro-5-gaming-an515-57-5831-i5-11400h-8gb-512gb-6gb-rtx3060-144hz-win10-nh-qdgsv-003\/","title":{"rendered":"Laptop Acer Nitro 5 Gaming AN515 57 5831 i5 11400H\/8GB\/512GB\/6GB RTX3060\/144Hz\/Win10 (NH.QDGSV.003)"},"content":{"rendered":"<p>Laptop Acer Nitro 5 Gaming AN515 57 5831 i5 (NH.QDGSV.003) l\u00e0 th\u1ebf h\u1ec7\u00a0laptop gaming\u00a0m\u1edbi c\u1ee7a nh\u00e0 Acer c\u00f3 nhi\u1ec1u thay \u0111\u1ed5i trong thi\u1ebft k\u1ebf. Hi\u1ec7u n\u0103ng v\u1eabn gi\u1eef v\u1eefng phong \u0111\u1ed9, t\u1ef1 tin mang \u0111\u1ebfn cho game th\u1ee7 tr\u1ea3i nghi\u1ec7m ch\u01a1i game c\u1ef1c \u0111\u00e3.<\/p>\n<h3>Thi\u1ebft k\u1ebf m\u1ea1nh m\u1ebd chu\u1ea9n gaming<\/h3>\n<p>Chi\u1ebfc\u00a0laptop\u00a0n\u00e0y mang \u0111\u1ebfn c\u1ea3m gi\u00e1c c\u1ef1c h\u1ea7m h\u1ed1 th\u1ec3 hi\u1ec7n s\u1ef1 m\u1ea1nh m\u1ebd tr\u00ean t\u1eebng \u0111\u01b0\u1eddng n\u00e9t v\u1edbi gam m\u00e0u \u0111en tuy\u1ec1n, c\u00e1c g\u00f3c c\u1ea1nh c\u1ee9ng c\u00e1p. V\u1ecf m\u00e1y \u0111\u01b0\u1ee3c l\u00e0m t\u1eeb nh\u1ef1a cao c\u1ea5p \u0111em \u0111\u1ebfn kh\u1ea3 n\u0103ng ch\u1ecbu l\u1ef1c t\u1ed1t, m\u00e1y c\u00f3 \u0111\u1ed9 d\u00e0y kho\u1ea3ng<strong>\u00a023.9 mm<\/strong>\u00a0v\u00e0 tr\u1ecdng l\u01b0\u1ee3ng<strong>\u00a02.2 kg<\/strong>, kh\u00f4ng qu\u00e1 n\u1eb7ng khi cho v\u00e0o balo \u0111\u1ec3 di chuy\u1ec3n \u0111\u1ed1i v\u1edbi m\u1ed9t chi\u1ebfc m\u00e1y t\u00ednh gaming 15.6 inch. M\u1eb7t l\u01b0ng c\u1ee7a phi\u00ean b\u1ea3n m\u1edbi n\u00e0y \u0111\u01b0\u1ee3c t\u00f4 \u0111i\u1ec3m th\u00eam b\u1eb1ng nh\u1eefng \u0111\u01b0\u1eddng c\u1eaft g\u00f3c c\u1ea1nh t\u1ef1a nh\u01b0 nh\u1eefng tia s\u00e9t tr\u00ean n\u1ec1n \u0111en nh\u00e1m, t\u1ea1o c\u1ea3m gi\u00e1c kh\u00ed th\u1ebf m\u1ed7i khi m\u1edf n\u1eafp m\u00e1y.<\/p>\n<p><img decoding=\"async\" class=\" ls-is-cached lazyloaded\" title=\"Acer Nitro 5 Gaming AN515 57 5831 i5 11400H (NH.QDGSV.003) - Thi\u1ebft k\u1ebf\" src=\"https:\/\/cdn.tgdd.vn\/Products\/Images\/44\/247312\/acer-nitro-5-gaming-an515-57-50ft-i5-nhqd8sv003-2.jpg\" alt=\"Acer Nitro 5 Gaming AN515 57 5831 i5 11400H (NH.QDGSV.003) - Thi\u1ebft k\u1ebf\" data-src=\"https:\/\/cdn.tgdd.vn\/Products\/Images\/44\/247312\/acer-nitro-5-gaming-an515-57-50ft-i5-nhqd8sv003-2.jpg\" \/><\/p>\n<p>Trang b\u1ecb b\u00e0n ph\u00edm\u00a0<strong>Fullsize\u00a0<\/strong>cho c\u00e1c n\u00fat b\u1ea5m r\u1ed9ng r\u00e3i v\u00e0 c\u00f3 \u0111\u1ed9 nh\u1ea1y cao mang \u0111\u1ebfn nh\u1eefng thao t\u00e1c nh\u1eb9 nh\u00e0ng, ch\u00ednh x\u00e1c khi g\u00f5. B\u00ean d\u01b0\u1edbi b\u00e0n ph\u00edm c\u00f2n t\u00edch h\u1ee3p th\u00eam h\u1ec7 th\u1ed1ng\u00a0\u0111\u00e8n n\u1ec1n chuy\u1ec3n m\u00e0u<strong>\u00a0<\/strong>RGB\u00a0t\u1ea1o n\u00ean n\u00e9t c\u00e1 t\u00ednh c\u1ee7a ng\u01b0\u1eddi s\u1eed d\u1ee5ng, cho b\u1ea7u kh\u00f4ng kh\u00ed khi ch\u01a1i game ph\u1ea5n kh\u00edch h\u01a1n. Kh\u00f4ng d\u1eebng l\u1ea1i \u1edf \u0111\u00f3 c\u00e1c game th\u1ee7 c\u00f2n c\u00f3 th\u1ec3 t\u00f9y ch\u1ec9nh m\u00e0u s\u1eafc v\u00e0 hi\u1ec7u \u1ee9ng \u0111\u1ed5i m\u00e0u c\u1ee7a \u0111\u00e8n n\u1ec1n m\u1ed9t r\u1ea5t d\u1ec5 d\u00e0ng v\u00e0 nhanh ch\u00f3ng tr\u00ean ph\u1ea7n m\u1ec1m\u00a0Nitro Sense.<\/p>\n<p><img decoding=\"async\" class=\" ls-is-cached lazyloaded\" title=\"Acer Nitro 5 Gaming AN515 57 5831 i5 11400H (NH.QDGSV.003) - B\u00e0n ph\u00edm\" src=\"https:\/\/cdn.tgdd.vn\/Products\/Images\/44\/247312\/acer-nitro-5-gaming-an515-57-50ft-i5-nhqd8sv003-7.jpg\" alt=\"Acer Nitro 5 Gaming AN515 57 5831 i5 11400H (NH.QDGSV.003) - B\u00e0n ph\u00edm\" data-src=\"https:\/\/cdn.tgdd.vn\/Products\/Images\/44\/247312\/acer-nitro-5-gaming-an515-57-50ft-i5-nhqd8sv003-7.jpg\" \/><\/p>\n<p>\u0110\u1ea3m b\u1ea3o hi\u1ec7u n\u0103ng c\u1ee7a m\u00e1y khi s\u1eed d\u1ee5ng trong th\u1eddi gian d\u00e0i nh\u1edd h\u1ec7 th\u1ed1ng t\u1ea3n nhi\u1ec7t v\u1edbi\u00a0<strong>4 c\u1ed5ng tho\u00e1t kh\u00ed\u00a0<\/strong>\u0111\u01b0\u1ee3c b\u1ed1 tr\u00ed xung quanh m\u00e1y v\u00e0 c\u00f4ng ngh\u1ec7\u00a0<strong>Acer CoolBoost\u00a0<\/strong>hi\u1ec7n \u0111\u1ea1i. Vi\u1ec7c theo d\u00f5i v\u00e0 qu\u1ea3n l\u00fd h\u1ec7 th\u1ed1ng t\u1ea3n nhi\u1ec7t c\u1ee7a b\u1ea1n c\u0169ng r\u1ea5t d\u1ec5 th\u1ef1c hi\u1ec7n v\u1edbi Nitro Sense.<\/p>\n<p><img decoding=\"async\" class=\" ls-is-cached lazyloaded\" title=\"Acer Nitro 5 Gaming AN515 57 5831 i5 11400H (NH.QDGSV.003) - T\u1ea3n nhi\u1ec7t\" src=\"https:\/\/cdn.tgdd.vn\/Products\/Images\/44\/247312\/acer-nitro-5-gaming-an515-57-50ft-i5-nhqd8sv003-8.jpg\" alt=\"Acer Nitro 5 Gaming AN515 57 5831 i5 11400H (NH.QDGSV.003) - T\u1ea3n nhi\u1ec7t\" data-src=\"https:\/\/cdn.tgdd.vn\/Products\/Images\/44\/247312\/acer-nitro-5-gaming-an515-57-50ft-i5-nhqd8sv003-8.jpg\" \/><\/p>\n<p>Laptop Acer\u00a0n\u00e0y c\u00f2n h\u1ed7 tr\u1ee3 \u0111\u1ea7y \u0111\u1ee7 c\u00e1c c\u1ed5ng k\u1ebft n\u1ed1i nh\u01b0: USB 3.2, HDMI, LAN (RJ45) v\u00e0 Type-C gi\u00fap b\u1ea1n s\u1ea1c thi\u1ebft b\u1ecb nhanh ch\u00f3ng, k\u1ebft n\u1ed1i d\u1ec5 d\u00e0ng v\u1edbi c\u00e1c thi\u1ebft b\u1ecb ngo\u1ea1i vi, truy\u1ec1n d\u1eef li\u1ec7u nhanh ch\u00f3ng. Chu\u1ea9n k\u1ebft n\u1ed1i kh\u00f4ng d\u00e2y Wi-Fi 6 (802.11ax) v\u00e0 Bluetooth 5.1 cho \u0111\u01b0\u1eddng truy\u1ec1n lu\u00f4n \u1ed5n \u0111\u1ecbnh, kh\u00f4ng b\u1ecb ch\u1eadp ch\u1eddn hay m\u1ea5t k\u1ebft n\u1ed1i khi s\u1eed d\u1ee5ng.<\/p>\n<p><img decoding=\"async\" class=\" lazyloaded\" title=\"Acer Nitro 5 Gaming AN515 57 5831 i5 11400H (NH.QDGSV.003) - C\u1ed5ng k\u1ebft n\u1ed1i\" src=\"https:\/\/cdn.tgdd.vn\/Products\/Images\/44\/247312\/acer-nitro-5-gaming-an515-57-50ft-i5-nhqd8sv003-12.jpg\" alt=\"Acer Nitro 5 Gaming AN515 57 5831 i5 11400H (NH.QDGSV.003) - C\u1ed5ng k\u1ebft n\u1ed1i\" data-src=\"https:\/\/cdn.tgdd.vn\/Products\/Images\/44\/247312\/acer-nitro-5-gaming-an515-57-50ft-i5-nhqd8sv003-12.jpg\" \/><\/p>\n<h3>Hi\u1ec7u n\u0103ng v\u01b0\u1ee3t tr\u1ed9i ch\u01a1i game hay l\u00e0m vi\u1ec7c \u0111\u1ec1u m\u01b0\u1ee3t m\u00e0<\/h3>\n<p>V\u1edbi s\u1ee9c m\u1ea1nh \u0111\u1ebfn t\u1eeb\u00a0CPU th\u1ebf h\u1ec7 11\u00a0Intel Core i5<strong>\u00a011400H<\/strong>\u00a0mang \u0111\u1ebfn hi\u1ec7u su\u1ea5t v\u01b0\u1ee3t tr\u1ed9i, n\u00e2ng cao hi\u1ec7u su\u1ea5t x\u1eed l\u00fd t\u00e1c v\u1ee5 v\u0103n ph\u00f2ng l\u00ean \u0111\u1ebfn h\u01a1n<strong>\u00a020%<\/strong>, ch\u01a1i game \u1ed5n \u0111\u1ecbnh h\u01a1n, x\u1eed l\u00fd tr\u01a1n tru c\u00e1c t\u1ef1a game th\u1ecbnh h\u00e0nh nh\u01b0 GTA V, FIFA 20, Fortnite, Dota 2, Apex Legends,&#8230; v\u1edbi m\u1ee9c xung nh\u1ecbp t\u1ed1i \u0111a l\u00e0<strong>\u00a04.5 GHz<\/strong>\u00a0nh\u1edd t\u00edch h\u1ee3p th\u00eam c\u00f4ng ngh\u1ec7 Turbo Boost tr\u00ean c\u1ea5u tr\u00fac<strong>\u00a06 nh\u00e2n 12 lu\u1ed3ng<\/strong>.<\/p>\n<p>V\u1edbi<strong>\u00a0<\/strong>RAM 8 GB<strong>\u00a0<\/strong>lo\u1ea1i<strong>\u00a0DDR4 2 khe (1 khe 8 GB + 1 khe r\u1eddi)<\/strong>\u00a0cho kh\u1ea3 n\u0103ng \u0111a nhi\u1ec7m \u1ed5n \u0111\u1ecbnh, b\u1ea1n c\u00f3 th\u1ec3 m\u1edf nhi\u1ec1u \u1ee9ng d\u1ee5ng c\u00f9ng l\u00fac khi l\u00e0m vi\u1ec7c \u0111\u1ec3 n\u00e2ng cao hi\u1ec7u su\u1ea5t. Hay trong game b\u1ea1n c\u00f3 th\u1ec3 th\u1ef1c hi\u1ec7n thay \u0111\u1ed5i trang tr\u01a1n tru hay chuy\u1ec3n b\u1ea3n \u0111\u1ed3 c\u0169ng di\u1ec5n ra m\u01b0\u1ee3t m\u00e0 kh\u00f4ng h\u1ec1 c\u00f3 t\u00ecnh tr\u1ea1ng lag nh\u01b0 tr\u01b0\u1edbc \u0111\u00e2y. \u0110\u1ed3ng th\u1eddi, m\u00e1y c\u00f2n h\u1ed7 tr\u1ee3 b\u1ea1n n\u00e2ng c\u1ea5p RAM l\u00ean t\u1ed1i \u0111a\u00a0<strong>32 GB<\/strong>\u00a0th\u1ecfa th\u00edch s\u1eed d\u1ee5ng m\u00e1y theo c\u00e1ch m\u00ecnh mu\u1ed1n m\u00e0 kh\u00f4ng b\u1ecb gi\u1edbi h\u1ea1n.<\/p>\n<p><img decoding=\"async\" class=\" lazyloaded\" title=\"Acer Nitro 5 Gaming AN515 57 5831 i5 11400H (NH.QDGSV.003) - C\u1ea5u h\u00ecnh\" src=\"https:\/\/cdn.tgdd.vn\/Products\/Images\/44\/247312\/acer-nitro-5-gaming-an515-57-50ft-i5-nhqd8sv003-4.jpg\" alt=\"Acer Nitro 5 Gaming AN515 57 5831 i5 11400H (NH.QDGSV.003) - C\u1ea5u h\u00ecnh\" data-src=\"https:\/\/cdn.tgdd.vn\/Products\/Images\/44\/247312\/acer-nitro-5-gaming-an515-57-50ft-i5-nhqd8sv003-4.jpg\" \/><\/p>\n<p>Card \u0111\u1ed3 h\u1ecda r\u1eddi\u00a0<strong>NVIDIA\u00a0GeForce RTX\u00a03060 6 GB<\/strong>\u00a0ch\u1ea1y m\u01b0\u1ee3t m\u1ecdi \u1ee9ng d\u1ee5ng \u0111\u1ed3 h\u1ecda nh\u01b0: Photoshop, AI, Premiere, Indesign,&#8230; Kh\u1ea3 n\u0103ng t\u1ed1i \u01b0u \u0111\u1ed9 tr\u1ec5 c\u1ee7a h\u1ec7 th\u1ed1ng tuy\u1ec7t v\u1eddi gi\u00fap n\u00e2ng cao kh\u1ea3 n\u0103ng chi\u1ebfn th\u1eafng khi ch\u01a1i t\u1ef1a game \u0111\u1ed1i kh\u00e1ng, c\u1ea1nh tranh c\u1ea7n t\u1ed1c \u0111\u1ed9 ph\u1ea3n \u1ee9ng nhanh.<\/p>\n<p><img decoding=\"async\" class=\" lazyloaded\" title=\"Acer Nitro 5 Gaming AN515 57 5831 i5 11400H (NH.QDGSV.003) - Card \u0111\u1ed3 ho\u1ea1\" src=\"https:\/\/cdn.tgdd.vn\/Products\/Images\/44\/247312\/acer-nitro-5-gaming-an515-57-50ft-i5-nhqd8sv003-6.jpg\" alt=\"Acer Nitro 5 Gaming AN515 57 5831 i5 11400H (NH.QDGSV.003) - Card \u0111\u1ed3 ho\u1ea1\" data-src=\"https:\/\/cdn.tgdd.vn\/Products\/Images\/44\/247312\/acer-nitro-5-gaming-an515-57-50ft-i5-nhqd8sv003-6.jpg\" \/><\/p>\n<p>\u1ed4 c\u1ee9ng\u00a0<strong>SSD 512 GB\u00a0NVMe PCIe<\/strong>\u00a0cho t\u1ed1c \u0111\u1ed9 x\u1eed l\u00fd nhanh ch\u00f3ng, \u1ed5n \u0111\u1ecbnh trong su\u1ed1t qu\u00e1 tr\u00ecnh s\u1eed d\u1ee5ng. Thanh \u1ed5 c\u1ee9ng n\u00e0y c\u00f3 th\u1ec3 th\u00e1o r\u1eddi trong tr\u01b0\u1eddng h\u1ee3p c\u1ea7n n\u00e2ng c\u1ea5p SSD b\u1ea1n c\u00f3 th\u1ec3 th\u00e1o thanh n\u00e0y ra v\u00e0 l\u1eafp thanh kh\u00e1c v\u00e0o v\u1edbi dung l\u01b0\u1ee3ng t\u1ed1i \u0111a l\u00e0\u00a0<strong>1 TB<\/strong>. Ngo\u00e0i ra, laptop c\u00f2n trang b\u1ecb th\u00eam\u00a0<strong>1 khe c\u1eafm<\/strong>\u00a0<strong>SSD M.2 PCIe\u00a0<\/strong>m\u1edf r\u1ed9ng t\u1ed1i \u0111a<strong>\u00a01 TB<\/strong>\u00a0v\u00e0\u00a0<strong>1 khe c\u1eafm HDD SATA\u00a0<\/strong>t\u1ed1i \u0111a<strong>\u00a02 TB\u00a0<\/strong>h\u1ed7 tr\u1ee3 t\u1ed1t nh\u1ea5t cho b\u1ea1n.<\/p>\n<p><img decoding=\"async\" class=\" lazyloaded\" title=\"Acer Nitro 5 Gaming AN515 57 5831 i5 11400H (NH.QDGSV.003) - SSD\" src=\"https:\/\/cdn.tgdd.vn\/Products\/Images\/44\/247312\/acer-nitro-5-gaming-an515-57-50ft-i5-nhqd8sv003-5.jpg\" alt=\"Acer Nitro 5 Gaming AN515 57 5831 i5 11400H (NH.QDGSV.003) - SSD\" data-src=\"https:\/\/cdn.tgdd.vn\/Products\/Images\/44\/247312\/acer-nitro-5-gaming-an515-57-50ft-i5-nhqd8sv003-5.jpg\" \/><\/p>\n<h3>Khung h\u00ecnh r\u1ed9ng l\u1edbn, h\u00ecnh \u1ea3nh s\u1eafc n\u00e9t<\/h3>\n<p>Acer Nitro\u00a0s\u1edf h\u1eefu\u00a0m\u00e0n h\u00ecnh 15.6 inch<strong>\u00a0<\/strong>v\u1edbi \u0111\u1ed9 ph\u00e2n gi\u1ea3i<strong>\u00a0Full HD (1920 x 1080)\u00a0<\/strong>cho h\u00ecnh \u1ea3nh hi\u1ec3n th\u1ecb r\u00f5 n\u00e9t, k\u1ebft h\u1ee3p c\u00f9ng t\u1ea5m n\u1ec1n\u00a0<strong>IPS<\/strong>\u00a0cho g\u00f3c nh\u00ecn \u0111\u1ebfn\u00a0<strong>178 \u0111\u1ed9<\/strong>, m\u1edf r\u1ed9ng khung h\u00ecnh th\u00eam ph\u1ea7n \u0111\u00e3 m\u1eaft khi ch\u01a1i game hay xem phim.<\/p>\n<p>Acer ComfyView\u00a0v\u00e0\u00a0<strong>LED Backlit<\/strong>\u00a0cho m\u00e0u s\u1eafc r\u1ef1c r\u1ee1, ch\u1ed1ng ch\u00f3i s\u00e1ng gi\u00fap m\u00e0n h\u00ecnh kh\u00f4ng b\u1ecb b\u00f3ng, l\u00f3e s\u00e1ng khi d\u00f9ng \u1edf n\u01a1i c\u00f3 \u0111\u1ed9 s\u00e1ng cao nh\u1edd v\u1eady b\u1ea1n c\u00f3 th\u1ec3 th\u1ef1c s\u1ef1 t\u1eadp trung v\u00e0o tr\u1eadn \u0111\u1ea5u.<\/p>\n<p><img decoding=\"async\" class=\" lazyloaded\" title=\"Acer Nitro 5 Gaming AN515 57 5831 i5 11400H (NH.QDGSV.003) - M\u00e0n h\u00ecnh\" src=\"https:\/\/cdn.tgdd.vn\/Products\/Images\/44\/247312\/acer-nitro-5-gaming-an515-57-50ft-i5-nhqd8sv003-9.jpg\" alt=\"Acer Nitro 5 Gaming AN515 57 5831 i5 11400H (NH.QDGSV.003) - M\u00e0n h\u00ecnh\" data-src=\"https:\/\/cdn.tgdd.vn\/Products\/Images\/44\/247312\/acer-nitro-5-gaming-an515-57-50ft-i5-nhqd8sv003-9.jpg\" \/><\/p>\n<p>T\u1ea7n s\u1ed1 qu\u00e9t<strong>\u00a0m\u00e0n h\u00ecnh 144 Hz\u00a0<\/strong>t\u1ed1i \u01b0u \u0111\u1ed9 tr\u1ec5 \u0111\u1ea7u v\u00e0o, lo\u1ea1i b\u1ecf v\u1ec7t m\u1edd khi nh\u00e2n v\u1eadt di chuy\u1ec3n nhanh gi\u00fap b\u1ea1n n\u1eafm b\u1eaft nhanh ch\u00f3ng m\u1ecdi thay \u0111\u1ed5i c\u1ee7a khung h\u00ecnh khi chi\u1ebfn game t\u1eeb \u0111\u00f3 c\u00f3 nh\u1eefng ph\u01b0\u01a1ng h\u01b0\u1edbng x\u1eed l\u00fd hi\u1ec7u qu\u1ea3 nh\u1ea5t n\u00e2ng cao kh\u1ea3 n\u0103ng chi\u1ebfn th\u1eafng.<\/p>\n<p><img decoding=\"async\" class=\" lazyloaded\" title=\"Acer Nitro 5 Gaming AN515 57 5831 i5 11400H (NH.QDGSV.003) - T\u1ea7n s\u1ed1 qu\u00e9t\" src=\"https:\/\/cdn.tgdd.vn\/Products\/Images\/44\/247312\/acer-nitro-5-gaming-an515-57-50ft-i5-nhqd8sv003-10.jpg\" alt=\"Acer Nitro 5 Gaming AN515 57 5831 i5 11400H (NH.QDGSV.003) - T\u1ea7n s\u1ed1 qu\u00e9t\" data-src=\"https:\/\/cdn.tgdd.vn\/Products\/Images\/44\/247312\/acer-nitro-5-gaming-an515-57-50ft-i5-nhqd8sv003-10.jpg\" \/><\/p>\n<p>C\u00f4ng ngh\u1ec7 \u00e2m thanh \u0111\u1ed9c quy\u1ec1n\u00a0Acer TrueHarmony\u00a0t\u1eeb th\u01b0\u01a1ng hi\u1ec7u Acer v\u00e0 c\u00f4ng ngh\u1ec7 gi\u1ea3 l\u1eadp \u00e2m thanh v\u00f2m\u00a0DTS X:Ultra Audio\u00a0cho kh\u1ea3 n\u0103ng x\u1eed l\u00fd \u00e2m s\u1eafc \u1ed5n \u0111\u1ecbnh, to r\u00f5 t\u00e1i hi\u1ec7n \u00e2m thanh s\u1ed1ng \u0111\u1ed9ng, t\u0103ng tr\u1ea3i nghi\u1ec7m th\u1eadt c\u1ee7a b\u1ea1n khi ch\u01a1i game.<\/p>\n<p><img decoding=\"async\" class=\" lazyloaded\" title=\"Acer Nitro 5 Gaming AN515 57 5831 i5 11400H (NH.QDGSV.003) - \u00c2m thanh\" src=\"https:\/\/cdn.tgdd.vn\/Products\/Images\/44\/247312\/acer-nitro-5-gaming-an515-57-50ft-i5-nhqd8sv003-11.jpg\" alt=\"Acer Nitro 5 Gaming AN515 57 5831 i5 11400H (NH.QDGSV.003) - \u00c2m thanh\" data-src=\"https:\/\/cdn.tgdd.vn\/Products\/Images\/44\/247312\/acer-nitro-5-gaming-an515-57-50ft-i5-nhqd8sv003-11.jpg\" \/><\/p>\n<p>Acer Nitro 5 Gaming AN515 57 5831 i5 (NH.QDGSV.003)\u00a0mang trong m\u00ecnh hi\u1ec7u n\u0103ng m\u1ea1nh m\u1ebd, c\u00f4ng ngh\u1ec7 hi\u1ec7n \u0111\u1ea1i s\u1ebd ph\u00f9 h\u1ee3p v\u1edbi nh\u1eefng ai c\u00f3 nhu c\u1ea7u ch\u01a1i game nh\u01b0ng v\u1eabn c\u1ea7n c\u00f3 t\u00ednh linh ho\u1ea1t cao.<\/p>\n","protected":false},"excerpt":{"rendered":"<ul>\n<li>Giao h\u00e0ng tr\u00ean to\u00e0n qu\u1ed1c<\/li>\n<li>B\u1ea3o h\u00e0nh ch\u00ednh h\u00e3ng<\/li>\n<li>Cam k\u1ebft ch\u1ea5t l\u01b0\u1ee3ng<\/li>\n<li>Hotline t\u01b0 v\u1ea5n: 035 609 3690<\/li>\n<\/ul>\n","protected":false},"featured_media":304,"comment_status":"closed","ping_status":"closed","template":"","meta":[],"product_cat":[17,18,20,21,22,19,25,34,35,28,26,39,40,41,42,29,37,43,32,36,38,44,33,27,30,31,49,50,24,51,52,53,54,55,23],"product_tag":[],"class_list":["post-87","product","type-product","status-publish","has-post-thumbnail","hentry","product_cat-san-pham-ban-chay","product_cat-laptop-chinh-hang","product_cat-may-tinh-choi-game","product_cat-may-tinh-workstation","product_cat-man-hinh-may-tinh","product_cat-linh-kien-may-tinh","product_cat-cpu-bo-vi-xu-ly","product_cat-cpu-intel","product_cat-cpu-amd","product_cat-ram-bo-nho-trong","product_cat-ram-adata","product_cat-ram-corsair","product_cat-ram-kingston","product_cat-ram-kingmax","product_cat-ram-gskill","product_cat-mainboard","product_cat-mainboard-amd","product_cat-mainboard-intel","product_cat-psu-nguon-may-tinh","product_cat-nguon-corsair","product_cat-nguon-acbel","product_cat-nguon-seasonic","product_cat-nguon-thermaltake","product_cat-case-vo-may-tinh","product_cat-hdd-ssd-usb","product_cat-do-choi-may-tinh","product_cat-odd-o-dia-quang","product_cat-gia-treo-man-hinh","product_cat-vga-card-man-hinh","product_cat-phim-chuot-gaming-gear","product_cat-camera-dau-ghi-hinh","product_cat-ban-ghe-gaming","product_cat-lap-dat-phong-game","product_cat-thiet-bi-mang","product_cat-thiet-bi-van-phong"],"yoast_head":"<!-- This site is optimized with the Yoast SEO plugin v18.9 - https:\/\/yoast.com\/wordpress\/plugins\/seo\/ -->\n<title>Laptop Acer Nitro 5 Gaming AN515 57 5831 i5 11400H\/8GB\/512GB\/6GB RTX3060\/144Hz\/Win10 (NH.QDGSV.003) - Ho\u00e0 B\u00ecnh Web<\/title>\n<meta name=\"robots\" content=\"noindex, follow, max-snippet:-1, max-image-preview:large, max-video-preview:-1\" \/>\n<meta property=\"og:locale\" content=\"vi_VN\" \/>\n<meta property=\"og:type\" content=\"article\" \/>\n<meta property=\"og:title\" content=\"Laptop Acer Nitro 5 Gaming AN515 57 5831 i5 11400H\/8GB\/512GB\/6GB RTX3060\/144Hz\/Win10 (NH.QDGSV.003) - Ho\u00e0 B\u00ecnh Web\" \/>\n<meta property=\"og:description\" content=\"Giao h\u00e0ng tr\u00ean to\u00e0n qu\u1ed1c  B\u1ea3o h\u00e0nh ch\u00ednh h\u00e3ng  Cam k\u1ebft ch\u1ea5t l\u01b0\u1ee3ng  Hotline t\u01b0 v\u1ea5n: 035 609 3690\" \/>\n<meta property=\"og:url\" content=\"http:\/\/mau.hoabinhweb.com\/maytinh1\/san-pham\/laptop-acer-nitro-5-gaming-an515-57-5831-i5-11400h-8gb-512gb-6gb-rtx3060-144hz-win10-nh-qdgsv-003\/\" \/>\n<meta property=\"og:site_name\" content=\"Ho\u00e0 B\u00ecnh Web\" \/>\n<meta property=\"article:modified_time\" content=\"2022-05-18T07:05:02+00:00\" \/>\n<meta property=\"og:image\" content=\"http:\/\/mau.hoabinhweb.com\/maytinh1\/wp-content\/uploads\/2022\/03\/sanpham-maytinh1.jpg\" \/>\n\t<meta property=\"og:image:width\" content=\"656\" \/>\n\t<meta property=\"og:image:height\" content=\"656\" \/>\n\t<meta property=\"og:image:type\" content=\"image\/jpeg\" \/>\n<meta name=\"twitter:card\" content=\"summary_large_image\" \/>\n<meta name=\"twitter:label1\" content=\"\u01af\u1edbc t\u00ednh th\u1eddi gian \u0111\u1ecdc\" \/>\n\t<meta name=\"twitter:data1\" content=\"8 ph\u00fat\" \/>\n<script type=\"application\/ld+json\" class=\"yoast-schema-graph\">{\"@context\":\"https:\/\/schema.org\",\"@graph\":[{\"@type\":\"WebSite\",\"@id\":\"https:\/\/mau.hoabinhweb.com\/maytinh1\/#website\",\"url\":\"https:\/\/mau.hoabinhweb.com\/maytinh1\/\",\"name\":\"Ho\u00e0 B\u00ecnh Web\",\"description\":\"\",\"potentialAction\":[{\"@type\":\"SearchAction\",\"target\":{\"@type\":\"EntryPoint\",\"urlTemplate\":\"https:\/\/mau.hoabinhweb.com\/maytinh1\/?s={search_term_string}\"},\"query-input\":\"required name=search_term_string\"}],\"inLanguage\":\"vi\"},{\"@type\":\"ImageObject\",\"inLanguage\":\"vi\",\"@id\":\"http:\/\/mau.hoabinhweb.com\/maytinh1\/san-pham\/laptop-acer-nitro-5-gaming-an515-57-5831-i5-11400h-8gb-512gb-6gb-rtx3060-144hz-win10-nh-qdgsv-003\/#primaryimage\",\"url\":\"http:\/\/mau.hoabinhweb.com\/maytinh1\/wp-content\/uploads\/2022\/03\/sanpham-maytinh1.jpg\",\"contentUrl\":\"http:\/\/mau.hoabinhweb.com\/maytinh1\/wp-content\/uploads\/2022\/03\/sanpham-maytinh1.jpg\",\"width\":656,\"height\":656,\"caption\":\"Sanpham Maytinh1\"},{\"@type\":\"WebPage\",\"@id\":\"http:\/\/mau.hoabinhweb.com\/maytinh1\/san-pham\/laptop-acer-nitro-5-gaming-an515-57-5831-i5-11400h-8gb-512gb-6gb-rtx3060-144hz-win10-nh-qdgsv-003\/#webpage\",\"url\":\"http:\/\/mau.hoabinhweb.com\/maytinh1\/san-pham\/laptop-acer-nitro-5-gaming-an515-57-5831-i5-11400h-8gb-512gb-6gb-rtx3060-144hz-win10-nh-qdgsv-003\/\",\"name\":\"Laptop Acer Nitro 5 Gaming AN515 57 5831 i5 11400H\/8GB\/512GB\/6GB RTX3060\/144Hz\/Win10 (NH.QDGSV.003) - Ho\u00e0 B\u00ecnh Web\",\"isPartOf\":{\"@id\":\"https:\/\/mau.hoabinhweb.com\/maytinh1\/#website\"},\"primaryImageOfPage\":{\"@id\":\"http:\/\/mau.hoabinhweb.com\/maytinh1\/san-pham\/laptop-acer-nitro-5-gaming-an515-57-5831-i5-11400h-8gb-512gb-6gb-rtx3060-144hz-win10-nh-qdgsv-003\/#primaryimage\"},\"datePublished\":\"2022-03-24T07:27:53+00:00\",\"dateModified\":\"2022-05-18T07:05:02+00:00\",\"breadcrumb\":{\"@id\":\"http:\/\/mau.hoabinhweb.com\/maytinh1\/san-pham\/laptop-acer-nitro-5-gaming-an515-57-5831-i5-11400h-8gb-512gb-6gb-rtx3060-144hz-win10-nh-qdgsv-003\/#breadcrumb\"},\"inLanguage\":\"vi\",\"potentialAction\":[{\"@type\":\"ReadAction\",\"target\":[\"http:\/\/mau.hoabinhweb.com\/maytinh1\/san-pham\/laptop-acer-nitro-5-gaming-an515-57-5831-i5-11400h-8gb-512gb-6gb-rtx3060-144hz-win10-nh-qdgsv-003\/\"]}]},{\"@type\":\"BreadcrumbList\",\"@id\":\"http:\/\/mau.hoabinhweb.com\/maytinh1\/san-pham\/laptop-acer-nitro-5-gaming-an515-57-5831-i5-11400h-8gb-512gb-6gb-rtx3060-144hz-win10-nh-qdgsv-003\/#breadcrumb\",\"itemListElement\":[{\"@type\":\"ListItem\",\"position\":1,\"name\":\"Trang ch\u1ee7\",\"item\":\"https:\/\/mau.hoabinhweb.com\/maytinh1\/\"},{\"@type\":\"ListItem\",\"position\":2,\"name\":\"S\u1ea3n ph\u1ea9m\",\"item\":\"https:\/\/mau.hoabinhweb.com\/maytinh1\/san-pham\/\"},{\"@type\":\"ListItem\",\"position\":3,\"name\":\"Tin t\u1ee9c\",\"item\":\"http:\/\/mau.hoabinhweb.com\/maytinh1\/tin-tuc\/\"},{\"@type\":\"ListItem\",\"position\":4,\"name\":\"Laptop Acer Nitro 5 Gaming AN515 57 5831 i5 11400H\/8GB\/512GB\/6GB RTX3060\/144Hz\/Win10 (NH.QDGSV.003)\"}]}]}<\/script>\n<!-- \/ Yoast SEO plugin. -->","yoast_head_json":{"title":"Laptop Acer Nitro 5 Gaming AN515 57 5831 i5 11400H\/8GB\/512GB\/6GB RTX3060\/144Hz\/Win10 (NH.QDGSV.003) - Ho\u00e0 B\u00ecnh Web","robots":{"index":"noindex","follow":"follow","max-snippet":"max-snippet:-1","max-image-preview":"max-image-preview:large","max-video-preview":"max-video-preview:-1"},"og_locale":"vi_VN","og_type":"article","og_title":"Laptop Acer Nitro 5 Gaming AN515 57 5831 i5 11400H\/8GB\/512GB\/6GB RTX3060\/144Hz\/Win10 (NH.QDGSV.003) - Ho\u00e0 B\u00ecnh Web","og_description":"Giao h\u00e0ng tr\u00ean to\u00e0n qu\u1ed1c  B\u1ea3o h\u00e0nh ch\u00ednh h\u00e3ng  Cam k\u1ebft ch\u1ea5t l\u01b0\u1ee3ng  Hotline t\u01b0 v\u1ea5n: 035 609 3690","og_url":"http:\/\/mau.hoabinhweb.com\/maytinh1\/san-pham\/laptop-acer-nitro-5-gaming-an515-57-5831-i5-11400h-8gb-512gb-6gb-rtx3060-144hz-win10-nh-qdgsv-003\/","og_site_name":"Ho\u00e0 B\u00ecnh Web","article_modified_time":"2022-05-18T07:05:02+00:00","og_image":[{"width":656,"height":656,"url":"http:\/\/mau.hoabinhweb.com\/maytinh1\/wp-content\/uploads\/2022\/03\/sanpham-maytinh1.jpg","type":"image\/jpeg"}],"twitter_card":"summary_large_image","twitter_misc":{"\u01af\u1edbc t\u00ednh th\u1eddi gian \u0111\u1ecdc":"8 ph\u00fat"},"schema":{"@context":"https:\/\/schema.org","@graph":[{"@type":"WebSite","@id":"https:\/\/mau.hoabinhweb.com\/maytinh1\/#website","url":"https:\/\/mau.hoabinhweb.com\/maytinh1\/","name":"Ho\u00e0 B\u00ecnh Web","description":"","potentialAction":[{"@type":"SearchAction","target":{"@type":"EntryPoint","urlTemplate":"https:\/\/mau.hoabinhweb.com\/maytinh1\/?s={search_term_string}"},"query-input":"required name=search_term_string"}],"inLanguage":"vi"},{"@type":"ImageObject","inLanguage":"vi","@id":"http:\/\/mau.hoabinhweb.com\/maytinh1\/san-pham\/laptop-acer-nitro-5-gaming-an515-57-5831-i5-11400h-8gb-512gb-6gb-rtx3060-144hz-win10-nh-qdgsv-003\/#primaryimage","url":"http:\/\/mau.hoabinhweb.com\/maytinh1\/wp-content\/uploads\/2022\/03\/sanpham-maytinh1.jpg","contentUrl":"http:\/\/mau.hoabinhweb.com\/maytinh1\/wp-content\/uploads\/2022\/03\/sanpham-maytinh1.jpg","width":656,"height":656,"caption":"Sanpham Maytinh1"},{"@type":"WebPage","@id":"http:\/\/mau.hoabinhweb.com\/maytinh1\/san-pham\/laptop-acer-nitro-5-gaming-an515-57-5831-i5-11400h-8gb-512gb-6gb-rtx3060-144hz-win10-nh-qdgsv-003\/#webpage","url":"http:\/\/mau.hoabinhweb.com\/maytinh1\/san-pham\/laptop-acer-nitro-5-gaming-an515-57-5831-i5-11400h-8gb-512gb-6gb-rtx3060-144hz-win10-nh-qdgsv-003\/","name":"Laptop Acer Nitro 5 Gaming AN515 57 5831 i5 11400H\/8GB\/512GB\/6GB RTX3060\/144Hz\/Win10 (NH.QDGSV.003) - Ho\u00e0 B\u00ecnh Web","isPartOf":{"@id":"https:\/\/mau.hoabinhweb.com\/maytinh1\/#website"},"primaryImageOfPage":{"@id":"http:\/\/mau.hoabinhweb.com\/maytinh1\/san-pham\/laptop-acer-nitro-5-gaming-an515-57-5831-i5-11400h-8gb-512gb-6gb-rtx3060-144hz-win10-nh-qdgsv-003\/#primaryimage"},"datePublished":"2022-03-24T07:27:53+00:00","dateModified":"2022-05-18T07:05:02+00:00","breadcrumb":{"@id":"http:\/\/mau.hoabinhweb.com\/maytinh1\/san-pham\/laptop-acer-nitro-5-gaming-an515-57-5831-i5-11400h-8gb-512gb-6gb-rtx3060-144hz-win10-nh-qdgsv-003\/#breadcrumb"},"inLanguage":"vi","potentialAction":[{"@type":"ReadAction","target":["http:\/\/mau.hoabinhweb.com\/maytinh1\/san-pham\/laptop-acer-nitro-5-gaming-an515-57-5831-i5-11400h-8gb-512gb-6gb-rtx3060-144hz-win10-nh-qdgsv-003\/"]}]},{"@type":"BreadcrumbList","@id":"http:\/\/mau.hoabinhweb.com\/maytinh1\/san-pham\/laptop-acer-nitro-5-gaming-an515-57-5831-i5-11400h-8gb-512gb-6gb-rtx3060-144hz-win10-nh-qdgsv-003\/#breadcrumb","itemListElement":[{"@type":"ListItem","position":1,"name":"Trang ch\u1ee7","item":"https:\/\/mau.hoabinhweb.com\/maytinh1\/"},{"@type":"ListItem","position":2,"name":"S\u1ea3n ph\u1ea9m","item":"https:\/\/mau.hoabinhweb.com\/maytinh1\/san-pham\/"},{"@type":"ListItem","position":3,"name":"Tin t\u1ee9c","item":"http:\/\/mau.hoabinhweb.com\/maytinh1\/tin-tuc\/"},{"@type":"ListItem","position":4,"name":"Laptop Acer Nitro 5 Gaming AN515 57 5831 i5 11400H\/8GB\/512GB\/6GB RTX3060\/144Hz\/Win10 (NH.QDGSV.003)"}]}]}},"_links":{"self":[{"href":"http:\/\/mau.hoabinhweb.com\/maytinh1\/wp-json\/wp\/v2\/product\/87","targetHints":{"allow":["GET"]}}],"collection":[{"href":"http:\/\/mau.hoabinhweb.com\/maytinh1\/wp-json\/wp\/v2\/product"}],"about":[{"href":"http:\/\/mau.hoabinhweb.com\/maytinh1\/wp-json\/wp\/v2\/types\/product"}],"replies":[{"embeddable":true,"href":"http:\/\/mau.hoabinhweb.com\/maytinh1\/wp-json\/wp\/v2\/comments?post=87"}],"wp:featuredmedia":[{"embeddable":true,"href":"http:\/\/mau.hoabinhweb.com\/maytinh1\/wp-json\/wp\/v2\/media\/304"}],"wp:attachment":[{"href":"http:\/\/mau.hoabinhweb.com\/maytinh1\/wp-json\/wp\/v2\/media?parent=87"}],"wp:term":[{"taxonomy":"product_cat","embeddable":true,"href":"http:\/\/mau.hoabinhweb.com\/maytinh1\/wp-json\/wp\/v2\/product_cat?post=87"},{"taxonomy":"product_tag","embeddable":true,"href":"http:\/\/mau.hoabinhweb.com\/maytinh1\/wp-json\/wp\/v2\/product_tag?post=87"}],"curies":[{"name":"wp","href":"https:\/\/api.w.org\/{rel}","templated":true}]}}