{"id":86,"date":"2022-03-24T14:27:52","date_gmt":"2022-03-24T07:27:52","guid":{"rendered":"https:\/\/webcam24h.net\/?post_type=product&#038;p=86"},"modified":"2022-05-18T07:04:57","modified_gmt":"2022-05-18T07:04:57","slug":"laptop-lenovo-gaming-legion-5-15ith6-i7-11800h-16gb-512gb-4gb-rtx3050ti-165hz-win11-82jk00fnvn","status":"publish","type":"product","link":"http:\/\/mau.hoabinhweb.com\/maytinh1\/san-pham\/laptop-lenovo-gaming-legion-5-15ith6-i7-11800h-16gb-512gb-4gb-rtx3050ti-165hz-win11-82jk00fnvn\/","title":{"rendered":"Laptop Lenovo Gaming Legion 5 15ITH6 i7 11800H\/16GB\/512GB\/4GB RTX3050Ti\/165Hz\/Win11 (82JK00FNVN)"},"content":{"rendered":"<p>Phong c\u00e1ch thi\u1ebft k\u1ebf \u0111\u1ed9c \u0111\u00e1o, tr\u1ebb trung c\u00f9ng hi\u1ec7u n\u0103ng m\u1ea1nh m\u1ebd v\u01b0\u1ee3t tr\u1ed9i c\u1ee7a card m\u00e0n h\u00ecnh NVIDIA RTX h\u1ed9i t\u1ee5 trong chi\u1ebfc\u00a0laptop Lenovo Gaming Legion 5 15ITH6 i7 (82JK00FNVN)\u00a0h\u1ee9a h\u1eb9n s\u1ebd c\u00e2n m\u1ecdi t\u1ef1a game \u0111\u00ecnh \u0111\u00e1m c\u0169ng nh\u01b0 s\u1eb5n s\u00e0ng h\u1ed7 tr\u1ee3 b\u1ea1n x\u1eed l\u00fd c\u00e1c t\u00e1c v\u1ee5 n\u1eb7ng.<\/p>\n<h3>Hi\u1ec7u n\u0103ng m\u1ea1nh m\u1ebd v\u01b0\u1ee3t tr\u1ed9i c\u00e2n m\u1ecdi t\u00e1c v\u1ee5<\/h3>\n<p>\u0110\u1ea7u ti\u00ean l\u00e0 \u0111\u1ebfn v\u1edbi con game b\u1eafn s\u00fang qu\u1ed1c d\u00e2n\u00a0Battlefield 1, m\u00e1y v\u1eadn h\u00e0nh m\u01b0\u1ee3t m\u00e0 v\u1edbi trung b\u00ecnh\u00a0<strong>75 FPS<\/strong>. \u1ede \u0111\u00e2y ch\u00fang ta s\u1ebd th\u1ea5y CPU\u00a0<strong>Intel Core i7 11800H<\/strong>\u00a0hi\u1ec7u n\u0103ng cao ch\u1ec9 ph\u1ea3i ho\u1ea1t \u0111\u1ed9ng t\u1ea7m\u00a0<strong>42%<\/strong>\u00a0c\u00f4ng su\u1ea5t, card m\u00e0n h\u00ecnh\u00a0<strong>NVIDIA RTX 3050Ti<\/strong>\u00a0c\u0169ng ch\u1ec9 h\u01a1i m\u1ea1nh h\u01a1n CPU m\u1ed9t x\u00edu v\u1edbi\u00a0<strong>69%<\/strong>\u00a0c\u00f4ng su\u1ea5t.<\/p>\n<p><img decoding=\"async\" class=\" ls-is-cached lazyloaded\" title=\"Lenovo Gaming Legion 5 15ITH6 i7 11800H (82JK00FNVN) - Battlefield 2\" src=\"https:\/\/cdn.tgdd.vn\/Products\/Images\/44\/272005\/lenovo-gaming-legion-5-15ith6-i7-82jk00fnvn-3-1.jpg\" alt=\"Lenovo Gaming Legion 5 15ITH6 i7 11800H (82JK00FNVN) - Battlefield 2\" data-src=\"https:\/\/cdn.tgdd.vn\/Products\/Images\/44\/272005\/lenovo-gaming-legion-5-15ith6-i7-82jk00fnvn-3-1.jpg\" \/><\/p>\n<p>Chuy\u1ec3n sang t\u1ef1a game \u0111ua xe m\u00f4 ph\u1ecfng\u00a0Forza Horizon\u00a0\u0111\u00e3 mang \u0111\u1ebfn cho m\u00ecnh t\u1eebng khung h\u00ecnh s\u1eafc n\u00e9t, c\u1ea3nh v\u1eadt xung quanh trong th\u1ebf gi\u1edbi game ch\u00e2n th\u1eadt, chi ti\u1ebft. N\u1ebfu b\u1ea1n l\u00e0 fan c\u1ee7a t\u1ef1a game th\u1ebf gi\u1edbi m\u1edf, chi\u1ebfc m\u00e1y s\u1ebd l\u00e0m h\u00e0i l\u00f2ng b\u1ea1n v\u1edbi trung b\u00ecnh\u00a0<strong>90 FPS<\/strong>. Trong \u0111\u00f3 c\u00f4ng su\u1ea5t CPU ch\u1ea1y \u1edf m\u1ee9c\u00a0<strong>60%<\/strong>\u00a0v\u00e0 GPU l\u00e0\u00a0<strong>96%<\/strong>. \u1ede t\u1ef1a game n\u00e0y theo tr\u1ea3i nghi\u1ec7m b\u1ea3n th\u00e2n, m\u00e1y c\u0169ng kh\u00f4ng qu\u00e1 n\u00f3ng, nhi\u1ec7t \u0111\u1ed9 t\u1ea3n ra \u0111\u1ec1u v\u00e0 kh\u00f4ng g\u00e2y kh\u00f3 ch\u1ecbu. \u0110\u1ed1i v\u1edbi t\u1ef1a game c\u00f3 m\u1ee9c \u0111\u1ed3 ho\u1ea1 cao h\u01a1n th\u00ec m\u00e1y v\u1eabn cho ra m\u1ed9t m\u1ee9c FPS \u1ed5n \u0111\u1ecbnh v\u00e0 tr\u01a1n tru.<\/p>\n<p><img decoding=\"async\" class=\" ls-is-cached lazyloaded\" title=\"Lenovo Gaming Legion 5 15ITH6 i7 11800H (82JK00FNVN) - Forza Horrizon\" src=\"https:\/\/cdn.tgdd.vn\/Products\/Images\/44\/272005\/lenovo-gaming-legion-5-15ith6-i7-82jk00fnvn-6-1.jpg\" alt=\"Lenovo Gaming Legion 5 15ITH6 i7 11800H (82JK00FNVN) - Forza Horrizon\" data-src=\"https:\/\/cdn.tgdd.vn\/Products\/Images\/44\/272005\/lenovo-gaming-legion-5-15ith6-i7-82jk00fnvn-6-1.jpg\" \/><\/p>\n<h3>Thi\u1ebft k\u1ebf \u1ea5n \u0111\u1ecbnh cho s\u1ef1 thay \u0111\u1ed5i ngo\u1ea1n m\u1ee5c<\/h3>\n<p>S\u1ef1 thay \u0111\u1ed5i so v\u1edbi c\u00e1c d\u00f2ng m\u00e1y ti\u1ec1n nhi\u1ec7m c\u00f3 v\u1ebb ngo\u00e0i m\u00e0u x\u00e1m l\u00e0 n\u0103m nay chi\u1ebfc m\u00e1y \u0111\u00e3 \u0111\u01b0\u1ee3c kho\u00e1c l\u00ean b\u1ed9 \u00e1o m\u1edbi m\u00e0u xanh phantom tr\u1ebb trung n\u0103ng \u0111\u1ed9ng h\u01a1n. Tho\u1ea1t \u0111\u1ea7u m\u00ecnh c\u1ea3m nh\u1eadn chi\u1ebfc m\u00e1y c\u00f3 nh\u1eefng \u0111i\u1ec3m t\u01b0\u01a1ng \u0111\u1ed3ng v\u1edbi nh\u1eefng chi\u1ebfc\u00a0laptop gaming\u00a0h\u00e0ng \u0111\u1ea7u nh\u01b0\u00a0laptop Dell Alienware M15,\u00a0laptop MSI GP76 Leopard. Tuy b\u1eb1ng v\u1ecf nh\u1ef1a nh\u01b0ng chi\u1ebfc m\u00e1y v\u1eabn r\u1ea5t c\u1ee9ng c\u00e1p, b\u1ec1n b\u1ec9 v\u00e0 kh\u00f4ng \u1ecdp \u1eb9p, \u0111em \u0111\u1ebfn cho ng\u01b0\u1eddi d\u00f9ng m\u1ed9t di\u1ec7n m\u1ea1o \u0111\u1eadm ch\u1ea5t gaming m\u00e0 b\u1ea5t k\u1ec3 ai nh\u00ecn v\u00e0o c\u0169ng ph\u1ea3i \u1ea5n t\u01b0\u1ee3ng.<\/p>\n<p><img decoding=\"async\" class=\" lazyloaded\" title=\"Lenovo Gaming Legion 5 15ITH6 i7 11800H (82JK00FNVN) - Thi\u1ebft k\u1ebf\" src=\"https:\/\/cdn.tgdd.vn\/Products\/Images\/44\/272005\/lenovo-gaming-legion-5-15ith6-i7-82jk00fnvn-11-1.jpg\" alt=\"Lenovo Gaming Legion 5 15ITH6 i7 11800H (82JK00FNVN) - Thi\u1ebft k\u1ebf\" data-src=\"https:\/\/cdn.tgdd.vn\/Products\/Images\/44\/272005\/lenovo-gaming-legion-5-15ith6-i7-82jk00fnvn-11-1.jpg\" \/><\/p>\n<p>M\u00e1y c\u00f3 tr\u1ecdng l\u01b0\u1ee3ng\u00a0<strong>2.4 kg<\/strong>\u00a0v\u00e0 d\u00e0y\u00a0<strong>25.75 mm<\/strong>\u00a0n\u00ean s\u1ebd h\u01a1i kh\u00f3 c\u1ea7m b\u1eb1ng m\u1ed9t tay, nh\u01b0ng b\u1ea1n v\u1eabn c\u00f3 th\u1ec3\u00a0c\u1ea5t v\u00e0o balo v\u00e0 mang theo b\u00ean ng\u01b0\u1eddi nh\u00e9!\u00a0Laptop\u00a0\u0111\u01b0\u1ee3c thi\u1ebft k\u1ebf v\u1edbi c\u00e1c h\u1ed1c t\u1ea3n nhi\u1ec7t 4 v\u00f9ng, \u0111\u00e2y c\u0169ng l\u00e0 ti\u00eau ch\u00ed h\u00e0ng \u0111\u1ea7u khi ch\u01a1i game, theo tr\u1ea3i nghi\u1ec7m c\u00e1 nh\u00e2n c\u1ee7a m\u00ecnh th\u00ec h\u1ec7 th\u1ed1ng t\u1ea3n nhi\u1ec7t \u0111\u00e3 ph\u00e1t huy r\u1ea5t t\u1ed1t l\u00fac m\u00ecnh ch\u01a1i game, l\u00e0m vi\u1ec7c c\u1ea3 ng\u00e0y d\u00e0i khi m\u00e1y kh\u00f4ng b\u1ecb qu\u00e1 n\u00f3ng, kh\u00f4ng g\u00e2y kh\u00f3 ch\u1ecbu \u1edf khu v\u1ef1c b\u00e0n ph\u00edm.<\/p>\n<p><img decoding=\"async\" class=\" lazyloaded\" title=\"Lenovo Gaming Legion 5 15ITH6 i7 11800H (82JK00FNVN) - thi\u1ebft k\u1ebf 1\" src=\"https:\/\/cdn.tgdd.vn\/Products\/Images\/44\/272005\/lenovo-gaming-legion-5-15ith6-i7-82jk00fnvn-10-1.jpg\" alt=\"Lenovo Gaming Legion 5 15ITH6 i7 11800H (82JK00FNVN) - thi\u1ebft k\u1ebf 1\" data-src=\"https:\/\/cdn.tgdd.vn\/Products\/Images\/44\/272005\/lenovo-gaming-legion-5-15ith6-i7-82jk00fnvn-10-1.jpg\" \/><\/p>\n<p>B\u00e0n ph\u00edm c\u1ee7a chi\u1ebfc m\u00e1y \u0111\u1ebfn t\u1eeb nh\u00e0 Lenovo ch\u01b0a bao gi\u1edd l\u00e0m m\u00ecnh th\u1ea5t v\u1ecdng th\u1ebf n\u00ean\u00a0laptop Lenovo Gaming Legion\u00a0c\u0169ng kh\u00f4ng ngo\u1ea1i l\u1ec7. B\u00e0n ph\u00edm \u0111\u01b0\u1ee3c thi\u1ebft k\u1ebf fullsize, b\u1ed1 c\u1ee5c c\u00e1c ph\u00edm d\u1ec5 thu\u1ed9c v\u1ecb tr\u00ed, ph\u00edm b\u1ea5m h\u01a1i cong l\u00ean t\u1ea1o \u0111\u1ed9 n\u1ea3y cao, b\u1ea5m ch\u00ednh x\u00e1c, th\u00fa v\u1ecb, kh\u00f4ng m\u1ecfi tay, h\u00e0nh tr\u00ecnh ph\u00edm s\u00e2u. B\u00e0n ph\u00edm t\u00edch h\u1ee3p\u00a0<strong>\u0111\u00e8n chuy\u1ec3n m\u00e0u<\/strong>\u00a0<strong>RGB<\/strong>\u00a0cho ph\u00e9p b\u1ea1n tu\u1ef3 ch\u1ec9nh theo s\u1edf th\u00edch, t\u0103ng \u0111\u1ed9 ph\u1ea5n kh\u00edch m\u1ed7i khi ch\u01a1i game.<\/p>\n<p><img decoding=\"async\" class=\" lazyloaded\" title=\"Lenovo Gaming Legion 5 15ITH6 i7 11800H (82JK00FNVN) - b\u00e0n ph\u00edm\" src=\"https:\/\/cdn.tgdd.vn\/Products\/Images\/44\/272005\/lenovo-gaming-legion-5-15ith6-i7-82jk00fnvn-2-1.jpg\" alt=\"Lenovo Gaming Legion 5 15ITH6 i7 11800H (82JK00FNVN) - b\u00e0n ph\u00edm\" data-src=\"https:\/\/cdn.tgdd.vn\/Products\/Images\/44\/272005\/lenovo-gaming-legion-5-15ith6-i7-82jk00fnvn-2-1.jpg\" \/><\/p>\n<p>Laptop Lenovo\u00a0\u0111\u01b0\u1ee3c thi\u1ebft k\u1ebf v\u1edbi ch\u1ed7 m\u1edf m\u00e0n h\u00ecnh m\u00e1y kh\u00e1 r\u1ed9ng n\u00ean m\u00ecnh khuy\u00ean c\u00e1c b\u1ea1n n\u00ean m\u1edf t\u1eeb ch\u00ednh gi\u1eefa l\u00ean \u0111\u1ec3 thu\u1eadn ti\u1ec7n trong vi\u1ec7c m\u1edf m\u00e1y c\u0169ng nh\u01b0 t\u0103ng tu\u1ed5i th\u1ecd m\u00e0n h\u00ecnh m\u00e1y t\u00ednh.<\/p>\n<p><img decoding=\"async\" class=\" lazyloaded\" title=\"Lenovo Gaming Legion 5 15ITH6 i7 11800H (82JK00FNVN) - b\u1ea3n l\u1ec1\" src=\"https:\/\/cdn.tgdd.vn\/Products\/Images\/44\/272005\/lenovo-gaming-legion-5-15ith6-i7-82jk00fnvn-1-1.jpg\" alt=\"Lenovo Gaming Legion 5 15ITH6 i7 11800H (82JK00FNVN) - b\u1ea3n l\u1ec1\" data-src=\"https:\/\/cdn.tgdd.vn\/Products\/Images\/44\/272005\/lenovo-gaming-legion-5-15ith6-i7-82jk00fnvn-1-1.jpg\" \/><\/p>\n<h3>Kh\u00f4ng gian hi\u1ec3n th\u1ecb quy\u1ebft \u0111\u1ecbnh tr\u1ea3i nghi\u1ec7m ch\u01a1i game ch\u00e2n th\u1eadt<\/h3>\n<p>Laptop m\u00e0n h\u00ecnh 15.6 inch\u00a0v\u1edbi \u0111\u1ed9 ph\u00e2n gi\u1ea3i\u00a0<strong>Full HD (1920 x 1080)<\/strong>\u00a0mang l\u1ea1i m\u00e0u s\u1eafc ch\u00e2n th\u1eadt, \u1edf ph\u00e2n kh\u00fac laptop gaming 30 \u0111\u1ebfn 40 tri\u1ec7u th\u00ec vi\u1ec7c s\u1edf h\u1eefu t\u1ea7n s\u1ed1 qu\u00e9t\u00a0<strong>165 Hz<\/strong>\u00a0l\u00e0 c\u1ef1c k\u1ef3 gi\u00e1 tr\u1ecb lu\u00f4n nh\u00e9. B\u00ean c\u1ea1nh \u0111\u00f3 m\u00e1y c\u00f2n \u0111\u01b0\u1ee3c t\u00edch h\u1ee3p t\u1ea5m n\u1ec1n\u00a0<strong>IPS<\/strong>, \u0111\u1ed9 s\u00e1ng\u00a0<strong>300 nits<\/strong>,\u00a0<strong>Dolby Vision<\/strong>,\u00a0<strong>100% sRGB<\/strong>,\u00a0<strong>Anti Glare<\/strong>\u00a0cho b\u1ea1n m\u00e0u s\u1eafc n\u1ecbnh m\u1eaft, \u0111\u1ed9 t\u01b0\u01a1ng ph\u1ea3n cao gi\u00fap b\u1ea1n d\u1ec5 d\u00e0ng l\u00e0m vi\u1ec7c trong m\u00f4i tr\u01b0\u1eddng c\u00f3 \u00e1nh s\u00e1ng cao m\u00e0 kh\u00f4ng g\u1eb7p kh\u00f3 kh\u0103n khi nh\u00ecn n\u1ed9i dung hi\u1ec3n th\u1ecb.<\/p>\n<p><img decoding=\"async\" class=\" lazyloaded\" title=\"Lenovo Gaming Legion 5 15ITH6 i7 11800H (82JK00FNVN) - m\u00e0n h\u00ecnh 1\" src=\"https:\/\/cdn.tgdd.vn\/Products\/Images\/44\/272005\/lenovo-gaming-legion-5-15ith6-i7-82jk00fnvn-8-1.jpg\" alt=\"Lenovo Gaming Legion 5 15ITH6 i7 11800H (82JK00FNVN) - m\u00e0n h\u00ecnh 1\" data-src=\"https:\/\/cdn.tgdd.vn\/Products\/Images\/44\/272005\/lenovo-gaming-legion-5-15ith6-i7-82jk00fnvn-8-1.jpg\" \/><\/p>\n<p>Laptop Lenovo \u0111\u00e3 c\u00f9ng m\u00ecnh th\u1ef1c hi\u1ec7n c\u00e1c t\u00e1c v\u1ee5 ch\u1ec9nh s\u1eeda h\u00ecnh \u1ea3nh qua\u00a0Photoshop,\u00a0Illustrator\u00a0v\u00e0 kh\u00f4ng g\u1eb7p ph\u1ea3i kh\u00f3 kh\u0103n v\u00ec ph\u1ea7n c\u1ee9ng \u0111\u00e3 \u0111\u1ee7 m\u1ea1nh m\u1ebd \u0111\u1ec3 ch\u1ea1y t\u1ed1t. X\u00e9t v\u1ec1 c\u00e1c c\u00f4ng ngh\u1ec7 m\u00e0n h\u00ecnh \u0111\u01b0\u1ee3c t\u00edch h\u1ee3p, m\u00e0n h\u00ecnh r\u1ef1c r\u1ee1, m\u00e0u s\u1eafc \u0111\u1ea7y \u0111\u1ee7 \u0111em \u0111\u1ebfn ch\u1ea5t l\u01b0\u1ee3ng h\u00ecnh \u1ea3nh t\u01b0\u01a1ng \u0111\u1ed1i ch\u00ednh x\u00e1c \u0111\u1ec3 b\u1ea1n thi\u1ebft k\u1ebf.<\/p>\n<p><img decoding=\"async\" class=\" lazyloaded\" title=\"Lenovo Gaming Legion 5 15ITH6 i7 11800H (82JK00FNVN) - illustration\" src=\"https:\/\/cdn.tgdd.vn\/Products\/Images\/44\/272005\/lenovo-gaming-legion-5-15ith6-i7-82jk00fnvn-7-1.jpg\" alt=\"Lenovo Gaming Legion 5 15ITH6 i7 11800H (82JK00FNVN) - illustration\" data-src=\"https:\/\/cdn.tgdd.vn\/Products\/Images\/44\/272005\/lenovo-gaming-legion-5-15ith6-i7-82jk00fnvn-7-1.jpg\" \/><\/p>\n<h3>C\u00f4ng ngh\u1ec7 t\u00e2n ti\u1ebfn \u0111i k\u00e8m c\u00f9ng nh\u1eefng ti\u1ec7n \u00edch cho ng\u01b0\u1eddi d\u00f9ng<\/h3>\n<p>V\u1edbi\u00a0<strong>c\u00f4ng t\u1eafc kh\u00f3a camera<\/strong>, b\u1ea1n s\u1ebd h\u1ea1n ch\u1ebf \u0111\u01b0\u1ee3c nh\u1eefng tr\u01b0\u1eddng h\u1ee3p \u0111\u00e1nh c\u1eafp h\u00ecnh \u1ea3nh c\u00e1 nh\u00e2n t\u1eeb nh\u1eefng trang web n\u1eb7c danh. Ngo\u00e0i ra trong c\u00e1c bu\u1ed5i h\u1ecdp, h\u1ecdc tr\u1ef1c tuy\u1ebfn th\u00ec c\u00f4ng t\u1eafc kho\u00e1 s\u1ebd \u0111\u1ea3m b\u1ea3o h\u00ecnh \u1ea3nh c\u1ee7a b\u1ea1n kh\u00f4ng b\u1ecb l\u1ed9 n\u1ebfu v\u00f4 t\u00ecnh b\u1ea1n ch\u1ea1m ph\u1ea3i n\u00fat m\u1edf camera tr\u00ean m\u00e1y t\u00ednh.\u00a0<strong>TPM 2.0<\/strong>\u00a0mang l\u1ea1i s\u1ef1 an t\u00e2m h\u01a1n khi d\u1eef li\u1ec7u \u0111\u01b0\u1ee3c m\u00e3 ho\u00e1 tr\u00ean \u1ed5 c\u1ee9ng.<\/p>\n<p><img decoding=\"async\" class=\" lazyloaded\" title=\"Lenovo Gaming Legion 5 15ITH6 i7 11800H (82JK00FNVN) - b\u1ea3o m\u1eadt\" src=\"https:\/\/cdn.tgdd.vn\/Products\/Images\/44\/272005\/lenovo-gaming-legion-5-15ith6-i7-82jk00fnvn-12-1.jpg\" alt=\"Lenovo Gaming Legion 5 15ITH6 i7 11800H (82JK00FNVN) - b\u1ea3o m\u1eadt\" data-src=\"https:\/\/cdn.tgdd.vn\/Products\/Images\/44\/272005\/lenovo-gaming-legion-5-15ith6-i7-82jk00fnvn-12-1.jpg\" \/><\/p>\n<p>C\u00f4ng ngh\u1ec7 \u00e2m thanh\u00a0<strong>Nahimic audio<\/strong>\u00a0t\u00e1i hi\u1ec7n l\u1ea1i kh\u00f4ng gian chi\u1ebfn game t\u1ed1t, tr\u1ea3i nghi\u1ec7m ch\u01a1i game s\u1ebd t\u1ed1t nh\u1ea5t khi b\u1ea1n ch\u01a1i \u1edf n\u01a1i y\u00ean t\u0129nh, c\u1ea3m nh\u1eadn t\u1eebng \u00e2m thanh chi\u1ebfn game th\u1ef1c th\u1ee5 r\u00f5 n\u00e9t qua c\u00e1c t\u1ef1a game b\u1eafn s\u00fang\u00a0PUBG,\u00a0Call Of Duty,.. Th\u1eddi l\u01b0\u1ee3ng pin c\u0169ng l\u00e0 \u0111i\u1ec1u ch\u00fang ta ph\u1ea3i quan t\u00e2m khi laptop \u0111\u01b0\u1ee3c trang b\u1ecb vi\u00ean pin\u00a0<strong>60Wh<\/strong>, v\u1edbi m\u1ee9c \u0111\u1ed9 s\u00e1ng t\u1ed1i \u0111a, loa t\u1ed1i \u0111a, m\u00e1y ho\u1ea1t \u0111\u1ed9ng \u0111\u01b0\u1ee3c kho\u1ea3ng\u00a0<strong>2.5 gi\u1edd<\/strong>\u00a0v\u1edbi c\u00e1c t\u00e1c v\u1ee5 nh\u1eb9 nh\u01b0 xem Youtube, l\u00e0m Office. M\u00ecnh ngh\u0129 v\u1edbi chi\u1ebfc laptop gaming, c\u00e1c b\u1ea1n n\u00ean lu\u00f4n mang theo s\u1ea1c \u0111\u1ec3 ph\u00e1t huy \u0111\u01b0\u1ee3c hi\u1ec7u n\u0103ng t\u1ed1i \u0111a c\u1ee7a m\u00e1y.<\/p>\n<p><img decoding=\"async\" class=\" lazyloaded\" title=\"Lenovo Gaming Legion 5 15ITH6 i7 11800H (82JK00FNVN) - pin\" src=\"https:\/\/cdn.tgdd.vn\/Products\/Images\/44\/272005\/lenovo-gaming-legion-5-15ith6-i7-82jk00fnvn-9-1.jpg\" alt=\"Lenovo Gaming Legion 5 15ITH6 i7 11800H (82JK00FNVN) - pin\" data-src=\"https:\/\/cdn.tgdd.vn\/Products\/Images\/44\/272005\/lenovo-gaming-legion-5-15ith6-i7-82jk00fnvn-9-1.jpg\" \/><\/p>\n<p>\u0110a d\u1ea1ng c\u1ed5ng k\u1ebft n\u1ed1i gi\u00fap ta d\u1ec5 d\u00e0ng k\u1ebft n\u1ed1i v\u1edbi c\u00e1c thi\u1ebft b\u1ecb ngo\u1ea1i vi m\u00e0 kh\u00f4ng c\u1ea7n mua th\u00eam b\u1ed9 HUB m\u1edf r\u1ed9ng: USB 3.2 (Always on), Thunderbolt 4 USB-C, USB 3.2, HDMI, Jack tai nghe 3.5 mm, LAN (RJ45).<\/p>\n<p><img decoding=\"async\" class=\" lazyloaded\" title=\"Lenovo Gaming Legion 5 15ITH6 i7 11800H (82JK00FNVN) - c\u1ed5ng k\u1ebft n\u1ed1i\" src=\"https:\/\/cdn.tgdd.vn\/Products\/Images\/44\/272005\/lenovo-gaming-legion-5-15ith6-i7-82jk00fnvn-13-1.jpg\" alt=\"Lenovo Gaming Legion 5 15ITH6 i7 11800H (82JK00FNVN) - c\u1ed5ng k\u1ebft n\u1ed1i\" data-src=\"https:\/\/cdn.tgdd.vn\/Products\/Images\/44\/272005\/lenovo-gaming-legion-5-15ith6-i7-82jk00fnvn-13-1.jpg\" \/><\/p>\n<p>Hai t\u1eeb \u0111\u1ec3 m\u00f4 t\u1ea3 laptop Lenovo Gaming Legion 5 15ITH6 i7 (82JK00FNVN) l\u00e0 \u201chi\u1ec7u su\u1ea5t\u201d khi chi\u1ebfc m\u00e1y s\u1ebd \u0111\u1ea3m nhi\u1ec7m t\u1ed1t c\u00e1c nhu c\u1ea7u h\u1eb1ng ng\u00e0y v\u00e0 y\u00eau c\u1ea7u ch\u01a1i c\u00e1c t\u1ef1a game \u0111\u00ecnh \u0111\u00e1m sau gi\u1edd l\u00e0m vi\u1ec7c c\u0103ng th\u1eb3ng. Ngo\u00e0i ra th\u00ec thi\u1ebft k\u1ebf b\u1eaft m\u1eaft, thu h\u00fat c\u0169ng l\u00e0 m\u1ed9t \u0111i\u1ec3m c\u1ed9ng l\u1edbn cho Legion 5\u00a082JK00FNVN so v\u1edbi c\u00e1c s\u1ea3n ph\u1ea9m trong\u00a0c\u00f9ng ph\u00e2n kh\u00fac.<\/p>\n","protected":false},"excerpt":{"rendered":"<ul>\n<li>Giao h\u00e0ng tr\u00ean to\u00e0n qu\u1ed1c<\/li>\n<li>B\u1ea3o h\u00e0nh ch\u00ednh h\u00e3ng<\/li>\n<li>Cam k\u1ebft ch\u1ea5t l\u01b0\u1ee3ng<\/li>\n<li>Hotline t\u01b0 v\u1ea5n: 035 609 3690<\/li>\n<\/ul>\n","protected":false},"featured_media":305,"comment_status":"closed","ping_status":"closed","template":"","meta":[],"product_cat":[17,18,20,21,22,19,25,34,35,28,26,39,40,41,42,29,37,43,32,36,38,44,33,27,30,31,49,50,24,51,52,53,54,55,23],"product_tag":[],"class_list":["post-86","product","type-product","status-publish","has-post-thumbnail","hentry","product_cat-san-pham-ban-chay","product_cat-laptop-chinh-hang","product_cat-may-tinh-choi-game","product_cat-may-tinh-workstation","product_cat-man-hinh-may-tinh","product_cat-linh-kien-may-tinh","product_cat-cpu-bo-vi-xu-ly","product_cat-cpu-intel","product_cat-cpu-amd","product_cat-ram-bo-nho-trong","product_cat-ram-adata","product_cat-ram-corsair","product_cat-ram-kingston","product_cat-ram-kingmax","product_cat-ram-gskill","product_cat-mainboard","product_cat-mainboard-amd","product_cat-mainboard-intel","product_cat-psu-nguon-may-tinh","product_cat-nguon-corsair","product_cat-nguon-acbel","product_cat-nguon-seasonic","product_cat-nguon-thermaltake","product_cat-case-vo-may-tinh","product_cat-hdd-ssd-usb","product_cat-do-choi-may-tinh","product_cat-odd-o-dia-quang","product_cat-gia-treo-man-hinh","product_cat-vga-card-man-hinh","product_cat-phim-chuot-gaming-gear","product_cat-camera-dau-ghi-hinh","product_cat-ban-ghe-gaming","product_cat-lap-dat-phong-game","product_cat-thiet-bi-mang","product_cat-thiet-bi-van-phong"],"yoast_head":"<!-- This site is optimized with the Yoast SEO plugin v18.9 - https:\/\/yoast.com\/wordpress\/plugins\/seo\/ -->\n<title>Laptop Lenovo Gaming Legion 5 15ITH6 i7 11800H\/16GB\/512GB\/4GB RTX3050Ti\/165Hz\/Win11 (82JK00FNVN) - Ho\u00e0 B\u00ecnh Web<\/title>\n<meta name=\"robots\" content=\"noindex, follow, max-snippet:-1, max-image-preview:large, max-video-preview:-1\" \/>\n<meta property=\"og:locale\" content=\"vi_VN\" \/>\n<meta property=\"og:type\" content=\"article\" \/>\n<meta property=\"og:title\" content=\"Laptop Lenovo Gaming Legion 5 15ITH6 i7 11800H\/16GB\/512GB\/4GB RTX3050Ti\/165Hz\/Win11 (82JK00FNVN) - Ho\u00e0 B\u00ecnh Web\" \/>\n<meta property=\"og:description\" content=\"Giao h\u00e0ng tr\u00ean to\u00e0n qu\u1ed1c  B\u1ea3o h\u00e0nh ch\u00ednh h\u00e3ng  Cam k\u1ebft ch\u1ea5t l\u01b0\u1ee3ng  Hotline t\u01b0 v\u1ea5n: 035 609 3690\" \/>\n<meta property=\"og:url\" content=\"http:\/\/mau.hoabinhweb.com\/maytinh1\/san-pham\/laptop-lenovo-gaming-legion-5-15ith6-i7-11800h-16gb-512gb-4gb-rtx3050ti-165hz-win11-82jk00fnvn\/\" \/>\n<meta property=\"og:site_name\" content=\"Ho\u00e0 B\u00ecnh Web\" \/>\n<meta property=\"article:modified_time\" content=\"2022-05-18T07:04:57+00:00\" \/>\n<meta property=\"og:image\" content=\"http:\/\/mau.hoabinhweb.com\/maytinh1\/wp-content\/uploads\/2022\/03\/sanpham-maytinh2.jpg\" \/>\n\t<meta property=\"og:image:width\" content=\"656\" \/>\n\t<meta property=\"og:image:height\" content=\"656\" \/>\n\t<meta property=\"og:image:type\" content=\"image\/jpeg\" \/>\n<meta name=\"twitter:card\" content=\"summary_large_image\" \/>\n<meta name=\"twitter:label1\" content=\"\u01af\u1edbc t\u00ednh th\u1eddi gian \u0111\u1ecdc\" \/>\n\t<meta name=\"twitter:data1\" content=\"9 ph\u00fat\" \/>\n<script type=\"application\/ld+json\" class=\"yoast-schema-graph\">{\"@context\":\"https:\/\/schema.org\",\"@graph\":[{\"@type\":\"WebSite\",\"@id\":\"https:\/\/mau.hoabinhweb.com\/maytinh1\/#website\",\"url\":\"https:\/\/mau.hoabinhweb.com\/maytinh1\/\",\"name\":\"Ho\u00e0 B\u00ecnh Web\",\"description\":\"\",\"potentialAction\":[{\"@type\":\"SearchAction\",\"target\":{\"@type\":\"EntryPoint\",\"urlTemplate\":\"https:\/\/mau.hoabinhweb.com\/maytinh1\/?s={search_term_string}\"},\"query-input\":\"required name=search_term_string\"}],\"inLanguage\":\"vi\"},{\"@type\":\"ImageObject\",\"inLanguage\":\"vi\",\"@id\":\"http:\/\/mau.hoabinhweb.com\/maytinh1\/san-pham\/laptop-lenovo-gaming-legion-5-15ith6-i7-11800h-16gb-512gb-4gb-rtx3050ti-165hz-win11-82jk00fnvn\/#primaryimage\",\"url\":\"http:\/\/mau.hoabinhweb.com\/maytinh1\/wp-content\/uploads\/2022\/03\/sanpham-maytinh2.jpg\",\"contentUrl\":\"http:\/\/mau.hoabinhweb.com\/maytinh1\/wp-content\/uploads\/2022\/03\/sanpham-maytinh2.jpg\",\"width\":656,\"height\":656,\"caption\":\"Sanpham Maytinh2\"},{\"@type\":\"WebPage\",\"@id\":\"http:\/\/mau.hoabinhweb.com\/maytinh1\/san-pham\/laptop-lenovo-gaming-legion-5-15ith6-i7-11800h-16gb-512gb-4gb-rtx3050ti-165hz-win11-82jk00fnvn\/#webpage\",\"url\":\"http:\/\/mau.hoabinhweb.com\/maytinh1\/san-pham\/laptop-lenovo-gaming-legion-5-15ith6-i7-11800h-16gb-512gb-4gb-rtx3050ti-165hz-win11-82jk00fnvn\/\",\"name\":\"Laptop Lenovo Gaming Legion 5 15ITH6 i7 11800H\/16GB\/512GB\/4GB RTX3050Ti\/165Hz\/Win11 (82JK00FNVN) - Ho\u00e0 B\u00ecnh Web\",\"isPartOf\":{\"@id\":\"https:\/\/mau.hoabinhweb.com\/maytinh1\/#website\"},\"primaryImageOfPage\":{\"@id\":\"http:\/\/mau.hoabinhweb.com\/maytinh1\/san-pham\/laptop-lenovo-gaming-legion-5-15ith6-i7-11800h-16gb-512gb-4gb-rtx3050ti-165hz-win11-82jk00fnvn\/#primaryimage\"},\"datePublished\":\"2022-03-24T07:27:52+00:00\",\"dateModified\":\"2022-05-18T07:04:57+00:00\",\"breadcrumb\":{\"@id\":\"http:\/\/mau.hoabinhweb.com\/maytinh1\/san-pham\/laptop-lenovo-gaming-legion-5-15ith6-i7-11800h-16gb-512gb-4gb-rtx3050ti-165hz-win11-82jk00fnvn\/#breadcrumb\"},\"inLanguage\":\"vi\",\"potentialAction\":[{\"@type\":\"ReadAction\",\"target\":[\"http:\/\/mau.hoabinhweb.com\/maytinh1\/san-pham\/laptop-lenovo-gaming-legion-5-15ith6-i7-11800h-16gb-512gb-4gb-rtx3050ti-165hz-win11-82jk00fnvn\/\"]}]},{\"@type\":\"BreadcrumbList\",\"@id\":\"http:\/\/mau.hoabinhweb.com\/maytinh1\/san-pham\/laptop-lenovo-gaming-legion-5-15ith6-i7-11800h-16gb-512gb-4gb-rtx3050ti-165hz-win11-82jk00fnvn\/#breadcrumb\",\"itemListElement\":[{\"@type\":\"ListItem\",\"position\":1,\"name\":\"Trang ch\u1ee7\",\"item\":\"https:\/\/mau.hoabinhweb.com\/maytinh1\/\"},{\"@type\":\"ListItem\",\"position\":2,\"name\":\"S\u1ea3n ph\u1ea9m\",\"item\":\"https:\/\/mau.hoabinhweb.com\/maytinh1\/san-pham\/\"},{\"@type\":\"ListItem\",\"position\":3,\"name\":\"Tin t\u1ee9c\",\"item\":\"http:\/\/mau.hoabinhweb.com\/maytinh1\/tin-tuc\/\"},{\"@type\":\"ListItem\",\"position\":4,\"name\":\"Laptop Lenovo Gaming Legion 5 15ITH6 i7 11800H\/16GB\/512GB\/4GB RTX3050Ti\/165Hz\/Win11 (82JK00FNVN)\"}]}]}<\/script>\n<!-- \/ Yoast SEO plugin. -->","yoast_head_json":{"title":"Laptop Lenovo Gaming Legion 5 15ITH6 i7 11800H\/16GB\/512GB\/4GB RTX3050Ti\/165Hz\/Win11 (82JK00FNVN) - Ho\u00e0 B\u00ecnh Web","robots":{"index":"noindex","follow":"follow","max-snippet":"max-snippet:-1","max-image-preview":"max-image-preview:large","max-video-preview":"max-video-preview:-1"},"og_locale":"vi_VN","og_type":"article","og_title":"Laptop Lenovo Gaming Legion 5 15ITH6 i7 11800H\/16GB\/512GB\/4GB RTX3050Ti\/165Hz\/Win11 (82JK00FNVN) - Ho\u00e0 B\u00ecnh Web","og_description":"Giao h\u00e0ng tr\u00ean to\u00e0n qu\u1ed1c  B\u1ea3o h\u00e0nh ch\u00ednh h\u00e3ng  Cam k\u1ebft ch\u1ea5t l\u01b0\u1ee3ng  Hotline t\u01b0 v\u1ea5n: 035 609 3690","og_url":"http:\/\/mau.hoabinhweb.com\/maytinh1\/san-pham\/laptop-lenovo-gaming-legion-5-15ith6-i7-11800h-16gb-512gb-4gb-rtx3050ti-165hz-win11-82jk00fnvn\/","og_site_name":"Ho\u00e0 B\u00ecnh Web","article_modified_time":"2022-05-18T07:04:57+00:00","og_image":[{"width":656,"height":656,"url":"http:\/\/mau.hoabinhweb.com\/maytinh1\/wp-content\/uploads\/2022\/03\/sanpham-maytinh2.jpg","type":"image\/jpeg"}],"twitter_card":"summary_large_image","twitter_misc":{"\u01af\u1edbc t\u00ednh th\u1eddi gian \u0111\u1ecdc":"9 ph\u00fat"},"schema":{"@context":"https:\/\/schema.org","@graph":[{"@type":"WebSite","@id":"https:\/\/mau.hoabinhweb.com\/maytinh1\/#website","url":"https:\/\/mau.hoabinhweb.com\/maytinh1\/","name":"Ho\u00e0 B\u00ecnh Web","description":"","potentialAction":[{"@type":"SearchAction","target":{"@type":"EntryPoint","urlTemplate":"https:\/\/mau.hoabinhweb.com\/maytinh1\/?s={search_term_string}"},"query-input":"required name=search_term_string"}],"inLanguage":"vi"},{"@type":"ImageObject","inLanguage":"vi","@id":"http:\/\/mau.hoabinhweb.com\/maytinh1\/san-pham\/laptop-lenovo-gaming-legion-5-15ith6-i7-11800h-16gb-512gb-4gb-rtx3050ti-165hz-win11-82jk00fnvn\/#primaryimage","url":"http:\/\/mau.hoabinhweb.com\/maytinh1\/wp-content\/uploads\/2022\/03\/sanpham-maytinh2.jpg","contentUrl":"http:\/\/mau.hoabinhweb.com\/maytinh1\/wp-content\/uploads\/2022\/03\/sanpham-maytinh2.jpg","width":656,"height":656,"caption":"Sanpham Maytinh2"},{"@type":"WebPage","@id":"http:\/\/mau.hoabinhweb.com\/maytinh1\/san-pham\/laptop-lenovo-gaming-legion-5-15ith6-i7-11800h-16gb-512gb-4gb-rtx3050ti-165hz-win11-82jk00fnvn\/#webpage","url":"http:\/\/mau.hoabinhweb.com\/maytinh1\/san-pham\/laptop-lenovo-gaming-legion-5-15ith6-i7-11800h-16gb-512gb-4gb-rtx3050ti-165hz-win11-82jk00fnvn\/","name":"Laptop Lenovo Gaming Legion 5 15ITH6 i7 11800H\/16GB\/512GB\/4GB RTX3050Ti\/165Hz\/Win11 (82JK00FNVN) - Ho\u00e0 B\u00ecnh Web","isPartOf":{"@id":"https:\/\/mau.hoabinhweb.com\/maytinh1\/#website"},"primaryImageOfPage":{"@id":"http:\/\/mau.hoabinhweb.com\/maytinh1\/san-pham\/laptop-lenovo-gaming-legion-5-15ith6-i7-11800h-16gb-512gb-4gb-rtx3050ti-165hz-win11-82jk00fnvn\/#primaryimage"},"datePublished":"2022-03-24T07:27:52+00:00","dateModified":"2022-05-18T07:04:57+00:00","breadcrumb":{"@id":"http:\/\/mau.hoabinhweb.com\/maytinh1\/san-pham\/laptop-lenovo-gaming-legion-5-15ith6-i7-11800h-16gb-512gb-4gb-rtx3050ti-165hz-win11-82jk00fnvn\/#breadcrumb"},"inLanguage":"vi","potentialAction":[{"@type":"ReadAction","target":["http:\/\/mau.hoabinhweb.com\/maytinh1\/san-pham\/laptop-lenovo-gaming-legion-5-15ith6-i7-11800h-16gb-512gb-4gb-rtx3050ti-165hz-win11-82jk00fnvn\/"]}]},{"@type":"BreadcrumbList","@id":"http:\/\/mau.hoabinhweb.com\/maytinh1\/san-pham\/laptop-lenovo-gaming-legion-5-15ith6-i7-11800h-16gb-512gb-4gb-rtx3050ti-165hz-win11-82jk00fnvn\/#breadcrumb","itemListElement":[{"@type":"ListItem","position":1,"name":"Trang ch\u1ee7","item":"https:\/\/mau.hoabinhweb.com\/maytinh1\/"},{"@type":"ListItem","position":2,"name":"S\u1ea3n ph\u1ea9m","item":"https:\/\/mau.hoabinhweb.com\/maytinh1\/san-pham\/"},{"@type":"ListItem","position":3,"name":"Tin t\u1ee9c","item":"http:\/\/mau.hoabinhweb.com\/maytinh1\/tin-tuc\/"},{"@type":"ListItem","position":4,"name":"Laptop Lenovo Gaming Legion 5 15ITH6 i7 11800H\/16GB\/512GB\/4GB RTX3050Ti\/165Hz\/Win11 (82JK00FNVN)"}]}]}},"_links":{"self":[{"href":"http:\/\/mau.hoabinhweb.com\/maytinh1\/wp-json\/wp\/v2\/product\/86","targetHints":{"allow":["GET"]}}],"collection":[{"href":"http:\/\/mau.hoabinhweb.com\/maytinh1\/wp-json\/wp\/v2\/product"}],"about":[{"href":"http:\/\/mau.hoabinhweb.com\/maytinh1\/wp-json\/wp\/v2\/types\/product"}],"replies":[{"embeddable":true,"href":"http:\/\/mau.hoabinhweb.com\/maytinh1\/wp-json\/wp\/v2\/comments?post=86"}],"wp:featuredmedia":[{"embeddable":true,"href":"http:\/\/mau.hoabinhweb.com\/maytinh1\/wp-json\/wp\/v2\/media\/305"}],"wp:attachment":[{"href":"http:\/\/mau.hoabinhweb.com\/maytinh1\/wp-json\/wp\/v2\/media?parent=86"}],"wp:term":[{"taxonomy":"product_cat","embeddable":true,"href":"http:\/\/mau.hoabinhweb.com\/maytinh1\/wp-json\/wp\/v2\/product_cat?post=86"},{"taxonomy":"product_tag","embeddable":true,"href":"http:\/\/mau.hoabinhweb.com\/maytinh1\/wp-json\/wp\/v2\/product_tag?post=86"}],"curies":[{"name":"wp","href":"https:\/\/api.w.org\/{rel}","templated":true}]}}