{"id":84,"date":"2022-03-24T14:27:50","date_gmt":"2022-03-24T07:27:50","guid":{"rendered":"https:\/\/webcam24h.net\/?post_type=product&#038;p=84"},"modified":"2022-05-18T07:04:47","modified_gmt":"2022-05-18T07:04:47","slug":"laptop-asus-gaming-rog-flow-z13-gz301z-i7-12700h-16gb-512gb-4gb-rtx3050-120hz-touch-pen-tui-win11-ld110w","status":"publish","type":"product","link":"http:\/\/mau.hoabinhweb.com\/maytinh1\/san-pham\/laptop-asus-gaming-rog-flow-z13-gz301z-i7-12700h-16gb-512gb-4gb-rtx3050-120hz-touch-pen-tui-win11-ld110w\/","title":{"rendered":"Laptop Asus Gaming ROG Flow Z13 GZ301Z i7 12700H\/16GB\/512GB\/4GB RTX3050\/120Hz\/Touch\/Pen\/T\u00fai\/Win11 (LD110W)"},"content":{"rendered":"<p>S\u1edf h\u1eefu s\u1ee9c m\u1ea1nh hi\u1ec7u n\u0103ng \u0111\u1ed9t ph\u00e1 c\u1ee7a d\u00f2ng\u00a0laptop CPU th\u1ebf h\u1ec7 12\u00a0v\u00e0 card m\u00e0n h\u00ecnh r\u1eddi NVIDIA c\u00f9ng thi\u1ebft k\u1ebf l\u00e0 s\u1ef1 c\u1ed9ng h\u01b0\u1edfng c\u1ee7a chi\u1ebfc m\u00e1y t\u00ednh b\u1ea3ng v\u00e0 chi\u1ebfc laptop gaming,\u00a0laptop Asus Gaming ROG Flow Z13 GZ301Z (LD110W)\u00a0s\u1eb5n s\u00e0ng chinh ph\u1ee5c m\u1ecdi \u0111\u1ea5u tr\u01b0\u1eddng \u1ea3o c\u00f9ng b\u1ea1n.<\/p>\n<p>\u2022 Mang trong m\u00ecnh\u00a0<strong>CPU Intel Core i7 Alder Lake<\/strong>\u00a0c\u00f3 s\u1ee9c m\u1ea1nh v\u01b0\u1ee3t tr\u1ed9i k\u1ebft h\u1ee3p c\u00f9ng card m\u00e0n h\u00ecnh r\u1eddi<strong>\u00a0NVIDIA RTX 3050 4 GB<\/strong>\u00a0gi\u1ea3i quy\u1ebft m\u1ecdi kh\u00f3 kh\u0103n trong thi\u1ebft k\u1ebf \u0111\u1ed3 ho\u1ea1 Adobe c\u0169ng nh\u01b0 ch\u01a1i t\u1ed1t c\u00e1c t\u1ef1a game \u0111\u00ecnh \u0111\u00e1m: GTA V, CS:GO, Cyberpunk 2077,&#8230;<\/p>\n<p>\u2022\u00a0Laptop Asus\u00a0s\u1edf h\u1eefu\u00a0<strong>RAM 16 GB<\/strong>\u00a0\u0111em l\u1ea1i tr\u1ea3i nghi\u1ec7m \u0111a nhi\u1ec7m m\u01b0\u1ee3t m\u00e0 c\u00e1c t\u00e1c v\u1ee5 k\u1ec3 c\u1ea3 \u0111\u1ed3ng th\u1eddi chi\u1ebfn game v\u00e0 nghe nh\u1ea1c nh\u01b0ng kh\u00f4ng g\u1eb7p ph\u1ea3i t\u00ecnh tr\u1ea1ng gi\u1eadt lag.\u00a0<strong>SSD 512 GB<\/strong>\u00a0cho t\u1ed1c \u0111\u1ed9 truy xu\u1ea5t d\u1eef li\u1ec7u, kh\u1edfi \u0111\u1ed9ng m\u00e1y t\u00ednh c\u1ef1c nhanh ch\u00f3ng.<\/p>\n<p>\u2022 M\u00e0n h\u00ecnh\u00a0<strong>13.4 inch<\/strong>\u00a0<strong>c\u1ea3m \u1ee9ng\u00a0<\/strong>c\u00f3 \u0111\u1ed9 ph\u00e2n gi\u1ea3i l\u00e0<strong>\u00a0WUXGA (1920 x 1200)<\/strong>, t\u1ea7n s\u1ed1 qu\u00e9t\u00a0<strong>120 Hz\u00a0<\/strong>\u1ed5n \u0111\u1ecbnh trong t\u1eebng khung h\u00ecnh, \u0111\u1ed9 s\u00e1ng\u00a0<strong>500 nits<\/strong>\u00a0cho m\u00e0u s\u1eafc t\u01b0\u01a1i s\u00e1ng, \u0111\u1ed9 t\u01b0\u01a1ng ph\u1ea3n cao. C\u00f4ng ngh\u1ec7\u00a0<strong>100% sRGB<\/strong>\u00a0cho m\u00e0u s\u1eafc ch\u00ednh x\u00e1c, t\u1ea5m n\u1ec1n\u00a0<strong>IPS\u00a0<\/strong>cho g\u00f3c nh\u00ecn ng\u01b0\u1eddi d\u00f9ng l\u00ean \u0111\u1ebfn\u00a0<strong>178 \u0111\u1ed9<\/strong>\u00a0\u0111em \u0111\u1ebfn kh\u00f4ng gian chi\u1ebfn game ph\u1ea5n kh\u00edch h\u01a1n bao gi\u1edd h\u1ebft.<\/p>\n<p>\u2022\u00a0Laptop Asus ROG\u00a0mang m\u1ed9t thi\u1ebft k\u1ebf sang tr\u1ecdng, \u0111\u1eb3ng c\u1ea5p nh\u01b0ng v\u1eabn gi\u1eef \u0111\u01b0\u1ee3c ch\u1ea5t gaming ri\u00eang bi\u1ec7t. Chi\u1ebfc m\u00e1y \u0111\u01b0\u1ee3c ho\u00e0n thi\u1ec7n t\u1eeb l\u1edbp<strong>\u00a0v\u1ecf nh\u1ef1a<\/strong>, m\u1eb7t l\u01b0ng b\u1eb1ng\u00a0<strong>v\u1ecf kim lo\u1ea1i<\/strong>\u00a0n\u00ean tr\u1ecdng l\u01b0\u1ee3ng ch\u1ec9\u00a0<strong>1.18 kg<\/strong>, \u0111\u1ed9 m\u1ecfng\u00a0<strong>12 mm<\/strong>\u00a0thu\u1eadn l\u1ee3i cho ng\u01b0\u1eddi d\u00f9ng mang theo b\u00ean m\u00ecnh m\u1ecdi l\u00fac.<\/p>\n<p>\u2022\u00a0<strong>\u0110\u00e8n n\u1ec1n b\u00e0n ph\u00edm RGB\u00a0<\/strong>chuy\u1ec3n m\u00e0u cho ph\u00e9p ng\u01b0\u1eddi d\u00f9ng c\u00e1 nh\u00e2n ho\u00e1 kh\u00f4ng gian gi\u1ea3i tr\u00ed c\u1ee7a ch\u00ednh m\u00ecnh.\u00a0<strong>B\u1ea3o m\u1eadt v\u00e2n tay<\/strong>\u00a0m\u1ed9t ch\u1ea1m gi\u00fap \u0111\u0103ng nh\u1eadp\u00a0laptop\u00a0nhanh h\u01a1n.<\/p>\n<p>\u2022 \u0110a d\u1ea1ng c\u1ed5ng giao ti\u1ebfp s\u1eb5n s\u00e0ng k\u1ebft n\u1ed1i v\u1edbi c\u00e1c thi\u1ebft b\u1ecb ngo\u1ea1i vi nh\u01b0\u00a0ROG XG Mobile Interface,\u00a0USB 3.2 Gen 2 Type-C, Thunderbolt 4 USB-C,\u00a0USB 2.0, khe \u0111\u1ecdc th\u1ebb Micro SD.<\/p>\n<p>\u2022 Tr\u1ea3i nghi\u1ec7m kh\u00f4ng gian th\u01b0 gi\u00e3n, \u0111\u1eafm ch\u00ecm nh\u1edd h\u1ec7 th\u1ed1ng \u00e2m thanh\u00a0<strong>Smart AMP<\/strong>\u00a0khu\u1ebfch \u0111\u1ea1i \u00e2m thanh gi\u00fap t\u00e1i t\u1ea1o ch\u1ea5t \u00e2m r\u00f5 n\u00e9t nh\u1ea5t c\u00f9ng c\u00f4ng ngh\u1ec7 \u00e2m v\u00f2m\u00a0<strong>Dolby Atmos<\/strong>, \u0111\u1ea1t chu\u1ea9n<strong>\u00a0Hi-Res tr\u00ean chi\u1ebfc\u00a0<\/strong>laptop gaming.<\/p>\n","protected":false},"excerpt":{"rendered":"<ul>\n<li>Giao h\u00e0ng tr\u00ean to\u00e0n qu\u1ed1c<\/li>\n<li>B\u1ea3o h\u00e0nh ch\u00ednh h\u00e3ng<\/li>\n<li>Cam k\u1ebft ch\u1ea5t l\u01b0\u1ee3ng<\/li>\n<li>Hotline t\u01b0 v\u1ea5n: 035 609 3690<\/li>\n<\/ul>\n","protected":false},"featured_media":307,"comment_status":"closed","ping_status":"closed","template":"","meta":[],"product_cat":[17,18,20,21,22,19,25,34,35,28,26,39,40,41,42,29,37,43,32,36,38,44,33,27,30,31,49,50,24,51,52,53,54,55,23],"product_tag":[],"class_list":["post-84","product","type-product","status-publish","has-post-thumbnail","hentry","product_cat-san-pham-ban-chay","product_cat-laptop-chinh-hang","product_cat-may-tinh-choi-game","product_cat-may-tinh-workstation","product_cat-man-hinh-may-tinh","product_cat-linh-kien-may-tinh","product_cat-cpu-bo-vi-xu-ly","product_cat-cpu-intel","product_cat-cpu-amd","product_cat-ram-bo-nho-trong","product_cat-ram-adata","product_cat-ram-corsair","product_cat-ram-kingston","product_cat-ram-kingmax","product_cat-ram-gskill","product_cat-mainboard","product_cat-mainboard-amd","product_cat-mainboard-intel","product_cat-psu-nguon-may-tinh","product_cat-nguon-corsair","product_cat-nguon-acbel","product_cat-nguon-seasonic","product_cat-nguon-thermaltake","product_cat-case-vo-may-tinh","product_cat-hdd-ssd-usb","product_cat-do-choi-may-tinh","product_cat-odd-o-dia-quang","product_cat-gia-treo-man-hinh","product_cat-vga-card-man-hinh","product_cat-phim-chuot-gaming-gear","product_cat-camera-dau-ghi-hinh","product_cat-ban-ghe-gaming","product_cat-lap-dat-phong-game","product_cat-thiet-bi-mang","product_cat-thiet-bi-van-phong"],"yoast_head":"<!-- This site is optimized with the Yoast SEO plugin v18.9 - https:\/\/yoast.com\/wordpress\/plugins\/seo\/ -->\n<title>Laptop Asus Gaming ROG Flow Z13 GZ301Z i7 12700H\/16GB\/512GB\/4GB RTX3050\/120Hz\/Touch\/Pen\/T\u00fai\/Win11 (LD110W) - Ho\u00e0 B\u00ecnh Web<\/title>\n<meta name=\"robots\" content=\"noindex, follow, max-snippet:-1, max-image-preview:large, max-video-preview:-1\" \/>\n<meta property=\"og:locale\" content=\"vi_VN\" \/>\n<meta property=\"og:type\" content=\"article\" \/>\n<meta property=\"og:title\" content=\"Laptop Asus Gaming ROG Flow Z13 GZ301Z i7 12700H\/16GB\/512GB\/4GB RTX3050\/120Hz\/Touch\/Pen\/T\u00fai\/Win11 (LD110W) - Ho\u00e0 B\u00ecnh Web\" \/>\n<meta property=\"og:description\" content=\"Giao h\u00e0ng tr\u00ean to\u00e0n qu\u1ed1c  B\u1ea3o h\u00e0nh ch\u00ednh h\u00e3ng  Cam k\u1ebft ch\u1ea5t l\u01b0\u1ee3ng  Hotline t\u01b0 v\u1ea5n: 035 609 3690\" \/>\n<meta property=\"og:url\" content=\"http:\/\/mau.hoabinhweb.com\/maytinh1\/san-pham\/laptop-asus-gaming-rog-flow-z13-gz301z-i7-12700h-16gb-512gb-4gb-rtx3050-120hz-touch-pen-tui-win11-ld110w\/\" \/>\n<meta property=\"og:site_name\" content=\"Ho\u00e0 B\u00ecnh Web\" \/>\n<meta property=\"article:modified_time\" content=\"2022-05-18T07:04:47+00:00\" \/>\n<meta property=\"og:image\" content=\"http:\/\/mau.hoabinhweb.com\/maytinh1\/wp-content\/uploads\/2022\/03\/sanpham-maytinh4.jpg\" \/>\n\t<meta property=\"og:image:width\" content=\"656\" \/>\n\t<meta property=\"og:image:height\" content=\"656\" \/>\n\t<meta property=\"og:image:type\" content=\"image\/jpeg\" \/>\n<meta name=\"twitter:card\" content=\"summary_large_image\" \/>\n<meta name=\"twitter:label1\" content=\"\u01af\u1edbc t\u00ednh th\u1eddi gian \u0111\u1ecdc\" \/>\n\t<meta name=\"twitter:data1\" content=\"3 ph\u00fat\" \/>\n<script type=\"application\/ld+json\" class=\"yoast-schema-graph\">{\"@context\":\"https:\/\/schema.org\",\"@graph\":[{\"@type\":\"WebSite\",\"@id\":\"https:\/\/mau.hoabinhweb.com\/maytinh1\/#website\",\"url\":\"https:\/\/mau.hoabinhweb.com\/maytinh1\/\",\"name\":\"Ho\u00e0 B\u00ecnh Web\",\"description\":\"\",\"potentialAction\":[{\"@type\":\"SearchAction\",\"target\":{\"@type\":\"EntryPoint\",\"urlTemplate\":\"https:\/\/mau.hoabinhweb.com\/maytinh1\/?s={search_term_string}\"},\"query-input\":\"required name=search_term_string\"}],\"inLanguage\":\"vi\"},{\"@type\":\"ImageObject\",\"inLanguage\":\"vi\",\"@id\":\"http:\/\/mau.hoabinhweb.com\/maytinh1\/san-pham\/laptop-asus-gaming-rog-flow-z13-gz301z-i7-12700h-16gb-512gb-4gb-rtx3050-120hz-touch-pen-tui-win11-ld110w\/#primaryimage\",\"url\":\"http:\/\/mau.hoabinhweb.com\/maytinh1\/wp-content\/uploads\/2022\/03\/sanpham-maytinh4.jpg\",\"contentUrl\":\"http:\/\/mau.hoabinhweb.com\/maytinh1\/wp-content\/uploads\/2022\/03\/sanpham-maytinh4.jpg\",\"width\":656,\"height\":656,\"caption\":\"Sanpham Maytinh4\"},{\"@type\":\"WebPage\",\"@id\":\"http:\/\/mau.hoabinhweb.com\/maytinh1\/san-pham\/laptop-asus-gaming-rog-flow-z13-gz301z-i7-12700h-16gb-512gb-4gb-rtx3050-120hz-touch-pen-tui-win11-ld110w\/#webpage\",\"url\":\"http:\/\/mau.hoabinhweb.com\/maytinh1\/san-pham\/laptop-asus-gaming-rog-flow-z13-gz301z-i7-12700h-16gb-512gb-4gb-rtx3050-120hz-touch-pen-tui-win11-ld110w\/\",\"name\":\"Laptop Asus Gaming ROG Flow Z13 GZ301Z i7 12700H\/16GB\/512GB\/4GB RTX3050\/120Hz\/Touch\/Pen\/T\u00fai\/Win11 (LD110W) - Ho\u00e0 B\u00ecnh Web\",\"isPartOf\":{\"@id\":\"https:\/\/mau.hoabinhweb.com\/maytinh1\/#website\"},\"primaryImageOfPage\":{\"@id\":\"http:\/\/mau.hoabinhweb.com\/maytinh1\/san-pham\/laptop-asus-gaming-rog-flow-z13-gz301z-i7-12700h-16gb-512gb-4gb-rtx3050-120hz-touch-pen-tui-win11-ld110w\/#primaryimage\"},\"datePublished\":\"2022-03-24T07:27:50+00:00\",\"dateModified\":\"2022-05-18T07:04:47+00:00\",\"breadcrumb\":{\"@id\":\"http:\/\/mau.hoabinhweb.com\/maytinh1\/san-pham\/laptop-asus-gaming-rog-flow-z13-gz301z-i7-12700h-16gb-512gb-4gb-rtx3050-120hz-touch-pen-tui-win11-ld110w\/#breadcrumb\"},\"inLanguage\":\"vi\",\"potentialAction\":[{\"@type\":\"ReadAction\",\"target\":[\"http:\/\/mau.hoabinhweb.com\/maytinh1\/san-pham\/laptop-asus-gaming-rog-flow-z13-gz301z-i7-12700h-16gb-512gb-4gb-rtx3050-120hz-touch-pen-tui-win11-ld110w\/\"]}]},{\"@type\":\"BreadcrumbList\",\"@id\":\"http:\/\/mau.hoabinhweb.com\/maytinh1\/san-pham\/laptop-asus-gaming-rog-flow-z13-gz301z-i7-12700h-16gb-512gb-4gb-rtx3050-120hz-touch-pen-tui-win11-ld110w\/#breadcrumb\",\"itemListElement\":[{\"@type\":\"ListItem\",\"position\":1,\"name\":\"Trang ch\u1ee7\",\"item\":\"https:\/\/mau.hoabinhweb.com\/maytinh1\/\"},{\"@type\":\"ListItem\",\"position\":2,\"name\":\"S\u1ea3n ph\u1ea9m\",\"item\":\"https:\/\/mau.hoabinhweb.com\/maytinh1\/san-pham\/\"},{\"@type\":\"ListItem\",\"position\":3,\"name\":\"Tin t\u1ee9c\",\"item\":\"http:\/\/mau.hoabinhweb.com\/maytinh1\/tin-tuc\/\"},{\"@type\":\"ListItem\",\"position\":4,\"name\":\"Laptop Asus Gaming ROG Flow Z13 GZ301Z i7 12700H\/16GB\/512GB\/4GB RTX3050\/120Hz\/Touch\/Pen\/T\u00fai\/Win11 (LD110W)\"}]}]}<\/script>\n<!-- \/ Yoast SEO plugin. -->","yoast_head_json":{"title":"Laptop Asus Gaming ROG Flow Z13 GZ301Z i7 12700H\/16GB\/512GB\/4GB RTX3050\/120Hz\/Touch\/Pen\/T\u00fai\/Win11 (LD110W) - Ho\u00e0 B\u00ecnh Web","robots":{"index":"noindex","follow":"follow","max-snippet":"max-snippet:-1","max-image-preview":"max-image-preview:large","max-video-preview":"max-video-preview:-1"},"og_locale":"vi_VN","og_type":"article","og_title":"Laptop Asus Gaming ROG Flow Z13 GZ301Z i7 12700H\/16GB\/512GB\/4GB RTX3050\/120Hz\/Touch\/Pen\/T\u00fai\/Win11 (LD110W) - Ho\u00e0 B\u00ecnh Web","og_description":"Giao h\u00e0ng tr\u00ean to\u00e0n qu\u1ed1c  B\u1ea3o h\u00e0nh ch\u00ednh h\u00e3ng  Cam k\u1ebft ch\u1ea5t l\u01b0\u1ee3ng  Hotline t\u01b0 v\u1ea5n: 035 609 3690","og_url":"http:\/\/mau.hoabinhweb.com\/maytinh1\/san-pham\/laptop-asus-gaming-rog-flow-z13-gz301z-i7-12700h-16gb-512gb-4gb-rtx3050-120hz-touch-pen-tui-win11-ld110w\/","og_site_name":"Ho\u00e0 B\u00ecnh Web","article_modified_time":"2022-05-18T07:04:47+00:00","og_image":[{"width":656,"height":656,"url":"http:\/\/mau.hoabinhweb.com\/maytinh1\/wp-content\/uploads\/2022\/03\/sanpham-maytinh4.jpg","type":"image\/jpeg"}],"twitter_card":"summary_large_image","twitter_misc":{"\u01af\u1edbc t\u00ednh th\u1eddi gian \u0111\u1ecdc":"3 ph\u00fat"},"schema":{"@context":"https:\/\/schema.org","@graph":[{"@type":"WebSite","@id":"https:\/\/mau.hoabinhweb.com\/maytinh1\/#website","url":"https:\/\/mau.hoabinhweb.com\/maytinh1\/","name":"Ho\u00e0 B\u00ecnh Web","description":"","potentialAction":[{"@type":"SearchAction","target":{"@type":"EntryPoint","urlTemplate":"https:\/\/mau.hoabinhweb.com\/maytinh1\/?s={search_term_string}"},"query-input":"required name=search_term_string"}],"inLanguage":"vi"},{"@type":"ImageObject","inLanguage":"vi","@id":"http:\/\/mau.hoabinhweb.com\/maytinh1\/san-pham\/laptop-asus-gaming-rog-flow-z13-gz301z-i7-12700h-16gb-512gb-4gb-rtx3050-120hz-touch-pen-tui-win11-ld110w\/#primaryimage","url":"http:\/\/mau.hoabinhweb.com\/maytinh1\/wp-content\/uploads\/2022\/03\/sanpham-maytinh4.jpg","contentUrl":"http:\/\/mau.hoabinhweb.com\/maytinh1\/wp-content\/uploads\/2022\/03\/sanpham-maytinh4.jpg","width":656,"height":656,"caption":"Sanpham Maytinh4"},{"@type":"WebPage","@id":"http:\/\/mau.hoabinhweb.com\/maytinh1\/san-pham\/laptop-asus-gaming-rog-flow-z13-gz301z-i7-12700h-16gb-512gb-4gb-rtx3050-120hz-touch-pen-tui-win11-ld110w\/#webpage","url":"http:\/\/mau.hoabinhweb.com\/maytinh1\/san-pham\/laptop-asus-gaming-rog-flow-z13-gz301z-i7-12700h-16gb-512gb-4gb-rtx3050-120hz-touch-pen-tui-win11-ld110w\/","name":"Laptop Asus Gaming ROG Flow Z13 GZ301Z i7 12700H\/16GB\/512GB\/4GB RTX3050\/120Hz\/Touch\/Pen\/T\u00fai\/Win11 (LD110W) - Ho\u00e0 B\u00ecnh Web","isPartOf":{"@id":"https:\/\/mau.hoabinhweb.com\/maytinh1\/#website"},"primaryImageOfPage":{"@id":"http:\/\/mau.hoabinhweb.com\/maytinh1\/san-pham\/laptop-asus-gaming-rog-flow-z13-gz301z-i7-12700h-16gb-512gb-4gb-rtx3050-120hz-touch-pen-tui-win11-ld110w\/#primaryimage"},"datePublished":"2022-03-24T07:27:50+00:00","dateModified":"2022-05-18T07:04:47+00:00","breadcrumb":{"@id":"http:\/\/mau.hoabinhweb.com\/maytinh1\/san-pham\/laptop-asus-gaming-rog-flow-z13-gz301z-i7-12700h-16gb-512gb-4gb-rtx3050-120hz-touch-pen-tui-win11-ld110w\/#breadcrumb"},"inLanguage":"vi","potentialAction":[{"@type":"ReadAction","target":["http:\/\/mau.hoabinhweb.com\/maytinh1\/san-pham\/laptop-asus-gaming-rog-flow-z13-gz301z-i7-12700h-16gb-512gb-4gb-rtx3050-120hz-touch-pen-tui-win11-ld110w\/"]}]},{"@type":"BreadcrumbList","@id":"http:\/\/mau.hoabinhweb.com\/maytinh1\/san-pham\/laptop-asus-gaming-rog-flow-z13-gz301z-i7-12700h-16gb-512gb-4gb-rtx3050-120hz-touch-pen-tui-win11-ld110w\/#breadcrumb","itemListElement":[{"@type":"ListItem","position":1,"name":"Trang ch\u1ee7","item":"https:\/\/mau.hoabinhweb.com\/maytinh1\/"},{"@type":"ListItem","position":2,"name":"S\u1ea3n ph\u1ea9m","item":"https:\/\/mau.hoabinhweb.com\/maytinh1\/san-pham\/"},{"@type":"ListItem","position":3,"name":"Tin t\u1ee9c","item":"http:\/\/mau.hoabinhweb.com\/maytinh1\/tin-tuc\/"},{"@type":"ListItem","position":4,"name":"Laptop Asus Gaming ROG Flow Z13 GZ301Z i7 12700H\/16GB\/512GB\/4GB RTX3050\/120Hz\/Touch\/Pen\/T\u00fai\/Win11 (LD110W)"}]}]}},"_links":{"self":[{"href":"http:\/\/mau.hoabinhweb.com\/maytinh1\/wp-json\/wp\/v2\/product\/84","targetHints":{"allow":["GET"]}}],"collection":[{"href":"http:\/\/mau.hoabinhweb.com\/maytinh1\/wp-json\/wp\/v2\/product"}],"about":[{"href":"http:\/\/mau.hoabinhweb.com\/maytinh1\/wp-json\/wp\/v2\/types\/product"}],"replies":[{"embeddable":true,"href":"http:\/\/mau.hoabinhweb.com\/maytinh1\/wp-json\/wp\/v2\/comments?post=84"}],"wp:featuredmedia":[{"embeddable":true,"href":"http:\/\/mau.hoabinhweb.com\/maytinh1\/wp-json\/wp\/v2\/media\/307"}],"wp:attachment":[{"href":"http:\/\/mau.hoabinhweb.com\/maytinh1\/wp-json\/wp\/v2\/media?parent=84"}],"wp:term":[{"taxonomy":"product_cat","embeddable":true,"href":"http:\/\/mau.hoabinhweb.com\/maytinh1\/wp-json\/wp\/v2\/product_cat?post=84"},{"taxonomy":"product_tag","embeddable":true,"href":"http:\/\/mau.hoabinhweb.com\/maytinh1\/wp-json\/wp\/v2\/product_tag?post=84"}],"curies":[{"name":"wp","href":"https:\/\/api.w.org\/{rel}","templated":true}]}}