{"id":82,"date":"2022-03-24T14:27:48","date_gmt":"2022-03-24T07:27:48","guid":{"rendered":"https:\/\/webcam24h.net\/?post_type=product&#038;p=82"},"modified":"2022-05-18T07:06:00","modified_gmt":"2022-05-18T07:06:00","slug":"laptop-gigabyte-gaming-g5-i5-10500h-16gb-512gb-6gb-rtx3060-144hz-win10-5s11130sh","status":"publish","type":"product","link":"http:\/\/mau.hoabinhweb.com\/maytinh1\/san-pham\/laptop-gigabyte-gaming-g5-i5-10500h-16gb-512gb-6gb-rtx3060-144hz-win10-5s11130sh\/","title":{"rendered":"Laptop GIGABYTE Gaming G5 i5 10500H\/16GB\/512GB\/6GB RTX3060\/144Hz\/Win10 (5S11130SH)"},"content":{"rendered":"<p>T\u00e1c chi\u1ebfn tr\u00ean m\u1ecdi chi\u1ebfn tr\u01b0\u1eddng \u1ea3o m\u1ed9t c\u00e1ch \u0111\u1ea7y thu\u1eadn l\u1ee3i c\u00f9ng\u00a0laptop\u00a0GIGABYTE Gaming G5 i5 (5S11130SH), v\u1edbi ki\u1ec3u d\u00e1ng m\u1ea1nh m\u1ebd c\u00f9ng hi\u1ec7u n\u0103ng t\u00e2n ti\u1ebfn, s\u1eb5n s\u00e0ng \u0111\u1ed3ng h\u00e0nh c\u00f9ng b\u1ea1n \u1edf b\u1ea5t k\u1ef3 \u0111\u00e2u.<\/p>\n<h3>S\u1ee9c m\u1ea1nh hi\u1ec7u n\u0103ng \u0111\u01b0\u1ee3c thi\u1ebft k\u1ebf t\u1ed1i t\u00e2n<\/h3>\n<p>X\u1eed l\u00fd nhanh g\u1ecdn v\u00e0 hi\u1ec7u qu\u1ea3 h\u00e0ng lo\u1ea1t t\u00e1c v\u1ee5 v\u0103n ph\u00f2ng tr\u00ean c\u00e1c \u1ee9ng d\u1ee5ng Word, Excel,.. nh\u1edd n\u0103ng su\u1ea5t v\u01b0\u1ee3t tr\u1ed9i c\u1ee7a CPU\u00a0Intel Core i5\u00a0<strong>Comet Lake 10500H<\/strong>\u00a0s\u1edf h\u1eefu c\u1ea5u tr\u00fac\u00a0<strong>6 nh\u00e2n 12 lu\u1ed3ng<\/strong>, cho t\u1ed1c \u0111\u1ed9 c\u01a1 b\u1ea3n\u00a0<strong>2.50 GHz\u00a0<\/strong>v\u00e0 \u0111\u1ea1t t\u1ed1i \u0111a l\u00ean \u0111\u1ebfn\u00a0<strong>4.5 GHz\u00a0<\/strong><strong>Turbo Boost,<\/strong>\u00a0\u0111\u1ed3ng th\u1eddi cho b\u1ea1n tr\u1ea3i nghi\u1ec7m\u00a0m\u1ecdi th\u1ec3 lo\u1ea1i game k\u1ecbch t\u00ednh nh\u01b0 Cyberpunk 2077, FIFA, PUBG: Battlegrounds,&#8230;<\/p>\n<p>\u0110a nhi\u1ec7m h\u01a1n bao gi\u1edd h\u1ebft khi s\u1edf h\u1eefu b\u1ed9 nh\u1edb\u00a0RAM 16 GB\u00a0chu\u1ea9n\u00a0<strong>DDR4 2 khe (1 khe 8 GB +\u00a01 khe 8 GB)<\/strong>\u00a0v\u1edbi t\u1ed1c \u0111\u1ed9 bus RAM\u00a0<strong>3200 MHz<\/strong>, h\u1ed7 tr\u1ee3 ng\u01b0\u1eddi d\u00f9ng m\u1edf v\u00e0 v\u1eadn h\u00e0nh nhi\u1ec1u \u1ee9ng d\u1ee5ng c\u00f9ng l\u00fac, cho ph\u00e9p di chuy\u1ec3n qua l\u1ea1i m\u00e0 kh\u00f4ng x\u1ea3y ra t\u00ecnh tr\u1ea1ng gi\u1eadt hay lag m\u00e1y. H\u01a1n th\u1ebf n\u1eefa, GIGABYTE c\u00f2n mang \u0111\u1ebfn kh\u1ea3 n\u0103ng n\u00e2ng c\u1ea5p RAM t\u1ed1i \u0111a l\u00ean \u0111\u1ebfn\u00a0<strong>64 GB<\/strong>, \u0111\u00e1p \u1ee9ng m\u1ecdi nhu c\u1ea7u c\u1ee7a b\u1ea1n.<\/p>\n<p><img decoding=\"async\" class=\" ls-is-cached lazyloaded\" title=\"GIGABYTE Gaming G5 i5 10500H (5S11130SH) - C\u1ea5u h\u00ecnh\" src=\"https:\/\/cdn.tgdd.vn\/Products\/Images\/44\/251426\/gigabyte-gaming-g5-i5-5s11130sh-4-1.jpg\" alt=\"GIGABYTE Gaming G5 i5 10500H (5S11130SH) - C\u1ea5u h\u00ecnh\" data-src=\"https:\/\/cdn.tgdd.vn\/Products\/Images\/44\/251426\/gigabyte-gaming-g5-i5-5s11130sh-4-1.jpg\" \/><\/p>\n<p>\u0110\u01b0\u1ee3c s\u1ea3n xu\u1ea5t d\u1ef1a tr\u00ean ki\u1ebfn tr\u00fac Ampere t\u00e2n ti\u1ebfn,\u00a0card \u0111\u1ed3 h\u1ecda r\u1eddi\u00a0<strong>NVIDIA<\/strong>\u00a0<strong>GeForce RTX\u00a03060, 6GB<\/strong>\u00a0cho ph\u00e9p ng\u01b0\u1eddi d\u00f9ng th\u1ecfa s\u1ee9c s\u00e1ng t\u1ea1o v\u1edbi vi\u1ec7c ch\u1ec9nh s\u1eeda h\u00ecnh \u1ea3nh, render video,&#8230; m\u1ed9t c\u00e1ch m\u01b0\u1ee3t m\u00e0 v\u1edbi c\u00e1c \u1ee9ng d\u1ee5ng nh\u00e0 Adobe. Kh\u00f4ng nh\u1eefng th\u1ebf b\u1ea1n s\u1ebd \u0111\u01b0\u1ee3c t\u1eadn h\u01b0\u1edfng c\u00e1c chuy\u1ec3n \u0111\u1ed9ng m\u01b0\u1ee3t m\u00e0 trong c\u00e1c t\u1ef1a game t\u1eeb \u0111\u01a1n gi\u1ea3n \u0111\u1ebfn ph\u1ee9c t\u1ea1p m\u00e0 kh\u00f4ng x\u1ea3y ra hi\u1ec7n t\u01b0\u1ee3ng gi\u1eadt lag hay b\u00f3ng ma.<\/p>\n<p><img decoding=\"async\" class=\" ls-is-cached lazyloaded\" title=\"GIGABYTE Gaming G5 i5 10500H (5S11130SH) - Card \u0111\u1ed3 ho\u1ea1\" src=\"https:\/\/cdn.tgdd.vn\/Products\/Images\/44\/251426\/gigabyte-gaming-g5-i5-5s11130sh-5-1.jpg\" alt=\"GIGABYTE Gaming G5 i5 10500H (5S11130SH) - Card \u0111\u1ed3 ho\u1ea1\" data-src=\"https:\/\/cdn.tgdd.vn\/Products\/Images\/44\/251426\/gigabyte-gaming-g5-i5-5s11130sh-5-1.jpg\" \/><\/p>\n<p>Kh\u00f4ng gian l\u01b0u tr\u1eef r\u1ed9ng l\u1edbn \u0111\u1ebfn t\u1eeb \u1ed5 c\u1ee9ng\u00a0SSD 512 GB<strong>\u00a0NVMe PCle<\/strong>, \u0111\u1ed3ng th\u1eddi h\u1ed7 tr\u1ee3 m\u1edf v\u00e0 v\u1eadn h\u00e0nh m\u00e1y hay c\u00e1c \u1ee9ng d\u1ee5ng m\u1ed9t c\u00e1ch nhanh ch\u00f3ng ch\u1ec9 trong v\u00e0i gi\u00e2y. \u0110\u1eb7c bi\u1ec7t, ng\u01b0\u1eddi d\u00f9ng c\u00f3 th\u1ec3 d\u1ec5 d\u00e0ng th\u00e1o l\u1eafp thay th\u1ebf b\u1eb1ng thanh kh\u00e1c t\u1ed1i \u0111a\u00a0<strong>1 TB<\/strong>, t\u1ed1i \u01b0u h\u01a1n cho m\u1ecdi y\u00eau c\u1ea7u t\u1eeb b\u1ea1n.<\/p>\n<p>N\u00e2ng c\u1ea5p b\u1ed9 nh\u1edb d\u1ec5 d\u00e0ng v\u00e0 thu\u1eadn l\u1ee3i h\u01a1n nh\u1edd\u00a0laptop\u00a0\u0111\u01b0\u1ee3c thi\u1ebft k\u1ebf th\u00eam khe c\u1eafm<strong>\u00a0HDD SATA\u00a0<\/strong>(n\u00e2ng c\u1ea5p t\u1ed1i \u0111a<strong>\u00a02 TB<\/strong>) v\u00e0\u00a0<strong>SSD M.2 PCIe m\u1edf r\u1ed9ng<\/strong>\u00a0(n\u00e2ng c\u1ea5p t\u1ed1i \u0111a\u00a0<strong>1 TB<\/strong>), h\u1ed7 tr\u1ee3 b\u1ea1n l\u00e0m vi\u1ec7c v\u00e0 gi\u1ea3i tr\u00ed tho\u1ea3i m\u00e1i h\u01a1n bao gi\u1edd h\u1ebft.<\/p>\n<p><img decoding=\"async\" class=\" ls-is-cached lazyloaded\" title=\"GIGABYTE Gaming G5 i5 10500H (5S11130SH) - SSD\" src=\"https:\/\/cdn.tgdd.vn\/Products\/Images\/44\/251426\/gigabyte-gaming-g5-i5-5s11130sh-6-1.jpg\" alt=\"GIGABYTE Gaming G5 i5 10500H (5S11130SH) - SSD\" data-src=\"https:\/\/cdn.tgdd.vn\/Products\/Images\/44\/251426\/gigabyte-gaming-g5-i5-5s11130sh-6-1.jpg\" \/><\/p>\n<h3>Ki\u1ec3u d\u00e1ng mang phong c\u00e1ch gaming \u0111\u1ea7y m\u1ea1nh m\u1ebd<\/h3>\n<p>Phi\u00ean b\u1ea3n\u00a0laptop GIGABYTE\u00a0n\u00e0y \u0111\u01b0\u1ee3c thi\u1ebft k\u1ebf b\u1ec1n b\u1ec9 v\u1edbi l\u1edbp v\u1ecf nh\u1ef1a b\u1ec1n ch\u1eafc c\u00f9ng gam m\u00e0u \u0111en trung t\u00ednh s\u1edf h\u1eefu tr\u1ecdng l\u01b0\u1ee3ng\u00a0<strong>2.2 kg<\/strong>\u00a0v\u00e0 d\u00e0y<strong>\u00a024.9 mm<\/strong>, s\u1eb5n s\u00e0ng chinh chi\u1ebfn c\u00f9ng b\u1ea1n \u1edf m\u1ecdi m\u1eb7t tr\u1eadn, linh ho\u1ea1t trong m\u1ecdi ho\u1ea1t \u0111\u1ed9ng.<\/p>\n<p><img decoding=\"async\" class=\" lazyloaded\" title=\"GIGABYTE Gaming G5 i5 10500H (5S11130SH) - Thi\u1ebft k\u1ebf\" src=\"https:\/\/cdn.tgdd.vn\/Products\/Images\/44\/251426\/gigabyte-gaming-g5-i5-5s11130sh-2-1.jpg\" alt=\"GIGABYTE Gaming G5 i5 10500H (5S11130SH) - Thi\u1ebft k\u1ebf\" data-src=\"https:\/\/cdn.tgdd.vn\/Products\/Images\/44\/251426\/gigabyte-gaming-g5-i5-5s11130sh-2-1.jpg\" \/><\/p>\n<p>B\u00e0n ph\u00edm v\u1edbi \u0111\u1ed9 n\u1ea3y t\u1ed1t, h\u00e0nh tr\u00ecnh ph\u00edm s\u00e2u \u0111\u01b0\u1ee3c trang b\u1ecb\u00a0<strong>\u0111\u00e8n n\u1ec1n<\/strong>, t\u1ea1o c\u1ea3m gi\u00e1c g\u00f5 ph\u00edm tho\u1ea3i m\u00e1i, thu\u1eadn l\u1ee3i cho qu\u00e1 tr\u00ecnh l\u00e0m vi\u1ec7c hay gi\u1ea3i tr\u00ed c\u1ee7a b\u1ea1n d\u00f9 \u1edf b\u1ea5t k\u1ef3 kh\u00f4ng gian \u00e1nh s\u00e1ng n\u00e0o.<\/p>\n<p><img decoding=\"async\" class=\" lazyloaded\" title=\"GIGABYTE Gaming G5 i5 10500H (5S11130SH) - \u0110\u00e8n n\u1ec1n\" src=\"https:\/\/cdn.tgdd.vn\/Products\/Images\/44\/251426\/gigabyte-gaming-g5-i5-5s11130sh-7-1.jpg\" alt=\"GIGABYTE Gaming G5 i5 10500H (5S11130SH) - \u0110\u00e8n n\u1ec1n\" data-src=\"https:\/\/cdn.tgdd.vn\/Products\/Images\/44\/251426\/gigabyte-gaming-g5-i5-5s11130sh-7-1.jpg\" \/><\/p>\n<p>Chi\u1ebfc\u00a0laptop gaming\u00a0n\u00e0y \u0111\u01b0\u1ee3c trang b\u1ecb c\u00e1c c\u1ed5ng giao ti\u1ebfp th\u00f4ng d\u1ee5ng nh\u01b0: 2 c\u1ed5ng USB 3.2, HDMI, Jack tai nghe 3.5 mm, LAN (RJ45), Mini DisplayPort, USB 2.0, USB Type-C v\u00e0 khe \u0111\u1ecdc th\u1ebb nh\u1edb SD, cho ph\u00e9p b\u1ea1n truy\u1ec1n xu\u1ea5t d\u1eef li\u1ec7u thu\u1eadn l\u1ee3i h\u01a1n, kh\u00f4ng c\u1ea7n chuy\u1ec3n \u0111\u1ed5i r\u01b0\u1eddm r\u00e0.<\/p>\n<p><img decoding=\"async\" class=\" lazyloaded\" title=\"GIGABYTE Gaming G5 i5 10500H (5S11130SH) - C\u1ed5ng k\u1ebft n\u1ed1i\" src=\"https:\/\/cdn.tgdd.vn\/Products\/Images\/44\/251426\/gigabyte-gaming-g5-i5-5s11130sh-11-1.jpg\" alt=\"GIGABYTE Gaming G5 i5 10500H (5S11130SH) - C\u1ed5ng k\u1ebft n\u1ed1i\" data-src=\"https:\/\/cdn.tgdd.vn\/Products\/Images\/44\/251426\/gigabyte-gaming-g5-i5-5s11130sh-11-1.jpg\" \/><\/p>\n<p>Thu\u1eadn l\u1ee3i trong su\u1ed1t qu\u00e1 tr\u00ecnh l\u00e0m vi\u1ec7c hay gi\u1ea3i tr\u00ed nh\u1edd c\u1ed5ng k\u1ebft n\u1ed1i kh\u00f4ng d\u00e2y\u00a0<strong>Bluetooth 5.2\u00a0<\/strong>v\u00e0<strong>\u00a0Wi-Fi 6 (802.11ax)<\/strong>, cho ph\u00e9p b\u1ea1n truy\u1ec1n t\u1ea3i d\u1eef li\u1ec7u v\u00e0 chia s\u1ebb th\u00f4ng tin d\u1ec5 d\u00e0ng h\u01a1n.<\/p>\n<p>GIGABYTE G5 s\u1edf h\u1eefu pin th\u00e1o r\u1eddi ti\u1ec7n l\u1ee3i c\u00f3 th\u1ec3 di chuy\u1ec3n d\u1ec5 d\u00e0ng m\u00e0 kh\u00f4ng c\u1ea7n \u0111em d\u00e2y s\u1ea1c r\u01b0\u1eddm r\u00e0 nh\u01b0ng pin r\u1eddi chi\u1ebfm m\u1ed9t di\u1ec7n t\u00edch kh\u00f4ng nh\u1ecf d\u01b0\u1edbi th\u00e2n m\u00e1y l\u00e0m m\u1ea5t \u0111i m\u1ed9t khe tho\u00e1t nhi\u1ec7t ph\u00eda sau khi\u1ebfn b\u00e0n ph\u00edm n\u00f3ng l\u00ean, g\u00e2y s\u1ef1 kh\u00f3 ch\u1ecbu khi b\u1ea1n thao t\u00e1c.<\/p>\n<h3>\u0110\u1eafm ch\u00ecm trong th\u1ebf gi\u1edbi \u1ea3o v\u1edbi h\u00ecnh \u1ea3nh c\u00f9ng \u00e2m thanh s\u1ed1ng \u0111\u1ed9ng<\/h3>\n<p>M\u00e0n h\u00ecnh vi\u1ec1n m\u1ecfng 15.6 inch\u00a0s\u1edf h\u1eefu \u0111\u1ed9 ph\u00e2n gi\u1ea3i\u00a0<strong>Full HD\u00a0(1920 x 1080)\u00a0<\/strong>mang \u0111\u1ebfn\u00a0cho ng\u01b0\u1eddi d\u00f9ng h\u00ecnh \u1ea3nh r\u00f5 n\u00e9t, c\u00f9ng c\u1ea3m gi\u00e1c ch\u00e2n th\u1eadt nh\u01b0 \u0111ang trong ch\u00ednh tr\u1eadn \u0111\u1ea5u nh\u1edd\u00a0t\u1ea7n s\u1ed1 qu\u00e9t 144 Hz\u00a0cho c\u00e1c chuy\u1ec3n \u0111\u1ed9ng tr\u01a1n tru, kh\u00f4ng lo x\u1ea3y ra hi\u1ec7n tr\u1ea1ng gi\u1eadt, lag hay x\u00e9 h\u00ecnh khi ch\u01a1i \u1edf c\u01b0\u1eddng \u0111\u1ed9 cao.<\/p>\n<p><img decoding=\"async\" class=\" lazyloaded\" title=\"GIGABYTE Gaming G5 i5 10500H (5S11130SH) - T\u1ea7n s\u1ed1 qu\u00e9t\" src=\"https:\/\/cdn.tgdd.vn\/Products\/Images\/44\/251426\/gigabyte-gaming-g5-i5-5s11130sh-9-1.jpg\" alt=\"GIGABYTE Gaming G5 i5 10500H (5S11130SH) - T\u1ea7n s\u1ed1 qu\u00e9t\" data-src=\"https:\/\/cdn.tgdd.vn\/Products\/Images\/44\/251426\/gigabyte-gaming-g5-i5-5s11130sh-9-1.jpg\" \/><\/p>\n<p>L\u00e0m vi\u1ec7c \u1edf c\u1ea3 \u0111i\u1ec1u ki\u1ec7n \u00e1nh s\u00e1ng k\u00e9m v\u1edbi khung h\u00ecnh r\u1ed9ng m\u1edf \u0111\u1ebfn\u00a0<strong>178 \u0111\u1ed9<\/strong>\u00a0t\u1eeb t\u1ea5m n\u1ec1n\u00a0<strong>IPS\u00a0<\/strong>m\u00e0 kh\u00f4ng lo m\u1eaft m\u1ecfi hay nh\u1ee9c nh\u1edd\u00a0c\u00f4ng ngh\u1ec7 ch\u1ed1ng ch\u00f3i Anti Glare, cho b\u1ea1n nh\u1eefng tr\u1ea3i nghi\u1ec7m tr\u1ecdn v\u1eb9n nh\u1ea5t.<\/p>\n<p><img decoding=\"async\" class=\" lazyloaded\" title=\"GIGABYTE Gaming G5 i5 10500H (5S11130SH) - M\u00e0n h\u00ecnh\" src=\"https:\/\/cdn.tgdd.vn\/Products\/Images\/44\/251426\/gigabyte-gaming-g5-i5-5s11130sh-8-1.jpg\" alt=\"GIGABYTE Gaming G5 i5 10500H (5S11130SH) - M\u00e0n h\u00ecnh\" data-src=\"https:\/\/cdn.tgdd.vn\/Products\/Images\/44\/251426\/gigabyte-gaming-g5-i5-5s11130sh-8-1.jpg\" \/><\/p>\n<p>C\u00f4ng ngh\u1ec7 \u00e2m thanh\u00a0DTS X:Ultra Audio\u00a0gi\u00fap t\u00e1i t\u1ea1o \u00e2m thanh ch\u00e2n th\u1eadt, \u0111\u00fang chu\u1ea9n cho b\u1ea1n \u0111\u1ecbnh v\u1ecb ch\u00ednh x\u00e1c v\u1ecb tr\u00ed c\u1ee7a \u0111\u1ed1i th\u1ee7 trong c\u00e1c chi\u1ebfn tr\u01b0\u1eddng \u1ea3o hay th\u01b0 gi\u00e3n c\u1ef1c tho\u1ea3i m\u00e1i v\u1edbi h\u00e0ng lo\u1ea1t b\u00e0i h\u00e1t hay phim \u1ea3nh th\u1ecbnh h\u00e0nh.<\/p>\n<p><img decoding=\"async\" class=\" lazyloaded\" title=\"GIGABYTE Gaming G5 i5 10500H (5S11130SH) - \u00c2m thanh\" src=\"https:\/\/cdn.tgdd.vn\/Products\/Images\/44\/251426\/gigabyte-gaming-g5-i5-5s11130sh-10-1.jpg\" alt=\"GIGABYTE Gaming G5 i5 10500H (5S11130SH) - \u00c2m thanh\" data-src=\"https:\/\/cdn.tgdd.vn\/Products\/Images\/44\/251426\/gigabyte-gaming-g5-i5-5s11130sh-10-1.jpg\" \/><\/p>\n<p>Laptop GIGABYTE Gaming G5 i5 10500H (5S11130SH) v\u1edbi ki\u1ec3u d\u00e1ng \u0111\u01b0\u1ee3c thi\u1ebft k\u1ebf m\u1ea1nh m\u1ebd c\u00f9ng hi\u1ec7u n\u0103ng v\u01b0\u1ee3t tr\u1ed9i, ph\u00e1t huy t\u1ed1i \u0111a n\u0103ng su\u1ea5t trong m\u1ecdi c\u00f4ng vi\u1ec7c, tr\u1edf th\u00e0nh ng\u01b0\u1eddi c\u1ed9ng s\u1ef1 \u0111\u1eafc l\u1ef1c cho b\u1ea5t k\u1ef3 ai.<\/p>\n","protected":false},"excerpt":{"rendered":"<ul>\n<li>Giao h\u00e0ng tr\u00ean to\u00e0n qu\u1ed1c<\/li>\n<li>B\u1ea3o h\u00e0nh ch\u00ednh h\u00e3ng<\/li>\n<li>Cam k\u1ebft ch\u1ea5t l\u01b0\u1ee3ng<\/li>\n<li>Hotline t\u01b0 v\u1ea5n: 035 609 3690<\/li>\n<\/ul>\n","protected":false},"featured_media":309,"comment_status":"closed","ping_status":"closed","template":"","meta":[],"product_cat":[17,18,20,21,22,19,25,34,35,28,26,39,40,41,42,29,37,43,32,36,38,44,33,27,30,31,49,50,24,51,52,53,54,55,23],"product_tag":[],"class_list":["post-82","product","type-product","status-publish","has-post-thumbnail","hentry","product_cat-san-pham-ban-chay","product_cat-laptop-chinh-hang","product_cat-may-tinh-choi-game","product_cat-may-tinh-workstation","product_cat-man-hinh-may-tinh","product_cat-linh-kien-may-tinh","product_cat-cpu-bo-vi-xu-ly","product_cat-cpu-intel","product_cat-cpu-amd","product_cat-ram-bo-nho-trong","product_cat-ram-adata","product_cat-ram-corsair","product_cat-ram-kingston","product_cat-ram-kingmax","product_cat-ram-gskill","product_cat-mainboard","product_cat-mainboard-amd","product_cat-mainboard-intel","product_cat-psu-nguon-may-tinh","product_cat-nguon-corsair","product_cat-nguon-acbel","product_cat-nguon-seasonic","product_cat-nguon-thermaltake","product_cat-case-vo-may-tinh","product_cat-hdd-ssd-usb","product_cat-do-choi-may-tinh","product_cat-odd-o-dia-quang","product_cat-gia-treo-man-hinh","product_cat-vga-card-man-hinh","product_cat-phim-chuot-gaming-gear","product_cat-camera-dau-ghi-hinh","product_cat-ban-ghe-gaming","product_cat-lap-dat-phong-game","product_cat-thiet-bi-mang","product_cat-thiet-bi-van-phong"],"yoast_head":"<!-- This site is optimized with the Yoast SEO plugin v18.9 - https:\/\/yoast.com\/wordpress\/plugins\/seo\/ -->\n<title>Laptop GIGABYTE Gaming G5 i5 10500H\/16GB\/512GB\/6GB RTX3060\/144Hz\/Win10 (5S11130SH) - Ho\u00e0 B\u00ecnh Web<\/title>\n<meta name=\"robots\" content=\"noindex, follow, max-snippet:-1, max-image-preview:large, max-video-preview:-1\" \/>\n<meta property=\"og:locale\" content=\"vi_VN\" \/>\n<meta property=\"og:type\" content=\"article\" \/>\n<meta property=\"og:title\" content=\"Laptop GIGABYTE Gaming G5 i5 10500H\/16GB\/512GB\/6GB RTX3060\/144Hz\/Win10 (5S11130SH) - Ho\u00e0 B\u00ecnh Web\" \/>\n<meta property=\"og:description\" content=\"Giao h\u00e0ng tr\u00ean to\u00e0n qu\u1ed1c  B\u1ea3o h\u00e0nh ch\u00ednh h\u00e3ng  Cam k\u1ebft ch\u1ea5t l\u01b0\u1ee3ng  Hotline t\u01b0 v\u1ea5n: 035 609 3690\" \/>\n<meta property=\"og:url\" content=\"http:\/\/mau.hoabinhweb.com\/maytinh1\/san-pham\/laptop-gigabyte-gaming-g5-i5-10500h-16gb-512gb-6gb-rtx3060-144hz-win10-5s11130sh\/\" \/>\n<meta property=\"og:site_name\" content=\"Ho\u00e0 B\u00ecnh Web\" \/>\n<meta property=\"article:modified_time\" content=\"2022-05-18T07:06:00+00:00\" \/>\n<meta property=\"og:image\" content=\"http:\/\/mau.hoabinhweb.com\/maytinh1\/wp-content\/uploads\/2022\/03\/sanpham-maytinh6.jpg\" \/>\n\t<meta property=\"og:image:width\" content=\"656\" \/>\n\t<meta property=\"og:image:height\" content=\"656\" \/>\n\t<meta property=\"og:image:type\" content=\"image\/jpeg\" \/>\n<meta name=\"twitter:card\" content=\"summary_large_image\" \/>\n<meta name=\"twitter:label1\" content=\"\u01af\u1edbc t\u00ednh th\u1eddi gian \u0111\u1ecdc\" \/>\n\t<meta name=\"twitter:data1\" content=\"7 ph\u00fat\" \/>\n<script type=\"application\/ld+json\" class=\"yoast-schema-graph\">{\"@context\":\"https:\/\/schema.org\",\"@graph\":[{\"@type\":\"WebSite\",\"@id\":\"https:\/\/mau.hoabinhweb.com\/maytinh1\/#website\",\"url\":\"https:\/\/mau.hoabinhweb.com\/maytinh1\/\",\"name\":\"Ho\u00e0 B\u00ecnh Web\",\"description\":\"\",\"potentialAction\":[{\"@type\":\"SearchAction\",\"target\":{\"@type\":\"EntryPoint\",\"urlTemplate\":\"https:\/\/mau.hoabinhweb.com\/maytinh1\/?s={search_term_string}\"},\"query-input\":\"required name=search_term_string\"}],\"inLanguage\":\"vi\"},{\"@type\":\"ImageObject\",\"inLanguage\":\"vi\",\"@id\":\"http:\/\/mau.hoabinhweb.com\/maytinh1\/san-pham\/laptop-gigabyte-gaming-g5-i5-10500h-16gb-512gb-6gb-rtx3060-144hz-win10-5s11130sh\/#primaryimage\",\"url\":\"http:\/\/mau.hoabinhweb.com\/maytinh1\/wp-content\/uploads\/2022\/03\/sanpham-maytinh6.jpg\",\"contentUrl\":\"http:\/\/mau.hoabinhweb.com\/maytinh1\/wp-content\/uploads\/2022\/03\/sanpham-maytinh6.jpg\",\"width\":656,\"height\":656,\"caption\":\"Sanpham Maytinh6\"},{\"@type\":\"WebPage\",\"@id\":\"http:\/\/mau.hoabinhweb.com\/maytinh1\/san-pham\/laptop-gigabyte-gaming-g5-i5-10500h-16gb-512gb-6gb-rtx3060-144hz-win10-5s11130sh\/#webpage\",\"url\":\"http:\/\/mau.hoabinhweb.com\/maytinh1\/san-pham\/laptop-gigabyte-gaming-g5-i5-10500h-16gb-512gb-6gb-rtx3060-144hz-win10-5s11130sh\/\",\"name\":\"Laptop GIGABYTE Gaming G5 i5 10500H\/16GB\/512GB\/6GB RTX3060\/144Hz\/Win10 (5S11130SH) - Ho\u00e0 B\u00ecnh Web\",\"isPartOf\":{\"@id\":\"https:\/\/mau.hoabinhweb.com\/maytinh1\/#website\"},\"primaryImageOfPage\":{\"@id\":\"http:\/\/mau.hoabinhweb.com\/maytinh1\/san-pham\/laptop-gigabyte-gaming-g5-i5-10500h-16gb-512gb-6gb-rtx3060-144hz-win10-5s11130sh\/#primaryimage\"},\"datePublished\":\"2022-03-24T07:27:48+00:00\",\"dateModified\":\"2022-05-18T07:06:00+00:00\",\"breadcrumb\":{\"@id\":\"http:\/\/mau.hoabinhweb.com\/maytinh1\/san-pham\/laptop-gigabyte-gaming-g5-i5-10500h-16gb-512gb-6gb-rtx3060-144hz-win10-5s11130sh\/#breadcrumb\"},\"inLanguage\":\"vi\",\"potentialAction\":[{\"@type\":\"ReadAction\",\"target\":[\"http:\/\/mau.hoabinhweb.com\/maytinh1\/san-pham\/laptop-gigabyte-gaming-g5-i5-10500h-16gb-512gb-6gb-rtx3060-144hz-win10-5s11130sh\/\"]}]},{\"@type\":\"BreadcrumbList\",\"@id\":\"http:\/\/mau.hoabinhweb.com\/maytinh1\/san-pham\/laptop-gigabyte-gaming-g5-i5-10500h-16gb-512gb-6gb-rtx3060-144hz-win10-5s11130sh\/#breadcrumb\",\"itemListElement\":[{\"@type\":\"ListItem\",\"position\":1,\"name\":\"Trang ch\u1ee7\",\"item\":\"https:\/\/mau.hoabinhweb.com\/maytinh1\/\"},{\"@type\":\"ListItem\",\"position\":2,\"name\":\"S\u1ea3n ph\u1ea9m\",\"item\":\"https:\/\/mau.hoabinhweb.com\/maytinh1\/san-pham\/\"},{\"@type\":\"ListItem\",\"position\":3,\"name\":\"Tin t\u1ee9c\",\"item\":\"http:\/\/mau.hoabinhweb.com\/maytinh1\/tin-tuc\/\"},{\"@type\":\"ListItem\",\"position\":4,\"name\":\"Laptop GIGABYTE Gaming G5 i5 10500H\/16GB\/512GB\/6GB RTX3060\/144Hz\/Win10 (5S11130SH)\"}]}]}<\/script>\n<!-- \/ Yoast SEO plugin. -->","yoast_head_json":{"title":"Laptop GIGABYTE Gaming G5 i5 10500H\/16GB\/512GB\/6GB RTX3060\/144Hz\/Win10 (5S11130SH) - Ho\u00e0 B\u00ecnh Web","robots":{"index":"noindex","follow":"follow","max-snippet":"max-snippet:-1","max-image-preview":"max-image-preview:large","max-video-preview":"max-video-preview:-1"},"og_locale":"vi_VN","og_type":"article","og_title":"Laptop GIGABYTE Gaming G5 i5 10500H\/16GB\/512GB\/6GB RTX3060\/144Hz\/Win10 (5S11130SH) - Ho\u00e0 B\u00ecnh Web","og_description":"Giao h\u00e0ng tr\u00ean to\u00e0n qu\u1ed1c  B\u1ea3o h\u00e0nh ch\u00ednh h\u00e3ng  Cam k\u1ebft ch\u1ea5t l\u01b0\u1ee3ng  Hotline t\u01b0 v\u1ea5n: 035 609 3690","og_url":"http:\/\/mau.hoabinhweb.com\/maytinh1\/san-pham\/laptop-gigabyte-gaming-g5-i5-10500h-16gb-512gb-6gb-rtx3060-144hz-win10-5s11130sh\/","og_site_name":"Ho\u00e0 B\u00ecnh Web","article_modified_time":"2022-05-18T07:06:00+00:00","og_image":[{"width":656,"height":656,"url":"http:\/\/mau.hoabinhweb.com\/maytinh1\/wp-content\/uploads\/2022\/03\/sanpham-maytinh6.jpg","type":"image\/jpeg"}],"twitter_card":"summary_large_image","twitter_misc":{"\u01af\u1edbc t\u00ednh th\u1eddi gian \u0111\u1ecdc":"7 ph\u00fat"},"schema":{"@context":"https:\/\/schema.org","@graph":[{"@type":"WebSite","@id":"https:\/\/mau.hoabinhweb.com\/maytinh1\/#website","url":"https:\/\/mau.hoabinhweb.com\/maytinh1\/","name":"Ho\u00e0 B\u00ecnh Web","description":"","potentialAction":[{"@type":"SearchAction","target":{"@type":"EntryPoint","urlTemplate":"https:\/\/mau.hoabinhweb.com\/maytinh1\/?s={search_term_string}"},"query-input":"required name=search_term_string"}],"inLanguage":"vi"},{"@type":"ImageObject","inLanguage":"vi","@id":"http:\/\/mau.hoabinhweb.com\/maytinh1\/san-pham\/laptop-gigabyte-gaming-g5-i5-10500h-16gb-512gb-6gb-rtx3060-144hz-win10-5s11130sh\/#primaryimage","url":"http:\/\/mau.hoabinhweb.com\/maytinh1\/wp-content\/uploads\/2022\/03\/sanpham-maytinh6.jpg","contentUrl":"http:\/\/mau.hoabinhweb.com\/maytinh1\/wp-content\/uploads\/2022\/03\/sanpham-maytinh6.jpg","width":656,"height":656,"caption":"Sanpham Maytinh6"},{"@type":"WebPage","@id":"http:\/\/mau.hoabinhweb.com\/maytinh1\/san-pham\/laptop-gigabyte-gaming-g5-i5-10500h-16gb-512gb-6gb-rtx3060-144hz-win10-5s11130sh\/#webpage","url":"http:\/\/mau.hoabinhweb.com\/maytinh1\/san-pham\/laptop-gigabyte-gaming-g5-i5-10500h-16gb-512gb-6gb-rtx3060-144hz-win10-5s11130sh\/","name":"Laptop GIGABYTE Gaming G5 i5 10500H\/16GB\/512GB\/6GB RTX3060\/144Hz\/Win10 (5S11130SH) - Ho\u00e0 B\u00ecnh Web","isPartOf":{"@id":"https:\/\/mau.hoabinhweb.com\/maytinh1\/#website"},"primaryImageOfPage":{"@id":"http:\/\/mau.hoabinhweb.com\/maytinh1\/san-pham\/laptop-gigabyte-gaming-g5-i5-10500h-16gb-512gb-6gb-rtx3060-144hz-win10-5s11130sh\/#primaryimage"},"datePublished":"2022-03-24T07:27:48+00:00","dateModified":"2022-05-18T07:06:00+00:00","breadcrumb":{"@id":"http:\/\/mau.hoabinhweb.com\/maytinh1\/san-pham\/laptop-gigabyte-gaming-g5-i5-10500h-16gb-512gb-6gb-rtx3060-144hz-win10-5s11130sh\/#breadcrumb"},"inLanguage":"vi","potentialAction":[{"@type":"ReadAction","target":["http:\/\/mau.hoabinhweb.com\/maytinh1\/san-pham\/laptop-gigabyte-gaming-g5-i5-10500h-16gb-512gb-6gb-rtx3060-144hz-win10-5s11130sh\/"]}]},{"@type":"BreadcrumbList","@id":"http:\/\/mau.hoabinhweb.com\/maytinh1\/san-pham\/laptop-gigabyte-gaming-g5-i5-10500h-16gb-512gb-6gb-rtx3060-144hz-win10-5s11130sh\/#breadcrumb","itemListElement":[{"@type":"ListItem","position":1,"name":"Trang ch\u1ee7","item":"https:\/\/mau.hoabinhweb.com\/maytinh1\/"},{"@type":"ListItem","position":2,"name":"S\u1ea3n ph\u1ea9m","item":"https:\/\/mau.hoabinhweb.com\/maytinh1\/san-pham\/"},{"@type":"ListItem","position":3,"name":"Tin t\u1ee9c","item":"http:\/\/mau.hoabinhweb.com\/maytinh1\/tin-tuc\/"},{"@type":"ListItem","position":4,"name":"Laptop GIGABYTE Gaming G5 i5 10500H\/16GB\/512GB\/6GB RTX3060\/144Hz\/Win10 (5S11130SH)"}]}]}},"_links":{"self":[{"href":"http:\/\/mau.hoabinhweb.com\/maytinh1\/wp-json\/wp\/v2\/product\/82","targetHints":{"allow":["GET"]}}],"collection":[{"href":"http:\/\/mau.hoabinhweb.com\/maytinh1\/wp-json\/wp\/v2\/product"}],"about":[{"href":"http:\/\/mau.hoabinhweb.com\/maytinh1\/wp-json\/wp\/v2\/types\/product"}],"replies":[{"embeddable":true,"href":"http:\/\/mau.hoabinhweb.com\/maytinh1\/wp-json\/wp\/v2\/comments?post=82"}],"wp:featuredmedia":[{"embeddable":true,"href":"http:\/\/mau.hoabinhweb.com\/maytinh1\/wp-json\/wp\/v2\/media\/309"}],"wp:attachment":[{"href":"http:\/\/mau.hoabinhweb.com\/maytinh1\/wp-json\/wp\/v2\/media?parent=82"}],"wp:term":[{"taxonomy":"product_cat","embeddable":true,"href":"http:\/\/mau.hoabinhweb.com\/maytinh1\/wp-json\/wp\/v2\/product_cat?post=82"},{"taxonomy":"product_tag","embeddable":true,"href":"http:\/\/mau.hoabinhweb.com\/maytinh1\/wp-json\/wp\/v2\/product_tag?post=82"}],"curies":[{"name":"wp","href":"https:\/\/api.w.org\/{rel}","templated":true}]}}