{"id":81,"date":"2022-03-24T14:27:47","date_gmt":"2022-03-24T07:27:47","guid":{"rendered":"https:\/\/webcam24h.net\/?post_type=product&#038;p=81"},"modified":"2022-05-18T07:06:38","modified_gmt":"2022-05-18T07:06:38","slug":"laptop-hp-gaming-victus-16-d0198tx-i7-11800h-8gb-32gb512gb-4gb-rtx3050ti-win11-4r0u0pa","status":"publish","type":"product","link":"http:\/\/mau.hoabinhweb.com\/maytinh1\/san-pham\/laptop-hp-gaming-victus-16-d0198tx-i7-11800h-8gb-32gb512gb-4gb-rtx3050ti-win11-4r0u0pa\/","title":{"rendered":"Laptop HP Gaming VICTUS 16 d0198TX i7 11800H\/8GB\/32GB+512GB\/4GB RTX3050Ti\/Win11 (4R0U0PA)"},"content":{"rendered":"<p>Laptop HP Gaming VICTUS 16 d0198TX (4R0U0PA)\u00a0l\u00e0 chi\u1ebfc laptop gaming m\u1ea1nh m\u1ebd v\u1edbi v\u1ebb ngo\u00e0i c\u00e1 t\u00ednh, s\u1eb5n s\u00e0ng t\u00e1c chi\u1ebfn c\u00f9ng b\u1ea1n tr\u00ean m\u1ecdi chi\u1ebfn tr\u01b0\u1eddng \u1ea3o.<\/p>\n<p>\u2022 CPU\u00a0<strong>Intel Core i7 Tiger Lake 11800H<\/strong>\u00a0v\u1eadn h\u00e0nh tr\u01a1n tru nhu c\u1ea7u h\u1ecdc t\u1eadp, v\u0103n ph\u00f2ng. Card r\u1eddi\u00a0<strong>NVIDIA GeForce RTX3050Ti, 4 GB<\/strong>\u00a0x\u1eed l\u00fd \u1ed5n \u0111\u1ecbnh c\u00e1c t\u00e1c v\u1ee5 \u0111\u1ed3 ho\u1ea1, bi\u00ean t\u1eadp video, chi\u1ebfn c\u00e1c t\u1ef1a game h\u1ea5p d\u1eabn.<\/p>\n<p>\u2022 Kh\u00f4ng gian hi\u1ec3n th\u1ecb r\u1ed9ng l\u1edbn v\u1edbi g\u00f3c nh\u00ecn r\u1ed9ng l\u00ean \u0111\u1ebfn<strong>\u00a0178 \u0111\u1ed9\u00a0<\/strong>tr\u00ean<strong>\u00a0<\/strong>laptop<strong>\u00a0<\/strong>HP VICTUS\u00a0nh\u1edd k\u00edch th\u01b0\u1edbc\u00a0<strong>m\u00e0n h\u00ecnh 16.1 inch<\/strong>\u00a0c\u00f9ng<strong>\u00a0t\u1ea5m n\u1ec1n IPS\u00a0<\/strong>ti\u00ean ti\u1ebfn. \u0110\u1ed9 s\u00e1ng\u00a0<strong>250 nits\u00a0<\/strong>v\u00e0 c\u00f4ng ngh\u1ec7\u00a0<strong>Anti Glare<\/strong>\u00a0h\u1ea1n ch\u1ebf ch\u1ed1ng ch\u00f3i, lo\u00e1 \u1edf n\u01a1i c\u00f3 \u00e1nh s\u00e1ng m\u1ea1nh.<\/p>\n<p>\u2022 T\u1ea7n s\u1ed1 qu\u00e9t\u00a0<strong>144 Hz\u00a0<\/strong>gi\u00fap\u00a0h\u00ecnh \u1ea3nh<strong>\u00a0<\/strong>chuy\u1ec3n \u0111\u1ed9ng v\u00f4 c\u00f9ng ch\u00e2n th\u1ef1c, h\u1ea1n ch\u1ebf m\u1edd h\u00ecnh hay x\u00e9 h\u00ecnh.<\/p>\n<p>\u2022\u00a0Laptop\u00a0c\u00f3 l\u1edbp\u00a0<strong>v\u1ecf nh\u1ef1a<\/strong>\u00a0c\u1ee9ng c\u00e1p v\u1edbi gam m\u00e0u \u0111en nh\u00e1m sang tr\u1ecdng. Tr\u1ecdng l\u01b0\u1ee3ng\u00a0<strong>2.46 kg<\/strong>\u00a0v\u1eabn c\u00f3 th\u1ec3 ch\u1ea5p nh\u1eadn \u0111\u01b0\u1ee3c so v\u1edbi d\u00f2ng\u00a0laptop gaming, lu\u00f4n s\u1eb5n s\u00e0ng \u0111\u1ed3ng h\u00e0nh c\u00f9ng b\u1ea1n \u0111\u1ebfn b\u1ea5t c\u1ee9 n\u01a1i \u0111\u00e2u.<\/p>\n<p>\u2022\u00a0Laptop HP\u00a0\u0111\u01b0\u1ee3c trang b\u1ecb\u00a0<strong>\u0111\u00e8n n\u1ec1n \u0111\u01a1n s\u1eafc<\/strong>\u00a0n\u1ed5i b\u1eadt h\u1ed7 tr\u1ee3 s\u1eed d\u1ee5ng trong m\u00f4i tr\u01b0\u1eddng thi\u1ebfu s\u00e1ng.<\/p>\n<p>\u2022 \u0110a nhi\u1ec7m m\u01b0\u1ee3t m\u00e0 nh\u1edd b\u1ed9 nh\u1edb\u00a0RAM 8 GB. \u1ed4<strong>\u00a0<\/strong>c\u1ee9ng<strong>\u00a0512 GB SSD<\/strong><strong>\u00a0<\/strong>cung c\u1ea5p kh\u00f4ng gian l\u01b0u tr\u1eef \u0111\u1ee7 d\u00f9ng.<\/p>\n<p>\u2022 C\u00f4ng ngh\u1ec7\u00a0<strong>Bang &amp; Olufsen audio<\/strong>\u00a0v\u1edbi \u00e2m bass b\u1ec1n ch\u1eafc, to r\u00f5 cho b\u1ea1n\u00a0tr\u1ecdn v\u1eb9n kho\u1ea3nh kh\u1eafc th\u01b0 gi\u00e3n.<\/p>\n<p>\u2022 Trang b\u1ecb \u0111a d\u1ea1ng c\u00e1c c\u1ed5ng k\u1ebft n\u1ed1i nh\u01b0 SuperSpeed USB Type-C, 3 x SuperSpeed USB A, HDMI v\u00e0 LAN (RJ45).<\/p>\n","protected":false},"excerpt":{"rendered":"<ul>\n<li>Giao h\u00e0ng tr\u00ean to\u00e0n qu\u1ed1c<\/li>\n<li>B\u1ea3o h\u00e0nh ch\u00ednh h\u00e3ng<\/li>\n<li>Cam k\u1ebft ch\u1ea5t l\u01b0\u1ee3ng<\/li>\n<li>Hotline t\u01b0 v\u1ea5n: 035 609 3690<\/li>\n<\/ul>\n","protected":false},"featured_media":310,"comment_status":"closed","ping_status":"closed","template":"","meta":[],"product_cat":[17,18,20,21,22,19,25,34,35,28,26,39,40,41,42,29,37,43,32,36,38,44,33,27,30,31,49,50,24,51,52,53,54,55,23],"product_tag":[],"class_list":["post-81","product","type-product","status-publish","has-post-thumbnail","hentry","product_cat-san-pham-ban-chay","product_cat-laptop-chinh-hang","product_cat-may-tinh-choi-game","product_cat-may-tinh-workstation","product_cat-man-hinh-may-tinh","product_cat-linh-kien-may-tinh","product_cat-cpu-bo-vi-xu-ly","product_cat-cpu-intel","product_cat-cpu-amd","product_cat-ram-bo-nho-trong","product_cat-ram-adata","product_cat-ram-corsair","product_cat-ram-kingston","product_cat-ram-kingmax","product_cat-ram-gskill","product_cat-mainboard","product_cat-mainboard-amd","product_cat-mainboard-intel","product_cat-psu-nguon-may-tinh","product_cat-nguon-corsair","product_cat-nguon-acbel","product_cat-nguon-seasonic","product_cat-nguon-thermaltake","product_cat-case-vo-may-tinh","product_cat-hdd-ssd-usb","product_cat-do-choi-may-tinh","product_cat-odd-o-dia-quang","product_cat-gia-treo-man-hinh","product_cat-vga-card-man-hinh","product_cat-phim-chuot-gaming-gear","product_cat-camera-dau-ghi-hinh","product_cat-ban-ghe-gaming","product_cat-lap-dat-phong-game","product_cat-thiet-bi-mang","product_cat-thiet-bi-van-phong"],"yoast_head":"<!-- This site is optimized with the Yoast SEO plugin v18.9 - https:\/\/yoast.com\/wordpress\/plugins\/seo\/ -->\n<title>Laptop HP Gaming VICTUS 16 d0198TX i7 11800H\/8GB\/32GB+512GB\/4GB RTX3050Ti\/Win11 (4R0U0PA) - Ho\u00e0 B\u00ecnh Web<\/title>\n<meta name=\"robots\" content=\"noindex, follow, max-snippet:-1, max-image-preview:large, max-video-preview:-1\" \/>\n<meta property=\"og:locale\" content=\"vi_VN\" \/>\n<meta property=\"og:type\" content=\"article\" \/>\n<meta property=\"og:title\" content=\"Laptop HP Gaming VICTUS 16 d0198TX i7 11800H\/8GB\/32GB+512GB\/4GB RTX3050Ti\/Win11 (4R0U0PA) - Ho\u00e0 B\u00ecnh Web\" \/>\n<meta property=\"og:description\" content=\"Giao h\u00e0ng tr\u00ean to\u00e0n qu\u1ed1c  B\u1ea3o h\u00e0nh ch\u00ednh h\u00e3ng  Cam k\u1ebft ch\u1ea5t l\u01b0\u1ee3ng  Hotline t\u01b0 v\u1ea5n: 035 609 3690\" \/>\n<meta property=\"og:url\" content=\"http:\/\/mau.hoabinhweb.com\/maytinh1\/san-pham\/laptop-hp-gaming-victus-16-d0198tx-i7-11800h-8gb-32gb512gb-4gb-rtx3050ti-win11-4r0u0pa\/\" \/>\n<meta property=\"og:site_name\" content=\"Ho\u00e0 B\u00ecnh Web\" \/>\n<meta property=\"article:modified_time\" content=\"2022-05-18T07:06:38+00:00\" \/>\n<meta property=\"og:image\" content=\"http:\/\/mau.hoabinhweb.com\/maytinh1\/wp-content\/uploads\/2022\/03\/sanpham-maytinh7.jpg\" \/>\n\t<meta property=\"og:image:width\" content=\"656\" \/>\n\t<meta property=\"og:image:height\" content=\"656\" \/>\n\t<meta property=\"og:image:type\" content=\"image\/jpeg\" \/>\n<meta name=\"twitter:card\" content=\"summary_large_image\" \/>\n<meta name=\"twitter:label1\" content=\"\u01af\u1edbc t\u00ednh th\u1eddi gian \u0111\u1ecdc\" \/>\n\t<meta name=\"twitter:data1\" content=\"2 ph\u00fat\" \/>\n<script type=\"application\/ld+json\" class=\"yoast-schema-graph\">{\"@context\":\"https:\/\/schema.org\",\"@graph\":[{\"@type\":\"WebSite\",\"@id\":\"https:\/\/mau.hoabinhweb.com\/maytinh1\/#website\",\"url\":\"https:\/\/mau.hoabinhweb.com\/maytinh1\/\",\"name\":\"Ho\u00e0 B\u00ecnh Web\",\"description\":\"\",\"potentialAction\":[{\"@type\":\"SearchAction\",\"target\":{\"@type\":\"EntryPoint\",\"urlTemplate\":\"https:\/\/mau.hoabinhweb.com\/maytinh1\/?s={search_term_string}\"},\"query-input\":\"required name=search_term_string\"}],\"inLanguage\":\"vi\"},{\"@type\":\"ImageObject\",\"inLanguage\":\"vi\",\"@id\":\"http:\/\/mau.hoabinhweb.com\/maytinh1\/san-pham\/laptop-hp-gaming-victus-16-d0198tx-i7-11800h-8gb-32gb512gb-4gb-rtx3050ti-win11-4r0u0pa\/#primaryimage\",\"url\":\"http:\/\/mau.hoabinhweb.com\/maytinh1\/wp-content\/uploads\/2022\/03\/sanpham-maytinh7.jpg\",\"contentUrl\":\"http:\/\/mau.hoabinhweb.com\/maytinh1\/wp-content\/uploads\/2022\/03\/sanpham-maytinh7.jpg\",\"width\":656,\"height\":656,\"caption\":\"Sanpham Maytinh7\"},{\"@type\":\"WebPage\",\"@id\":\"http:\/\/mau.hoabinhweb.com\/maytinh1\/san-pham\/laptop-hp-gaming-victus-16-d0198tx-i7-11800h-8gb-32gb512gb-4gb-rtx3050ti-win11-4r0u0pa\/#webpage\",\"url\":\"http:\/\/mau.hoabinhweb.com\/maytinh1\/san-pham\/laptop-hp-gaming-victus-16-d0198tx-i7-11800h-8gb-32gb512gb-4gb-rtx3050ti-win11-4r0u0pa\/\",\"name\":\"Laptop HP Gaming VICTUS 16 d0198TX i7 11800H\/8GB\/32GB+512GB\/4GB RTX3050Ti\/Win11 (4R0U0PA) - Ho\u00e0 B\u00ecnh Web\",\"isPartOf\":{\"@id\":\"https:\/\/mau.hoabinhweb.com\/maytinh1\/#website\"},\"primaryImageOfPage\":{\"@id\":\"http:\/\/mau.hoabinhweb.com\/maytinh1\/san-pham\/laptop-hp-gaming-victus-16-d0198tx-i7-11800h-8gb-32gb512gb-4gb-rtx3050ti-win11-4r0u0pa\/#primaryimage\"},\"datePublished\":\"2022-03-24T07:27:47+00:00\",\"dateModified\":\"2022-05-18T07:06:38+00:00\",\"breadcrumb\":{\"@id\":\"http:\/\/mau.hoabinhweb.com\/maytinh1\/san-pham\/laptop-hp-gaming-victus-16-d0198tx-i7-11800h-8gb-32gb512gb-4gb-rtx3050ti-win11-4r0u0pa\/#breadcrumb\"},\"inLanguage\":\"vi\",\"potentialAction\":[{\"@type\":\"ReadAction\",\"target\":[\"http:\/\/mau.hoabinhweb.com\/maytinh1\/san-pham\/laptop-hp-gaming-victus-16-d0198tx-i7-11800h-8gb-32gb512gb-4gb-rtx3050ti-win11-4r0u0pa\/\"]}]},{\"@type\":\"BreadcrumbList\",\"@id\":\"http:\/\/mau.hoabinhweb.com\/maytinh1\/san-pham\/laptop-hp-gaming-victus-16-d0198tx-i7-11800h-8gb-32gb512gb-4gb-rtx3050ti-win11-4r0u0pa\/#breadcrumb\",\"itemListElement\":[{\"@type\":\"ListItem\",\"position\":1,\"name\":\"Trang ch\u1ee7\",\"item\":\"https:\/\/mau.hoabinhweb.com\/maytinh1\/\"},{\"@type\":\"ListItem\",\"position\":2,\"name\":\"S\u1ea3n ph\u1ea9m\",\"item\":\"https:\/\/mau.hoabinhweb.com\/maytinh1\/san-pham\/\"},{\"@type\":\"ListItem\",\"position\":3,\"name\":\"Tin t\u1ee9c\",\"item\":\"http:\/\/mau.hoabinhweb.com\/maytinh1\/tin-tuc\/\"},{\"@type\":\"ListItem\",\"position\":4,\"name\":\"Laptop HP Gaming VICTUS 16 d0198TX i7 11800H\/8GB\/32GB+512GB\/4GB RTX3050Ti\/Win11 (4R0U0PA)\"}]}]}<\/script>\n<!-- \/ Yoast SEO plugin. -->","yoast_head_json":{"title":"Laptop HP Gaming VICTUS 16 d0198TX i7 11800H\/8GB\/32GB+512GB\/4GB RTX3050Ti\/Win11 (4R0U0PA) - Ho\u00e0 B\u00ecnh Web","robots":{"index":"noindex","follow":"follow","max-snippet":"max-snippet:-1","max-image-preview":"max-image-preview:large","max-video-preview":"max-video-preview:-1"},"og_locale":"vi_VN","og_type":"article","og_title":"Laptop HP Gaming VICTUS 16 d0198TX i7 11800H\/8GB\/32GB+512GB\/4GB RTX3050Ti\/Win11 (4R0U0PA) - Ho\u00e0 B\u00ecnh Web","og_description":"Giao h\u00e0ng tr\u00ean to\u00e0n qu\u1ed1c  B\u1ea3o h\u00e0nh ch\u00ednh h\u00e3ng  Cam k\u1ebft ch\u1ea5t l\u01b0\u1ee3ng  Hotline t\u01b0 v\u1ea5n: 035 609 3690","og_url":"http:\/\/mau.hoabinhweb.com\/maytinh1\/san-pham\/laptop-hp-gaming-victus-16-d0198tx-i7-11800h-8gb-32gb512gb-4gb-rtx3050ti-win11-4r0u0pa\/","og_site_name":"Ho\u00e0 B\u00ecnh Web","article_modified_time":"2022-05-18T07:06:38+00:00","og_image":[{"width":656,"height":656,"url":"http:\/\/mau.hoabinhweb.com\/maytinh1\/wp-content\/uploads\/2022\/03\/sanpham-maytinh7.jpg","type":"image\/jpeg"}],"twitter_card":"summary_large_image","twitter_misc":{"\u01af\u1edbc t\u00ednh th\u1eddi gian \u0111\u1ecdc":"2 ph\u00fat"},"schema":{"@context":"https:\/\/schema.org","@graph":[{"@type":"WebSite","@id":"https:\/\/mau.hoabinhweb.com\/maytinh1\/#website","url":"https:\/\/mau.hoabinhweb.com\/maytinh1\/","name":"Ho\u00e0 B\u00ecnh Web","description":"","potentialAction":[{"@type":"SearchAction","target":{"@type":"EntryPoint","urlTemplate":"https:\/\/mau.hoabinhweb.com\/maytinh1\/?s={search_term_string}"},"query-input":"required name=search_term_string"}],"inLanguage":"vi"},{"@type":"ImageObject","inLanguage":"vi","@id":"http:\/\/mau.hoabinhweb.com\/maytinh1\/san-pham\/laptop-hp-gaming-victus-16-d0198tx-i7-11800h-8gb-32gb512gb-4gb-rtx3050ti-win11-4r0u0pa\/#primaryimage","url":"http:\/\/mau.hoabinhweb.com\/maytinh1\/wp-content\/uploads\/2022\/03\/sanpham-maytinh7.jpg","contentUrl":"http:\/\/mau.hoabinhweb.com\/maytinh1\/wp-content\/uploads\/2022\/03\/sanpham-maytinh7.jpg","width":656,"height":656,"caption":"Sanpham Maytinh7"},{"@type":"WebPage","@id":"http:\/\/mau.hoabinhweb.com\/maytinh1\/san-pham\/laptop-hp-gaming-victus-16-d0198tx-i7-11800h-8gb-32gb512gb-4gb-rtx3050ti-win11-4r0u0pa\/#webpage","url":"http:\/\/mau.hoabinhweb.com\/maytinh1\/san-pham\/laptop-hp-gaming-victus-16-d0198tx-i7-11800h-8gb-32gb512gb-4gb-rtx3050ti-win11-4r0u0pa\/","name":"Laptop HP Gaming VICTUS 16 d0198TX i7 11800H\/8GB\/32GB+512GB\/4GB RTX3050Ti\/Win11 (4R0U0PA) - Ho\u00e0 B\u00ecnh Web","isPartOf":{"@id":"https:\/\/mau.hoabinhweb.com\/maytinh1\/#website"},"primaryImageOfPage":{"@id":"http:\/\/mau.hoabinhweb.com\/maytinh1\/san-pham\/laptop-hp-gaming-victus-16-d0198tx-i7-11800h-8gb-32gb512gb-4gb-rtx3050ti-win11-4r0u0pa\/#primaryimage"},"datePublished":"2022-03-24T07:27:47+00:00","dateModified":"2022-05-18T07:06:38+00:00","breadcrumb":{"@id":"http:\/\/mau.hoabinhweb.com\/maytinh1\/san-pham\/laptop-hp-gaming-victus-16-d0198tx-i7-11800h-8gb-32gb512gb-4gb-rtx3050ti-win11-4r0u0pa\/#breadcrumb"},"inLanguage":"vi","potentialAction":[{"@type":"ReadAction","target":["http:\/\/mau.hoabinhweb.com\/maytinh1\/san-pham\/laptop-hp-gaming-victus-16-d0198tx-i7-11800h-8gb-32gb512gb-4gb-rtx3050ti-win11-4r0u0pa\/"]}]},{"@type":"BreadcrumbList","@id":"http:\/\/mau.hoabinhweb.com\/maytinh1\/san-pham\/laptop-hp-gaming-victus-16-d0198tx-i7-11800h-8gb-32gb512gb-4gb-rtx3050ti-win11-4r0u0pa\/#breadcrumb","itemListElement":[{"@type":"ListItem","position":1,"name":"Trang ch\u1ee7","item":"https:\/\/mau.hoabinhweb.com\/maytinh1\/"},{"@type":"ListItem","position":2,"name":"S\u1ea3n ph\u1ea9m","item":"https:\/\/mau.hoabinhweb.com\/maytinh1\/san-pham\/"},{"@type":"ListItem","position":3,"name":"Tin t\u1ee9c","item":"http:\/\/mau.hoabinhweb.com\/maytinh1\/tin-tuc\/"},{"@type":"ListItem","position":4,"name":"Laptop HP Gaming VICTUS 16 d0198TX i7 11800H\/8GB\/32GB+512GB\/4GB RTX3050Ti\/Win11 (4R0U0PA)"}]}]}},"_links":{"self":[{"href":"http:\/\/mau.hoabinhweb.com\/maytinh1\/wp-json\/wp\/v2\/product\/81","targetHints":{"allow":["GET"]}}],"collection":[{"href":"http:\/\/mau.hoabinhweb.com\/maytinh1\/wp-json\/wp\/v2\/product"}],"about":[{"href":"http:\/\/mau.hoabinhweb.com\/maytinh1\/wp-json\/wp\/v2\/types\/product"}],"replies":[{"embeddable":true,"href":"http:\/\/mau.hoabinhweb.com\/maytinh1\/wp-json\/wp\/v2\/comments?post=81"}],"wp:featuredmedia":[{"embeddable":true,"href":"http:\/\/mau.hoabinhweb.com\/maytinh1\/wp-json\/wp\/v2\/media\/310"}],"wp:attachment":[{"href":"http:\/\/mau.hoabinhweb.com\/maytinh1\/wp-json\/wp\/v2\/media?parent=81"}],"wp:term":[{"taxonomy":"product_cat","embeddable":true,"href":"http:\/\/mau.hoabinhweb.com\/maytinh1\/wp-json\/wp\/v2\/product_cat?post=81"},{"taxonomy":"product_tag","embeddable":true,"href":"http:\/\/mau.hoabinhweb.com\/maytinh1\/wp-json\/wp\/v2\/product_tag?post=81"}],"curies":[{"name":"wp","href":"https:\/\/api.w.org\/{rel}","templated":true}]}}