{"id":80,"date":"2022-03-24T14:27:46","date_gmt":"2022-03-24T07:27:46","guid":{"rendered":"https:\/\/webcam24h.net\/?post_type=product&#038;p=80"},"modified":"2022-05-18T07:08:34","modified_gmt":"2022-05-18T07:08:34","slug":"laptop-lenovo-ideapad-gaming-3-15ihu6-i5-11300h-8gb-512gb-4gb-gtx1650-120hz-win11-82k10178vn","status":"publish","type":"product","link":"http:\/\/mau.hoabinhweb.com\/maytinh1\/san-pham\/laptop-lenovo-ideapad-gaming-3-15ihu6-i5-11300h-8gb-512gb-4gb-gtx1650-120hz-win11-82k10178vn\/","title":{"rendered":"Laptop Lenovo IdeaPad Gaming 3 15IHU6 i5 11300H\/8GB\/512GB\/4GB GTX1650\/120Hz\/Win11 (82K10178VN)"},"content":{"rendered":"<p>Gam m\u00e0u \u0111en huy\u1ec1n b\u00ed c\u00f9ng nh\u1eefng chi ti\u1ebft g\u00f3c c\u1ea1nh h\u1ea7m h\u1ed1 l\u00e0m n\u00ean chi\u1ebfc\u00a0laptop Lenovo IdeaPad Gaming 3 15IHU6 i5 (82K10178VN)\u00a0chu\u1ea9n\u00a0laptop gaming\u00a0v\u1edbi c\u1ea5u h\u00ecnh m\u1ea1nh m\u1ebd c\u1ee7a chip Intel Gen 11 v\u00e0 card NVIDIA GTX s\u1ebd l\u00e0m h\u00e0i l\u00f2ng nhu c\u1ea7u ch\u01a1i game gi\u1ea3i tr\u00ed cho b\u1ea1n.<\/p>\n<p>\u2022\u00a0Laptop Lenovo\u00a0mang trong m\u00ecnh\u00a0<strong>CPU Intel Core i5 11300H<\/strong>\u00a0m\u1ea1nh m\u1ebd c\u00f9ng card m\u00e0n h\u00ecnh r\u1eddi\u00a0<strong>NVIDIA GTX 1650 4 GB<\/strong>\u00a0s\u1eb5n s\u00e0ng c\u00e2n c\u00e1c t\u1ef1a game hi\u1ec7n h\u00e0nh: GTA V, CS:GO, LOL,&#8230; m\u01b0\u1ee3t m\u00e0 c\u0169ng nh\u01b0 t\u00e1c v\u1ee5 Office, ch\u1ec9nh s\u1eeda thi\u1ebft k\u1ebf \u1ea3nh Adobe v\u1edbi hi\u1ec7u su\u1ea5t \u1ed5n \u0111\u1ecbnh.<\/p>\n<p>\u2022\u00a0Laptop\u00a0s\u1edf h\u1eefu\u00a0<strong>RAM 8 GB\u00a0<\/strong>mang l\u1ea1i kh\u1ea3 n\u0103ng \u0111a nhi\u1ec7m t\u1ed1t c\u00e1c t\u00e1c v\u1ee5 nh\u1eb9, ch\u01a1i game \u1ed5n \u0111\u1ecbnh, khuy\u1ebfn kh\u00edch b\u1ea1n n\u00ean n\u00e2ng c\u1ea5p RAM \u0111\u1ec3 m\u00e1y ch\u1ea1y h\u1ebft c\u00f4ng su\u1ea5t.\u00a0<strong>SSD 512 GB<\/strong>\u00a0cho kh\u00f4ng gian l\u01b0u tr\u1eef v\u1eeba \u0111\u1ee7, kh\u1edfi \u0111\u1ed9ng \u1ee9ng d\u1ee5ng, m\u00e1y t\u00ednh nhanh.<\/p>\n<p>\u2022 M\u00e0n h\u00ecnh\u00a0laptop Lenovo IdeaPad Gaming\u00a0c\u00f3 k\u00edch th\u01b0\u1edbc\u00a0<strong>15.6 inch<\/strong>\u00a0c\u00f9ng t\u1ea7n s\u1ed1 qu\u00e9t\u00a0<strong>120 Hz<\/strong>\u00a0b\u1ed5 tr\u1ee3 cho tr\u1ea3i nghi\u1ec7m h\u00ecnh \u1ea3nh ch\u01a1i game, h\u1ea1n ch\u1ebf t\u00ecnh tr\u1ea1ng x\u00e9 h\u00ecnh.<\/p>\n<p>\u2022 Ti\u1ec7n \u00edch t\u00edch h\u1ee3p theo m\u00e1y g\u1ed3m\u00a0<strong>TPM 2.0<\/strong>\u00a0gi\u00fap b\u1ea3o v\u1ec7 d\u1eef li\u1ec7u th\u00f4ng qua m\u00e3 ho\u00e1 \u1ed5 c\u1ee9ng,\u00a0<strong>c\u00f4ng t\u1eafc kho\u00e1 camera\u00a0<\/strong>\u0111\u1ec3 b\u1ea3o v\u1ec7 camera kh\u1ecfi b\u1ee5i b\u1ea9n. \u0110\u00e8n n\u1ec1n\u00a0<strong>b\u00e0n ph\u00edm chy\u1ec3n m\u00e0u RGB\u00a0<\/strong>cho ph\u00e9p ng\u01b0\u1eddi d\u00f9ng c\u00e1 nh\u00e2n ho\u00e1 m\u00e0u s\u1eafc theo s\u1edf th\u00edch.<\/p>\n<p>\u2022 \u0110a d\u1ea1ng c\u1ed5ng giao ti\u1ebfp: USB 3.2, LAN (RJ45), HDMI, USB Type-C,&#8230;<\/p>\n<p>\u2022 C\u00f4ng ngh\u1ec7\u00a0<strong>Nahimic Audio<\/strong>\u00a0cho ch\u1ea5t \u00e2m t\u1ed1t, c\u1ea3m nh\u1eadn ch\u01a1i game \u0111\u00e3 tai, ho\u00e0 m\u00ecnh v\u00e0o th\u1ebf gi\u1edbi \u1ea3o \u0111\u1ea7y m\u00e0u s\u1eafc.<\/p>\n","protected":false},"excerpt":{"rendered":"<ul>\n<li>Giao h\u00e0ng tr\u00ean to\u00e0n qu\u1ed1c<\/li>\n<li>B\u1ea3o h\u00e0nh ch\u00ednh h\u00e3ng<\/li>\n<li>Cam k\u1ebft ch\u1ea5t l\u01b0\u1ee3ng<\/li>\n<li>Hotline t\u01b0 v\u1ea5n: 035 609 3690<\/li>\n<\/ul>\n","protected":false},"featured_media":311,"comment_status":"closed","ping_status":"closed","template":"","meta":[],"product_cat":[17,18,20,21,22,19,25,34,35,28,26,39,40,41,42,29,37,43,32,36,38,44,33,27,30,31,49,50,24,51,52,53,54,55,23],"product_tag":[],"class_list":["post-80","product","type-product","status-publish","has-post-thumbnail","hentry","product_cat-san-pham-ban-chay","product_cat-laptop-chinh-hang","product_cat-may-tinh-choi-game","product_cat-may-tinh-workstation","product_cat-man-hinh-may-tinh","product_cat-linh-kien-may-tinh","product_cat-cpu-bo-vi-xu-ly","product_cat-cpu-intel","product_cat-cpu-amd","product_cat-ram-bo-nho-trong","product_cat-ram-adata","product_cat-ram-corsair","product_cat-ram-kingston","product_cat-ram-kingmax","product_cat-ram-gskill","product_cat-mainboard","product_cat-mainboard-amd","product_cat-mainboard-intel","product_cat-psu-nguon-may-tinh","product_cat-nguon-corsair","product_cat-nguon-acbel","product_cat-nguon-seasonic","product_cat-nguon-thermaltake","product_cat-case-vo-may-tinh","product_cat-hdd-ssd-usb","product_cat-do-choi-may-tinh","product_cat-odd-o-dia-quang","product_cat-gia-treo-man-hinh","product_cat-vga-card-man-hinh","product_cat-phim-chuot-gaming-gear","product_cat-camera-dau-ghi-hinh","product_cat-ban-ghe-gaming","product_cat-lap-dat-phong-game","product_cat-thiet-bi-mang","product_cat-thiet-bi-van-phong"],"yoast_head":"<!-- This site is optimized with the Yoast SEO plugin v18.9 - https:\/\/yoast.com\/wordpress\/plugins\/seo\/ -->\n<title>Laptop Lenovo IdeaPad Gaming 3 15IHU6 i5 11300H\/8GB\/512GB\/4GB GTX1650\/120Hz\/Win11 (82K10178VN) - Ho\u00e0 B\u00ecnh Web<\/title>\n<meta name=\"robots\" content=\"noindex, follow, max-snippet:-1, max-image-preview:large, max-video-preview:-1\" \/>\n<meta property=\"og:locale\" content=\"vi_VN\" \/>\n<meta property=\"og:type\" content=\"article\" \/>\n<meta property=\"og:title\" content=\"Laptop Lenovo IdeaPad Gaming 3 15IHU6 i5 11300H\/8GB\/512GB\/4GB GTX1650\/120Hz\/Win11 (82K10178VN) - Ho\u00e0 B\u00ecnh Web\" \/>\n<meta property=\"og:description\" content=\"Giao h\u00e0ng tr\u00ean to\u00e0n qu\u1ed1c  B\u1ea3o h\u00e0nh ch\u00ednh h\u00e3ng  Cam k\u1ebft ch\u1ea5t l\u01b0\u1ee3ng  Hotline t\u01b0 v\u1ea5n: 035 609 3690\" \/>\n<meta property=\"og:url\" content=\"http:\/\/mau.hoabinhweb.com\/maytinh1\/san-pham\/laptop-lenovo-ideapad-gaming-3-15ihu6-i5-11300h-8gb-512gb-4gb-gtx1650-120hz-win11-82k10178vn\/\" \/>\n<meta property=\"og:site_name\" content=\"Ho\u00e0 B\u00ecnh Web\" \/>\n<meta property=\"article:modified_time\" content=\"2022-05-18T07:08:34+00:00\" \/>\n<meta property=\"og:image\" content=\"http:\/\/mau.hoabinhweb.com\/maytinh1\/wp-content\/uploads\/2022\/03\/sanpham-maytinh8.jpg\" \/>\n\t<meta property=\"og:image:width\" content=\"656\" \/>\n\t<meta property=\"og:image:height\" content=\"656\" \/>\n\t<meta property=\"og:image:type\" content=\"image\/jpeg\" \/>\n<meta name=\"twitter:card\" content=\"summary_large_image\" \/>\n<meta name=\"twitter:label1\" content=\"\u01af\u1edbc t\u00ednh th\u1eddi gian \u0111\u1ecdc\" \/>\n\t<meta name=\"twitter:data1\" content=\"2 ph\u00fat\" \/>\n<script type=\"application\/ld+json\" class=\"yoast-schema-graph\">{\"@context\":\"https:\/\/schema.org\",\"@graph\":[{\"@type\":\"WebSite\",\"@id\":\"https:\/\/mau.hoabinhweb.com\/maytinh1\/#website\",\"url\":\"https:\/\/mau.hoabinhweb.com\/maytinh1\/\",\"name\":\"Ho\u00e0 B\u00ecnh Web\",\"description\":\"\",\"potentialAction\":[{\"@type\":\"SearchAction\",\"target\":{\"@type\":\"EntryPoint\",\"urlTemplate\":\"https:\/\/mau.hoabinhweb.com\/maytinh1\/?s={search_term_string}\"},\"query-input\":\"required name=search_term_string\"}],\"inLanguage\":\"vi\"},{\"@type\":\"ImageObject\",\"inLanguage\":\"vi\",\"@id\":\"http:\/\/mau.hoabinhweb.com\/maytinh1\/san-pham\/laptop-lenovo-ideapad-gaming-3-15ihu6-i5-11300h-8gb-512gb-4gb-gtx1650-120hz-win11-82k10178vn\/#primaryimage\",\"url\":\"http:\/\/mau.hoabinhweb.com\/maytinh1\/wp-content\/uploads\/2022\/03\/sanpham-maytinh8.jpg\",\"contentUrl\":\"http:\/\/mau.hoabinhweb.com\/maytinh1\/wp-content\/uploads\/2022\/03\/sanpham-maytinh8.jpg\",\"width\":656,\"height\":656,\"caption\":\"Sanpham Maytinh8\"},{\"@type\":\"WebPage\",\"@id\":\"http:\/\/mau.hoabinhweb.com\/maytinh1\/san-pham\/laptop-lenovo-ideapad-gaming-3-15ihu6-i5-11300h-8gb-512gb-4gb-gtx1650-120hz-win11-82k10178vn\/#webpage\",\"url\":\"http:\/\/mau.hoabinhweb.com\/maytinh1\/san-pham\/laptop-lenovo-ideapad-gaming-3-15ihu6-i5-11300h-8gb-512gb-4gb-gtx1650-120hz-win11-82k10178vn\/\",\"name\":\"Laptop Lenovo IdeaPad Gaming 3 15IHU6 i5 11300H\/8GB\/512GB\/4GB GTX1650\/120Hz\/Win11 (82K10178VN) - Ho\u00e0 B\u00ecnh Web\",\"isPartOf\":{\"@id\":\"https:\/\/mau.hoabinhweb.com\/maytinh1\/#website\"},\"primaryImageOfPage\":{\"@id\":\"http:\/\/mau.hoabinhweb.com\/maytinh1\/san-pham\/laptop-lenovo-ideapad-gaming-3-15ihu6-i5-11300h-8gb-512gb-4gb-gtx1650-120hz-win11-82k10178vn\/#primaryimage\"},\"datePublished\":\"2022-03-24T07:27:46+00:00\",\"dateModified\":\"2022-05-18T07:08:34+00:00\",\"breadcrumb\":{\"@id\":\"http:\/\/mau.hoabinhweb.com\/maytinh1\/san-pham\/laptop-lenovo-ideapad-gaming-3-15ihu6-i5-11300h-8gb-512gb-4gb-gtx1650-120hz-win11-82k10178vn\/#breadcrumb\"},\"inLanguage\":\"vi\",\"potentialAction\":[{\"@type\":\"ReadAction\",\"target\":[\"http:\/\/mau.hoabinhweb.com\/maytinh1\/san-pham\/laptop-lenovo-ideapad-gaming-3-15ihu6-i5-11300h-8gb-512gb-4gb-gtx1650-120hz-win11-82k10178vn\/\"]}]},{\"@type\":\"BreadcrumbList\",\"@id\":\"http:\/\/mau.hoabinhweb.com\/maytinh1\/san-pham\/laptop-lenovo-ideapad-gaming-3-15ihu6-i5-11300h-8gb-512gb-4gb-gtx1650-120hz-win11-82k10178vn\/#breadcrumb\",\"itemListElement\":[{\"@type\":\"ListItem\",\"position\":1,\"name\":\"Trang ch\u1ee7\",\"item\":\"https:\/\/mau.hoabinhweb.com\/maytinh1\/\"},{\"@type\":\"ListItem\",\"position\":2,\"name\":\"S\u1ea3n ph\u1ea9m\",\"item\":\"https:\/\/mau.hoabinhweb.com\/maytinh1\/san-pham\/\"},{\"@type\":\"ListItem\",\"position\":3,\"name\":\"Tin t\u1ee9c\",\"item\":\"http:\/\/mau.hoabinhweb.com\/maytinh1\/tin-tuc\/\"},{\"@type\":\"ListItem\",\"position\":4,\"name\":\"Laptop Lenovo IdeaPad Gaming 3 15IHU6 i5 11300H\/8GB\/512GB\/4GB GTX1650\/120Hz\/Win11 (82K10178VN)\"}]}]}<\/script>\n<!-- \/ Yoast SEO plugin. -->","yoast_head_json":{"title":"Laptop Lenovo IdeaPad Gaming 3 15IHU6 i5 11300H\/8GB\/512GB\/4GB GTX1650\/120Hz\/Win11 (82K10178VN) - Ho\u00e0 B\u00ecnh Web","robots":{"index":"noindex","follow":"follow","max-snippet":"max-snippet:-1","max-image-preview":"max-image-preview:large","max-video-preview":"max-video-preview:-1"},"og_locale":"vi_VN","og_type":"article","og_title":"Laptop Lenovo IdeaPad Gaming 3 15IHU6 i5 11300H\/8GB\/512GB\/4GB GTX1650\/120Hz\/Win11 (82K10178VN) - Ho\u00e0 B\u00ecnh Web","og_description":"Giao h\u00e0ng tr\u00ean to\u00e0n qu\u1ed1c  B\u1ea3o h\u00e0nh ch\u00ednh h\u00e3ng  Cam k\u1ebft ch\u1ea5t l\u01b0\u1ee3ng  Hotline t\u01b0 v\u1ea5n: 035 609 3690","og_url":"http:\/\/mau.hoabinhweb.com\/maytinh1\/san-pham\/laptop-lenovo-ideapad-gaming-3-15ihu6-i5-11300h-8gb-512gb-4gb-gtx1650-120hz-win11-82k10178vn\/","og_site_name":"Ho\u00e0 B\u00ecnh Web","article_modified_time":"2022-05-18T07:08:34+00:00","og_image":[{"width":656,"height":656,"url":"http:\/\/mau.hoabinhweb.com\/maytinh1\/wp-content\/uploads\/2022\/03\/sanpham-maytinh8.jpg","type":"image\/jpeg"}],"twitter_card":"summary_large_image","twitter_misc":{"\u01af\u1edbc t\u00ednh th\u1eddi gian \u0111\u1ecdc":"2 ph\u00fat"},"schema":{"@context":"https:\/\/schema.org","@graph":[{"@type":"WebSite","@id":"https:\/\/mau.hoabinhweb.com\/maytinh1\/#website","url":"https:\/\/mau.hoabinhweb.com\/maytinh1\/","name":"Ho\u00e0 B\u00ecnh Web","description":"","potentialAction":[{"@type":"SearchAction","target":{"@type":"EntryPoint","urlTemplate":"https:\/\/mau.hoabinhweb.com\/maytinh1\/?s={search_term_string}"},"query-input":"required name=search_term_string"}],"inLanguage":"vi"},{"@type":"ImageObject","inLanguage":"vi","@id":"http:\/\/mau.hoabinhweb.com\/maytinh1\/san-pham\/laptop-lenovo-ideapad-gaming-3-15ihu6-i5-11300h-8gb-512gb-4gb-gtx1650-120hz-win11-82k10178vn\/#primaryimage","url":"http:\/\/mau.hoabinhweb.com\/maytinh1\/wp-content\/uploads\/2022\/03\/sanpham-maytinh8.jpg","contentUrl":"http:\/\/mau.hoabinhweb.com\/maytinh1\/wp-content\/uploads\/2022\/03\/sanpham-maytinh8.jpg","width":656,"height":656,"caption":"Sanpham Maytinh8"},{"@type":"WebPage","@id":"http:\/\/mau.hoabinhweb.com\/maytinh1\/san-pham\/laptop-lenovo-ideapad-gaming-3-15ihu6-i5-11300h-8gb-512gb-4gb-gtx1650-120hz-win11-82k10178vn\/#webpage","url":"http:\/\/mau.hoabinhweb.com\/maytinh1\/san-pham\/laptop-lenovo-ideapad-gaming-3-15ihu6-i5-11300h-8gb-512gb-4gb-gtx1650-120hz-win11-82k10178vn\/","name":"Laptop Lenovo IdeaPad Gaming 3 15IHU6 i5 11300H\/8GB\/512GB\/4GB GTX1650\/120Hz\/Win11 (82K10178VN) - Ho\u00e0 B\u00ecnh Web","isPartOf":{"@id":"https:\/\/mau.hoabinhweb.com\/maytinh1\/#website"},"primaryImageOfPage":{"@id":"http:\/\/mau.hoabinhweb.com\/maytinh1\/san-pham\/laptop-lenovo-ideapad-gaming-3-15ihu6-i5-11300h-8gb-512gb-4gb-gtx1650-120hz-win11-82k10178vn\/#primaryimage"},"datePublished":"2022-03-24T07:27:46+00:00","dateModified":"2022-05-18T07:08:34+00:00","breadcrumb":{"@id":"http:\/\/mau.hoabinhweb.com\/maytinh1\/san-pham\/laptop-lenovo-ideapad-gaming-3-15ihu6-i5-11300h-8gb-512gb-4gb-gtx1650-120hz-win11-82k10178vn\/#breadcrumb"},"inLanguage":"vi","potentialAction":[{"@type":"ReadAction","target":["http:\/\/mau.hoabinhweb.com\/maytinh1\/san-pham\/laptop-lenovo-ideapad-gaming-3-15ihu6-i5-11300h-8gb-512gb-4gb-gtx1650-120hz-win11-82k10178vn\/"]}]},{"@type":"BreadcrumbList","@id":"http:\/\/mau.hoabinhweb.com\/maytinh1\/san-pham\/laptop-lenovo-ideapad-gaming-3-15ihu6-i5-11300h-8gb-512gb-4gb-gtx1650-120hz-win11-82k10178vn\/#breadcrumb","itemListElement":[{"@type":"ListItem","position":1,"name":"Trang ch\u1ee7","item":"https:\/\/mau.hoabinhweb.com\/maytinh1\/"},{"@type":"ListItem","position":2,"name":"S\u1ea3n ph\u1ea9m","item":"https:\/\/mau.hoabinhweb.com\/maytinh1\/san-pham\/"},{"@type":"ListItem","position":3,"name":"Tin t\u1ee9c","item":"http:\/\/mau.hoabinhweb.com\/maytinh1\/tin-tuc\/"},{"@type":"ListItem","position":4,"name":"Laptop Lenovo IdeaPad Gaming 3 15IHU6 i5 11300H\/8GB\/512GB\/4GB GTX1650\/120Hz\/Win11 (82K10178VN)"}]}]}},"_links":{"self":[{"href":"http:\/\/mau.hoabinhweb.com\/maytinh1\/wp-json\/wp\/v2\/product\/80","targetHints":{"allow":["GET"]}}],"collection":[{"href":"http:\/\/mau.hoabinhweb.com\/maytinh1\/wp-json\/wp\/v2\/product"}],"about":[{"href":"http:\/\/mau.hoabinhweb.com\/maytinh1\/wp-json\/wp\/v2\/types\/product"}],"replies":[{"embeddable":true,"href":"http:\/\/mau.hoabinhweb.com\/maytinh1\/wp-json\/wp\/v2\/comments?post=80"}],"wp:featuredmedia":[{"embeddable":true,"href":"http:\/\/mau.hoabinhweb.com\/maytinh1\/wp-json\/wp\/v2\/media\/311"}],"wp:attachment":[{"href":"http:\/\/mau.hoabinhweb.com\/maytinh1\/wp-json\/wp\/v2\/media?parent=80"}],"wp:term":[{"taxonomy":"product_cat","embeddable":true,"href":"http:\/\/mau.hoabinhweb.com\/maytinh1\/wp-json\/wp\/v2\/product_cat?post=80"},{"taxonomy":"product_tag","embeddable":true,"href":"http:\/\/mau.hoabinhweb.com\/maytinh1\/wp-json\/wp\/v2\/product_tag?post=80"}],"curies":[{"name":"wp","href":"https:\/\/api.w.org\/{rel}","templated":true}]}}