{"id":79,"date":"2022-03-24T14:27:45","date_gmt":"2022-03-24T07:27:45","guid":{"rendered":"https:\/\/webcam24h.net\/?post_type=product&#038;p=79"},"modified":"2022-05-18T07:08:30","modified_gmt":"2022-05-18T07:08:30","slug":"laptop-asus-tuf-gaming-fx506lh-i5-10300h-8gb-512gb-4gb-gtx1650-144hz-win11-hn188w","status":"publish","type":"product","link":"http:\/\/mau.hoabinhweb.com\/maytinh1\/san-pham\/laptop-asus-tuf-gaming-fx506lh-i5-10300h-8gb-512gb-4gb-gtx1650-144hz-win11-hn188w\/","title":{"rendered":"Laptop Asus TUF Gaming FX506LH i5 10300H\/8GB\/512GB\/4GB GTX1650\/144Hz\/Win11 (HN188W)"},"content":{"rendered":"<p>V\u1edbi c\u1ea5u h\u00ecnh kho\u1ebb t\u1eeb card r\u1eddi NVIDIA GeForce GTX c\u00f9ng m\u1ed9t thi\u1ebft k\u1ebf \u1ea5n t\u01b0\u1ee3ng,\u00a0laptop Asus TUF Gaming FX506LH i5 (HN188W)\u00a0s\u1ebd mang \u0111\u1ebfn nhi\u1ec1u tr\u1ea3i nghi\u1ec7m th\u00fa v\u1ecb cho c\u00e1c game th\u1ee7.<\/p>\n<p>\u2022\u00a0S\u1edf h\u1eefu chip Intel\u00a0<strong>Core i5 Comet Lake 10300H<\/strong>\u00a0v\u00e0 card\u00a0GeForce GTX\u00a0<strong>1650 4 GB<\/strong>\u00a0t\u1eeb nh\u00e0 NVIDIA x\u1eed l\u00fd ho\u00e0n h\u1ea3o m\u1ecdi nhu c\u1ea7u t\u1eeb v\u0103n ph\u00f2ng \u0111\u1ebfn \u0111\u1ed3 h\u1ecda n\u1eb7ng hay th\u1eadm ch\u00ed h\u1ed7 tr\u1ee3 b\u1ea1n chi\u1ebfn c\u00e1c t\u1ef1a game h\u1ea5p d\u1eabn: CS:GO, Fifa Online 4, GTA V,&#8230;<\/p>\n<p>\u2022\u00a0C\u00f9ng\u00a0<strong>RAM 8 GB<\/strong>\u00a0v\u00e0\u00a0SSD 512 GB\u00a0n\u00e2ng cao t\u1ed1c \u0111\u1ed9 ph\u1ea3n h\u1ed3i, h\u1ea1n ch\u1ebf t\u00ecnh tr\u1ea1ng gi\u1eadt hay lag m\u00e1y khi b\u1ea1n m\u1edf nhi\u1ec1u \u1ee9ng d\u1ee5ng c\u00f9ng l\u00fac hay chuy\u1ec3n \u0111\u1ed5i qua l\u1ea1i, t\u1ed1i \u01b0u hi\u1ec7u su\u1ea5t cho\u00a0laptop.<\/p>\n<p>\u2022\u00a0C\u00e1c chuy\u1ec3n \u0111\u1ed9ng di\u1ec5n ra tr\u01a1n tru, n\u1eafm b\u1eaft m\u1ecdi kho\u1ea3nh kh\u1eafc trong game, gi\u1ea3m \u0111\u1ed9 tr\u1ec5 nh\u1edd t\u1ea7n s\u1ed1 qu\u00e9t\u00a0m\u00e0n h\u00ecnh 144 Hz.<\/p>\n<p>\u2022\u00a0\u0110\u1ed9 s\u00e1ng\u00a0<strong>250 nits<\/strong>, ch\u1ed1ng ch\u00f3i\u00a0<strong>Anti Glare<\/strong>\u00a0v\u00e0 t\u1ea5m n\u1ec1n\u00a0<strong>IPS<\/strong>\u00a0\u0111\u01b0\u1ee3c trang b\u1ecb tr\u00ean\u00a0m\u00e0n h\u00ecnh 15.6 inch\u00a0h\u1ea1n ch\u1ebf hi\u1ec7n b\u00f3ng g\u01b0\u01a1ng khi c\u01b0\u1eddng \u0111\u1ed9 \u00e1nh s\u00e1ng cao, cho hi\u1ec3n th\u1ecb r\u00f5 n\u00e9t \u1edf nh\u1eefng ch\u1ed7 \u0111i\u1ec1u ki\u1ec7n \u00e1nh s\u00e1ng k\u00e9m, g\u00f3c nh\u00ecn \u0111\u01b0\u1ee3c m\u1edf r\u1ed9ng, tr\u1ea3i nghi\u1ec7m h\u00ecnh \u1ea3nh s\u1eafc n\u00e9t, ch\u00e2n th\u1eadt.<\/p>\n<p>\u2022\u00a0Laptop Asus TUF\u00a0mang m\u1ed9t ngo\u1ea1i h\u00ecnh m\u1ea1nh m\u1ebd v\u1edbi c\u00e1c \u0111\u01b0\u1eddng n\u00e9t tinh t\u1ebf, g\u00f3c c\u1ea1nh c\u00f9ng tr\u1ecdng l\u01b0\u1ee3ng\u00a0<strong>2.3 kg<\/strong>, d\u00e0y\u00a0<strong>24.9 mm<\/strong>, t\u1ea1o n\u00ean chi\u1ebfc\u00a0laptop gaming\u00a0c\u1ef1c c\u00e1 t\u00ednh, s\u1eb5n s\u00e0ng \u0111\u1ed3ng h\u00e0nh c\u00f9ng b\u1ea1n.<\/p>\n<p>\u2022\u00a0<strong>\u0110\u00e8n n\u1ec1n chuy\u1ec3n m\u00e0u RGB<\/strong>\u00a0c\u0169ng \u0111\u01b0\u1ee3c c\u00e0i \u0111\u1eb7t tr\u00ean\u00a0laptop Asus\u00a0kh\u00f4ng ch\u1ec9 t\u00f4 \u0111i\u1ec3m cho kh\u00f4ng gian chi\u1ebfn game c\u1ee7a b\u1ea1n m\u00e0 c\u00f2n h\u1ed7 tr\u1ee3 b\u1ea1n g\u00f5 ph\u00edm ch\u00ednh x\u00e1c trong nh\u1eefng n\u01a1i thi\u1ebfu s\u00e1ng.<\/p>\n<p>\u2022\u00a0\u0110\u00e1p \u1ee9ng \u0111a d\u1ea1ng c\u1ed5ng k\u1ebft n\u1ed1i nh\u01b0: USB 3.2 Gen 2 Type-C, 2 c\u1ed5ng USB 3.2, HDMI, LAN (RJ45), USB 2.0 ph\u1ee5c v\u1ee5 nhu c\u1ea7u truy\u1ec1n t\u1ea3i d\u1eef li\u1ec7u nhanh ch\u00f3ng.<\/p>\n","protected":false},"excerpt":{"rendered":"<ul>\n<li>Giao h\u00e0ng tr\u00ean to\u00e0n qu\u1ed1c<\/li>\n<li>B\u1ea3o h\u00e0nh ch\u00ednh h\u00e3ng<\/li>\n<li>Cam k\u1ebft ch\u1ea5t l\u01b0\u1ee3ng<\/li>\n<li>Hotline t\u01b0 v\u1ea5n: 035 609 3690<\/li>\n<\/ul>\n","protected":false},"featured_media":312,"comment_status":"closed","ping_status":"closed","template":"","meta":[],"product_cat":[17,18,20,21,22,19,25,34,35,28,26,39,40,41,42,29,37,43,32,36,38,44,33,27,30,31,49,50,24,51,52,53,54,55,23],"product_tag":[],"class_list":["post-79","product","type-product","status-publish","has-post-thumbnail","hentry","product_cat-san-pham-ban-chay","product_cat-laptop-chinh-hang","product_cat-may-tinh-choi-game","product_cat-may-tinh-workstation","product_cat-man-hinh-may-tinh","product_cat-linh-kien-may-tinh","product_cat-cpu-bo-vi-xu-ly","product_cat-cpu-intel","product_cat-cpu-amd","product_cat-ram-bo-nho-trong","product_cat-ram-adata","product_cat-ram-corsair","product_cat-ram-kingston","product_cat-ram-kingmax","product_cat-ram-gskill","product_cat-mainboard","product_cat-mainboard-amd","product_cat-mainboard-intel","product_cat-psu-nguon-may-tinh","product_cat-nguon-corsair","product_cat-nguon-acbel","product_cat-nguon-seasonic","product_cat-nguon-thermaltake","product_cat-case-vo-may-tinh","product_cat-hdd-ssd-usb","product_cat-do-choi-may-tinh","product_cat-odd-o-dia-quang","product_cat-gia-treo-man-hinh","product_cat-vga-card-man-hinh","product_cat-phim-chuot-gaming-gear","product_cat-camera-dau-ghi-hinh","product_cat-ban-ghe-gaming","product_cat-lap-dat-phong-game","product_cat-thiet-bi-mang","product_cat-thiet-bi-van-phong"],"yoast_head":"<!-- This site is optimized with the Yoast SEO plugin v18.9 - https:\/\/yoast.com\/wordpress\/plugins\/seo\/ -->\n<title>Laptop Asus TUF Gaming FX506LH i5 10300H\/8GB\/512GB\/4GB GTX1650\/144Hz\/Win11 (HN188W) - Ho\u00e0 B\u00ecnh Web<\/title>\n<meta name=\"robots\" content=\"noindex, follow, max-snippet:-1, max-image-preview:large, max-video-preview:-1\" \/>\n<meta property=\"og:locale\" content=\"vi_VN\" \/>\n<meta property=\"og:type\" content=\"article\" \/>\n<meta property=\"og:title\" content=\"Laptop Asus TUF Gaming FX506LH i5 10300H\/8GB\/512GB\/4GB GTX1650\/144Hz\/Win11 (HN188W) - Ho\u00e0 B\u00ecnh Web\" \/>\n<meta property=\"og:description\" content=\"Giao h\u00e0ng tr\u00ean to\u00e0n qu\u1ed1c  B\u1ea3o h\u00e0nh ch\u00ednh h\u00e3ng  Cam k\u1ebft ch\u1ea5t l\u01b0\u1ee3ng  Hotline t\u01b0 v\u1ea5n: 035 609 3690\" \/>\n<meta property=\"og:url\" content=\"http:\/\/mau.hoabinhweb.com\/maytinh1\/san-pham\/laptop-asus-tuf-gaming-fx506lh-i5-10300h-8gb-512gb-4gb-gtx1650-144hz-win11-hn188w\/\" \/>\n<meta property=\"og:site_name\" content=\"Ho\u00e0 B\u00ecnh Web\" \/>\n<meta property=\"article:modified_time\" content=\"2022-05-18T07:08:30+00:00\" \/>\n<meta property=\"og:image\" content=\"http:\/\/mau.hoabinhweb.com\/maytinh1\/wp-content\/uploads\/2022\/03\/sanpham-maytinh9.jpg\" \/>\n\t<meta property=\"og:image:width\" content=\"656\" \/>\n\t<meta property=\"og:image:height\" content=\"656\" \/>\n\t<meta property=\"og:image:type\" content=\"image\/jpeg\" \/>\n<meta name=\"twitter:card\" content=\"summary_large_image\" \/>\n<meta name=\"twitter:label1\" content=\"\u01af\u1edbc t\u00ednh th\u1eddi gian \u0111\u1ecdc\" \/>\n\t<meta name=\"twitter:data1\" content=\"2 ph\u00fat\" \/>\n<script type=\"application\/ld+json\" class=\"yoast-schema-graph\">{\"@context\":\"https:\/\/schema.org\",\"@graph\":[{\"@type\":\"WebSite\",\"@id\":\"https:\/\/mau.hoabinhweb.com\/maytinh1\/#website\",\"url\":\"https:\/\/mau.hoabinhweb.com\/maytinh1\/\",\"name\":\"Ho\u00e0 B\u00ecnh Web\",\"description\":\"\",\"potentialAction\":[{\"@type\":\"SearchAction\",\"target\":{\"@type\":\"EntryPoint\",\"urlTemplate\":\"https:\/\/mau.hoabinhweb.com\/maytinh1\/?s={search_term_string}\"},\"query-input\":\"required name=search_term_string\"}],\"inLanguage\":\"vi\"},{\"@type\":\"ImageObject\",\"inLanguage\":\"vi\",\"@id\":\"http:\/\/mau.hoabinhweb.com\/maytinh1\/san-pham\/laptop-asus-tuf-gaming-fx506lh-i5-10300h-8gb-512gb-4gb-gtx1650-144hz-win11-hn188w\/#primaryimage\",\"url\":\"http:\/\/mau.hoabinhweb.com\/maytinh1\/wp-content\/uploads\/2022\/03\/sanpham-maytinh9.jpg\",\"contentUrl\":\"http:\/\/mau.hoabinhweb.com\/maytinh1\/wp-content\/uploads\/2022\/03\/sanpham-maytinh9.jpg\",\"width\":656,\"height\":656,\"caption\":\"Sanpham Maytinh9\"},{\"@type\":\"WebPage\",\"@id\":\"http:\/\/mau.hoabinhweb.com\/maytinh1\/san-pham\/laptop-asus-tuf-gaming-fx506lh-i5-10300h-8gb-512gb-4gb-gtx1650-144hz-win11-hn188w\/#webpage\",\"url\":\"http:\/\/mau.hoabinhweb.com\/maytinh1\/san-pham\/laptop-asus-tuf-gaming-fx506lh-i5-10300h-8gb-512gb-4gb-gtx1650-144hz-win11-hn188w\/\",\"name\":\"Laptop Asus TUF Gaming FX506LH i5 10300H\/8GB\/512GB\/4GB GTX1650\/144Hz\/Win11 (HN188W) - Ho\u00e0 B\u00ecnh Web\",\"isPartOf\":{\"@id\":\"https:\/\/mau.hoabinhweb.com\/maytinh1\/#website\"},\"primaryImageOfPage\":{\"@id\":\"http:\/\/mau.hoabinhweb.com\/maytinh1\/san-pham\/laptop-asus-tuf-gaming-fx506lh-i5-10300h-8gb-512gb-4gb-gtx1650-144hz-win11-hn188w\/#primaryimage\"},\"datePublished\":\"2022-03-24T07:27:45+00:00\",\"dateModified\":\"2022-05-18T07:08:30+00:00\",\"breadcrumb\":{\"@id\":\"http:\/\/mau.hoabinhweb.com\/maytinh1\/san-pham\/laptop-asus-tuf-gaming-fx506lh-i5-10300h-8gb-512gb-4gb-gtx1650-144hz-win11-hn188w\/#breadcrumb\"},\"inLanguage\":\"vi\",\"potentialAction\":[{\"@type\":\"ReadAction\",\"target\":[\"http:\/\/mau.hoabinhweb.com\/maytinh1\/san-pham\/laptop-asus-tuf-gaming-fx506lh-i5-10300h-8gb-512gb-4gb-gtx1650-144hz-win11-hn188w\/\"]}]},{\"@type\":\"BreadcrumbList\",\"@id\":\"http:\/\/mau.hoabinhweb.com\/maytinh1\/san-pham\/laptop-asus-tuf-gaming-fx506lh-i5-10300h-8gb-512gb-4gb-gtx1650-144hz-win11-hn188w\/#breadcrumb\",\"itemListElement\":[{\"@type\":\"ListItem\",\"position\":1,\"name\":\"Trang ch\u1ee7\",\"item\":\"https:\/\/mau.hoabinhweb.com\/maytinh1\/\"},{\"@type\":\"ListItem\",\"position\":2,\"name\":\"S\u1ea3n ph\u1ea9m\",\"item\":\"https:\/\/mau.hoabinhweb.com\/maytinh1\/san-pham\/\"},{\"@type\":\"ListItem\",\"position\":3,\"name\":\"Tin t\u1ee9c\",\"item\":\"http:\/\/mau.hoabinhweb.com\/maytinh1\/tin-tuc\/\"},{\"@type\":\"ListItem\",\"position\":4,\"name\":\"Laptop Asus TUF Gaming FX506LH i5 10300H\/8GB\/512GB\/4GB GTX1650\/144Hz\/Win11 (HN188W)\"}]}]}<\/script>\n<!-- \/ Yoast SEO plugin. -->","yoast_head_json":{"title":"Laptop Asus TUF Gaming FX506LH i5 10300H\/8GB\/512GB\/4GB GTX1650\/144Hz\/Win11 (HN188W) - Ho\u00e0 B\u00ecnh Web","robots":{"index":"noindex","follow":"follow","max-snippet":"max-snippet:-1","max-image-preview":"max-image-preview:large","max-video-preview":"max-video-preview:-1"},"og_locale":"vi_VN","og_type":"article","og_title":"Laptop Asus TUF Gaming FX506LH i5 10300H\/8GB\/512GB\/4GB GTX1650\/144Hz\/Win11 (HN188W) - Ho\u00e0 B\u00ecnh Web","og_description":"Giao h\u00e0ng tr\u00ean to\u00e0n qu\u1ed1c  B\u1ea3o h\u00e0nh ch\u00ednh h\u00e3ng  Cam k\u1ebft ch\u1ea5t l\u01b0\u1ee3ng  Hotline t\u01b0 v\u1ea5n: 035 609 3690","og_url":"http:\/\/mau.hoabinhweb.com\/maytinh1\/san-pham\/laptop-asus-tuf-gaming-fx506lh-i5-10300h-8gb-512gb-4gb-gtx1650-144hz-win11-hn188w\/","og_site_name":"Ho\u00e0 B\u00ecnh Web","article_modified_time":"2022-05-18T07:08:30+00:00","og_image":[{"width":656,"height":656,"url":"http:\/\/mau.hoabinhweb.com\/maytinh1\/wp-content\/uploads\/2022\/03\/sanpham-maytinh9.jpg","type":"image\/jpeg"}],"twitter_card":"summary_large_image","twitter_misc":{"\u01af\u1edbc t\u00ednh th\u1eddi gian \u0111\u1ecdc":"2 ph\u00fat"},"schema":{"@context":"https:\/\/schema.org","@graph":[{"@type":"WebSite","@id":"https:\/\/mau.hoabinhweb.com\/maytinh1\/#website","url":"https:\/\/mau.hoabinhweb.com\/maytinh1\/","name":"Ho\u00e0 B\u00ecnh Web","description":"","potentialAction":[{"@type":"SearchAction","target":{"@type":"EntryPoint","urlTemplate":"https:\/\/mau.hoabinhweb.com\/maytinh1\/?s={search_term_string}"},"query-input":"required name=search_term_string"}],"inLanguage":"vi"},{"@type":"ImageObject","inLanguage":"vi","@id":"http:\/\/mau.hoabinhweb.com\/maytinh1\/san-pham\/laptop-asus-tuf-gaming-fx506lh-i5-10300h-8gb-512gb-4gb-gtx1650-144hz-win11-hn188w\/#primaryimage","url":"http:\/\/mau.hoabinhweb.com\/maytinh1\/wp-content\/uploads\/2022\/03\/sanpham-maytinh9.jpg","contentUrl":"http:\/\/mau.hoabinhweb.com\/maytinh1\/wp-content\/uploads\/2022\/03\/sanpham-maytinh9.jpg","width":656,"height":656,"caption":"Sanpham Maytinh9"},{"@type":"WebPage","@id":"http:\/\/mau.hoabinhweb.com\/maytinh1\/san-pham\/laptop-asus-tuf-gaming-fx506lh-i5-10300h-8gb-512gb-4gb-gtx1650-144hz-win11-hn188w\/#webpage","url":"http:\/\/mau.hoabinhweb.com\/maytinh1\/san-pham\/laptop-asus-tuf-gaming-fx506lh-i5-10300h-8gb-512gb-4gb-gtx1650-144hz-win11-hn188w\/","name":"Laptop Asus TUF Gaming FX506LH i5 10300H\/8GB\/512GB\/4GB GTX1650\/144Hz\/Win11 (HN188W) - Ho\u00e0 B\u00ecnh Web","isPartOf":{"@id":"https:\/\/mau.hoabinhweb.com\/maytinh1\/#website"},"primaryImageOfPage":{"@id":"http:\/\/mau.hoabinhweb.com\/maytinh1\/san-pham\/laptop-asus-tuf-gaming-fx506lh-i5-10300h-8gb-512gb-4gb-gtx1650-144hz-win11-hn188w\/#primaryimage"},"datePublished":"2022-03-24T07:27:45+00:00","dateModified":"2022-05-18T07:08:30+00:00","breadcrumb":{"@id":"http:\/\/mau.hoabinhweb.com\/maytinh1\/san-pham\/laptop-asus-tuf-gaming-fx506lh-i5-10300h-8gb-512gb-4gb-gtx1650-144hz-win11-hn188w\/#breadcrumb"},"inLanguage":"vi","potentialAction":[{"@type":"ReadAction","target":["http:\/\/mau.hoabinhweb.com\/maytinh1\/san-pham\/laptop-asus-tuf-gaming-fx506lh-i5-10300h-8gb-512gb-4gb-gtx1650-144hz-win11-hn188w\/"]}]},{"@type":"BreadcrumbList","@id":"http:\/\/mau.hoabinhweb.com\/maytinh1\/san-pham\/laptop-asus-tuf-gaming-fx506lh-i5-10300h-8gb-512gb-4gb-gtx1650-144hz-win11-hn188w\/#breadcrumb","itemListElement":[{"@type":"ListItem","position":1,"name":"Trang ch\u1ee7","item":"https:\/\/mau.hoabinhweb.com\/maytinh1\/"},{"@type":"ListItem","position":2,"name":"S\u1ea3n ph\u1ea9m","item":"https:\/\/mau.hoabinhweb.com\/maytinh1\/san-pham\/"},{"@type":"ListItem","position":3,"name":"Tin t\u1ee9c","item":"http:\/\/mau.hoabinhweb.com\/maytinh1\/tin-tuc\/"},{"@type":"ListItem","position":4,"name":"Laptop Asus TUF Gaming FX506LH i5 10300H\/8GB\/512GB\/4GB GTX1650\/144Hz\/Win11 (HN188W)"}]}]}},"_links":{"self":[{"href":"http:\/\/mau.hoabinhweb.com\/maytinh1\/wp-json\/wp\/v2\/product\/79","targetHints":{"allow":["GET"]}}],"collection":[{"href":"http:\/\/mau.hoabinhweb.com\/maytinh1\/wp-json\/wp\/v2\/product"}],"about":[{"href":"http:\/\/mau.hoabinhweb.com\/maytinh1\/wp-json\/wp\/v2\/types\/product"}],"replies":[{"embeddable":true,"href":"http:\/\/mau.hoabinhweb.com\/maytinh1\/wp-json\/wp\/v2\/comments?post=79"}],"wp:featuredmedia":[{"embeddable":true,"href":"http:\/\/mau.hoabinhweb.com\/maytinh1\/wp-json\/wp\/v2\/media\/312"}],"wp:attachment":[{"href":"http:\/\/mau.hoabinhweb.com\/maytinh1\/wp-json\/wp\/v2\/media?parent=79"}],"wp:term":[{"taxonomy":"product_cat","embeddable":true,"href":"http:\/\/mau.hoabinhweb.com\/maytinh1\/wp-json\/wp\/v2\/product_cat?post=79"},{"taxonomy":"product_tag","embeddable":true,"href":"http:\/\/mau.hoabinhweb.com\/maytinh1\/wp-json\/wp\/v2\/product_tag?post=79"}],"curies":[{"name":"wp","href":"https:\/\/api.w.org\/{rel}","templated":true}]}}