{"id":77,"date":"2022-03-24T14:27:43","date_gmt":"2022-03-24T07:27:43","guid":{"rendered":"https:\/\/webcam24h.net\/?post_type=product&#038;p=77"},"modified":"2022-05-18T07:11:09","modified_gmt":"2022-05-18T07:11:09","slug":"laptop-dell-gaming-alienware-m15-r6-i7-11800h-32gb-1tb-ssd-8gb-rtx3070-240hz-officehs-win11-70272633","status":"publish","type":"product","link":"http:\/\/mau.hoabinhweb.com\/maytinh1\/san-pham\/laptop-dell-gaming-alienware-m15-r6-i7-11800h-32gb-1tb-ssd-8gb-rtx3070-240hz-officehs-win11-70272633\/","title":{"rendered":"Laptop Dell Gaming Alienware m15 R6 i7 11800H\/32GB\/1TB SSD\/8GB RTX3070\/240Hz\/OfficeHS\/Win11 (70272633)"},"content":{"rendered":"<p>V\u1edbi phong c\u00e1ch thi\u1ebft k\u1ebf \u0111\u1ed9c \u0111\u00e1o c\u00f9ng c\u1ea5u h\u00ecnh v\u01b0\u1ee3t tr\u1ed9i,\u00a0laptop Dell Gaming Alienware m15 R6 i7 11800H (70272633)\u00a0s\u1eb5n s\u00e0ng\u00a0\u0111\u00e1p \u1ee9ng ho\u00e0n h\u1ea3o m\u1ecdi t\u00e1c v\u1ee5 c\u1ee7a m\u1ed9t chi\u1ebfc\u00a0laptop \u0111\u1ed3 h\u1ecda &#8211; k\u1ef9 thu\u1eadt\u00a0nh\u01b0 thi\u1ebft k\u1ebf hay chi\u1ebfn game.<\/p>\n<p>\u2022\u00a0Laptop Dell Gaming Alienware\u00a0s\u1edf h\u1eefu CPU\u00a0<strong>Intel Core i7 Tiger Lake 11800H<\/strong>\u00a0mang l\u1ea1i hi\u1ec7u n\u0103ng x\u1eed l\u00fd v\u01b0\u1ee3t tr\u1ed9i. C\u00f9ng b\u1ea1n tho\u1ea3 s\u1ee9c s\u00e1ng t\u1ea1o h\u00ecnh \u1ea3nh, video v\u1edbi card t\u00edch h\u1ee3p\u00a0<strong>NVIDIA GeForce RTX 3070 8 GB\u00a0<\/strong>hay<strong>\u00a0<\/strong>gi\u1ea3i tr\u00ed v\u1edbi\u00a0c\u00e1c t\u1ef1a game h\u1ea5p d\u1eabn nh\u01b0 CS:GO, GTAV,&#8230;<\/p>\n<p>\u2022\u00a0B\u1ed9 nh\u1edb\u00a0<strong>RAM 32 GB<\/strong>\u00a0cho kh\u1ea3 n\u0103ng \u0111a nhi\u1ec7m c\u1ef1c m\u01b0\u1ee3t m\u00e0, \u1ed5 c\u1ee9ng\u00a0<strong>SSD 1 TB<\/strong>\u00a0cho b\u1ea1n tho\u1ea3i m\u00e1i l\u01b0u tr\u1eef d\u1eef li\u1ec7u v\u1edbi kh\u1ea3 n\u0103ng truy xu\u1ea5t, kh\u1edfi \u0111\u1ed9ng m\u00e1y c\u1ef1c nhanh.<\/p>\n<p>\u2022\u00a0Laptop Dell\u00a0s\u1edf h\u1eefu ngo\u1ea1i h\u00ecnh \u0111\u1ed9c \u0111\u00e1o mang l\u1ea1i \u0111\u1ed9 nh\u1eadn di\u1ec7n cao v\u1edbi chi\u1ebfc logo n\u1ed5i b\u1eadt tr\u00ean l\u1edbp\u00a0<strong>v\u1ecf nh\u1ef1a<\/strong>\u00a0b\u1ec1n ch\u1eafc, tr\u1ecdng l\u01b0\u1ee3ng\u00a0<strong>2.69 kg<\/strong>\u00a0lu\u00f4n trong t\u01b0 th\u1ebf s\u1eb5n s\u00e0ng chi\u1ebfn \u0111\u1ea5u b\u1ea5t c\u1ee9 khi n\u00e0o b\u1ea1n c\u1ea7n.<\/p>\n<p>\u2022\u00a0M\u00e0n h\u00ecnh\u00a0<strong>15.6 inch<\/strong>\u00a0c\u00f3 \u0111\u1ed9 s\u00e1ng l\u00ean \u0111\u1ebfn\u00a0<strong>400 nits<\/strong>\u00a0v\u00e0\u00a0<strong>99% DCI-P3<\/strong>\u00a0cho h\u00ecnh \u1ea3nh hi\u1ec3n th\u1ecb s\u1ed1ng \u0111\u1ed9ng, r\u1ef1c r\u1ee1 v\u1edbi \u0111\u1ed9 t\u01b0\u01a1ng ph\u1ea3n cao.<\/p>\n<p>\u2022 C\u00f4ng ngh\u1ec7\u00a0<strong>WVA<\/strong>\u00a0mang \u0111\u1ebfn cho m\u00e0n h\u00ecnh\u00a0laptop\u00a0g\u00f3c nh\u00ecn r\u1ed9ng l\u00ean \u0111\u1ebfn\u00a0<strong>178 \u0111\u1ed9<\/strong>, t\u1ea7n s\u1ed1 qu\u00e9t\u00a0<strong>240 Hz<\/strong>\u00a0cho \u0111\u1ed9 tr\u1ec5 c\u1ef1c th\u1ea5p, mang l\u1ea1i tr\u1ea3i nghi\u1ec7m h\u00ecnh \u1ea3nh si\u00eau m\u01b0\u1ee3t m\u00e0, kh\u00f4ng b\u1ecb gi\u1eadt, x\u00e9 khi chi\u1ebfn nh\u1eefng tr\u1eadn game \u0111\u1ec9nh cao.<\/p>\n<p>\u2022\u00a0<strong>\u0110\u00e8n b\u00e0n ph\u00edm chuy\u1ec3n m\u00e0u RGB<\/strong>\u00a0\u0111\u1ed9c \u0111\u00e1o h\u1ed7 tr\u1ee3 b\u1ea1n g\u00f5 t\u1ed1t, chi\u1ebfn game trong m\u1ecdi \u0111i\u1ec1u ki\u1ec7n s\u00e1ng.<\/p>\n<p>\u2022 Trang b\u1ecb c\u00e1c c\u1ed5ng k\u1ebft n\u1ed1i ti\u1ec7n l\u1ee3i nh\u01b0 USB 3.2, HDMI, LAN (RJ45), USB Type-C.<\/p>\n<p>\u2022 C\u00f4ng ngh\u1ec7\u00a0<strong>High Definition (HD)<\/strong>\u00a0v\u1edbi t\u00ednh n\u0103ng khu\u1ebfch \u0111\u1ea1i \u00e2m thanh c\u00f9ng\u00a0<strong>Audio Nahimic Audio<\/strong>\u00a0gi\u1ea3 l\u1eadp h\u1ec7 th\u1ed1ng \u00e2m v\u00f2m 3D s\u1ed1ng \u0111\u1ed9ng, l\u1ecdc v\u00e0 kh\u1eed ti\u1ebfng \u1ed3n hi\u1ec7u qu\u1ea3.<\/p>\n","protected":false},"excerpt":{"rendered":"<ul>\n<li>Giao h\u00e0ng tr\u00ean to\u00e0n qu\u1ed1c<\/li>\n<li>B\u1ea3o h\u00e0nh ch\u00ednh h\u00e3ng<\/li>\n<li>Cam k\u1ebft ch\u1ea5t l\u01b0\u1ee3ng<\/li>\n<li>Hotline t\u01b0 v\u1ea5n: 035 609 3690<\/li>\n<\/ul>\n","protected":false},"featured_media":326,"comment_status":"closed","ping_status":"closed","template":"","meta":[],"product_cat":[17,18,20,21,22,19,25,34,35,28,26,39,40,41,42,29,37,43,32,36,38,44,33,27,30,31,49,50,24,51,52,53,54,55,23],"product_tag":[],"class_list":["post-77","product","type-product","status-publish","has-post-thumbnail","hentry","product_cat-san-pham-ban-chay","product_cat-laptop-chinh-hang","product_cat-may-tinh-choi-game","product_cat-may-tinh-workstation","product_cat-man-hinh-may-tinh","product_cat-linh-kien-may-tinh","product_cat-cpu-bo-vi-xu-ly","product_cat-cpu-intel","product_cat-cpu-amd","product_cat-ram-bo-nho-trong","product_cat-ram-adata","product_cat-ram-corsair","product_cat-ram-kingston","product_cat-ram-kingmax","product_cat-ram-gskill","product_cat-mainboard","product_cat-mainboard-amd","product_cat-mainboard-intel","product_cat-psu-nguon-may-tinh","product_cat-nguon-corsair","product_cat-nguon-acbel","product_cat-nguon-seasonic","product_cat-nguon-thermaltake","product_cat-case-vo-may-tinh","product_cat-hdd-ssd-usb","product_cat-do-choi-may-tinh","product_cat-odd-o-dia-quang","product_cat-gia-treo-man-hinh","product_cat-vga-card-man-hinh","product_cat-phim-chuot-gaming-gear","product_cat-camera-dau-ghi-hinh","product_cat-ban-ghe-gaming","product_cat-lap-dat-phong-game","product_cat-thiet-bi-mang","product_cat-thiet-bi-van-phong"],"yoast_head":"<!-- This site is optimized with the Yoast SEO plugin v18.9 - https:\/\/yoast.com\/wordpress\/plugins\/seo\/ -->\n<title>Laptop Dell Gaming Alienware m15 R6 i7 11800H\/32GB\/1TB SSD\/8GB RTX3070\/240Hz\/OfficeHS\/Win11 (70272633) - Ho\u00e0 B\u00ecnh Web<\/title>\n<meta name=\"robots\" content=\"noindex, follow, max-snippet:-1, max-image-preview:large, max-video-preview:-1\" \/>\n<meta property=\"og:locale\" content=\"vi_VN\" \/>\n<meta property=\"og:type\" content=\"article\" \/>\n<meta property=\"og:title\" content=\"Laptop Dell Gaming Alienware m15 R6 i7 11800H\/32GB\/1TB SSD\/8GB RTX3070\/240Hz\/OfficeHS\/Win11 (70272633) - Ho\u00e0 B\u00ecnh Web\" \/>\n<meta property=\"og:description\" content=\"Giao h\u00e0ng tr\u00ean to\u00e0n qu\u1ed1c  B\u1ea3o h\u00e0nh ch\u00ednh h\u00e3ng  Cam k\u1ebft ch\u1ea5t l\u01b0\u1ee3ng  Hotline t\u01b0 v\u1ea5n: 035 609 3690\" \/>\n<meta property=\"og:url\" content=\"http:\/\/mau.hoabinhweb.com\/maytinh1\/san-pham\/laptop-dell-gaming-alienware-m15-r6-i7-11800h-32gb-1tb-ssd-8gb-rtx3070-240hz-officehs-win11-70272633\/\" \/>\n<meta property=\"og:site_name\" content=\"Ho\u00e0 B\u00ecnh Web\" \/>\n<meta property=\"article:modified_time\" content=\"2022-05-18T07:11:09+00:00\" \/>\n<meta property=\"og:image\" content=\"http:\/\/mau.hoabinhweb.com\/maytinh1\/wp-content\/uploads\/2022\/03\/sanpham-maytinh11.jpg\" \/>\n\t<meta property=\"og:image:width\" content=\"656\" \/>\n\t<meta property=\"og:image:height\" content=\"656\" \/>\n\t<meta property=\"og:image:type\" content=\"image\/jpeg\" \/>\n<meta name=\"twitter:card\" content=\"summary_large_image\" \/>\n<meta name=\"twitter:label1\" content=\"\u01af\u1edbc t\u00ednh th\u1eddi gian \u0111\u1ecdc\" \/>\n\t<meta name=\"twitter:data1\" content=\"2 ph\u00fat\" \/>\n<script type=\"application\/ld+json\" class=\"yoast-schema-graph\">{\"@context\":\"https:\/\/schema.org\",\"@graph\":[{\"@type\":\"WebSite\",\"@id\":\"https:\/\/mau.hoabinhweb.com\/maytinh1\/#website\",\"url\":\"https:\/\/mau.hoabinhweb.com\/maytinh1\/\",\"name\":\"Ho\u00e0 B\u00ecnh Web\",\"description\":\"\",\"potentialAction\":[{\"@type\":\"SearchAction\",\"target\":{\"@type\":\"EntryPoint\",\"urlTemplate\":\"https:\/\/mau.hoabinhweb.com\/maytinh1\/?s={search_term_string}\"},\"query-input\":\"required name=search_term_string\"}],\"inLanguage\":\"vi\"},{\"@type\":\"ImageObject\",\"inLanguage\":\"vi\",\"@id\":\"http:\/\/mau.hoabinhweb.com\/maytinh1\/san-pham\/laptop-dell-gaming-alienware-m15-r6-i7-11800h-32gb-1tb-ssd-8gb-rtx3070-240hz-officehs-win11-70272633\/#primaryimage\",\"url\":\"http:\/\/mau.hoabinhweb.com\/maytinh1\/wp-content\/uploads\/2022\/03\/sanpham-maytinh11.jpg\",\"contentUrl\":\"http:\/\/mau.hoabinhweb.com\/maytinh1\/wp-content\/uploads\/2022\/03\/sanpham-maytinh11.jpg\",\"width\":656,\"height\":656,\"caption\":\"Sanpham Maytinh11\"},{\"@type\":\"WebPage\",\"@id\":\"http:\/\/mau.hoabinhweb.com\/maytinh1\/san-pham\/laptop-dell-gaming-alienware-m15-r6-i7-11800h-32gb-1tb-ssd-8gb-rtx3070-240hz-officehs-win11-70272633\/#webpage\",\"url\":\"http:\/\/mau.hoabinhweb.com\/maytinh1\/san-pham\/laptop-dell-gaming-alienware-m15-r6-i7-11800h-32gb-1tb-ssd-8gb-rtx3070-240hz-officehs-win11-70272633\/\",\"name\":\"Laptop Dell Gaming Alienware m15 R6 i7 11800H\/32GB\/1TB SSD\/8GB RTX3070\/240Hz\/OfficeHS\/Win11 (70272633) - Ho\u00e0 B\u00ecnh Web\",\"isPartOf\":{\"@id\":\"https:\/\/mau.hoabinhweb.com\/maytinh1\/#website\"},\"primaryImageOfPage\":{\"@id\":\"http:\/\/mau.hoabinhweb.com\/maytinh1\/san-pham\/laptop-dell-gaming-alienware-m15-r6-i7-11800h-32gb-1tb-ssd-8gb-rtx3070-240hz-officehs-win11-70272633\/#primaryimage\"},\"datePublished\":\"2022-03-24T07:27:43+00:00\",\"dateModified\":\"2022-05-18T07:11:09+00:00\",\"breadcrumb\":{\"@id\":\"http:\/\/mau.hoabinhweb.com\/maytinh1\/san-pham\/laptop-dell-gaming-alienware-m15-r6-i7-11800h-32gb-1tb-ssd-8gb-rtx3070-240hz-officehs-win11-70272633\/#breadcrumb\"},\"inLanguage\":\"vi\",\"potentialAction\":[{\"@type\":\"ReadAction\",\"target\":[\"http:\/\/mau.hoabinhweb.com\/maytinh1\/san-pham\/laptop-dell-gaming-alienware-m15-r6-i7-11800h-32gb-1tb-ssd-8gb-rtx3070-240hz-officehs-win11-70272633\/\"]}]},{\"@type\":\"BreadcrumbList\",\"@id\":\"http:\/\/mau.hoabinhweb.com\/maytinh1\/san-pham\/laptop-dell-gaming-alienware-m15-r6-i7-11800h-32gb-1tb-ssd-8gb-rtx3070-240hz-officehs-win11-70272633\/#breadcrumb\",\"itemListElement\":[{\"@type\":\"ListItem\",\"position\":1,\"name\":\"Trang ch\u1ee7\",\"item\":\"https:\/\/mau.hoabinhweb.com\/maytinh1\/\"},{\"@type\":\"ListItem\",\"position\":2,\"name\":\"S\u1ea3n ph\u1ea9m\",\"item\":\"https:\/\/mau.hoabinhweb.com\/maytinh1\/san-pham\/\"},{\"@type\":\"ListItem\",\"position\":3,\"name\":\"Tin t\u1ee9c\",\"item\":\"http:\/\/mau.hoabinhweb.com\/maytinh1\/tin-tuc\/\"},{\"@type\":\"ListItem\",\"position\":4,\"name\":\"Laptop Dell Gaming Alienware m15 R6 i7 11800H\/32GB\/1TB SSD\/8GB RTX3070\/240Hz\/OfficeHS\/Win11 (70272633)\"}]}]}<\/script>\n<!-- \/ Yoast SEO plugin. -->","yoast_head_json":{"title":"Laptop Dell Gaming Alienware m15 R6 i7 11800H\/32GB\/1TB SSD\/8GB RTX3070\/240Hz\/OfficeHS\/Win11 (70272633) - Ho\u00e0 B\u00ecnh Web","robots":{"index":"noindex","follow":"follow","max-snippet":"max-snippet:-1","max-image-preview":"max-image-preview:large","max-video-preview":"max-video-preview:-1"},"og_locale":"vi_VN","og_type":"article","og_title":"Laptop Dell Gaming Alienware m15 R6 i7 11800H\/32GB\/1TB SSD\/8GB RTX3070\/240Hz\/OfficeHS\/Win11 (70272633) - Ho\u00e0 B\u00ecnh Web","og_description":"Giao h\u00e0ng tr\u00ean to\u00e0n qu\u1ed1c  B\u1ea3o h\u00e0nh ch\u00ednh h\u00e3ng  Cam k\u1ebft ch\u1ea5t l\u01b0\u1ee3ng  Hotline t\u01b0 v\u1ea5n: 035 609 3690","og_url":"http:\/\/mau.hoabinhweb.com\/maytinh1\/san-pham\/laptop-dell-gaming-alienware-m15-r6-i7-11800h-32gb-1tb-ssd-8gb-rtx3070-240hz-officehs-win11-70272633\/","og_site_name":"Ho\u00e0 B\u00ecnh Web","article_modified_time":"2022-05-18T07:11:09+00:00","og_image":[{"width":656,"height":656,"url":"http:\/\/mau.hoabinhweb.com\/maytinh1\/wp-content\/uploads\/2022\/03\/sanpham-maytinh11.jpg","type":"image\/jpeg"}],"twitter_card":"summary_large_image","twitter_misc":{"\u01af\u1edbc t\u00ednh th\u1eddi gian \u0111\u1ecdc":"2 ph\u00fat"},"schema":{"@context":"https:\/\/schema.org","@graph":[{"@type":"WebSite","@id":"https:\/\/mau.hoabinhweb.com\/maytinh1\/#website","url":"https:\/\/mau.hoabinhweb.com\/maytinh1\/","name":"Ho\u00e0 B\u00ecnh Web","description":"","potentialAction":[{"@type":"SearchAction","target":{"@type":"EntryPoint","urlTemplate":"https:\/\/mau.hoabinhweb.com\/maytinh1\/?s={search_term_string}"},"query-input":"required name=search_term_string"}],"inLanguage":"vi"},{"@type":"ImageObject","inLanguage":"vi","@id":"http:\/\/mau.hoabinhweb.com\/maytinh1\/san-pham\/laptop-dell-gaming-alienware-m15-r6-i7-11800h-32gb-1tb-ssd-8gb-rtx3070-240hz-officehs-win11-70272633\/#primaryimage","url":"http:\/\/mau.hoabinhweb.com\/maytinh1\/wp-content\/uploads\/2022\/03\/sanpham-maytinh11.jpg","contentUrl":"http:\/\/mau.hoabinhweb.com\/maytinh1\/wp-content\/uploads\/2022\/03\/sanpham-maytinh11.jpg","width":656,"height":656,"caption":"Sanpham Maytinh11"},{"@type":"WebPage","@id":"http:\/\/mau.hoabinhweb.com\/maytinh1\/san-pham\/laptop-dell-gaming-alienware-m15-r6-i7-11800h-32gb-1tb-ssd-8gb-rtx3070-240hz-officehs-win11-70272633\/#webpage","url":"http:\/\/mau.hoabinhweb.com\/maytinh1\/san-pham\/laptop-dell-gaming-alienware-m15-r6-i7-11800h-32gb-1tb-ssd-8gb-rtx3070-240hz-officehs-win11-70272633\/","name":"Laptop Dell Gaming Alienware m15 R6 i7 11800H\/32GB\/1TB SSD\/8GB RTX3070\/240Hz\/OfficeHS\/Win11 (70272633) - Ho\u00e0 B\u00ecnh Web","isPartOf":{"@id":"https:\/\/mau.hoabinhweb.com\/maytinh1\/#website"},"primaryImageOfPage":{"@id":"http:\/\/mau.hoabinhweb.com\/maytinh1\/san-pham\/laptop-dell-gaming-alienware-m15-r6-i7-11800h-32gb-1tb-ssd-8gb-rtx3070-240hz-officehs-win11-70272633\/#primaryimage"},"datePublished":"2022-03-24T07:27:43+00:00","dateModified":"2022-05-18T07:11:09+00:00","breadcrumb":{"@id":"http:\/\/mau.hoabinhweb.com\/maytinh1\/san-pham\/laptop-dell-gaming-alienware-m15-r6-i7-11800h-32gb-1tb-ssd-8gb-rtx3070-240hz-officehs-win11-70272633\/#breadcrumb"},"inLanguage":"vi","potentialAction":[{"@type":"ReadAction","target":["http:\/\/mau.hoabinhweb.com\/maytinh1\/san-pham\/laptop-dell-gaming-alienware-m15-r6-i7-11800h-32gb-1tb-ssd-8gb-rtx3070-240hz-officehs-win11-70272633\/"]}]},{"@type":"BreadcrumbList","@id":"http:\/\/mau.hoabinhweb.com\/maytinh1\/san-pham\/laptop-dell-gaming-alienware-m15-r6-i7-11800h-32gb-1tb-ssd-8gb-rtx3070-240hz-officehs-win11-70272633\/#breadcrumb","itemListElement":[{"@type":"ListItem","position":1,"name":"Trang ch\u1ee7","item":"https:\/\/mau.hoabinhweb.com\/maytinh1\/"},{"@type":"ListItem","position":2,"name":"S\u1ea3n ph\u1ea9m","item":"https:\/\/mau.hoabinhweb.com\/maytinh1\/san-pham\/"},{"@type":"ListItem","position":3,"name":"Tin t\u1ee9c","item":"http:\/\/mau.hoabinhweb.com\/maytinh1\/tin-tuc\/"},{"@type":"ListItem","position":4,"name":"Laptop Dell Gaming Alienware m15 R6 i7 11800H\/32GB\/1TB SSD\/8GB RTX3070\/240Hz\/OfficeHS\/Win11 (70272633)"}]}]}},"_links":{"self":[{"href":"http:\/\/mau.hoabinhweb.com\/maytinh1\/wp-json\/wp\/v2\/product\/77","targetHints":{"allow":["GET"]}}],"collection":[{"href":"http:\/\/mau.hoabinhweb.com\/maytinh1\/wp-json\/wp\/v2\/product"}],"about":[{"href":"http:\/\/mau.hoabinhweb.com\/maytinh1\/wp-json\/wp\/v2\/types\/product"}],"replies":[{"embeddable":true,"href":"http:\/\/mau.hoabinhweb.com\/maytinh1\/wp-json\/wp\/v2\/comments?post=77"}],"wp:featuredmedia":[{"embeddable":true,"href":"http:\/\/mau.hoabinhweb.com\/maytinh1\/wp-json\/wp\/v2\/media\/326"}],"wp:attachment":[{"href":"http:\/\/mau.hoabinhweb.com\/maytinh1\/wp-json\/wp\/v2\/media?parent=77"}],"wp:term":[{"taxonomy":"product_cat","embeddable":true,"href":"http:\/\/mau.hoabinhweb.com\/maytinh1\/wp-json\/wp\/v2\/product_cat?post=77"},{"taxonomy":"product_tag","embeddable":true,"href":"http:\/\/mau.hoabinhweb.com\/maytinh1\/wp-json\/wp\/v2\/product_tag?post=77"}],"curies":[{"name":"wp","href":"https:\/\/api.w.org\/{rel}","templated":true}]}}