{"id":76,"date":"2022-03-24T14:27:43","date_gmt":"2022-03-24T07:27:43","guid":{"rendered":"https:\/\/webcam24h.net\/?post_type=product&#038;p=76"},"modified":"2022-05-18T07:11:05","modified_gmt":"2022-05-18T07:11:05","slug":"laptop-dell-gaming-g15-5515-r7-5800h-8gb-512gb-4gb-rtx3050-120hz-office-hs-win11-70266674","status":"publish","type":"product","link":"http:\/\/mau.hoabinhweb.com\/maytinh1\/san-pham\/laptop-dell-gaming-g15-5515-r7-5800h-8gb-512gb-4gb-rtx3050-120hz-office-hs-win11-70266674\/","title":{"rendered":"Laptop Dell Gaming G15 5515 R7 5800H\/8GB\/512GB\/4GB RTX3050\/120Hz\/Office H&#038;S\/Win11 (70266674)"},"content":{"rendered":"<p>Laptop Dell Gaming G15 5515 R7 5800H (70266674)\u00a0s\u1edf h\u1eefu thi\u1ebft k\u1ebf th\u1eddi th\u01b0\u1ee3ng v\u1edbi t\u1eebng \u0111\u01b0\u1eddng n\u00e9t tinh t\u1ebf c\u00f9ng hi\u1ec7u n\u0103ng m\u1ea1nh m\u1ebd, l\u00e0 b\u1ea1n \u0111\u1ed3ng h\u00e0nh l\u00fd t\u01b0\u1edfng cho b\u1ea5t k\u1ef3 ai.<\/p>\n<p>\u2022\u00a0Laptop \u0111\u1ed3 h\u1ecda &#8211; k\u1ef9 thu\u1eadt\u00a0s\u1edf h\u1eefu b\u1ed9 vi x\u1eed l\u00fd\u00a0<strong>AMD Ryzen 7 5800H\u200b\u00a0<\/strong>c\u00f9ng\u00a0card \u0111\u1ed3 h\u1ecda r\u1eddi\u00a0<strong>NVIDIA\u00a0GeForce RTX3050 4\u00a0GB<\/strong>, \u0111\u00e1p \u1ee9ng m\u1ea1nh m\u1ebd qu\u00e1 tr\u00ecnh x\u1eed l\u00fd c\u00e1c t\u00e1c v\u1ee5 v\u0103n ph\u00f2ng hay chi\u1ebfn nh\u1eefng tr\u1eadn game \u0111\u1ea7y k\u1ecbch t\u00ednh.<\/p>\n<p>\u2022\u00a0M\u00e0n h\u00ecnh vi\u1ec1n m\u1ecfng\u00a0<strong>15.6 inch<\/strong>\u00a0\u1edf\u00a0laptop Dell\u00a0\u0111\u01b0\u1ee3c trang b\u1ecb c\u00e1c c\u00f4ng ngh\u1ec7 hi\u1ec7n \u0111\u1ea1i nh\u01b0 c\u00f4ng ngh\u1ec7\u00a0<strong>WVA<\/strong>,\u00a0<strong>Anti Glare<\/strong>,\u00a0<strong>LED Backlit\u00a0<\/strong>h\u1ed7 tr\u1ee3 ch\u00f3ng ch\u00f3i, ti\u1ebft ki\u1ec7m \u0111i\u1ec7n, mang \u0111\u1ebfn khung h\u00ecnh r\u1ed9ng m\u1edf.<\/p>\n<p>\u2022\u00a0T\u1ea7n\u00a0s\u1ed1 qu\u00e9t\u00a0<strong>120 Hz<\/strong>\u00a0mang \u0111\u1ebfn cho b\u1ea1n nh\u1eefng chuy\u1ec3n \u0111\u1ed9ng m\u01b0\u1ee3t m\u00e0. H\u1ea1n ch\u1ebf t\u00ecnh tr\u1ea1ng gi\u1eadt, x\u00e9 h\u00ecnh.<\/p>\n<p>\u2022\u00a0Laptop Dell Gaming\u00a0v\u1edbi tr\u1ecdng l\u01b0\u1ee3ng<strong>\u00a02.81 kg<\/strong>\u00a0v\u00e0 d\u00e0y\u00a0<strong>25 mm<\/strong>, c\u00f9ng b\u00e0n ph\u00edm c\u00f3\u00a0<strong>\u0111\u00e8n n\u1ec1n \u0111\u01a1n s\u1eafc\u00a0<\/strong>d\u1ec5 d\u00e0ng c\u00f9ng b\u1ea1n chi\u1ebfn game \u1edf m\u1ecdi kh\u00f4ng gian m\u1ed9t c\u00e1ch thu\u1eadn l\u1ee3i nh\u1ea5t.<\/p>\n<p>\u2022\u00a0Chi\u1ebfc\u00a0laptop\u00a0n\u00e0y c\u00f2n \u0111\u01b0\u1ee3c trang b\u1ecb c\u00e1c c\u1ed5ng k\u1ebft n\u1ed1i ph\u1ed5 bi\u1ebfn nh\u01b0 USB 3.2,\u00a02 c\u1ed5ng USB 2.0, HDMI v\u00e0 USB Type-C h\u1ed7 tr\u1ee3 qu\u00e1 tr\u00ecnh truy\u1ec1n xu\u1ea5t d\u1eef li\u1ec7u d\u1ec5 d\u00e0ng.<\/p>\n<p>\u2022\u00a0<strong>RAM 8 GB\u00a0<\/strong>x\u1eed l\u00fd \u0111a nhi\u1ec7m m\u01b0\u1ee3t m\u00e0 m\u1ecdi t\u00e1c v\u1ee5<strong>\u00a0<\/strong>c\u00f9ng \u1ed5\u00a0c\u1ee9ng<strong>\u00a0SSD\u00a0512 GB<\/strong>\u00a0cho kh\u1ea3 n\u0103ng\u00a0l\u01b0u tr\u1eef \u0111\u1ee7 d\u00f9ng, truy xu\u1ea5t d\u1eef li\u1ec7u nhanh ch\u00f3ng.<\/p>\n<p>\u2022\u00a0H\u1ec7 \u0111i\u1ec1u h\u00e0nh\u00a0<strong>Windows 11 Home SL + Office Home &amp; Student 2021<\/strong>\u00a0v\u0129nh vi\u1ec5n \u0111\u01b0\u1ee3c c\u00e0i \u0111\u1eb7t s\u1eb5n tr\u00ean m\u00e1y gi\u00fap b\u1ea1n t\u1ed1i \u01b0u nhu c\u1ea7u s\u1eed d\u1ee5ng.<\/p>\n<p>\u2022\u00a0S\u1ef1 k\u1ebft h\u1ee3p gi\u1eefa\u00a0<strong>High Definition (HD) Audio\u00a0<\/strong>v\u00e0\u00a0<strong>Realtek Nahimic 3D Audio<\/strong>\u00a0mang \u0111\u1ebfn ch\u1ea5t \u00e2m v\u00f2m, t\u0103ng c\u01b0\u1eddng \u00e2m Bass c\u00f9ng t\u00ednh n\u0103ng khu\u1ebfch \u0111\u1ea1i cho b\u1ea1n \u0111\u1eafm ch\u00ecm trong th\u1ebf gi\u1edbi \u0111\u1ea7y th\u01b0 gi\u00e3n.<\/p>\n","protected":false},"excerpt":{"rendered":"<ul>\n<li>Giao h\u00e0ng tr\u00ean to\u00e0n qu\u1ed1c<\/li>\n<li>B\u1ea3o h\u00e0nh ch\u00ednh h\u00e3ng<\/li>\n<li>Cam k\u1ebft ch\u1ea5t l\u01b0\u1ee3ng<\/li>\n<li>Hotline t\u01b0 v\u1ea5n: 035 609 3690<\/li>\n<\/ul>\n","protected":false},"featured_media":327,"comment_status":"closed","ping_status":"closed","template":"","meta":[],"product_cat":[17,18,20,21,22,19,25,34,35,28,26,39,40,41,42,29,37,43,32,36,38,44,33,27,30,31,49,50,24,51,52,53,54,55,23],"product_tag":[],"class_list":["post-76","product","type-product","status-publish","has-post-thumbnail","hentry","product_cat-san-pham-ban-chay","product_cat-laptop-chinh-hang","product_cat-may-tinh-choi-game","product_cat-may-tinh-workstation","product_cat-man-hinh-may-tinh","product_cat-linh-kien-may-tinh","product_cat-cpu-bo-vi-xu-ly","product_cat-cpu-intel","product_cat-cpu-amd","product_cat-ram-bo-nho-trong","product_cat-ram-adata","product_cat-ram-corsair","product_cat-ram-kingston","product_cat-ram-kingmax","product_cat-ram-gskill","product_cat-mainboard","product_cat-mainboard-amd","product_cat-mainboard-intel","product_cat-psu-nguon-may-tinh","product_cat-nguon-corsair","product_cat-nguon-acbel","product_cat-nguon-seasonic","product_cat-nguon-thermaltake","product_cat-case-vo-may-tinh","product_cat-hdd-ssd-usb","product_cat-do-choi-may-tinh","product_cat-odd-o-dia-quang","product_cat-gia-treo-man-hinh","product_cat-vga-card-man-hinh","product_cat-phim-chuot-gaming-gear","product_cat-camera-dau-ghi-hinh","product_cat-ban-ghe-gaming","product_cat-lap-dat-phong-game","product_cat-thiet-bi-mang","product_cat-thiet-bi-van-phong"],"yoast_head":"<!-- This site is optimized with the Yoast SEO plugin v18.9 - https:\/\/yoast.com\/wordpress\/plugins\/seo\/ -->\n<title>Laptop Dell Gaming G15 5515 R7 5800H\/8GB\/512GB\/4GB RTX3050\/120Hz\/Office H&amp;S\/Win11 (70266674) - Ho\u00e0 B\u00ecnh Web<\/title>\n<meta name=\"robots\" content=\"noindex, follow, max-snippet:-1, max-image-preview:large, max-video-preview:-1\" \/>\n<meta property=\"og:locale\" content=\"vi_VN\" \/>\n<meta property=\"og:type\" content=\"article\" \/>\n<meta property=\"og:title\" content=\"Laptop Dell Gaming G15 5515 R7 5800H\/8GB\/512GB\/4GB RTX3050\/120Hz\/Office H&amp;S\/Win11 (70266674) - Ho\u00e0 B\u00ecnh Web\" \/>\n<meta property=\"og:description\" content=\"Giao h\u00e0ng tr\u00ean to\u00e0n qu\u1ed1c  B\u1ea3o h\u00e0nh ch\u00ednh h\u00e3ng  Cam k\u1ebft ch\u1ea5t l\u01b0\u1ee3ng  Hotline t\u01b0 v\u1ea5n: 035 609 3690\" \/>\n<meta property=\"og:url\" content=\"http:\/\/mau.hoabinhweb.com\/maytinh1\/san-pham\/laptop-dell-gaming-g15-5515-r7-5800h-8gb-512gb-4gb-rtx3050-120hz-office-hs-win11-70266674\/\" \/>\n<meta property=\"og:site_name\" content=\"Ho\u00e0 B\u00ecnh Web\" \/>\n<meta property=\"article:modified_time\" content=\"2022-05-18T07:11:05+00:00\" \/>\n<meta property=\"og:image\" content=\"http:\/\/mau.hoabinhweb.com\/maytinh1\/wp-content\/uploads\/2022\/03\/sanpham-maytinh12.jpg\" \/>\n\t<meta property=\"og:image:width\" content=\"656\" \/>\n\t<meta property=\"og:image:height\" content=\"656\" \/>\n\t<meta property=\"og:image:type\" content=\"image\/jpeg\" \/>\n<meta name=\"twitter:card\" content=\"summary_large_image\" \/>\n<meta name=\"twitter:label1\" content=\"\u01af\u1edbc t\u00ednh th\u1eddi gian \u0111\u1ecdc\" \/>\n\t<meta name=\"twitter:data1\" content=\"2 ph\u00fat\" \/>\n<script type=\"application\/ld+json\" class=\"yoast-schema-graph\">{\"@context\":\"https:\/\/schema.org\",\"@graph\":[{\"@type\":\"WebSite\",\"@id\":\"https:\/\/mau.hoabinhweb.com\/maytinh1\/#website\",\"url\":\"https:\/\/mau.hoabinhweb.com\/maytinh1\/\",\"name\":\"Ho\u00e0 B\u00ecnh Web\",\"description\":\"\",\"potentialAction\":[{\"@type\":\"SearchAction\",\"target\":{\"@type\":\"EntryPoint\",\"urlTemplate\":\"https:\/\/mau.hoabinhweb.com\/maytinh1\/?s={search_term_string}\"},\"query-input\":\"required name=search_term_string\"}],\"inLanguage\":\"vi\"},{\"@type\":\"ImageObject\",\"inLanguage\":\"vi\",\"@id\":\"http:\/\/mau.hoabinhweb.com\/maytinh1\/san-pham\/laptop-dell-gaming-g15-5515-r7-5800h-8gb-512gb-4gb-rtx3050-120hz-office-hs-win11-70266674\/#primaryimage\",\"url\":\"http:\/\/mau.hoabinhweb.com\/maytinh1\/wp-content\/uploads\/2022\/03\/sanpham-maytinh12.jpg\",\"contentUrl\":\"http:\/\/mau.hoabinhweb.com\/maytinh1\/wp-content\/uploads\/2022\/03\/sanpham-maytinh12.jpg\",\"width\":656,\"height\":656,\"caption\":\"Sanpham Maytinh12\"},{\"@type\":\"WebPage\",\"@id\":\"http:\/\/mau.hoabinhweb.com\/maytinh1\/san-pham\/laptop-dell-gaming-g15-5515-r7-5800h-8gb-512gb-4gb-rtx3050-120hz-office-hs-win11-70266674\/#webpage\",\"url\":\"http:\/\/mau.hoabinhweb.com\/maytinh1\/san-pham\/laptop-dell-gaming-g15-5515-r7-5800h-8gb-512gb-4gb-rtx3050-120hz-office-hs-win11-70266674\/\",\"name\":\"Laptop Dell Gaming G15 5515 R7 5800H\/8GB\/512GB\/4GB RTX3050\/120Hz\/Office H&S\/Win11 (70266674) - Ho\u00e0 B\u00ecnh Web\",\"isPartOf\":{\"@id\":\"https:\/\/mau.hoabinhweb.com\/maytinh1\/#website\"},\"primaryImageOfPage\":{\"@id\":\"http:\/\/mau.hoabinhweb.com\/maytinh1\/san-pham\/laptop-dell-gaming-g15-5515-r7-5800h-8gb-512gb-4gb-rtx3050-120hz-office-hs-win11-70266674\/#primaryimage\"},\"datePublished\":\"2022-03-24T07:27:43+00:00\",\"dateModified\":\"2022-05-18T07:11:05+00:00\",\"breadcrumb\":{\"@id\":\"http:\/\/mau.hoabinhweb.com\/maytinh1\/san-pham\/laptop-dell-gaming-g15-5515-r7-5800h-8gb-512gb-4gb-rtx3050-120hz-office-hs-win11-70266674\/#breadcrumb\"},\"inLanguage\":\"vi\",\"potentialAction\":[{\"@type\":\"ReadAction\",\"target\":[\"http:\/\/mau.hoabinhweb.com\/maytinh1\/san-pham\/laptop-dell-gaming-g15-5515-r7-5800h-8gb-512gb-4gb-rtx3050-120hz-office-hs-win11-70266674\/\"]}]},{\"@type\":\"BreadcrumbList\",\"@id\":\"http:\/\/mau.hoabinhweb.com\/maytinh1\/san-pham\/laptop-dell-gaming-g15-5515-r7-5800h-8gb-512gb-4gb-rtx3050-120hz-office-hs-win11-70266674\/#breadcrumb\",\"itemListElement\":[{\"@type\":\"ListItem\",\"position\":1,\"name\":\"Trang ch\u1ee7\",\"item\":\"https:\/\/mau.hoabinhweb.com\/maytinh1\/\"},{\"@type\":\"ListItem\",\"position\":2,\"name\":\"S\u1ea3n ph\u1ea9m\",\"item\":\"https:\/\/mau.hoabinhweb.com\/maytinh1\/san-pham\/\"},{\"@type\":\"ListItem\",\"position\":3,\"name\":\"Tin t\u1ee9c\",\"item\":\"http:\/\/mau.hoabinhweb.com\/maytinh1\/tin-tuc\/\"},{\"@type\":\"ListItem\",\"position\":4,\"name\":\"Laptop Dell Gaming G15 5515 R7 5800H\/8GB\/512GB\/4GB RTX3050\/120Hz\/Office H&#038;S\/Win11 (70266674)\"}]}]}<\/script>\n<!-- \/ Yoast SEO plugin. -->","yoast_head_json":{"title":"Laptop Dell Gaming G15 5515 R7 5800H\/8GB\/512GB\/4GB RTX3050\/120Hz\/Office H&S\/Win11 (70266674) - Ho\u00e0 B\u00ecnh Web","robots":{"index":"noindex","follow":"follow","max-snippet":"max-snippet:-1","max-image-preview":"max-image-preview:large","max-video-preview":"max-video-preview:-1"},"og_locale":"vi_VN","og_type":"article","og_title":"Laptop Dell Gaming G15 5515 R7 5800H\/8GB\/512GB\/4GB RTX3050\/120Hz\/Office H&S\/Win11 (70266674) - Ho\u00e0 B\u00ecnh Web","og_description":"Giao h\u00e0ng tr\u00ean to\u00e0n qu\u1ed1c  B\u1ea3o h\u00e0nh ch\u00ednh h\u00e3ng  Cam k\u1ebft ch\u1ea5t l\u01b0\u1ee3ng  Hotline t\u01b0 v\u1ea5n: 035 609 3690","og_url":"http:\/\/mau.hoabinhweb.com\/maytinh1\/san-pham\/laptop-dell-gaming-g15-5515-r7-5800h-8gb-512gb-4gb-rtx3050-120hz-office-hs-win11-70266674\/","og_site_name":"Ho\u00e0 B\u00ecnh Web","article_modified_time":"2022-05-18T07:11:05+00:00","og_image":[{"width":656,"height":656,"url":"http:\/\/mau.hoabinhweb.com\/maytinh1\/wp-content\/uploads\/2022\/03\/sanpham-maytinh12.jpg","type":"image\/jpeg"}],"twitter_card":"summary_large_image","twitter_misc":{"\u01af\u1edbc t\u00ednh th\u1eddi gian \u0111\u1ecdc":"2 ph\u00fat"},"schema":{"@context":"https:\/\/schema.org","@graph":[{"@type":"WebSite","@id":"https:\/\/mau.hoabinhweb.com\/maytinh1\/#website","url":"https:\/\/mau.hoabinhweb.com\/maytinh1\/","name":"Ho\u00e0 B\u00ecnh Web","description":"","potentialAction":[{"@type":"SearchAction","target":{"@type":"EntryPoint","urlTemplate":"https:\/\/mau.hoabinhweb.com\/maytinh1\/?s={search_term_string}"},"query-input":"required name=search_term_string"}],"inLanguage":"vi"},{"@type":"ImageObject","inLanguage":"vi","@id":"http:\/\/mau.hoabinhweb.com\/maytinh1\/san-pham\/laptop-dell-gaming-g15-5515-r7-5800h-8gb-512gb-4gb-rtx3050-120hz-office-hs-win11-70266674\/#primaryimage","url":"http:\/\/mau.hoabinhweb.com\/maytinh1\/wp-content\/uploads\/2022\/03\/sanpham-maytinh12.jpg","contentUrl":"http:\/\/mau.hoabinhweb.com\/maytinh1\/wp-content\/uploads\/2022\/03\/sanpham-maytinh12.jpg","width":656,"height":656,"caption":"Sanpham Maytinh12"},{"@type":"WebPage","@id":"http:\/\/mau.hoabinhweb.com\/maytinh1\/san-pham\/laptop-dell-gaming-g15-5515-r7-5800h-8gb-512gb-4gb-rtx3050-120hz-office-hs-win11-70266674\/#webpage","url":"http:\/\/mau.hoabinhweb.com\/maytinh1\/san-pham\/laptop-dell-gaming-g15-5515-r7-5800h-8gb-512gb-4gb-rtx3050-120hz-office-hs-win11-70266674\/","name":"Laptop Dell Gaming G15 5515 R7 5800H\/8GB\/512GB\/4GB RTX3050\/120Hz\/Office H&S\/Win11 (70266674) - Ho\u00e0 B\u00ecnh Web","isPartOf":{"@id":"https:\/\/mau.hoabinhweb.com\/maytinh1\/#website"},"primaryImageOfPage":{"@id":"http:\/\/mau.hoabinhweb.com\/maytinh1\/san-pham\/laptop-dell-gaming-g15-5515-r7-5800h-8gb-512gb-4gb-rtx3050-120hz-office-hs-win11-70266674\/#primaryimage"},"datePublished":"2022-03-24T07:27:43+00:00","dateModified":"2022-05-18T07:11:05+00:00","breadcrumb":{"@id":"http:\/\/mau.hoabinhweb.com\/maytinh1\/san-pham\/laptop-dell-gaming-g15-5515-r7-5800h-8gb-512gb-4gb-rtx3050-120hz-office-hs-win11-70266674\/#breadcrumb"},"inLanguage":"vi","potentialAction":[{"@type":"ReadAction","target":["http:\/\/mau.hoabinhweb.com\/maytinh1\/san-pham\/laptop-dell-gaming-g15-5515-r7-5800h-8gb-512gb-4gb-rtx3050-120hz-office-hs-win11-70266674\/"]}]},{"@type":"BreadcrumbList","@id":"http:\/\/mau.hoabinhweb.com\/maytinh1\/san-pham\/laptop-dell-gaming-g15-5515-r7-5800h-8gb-512gb-4gb-rtx3050-120hz-office-hs-win11-70266674\/#breadcrumb","itemListElement":[{"@type":"ListItem","position":1,"name":"Trang ch\u1ee7","item":"https:\/\/mau.hoabinhweb.com\/maytinh1\/"},{"@type":"ListItem","position":2,"name":"S\u1ea3n ph\u1ea9m","item":"https:\/\/mau.hoabinhweb.com\/maytinh1\/san-pham\/"},{"@type":"ListItem","position":3,"name":"Tin t\u1ee9c","item":"http:\/\/mau.hoabinhweb.com\/maytinh1\/tin-tuc\/"},{"@type":"ListItem","position":4,"name":"Laptop Dell Gaming G15 5515 R7 5800H\/8GB\/512GB\/4GB RTX3050\/120Hz\/Office H&#038;S\/Win11 (70266674)"}]}]}},"_links":{"self":[{"href":"http:\/\/mau.hoabinhweb.com\/maytinh1\/wp-json\/wp\/v2\/product\/76","targetHints":{"allow":["GET"]}}],"collection":[{"href":"http:\/\/mau.hoabinhweb.com\/maytinh1\/wp-json\/wp\/v2\/product"}],"about":[{"href":"http:\/\/mau.hoabinhweb.com\/maytinh1\/wp-json\/wp\/v2\/types\/product"}],"replies":[{"embeddable":true,"href":"http:\/\/mau.hoabinhweb.com\/maytinh1\/wp-json\/wp\/v2\/comments?post=76"}],"wp:featuredmedia":[{"embeddable":true,"href":"http:\/\/mau.hoabinhweb.com\/maytinh1\/wp-json\/wp\/v2\/media\/327"}],"wp:attachment":[{"href":"http:\/\/mau.hoabinhweb.com\/maytinh1\/wp-json\/wp\/v2\/media?parent=76"}],"wp:term":[{"taxonomy":"product_cat","embeddable":true,"href":"http:\/\/mau.hoabinhweb.com\/maytinh1\/wp-json\/wp\/v2\/product_cat?post=76"},{"taxonomy":"product_tag","embeddable":true,"href":"http:\/\/mau.hoabinhweb.com\/maytinh1\/wp-json\/wp\/v2\/product_tag?post=76"}],"curies":[{"name":"wp","href":"https:\/\/api.w.org\/{rel}","templated":true}]}}