{"id":74,"date":"2022-03-24T14:24:56","date_gmt":"2022-03-24T07:24:56","guid":{"rendered":"https:\/\/webcam24h.net\/?post_type=product&#038;p=74"},"modified":"2022-05-18T07:11:45","modified_gmt":"2022-05-18T07:11:45","slug":"laptop-msi-creator-z16p-b12ugst-i7-12700h-32gb-2tb-ssd-8gb-rtx3070ti-max-q-165hz-tui-chuot-win11-050vn","status":"publish","type":"product","link":"http:\/\/mau.hoabinhweb.com\/maytinh1\/san-pham\/laptop-msi-creator-z16p-b12ugst-i7-12700h-32gb-2tb-ssd-8gb-rtx3070ti-max-q-165hz-tui-chuot-win11-050vn\/","title":{"rendered":"Laptop MSI Creator Z16P B12UGST i7 12700H\/32GB\/2TB SSD\/8GB RTX3070Ti Max-Q\/165Hz\/T\u00fai\/Chu\u1ed9t\/Win11 (050VN)"},"content":{"rendered":"<p>Tuy\u1ec7t t\u00e1c c\u1ee7a s\u1ef1 ho\u00e0n m\u1ef9 trong thi\u1ebft k\u1ebf\u00a0c\u00f9ng\u00a0c\u1ea5u h\u00ecnh c\u1ef1c m\u1ea1nh t\u1eeb\u00a0laptop CPU th\u1ebf h\u1ec7 12\u00a0t\u1ea1o n\u00ean chi\u1ebfc\u00a0laptop MSI Creator Z16P B12UGST (050VN).\u00a0S\u1ea3n ph\u1ea9m l\u00e0 s\u1ef1 l\u1ef1a ch\u1ecdn ho\u00e0n h\u1ea3o cho ng\u01b0\u1eddi l\u00e0m s\u00e1ng t\u1ea1o ngh\u1ec7 thu\u1eadt, thi\u1ebft k\u1ebf \u0111\u1ed3 ho\u1ea1.<\/p>\n<p>\u2022\u00a0Laptop MSI Creator\u00a0mang trong m\u00ecnh c\u1ea5u h\u00ecnh m\u1ea1nh m\u1ebd v\u01b0\u1ee3t tr\u1ed9i c\u1ee7a\u00a0<strong>CPU Intel Core i7 12700H<\/strong>\u00a0ti\u1ebft ki\u1ec7m \u0111i\u1ec7n n\u0103ng h\u01a1n th\u1ebf h\u1ec7 c\u0169, k\u1ebft h\u1ee3p card m\u00e0n h\u00ecnh r\u1eddi\u00a0<strong>NVIDIA RTX 3070Ti Max-Q 8 GB<\/strong>\u00a0gi\u00fap x\u1eed l\u00fd tr\u00f4i ch\u1ea3y c\u00e1c t\u00e1c v\u1ee5 trong th\u1eddi gian ng\u1eafn, s\u1eb5n s\u00e0ng chinh ph\u1ee5c m\u1ecdi th\u1eed th\u00e1ch s\u00e1ng t\u1ea1o, ho\u00e0 m\u00ecnh v\u00e0o kh\u00f4ng gian l\u00e0m vi\u1ec7c th\u0103ng hoa nh\u1ea5t.<\/p>\n<p>\u2022\u00a0Laptop MSI\u00a0\u0111\u01b0\u1ee3c trang b\u1ecb\u00a0<strong>32 GB RAM\u00a0<\/strong>v\u1edbi d\u00f2ng<strong>\u00a0DDR5<\/strong>\u00a0th\u1ebf h\u1ec7 m\u1edbi\u00a0cho kh\u1ea3 n\u0103ng \u0111a nhi\u1ec7m tho\u1ea3i m\u00e1i, hi\u1ec7u su\u1ea5t \u1ea5n t\u01b0\u1ee3ng, l\u00e0m vi\u1ec7c chuy\u00ean nghi\u1ec7p kh\u00f4ng s\u1ee3 t\u00ecnh tr\u1ea1ng gi\u1eadt lag x\u1ea3y ra. B\u1ed9 nh\u1edb trong<strong>\u00a0SSD 2 TB<\/strong>\u00a0\u0111em l\u1ea1i kh\u00f4ng gian l\u01b0u tr\u1eef r\u1ed9ng r\u00e3i, t\u1ed1c \u0111\u1ed9 truy xu\u1ea5t d\u1eef li\u1ec7u hay kh\u1edfi \u0111\u1ed9ng \u1ee9ng d\u1ee5ng,\u00a0laptop\u00a0\u0111\u1ec1u c\u1ef1c nhanh.<\/p>\n<p>\u2022\u00a0Laptop m\u00e0n h\u00ecnh c\u1ea3m \u1ee9ng<strong>\u00a016 inch<\/strong>\u00a0v\u1edbi \u0111\u1ed9 ph\u00e2n gi\u1ea3i\u00a0<strong>QHD+ (2560 x 1600)<\/strong>, t\u1ea7n s\u1ed1 qu\u00e9t\u00a0<strong>165 Hz<\/strong>,\u00a0<strong>100% DCI-P3\u00a0<\/strong>mang l\u1ea1i ch\u1ea5t l\u01b0\u1ee3ng hi\u1ec3n th\u1ecb s\u1eafc n\u00e9t, m\u00e0u s\u1eafc chu\u1ea9n x\u00e1c ph\u1ee5c v\u1ee5 cho nhu c\u1ea7u l\u00e0m \u0111\u1ed3 ho\u1ea1 n\u00e2ng cao. T\u1ea5m n\u1ec1n<strong>\u00a0IPS\u00a0<\/strong>m\u1edf r\u1ed9ng g\u00f3c nh\u00ecn ng\u01b0\u1eddi d\u00f9ng l\u00ean \u0111\u1ebfn\u00a0<strong>178 \u0111\u1ed9<\/strong>.<\/p>\n<p>\u2022 \u0110\u01b0\u1ee3c ho\u00e0n thi\u1ec7n t\u1eeb<strong>\u00a0v\u1ecf kim lo\u1ea1i<\/strong>\u00a0sang tr\u1ecdng, \u0111\u1eb3ng c\u1ea5p t\u1ea1o n\u00ean m\u1ed9t s\u1ee9c h\u00fat m\u00e3nh li\u1ec7t. Chi\u1ebfc m\u00e1y c\u00f3 tr\u1ecdng l\u01b0\u1ee3ng\u00a0<strong>2.39 kg<\/strong>, \u0111\u1ed9 m\u1ecfng\u00a0<strong>19 mm<\/strong>\u00a0v\u1eeba v\u1eb7n trong chi\u1ebfc balo \u0111\u1ec3 mang theo b\u00ean ng\u01b0\u1eddi.<\/p>\n<p>\u2022 \u0110a d\u1ea1ng c\u1ed5ng giao ti\u1ebfp \u0111\u1ec3 k\u1ebft n\u1ed1i v\u1edbi thi\u1ebft b\u1ecb ngo\u1ea1i vi nhanh ch\u00f3ng g\u1ed3m USB 3.2, Thunderbolt 4 USB-C, USB Type-C, khe \u0111\u1ecdc th\u1ebb nh\u1edb SD.\u00a0<strong>\u0110\u00e8n b\u00e0n ph\u00edm chuy\u1ec3n m\u00e0u RGB<\/strong>\u00a0\u0111\u01b0\u1ee3c trang b\u1ecb tr\u00ean chi\u1ebfc\u00a0laptop \u0111\u1ed3 h\u1ecda &#8211; k\u1ef9 thu\u1eadt\u00a0n\u00e0y cho ph\u00e9p ng\u01b0\u1eddi d\u00f9ng c\u00e1 nh\u00e2n ho\u00e1 m\u00e0u s\u1eafc theo s\u1edf th\u00edch.<\/p>\n<p>\u2022 C\u00f4ng ngh\u1ec7<strong>\u00a0Realtek Audio<\/strong>\u00a0cho ch\u1ea5t \u00e2m t\u1ed1t mang l\u1ea1i kh\u00f4ng gian gi\u1ea3i tr\u00ed th\u01b0 gi\u00e3n sau gi\u1edd l\u00e0m vi\u1ec7c c\u0103ng th\u1eb3ng.<\/p>\n","protected":false},"excerpt":{"rendered":"<ul>\n<li>Giao h\u00e0ng tr\u00ean to\u00e0n qu\u1ed1c<\/li>\n<li>B\u1ea3o h\u00e0nh ch\u00ednh h\u00e3ng<\/li>\n<li>Cam k\u1ebft ch\u1ea5t l\u01b0\u1ee3ng<\/li>\n<li>Hotline t\u01b0 v\u1ea5n: 035 609 3690<\/li>\n<\/ul>\n","protected":false},"featured_media":328,"comment_status":"closed","ping_status":"closed","template":"","meta":[],"product_cat":[17,18,20,21,22,19,25,34,35,28,26,39,40,41,42,29,37,43,32,36,38,44,33,27,30,31,49,50,24,51,52,53,54,55,23],"product_tag":[],"class_list":["post-74","product","type-product","status-publish","has-post-thumbnail","hentry","product_cat-san-pham-ban-chay","product_cat-laptop-chinh-hang","product_cat-may-tinh-choi-game","product_cat-may-tinh-workstation","product_cat-man-hinh-may-tinh","product_cat-linh-kien-may-tinh","product_cat-cpu-bo-vi-xu-ly","product_cat-cpu-intel","product_cat-cpu-amd","product_cat-ram-bo-nho-trong","product_cat-ram-adata","product_cat-ram-corsair","product_cat-ram-kingston","product_cat-ram-kingmax","product_cat-ram-gskill","product_cat-mainboard","product_cat-mainboard-amd","product_cat-mainboard-intel","product_cat-psu-nguon-may-tinh","product_cat-nguon-corsair","product_cat-nguon-acbel","product_cat-nguon-seasonic","product_cat-nguon-thermaltake","product_cat-case-vo-may-tinh","product_cat-hdd-ssd-usb","product_cat-do-choi-may-tinh","product_cat-odd-o-dia-quang","product_cat-gia-treo-man-hinh","product_cat-vga-card-man-hinh","product_cat-phim-chuot-gaming-gear","product_cat-camera-dau-ghi-hinh","product_cat-ban-ghe-gaming","product_cat-lap-dat-phong-game","product_cat-thiet-bi-mang","product_cat-thiet-bi-van-phong"],"yoast_head":"<!-- This site is optimized with the Yoast SEO plugin v18.9 - https:\/\/yoast.com\/wordpress\/plugins\/seo\/ -->\n<title>Laptop MSI Creator Z16P B12UGST i7 12700H\/32GB\/2TB SSD\/8GB RTX3070Ti Max-Q\/165Hz\/T\u00fai\/Chu\u1ed9t\/Win11 (050VN) - Ho\u00e0 B\u00ecnh Web<\/title>\n<meta name=\"robots\" content=\"noindex, follow, max-snippet:-1, max-image-preview:large, max-video-preview:-1\" \/>\n<meta property=\"og:locale\" content=\"vi_VN\" \/>\n<meta property=\"og:type\" content=\"article\" \/>\n<meta property=\"og:title\" content=\"Laptop MSI Creator Z16P B12UGST i7 12700H\/32GB\/2TB SSD\/8GB RTX3070Ti Max-Q\/165Hz\/T\u00fai\/Chu\u1ed9t\/Win11 (050VN) - Ho\u00e0 B\u00ecnh Web\" \/>\n<meta property=\"og:description\" content=\"Giao h\u00e0ng tr\u00ean to\u00e0n qu\u1ed1c  B\u1ea3o h\u00e0nh ch\u00ednh h\u00e3ng  Cam k\u1ebft ch\u1ea5t l\u01b0\u1ee3ng  Hotline t\u01b0 v\u1ea5n: 035 609 3690\" \/>\n<meta property=\"og:url\" content=\"http:\/\/mau.hoabinhweb.com\/maytinh1\/san-pham\/laptop-msi-creator-z16p-b12ugst-i7-12700h-32gb-2tb-ssd-8gb-rtx3070ti-max-q-165hz-tui-chuot-win11-050vn\/\" \/>\n<meta property=\"og:site_name\" content=\"Ho\u00e0 B\u00ecnh Web\" \/>\n<meta property=\"article:modified_time\" content=\"2022-05-18T07:11:45+00:00\" \/>\n<meta property=\"og:image\" content=\"http:\/\/mau.hoabinhweb.com\/maytinh1\/wp-content\/uploads\/2022\/03\/sanpham-maytinh13.jpg\" \/>\n\t<meta property=\"og:image:width\" content=\"656\" \/>\n\t<meta property=\"og:image:height\" content=\"656\" \/>\n\t<meta property=\"og:image:type\" content=\"image\/jpeg\" \/>\n<meta name=\"twitter:card\" content=\"summary_large_image\" \/>\n<meta name=\"twitter:label1\" content=\"\u01af\u1edbc t\u00ednh th\u1eddi gian \u0111\u1ecdc\" \/>\n\t<meta name=\"twitter:data1\" content=\"2 ph\u00fat\" \/>\n<script type=\"application\/ld+json\" class=\"yoast-schema-graph\">{\"@context\":\"https:\/\/schema.org\",\"@graph\":[{\"@type\":\"WebSite\",\"@id\":\"https:\/\/mau.hoabinhweb.com\/maytinh1\/#website\",\"url\":\"https:\/\/mau.hoabinhweb.com\/maytinh1\/\",\"name\":\"Ho\u00e0 B\u00ecnh Web\",\"description\":\"\",\"potentialAction\":[{\"@type\":\"SearchAction\",\"target\":{\"@type\":\"EntryPoint\",\"urlTemplate\":\"https:\/\/mau.hoabinhweb.com\/maytinh1\/?s={search_term_string}\"},\"query-input\":\"required name=search_term_string\"}],\"inLanguage\":\"vi\"},{\"@type\":\"ImageObject\",\"inLanguage\":\"vi\",\"@id\":\"http:\/\/mau.hoabinhweb.com\/maytinh1\/san-pham\/laptop-msi-creator-z16p-b12ugst-i7-12700h-32gb-2tb-ssd-8gb-rtx3070ti-max-q-165hz-tui-chuot-win11-050vn\/#primaryimage\",\"url\":\"http:\/\/mau.hoabinhweb.com\/maytinh1\/wp-content\/uploads\/2022\/03\/sanpham-maytinh13.jpg\",\"contentUrl\":\"http:\/\/mau.hoabinhweb.com\/maytinh1\/wp-content\/uploads\/2022\/03\/sanpham-maytinh13.jpg\",\"width\":656,\"height\":656,\"caption\":\"Sanpham Maytinh13\"},{\"@type\":\"WebPage\",\"@id\":\"http:\/\/mau.hoabinhweb.com\/maytinh1\/san-pham\/laptop-msi-creator-z16p-b12ugst-i7-12700h-32gb-2tb-ssd-8gb-rtx3070ti-max-q-165hz-tui-chuot-win11-050vn\/#webpage\",\"url\":\"http:\/\/mau.hoabinhweb.com\/maytinh1\/san-pham\/laptop-msi-creator-z16p-b12ugst-i7-12700h-32gb-2tb-ssd-8gb-rtx3070ti-max-q-165hz-tui-chuot-win11-050vn\/\",\"name\":\"Laptop MSI Creator Z16P B12UGST i7 12700H\/32GB\/2TB SSD\/8GB RTX3070Ti Max-Q\/165Hz\/T\u00fai\/Chu\u1ed9t\/Win11 (050VN) - Ho\u00e0 B\u00ecnh Web\",\"isPartOf\":{\"@id\":\"https:\/\/mau.hoabinhweb.com\/maytinh1\/#website\"},\"primaryImageOfPage\":{\"@id\":\"http:\/\/mau.hoabinhweb.com\/maytinh1\/san-pham\/laptop-msi-creator-z16p-b12ugst-i7-12700h-32gb-2tb-ssd-8gb-rtx3070ti-max-q-165hz-tui-chuot-win11-050vn\/#primaryimage\"},\"datePublished\":\"2022-03-24T07:24:56+00:00\",\"dateModified\":\"2022-05-18T07:11:45+00:00\",\"breadcrumb\":{\"@id\":\"http:\/\/mau.hoabinhweb.com\/maytinh1\/san-pham\/laptop-msi-creator-z16p-b12ugst-i7-12700h-32gb-2tb-ssd-8gb-rtx3070ti-max-q-165hz-tui-chuot-win11-050vn\/#breadcrumb\"},\"inLanguage\":\"vi\",\"potentialAction\":[{\"@type\":\"ReadAction\",\"target\":[\"http:\/\/mau.hoabinhweb.com\/maytinh1\/san-pham\/laptop-msi-creator-z16p-b12ugst-i7-12700h-32gb-2tb-ssd-8gb-rtx3070ti-max-q-165hz-tui-chuot-win11-050vn\/\"]}]},{\"@type\":\"BreadcrumbList\",\"@id\":\"http:\/\/mau.hoabinhweb.com\/maytinh1\/san-pham\/laptop-msi-creator-z16p-b12ugst-i7-12700h-32gb-2tb-ssd-8gb-rtx3070ti-max-q-165hz-tui-chuot-win11-050vn\/#breadcrumb\",\"itemListElement\":[{\"@type\":\"ListItem\",\"position\":1,\"name\":\"Trang ch\u1ee7\",\"item\":\"https:\/\/mau.hoabinhweb.com\/maytinh1\/\"},{\"@type\":\"ListItem\",\"position\":2,\"name\":\"S\u1ea3n ph\u1ea9m\",\"item\":\"https:\/\/mau.hoabinhweb.com\/maytinh1\/san-pham\/\"},{\"@type\":\"ListItem\",\"position\":3,\"name\":\"Tin t\u1ee9c\",\"item\":\"http:\/\/mau.hoabinhweb.com\/maytinh1\/tin-tuc\/\"},{\"@type\":\"ListItem\",\"position\":4,\"name\":\"Laptop MSI Creator Z16P B12UGST i7 12700H\/32GB\/2TB SSD\/8GB RTX3070Ti Max-Q\/165Hz\/T\u00fai\/Chu\u1ed9t\/Win11 (050VN)\"}]}]}<\/script>\n<!-- \/ Yoast SEO plugin. -->","yoast_head_json":{"title":"Laptop MSI Creator Z16P B12UGST i7 12700H\/32GB\/2TB SSD\/8GB RTX3070Ti Max-Q\/165Hz\/T\u00fai\/Chu\u1ed9t\/Win11 (050VN) - Ho\u00e0 B\u00ecnh Web","robots":{"index":"noindex","follow":"follow","max-snippet":"max-snippet:-1","max-image-preview":"max-image-preview:large","max-video-preview":"max-video-preview:-1"},"og_locale":"vi_VN","og_type":"article","og_title":"Laptop MSI Creator Z16P B12UGST i7 12700H\/32GB\/2TB SSD\/8GB RTX3070Ti Max-Q\/165Hz\/T\u00fai\/Chu\u1ed9t\/Win11 (050VN) - Ho\u00e0 B\u00ecnh Web","og_description":"Giao h\u00e0ng tr\u00ean to\u00e0n qu\u1ed1c  B\u1ea3o h\u00e0nh ch\u00ednh h\u00e3ng  Cam k\u1ebft ch\u1ea5t l\u01b0\u1ee3ng  Hotline t\u01b0 v\u1ea5n: 035 609 3690","og_url":"http:\/\/mau.hoabinhweb.com\/maytinh1\/san-pham\/laptop-msi-creator-z16p-b12ugst-i7-12700h-32gb-2tb-ssd-8gb-rtx3070ti-max-q-165hz-tui-chuot-win11-050vn\/","og_site_name":"Ho\u00e0 B\u00ecnh Web","article_modified_time":"2022-05-18T07:11:45+00:00","og_image":[{"width":656,"height":656,"url":"http:\/\/mau.hoabinhweb.com\/maytinh1\/wp-content\/uploads\/2022\/03\/sanpham-maytinh13.jpg","type":"image\/jpeg"}],"twitter_card":"summary_large_image","twitter_misc":{"\u01af\u1edbc t\u00ednh th\u1eddi gian \u0111\u1ecdc":"2 ph\u00fat"},"schema":{"@context":"https:\/\/schema.org","@graph":[{"@type":"WebSite","@id":"https:\/\/mau.hoabinhweb.com\/maytinh1\/#website","url":"https:\/\/mau.hoabinhweb.com\/maytinh1\/","name":"Ho\u00e0 B\u00ecnh Web","description":"","potentialAction":[{"@type":"SearchAction","target":{"@type":"EntryPoint","urlTemplate":"https:\/\/mau.hoabinhweb.com\/maytinh1\/?s={search_term_string}"},"query-input":"required name=search_term_string"}],"inLanguage":"vi"},{"@type":"ImageObject","inLanguage":"vi","@id":"http:\/\/mau.hoabinhweb.com\/maytinh1\/san-pham\/laptop-msi-creator-z16p-b12ugst-i7-12700h-32gb-2tb-ssd-8gb-rtx3070ti-max-q-165hz-tui-chuot-win11-050vn\/#primaryimage","url":"http:\/\/mau.hoabinhweb.com\/maytinh1\/wp-content\/uploads\/2022\/03\/sanpham-maytinh13.jpg","contentUrl":"http:\/\/mau.hoabinhweb.com\/maytinh1\/wp-content\/uploads\/2022\/03\/sanpham-maytinh13.jpg","width":656,"height":656,"caption":"Sanpham Maytinh13"},{"@type":"WebPage","@id":"http:\/\/mau.hoabinhweb.com\/maytinh1\/san-pham\/laptop-msi-creator-z16p-b12ugst-i7-12700h-32gb-2tb-ssd-8gb-rtx3070ti-max-q-165hz-tui-chuot-win11-050vn\/#webpage","url":"http:\/\/mau.hoabinhweb.com\/maytinh1\/san-pham\/laptop-msi-creator-z16p-b12ugst-i7-12700h-32gb-2tb-ssd-8gb-rtx3070ti-max-q-165hz-tui-chuot-win11-050vn\/","name":"Laptop MSI Creator Z16P B12UGST i7 12700H\/32GB\/2TB SSD\/8GB RTX3070Ti Max-Q\/165Hz\/T\u00fai\/Chu\u1ed9t\/Win11 (050VN) - Ho\u00e0 B\u00ecnh Web","isPartOf":{"@id":"https:\/\/mau.hoabinhweb.com\/maytinh1\/#website"},"primaryImageOfPage":{"@id":"http:\/\/mau.hoabinhweb.com\/maytinh1\/san-pham\/laptop-msi-creator-z16p-b12ugst-i7-12700h-32gb-2tb-ssd-8gb-rtx3070ti-max-q-165hz-tui-chuot-win11-050vn\/#primaryimage"},"datePublished":"2022-03-24T07:24:56+00:00","dateModified":"2022-05-18T07:11:45+00:00","breadcrumb":{"@id":"http:\/\/mau.hoabinhweb.com\/maytinh1\/san-pham\/laptop-msi-creator-z16p-b12ugst-i7-12700h-32gb-2tb-ssd-8gb-rtx3070ti-max-q-165hz-tui-chuot-win11-050vn\/#breadcrumb"},"inLanguage":"vi","potentialAction":[{"@type":"ReadAction","target":["http:\/\/mau.hoabinhweb.com\/maytinh1\/san-pham\/laptop-msi-creator-z16p-b12ugst-i7-12700h-32gb-2tb-ssd-8gb-rtx3070ti-max-q-165hz-tui-chuot-win11-050vn\/"]}]},{"@type":"BreadcrumbList","@id":"http:\/\/mau.hoabinhweb.com\/maytinh1\/san-pham\/laptop-msi-creator-z16p-b12ugst-i7-12700h-32gb-2tb-ssd-8gb-rtx3070ti-max-q-165hz-tui-chuot-win11-050vn\/#breadcrumb","itemListElement":[{"@type":"ListItem","position":1,"name":"Trang ch\u1ee7","item":"https:\/\/mau.hoabinhweb.com\/maytinh1\/"},{"@type":"ListItem","position":2,"name":"S\u1ea3n ph\u1ea9m","item":"https:\/\/mau.hoabinhweb.com\/maytinh1\/san-pham\/"},{"@type":"ListItem","position":3,"name":"Tin t\u1ee9c","item":"http:\/\/mau.hoabinhweb.com\/maytinh1\/tin-tuc\/"},{"@type":"ListItem","position":4,"name":"Laptop MSI Creator Z16P B12UGST i7 12700H\/32GB\/2TB SSD\/8GB RTX3070Ti Max-Q\/165Hz\/T\u00fai\/Chu\u1ed9t\/Win11 (050VN)"}]}]}},"_links":{"self":[{"href":"http:\/\/mau.hoabinhweb.com\/maytinh1\/wp-json\/wp\/v2\/product\/74","targetHints":{"allow":["GET"]}}],"collection":[{"href":"http:\/\/mau.hoabinhweb.com\/maytinh1\/wp-json\/wp\/v2\/product"}],"about":[{"href":"http:\/\/mau.hoabinhweb.com\/maytinh1\/wp-json\/wp\/v2\/types\/product"}],"replies":[{"embeddable":true,"href":"http:\/\/mau.hoabinhweb.com\/maytinh1\/wp-json\/wp\/v2\/comments?post=74"}],"wp:featuredmedia":[{"embeddable":true,"href":"http:\/\/mau.hoabinhweb.com\/maytinh1\/wp-json\/wp\/v2\/media\/328"}],"wp:attachment":[{"href":"http:\/\/mau.hoabinhweb.com\/maytinh1\/wp-json\/wp\/v2\/media?parent=74"}],"wp:term":[{"taxonomy":"product_cat","embeddable":true,"href":"http:\/\/mau.hoabinhweb.com\/maytinh1\/wp-json\/wp\/v2\/product_cat?post=74"},{"taxonomy":"product_tag","embeddable":true,"href":"http:\/\/mau.hoabinhweb.com\/maytinh1\/wp-json\/wp\/v2\/product_tag?post=74"}],"curies":[{"name":"wp","href":"https:\/\/api.w.org\/{rel}","templated":true}]}}