{"id":192,"date":"2022-07-26T22:42:50","date_gmt":"2022-07-26T15:42:50","guid":{"rendered":"http:\/\/mau.hoabinhweb.com\/luat1\/?page_id=192"},"modified":"2022-07-26T22:42:50","modified_gmt":"2022-07-26T15:42:50","slug":"co-cau-to-chuc","status":"publish","type":"page","link":"http:\/\/mau.hoabinhweb.com\/luat1\/co-cau-to-chuc\/","title":{"rendered":"C\u01a1 c\u1ea5u t\u1ed5 ch\u1ee9c"},"content":{"rendered":"<p>Lu\u1eadt An B\u00ecnh l\u00e0 m\u1ed9t trong nh\u1eefng c\u00f4ng ty t\u01b0 v\u1ea5n lu\u1eadt c\u00f3 uy t\u00edn nh\u1ea5t t\u1ea1i Vi\u1ec7t Nam hi\u1ec7n nay. Lu\u1eadt An B\u00ecnh l\u00e0 n\u01a1i h\u1ed9i t\u1ee5 c\u1ee7a nh\u1eefng lu\u1eadt s\u01b0, chuy\u00ean gia ph\u00e1p lu\u1eadt h\u00e0ng \u0111\u1ea7u trong t\u1ea5t c\u1ea3 c\u00e1c l\u0129nh v\u1ef1c ph\u00e1p lu\u1eadt. H\u1ea7u h\u1ebft c\u00e1c Lu\u1eadt s\u01b0 c\u1ee7a Lu\u1eadt An B\u00ecnh \u0111\u1ec1u tr\u01b0\u1edfng th\u00e0nh v\u00e0 xu\u1ea5t ph\u00e1t l\u00e0 nh\u1eefng gi\u1ea3ng vi\u00ean tr\u01b0\u1eddng \u0110\u1ea1i h\u1ecdc lu\u1eadt, \u0110i\u1ec1u tra vi\u00ean, Ki\u1ec3m s\u00e1t vi\u00ean, Th\u1ea9m ph\u00e1n\u2026 Ngo\u00e0i ra, Lu\u1eadt An B\u00ecnh c\u00f2n c\u00f3 c\u00e1c Lu\u1eadt s\u01b0, chuy\u00ean vi\u00ean ph\u00e1p l\u00fd tr\u1ebb trung, n\u0103ng \u0111\u1ed9ng, chuy\u00ean nghi\u1ec7p \u0111\u01b0\u1ee3c \u0111\u00e0o t\u1ea1o ch\u00ednh quy, b\u00e0i b\u1ea3n t\u1ea1i c\u00e1c c\u01a1 s\u1edf \u0111\u00e0o t\u1ea1o lu\u1eadt danh ti\u1ebfng trong v\u00e0 ngo\u00e0i n\u01b0\u1edbc. S\u1ee9c m\u1ea1nh v\u00e0 s\u1ef1 ph\u00e1t tri\u1ec3n b\u1ec1n v\u1eefng c\u1ee7a Lu\u1eadt An B\u00ecnh ch\u00ednh l\u00e0 k\u1ebft h\u1ee3p s\u1ef1 quy\u1ebft \u0111o\u00e1n, s\u00e1ng t\u1ea1o, th\u00f4ng minh c\u1ee7a th\u1ebf h\u1ec7 lu\u1eadt s\u01b0 tr\u1ebb c\u00f9ng nh\u1eefng kinh nghi\u1ec7m, b\u1ea3n l\u0129nh c\u1ee7a c\u00e1c th\u1ebf h\u1ec7 lu\u1eadt s\u01b0 \u0111i tr\u01b0\u1edbc. V\u1edbi ph\u01b0\u01a1ng ch\u00e2m: \u201c T\u1eadn t\u00e2m \u2013 Uy t\u00edn \u2013 Chuy\u00ean nghi\u1ec7p\u201d ch\u00fang t\u00f4i tin r\u1eb1ng, s\u1ebd \u0111em l\u1ea1i s\u1ef1 tin t\u01b0\u1edfng, an to\u00e0n v\u00e0 h\u00e0i l\u00f2ng nh\u1ea5t cho th\u00e2n ch\u1ee7 c\u1ee7a m\u00ecnh.<\/p>\n","protected":false},"excerpt":{"rendered":"<p>Lu\u1eadt An B\u00ecnh l\u00e0 m\u1ed9t trong nh\u1eefng c\u00f4ng ty t\u01b0 v\u1ea5n lu\u1eadt c\u00f3 uy t\u00edn nh\u1ea5t t\u1ea1i Vi\u1ec7t Nam hi\u1ec7n nay. Lu\u1eadt An B\u00ecnh l\u00e0 n\u01a1i h\u1ed9i t\u1ee5 c\u1ee7a nh\u1eefng lu\u1eadt s\u01b0, chuy\u00ean gia ph\u00e1p lu\u1eadt h\u00e0ng \u0111\u1ea7u trong t\u1ea5t c\u1ea3 c\u00e1c l\u0129nh v\u1ef1c ph\u00e1p lu\u1eadt. H\u1ea7u h\u1ebft c\u00e1c Lu\u1eadt s\u01b0 c\u1ee7a Lu\u1eadt An B\u00ecnh<\/p>\n","protected":false},"author":1,"featured_media":0,"parent":0,"menu_order":0,"comment_status":"closed","ping_status":"closed","template":"","meta":{"footnotes":""},"class_list":["post-192","page","type-page","status-publish","hentry"],"yoast_head":"<!-- This site is optimized with the Yoast SEO plugin v18.6 - https:\/\/yoast.com\/wordpress\/plugins\/seo\/ -->\n<title>C\u01a1 c\u1ea5u t\u1ed5 ch\u1ee9c - Lu\u1eadt An B\u00ecnh<\/title>\n<meta name=\"robots\" content=\"noindex, follow, max-snippet:-1, max-image-preview:large, max-video-preview:-1\" \/>\n<meta property=\"og:locale\" content=\"vi_VN\" \/>\n<meta property=\"og:type\" content=\"article\" \/>\n<meta property=\"og:title\" content=\"C\u01a1 c\u1ea5u t\u1ed5 ch\u1ee9c - Lu\u1eadt An B\u00ecnh\" \/>\n<meta property=\"og:description\" content=\"Lu\u1eadt An B\u00ecnh l\u00e0 m\u1ed9t trong nh\u1eefng c\u00f4ng ty t\u01b0 v\u1ea5n lu\u1eadt c\u00f3 uy t\u00edn nh\u1ea5t t\u1ea1i Vi\u1ec7t Nam hi\u1ec7n nay. Lu\u1eadt An B\u00ecnh l\u00e0 n\u01a1i h\u1ed9i t\u1ee5 c\u1ee7a nh\u1eefng lu\u1eadt s\u01b0, chuy\u00ean gia ph\u00e1p lu\u1eadt h\u00e0ng \u0111\u1ea7u trong t\u1ea5t c\u1ea3 c\u00e1c l\u0129nh v\u1ef1c ph\u00e1p lu\u1eadt. H\u1ea7u h\u1ebft c\u00e1c Lu\u1eadt s\u01b0 c\u1ee7a Lu\u1eadt An B\u00ecnh\" \/>\n<meta property=\"og:url\" content=\"http:\/\/mau.hoabinhweb.com\/luat1\/co-cau-to-chuc\/\" \/>\n<meta property=\"og:site_name\" content=\"Lu\u1eadt An B\u00ecnh\" \/>\n<meta name=\"twitter:card\" content=\"summary_large_image\" \/>\n<meta name=\"twitter:label1\" content=\"\u01af\u1edbc t\u00ednh th\u1eddi gian \u0111\u1ecdc\" \/>\n\t<meta name=\"twitter:data1\" content=\"2 ph\u00fat\" \/>\n<script type=\"application\/ld+json\" class=\"yoast-schema-graph\">{\"@context\":\"https:\/\/schema.org\",\"@graph\":[{\"@type\":\"WebSite\",\"@id\":\"http:\/\/mau.hoabinhweb.com\/luat1\/#website\",\"url\":\"http:\/\/mau.hoabinhweb.com\/luat1\/\",\"name\":\"Lu\u1eadt An B\u00ecnh\",\"description\":\"\",\"potentialAction\":[{\"@type\":\"SearchAction\",\"target\":{\"@type\":\"EntryPoint\",\"urlTemplate\":\"http:\/\/mau.hoabinhweb.com\/luat1\/?s={search_term_string}\"},\"query-input\":\"required name=search_term_string\"}],\"inLanguage\":\"vi\"},{\"@type\":\"WebPage\",\"@id\":\"http:\/\/mau.hoabinhweb.com\/luat1\/co-cau-to-chuc\/#webpage\",\"url\":\"http:\/\/mau.hoabinhweb.com\/luat1\/co-cau-to-chuc\/\",\"name\":\"C\u01a1 c\u1ea5u t\u1ed5 ch\u1ee9c - Lu\u1eadt An B\u00ecnh\",\"isPartOf\":{\"@id\":\"http:\/\/mau.hoabinhweb.com\/luat1\/#website\"},\"datePublished\":\"2022-07-26T15:42:50+00:00\",\"dateModified\":\"2022-07-26T15:42:50+00:00\",\"breadcrumb\":{\"@id\":\"http:\/\/mau.hoabinhweb.com\/luat1\/co-cau-to-chuc\/#breadcrumb\"},\"inLanguage\":\"vi\",\"potentialAction\":[{\"@type\":\"ReadAction\",\"target\":[\"http:\/\/mau.hoabinhweb.com\/luat1\/co-cau-to-chuc\/\"]}]},{\"@type\":\"BreadcrumbList\",\"@id\":\"http:\/\/mau.hoabinhweb.com\/luat1\/co-cau-to-chuc\/#breadcrumb\",\"itemListElement\":[{\"@type\":\"ListItem\",\"position\":1,\"name\":\"Trang ch\u1ee7\",\"item\":\"http:\/\/mau.hoabinhweb.com\/luat1\/\"},{\"@type\":\"ListItem\",\"position\":2,\"name\":\"C\u01a1 c\u1ea5u t\u1ed5 ch\u1ee9c\"}]}]}<\/script>\n<!-- \/ Yoast SEO plugin. -->","yoast_head_json":{"title":"C\u01a1 c\u1ea5u t\u1ed5 ch\u1ee9c - Lu\u1eadt An B\u00ecnh","robots":{"index":"noindex","follow":"follow","max-snippet":"max-snippet:-1","max-image-preview":"max-image-preview:large","max-video-preview":"max-video-preview:-1"},"og_locale":"vi_VN","og_type":"article","og_title":"C\u01a1 c\u1ea5u t\u1ed5 ch\u1ee9c - Lu\u1eadt An B\u00ecnh","og_description":"Lu\u1eadt An B\u00ecnh l\u00e0 m\u1ed9t trong nh\u1eefng c\u00f4ng ty t\u01b0 v\u1ea5n lu\u1eadt c\u00f3 uy t\u00edn nh\u1ea5t t\u1ea1i Vi\u1ec7t Nam hi\u1ec7n nay. Lu\u1eadt An B\u00ecnh l\u00e0 n\u01a1i h\u1ed9i t\u1ee5 c\u1ee7a nh\u1eefng lu\u1eadt s\u01b0, chuy\u00ean gia ph\u00e1p lu\u1eadt h\u00e0ng \u0111\u1ea7u trong t\u1ea5t c\u1ea3 c\u00e1c l\u0129nh v\u1ef1c ph\u00e1p lu\u1eadt. H\u1ea7u h\u1ebft c\u00e1c Lu\u1eadt s\u01b0 c\u1ee7a Lu\u1eadt An B\u00ecnh","og_url":"http:\/\/mau.hoabinhweb.com\/luat1\/co-cau-to-chuc\/","og_site_name":"Lu\u1eadt An B\u00ecnh","twitter_card":"summary_large_image","twitter_misc":{"\u01af\u1edbc t\u00ednh th\u1eddi gian \u0111\u1ecdc":"2 ph\u00fat"},"schema":{"@context":"https:\/\/schema.org","@graph":[{"@type":"WebSite","@id":"http:\/\/mau.hoabinhweb.com\/luat1\/#website","url":"http:\/\/mau.hoabinhweb.com\/luat1\/","name":"Lu\u1eadt An B\u00ecnh","description":"","potentialAction":[{"@type":"SearchAction","target":{"@type":"EntryPoint","urlTemplate":"http:\/\/mau.hoabinhweb.com\/luat1\/?s={search_term_string}"},"query-input":"required name=search_term_string"}],"inLanguage":"vi"},{"@type":"WebPage","@id":"http:\/\/mau.hoabinhweb.com\/luat1\/co-cau-to-chuc\/#webpage","url":"http:\/\/mau.hoabinhweb.com\/luat1\/co-cau-to-chuc\/","name":"C\u01a1 c\u1ea5u t\u1ed5 ch\u1ee9c - Lu\u1eadt An B\u00ecnh","isPartOf":{"@id":"http:\/\/mau.hoabinhweb.com\/luat1\/#website"},"datePublished":"2022-07-26T15:42:50+00:00","dateModified":"2022-07-26T15:42:50+00:00","breadcrumb":{"@id":"http:\/\/mau.hoabinhweb.com\/luat1\/co-cau-to-chuc\/#breadcrumb"},"inLanguage":"vi","potentialAction":[{"@type":"ReadAction","target":["http:\/\/mau.hoabinhweb.com\/luat1\/co-cau-to-chuc\/"]}]},{"@type":"BreadcrumbList","@id":"http:\/\/mau.hoabinhweb.com\/luat1\/co-cau-to-chuc\/#breadcrumb","itemListElement":[{"@type":"ListItem","position":1,"name":"Trang ch\u1ee7","item":"http:\/\/mau.hoabinhweb.com\/luat1\/"},{"@type":"ListItem","position":2,"name":"C\u01a1 c\u1ea5u t\u1ed5 ch\u1ee9c"}]}]}},"_links":{"self":[{"href":"http:\/\/mau.hoabinhweb.com\/luat1\/wp-json\/wp\/v2\/pages\/192","targetHints":{"allow":["GET"]}}],"collection":[{"href":"http:\/\/mau.hoabinhweb.com\/luat1\/wp-json\/wp\/v2\/pages"}],"about":[{"href":"http:\/\/mau.hoabinhweb.com\/luat1\/wp-json\/wp\/v2\/types\/page"}],"author":[{"embeddable":true,"href":"http:\/\/mau.hoabinhweb.com\/luat1\/wp-json\/wp\/v2\/users\/1"}],"replies":[{"embeddable":true,"href":"http:\/\/mau.hoabinhweb.com\/luat1\/wp-json\/wp\/v2\/comments?post=192"}],"version-history":[{"count":1,"href":"http:\/\/mau.hoabinhweb.com\/luat1\/wp-json\/wp\/v2\/pages\/192\/revisions"}],"predecessor-version":[{"id":197,"href":"http:\/\/mau.hoabinhweb.com\/luat1\/wp-json\/wp\/v2\/pages\/192\/revisions\/197"}],"wp:attachment":[{"href":"http:\/\/mau.hoabinhweb.com\/luat1\/wp-json\/wp\/v2\/media?parent=192"}],"curies":[{"name":"wp","href":"https:\/\/api.w.org\/{rel}","templated":true}]}}