{"id":191,"date":"2022-07-26T22:42:39","date_gmt":"2022-07-26T15:42:39","guid":{"rendered":"http:\/\/mau.hoabinhweb.com\/luat1\/?page_id=191"},"modified":"2022-07-26T22:55:24","modified_gmt":"2022-07-26T15:55:24","slug":"nang-luc-hoat-dong-cua-van-phong","status":"publish","type":"page","link":"http:\/\/mau.hoabinhweb.com\/luat1\/nang-luc-hoat-dong-cua-van-phong\/","title":{"rendered":"N\u0103ng l\u1ef1c ho\u1ea1t \u0111\u1ed9ng c\u1ee7a v\u0103n ph\u00f2ng"},"content":{"rendered":"<p>T\u1ed5 ch\u1ee9c ho\u1ea1t \u0111\u1ed9ng t\u01b0 v\u1ea5n ph\u00e1p lu\u1eadt, tham gia tranh t\u1ee5ng, \u0111\u1ea1i di\u1ec7n ngo\u00e0i t\u1ed1 t\u1ee5ng v\u00e0 c\u00e1c d\u1ecbch v\u1ee5 ph\u00e1p l\u00fd kh\u00e1c trong ph\u1ea1m vi ph\u00e1p lu\u1eadt quy\u00a0 \u0111\u1ecbnh.<\/p>\n<p>\u0110\u1ec1 ngh\u1ecb c\u01a1 quan, t\u1ed5 ch\u1ee9c cung c\u1ea5p th\u00f4ng tin v\u1ec1 nh\u1eefng v\u1ea5n \u0111\u1ec1 c\u00f3 li\u00ean quan \u0111\u1ebfn quy\u1ec1n, l\u1ee3i \u00edch h\u1ee3p ph\u00e1p c\u1ee7a c\u00e1 nh\u00e2n, t\u1ed5 ch\u1ee9c c\u00f3 y\u00eau c\u1ea7u t\u01b0 v\u1ea5n ph\u00e1p lu\u1eadt<\/p>\n<p>Ki\u1ebfn ngh\u1ecb v\u1edbi c\u01a1 quan nh\u00e0 n\u01b0\u1edbc v\u1ec1 nh\u1eefng v\u1ea5n \u0111\u1ec1 c\u00f3 li\u00ean quan \u0111\u1ebfn quy\u1ec1n, l\u1ee3i \u00edch h\u1ee3p ph\u00e1p c\u1ee7a t\u1ed5 ch\u1ee9c, c\u00e1 nh\u00e2n y\u00eau c\u1ea7u t\u01b0 v\u1ea5n ph\u00e1p lu\u1eadt.<\/p>\n<p>Ch\u1ecbu tr\u00e1ch nhi\u1ec7m tr\u01b0\u1edbc kh\u00e1ch h\u00e0ng v\u1ec1 vi\u1ec7c s\u1eed d\u1ee5ng lu\u1eadt s\u01b0, c\u1ed9ng t\u00e1c vi\u00ean t\u01b0 v\u1ea5n ph\u00e1p lu\u1eadt, c\u00e1c nh\u00e2n vi\u00ean kh\u00e1c c\u1ee7a v\u0103n ph\u00f2ng theo Quy ch\u1ebf t\u1ed5 ch\u1ee9c v\u00e0 ho\u1ea1t \u0111\u1ed9ng c\u1ee7a v\u0103n ph\u00f2ng, \u0111\u1ed3ng th\u1eddi ch\u1ecbu tr\u00e1ch nhi\u1ec7m v\u1ec1 c\u00e1c h\u1ee3p \u0111\u1ed3ng k\u00fd k\u1ebft gi\u1eefa v\u0103n ph\u00f2ng v\u1edbi lu\u1eadt s\u01b0, c\u1ed9ng t\u00e1c vi\u00ean, c\u00e1c nh\u00e2n vi\u00ean kh\u00e1c c\u1ee7a v\u0103n ph\u00f2ng.<\/p>\n<p>\u0110\u1ea3m b\u1ea3o ho\u1ea1t \u0111\u1ed9ng t\u01b0 v\u1ea5n ph\u00e1p lu\u1eadt lu\u00f4n tu\u00e2n theo \u0111\u00fang quy \u0111\u1ecbnh c\u1ee7a ph\u00e1p lu\u1eadt.<\/p>\n","protected":false},"excerpt":{"rendered":"<p>T\u1ed5 ch\u1ee9c ho\u1ea1t \u0111\u1ed9ng t\u01b0 v\u1ea5n ph\u00e1p lu\u1eadt, tham gia tranh t\u1ee5ng, \u0111\u1ea1i di\u1ec7n ngo\u00e0i t\u1ed1 t\u1ee5ng v\u00e0 c\u00e1c d\u1ecbch v\u1ee5 ph\u00e1p l\u00fd kh\u00e1c trong ph\u1ea1m vi ph\u00e1p lu\u1eadt quy\u00a0 \u0111\u1ecbnh. \u0110\u1ec1 ngh\u1ecb c\u01a1 quan, t\u1ed5 ch\u1ee9c cung c\u1ea5p th\u00f4ng tin v\u1ec1 nh\u1eefng v\u1ea5n \u0111\u1ec1 c\u00f3 li\u00ean quan \u0111\u1ebfn quy\u1ec1n, l\u1ee3i \u00edch h\u1ee3p ph\u00e1p c\u1ee7a<\/p>\n","protected":false},"author":1,"featured_media":0,"parent":0,"menu_order":0,"comment_status":"closed","ping_status":"closed","template":"","meta":{"footnotes":""},"class_list":["post-191","page","type-page","status-publish","hentry"],"yoast_head":"<!-- This site is optimized with the Yoast SEO plugin v18.6 - https:\/\/yoast.com\/wordpress\/plugins\/seo\/ -->\n<title>N\u0103ng l\u1ef1c ho\u1ea1t \u0111\u1ed9ng c\u1ee7a v\u0103n ph\u00f2ng - Lu\u1eadt An B\u00ecnh<\/title>\n<meta name=\"robots\" content=\"noindex, follow, max-snippet:-1, max-image-preview:large, max-video-preview:-1\" \/>\n<meta property=\"og:locale\" content=\"vi_VN\" \/>\n<meta property=\"og:type\" content=\"article\" \/>\n<meta property=\"og:title\" content=\"N\u0103ng l\u1ef1c ho\u1ea1t \u0111\u1ed9ng c\u1ee7a v\u0103n ph\u00f2ng - Lu\u1eadt An B\u00ecnh\" \/>\n<meta property=\"og:description\" content=\"T\u1ed5 ch\u1ee9c ho\u1ea1t \u0111\u1ed9ng t\u01b0 v\u1ea5n ph\u00e1p lu\u1eadt, tham gia tranh t\u1ee5ng, \u0111\u1ea1i di\u1ec7n ngo\u00e0i t\u1ed1 t\u1ee5ng v\u00e0 c\u00e1c d\u1ecbch v\u1ee5 ph\u00e1p l\u00fd kh\u00e1c trong ph\u1ea1m vi ph\u00e1p lu\u1eadt quy\u00a0 \u0111\u1ecbnh. \u0110\u1ec1 ngh\u1ecb c\u01a1 quan, t\u1ed5 ch\u1ee9c cung c\u1ea5p th\u00f4ng tin v\u1ec1 nh\u1eefng v\u1ea5n \u0111\u1ec1 c\u00f3 li\u00ean quan \u0111\u1ebfn quy\u1ec1n, l\u1ee3i \u00edch h\u1ee3p ph\u00e1p c\u1ee7a\" \/>\n<meta property=\"og:url\" content=\"http:\/\/mau.hoabinhweb.com\/luat1\/nang-luc-hoat-dong-cua-van-phong\/\" \/>\n<meta property=\"og:site_name\" content=\"Lu\u1eadt An B\u00ecnh\" \/>\n<meta property=\"article:modified_time\" content=\"2022-07-26T15:55:24+00:00\" \/>\n<meta name=\"twitter:card\" content=\"summary_large_image\" \/>\n<meta name=\"twitter:label1\" content=\"\u01af\u1edbc t\u00ednh th\u1eddi gian \u0111\u1ecdc\" \/>\n\t<meta name=\"twitter:data1\" content=\"2 ph\u00fat\" \/>\n<script type=\"application\/ld+json\" class=\"yoast-schema-graph\">{\"@context\":\"https:\/\/schema.org\",\"@graph\":[{\"@type\":\"WebSite\",\"@id\":\"http:\/\/mau.hoabinhweb.com\/luat1\/#website\",\"url\":\"http:\/\/mau.hoabinhweb.com\/luat1\/\",\"name\":\"Lu\u1eadt An B\u00ecnh\",\"description\":\"\",\"potentialAction\":[{\"@type\":\"SearchAction\",\"target\":{\"@type\":\"EntryPoint\",\"urlTemplate\":\"http:\/\/mau.hoabinhweb.com\/luat1\/?s={search_term_string}\"},\"query-input\":\"required name=search_term_string\"}],\"inLanguage\":\"vi\"},{\"@type\":\"WebPage\",\"@id\":\"http:\/\/mau.hoabinhweb.com\/luat1\/nang-luc-hoat-dong-cua-van-phong\/#webpage\",\"url\":\"http:\/\/mau.hoabinhweb.com\/luat1\/nang-luc-hoat-dong-cua-van-phong\/\",\"name\":\"N\u0103ng l\u1ef1c ho\u1ea1t \u0111\u1ed9ng c\u1ee7a v\u0103n ph\u00f2ng - Lu\u1eadt An B\u00ecnh\",\"isPartOf\":{\"@id\":\"http:\/\/mau.hoabinhweb.com\/luat1\/#website\"},\"datePublished\":\"2022-07-26T15:42:39+00:00\",\"dateModified\":\"2022-07-26T15:55:24+00:00\",\"breadcrumb\":{\"@id\":\"http:\/\/mau.hoabinhweb.com\/luat1\/nang-luc-hoat-dong-cua-van-phong\/#breadcrumb\"},\"inLanguage\":\"vi\",\"potentialAction\":[{\"@type\":\"ReadAction\",\"target\":[\"http:\/\/mau.hoabinhweb.com\/luat1\/nang-luc-hoat-dong-cua-van-phong\/\"]}]},{\"@type\":\"BreadcrumbList\",\"@id\":\"http:\/\/mau.hoabinhweb.com\/luat1\/nang-luc-hoat-dong-cua-van-phong\/#breadcrumb\",\"itemListElement\":[{\"@type\":\"ListItem\",\"position\":1,\"name\":\"Trang ch\u1ee7\",\"item\":\"http:\/\/mau.hoabinhweb.com\/luat1\/\"},{\"@type\":\"ListItem\",\"position\":2,\"name\":\"N\u0103ng l\u1ef1c ho\u1ea1t \u0111\u1ed9ng c\u1ee7a v\u0103n ph\u00f2ng\"}]}]}<\/script>\n<!-- \/ Yoast SEO plugin. -->","yoast_head_json":{"title":"N\u0103ng l\u1ef1c ho\u1ea1t \u0111\u1ed9ng c\u1ee7a v\u0103n ph\u00f2ng - Lu\u1eadt An B\u00ecnh","robots":{"index":"noindex","follow":"follow","max-snippet":"max-snippet:-1","max-image-preview":"max-image-preview:large","max-video-preview":"max-video-preview:-1"},"og_locale":"vi_VN","og_type":"article","og_title":"N\u0103ng l\u1ef1c ho\u1ea1t \u0111\u1ed9ng c\u1ee7a v\u0103n ph\u00f2ng - Lu\u1eadt An B\u00ecnh","og_description":"T\u1ed5 ch\u1ee9c ho\u1ea1t \u0111\u1ed9ng t\u01b0 v\u1ea5n ph\u00e1p lu\u1eadt, tham gia tranh t\u1ee5ng, \u0111\u1ea1i di\u1ec7n ngo\u00e0i t\u1ed1 t\u1ee5ng v\u00e0 c\u00e1c d\u1ecbch v\u1ee5 ph\u00e1p l\u00fd kh\u00e1c trong ph\u1ea1m vi ph\u00e1p lu\u1eadt quy\u00a0 \u0111\u1ecbnh. \u0110\u1ec1 ngh\u1ecb c\u01a1 quan, t\u1ed5 ch\u1ee9c cung c\u1ea5p th\u00f4ng tin v\u1ec1 nh\u1eefng v\u1ea5n \u0111\u1ec1 c\u00f3 li\u00ean quan \u0111\u1ebfn quy\u1ec1n, l\u1ee3i \u00edch h\u1ee3p ph\u00e1p c\u1ee7a","og_url":"http:\/\/mau.hoabinhweb.com\/luat1\/nang-luc-hoat-dong-cua-van-phong\/","og_site_name":"Lu\u1eadt An B\u00ecnh","article_modified_time":"2022-07-26T15:55:24+00:00","twitter_card":"summary_large_image","twitter_misc":{"\u01af\u1edbc t\u00ednh th\u1eddi gian \u0111\u1ecdc":"2 ph\u00fat"},"schema":{"@context":"https:\/\/schema.org","@graph":[{"@type":"WebSite","@id":"http:\/\/mau.hoabinhweb.com\/luat1\/#website","url":"http:\/\/mau.hoabinhweb.com\/luat1\/","name":"Lu\u1eadt An B\u00ecnh","description":"","potentialAction":[{"@type":"SearchAction","target":{"@type":"EntryPoint","urlTemplate":"http:\/\/mau.hoabinhweb.com\/luat1\/?s={search_term_string}"},"query-input":"required name=search_term_string"}],"inLanguage":"vi"},{"@type":"WebPage","@id":"http:\/\/mau.hoabinhweb.com\/luat1\/nang-luc-hoat-dong-cua-van-phong\/#webpage","url":"http:\/\/mau.hoabinhweb.com\/luat1\/nang-luc-hoat-dong-cua-van-phong\/","name":"N\u0103ng l\u1ef1c ho\u1ea1t \u0111\u1ed9ng c\u1ee7a v\u0103n ph\u00f2ng - Lu\u1eadt An B\u00ecnh","isPartOf":{"@id":"http:\/\/mau.hoabinhweb.com\/luat1\/#website"},"datePublished":"2022-07-26T15:42:39+00:00","dateModified":"2022-07-26T15:55:24+00:00","breadcrumb":{"@id":"http:\/\/mau.hoabinhweb.com\/luat1\/nang-luc-hoat-dong-cua-van-phong\/#breadcrumb"},"inLanguage":"vi","potentialAction":[{"@type":"ReadAction","target":["http:\/\/mau.hoabinhweb.com\/luat1\/nang-luc-hoat-dong-cua-van-phong\/"]}]},{"@type":"BreadcrumbList","@id":"http:\/\/mau.hoabinhweb.com\/luat1\/nang-luc-hoat-dong-cua-van-phong\/#breadcrumb","itemListElement":[{"@type":"ListItem","position":1,"name":"Trang ch\u1ee7","item":"http:\/\/mau.hoabinhweb.com\/luat1\/"},{"@type":"ListItem","position":2,"name":"N\u0103ng l\u1ef1c ho\u1ea1t \u0111\u1ed9ng c\u1ee7a v\u0103n ph\u00f2ng"}]}]}},"_links":{"self":[{"href":"http:\/\/mau.hoabinhweb.com\/luat1\/wp-json\/wp\/v2\/pages\/191","targetHints":{"allow":["GET"]}}],"collection":[{"href":"http:\/\/mau.hoabinhweb.com\/luat1\/wp-json\/wp\/v2\/pages"}],"about":[{"href":"http:\/\/mau.hoabinhweb.com\/luat1\/wp-json\/wp\/v2\/types\/page"}],"author":[{"embeddable":true,"href":"http:\/\/mau.hoabinhweb.com\/luat1\/wp-json\/wp\/v2\/users\/1"}],"replies":[{"embeddable":true,"href":"http:\/\/mau.hoabinhweb.com\/luat1\/wp-json\/wp\/v2\/comments?post=191"}],"version-history":[{"count":2,"href":"http:\/\/mau.hoabinhweb.com\/luat1\/wp-json\/wp\/v2\/pages\/191\/revisions"}],"predecessor-version":[{"id":209,"href":"http:\/\/mau.hoabinhweb.com\/luat1\/wp-json\/wp\/v2\/pages\/191\/revisions\/209"}],"wp:attachment":[{"href":"http:\/\/mau.hoabinhweb.com\/luat1\/wp-json\/wp\/v2\/media?parent=191"}],"curies":[{"name":"wp","href":"https:\/\/api.w.org\/{rel}","templated":true}]}}