{"id":190,"date":"2022-07-26T22:42:17","date_gmt":"2022-07-26T15:42:17","guid":{"rendered":"http:\/\/mau.hoabinhweb.com\/luat1\/?page_id=190"},"modified":"2022-07-26T22:54:43","modified_gmt":"2022-07-26T15:54:43","slug":"su-menh-tam-nhin","status":"publish","type":"page","link":"http:\/\/mau.hoabinhweb.com\/luat1\/su-menh-tam-nhin\/","title":{"rendered":"S\u1ee9 m\u1ec7nh &#8211; T\u1ea7m nh\u00ecn"},"content":{"rendered":"<p>V\u0103n ph\u00f2ng cam k\u1ebft cung c\u1ea5p c\u00e1c d\u1ecbch v\u1ee5 ph\u00e1p lu\u1eadt v\u1edbi ch\u1ea5t l\u01b0\u1ee3ng cao nh\u1ea5t cho kh\u00e1ch h\u00e0ng d\u1ef1a tr\u00ean s\u1ef1 c\u1ea9n tr\u1ecdng, chu \u0111\u00e1o v\u00e0 tr\u00e1ch nhi\u1ec7m trong t\u1eebng v\u1ee5 vi\u1ec7c, tu\u00e2n th\u1ee7 \u0111\u1ea1o \u0111\u1ee9c ngh\u1ec1 nghi\u1ec7p v\u00e0 cam k\u1ebft b\u1ea3o m\u1eadt tuy\u1ec7t \u0111\u1ed1i th\u00f4ng tin c\u1ee7a kh\u00e1ch h\u00e0ng. Gi\u00e1 tr\u1ecb c\u1ee7a v\u0103n ph\u00f2ng \u0111\u01b0\u1ee3c x\u00e2y d\u1ef1ng tr\u00ean n\u1ec1n t\u1ea3ng ki\u1ebfn th\u1ee9c chuy\u00ean s\u00e2u, s\u1ef1 chuy\u00ean nghi\u1ec7p v\u00e0 tinh th\u1ea7n tr\u00e1ch nhi\u1ec7m cao c\u1ee7a \u0111\u1ed9i ng\u0169 lu\u1eadt s\u01b0 &#8211; chuy\u00ean gia t\u01b0 v\u1ea5n \u0111\u01b0\u1ee3c ch\u1ecdn l\u1ecdc k\u1ef9 c\u00e0ng.<\/p>\n","protected":false},"excerpt":{"rendered":"<p>V\u0103n ph\u00f2ng cam k\u1ebft cung c\u1ea5p c\u00e1c d\u1ecbch v\u1ee5 ph\u00e1p lu\u1eadt v\u1edbi ch\u1ea5t l\u01b0\u1ee3ng cao nh\u1ea5t cho kh\u00e1ch h\u00e0ng d\u1ef1a tr\u00ean s\u1ef1 c\u1ea9n tr\u1ecdng, chu \u0111\u00e1o v\u00e0 tr\u00e1ch nhi\u1ec7m trong t\u1eebng v\u1ee5 vi\u1ec7c, tu\u00e2n th\u1ee7 \u0111\u1ea1o \u0111\u1ee9c ngh\u1ec1 nghi\u1ec7p v\u00e0 cam k\u1ebft b\u1ea3o m\u1eadt tuy\u1ec7t \u0111\u1ed1i th\u00f4ng tin c\u1ee7a kh\u00e1ch h\u00e0ng. Gi\u00e1 tr\u1ecb c\u1ee7a v\u0103n<\/p>\n","protected":false},"author":1,"featured_media":0,"parent":0,"menu_order":0,"comment_status":"closed","ping_status":"closed","template":"","meta":{"footnotes":""},"class_list":["post-190","page","type-page","status-publish","hentry"],"yoast_head":"<!-- This site is optimized with the Yoast SEO plugin v18.6 - https:\/\/yoast.com\/wordpress\/plugins\/seo\/ -->\n<title>S\u1ee9 m\u1ec7nh - T\u1ea7m nh\u00ecn - Lu\u1eadt An B\u00ecnh<\/title>\n<meta name=\"robots\" content=\"noindex, follow, max-snippet:-1, max-image-preview:large, max-video-preview:-1\" \/>\n<meta property=\"og:locale\" content=\"vi_VN\" \/>\n<meta property=\"og:type\" content=\"article\" \/>\n<meta property=\"og:title\" content=\"S\u1ee9 m\u1ec7nh - T\u1ea7m nh\u00ecn - Lu\u1eadt An B\u00ecnh\" \/>\n<meta property=\"og:description\" content=\"V\u0103n ph\u00f2ng cam k\u1ebft cung c\u1ea5p c\u00e1c d\u1ecbch v\u1ee5 ph\u00e1p lu\u1eadt v\u1edbi ch\u1ea5t l\u01b0\u1ee3ng cao nh\u1ea5t cho kh\u00e1ch h\u00e0ng d\u1ef1a tr\u00ean s\u1ef1 c\u1ea9n tr\u1ecdng, chu \u0111\u00e1o v\u00e0 tr\u00e1ch nhi\u1ec7m trong t\u1eebng v\u1ee5 vi\u1ec7c, tu\u00e2n th\u1ee7 \u0111\u1ea1o \u0111\u1ee9c ngh\u1ec1 nghi\u1ec7p v\u00e0 cam k\u1ebft b\u1ea3o m\u1eadt tuy\u1ec7t \u0111\u1ed1i th\u00f4ng tin c\u1ee7a kh\u00e1ch h\u00e0ng. Gi\u00e1 tr\u1ecb c\u1ee7a v\u0103n\" \/>\n<meta property=\"og:url\" content=\"http:\/\/mau.hoabinhweb.com\/luat1\/su-menh-tam-nhin\/\" \/>\n<meta property=\"og:site_name\" content=\"Lu\u1eadt An B\u00ecnh\" \/>\n<meta property=\"article:modified_time\" content=\"2022-07-26T15:54:43+00:00\" \/>\n<meta name=\"twitter:card\" content=\"summary_large_image\" \/>\n<meta name=\"twitter:label1\" content=\"\u01af\u1edbc t\u00ednh th\u1eddi gian \u0111\u1ecdc\" \/>\n\t<meta name=\"twitter:data1\" content=\"2 ph\u00fat\" \/>\n<script type=\"application\/ld+json\" class=\"yoast-schema-graph\">{\"@context\":\"https:\/\/schema.org\",\"@graph\":[{\"@type\":\"WebSite\",\"@id\":\"http:\/\/mau.hoabinhweb.com\/luat1\/#website\",\"url\":\"http:\/\/mau.hoabinhweb.com\/luat1\/\",\"name\":\"Lu\u1eadt An B\u00ecnh\",\"description\":\"\",\"potentialAction\":[{\"@type\":\"SearchAction\",\"target\":{\"@type\":\"EntryPoint\",\"urlTemplate\":\"http:\/\/mau.hoabinhweb.com\/luat1\/?s={search_term_string}\"},\"query-input\":\"required name=search_term_string\"}],\"inLanguage\":\"vi\"},{\"@type\":\"WebPage\",\"@id\":\"http:\/\/mau.hoabinhweb.com\/luat1\/su-menh-tam-nhin\/#webpage\",\"url\":\"http:\/\/mau.hoabinhweb.com\/luat1\/su-menh-tam-nhin\/\",\"name\":\"S\u1ee9 m\u1ec7nh - T\u1ea7m nh\u00ecn - Lu\u1eadt An B\u00ecnh\",\"isPartOf\":{\"@id\":\"http:\/\/mau.hoabinhweb.com\/luat1\/#website\"},\"datePublished\":\"2022-07-26T15:42:17+00:00\",\"dateModified\":\"2022-07-26T15:54:43+00:00\",\"breadcrumb\":{\"@id\":\"http:\/\/mau.hoabinhweb.com\/luat1\/su-menh-tam-nhin\/#breadcrumb\"},\"inLanguage\":\"vi\",\"potentialAction\":[{\"@type\":\"ReadAction\",\"target\":[\"http:\/\/mau.hoabinhweb.com\/luat1\/su-menh-tam-nhin\/\"]}]},{\"@type\":\"BreadcrumbList\",\"@id\":\"http:\/\/mau.hoabinhweb.com\/luat1\/su-menh-tam-nhin\/#breadcrumb\",\"itemListElement\":[{\"@type\":\"ListItem\",\"position\":1,\"name\":\"Trang ch\u1ee7\",\"item\":\"http:\/\/mau.hoabinhweb.com\/luat1\/\"},{\"@type\":\"ListItem\",\"position\":2,\"name\":\"S\u1ee9 m\u1ec7nh &#8211; T\u1ea7m nh\u00ecn\"}]}]}<\/script>\n<!-- \/ Yoast SEO plugin. -->","yoast_head_json":{"title":"S\u1ee9 m\u1ec7nh - T\u1ea7m nh\u00ecn - Lu\u1eadt An B\u00ecnh","robots":{"index":"noindex","follow":"follow","max-snippet":"max-snippet:-1","max-image-preview":"max-image-preview:large","max-video-preview":"max-video-preview:-1"},"og_locale":"vi_VN","og_type":"article","og_title":"S\u1ee9 m\u1ec7nh - T\u1ea7m nh\u00ecn - Lu\u1eadt An B\u00ecnh","og_description":"V\u0103n ph\u00f2ng cam k\u1ebft cung c\u1ea5p c\u00e1c d\u1ecbch v\u1ee5 ph\u00e1p lu\u1eadt v\u1edbi ch\u1ea5t l\u01b0\u1ee3ng cao nh\u1ea5t cho kh\u00e1ch h\u00e0ng d\u1ef1a tr\u00ean s\u1ef1 c\u1ea9n tr\u1ecdng, chu \u0111\u00e1o v\u00e0 tr\u00e1ch nhi\u1ec7m trong t\u1eebng v\u1ee5 vi\u1ec7c, tu\u00e2n th\u1ee7 \u0111\u1ea1o \u0111\u1ee9c ngh\u1ec1 nghi\u1ec7p v\u00e0 cam k\u1ebft b\u1ea3o m\u1eadt tuy\u1ec7t \u0111\u1ed1i th\u00f4ng tin c\u1ee7a kh\u00e1ch h\u00e0ng. Gi\u00e1 tr\u1ecb c\u1ee7a v\u0103n","og_url":"http:\/\/mau.hoabinhweb.com\/luat1\/su-menh-tam-nhin\/","og_site_name":"Lu\u1eadt An B\u00ecnh","article_modified_time":"2022-07-26T15:54:43+00:00","twitter_card":"summary_large_image","twitter_misc":{"\u01af\u1edbc t\u00ednh th\u1eddi gian \u0111\u1ecdc":"2 ph\u00fat"},"schema":{"@context":"https:\/\/schema.org","@graph":[{"@type":"WebSite","@id":"http:\/\/mau.hoabinhweb.com\/luat1\/#website","url":"http:\/\/mau.hoabinhweb.com\/luat1\/","name":"Lu\u1eadt An B\u00ecnh","description":"","potentialAction":[{"@type":"SearchAction","target":{"@type":"EntryPoint","urlTemplate":"http:\/\/mau.hoabinhweb.com\/luat1\/?s={search_term_string}"},"query-input":"required name=search_term_string"}],"inLanguage":"vi"},{"@type":"WebPage","@id":"http:\/\/mau.hoabinhweb.com\/luat1\/su-menh-tam-nhin\/#webpage","url":"http:\/\/mau.hoabinhweb.com\/luat1\/su-menh-tam-nhin\/","name":"S\u1ee9 m\u1ec7nh - T\u1ea7m nh\u00ecn - Lu\u1eadt An B\u00ecnh","isPartOf":{"@id":"http:\/\/mau.hoabinhweb.com\/luat1\/#website"},"datePublished":"2022-07-26T15:42:17+00:00","dateModified":"2022-07-26T15:54:43+00:00","breadcrumb":{"@id":"http:\/\/mau.hoabinhweb.com\/luat1\/su-menh-tam-nhin\/#breadcrumb"},"inLanguage":"vi","potentialAction":[{"@type":"ReadAction","target":["http:\/\/mau.hoabinhweb.com\/luat1\/su-menh-tam-nhin\/"]}]},{"@type":"BreadcrumbList","@id":"http:\/\/mau.hoabinhweb.com\/luat1\/su-menh-tam-nhin\/#breadcrumb","itemListElement":[{"@type":"ListItem","position":1,"name":"Trang ch\u1ee7","item":"http:\/\/mau.hoabinhweb.com\/luat1\/"},{"@type":"ListItem","position":2,"name":"S\u1ee9 m\u1ec7nh &#8211; T\u1ea7m nh\u00ecn"}]}]}},"_links":{"self":[{"href":"http:\/\/mau.hoabinhweb.com\/luat1\/wp-json\/wp\/v2\/pages\/190","targetHints":{"allow":["GET"]}}],"collection":[{"href":"http:\/\/mau.hoabinhweb.com\/luat1\/wp-json\/wp\/v2\/pages"}],"about":[{"href":"http:\/\/mau.hoabinhweb.com\/luat1\/wp-json\/wp\/v2\/types\/page"}],"author":[{"embeddable":true,"href":"http:\/\/mau.hoabinhweb.com\/luat1\/wp-json\/wp\/v2\/users\/1"}],"replies":[{"embeddable":true,"href":"http:\/\/mau.hoabinhweb.com\/luat1\/wp-json\/wp\/v2\/comments?post=190"}],"version-history":[{"count":2,"href":"http:\/\/mau.hoabinhweb.com\/luat1\/wp-json\/wp\/v2\/pages\/190\/revisions"}],"predecessor-version":[{"id":208,"href":"http:\/\/mau.hoabinhweb.com\/luat1\/wp-json\/wp\/v2\/pages\/190\/revisions\/208"}],"wp:attachment":[{"href":"http:\/\/mau.hoabinhweb.com\/luat1\/wp-json\/wp\/v2\/media?parent=190"}],"curies":[{"name":"wp","href":"https:\/\/api.w.org\/{rel}","templated":true}]}}