{"id":51,"date":"2022-04-06T20:26:39","date_gmt":"2022-04-06T13:26:39","guid":{"rendered":"https:\/\/hoatuoithaitrang.com\/?post_type=product&amp;p=51"},"modified":"2022-04-06T20:26:39","modified_gmt":"2022-04-06T13:26:39","slug":"30-bong-hong-kem-vang","status":"publish","type":"product","link":"http:\/\/mau.hoabinhweb.com\/hoatuoi1\/san-pham\/30-bong-hong-kem-vang\/","title":{"rendered":"30 b\u00f4ng h\u1ed3ng kem v\u00e0ng"},"content":{"rendered":"<p><strong>\u2013 Mi\u1ec5n ph\u00ed ship to\u00e0n Th\u00e0nh Ph\u1ed1.<\/strong><\/p>\n<p><strong>\u2013 Mi\u1ec5n ph\u00ed h\u00f3a \u0111\u01a1n \u0111\u1ecf n\u1ebfu qu\u00fd kh\u00e1ch c\u00f3 nhu c\u1ea7u.<\/strong><\/p>\n<p><strong>\u2013 Mi\u1ec5n ph\u00ed b\u0103ng r\u00f4n ho\u1eb7c thi\u1ec7p ch\u00fac m\u1eebng.<\/strong><\/p>\n<p><strong>\u2013 Cam k\u1ebft h\u00e0i l\u00f2ng qu\u00fd kh\u00e1ch<\/strong><\/p>\n<p><b>\u2013<\/b>\u00a0V\u1edbi \u0111\u1ed9i ng\u0169 nh\u00e2n vi\u00ean tr\u1ebb trung \u0111\u1ea7y nhi\u1ec7t huy\u1ebft v\u00e0 d\u00e0y d\u1eb7n kinh nghi\u1ec7m, ch\u00fang t\u00f4i lu\u00f4n n\u1ed7 l\u1ef1c h\u1ebft s\u1ee9c m\u00ecnh \u0111\u1ec3 l\u00e0m h\u00e0i l\u00f2ng qu\u00fd kh\u00e1ch h\u00e0ng.<b><br \/>\n<\/b>\u2013\u00a0\u0110i\u1ec7n hoa\u00a0t\u01b0\u01a1i\u00a0cam k\u1ebft\u00a0s\u1ea3n ph\u1ea9m hoa sinh nh\u1eadt\u00a0\u0111\u01b0\u1ee3c th\u1ef1c hi\u1ec7n d\u1ef1a tr\u00ean m\u1eabu \u0111\u00e3 ch\u1ecdn.<br \/>\n\u2013 Mi\u1ec5n ph\u00ed\u00a0thi\u1ec7p ch\u00fac m\u1eebng, b\u0103ng z\u00f4n ( n\u1ebfu c\u00f3 n\u1ed9i dung ch\u00fac m\u1eebng ).<br \/>\n\u2013 S\u1ea3n ph\u1ea9m \u0111\u01b0\u1ee3c chuy\u1ec3n ph\u00e1t mi\u1ec5n ph\u00ed trong khu v\u1ef1c n\u1ed9i th\u00e0nh. Ri\u00eang ngo\u1ea1i th\u00e0nh ph\u00ed ship s\u1ebd t\u1eeb 30-70.000\u0111.<br \/>\n\u2013 Th\u1eddi gian giao h\u00e0ng nhanh nh\u1ea5t c\u00f3 th\u1ec3 t\u1eeb 30 ph\u00fat k\u1ec3 t\u1eeb khi kh\u00e1ch h\u00e0ng \u0111\u1eb7t h\u00e0ng (\u0111\u1ed1i v\u1edbi c\u00e1c \u0111\u01a1n h\u00e0ng g\u1ea5p, tu\u1ef3 thu\u1ed9c v\u00e0o y\u00eau c\u1ea7u v\u00e0 \u0111\u1ecba ch\u1ec9 \u0111\u01b0\u1ee3c giao).<br \/>\n\u2013 D\u1ec5 d\u00e0ng thanh to\u00e1n online v\u1edbi th\u1ebb n\u1ed9i \u0111\u1ecba, qu\u1ed1c t\u1ebf, Visa, Master, Paypal\u2026 ngay t\u1ea1i website<br \/>\n\u2013\u00a0Hoa t\u1ed1t\u00a0cam k\u1ebft g\u1eedi h\u00ecnh \u1ea3nh th\u1ef1c t\u1ebf s\u1ea3n ph\u1ea9m c\u1ee7a qu\u00fd kh\u00e1ch tr\u01b0\u1edbc khi giao h\u00e0ng 30 ph\u00fat(qua zalo ho\u1eb7c c\u00e1c ph\u01b0\u01a1ng ti\u1ec7n li\u00ean h\u1ec7 kh\u00e1c). S\u1ea3n ph\u1ea9m c\u1ee7a ch\u00fang t\u00f4i lu\u00f4n mang nh\u1eefng \u00fd ngh\u0129a t\u1ed1t \u0111\u1eb9p nh\u1ea5t g\u1eedi t\u1edbi ng\u01b0\u1eddi nh\u1eadn.<\/p>\n","protected":false},"excerpt":{"rendered":"<ul>\n<li>Mi\u1ec5n ph\u00ed ship to\u00e0n Th\u00e0nh Ph\u1ed1.<\/li>\n<li>Mi\u1ec5n ph\u00ed h\u00f3a \u0111\u01a1n \u0111\u1ecf n\u1ebfu qu\u00fd kh\u00e1ch c\u00f3 nhu c\u1ea7u.<\/li>\n<li>Mi\u1ec5n ph\u00ed b\u0103ng r\u00f4n ho\u1eb7c thi\u1ec7p ch\u00fac m\u1eebng.<\/li>\n<li>Cam k\u1ebft h\u00e0i l\u00f2ng qu\u00fd kh\u00e1ch<\/li>\n<\/ul>\n","protected":false},"featured_media":63,"comment_status":"closed","ping_status":"closed","template":"","meta":[],"product_cat":[17,18,19,20,21],"product_tag":[],"class_list":["post-51","product","type-product","status-publish","has-post-thumbnail","hentry","product_cat-hoa-hong-ngoai","product_cat-hoa-la-phu","product_cat-hoa-su-kien","product_cat-hoa-tuoi","product_cat-hoa-viet"],"yoast_head":"<!-- This site is optimized with the Yoast SEO plugin v18.5.1 - https:\/\/yoast.com\/wordpress\/plugins\/seo\/ -->\n<title>30 b\u00f4ng h\u1ed3ng kem v\u00e0ng - Hoa T\u01b0\u01a1i Ho\u00e0 B\u00ecnh<\/title>\n<meta name=\"robots\" content=\"noindex, follow, max-snippet:-1, max-image-preview:large, max-video-preview:-1\" \/>\n<meta property=\"og:locale\" content=\"vi_VN\" \/>\n<meta property=\"og:type\" content=\"article\" \/>\n<meta property=\"og:title\" content=\"30 b\u00f4ng h\u1ed3ng kem v\u00e0ng - Hoa T\u01b0\u01a1i Ho\u00e0 B\u00ecnh\" \/>\n<meta property=\"og:description\" content=\"Mi\u1ec5n ph\u00ed ship to\u00e0n Th\u00e0nh Ph\u1ed1.  Mi\u1ec5n ph\u00ed h\u00f3a \u0111\u01a1n \u0111\u1ecf n\u1ebfu qu\u00fd kh\u00e1ch c\u00f3 nhu c\u1ea7u.  Mi\u1ec5n ph\u00ed b\u0103ng r\u00f4n ho\u1eb7c thi\u1ec7p ch\u00fac m\u1eebng.  Cam k\u1ebft h\u00e0i l\u00f2ng qu\u00fd kh\u00e1ch\" \/>\n<meta property=\"og:url\" content=\"http:\/\/mau.hoabinhweb.com\/hoatuoi1\/san-pham\/30-bong-hong-kem-vang\/\" \/>\n<meta property=\"og:site_name\" content=\"Hoa T\u01b0\u01a1i Ho\u00e0 B\u00ecnh\" \/>\n<meta property=\"og:image\" content=\"http:\/\/mau.hoabinhweb.com\/hoatuoi1\/wp-content\/uploads\/2022\/04\/sanpham7.jpg\" \/>\n\t<meta property=\"og:image:width\" content=\"360\" \/>\n\t<meta property=\"og:image:height\" content=\"480\" \/>\n\t<meta property=\"og:image:type\" content=\"image\/jpeg\" \/>\n<meta name=\"twitter:card\" content=\"summary_large_image\" \/>\n<meta name=\"twitter:label1\" content=\"\u01af\u1edbc t\u00ednh th\u1eddi gian \u0111\u1ecdc\" \/>\n\t<meta name=\"twitter:data1\" content=\"2 ph\u00fat\" \/>\n<script type=\"application\/ld+json\" class=\"yoast-schema-graph\">{\"@context\":\"https:\/\/schema.org\",\"@graph\":[{\"@type\":\"WebSite\",\"@id\":\"http:\/\/mau.hoabinhweb.com\/hoatuoi1\/#website\",\"url\":\"http:\/\/mau.hoabinhweb.com\/hoatuoi1\/\",\"name\":\"Hoa T\u01b0\u01a1i Ho\u00e0 B\u00ecnh\",\"description\":\"\",\"potentialAction\":[{\"@type\":\"SearchAction\",\"target\":{\"@type\":\"EntryPoint\",\"urlTemplate\":\"http:\/\/mau.hoabinhweb.com\/hoatuoi1\/?s={search_term_string}\"},\"query-input\":\"required name=search_term_string\"}],\"inLanguage\":\"vi\"},{\"@type\":\"ImageObject\",\"@id\":\"http:\/\/mau.hoabinhweb.com\/hoatuoi1\/san-pham\/30-bong-hong-kem-vang\/#primaryimage\",\"inLanguage\":\"vi\",\"url\":\"http:\/\/mau.hoabinhweb.com\/hoatuoi1\/wp-content\/uploads\/2022\/04\/sanpham7.jpg\",\"contentUrl\":\"http:\/\/mau.hoabinhweb.com\/hoatuoi1\/wp-content\/uploads\/2022\/04\/sanpham7.jpg\",\"width\":360,\"height\":480,\"caption\":\"Sanpham7\"},{\"@type\":\"WebPage\",\"@id\":\"http:\/\/mau.hoabinhweb.com\/hoatuoi1\/san-pham\/30-bong-hong-kem-vang\/#webpage\",\"url\":\"http:\/\/mau.hoabinhweb.com\/hoatuoi1\/san-pham\/30-bong-hong-kem-vang\/\",\"name\":\"30 b\u00f4ng h\u1ed3ng kem v\u00e0ng - Hoa T\u01b0\u01a1i Ho\u00e0 B\u00ecnh\",\"isPartOf\":{\"@id\":\"http:\/\/mau.hoabinhweb.com\/hoatuoi1\/#website\"},\"primaryImageOfPage\":{\"@id\":\"http:\/\/mau.hoabinhweb.com\/hoatuoi1\/san-pham\/30-bong-hong-kem-vang\/#primaryimage\"},\"datePublished\":\"2022-04-06T13:26:39+00:00\",\"dateModified\":\"2022-04-06T13:26:39+00:00\",\"breadcrumb\":{\"@id\":\"http:\/\/mau.hoabinhweb.com\/hoatuoi1\/san-pham\/30-bong-hong-kem-vang\/#breadcrumb\"},\"inLanguage\":\"vi\",\"potentialAction\":[{\"@type\":\"ReadAction\",\"target\":[\"http:\/\/mau.hoabinhweb.com\/hoatuoi1\/san-pham\/30-bong-hong-kem-vang\/\"]}]},{\"@type\":\"BreadcrumbList\",\"@id\":\"http:\/\/mau.hoabinhweb.com\/hoatuoi1\/san-pham\/30-bong-hong-kem-vang\/#breadcrumb\",\"itemListElement\":[{\"@type\":\"ListItem\",\"position\":1,\"name\":\"Trang ch\u1ee7\",\"item\":\"http:\/\/mau.hoabinhweb.com\/hoatuoi1\/\"},{\"@type\":\"ListItem\",\"position\":2,\"name\":\"S\u1ea3n ph\u1ea9m\",\"item\":\"http:\/\/mau.hoabinhweb.com\/hoatuoi1\/san-pham\/\"},{\"@type\":\"ListItem\",\"position\":3,\"name\":\"Hoa Vi\u1ec7t\",\"item\":\"http:\/\/mau.hoabinhweb.com\/hoatuoi1\/danh-muc\/hoa-viet\/\"},{\"@type\":\"ListItem\",\"position\":4,\"name\":\"30 b\u00f4ng h\u1ed3ng kem v\u00e0ng\"}]}]}<\/script>\n<!-- \/ Yoast SEO plugin. -->","yoast_head_json":{"title":"30 b\u00f4ng h\u1ed3ng kem v\u00e0ng - Hoa T\u01b0\u01a1i Ho\u00e0 B\u00ecnh","robots":{"index":"noindex","follow":"follow","max-snippet":"max-snippet:-1","max-image-preview":"max-image-preview:large","max-video-preview":"max-video-preview:-1"},"og_locale":"vi_VN","og_type":"article","og_title":"30 b\u00f4ng h\u1ed3ng kem v\u00e0ng - Hoa T\u01b0\u01a1i Ho\u00e0 B\u00ecnh","og_description":"Mi\u1ec5n ph\u00ed ship to\u00e0n Th\u00e0nh Ph\u1ed1.  Mi\u1ec5n ph\u00ed h\u00f3a \u0111\u01a1n \u0111\u1ecf n\u1ebfu qu\u00fd kh\u00e1ch c\u00f3 nhu c\u1ea7u.  Mi\u1ec5n ph\u00ed b\u0103ng r\u00f4n ho\u1eb7c thi\u1ec7p ch\u00fac m\u1eebng.  Cam k\u1ebft h\u00e0i l\u00f2ng qu\u00fd kh\u00e1ch","og_url":"http:\/\/mau.hoabinhweb.com\/hoatuoi1\/san-pham\/30-bong-hong-kem-vang\/","og_site_name":"Hoa T\u01b0\u01a1i Ho\u00e0 B\u00ecnh","og_image":[{"width":360,"height":480,"url":"http:\/\/mau.hoabinhweb.com\/hoatuoi1\/wp-content\/uploads\/2022\/04\/sanpham7.jpg","type":"image\/jpeg"}],"twitter_card":"summary_large_image","twitter_misc":{"\u01af\u1edbc t\u00ednh th\u1eddi gian \u0111\u1ecdc":"2 ph\u00fat"},"schema":{"@context":"https:\/\/schema.org","@graph":[{"@type":"WebSite","@id":"http:\/\/mau.hoabinhweb.com\/hoatuoi1\/#website","url":"http:\/\/mau.hoabinhweb.com\/hoatuoi1\/","name":"Hoa T\u01b0\u01a1i Ho\u00e0 B\u00ecnh","description":"","potentialAction":[{"@type":"SearchAction","target":{"@type":"EntryPoint","urlTemplate":"http:\/\/mau.hoabinhweb.com\/hoatuoi1\/?s={search_term_string}"},"query-input":"required name=search_term_string"}],"inLanguage":"vi"},{"@type":"ImageObject","@id":"http:\/\/mau.hoabinhweb.com\/hoatuoi1\/san-pham\/30-bong-hong-kem-vang\/#primaryimage","inLanguage":"vi","url":"http:\/\/mau.hoabinhweb.com\/hoatuoi1\/wp-content\/uploads\/2022\/04\/sanpham7.jpg","contentUrl":"http:\/\/mau.hoabinhweb.com\/hoatuoi1\/wp-content\/uploads\/2022\/04\/sanpham7.jpg","width":360,"height":480,"caption":"Sanpham7"},{"@type":"WebPage","@id":"http:\/\/mau.hoabinhweb.com\/hoatuoi1\/san-pham\/30-bong-hong-kem-vang\/#webpage","url":"http:\/\/mau.hoabinhweb.com\/hoatuoi1\/san-pham\/30-bong-hong-kem-vang\/","name":"30 b\u00f4ng h\u1ed3ng kem v\u00e0ng - Hoa T\u01b0\u01a1i Ho\u00e0 B\u00ecnh","isPartOf":{"@id":"http:\/\/mau.hoabinhweb.com\/hoatuoi1\/#website"},"primaryImageOfPage":{"@id":"http:\/\/mau.hoabinhweb.com\/hoatuoi1\/san-pham\/30-bong-hong-kem-vang\/#primaryimage"},"datePublished":"2022-04-06T13:26:39+00:00","dateModified":"2022-04-06T13:26:39+00:00","breadcrumb":{"@id":"http:\/\/mau.hoabinhweb.com\/hoatuoi1\/san-pham\/30-bong-hong-kem-vang\/#breadcrumb"},"inLanguage":"vi","potentialAction":[{"@type":"ReadAction","target":["http:\/\/mau.hoabinhweb.com\/hoatuoi1\/san-pham\/30-bong-hong-kem-vang\/"]}]},{"@type":"BreadcrumbList","@id":"http:\/\/mau.hoabinhweb.com\/hoatuoi1\/san-pham\/30-bong-hong-kem-vang\/#breadcrumb","itemListElement":[{"@type":"ListItem","position":1,"name":"Trang ch\u1ee7","item":"http:\/\/mau.hoabinhweb.com\/hoatuoi1\/"},{"@type":"ListItem","position":2,"name":"S\u1ea3n ph\u1ea9m","item":"http:\/\/mau.hoabinhweb.com\/hoatuoi1\/san-pham\/"},{"@type":"ListItem","position":3,"name":"Hoa Vi\u1ec7t","item":"http:\/\/mau.hoabinhweb.com\/hoatuoi1\/danh-muc\/hoa-viet\/"},{"@type":"ListItem","position":4,"name":"30 b\u00f4ng h\u1ed3ng kem v\u00e0ng"}]}]}},"_links":{"self":[{"href":"http:\/\/mau.hoabinhweb.com\/hoatuoi1\/wp-json\/wp\/v2\/product\/51","targetHints":{"allow":["GET"]}}],"collection":[{"href":"http:\/\/mau.hoabinhweb.com\/hoatuoi1\/wp-json\/wp\/v2\/product"}],"about":[{"href":"http:\/\/mau.hoabinhweb.com\/hoatuoi1\/wp-json\/wp\/v2\/types\/product"}],"replies":[{"embeddable":true,"href":"http:\/\/mau.hoabinhweb.com\/hoatuoi1\/wp-json\/wp\/v2\/comments?post=51"}],"wp:featuredmedia":[{"embeddable":true,"href":"http:\/\/mau.hoabinhweb.com\/hoatuoi1\/wp-json\/wp\/v2\/media\/63"}],"wp:attachment":[{"href":"http:\/\/mau.hoabinhweb.com\/hoatuoi1\/wp-json\/wp\/v2\/media?parent=51"}],"wp:term":[{"taxonomy":"product_cat","embeddable":true,"href":"http:\/\/mau.hoabinhweb.com\/hoatuoi1\/wp-json\/wp\/v2\/product_cat?post=51"},{"taxonomy":"product_tag","embeddable":true,"href":"http:\/\/mau.hoabinhweb.com\/hoatuoi1\/wp-json\/wp\/v2\/product_tag?post=51"}],"curies":[{"name":"wp","href":"https:\/\/api.w.org\/{rel}","templated":true}]}}