{"id":21,"date":"2022-04-06T19:58:56","date_gmt":"2022-04-06T12:58:56","guid":{"rendered":"https:\/\/hoatuoithaitrang.com\/?page_id=21"},"modified":"2022-04-06T19:58:56","modified_gmt":"2022-04-06T12:58:56","slug":"lien-he","status":"publish","type":"page","link":"http:\/\/mau.hoabinhweb.com\/hoatuoi1\/lien-he\/","title":{"rendered":"Li\u00ean h\u1ec7"},"content":{"rendered":"<h2>Hoa T\u01b0\u01a1i Ho\u00e0 B\u00ecnh<\/h2>\n<ul>\n<li>\u0110\u1ecba ch\u1ec9: S\u1ed1 323, \u0111\u01b0\u1eddng L\u00ea Th\u00e1nh T\u00f4ng, P. T\u00e2n Th\u1ecbnh, TP. Ho\u00e0 B\u00ecnh, Ho\u00e0 B\u00ecnh<\/li>\n<li>S\u1ed1 \u0111i\u1ec7n tho\u1ea1i: <a class=\"text-is-phone-number\">035 609 3690 <\/a><span class=\"text\">(Th\u00e1i) &#8211; <a class=\"text-is-phone-number\">039 27 13393 <\/a>(Trang)<\/span><\/li>\n<li>Email: webhoabinh@gmail.com<\/li>\n<\/ul>\n<h2>B\u1ea3n \u0111\u1ed3 ch\u1ec9 d\u1eabn<\/h2>\n<p><iframe loading=\"lazy\" style=\"border: 0;\" src=\"https:\/\/www.google.com\/maps\/embed?pb=!1m18!1m12!1m3!1d489.9648264710261!2d106.67824740704975!3d10.75615622438407!2m3!1f0!2f0!3f0!3m2!1i1024!2i768!4f13.1!3m3!1m2!1s0x31752f02c29e3ddb%3A0x664a4c3cd27bedc7!2zQ-G7rWEgSMOgbmcgVOG6oXAgSMOzYSBYdcOibiBNYWk!5e0!3m2!1svi!2s!4v1649249838675!5m2!1svi!2s\" width=\"100%\" height=\"450\" allowfullscreen=\"allowfullscreen\"><span data-mce-type=\"bookmark\" style=\"display: inline-block; width: 0px; overflow: hidden; line-height: 0;\" class=\"mce_SELRES_start\">\ufeff<\/span><\/iframe><\/p>\n","protected":false},"excerpt":{"rendered":"<p>Hoa T\u01b0\u01a1i Ho\u00e0 B\u00ecnh \u0110\u1ecba ch\u1ec9: S\u1ed1 323, \u0111\u01b0\u1eddng L\u00ea Th\u00e1nh T\u00f4ng, P. T\u00e2n Th\u1ecbnh, TP. Ho\u00e0 B\u00ecnh, Ho\u00e0 B\u00ecnh S\u1ed1 \u0111i\u1ec7n tho\u1ea1i: 035 609 3690 (Th\u00e1i) &#8211; 039 27 13393 (Trang) Email: webhoabinh@gmail.com B\u1ea3n \u0111\u1ed3 ch\u1ec9 d\u1eabn \ufeff<\/p>\n","protected":false},"author":1,"featured_media":0,"parent":0,"menu_order":0,"comment_status":"closed","ping_status":"closed","template":"","meta":{"footnotes":""},"class_list":["post-21","page","type-page","status-publish","hentry"],"yoast_head":"<!-- This site is optimized with the Yoast SEO plugin v18.5.1 - https:\/\/yoast.com\/wordpress\/plugins\/seo\/ -->\n<title>Li\u00ean h\u1ec7 - Hoa T\u01b0\u01a1i Ho\u00e0 B\u00ecnh<\/title>\n<meta name=\"robots\" content=\"noindex, follow, max-snippet:-1, max-image-preview:large, max-video-preview:-1\" \/>\n<meta property=\"og:locale\" content=\"vi_VN\" \/>\n<meta property=\"og:type\" content=\"article\" \/>\n<meta property=\"og:title\" content=\"Li\u00ean h\u1ec7 - Hoa T\u01b0\u01a1i Ho\u00e0 B\u00ecnh\" \/>\n<meta property=\"og:description\" content=\"Hoa T\u01b0\u01a1i Ho\u00e0 B\u00ecnh \u0110\u1ecba ch\u1ec9: S\u1ed1 323, \u0111\u01b0\u1eddng L\u00ea Th\u00e1nh T\u00f4ng, P. T\u00e2n Th\u1ecbnh, TP. Ho\u00e0 B\u00ecnh, Ho\u00e0 B\u00ecnh S\u1ed1 \u0111i\u1ec7n tho\u1ea1i: 035 609 3690 (Th\u00e1i) &#8211; 039 27 13393 (Trang) Email: webhoabinh@gmail.com B\u1ea3n \u0111\u1ed3 ch\u1ec9 d\u1eabn \ufeff\" \/>\n<meta property=\"og:url\" content=\"http:\/\/mau.hoabinhweb.com\/hoatuoi1\/lien-he\/\" \/>\n<meta property=\"og:site_name\" content=\"Hoa T\u01b0\u01a1i Ho\u00e0 B\u00ecnh\" \/>\n<meta name=\"twitter:card\" content=\"summary_large_image\" \/>\n<meta name=\"twitter:label1\" content=\"\u01af\u1edbc t\u00ednh th\u1eddi gian \u0111\u1ecdc\" \/>\n\t<meta name=\"twitter:data1\" content=\"1 ph\u00fat\" \/>\n<script type=\"application\/ld+json\" class=\"yoast-schema-graph\">{\"@context\":\"https:\/\/schema.org\",\"@graph\":[{\"@type\":\"WebSite\",\"@id\":\"http:\/\/mau.hoabinhweb.com\/hoatuoi1\/#website\",\"url\":\"http:\/\/mau.hoabinhweb.com\/hoatuoi1\/\",\"name\":\"Hoa T\u01b0\u01a1i Ho\u00e0 B\u00ecnh\",\"description\":\"\",\"potentialAction\":[{\"@type\":\"SearchAction\",\"target\":{\"@type\":\"EntryPoint\",\"urlTemplate\":\"http:\/\/mau.hoabinhweb.com\/hoatuoi1\/?s={search_term_string}\"},\"query-input\":\"required name=search_term_string\"}],\"inLanguage\":\"vi\"},{\"@type\":\"WebPage\",\"@id\":\"http:\/\/mau.hoabinhweb.com\/hoatuoi1\/lien-he\/#webpage\",\"url\":\"http:\/\/mau.hoabinhweb.com\/hoatuoi1\/lien-he\/\",\"name\":\"Li\u00ean h\u1ec7 - Hoa T\u01b0\u01a1i Ho\u00e0 B\u00ecnh\",\"isPartOf\":{\"@id\":\"http:\/\/mau.hoabinhweb.com\/hoatuoi1\/#website\"},\"datePublished\":\"2022-04-06T12:58:56+00:00\",\"dateModified\":\"2022-04-06T12:58:56+00:00\",\"breadcrumb\":{\"@id\":\"http:\/\/mau.hoabinhweb.com\/hoatuoi1\/lien-he\/#breadcrumb\"},\"inLanguage\":\"vi\",\"potentialAction\":[{\"@type\":\"ReadAction\",\"target\":[\"http:\/\/mau.hoabinhweb.com\/hoatuoi1\/lien-he\/\"]}]},{\"@type\":\"BreadcrumbList\",\"@id\":\"http:\/\/mau.hoabinhweb.com\/hoatuoi1\/lien-he\/#breadcrumb\",\"itemListElement\":[{\"@type\":\"ListItem\",\"position\":1,\"name\":\"Trang ch\u1ee7\",\"item\":\"http:\/\/mau.hoabinhweb.com\/hoatuoi1\/\"},{\"@type\":\"ListItem\",\"position\":2,\"name\":\"Li\u00ean h\u1ec7\"}]}]}<\/script>\n<!-- \/ Yoast SEO plugin. -->","yoast_head_json":{"title":"Li\u00ean h\u1ec7 - Hoa T\u01b0\u01a1i Ho\u00e0 B\u00ecnh","robots":{"index":"noindex","follow":"follow","max-snippet":"max-snippet:-1","max-image-preview":"max-image-preview:large","max-video-preview":"max-video-preview:-1"},"og_locale":"vi_VN","og_type":"article","og_title":"Li\u00ean h\u1ec7 - Hoa T\u01b0\u01a1i Ho\u00e0 B\u00ecnh","og_description":"Hoa T\u01b0\u01a1i Ho\u00e0 B\u00ecnh \u0110\u1ecba ch\u1ec9: S\u1ed1 323, \u0111\u01b0\u1eddng L\u00ea Th\u00e1nh T\u00f4ng, P. T\u00e2n Th\u1ecbnh, TP. Ho\u00e0 B\u00ecnh, Ho\u00e0 B\u00ecnh S\u1ed1 \u0111i\u1ec7n tho\u1ea1i: 035 609 3690 (Th\u00e1i) &#8211; 039 27 13393 (Trang) Email: webhoabinh@gmail.com B\u1ea3n \u0111\u1ed3 ch\u1ec9 d\u1eabn \ufeff","og_url":"http:\/\/mau.hoabinhweb.com\/hoatuoi1\/lien-he\/","og_site_name":"Hoa T\u01b0\u01a1i Ho\u00e0 B\u00ecnh","twitter_card":"summary_large_image","twitter_misc":{"\u01af\u1edbc t\u00ednh th\u1eddi gian \u0111\u1ecdc":"1 ph\u00fat"},"schema":{"@context":"https:\/\/schema.org","@graph":[{"@type":"WebSite","@id":"http:\/\/mau.hoabinhweb.com\/hoatuoi1\/#website","url":"http:\/\/mau.hoabinhweb.com\/hoatuoi1\/","name":"Hoa T\u01b0\u01a1i Ho\u00e0 B\u00ecnh","description":"","potentialAction":[{"@type":"SearchAction","target":{"@type":"EntryPoint","urlTemplate":"http:\/\/mau.hoabinhweb.com\/hoatuoi1\/?s={search_term_string}"},"query-input":"required name=search_term_string"}],"inLanguage":"vi"},{"@type":"WebPage","@id":"http:\/\/mau.hoabinhweb.com\/hoatuoi1\/lien-he\/#webpage","url":"http:\/\/mau.hoabinhweb.com\/hoatuoi1\/lien-he\/","name":"Li\u00ean h\u1ec7 - Hoa T\u01b0\u01a1i Ho\u00e0 B\u00ecnh","isPartOf":{"@id":"http:\/\/mau.hoabinhweb.com\/hoatuoi1\/#website"},"datePublished":"2022-04-06T12:58:56+00:00","dateModified":"2022-04-06T12:58:56+00:00","breadcrumb":{"@id":"http:\/\/mau.hoabinhweb.com\/hoatuoi1\/lien-he\/#breadcrumb"},"inLanguage":"vi","potentialAction":[{"@type":"ReadAction","target":["http:\/\/mau.hoabinhweb.com\/hoatuoi1\/lien-he\/"]}]},{"@type":"BreadcrumbList","@id":"http:\/\/mau.hoabinhweb.com\/hoatuoi1\/lien-he\/#breadcrumb","itemListElement":[{"@type":"ListItem","position":1,"name":"Trang ch\u1ee7","item":"http:\/\/mau.hoabinhweb.com\/hoatuoi1\/"},{"@type":"ListItem","position":2,"name":"Li\u00ean h\u1ec7"}]}]}},"_links":{"self":[{"href":"http:\/\/mau.hoabinhweb.com\/hoatuoi1\/wp-json\/wp\/v2\/pages\/21","targetHints":{"allow":["GET"]}}],"collection":[{"href":"http:\/\/mau.hoabinhweb.com\/hoatuoi1\/wp-json\/wp\/v2\/pages"}],"about":[{"href":"http:\/\/mau.hoabinhweb.com\/hoatuoi1\/wp-json\/wp\/v2\/types\/page"}],"author":[{"embeddable":true,"href":"http:\/\/mau.hoabinhweb.com\/hoatuoi1\/wp-json\/wp\/v2\/users\/1"}],"replies":[{"embeddable":true,"href":"http:\/\/mau.hoabinhweb.com\/hoatuoi1\/wp-json\/wp\/v2\/comments?post=21"}],"version-history":[{"count":0,"href":"http:\/\/mau.hoabinhweb.com\/hoatuoi1\/wp-json\/wp\/v2\/pages\/21\/revisions"}],"wp:attachment":[{"href":"http:\/\/mau.hoabinhweb.com\/hoatuoi1\/wp-json\/wp\/v2\/media?parent=21"}],"curies":[{"name":"wp","href":"https:\/\/api.w.org\/{rel}","templated":true}]}}