{"id":84,"date":"2022-03-30T03:33:10","date_gmt":"2022-03-30T03:33:10","guid":{"rendered":"https:\/\/thietbibephatinh.vn\/?post_type=product&#038;p=84"},"modified":"2022-07-18T08:44:10","modified_gmt":"2022-07-18T08:44:10","slug":"bep-tu-bosch-pvs775fc1e","status":"publish","type":"product","link":"http:\/\/mau.hoabinhweb.com\/giadung1\/san-pham\/bep-tu-bosch-pvs775fc1e\/","title":{"rendered":"B\u1ebfp t\u1eeb Bosch PVS775FC1E"},"content":{"rendered":"<h2>Si\u00eau th\u1ecb nh\u00e0 b\u1ebfp V\u0169 S\u01a1n chuy\u00ean ph\u00e2n ph\u1ed1i c\u00e1c b\u1ebfp t\u1eeb Bosch nh\u1eadp kh\u1ea9u ch\u00ednh h\u00e3ng t\u1ea1i H\u00e0 N\u1ed9i trong \u0111\u00f3 c\u00f3 s\u1ea3n ph\u1ea9m B\u1ebfp t\u1eeb Bosch PVS775FC1E \u0111ang l\u00e0 s\u1ea3n ph\u1ea9m b\u00e1n ch\u1ea1y nh\u1ea5t qu\u00fd I n\u0103m 2019 h\u1ee9a h\u1eb9n tr\u1edf th\u00e0nh d\u00f2ng b\u1ebfp \u01b0a chu\u1ed9ng nh\u1ea5t c\u1ee7a h\u00e3ng Bosch t\u1ea1i th\u1ecb tr\u01b0\u1eddng Vi\u1ec7t Nam.B\u1ebfp t\u1eeb Bosch\u00a0PVS775FC1E\u00a0\u00a0| Serie 6<\/h2>\n<h3>Thi\u00ea\u0301t k\u00ea\u0301 tinh t\u00ea\u0301 cu\u0309a\u00a0B\u1ebfp t\u1eeb\u00a0 PVS775FC1E\u00a0\u00a0| Serie 6<\/h3>\n<p><strong>B\u1ebfp t\u1eeb\u00a0Bosch PVS775FC1E\u00a0<\/strong>\u00a0| Serie 6<strong>\u00a0<\/strong>thi\u1ebft k\u1ebf \u00e2m b\u1ebfp v\u1edbi m\u1eb7t k\u00ednh\u00a0<strong>\u00a0<\/strong>M\u00e0u \u0111en sang tr\u1ecdng, thi\u1ebft k\u1ebf tinh t\u1ebf, v\u1edbi v\u1ebb \u0111\u1eb9p sang tr\u1ecdng theo phong c\u00e1ch hi\u1ec7n \u0111\u1ea1i c\u1ee7a ch\u00e2u \u00c2u ph\u00f9 h\u1ee3p v\u1edbi h\u1ea7u h\u1ebft kh\u00f4ng gian b\u1ebfp.<\/p>\n<p><img decoding=\"async\" title=\"B\u1ebfp t\u1eeb Bosch PVS775FC1E\" src=\"https:\/\/bepvuson.vn\/Data\/upload\/files\/MCSA01807855_PVS775FC1E_ElectricHob_Bosch_PGA3_def.jpg\" alt=\"B\u1ebfp t\u1eeb Bosch PVS775FC1E\" \/><\/p>\n<ul>\n<li>M\u1eb7t k\u00ednh b\u1ebfp t\u1eeb\u00a0\u0111\u01b0\u1ee3c s\u1ea3n xu\u1ea5t t\u1ea1i \u0110\u1ee9c t\u1eeb ch\u1ea5t li\u1ec7u g\u1ed1m s\u1ee9 thu\u1ef7 tinh \u0111\u1eb7c bi\u1ec7t c\u00f3 kh\u1ea3 n\u0103ng ch\u1ecbu l\u1ef1c, ch\u1ecbu nhi\u1ec7t v\u00e0 c\u00f3 kh\u1ea3 n\u0103ng ch\u1ed1ng va \u0111\u1eadp c\u1ef1c t\u1ed1t, c\u00f3 th\u1ec3 ch\u1ed1ng l\u1ea1i nh\u1eefng c\u00fa s\u1ed1c nhi\u1ec7t \u0111\u1ed9t ng\u1ed9t l\u00ean \u0111\u1ebfn 750\u00b0C.<\/li>\n<li>B\u1ea3ng \u0111i\u1ec1u khi\u1ec3n d\u1ea1ng touch select c\u1ed9ng tr\u1eeb (+\/-) d\u1ec5 d\u00e0ng cho\u00a0tu\u1ef3 ch\u1ec9nh v\u00e0 thay \u0111\u1ed5i m\u1ee9c nhi\u1ec7t ti\u1ec7n l\u1ee3i\u00a0trong qu\u00e1 tr\u00ecnh s\u1eed d\u1ee5ng.<\/li>\n<li>S\u1edf h\u1eefu t\u1edbi 4\u00a0v\u00f9ng n\u1ea5u ti\u1ec7n l\u1ee3i gi\u00fap ti\u1ebft ki\u1ec7m th\u1eddi gian m\u1ed9t c\u00e1ch t\u1ed1i \u0111a cho c\u00e1c b\u00e0 n\u1ed9i tr\u1ee3 b\u1eadn r\u1ed9n:<\/li>\n<\/ul>\n<table class=\"table mb0\">\n<tbody>\n<tr>\n<td>S\u1ed1 v\u00f9ng n\u1ea5u<\/td>\n<td>4<\/td>\n<\/tr>\n<tr>\n<td>K\u00edch th\u01b0\u1edbc v\u00f9ng n\u1ea5u 1<\/td>\n<td>\u00d8 210\u00a0mm, c\u00f4ng su\u1ea5t 2200 W, c\u00f4ng su\u1ea5t \u1edf ch\u1ebf \u0111\u1ed9 PowerBoost: 3700 W<\/td>\n<\/tr>\n<tr>\n<td>K\u00edch th\u01b0\u1edbc v\u00f9ng n\u1ea5u 2<\/td>\n<td>\u00d8 210\u00a0mm, c\u00f4ng su\u1ea5t 2200 W, c\u00f4ng su\u1ea5t \u1edf ch\u1ebf \u0111\u1ed9 PowerBoost: 3700 W<\/td>\n<\/tr>\n<tr>\n<td>K\u00edch th\u01b0\u1edbc v\u00f9ng n\u1ea5u 3<\/td>\n<td>\u00d8 180 mm, c\u00f4ng su\u1ea5t 1800 W, c\u00f4ng su\u1ea5t \u1edf ch\u1ebf \u0111\u1ed9 PowerBoost: 3100 W<\/td>\n<\/tr>\n<tr>\n<td>K\u00edch th\u01b0\u1edbc v\u00f9ng n\u1ea5u 4<\/td>\n<td>\u00d8 145 mm, c\u00f4ng su\u1ea5t 1400 W, c\u00f4ng su\u1ea5t \u1edf ch\u1ebf \u0111\u1ed9 PowerBoost: 2200 W<\/td>\n<\/tr>\n<\/tbody>\n<\/table>\n<h3>B\u1ebfp Bosch PVS775FC1E\u00a0\u00a0| Serie 6 Ch\u1ee9c n\u0103ng Sprint t\u1ef1 \u0111\u1ed9ng ti\u1ebft ki\u1ec7m th\u1eddi gian \u0111un n\u1ea5u<\/h3>\n<p>B\u1ebfp T\u1eeb Bosch\u00a0PVS775FC1E\u00a0\u00a0| Serie 6 s\u1edf h\u1eefu ch\u1ee9c n\u0103ng Sprint t\u1ef1 \u0111\u1ed9ng hi\u1ec7n \u0111\u1ea1i nh\u1ea5t, c\u00f3 kh\u1ea3 n\u0103ng gi\u1ea3m th\u1eddi gian l\u00e0m n\u00f3ng l\u00ean \u0111\u1ebfn 50% gi\u00fap \u0111un n\u1ea5u nhanh h\u01a1n ph\u01b0\u01a1ng ph\u00e1p truy\u1ec1n th\u1ed1ng t\u1edbi \u00edt nh\u1ea5t 3 l\u1ea7n., Hi\u1ec7u su\u1ea5t l\u00e0m vi\u1ec7c trung b\u00ecnh c\u1ee7a b\u1ebfp t\u1eeb Bosch \u0111o \u0111\u01b0\u1ee3c l\u00e0 95%.<\/p>\n","protected":false},"excerpt":{"rendered":"<ul>\n<li class=\"red\">Mua online &#8211; Xem h\u00e0ng t\u01b0 v\u1ea5n t\u1ea1i nh\u00e0 &#8211; Mi\u1ec5n ph\u00ed 100%<\/li>\n<li class=\"red\">Th\u1eddi gian giao h\u00e0ng: 4 &#8211; 12 ti\u1ebfng, c\u1ea3 T7 v\u00e0 CN.<\/li>\n<li class=\"red\">Mi\u1ec5n ph\u00ed l\u1eafp \u0111\u1eb7t 100% &#8211; G\u00f3i b\u1ea3o d\u01b0\u1ee1ng b\u1ea3o tr\u00ec tr\u1ecdn \u0111\u1eddi.<\/li>\n<li>\u0110\u1ed5i s\u1ea3n ph\u1ea9m l\u1ed7i mi\u1ec5n ph\u00ed trong\u00a07 ng\u00e0y.<\/li>\n<\/ul>\n","protected":false},"featured_media":90,"comment_status":"closed","ping_status":"closed","template":"","meta":[],"product_cat":[47,48,61,54,55,56,63,64,65,53,51,52,58,59,57,60,62,49,50,23,30,17,37,18,20,27,29,28,21,24,39,25,32,26,31,33],"product_tag":[],"class_list":["post-84","product","type-product","status-publish","has-post-thumbnail","hentry","product_cat-bep-dien-tu-lien-lo","product_cat-bep-dien-bep-tu-domino","product_cat-chao-ran-chao-xao","product_cat-chau-rua-da-2-ho","product_cat-chau-rua-inox-1-ho","product_cat-chau-rua-inox-2-ho","product_cat-gia-bat-dia-tu-tren","product_cat-gia-bat-dia-xoong-noi-tu-duoi","product_cat-gia-gia-vi-dao-thot","product_cat-may-hut-mui-am-tu","product_cat-may-hut-mui-ap-tuong","product_cat-may-hut-mui-dao","product_cat-may-loc-nuoc-de-gam-khong-tu","product_cat-may-loc-nuoc-kiem-nong-lanh","product_cat-may-loc-nuoc-tu-dung","product_cat-noi-bo-noi-nau","product_cat-noi-ap-suat","product_cat-san-pham-khuyen-mai","product_cat-san-pham-moi","product_cat-noi-that-tu-bep","product_cat-phu-kien-tu-bep","product_cat-bep-dien-bep-tu","product_cat-bep-dien-tu-ket-hop","product_cat-bep-dien-hong-ngoai","product_cat-bep-tu","product_cat-may-hut-mui","product_cat-may-rua-chen-bat","product_cat-may-loc-nuoc","product_cat-voi-rua-chen-bat","product_cat-lo-nuong-lo-vi-song","product_cat-lo-nuong","product_cat-lo-vi-song","product_cat-chau-rua-chen-bat","product_cat-may-say-chen-bat","product_cat-dien-gia-dung","product_cat-dien-may"],"yoast_head":"<!-- This site is optimized with the Yoast SEO plugin v19.3 - https:\/\/yoast.com\/wordpress\/plugins\/seo\/ -->\n<title>B\u1ebfp t\u1eeb Bosch PVS775FC1E - \u00c1 Ch\u00e2u H\u1ea3i D\u01b0\u01a1ng<\/title>\n<meta name=\"robots\" content=\"noindex, follow, max-snippet:-1, max-image-preview:large, max-video-preview:-1\" \/>\n<meta property=\"og:locale\" content=\"vi_VN\" \/>\n<meta property=\"og:type\" content=\"article\" \/>\n<meta property=\"og:title\" content=\"B\u1ebfp t\u1eeb Bosch PVS775FC1E - \u00c1 Ch\u00e2u H\u1ea3i D\u01b0\u01a1ng\" \/>\n<meta property=\"og:description\" content=\"Mua online - Xem h\u00e0ng t\u01b0 v\u1ea5n t\u1ea1i nh\u00e0 - Mi\u1ec5n ph\u00ed 100%  Th\u1eddi gian giao h\u00e0ng: 4 - 12 ti\u1ebfng, c\u1ea3 T7 v\u00e0 CN.  Mi\u1ec5n ph\u00ed l\u1eafp \u0111\u1eb7t 100% - G\u00f3i b\u1ea3o d\u01b0\u1ee1ng b\u1ea3o tr\u00ec tr\u1ecdn \u0111\u1eddi.  \u0110\u1ed5i s\u1ea3n ph\u1ea9m l\u1ed7i mi\u1ec5n ph\u00ed trong\u00a07 ng\u00e0y.\" \/>\n<meta property=\"og:url\" content=\"http:\/\/mau.hoabinhweb.com\/giadung1\/san-pham\/bep-tu-bosch-pvs775fc1e\/\" \/>\n<meta property=\"og:site_name\" content=\"\u00c1 Ch\u00e2u H\u1ea3i D\u01b0\u01a1ng\" \/>\n<meta property=\"article:modified_time\" content=\"2022-07-18T08:44:10+00:00\" \/>\n<meta property=\"og:image\" content=\"http:\/\/mau.hoabinhweb.com\/giadung1\/wp-content\/uploads\/2022\/03\/sanpham15.jpg\" \/>\n\t<meta property=\"og:image:width\" content=\"554\" \/>\n\t<meta property=\"og:image:height\" content=\"554\" \/>\n\t<meta property=\"og:image:type\" content=\"image\/jpeg\" \/>\n<meta name=\"twitter:card\" content=\"summary_large_image\" \/>\n<meta name=\"twitter:label1\" content=\"\u01af\u1edbc t\u00ednh th\u1eddi gian \u0111\u1ecdc\" \/>\n\t<meta name=\"twitter:data1\" content=\"3 ph\u00fat\" \/>\n<script type=\"application\/ld+json\" class=\"yoast-schema-graph\">{\"@context\":\"https:\/\/schema.org\",\"@graph\":[{\"@type\":\"WebSite\",\"@id\":\"http:\/\/mau.hoabinhweb.com\/giadung1\/#website\",\"url\":\"http:\/\/mau.hoabinhweb.com\/giadung1\/\",\"name\":\"\u00c1 Ch\u00e2u H\u1ea3i D\u01b0\u01a1ng\",\"description\":\"\",\"potentialAction\":[{\"@type\":\"SearchAction\",\"target\":{\"@type\":\"EntryPoint\",\"urlTemplate\":\"http:\/\/mau.hoabinhweb.com\/giadung1\/?s={search_term_string}\"},\"query-input\":\"required name=search_term_string\"}],\"inLanguage\":\"vi\"},{\"@type\":\"ImageObject\",\"inLanguage\":\"vi\",\"@id\":\"http:\/\/mau.hoabinhweb.com\/giadung1\/san-pham\/bep-tu-bosch-pvs775fc1e\/#primaryimage\",\"url\":\"http:\/\/mau.hoabinhweb.com\/giadung1\/wp-content\/uploads\/2022\/03\/sanpham15.jpg\",\"contentUrl\":\"http:\/\/mau.hoabinhweb.com\/giadung1\/wp-content\/uploads\/2022\/03\/sanpham15.jpg\",\"width\":554,\"height\":554,\"caption\":\"Sanpham15\"},{\"@type\":\"WebPage\",\"@id\":\"http:\/\/mau.hoabinhweb.com\/giadung1\/san-pham\/bep-tu-bosch-pvs775fc1e\/\",\"url\":\"http:\/\/mau.hoabinhweb.com\/giadung1\/san-pham\/bep-tu-bosch-pvs775fc1e\/\",\"name\":\"B\u1ebfp t\u1eeb Bosch PVS775FC1E - \u00c1 Ch\u00e2u H\u1ea3i D\u01b0\u01a1ng\",\"isPartOf\":{\"@id\":\"http:\/\/mau.hoabinhweb.com\/giadung1\/#website\"},\"primaryImageOfPage\":{\"@id\":\"http:\/\/mau.hoabinhweb.com\/giadung1\/san-pham\/bep-tu-bosch-pvs775fc1e\/#primaryimage\"},\"datePublished\":\"2022-03-30T03:33:10+00:00\",\"dateModified\":\"2022-07-18T08:44:10+00:00\",\"breadcrumb\":{\"@id\":\"http:\/\/mau.hoabinhweb.com\/giadung1\/san-pham\/bep-tu-bosch-pvs775fc1e\/#breadcrumb\"},\"inLanguage\":\"vi\",\"potentialAction\":[{\"@type\":\"ReadAction\",\"target\":[\"http:\/\/mau.hoabinhweb.com\/giadung1\/san-pham\/bep-tu-bosch-pvs775fc1e\/\"]}]},{\"@type\":\"BreadcrumbList\",\"@id\":\"http:\/\/mau.hoabinhweb.com\/giadung1\/san-pham\/bep-tu-bosch-pvs775fc1e\/#breadcrumb\",\"itemListElement\":[{\"@type\":\"ListItem\",\"position\":1,\"name\":\"Trang ch\u1ee7\",\"item\":\"http:\/\/mau.hoabinhweb.com\/giadung1\/\"},{\"@type\":\"ListItem\",\"position\":2,\"name\":\"S\u1ea3n ph\u1ea9m\",\"item\":\"http:\/\/mau.hoabinhweb.com\/giadung1\/san-pham\/\"},{\"@type\":\"ListItem\",\"position\":3,\"name\":\"B\u1ebfp t\u1eeb Bosch PVS775FC1E\"}]}]}<\/script>\n<!-- \/ Yoast SEO plugin. -->","yoast_head_json":{"title":"B\u1ebfp t\u1eeb Bosch PVS775FC1E - \u00c1 Ch\u00e2u H\u1ea3i D\u01b0\u01a1ng","robots":{"index":"noindex","follow":"follow","max-snippet":"max-snippet:-1","max-image-preview":"max-image-preview:large","max-video-preview":"max-video-preview:-1"},"og_locale":"vi_VN","og_type":"article","og_title":"B\u1ebfp t\u1eeb Bosch PVS775FC1E - \u00c1 Ch\u00e2u H\u1ea3i D\u01b0\u01a1ng","og_description":"Mua online - Xem h\u00e0ng t\u01b0 v\u1ea5n t\u1ea1i nh\u00e0 - Mi\u1ec5n ph\u00ed 100%  Th\u1eddi gian giao h\u00e0ng: 4 - 12 ti\u1ebfng, c\u1ea3 T7 v\u00e0 CN.  Mi\u1ec5n ph\u00ed l\u1eafp \u0111\u1eb7t 100% - G\u00f3i b\u1ea3o d\u01b0\u1ee1ng b\u1ea3o tr\u00ec tr\u1ecdn \u0111\u1eddi.  \u0110\u1ed5i s\u1ea3n ph\u1ea9m l\u1ed7i mi\u1ec5n ph\u00ed trong\u00a07 ng\u00e0y.","og_url":"http:\/\/mau.hoabinhweb.com\/giadung1\/san-pham\/bep-tu-bosch-pvs775fc1e\/","og_site_name":"\u00c1 Ch\u00e2u H\u1ea3i D\u01b0\u01a1ng","article_modified_time":"2022-07-18T08:44:10+00:00","og_image":[{"width":554,"height":554,"url":"http:\/\/mau.hoabinhweb.com\/giadung1\/wp-content\/uploads\/2022\/03\/sanpham15.jpg","type":"image\/jpeg"}],"twitter_card":"summary_large_image","twitter_misc":{"\u01af\u1edbc t\u00ednh th\u1eddi gian \u0111\u1ecdc":"3 ph\u00fat"},"schema":{"@context":"https:\/\/schema.org","@graph":[{"@type":"WebSite","@id":"http:\/\/mau.hoabinhweb.com\/giadung1\/#website","url":"http:\/\/mau.hoabinhweb.com\/giadung1\/","name":"\u00c1 Ch\u00e2u H\u1ea3i D\u01b0\u01a1ng","description":"","potentialAction":[{"@type":"SearchAction","target":{"@type":"EntryPoint","urlTemplate":"http:\/\/mau.hoabinhweb.com\/giadung1\/?s={search_term_string}"},"query-input":"required name=search_term_string"}],"inLanguage":"vi"},{"@type":"ImageObject","inLanguage":"vi","@id":"http:\/\/mau.hoabinhweb.com\/giadung1\/san-pham\/bep-tu-bosch-pvs775fc1e\/#primaryimage","url":"http:\/\/mau.hoabinhweb.com\/giadung1\/wp-content\/uploads\/2022\/03\/sanpham15.jpg","contentUrl":"http:\/\/mau.hoabinhweb.com\/giadung1\/wp-content\/uploads\/2022\/03\/sanpham15.jpg","width":554,"height":554,"caption":"Sanpham15"},{"@type":"WebPage","@id":"http:\/\/mau.hoabinhweb.com\/giadung1\/san-pham\/bep-tu-bosch-pvs775fc1e\/","url":"http:\/\/mau.hoabinhweb.com\/giadung1\/san-pham\/bep-tu-bosch-pvs775fc1e\/","name":"B\u1ebfp t\u1eeb Bosch PVS775FC1E - \u00c1 Ch\u00e2u H\u1ea3i D\u01b0\u01a1ng","isPartOf":{"@id":"http:\/\/mau.hoabinhweb.com\/giadung1\/#website"},"primaryImageOfPage":{"@id":"http:\/\/mau.hoabinhweb.com\/giadung1\/san-pham\/bep-tu-bosch-pvs775fc1e\/#primaryimage"},"datePublished":"2022-03-30T03:33:10+00:00","dateModified":"2022-07-18T08:44:10+00:00","breadcrumb":{"@id":"http:\/\/mau.hoabinhweb.com\/giadung1\/san-pham\/bep-tu-bosch-pvs775fc1e\/#breadcrumb"},"inLanguage":"vi","potentialAction":[{"@type":"ReadAction","target":["http:\/\/mau.hoabinhweb.com\/giadung1\/san-pham\/bep-tu-bosch-pvs775fc1e\/"]}]},{"@type":"BreadcrumbList","@id":"http:\/\/mau.hoabinhweb.com\/giadung1\/san-pham\/bep-tu-bosch-pvs775fc1e\/#breadcrumb","itemListElement":[{"@type":"ListItem","position":1,"name":"Trang ch\u1ee7","item":"http:\/\/mau.hoabinhweb.com\/giadung1\/"},{"@type":"ListItem","position":2,"name":"S\u1ea3n ph\u1ea9m","item":"http:\/\/mau.hoabinhweb.com\/giadung1\/san-pham\/"},{"@type":"ListItem","position":3,"name":"B\u1ebfp t\u1eeb Bosch PVS775FC1E"}]}]}},"_links":{"self":[{"href":"http:\/\/mau.hoabinhweb.com\/giadung1\/wp-json\/wp\/v2\/product\/84","targetHints":{"allow":["GET"]}}],"collection":[{"href":"http:\/\/mau.hoabinhweb.com\/giadung1\/wp-json\/wp\/v2\/product"}],"about":[{"href":"http:\/\/mau.hoabinhweb.com\/giadung1\/wp-json\/wp\/v2\/types\/product"}],"replies":[{"embeddable":true,"href":"http:\/\/mau.hoabinhweb.com\/giadung1\/wp-json\/wp\/v2\/comments?post=84"}],"wp:featuredmedia":[{"embeddable":true,"href":"http:\/\/mau.hoabinhweb.com\/giadung1\/wp-json\/wp\/v2\/media\/90"}],"wp:attachment":[{"href":"http:\/\/mau.hoabinhweb.com\/giadung1\/wp-json\/wp\/v2\/media?parent=84"}],"wp:term":[{"taxonomy":"product_cat","embeddable":true,"href":"http:\/\/mau.hoabinhweb.com\/giadung1\/wp-json\/wp\/v2\/product_cat?post=84"},{"taxonomy":"product_tag","embeddable":true,"href":"http:\/\/mau.hoabinhweb.com\/giadung1\/wp-json\/wp\/v2\/product_tag?post=84"}],"curies":[{"name":"wp","href":"https:\/\/api.w.org\/{rel}","templated":true}]}}