{"id":83,"date":"2022-03-30T03:33:08","date_gmt":"2022-03-30T03:33:08","guid":{"rendered":"https:\/\/thietbibephatinh.vn\/?post_type=product&#038;p=83"},"modified":"2022-07-18T08:44:11","modified_gmt":"2022-07-18T08:44:11","slug":"bep-tu-bosch-pxj651fc1e","status":"publish","type":"product","link":"http:\/\/mau.hoabinhweb.com\/giadung1\/san-pham\/bep-tu-bosch-pxj651fc1e\/","title":{"rendered":"B\u1ebfp t\u1eeb Bosch PXJ651FC1E"},"content":{"rendered":"<h2>B\u1ebfp t\u1eeb Bosch PXJ651FC1E\u00a0\u0111\u01b0\u1ee3c nh\u1eadp kh\u1ea9u nguy\u00ean chi\u1ebfc t\u1eeb Spain v\u1ec1 c\u00f3 ngu\u1ed3n g\u1ed1c xu\u1ea5t x\u1eef r\u00f5 r\u00e0ng ch\u00ednh h\u00e3ng t\u1eeb Bosch &#8211; th\u01b0\u01a1ng hi\u1ec7u uy t\u00edn v\u00e0 n\u1ed5i ti\u1ebfng s\u1ed1 1 t\u1ea1i \u0110\u1ee9c. B\u1ebfp t\u1eeb Bosch \u0111\u01b0\u1ee3c trang b\u1ecb nh\u1eefng t\u00ednh n\u0103ng th\u00f4ng minh v\u00e0 hi\u1ec7n \u0111\u1ea1i.<\/h2>\n<h3><strong>B\u1ebfp t\u1eeb Bosch PXJ651FC1E Thi\u1ebft k\u1ebf 3\u00a0v\u00f9ng n\u1ea5u<\/strong><\/h3>\n<p><strong>B\u1ebfp t\u1eeb<\/strong><strong>\u00a0Bosch PXJ651FC1E\u00a0<\/strong><em>\u00a0<\/em>thi\u1ebft k\u1ebf v\u1edbi 3\u00a0v\u00f9ng n\u1ea5u\u00a0k\u00edch c\u1ee1 \u0111a d\u1ea1ng ph\u00f9 h\u1ee3p v\u1edbi nhi\u1ec1u k\u00edch th\u01b0\u1edbc n\u1ed3i\u00a0 hi\u1ebfm hoi trong c\u00e1c d\u00f2ng b\u1ebfp Bosch t\u1ea1o \u1ea5n t\u01b0\u1ee3ng v\u1edbi ki\u1ec3u d\u00e1ng b\u0103\u0301t m\u0103\u0301t, \u00a0V\u00f9ng n\u1ea5u l\u1edbn ( 28 cm) \u0111\u01b0\u1ee3c ph\u00e2n b\u1ed1 \u1edf gi\u1eefa, \u0111\u1ea3m b\u1ea3o t\u00ednh ti\u1ec7n d\u1ee5ng trong n\u1ea5u \u0103n.<\/p>\n<p><img decoding=\"async\" title=\"B\u1ebfp t\u1eeb Bosch PXJ651FC1E\" src=\"https:\/\/bepvuson.vn\/Data\/upload\/images\/bep_tu\/bep-tu-dung-noi-gi-1-1.jpg\" alt=\"B\u1ebfp t\u1eeb Bosch PXJ651FC1E\" \/><\/p>\n<p><strong>B\u1ebfp t\u1eeb Bosch PXJ651FC1E\u00a0<\/strong>\u0111\u01b0\u1ee3c trang b\u1ecb<strong>\u00a0<\/strong>b\u1ea3ng \u0111i\u1ec1u khi\u1ec3n\u00a0<strong>DirectSelect<\/strong>\u00a0hi\u1ec7n \u0111\u1ea1i, c\u00f3 th\u1ec3 d\u1ec5 d\u00e0ng ch\u1ecdn c\u00e1c v\u00f9ng n\u1ea5u ri\u00eang v\u1edbi c\u00e1c ch\u1ee9c n\u0103ng n\u1ea5u th\u00edch h\u1ee3p cho t\u1eebng m\u00f3n, r\u1ea5t ti\u1ec7n \u00edch khi \u0111un n\u1ea5u c\u00e1c m\u00f3n kh\u00e1c nhau.<\/p>\n<p>H\u1ec7 th\u1ed1ng c\u1ea3m \u1ee9ng nhanh nh\u1ea1y, thao t\u00e1c ch\u00ednh x\u00e1c ngay c\u1ea3 khi tay \u01b0\u1edbt, d\u1ec5 d\u00e0ng \u0111i\u1ec1u khi\u1ec3n b\u1ebfp ch\u1ec9 c\u1ea7n m\u1ed9t c\u00e1i ch\u1ea1m nh\u1eb9, linh ho\u1ea1t trong s\u1eed d\u1ee5ng.<\/p>\n<h3><strong>B\u1ebfp t\u1eeb Bosch s\u1edf h\u1eefu nh\u1eefng T\u00ednh n\u0103ng\u00a0 hi\u1ec7n \u0111\u1ea1i<\/strong><\/h3>\n<p>Thu\u1ed9c d\u00f2ng<strong>\u00a0<\/strong>b\u1ebfp t\u1eeb cao c\u1ea5p, linh ki\u1ec7n c\u1ea5u th\u00e0nh l\u00ean\u00a0<strong>B\u1ebfp t\u1eeb Bosch\u00a0PXJ651FC1E<\/strong>\u00a0\u0111\u1ec1u l\u00e0 h\u00e0ng ch\u00ednh h\u00e3ng, \u0111\u1ea1t chu\u1ea9n v\u1ec1 ch\u1ea5t l\u01b0\u1ee3ng.<\/p>\n<p><img decoding=\"async\" title=\"B\u1ebfp t\u1eeb Bosch PXJ651FC1E\" src=\"https:\/\/bepvuson.vn\/Data\/upload\/images\/bep_tu\/cach-chon-noi-dung-cho-bep-dien-tu.jpg\" alt=\"B\u1ebfp t\u1eeb Bosch PXJ651FC1E\" \/><\/p>\n<ul>\n<li><em><strong>\u0110un n\u1ea5u nhanh, hi\u1ec7u su\u1ea5t l\u00e0m vi\u1ec7c cao:<\/strong><\/em><br \/>\nB\u1ebfp c\u00f3 c\u00f4ng su\u1ea5t n\u1ea5u l\u00ean \u0111\u1ebfn 7500 W,\u00a0<strong>ch\u1ee9c n\u0103ng Sprint\u00a0<\/strong>gi\u1ea3m th\u1eddi gian l\u00e0m n\u00f3ng, n\u1ea5u n\u01b0\u1edbng nhanh g\u1ecdn v\u00e0 ti\u1ec7n d\u1ee5ng h\u01a1n.\u00a0<strong>B\u1ebfp t\u1eeb Bosch\u00a0PXJ651FC1E<\/strong>\u00a0c\u00f3 kh\u1ea3 n\u0103ng nh\u1eadn di\u1ec7n \u0111\u00e1y n\u1ed3i, gi\u00fap l\u01b0\u1ee3ng nhi\u1ec7t t\u1eadp trung v\u00e0o v\u00f9ng n\u1ea5u, tr\u00e1nh th\u1ea5t tho\u00e1t nhi\u1ec7t ra m\u00f4i tr\u01b0\u1eddng ngo\u00e0i, t\u0103ng hi\u1ec7u su\u1ea5t n\u1ea5u n\u01b0\u1edbng v\u00e0 ti\u1ebft ki\u1ec7m \u0111i\u1ec7n n\u0103ng.<\/li>\n<li><em>\u0110i\u1ec1u khi\u1ec3n c\u1ea3m \u1ee9ng si\u00eau nh\u1ea1y, 17 m\u1ee9c c\u00f4ng su\u1ea5t n\u1ea5u ph\u00f9 h\u1ee3p v\u1edbi t\u1eebng ph\u01b0\u01a1ng th\u1ee9c ch\u1ebf bi\u1ebfn, \u0111\u1ea3m b\u1ea3o m\u00f3n n\u1ea5u lu\u00f4n th\u01a1m ngon.<\/em><\/li>\n<li><em>B\u00ean c\u1ea1nh \u0111\u00f3, s\u1ea3n ph\u1ea9m c\u00f2n \u0111\u01b0\u1ee3c trang b\u1ecb ch\u1ee9c n\u0103ng h\u1eb9n gi\u1edd hi\u1ec7n \u0111\u1ea1i, kh\u00f4ng c\u1ea7n \u0111\u1ee9ng b\u00ean b\u1ebfp qu\u00e1 l\u00e2u, ch\u1ec9 c\u1ea7n h\u1eb9n th\u1eddi gian th\u00edch h\u1ee3p cho t\u1eebng m\u00f3n n\u1ea5u, b\u1ebfp s\u1ebd ho\u1ea1t \u0111\u1ed9ng theo th\u1eddi gian \u0111\u00e3 h\u1eb9n, l\u00e0m ch\u00edn th\u1ef1c ph\u1ea9m v\u00e0 t\u1ef1 t\u1eaft khi qu\u00e1 tr\u00ecnh h\u1eb9n k\u1ebft th\u00fac, h\u1ed7 tr\u1ee3 t\u1ed1i \u0111a cho ng\u01b0\u1eddi n\u1ed9i tr\u1ee3.<\/em><\/li>\n<\/ul>\n","protected":false},"excerpt":{"rendered":"<ul>\n<li class=\"red\">Mua online &#8211; Xem h\u00e0ng t\u01b0 v\u1ea5n t\u1ea1i nh\u00e0 &#8211; Mi\u1ec5n ph\u00ed 100%<\/li>\n<li class=\"red\">Th\u1eddi gian giao h\u00e0ng: 4 &#8211; 12 ti\u1ebfng, c\u1ea3 T7 v\u00e0 CN.<\/li>\n<li class=\"red\">Mi\u1ec5n ph\u00ed l\u1eafp \u0111\u1eb7t 100% &#8211; G\u00f3i b\u1ea3o d\u01b0\u1ee1ng b\u1ea3o tr\u00ec tr\u1ecdn \u0111\u1eddi.<\/li>\n<li>\u0110\u1ed5i s\u1ea3n ph\u1ea9m l\u1ed7i mi\u1ec5n ph\u00ed trong\u00a07 ng\u00e0y.<\/li>\n<\/ul>\n","protected":false},"featured_media":89,"comment_status":"closed","ping_status":"closed","template":"","meta":[],"product_cat":[47,48,61,54,55,56,63,64,65,53,51,52,58,59,57,60,62,49,50,23,30,17,37,18,20,27,29,28,21,24,39,25,32,26,31,33],"product_tag":[],"class_list":["post-83","product","type-product","status-publish","has-post-thumbnail","hentry","product_cat-bep-dien-tu-lien-lo","product_cat-bep-dien-bep-tu-domino","product_cat-chao-ran-chao-xao","product_cat-chau-rua-da-2-ho","product_cat-chau-rua-inox-1-ho","product_cat-chau-rua-inox-2-ho","product_cat-gia-bat-dia-tu-tren","product_cat-gia-bat-dia-xoong-noi-tu-duoi","product_cat-gia-gia-vi-dao-thot","product_cat-may-hut-mui-am-tu","product_cat-may-hut-mui-ap-tuong","product_cat-may-hut-mui-dao","product_cat-may-loc-nuoc-de-gam-khong-tu","product_cat-may-loc-nuoc-kiem-nong-lanh","product_cat-may-loc-nuoc-tu-dung","product_cat-noi-bo-noi-nau","product_cat-noi-ap-suat","product_cat-san-pham-khuyen-mai","product_cat-san-pham-moi","product_cat-noi-that-tu-bep","product_cat-phu-kien-tu-bep","product_cat-bep-dien-bep-tu","product_cat-bep-dien-tu-ket-hop","product_cat-bep-dien-hong-ngoai","product_cat-bep-tu","product_cat-may-hut-mui","product_cat-may-rua-chen-bat","product_cat-may-loc-nuoc","product_cat-voi-rua-chen-bat","product_cat-lo-nuong-lo-vi-song","product_cat-lo-nuong","product_cat-lo-vi-song","product_cat-chau-rua-chen-bat","product_cat-may-say-chen-bat","product_cat-dien-gia-dung","product_cat-dien-may"],"yoast_head":"<!-- This site is optimized with the Yoast SEO plugin v19.3 - https:\/\/yoast.com\/wordpress\/plugins\/seo\/ -->\n<title>B\u1ebfp t\u1eeb Bosch PXJ651FC1E - \u00c1 Ch\u00e2u H\u1ea3i D\u01b0\u01a1ng<\/title>\n<meta name=\"robots\" content=\"noindex, follow, max-snippet:-1, max-image-preview:large, max-video-preview:-1\" \/>\n<meta property=\"og:locale\" content=\"vi_VN\" \/>\n<meta property=\"og:type\" content=\"article\" \/>\n<meta property=\"og:title\" content=\"B\u1ebfp t\u1eeb Bosch PXJ651FC1E - \u00c1 Ch\u00e2u H\u1ea3i D\u01b0\u01a1ng\" \/>\n<meta property=\"og:description\" content=\"Mua online - Xem h\u00e0ng t\u01b0 v\u1ea5n t\u1ea1i nh\u00e0 - Mi\u1ec5n ph\u00ed 100%  Th\u1eddi gian giao h\u00e0ng: 4 - 12 ti\u1ebfng, c\u1ea3 T7 v\u00e0 CN.  Mi\u1ec5n ph\u00ed l\u1eafp \u0111\u1eb7t 100% - G\u00f3i b\u1ea3o d\u01b0\u1ee1ng b\u1ea3o tr\u00ec tr\u1ecdn \u0111\u1eddi.  \u0110\u1ed5i s\u1ea3n ph\u1ea9m l\u1ed7i mi\u1ec5n ph\u00ed trong\u00a07 ng\u00e0y.\" \/>\n<meta property=\"og:url\" content=\"http:\/\/mau.hoabinhweb.com\/giadung1\/san-pham\/bep-tu-bosch-pxj651fc1e\/\" \/>\n<meta property=\"og:site_name\" content=\"\u00c1 Ch\u00e2u H\u1ea3i D\u01b0\u01a1ng\" \/>\n<meta property=\"article:modified_time\" content=\"2022-07-18T08:44:11+00:00\" \/>\n<meta property=\"og:image\" content=\"http:\/\/mau.hoabinhweb.com\/giadung1\/wp-content\/uploads\/2022\/03\/sanpham14.jpg\" \/>\n\t<meta property=\"og:image:width\" content=\"554\" \/>\n\t<meta property=\"og:image:height\" content=\"554\" \/>\n\t<meta property=\"og:image:type\" content=\"image\/jpeg\" \/>\n<meta name=\"twitter:card\" content=\"summary_large_image\" \/>\n<meta name=\"twitter:label1\" content=\"\u01af\u1edbc t\u00ednh th\u1eddi gian \u0111\u1ecdc\" \/>\n\t<meta name=\"twitter:data1\" content=\"3 ph\u00fat\" \/>\n<script type=\"application\/ld+json\" class=\"yoast-schema-graph\">{\"@context\":\"https:\/\/schema.org\",\"@graph\":[{\"@type\":\"WebSite\",\"@id\":\"http:\/\/mau.hoabinhweb.com\/giadung1\/#website\",\"url\":\"http:\/\/mau.hoabinhweb.com\/giadung1\/\",\"name\":\"\u00c1 Ch\u00e2u H\u1ea3i D\u01b0\u01a1ng\",\"description\":\"\",\"potentialAction\":[{\"@type\":\"SearchAction\",\"target\":{\"@type\":\"EntryPoint\",\"urlTemplate\":\"http:\/\/mau.hoabinhweb.com\/giadung1\/?s={search_term_string}\"},\"query-input\":\"required name=search_term_string\"}],\"inLanguage\":\"vi\"},{\"@type\":\"ImageObject\",\"inLanguage\":\"vi\",\"@id\":\"http:\/\/mau.hoabinhweb.com\/giadung1\/san-pham\/bep-tu-bosch-pxj651fc1e\/#primaryimage\",\"url\":\"http:\/\/mau.hoabinhweb.com\/giadung1\/wp-content\/uploads\/2022\/03\/sanpham14.jpg\",\"contentUrl\":\"http:\/\/mau.hoabinhweb.com\/giadung1\/wp-content\/uploads\/2022\/03\/sanpham14.jpg\",\"width\":554,\"height\":554,\"caption\":\"Sanpham14\"},{\"@type\":\"WebPage\",\"@id\":\"http:\/\/mau.hoabinhweb.com\/giadung1\/san-pham\/bep-tu-bosch-pxj651fc1e\/\",\"url\":\"http:\/\/mau.hoabinhweb.com\/giadung1\/san-pham\/bep-tu-bosch-pxj651fc1e\/\",\"name\":\"B\u1ebfp t\u1eeb Bosch PXJ651FC1E - \u00c1 Ch\u00e2u H\u1ea3i D\u01b0\u01a1ng\",\"isPartOf\":{\"@id\":\"http:\/\/mau.hoabinhweb.com\/giadung1\/#website\"},\"primaryImageOfPage\":{\"@id\":\"http:\/\/mau.hoabinhweb.com\/giadung1\/san-pham\/bep-tu-bosch-pxj651fc1e\/#primaryimage\"},\"datePublished\":\"2022-03-30T03:33:08+00:00\",\"dateModified\":\"2022-07-18T08:44:11+00:00\",\"breadcrumb\":{\"@id\":\"http:\/\/mau.hoabinhweb.com\/giadung1\/san-pham\/bep-tu-bosch-pxj651fc1e\/#breadcrumb\"},\"inLanguage\":\"vi\",\"potentialAction\":[{\"@type\":\"ReadAction\",\"target\":[\"http:\/\/mau.hoabinhweb.com\/giadung1\/san-pham\/bep-tu-bosch-pxj651fc1e\/\"]}]},{\"@type\":\"BreadcrumbList\",\"@id\":\"http:\/\/mau.hoabinhweb.com\/giadung1\/san-pham\/bep-tu-bosch-pxj651fc1e\/#breadcrumb\",\"itemListElement\":[{\"@type\":\"ListItem\",\"position\":1,\"name\":\"Trang ch\u1ee7\",\"item\":\"http:\/\/mau.hoabinhweb.com\/giadung1\/\"},{\"@type\":\"ListItem\",\"position\":2,\"name\":\"S\u1ea3n ph\u1ea9m\",\"item\":\"http:\/\/mau.hoabinhweb.com\/giadung1\/san-pham\/\"},{\"@type\":\"ListItem\",\"position\":3,\"name\":\"B\u1ebfp t\u1eeb Bosch PXJ651FC1E\"}]}]}<\/script>\n<!-- \/ Yoast SEO plugin. -->","yoast_head_json":{"title":"B\u1ebfp t\u1eeb Bosch PXJ651FC1E - \u00c1 Ch\u00e2u H\u1ea3i D\u01b0\u01a1ng","robots":{"index":"noindex","follow":"follow","max-snippet":"max-snippet:-1","max-image-preview":"max-image-preview:large","max-video-preview":"max-video-preview:-1"},"og_locale":"vi_VN","og_type":"article","og_title":"B\u1ebfp t\u1eeb Bosch PXJ651FC1E - \u00c1 Ch\u00e2u H\u1ea3i D\u01b0\u01a1ng","og_description":"Mua online - Xem h\u00e0ng t\u01b0 v\u1ea5n t\u1ea1i nh\u00e0 - Mi\u1ec5n ph\u00ed 100%  Th\u1eddi gian giao h\u00e0ng: 4 - 12 ti\u1ebfng, c\u1ea3 T7 v\u00e0 CN.  Mi\u1ec5n ph\u00ed l\u1eafp \u0111\u1eb7t 100% - G\u00f3i b\u1ea3o d\u01b0\u1ee1ng b\u1ea3o tr\u00ec tr\u1ecdn \u0111\u1eddi.  \u0110\u1ed5i s\u1ea3n ph\u1ea9m l\u1ed7i mi\u1ec5n ph\u00ed trong\u00a07 ng\u00e0y.","og_url":"http:\/\/mau.hoabinhweb.com\/giadung1\/san-pham\/bep-tu-bosch-pxj651fc1e\/","og_site_name":"\u00c1 Ch\u00e2u H\u1ea3i D\u01b0\u01a1ng","article_modified_time":"2022-07-18T08:44:11+00:00","og_image":[{"width":554,"height":554,"url":"http:\/\/mau.hoabinhweb.com\/giadung1\/wp-content\/uploads\/2022\/03\/sanpham14.jpg","type":"image\/jpeg"}],"twitter_card":"summary_large_image","twitter_misc":{"\u01af\u1edbc t\u00ednh th\u1eddi gian \u0111\u1ecdc":"3 ph\u00fat"},"schema":{"@context":"https:\/\/schema.org","@graph":[{"@type":"WebSite","@id":"http:\/\/mau.hoabinhweb.com\/giadung1\/#website","url":"http:\/\/mau.hoabinhweb.com\/giadung1\/","name":"\u00c1 Ch\u00e2u H\u1ea3i D\u01b0\u01a1ng","description":"","potentialAction":[{"@type":"SearchAction","target":{"@type":"EntryPoint","urlTemplate":"http:\/\/mau.hoabinhweb.com\/giadung1\/?s={search_term_string}"},"query-input":"required name=search_term_string"}],"inLanguage":"vi"},{"@type":"ImageObject","inLanguage":"vi","@id":"http:\/\/mau.hoabinhweb.com\/giadung1\/san-pham\/bep-tu-bosch-pxj651fc1e\/#primaryimage","url":"http:\/\/mau.hoabinhweb.com\/giadung1\/wp-content\/uploads\/2022\/03\/sanpham14.jpg","contentUrl":"http:\/\/mau.hoabinhweb.com\/giadung1\/wp-content\/uploads\/2022\/03\/sanpham14.jpg","width":554,"height":554,"caption":"Sanpham14"},{"@type":"WebPage","@id":"http:\/\/mau.hoabinhweb.com\/giadung1\/san-pham\/bep-tu-bosch-pxj651fc1e\/","url":"http:\/\/mau.hoabinhweb.com\/giadung1\/san-pham\/bep-tu-bosch-pxj651fc1e\/","name":"B\u1ebfp t\u1eeb Bosch PXJ651FC1E - \u00c1 Ch\u00e2u H\u1ea3i D\u01b0\u01a1ng","isPartOf":{"@id":"http:\/\/mau.hoabinhweb.com\/giadung1\/#website"},"primaryImageOfPage":{"@id":"http:\/\/mau.hoabinhweb.com\/giadung1\/san-pham\/bep-tu-bosch-pxj651fc1e\/#primaryimage"},"datePublished":"2022-03-30T03:33:08+00:00","dateModified":"2022-07-18T08:44:11+00:00","breadcrumb":{"@id":"http:\/\/mau.hoabinhweb.com\/giadung1\/san-pham\/bep-tu-bosch-pxj651fc1e\/#breadcrumb"},"inLanguage":"vi","potentialAction":[{"@type":"ReadAction","target":["http:\/\/mau.hoabinhweb.com\/giadung1\/san-pham\/bep-tu-bosch-pxj651fc1e\/"]}]},{"@type":"BreadcrumbList","@id":"http:\/\/mau.hoabinhweb.com\/giadung1\/san-pham\/bep-tu-bosch-pxj651fc1e\/#breadcrumb","itemListElement":[{"@type":"ListItem","position":1,"name":"Trang ch\u1ee7","item":"http:\/\/mau.hoabinhweb.com\/giadung1\/"},{"@type":"ListItem","position":2,"name":"S\u1ea3n ph\u1ea9m","item":"http:\/\/mau.hoabinhweb.com\/giadung1\/san-pham\/"},{"@type":"ListItem","position":3,"name":"B\u1ebfp t\u1eeb Bosch PXJ651FC1E"}]}]}},"_links":{"self":[{"href":"http:\/\/mau.hoabinhweb.com\/giadung1\/wp-json\/wp\/v2\/product\/83","targetHints":{"allow":["GET"]}}],"collection":[{"href":"http:\/\/mau.hoabinhweb.com\/giadung1\/wp-json\/wp\/v2\/product"}],"about":[{"href":"http:\/\/mau.hoabinhweb.com\/giadung1\/wp-json\/wp\/v2\/types\/product"}],"replies":[{"embeddable":true,"href":"http:\/\/mau.hoabinhweb.com\/giadung1\/wp-json\/wp\/v2\/comments?post=83"}],"wp:featuredmedia":[{"embeddable":true,"href":"http:\/\/mau.hoabinhweb.com\/giadung1\/wp-json\/wp\/v2\/media\/89"}],"wp:attachment":[{"href":"http:\/\/mau.hoabinhweb.com\/giadung1\/wp-json\/wp\/v2\/media?parent=83"}],"wp:term":[{"taxonomy":"product_cat","embeddable":true,"href":"http:\/\/mau.hoabinhweb.com\/giadung1\/wp-json\/wp\/v2\/product_cat?post=83"},{"taxonomy":"product_tag","embeddable":true,"href":"http:\/\/mau.hoabinhweb.com\/giadung1\/wp-json\/wp\/v2\/product_tag?post=83"}],"curies":[{"name":"wp","href":"https:\/\/api.w.org\/{rel}","templated":true}]}}