{"id":82,"date":"2022-03-30T03:33:06","date_gmt":"2022-03-30T03:33:06","guid":{"rendered":"https:\/\/thietbibephatinh.vn\/?post_type=product&#038;p=82"},"modified":"2022-07-18T08:44:11","modified_gmt":"2022-07-18T08:44:11","slug":"bep-tu-bosch-hmh-pxx975kw1e","status":"publish","type":"product","link":"http:\/\/mau.hoabinhweb.com\/giadung1\/san-pham\/bep-tu-bosch-hmh-pxx975kw1e\/","title":{"rendered":"B\u1ebfp t\u1eeb Bosch HMH.PXX975KW1E"},"content":{"rendered":"<h2>B\u1ebfp t\u1eeb Bosch PXX975KW1E |Serie 8 ch\u00ednh h\u00e3ng l\u00e0 m\u1eabu model b\u1ebfp t\u1eeb hi\u1ec7n \u0111\u1ea1i nh\u1ea5t n\u0103m 2018 v\u1edbi 5 v\u00f9ng n\u1ea5u \u0103n \u0111a \u0111i\u1ec3m, b\u1ebfp c\u00f3 c\u1ea3m bi\u1ebfn nh\u1eadn d\u1ea1ng t\u1ef1 \u0111\u1ed9ng. N\u1ed5i b\u1eadt v\u1edbi thi\u1ebft k\u1ebf hi\u1ec7n \u0111\u1ea1i sang tr\u1ecdng, m\u1eb7t k\u00ednh m\u00e0u xanh ng\u1ecdc b\u1eaft m\u1eaft ch\u1eafc ch\u1eafn s\u1ea3n ph\u1ea9m s\u1ebd l\u00e0 m\u1ed9t l\u1ef1a ch\u1ecdn ho\u00e0n h\u1ea3o trong vi\u1ec7c t\u00f4n l\u00ean v\u1ebb sang tr\u1ecdng cho c\u0103n b\u1ebfp gia \u0111\u00ecnh.<\/h2>\n<h3>B\u1ebfp t\u1eeb Bosch PXX975KW1E |Serie 8 &#8211; s\u01b0\u0323 l\u01b0\u0323a cho\u0323n hoa\u0300n ha\u0309o<\/h3>\n<p>V\u1edbi\u00a0 17 d\u1ea3i nhi\u1ec7t c\u00f3 th\u1ec3 thay \u0111\u1ed5i cho t\u1eebng v\u00f9ng n\u1ea5u\u00a0<strong>b\u1ebfp t\u1eeb Bosch\u00a0PXX975KW1E<\/strong>\u00a0gi\u00fap b\u1ea1n d\u1ec5 d\u00e0ng \u0111i\u1ec3u khi\u1ec3n m\u1ee9c nhi\u1ec7t \u0111\u1ed9 kh\u00e1c nhau cho t\u1eebng m\u00f3n \u0103n. Ngo\u00e0i ra b\u1ebfp c\u00f2n \u0111\u01b0\u1ee3c trang b\u1ecb ch\u1ee9c n\u0103ng h\u1eb9n gi\u1edd ri\u00eang cho v\u00f9ng n\u1ea5u. C\u00f4ng vi\u1ec7c n\u1ea5u \u0103n cho gia \u0111\u00ecnh ch\u01b0a bao gi\u1edd thu\u1eadn ti\u1ec7n \u0111\u1ebfn th\u1ebf. V\u1edbi nh\u1eefng t\u00ednh n\u0103ng v\u00f4 c\u00f9ng hi\u1ec7n \u0111\u1ea1i b\u1ea1n \u0111\u01b0\u1ee3c h\u1ed7 tr\u1ee3 n\u1ea5u nhi\u1ec1u m\u00f3n \u0103n, ti\u1ebft ki\u1ec7m \u0111\u01b0\u1ee3c c\u1ea3 th\u1eddi gian n\u1ea5u.<\/p>\n<p><img decoding=\"async\" title=\"B\u1ebfp t\u1eeb Bosch PXX975KW1E\" src=\"https:\/\/bepvuson.vn\/Data\/upload\/files\/top-nhung-hinh-anh-hoa-dep-nhat-the-gioi-anh-nen-hoa-1(7).jpg\" alt=\"B\u1ebfp t\u1eeb Bosch PXX975KW1E\" \/><\/p>\n<ul>\n<li>B\u1ec1 m\u1eb7t k\u00ednh\u00a0B\u1ebfp t\u1eeb Bosch PXX975KW1E\u00a0 \u0111\u01b0\u1ee3c l\u00e0m b\u1eb1ng ch\u1ea5t li\u1ec7u k\u00ednh c\u01b0\u1eddng l\u1ef1c cao c\u1ea5p c\u00f3 kh\u1ea3 n\u0103ng ch\u1ed1ng ch\u1ecbu tr\u1ea7y x\u01b0\u1edbc, nhi\u1ec7t \u0111\u1ed9 n\u00f3ng t\u1ed1t. B\u1ec1 m\u1eb7t k\u00ednh c\u0169ng r\u1ea5t d\u1ec5 v\u1ec7 sinh sau khi n\u1ea5u \u0103n xong.<\/li>\n<li>\u0110i\u1ec3m n\u1ed5i b\u1eadt nh\u1ea5t c\u1ee7a model b\u1ebfp t\u1eeb n\u00e0y ch\u00ednh l\u00e0 c\u00f3 th\u1ec3 k\u1ebft n\u1ed1i \u0111\u01b0\u1ee3c bluetooth, khi c\u00f3 vi\u1ec7c b\u1eadn b\u1ea1n c\u00f3 th\u1ec3 \u0111i\u1ec1u khi\u1ec3n \u0111\u01b0\u1ee3c b\u1ebfp t\u1eeb xa, b\u1ebfp v\u1eabn \u0111un n\u1ea5u \u0111\u01b0\u1ee3c nh\u01b0 b\u00ecnh th\u01b0\u1eddng. B\u1ebfp t\u1eeb PXX975KW1E \u0111\u00e3 \u0111\u1ea1t b\u01b0\u1edbc ph\u00e1t tri\u1ec3n m\u1edbi, mang \u0111\u1ebfn nhi\u1ec1u ti\u1ec7n \u00edch cho ng\u01b0\u1eddi ti\u00eau d\u00f9ng.<\/li>\n<\/ul>\n<h3>B\u00ea\u0301p t\u01b0\u0300\u00a0PXX975KW1E an toa\u0300n v\u01a1\u0301i mo\u0323i ng\u01b0\u01a1\u0300i<\/h3>\n<p><strong>B\u1ebfp t\u1eeb Bosch\u00a0PXX975KW1E<\/strong>\u00a0c\u00f3 ch\u1ebf \u0111\u1ed9 c\u1ea3nh b\u00e1o nhi\u1ec7t d\u01b0 , ch\u1ed1ng tr\u00e0n v\u00e0 kh\u00f3a tr\u1ebb em. M\u1ed9t m\u1eabu b\u1ebfp t\u1eeb t\u00edch h\u1ee3p \u0111\u01b0\u1ee3c r\u1ea5t nhi\u1ec1u nh\u1eefng t\u00ednh n\u0103ng hi\u1ec7n \u0111\u1ea1i. Kh\u00f4ng ch\u1ec9 n\u1ea5u n\u01b0\u1edbng nhanh m\u00e0 c\u00f2n b\u1ea3o \u0111\u1ea3m an to\u00e0n cho ng\u01b0\u1eddi s\u1eed d\u1ee5ng c\u0169ng nh\u01b0 tr\u1ebb em.<\/p>\n","protected":false},"excerpt":{"rendered":"<ul>\n<li class=\"red\">Mua online &#8211; Xem h\u00e0ng t\u01b0 v\u1ea5n t\u1ea1i nh\u00e0 &#8211; Mi\u1ec5n ph\u00ed 100%<\/li>\n<li class=\"red\">Th\u1eddi gian giao h\u00e0ng: 4 &#8211; 12 ti\u1ebfng, c\u1ea3 T7 v\u00e0 CN.<\/li>\n<li class=\"red\">Mi\u1ec5n ph\u00ed l\u1eafp \u0111\u1eb7t 100% &#8211; G\u00f3i b\u1ea3o d\u01b0\u1ee1ng b\u1ea3o tr\u00ec tr\u1ecdn \u0111\u1eddi.<\/li>\n<li>\u0110\u1ed5i s\u1ea3n ph\u1ea9m l\u1ed7i mi\u1ec5n ph\u00ed trong\u00a07 ng\u00e0y.<\/li>\n<\/ul>\n","protected":false},"featured_media":88,"comment_status":"closed","ping_status":"closed","template":"","meta":[],"product_cat":[47,48,61,54,55,56,63,64,65,53,51,52,58,59,57,60,62,49,50,23,30,17,37,18,20,27,29,28,21,24,39,25,32,26,31,33],"product_tag":[],"class_list":["post-82","product","type-product","status-publish","has-post-thumbnail","hentry","product_cat-bep-dien-tu-lien-lo","product_cat-bep-dien-bep-tu-domino","product_cat-chao-ran-chao-xao","product_cat-chau-rua-da-2-ho","product_cat-chau-rua-inox-1-ho","product_cat-chau-rua-inox-2-ho","product_cat-gia-bat-dia-tu-tren","product_cat-gia-bat-dia-xoong-noi-tu-duoi","product_cat-gia-gia-vi-dao-thot","product_cat-may-hut-mui-am-tu","product_cat-may-hut-mui-ap-tuong","product_cat-may-hut-mui-dao","product_cat-may-loc-nuoc-de-gam-khong-tu","product_cat-may-loc-nuoc-kiem-nong-lanh","product_cat-may-loc-nuoc-tu-dung","product_cat-noi-bo-noi-nau","product_cat-noi-ap-suat","product_cat-san-pham-khuyen-mai","product_cat-san-pham-moi","product_cat-noi-that-tu-bep","product_cat-phu-kien-tu-bep","product_cat-bep-dien-bep-tu","product_cat-bep-dien-tu-ket-hop","product_cat-bep-dien-hong-ngoai","product_cat-bep-tu","product_cat-may-hut-mui","product_cat-may-rua-chen-bat","product_cat-may-loc-nuoc","product_cat-voi-rua-chen-bat","product_cat-lo-nuong-lo-vi-song","product_cat-lo-nuong","product_cat-lo-vi-song","product_cat-chau-rua-chen-bat","product_cat-may-say-chen-bat","product_cat-dien-gia-dung","product_cat-dien-may"],"yoast_head":"<!-- This site is optimized with the Yoast SEO plugin v19.3 - https:\/\/yoast.com\/wordpress\/plugins\/seo\/ -->\n<title>B\u1ebfp t\u1eeb Bosch HMH.PXX975KW1E - \u00c1 Ch\u00e2u H\u1ea3i D\u01b0\u01a1ng<\/title>\n<meta name=\"robots\" content=\"noindex, follow, max-snippet:-1, max-image-preview:large, max-video-preview:-1\" \/>\n<meta property=\"og:locale\" content=\"vi_VN\" \/>\n<meta property=\"og:type\" content=\"article\" \/>\n<meta property=\"og:title\" content=\"B\u1ebfp t\u1eeb Bosch HMH.PXX975KW1E - \u00c1 Ch\u00e2u H\u1ea3i D\u01b0\u01a1ng\" \/>\n<meta property=\"og:description\" content=\"Mua online - Xem h\u00e0ng t\u01b0 v\u1ea5n t\u1ea1i nh\u00e0 - Mi\u1ec5n ph\u00ed 100%  Th\u1eddi gian giao h\u00e0ng: 4 - 12 ti\u1ebfng, c\u1ea3 T7 v\u00e0 CN.  Mi\u1ec5n ph\u00ed l\u1eafp \u0111\u1eb7t 100% - G\u00f3i b\u1ea3o d\u01b0\u1ee1ng b\u1ea3o tr\u00ec tr\u1ecdn \u0111\u1eddi.  \u0110\u1ed5i s\u1ea3n ph\u1ea9m l\u1ed7i mi\u1ec5n ph\u00ed trong\u00a07 ng\u00e0y.\" \/>\n<meta property=\"og:url\" content=\"http:\/\/mau.hoabinhweb.com\/giadung1\/san-pham\/bep-tu-bosch-hmh-pxx975kw1e\/\" \/>\n<meta property=\"og:site_name\" content=\"\u00c1 Ch\u00e2u H\u1ea3i D\u01b0\u01a1ng\" \/>\n<meta property=\"article:modified_time\" content=\"2022-07-18T08:44:11+00:00\" \/>\n<meta property=\"og:image\" content=\"http:\/\/mau.hoabinhweb.com\/giadung1\/wp-content\/uploads\/2022\/03\/sanpham13.jpg\" \/>\n\t<meta property=\"og:image:width\" content=\"554\" \/>\n\t<meta property=\"og:image:height\" content=\"554\" \/>\n\t<meta property=\"og:image:type\" content=\"image\/jpeg\" \/>\n<meta name=\"twitter:card\" content=\"summary_large_image\" \/>\n<meta name=\"twitter:label1\" content=\"\u01af\u1edbc t\u00ednh th\u1eddi gian \u0111\u1ecdc\" \/>\n\t<meta name=\"twitter:data1\" content=\"2 ph\u00fat\" \/>\n<script type=\"application\/ld+json\" class=\"yoast-schema-graph\">{\"@context\":\"https:\/\/schema.org\",\"@graph\":[{\"@type\":\"WebSite\",\"@id\":\"http:\/\/mau.hoabinhweb.com\/giadung1\/#website\",\"url\":\"http:\/\/mau.hoabinhweb.com\/giadung1\/\",\"name\":\"\u00c1 Ch\u00e2u H\u1ea3i D\u01b0\u01a1ng\",\"description\":\"\",\"potentialAction\":[{\"@type\":\"SearchAction\",\"target\":{\"@type\":\"EntryPoint\",\"urlTemplate\":\"http:\/\/mau.hoabinhweb.com\/giadung1\/?s={search_term_string}\"},\"query-input\":\"required name=search_term_string\"}],\"inLanguage\":\"vi\"},{\"@type\":\"ImageObject\",\"inLanguage\":\"vi\",\"@id\":\"http:\/\/mau.hoabinhweb.com\/giadung1\/san-pham\/bep-tu-bosch-hmh-pxx975kw1e\/#primaryimage\",\"url\":\"http:\/\/mau.hoabinhweb.com\/giadung1\/wp-content\/uploads\/2022\/03\/sanpham13.jpg\",\"contentUrl\":\"http:\/\/mau.hoabinhweb.com\/giadung1\/wp-content\/uploads\/2022\/03\/sanpham13.jpg\",\"width\":554,\"height\":554,\"caption\":\"Sanpham13\"},{\"@type\":\"WebPage\",\"@id\":\"http:\/\/mau.hoabinhweb.com\/giadung1\/san-pham\/bep-tu-bosch-hmh-pxx975kw1e\/\",\"url\":\"http:\/\/mau.hoabinhweb.com\/giadung1\/san-pham\/bep-tu-bosch-hmh-pxx975kw1e\/\",\"name\":\"B\u1ebfp t\u1eeb Bosch HMH.PXX975KW1E - \u00c1 Ch\u00e2u H\u1ea3i D\u01b0\u01a1ng\",\"isPartOf\":{\"@id\":\"http:\/\/mau.hoabinhweb.com\/giadung1\/#website\"},\"primaryImageOfPage\":{\"@id\":\"http:\/\/mau.hoabinhweb.com\/giadung1\/san-pham\/bep-tu-bosch-hmh-pxx975kw1e\/#primaryimage\"},\"datePublished\":\"2022-03-30T03:33:06+00:00\",\"dateModified\":\"2022-07-18T08:44:11+00:00\",\"breadcrumb\":{\"@id\":\"http:\/\/mau.hoabinhweb.com\/giadung1\/san-pham\/bep-tu-bosch-hmh-pxx975kw1e\/#breadcrumb\"},\"inLanguage\":\"vi\",\"potentialAction\":[{\"@type\":\"ReadAction\",\"target\":[\"http:\/\/mau.hoabinhweb.com\/giadung1\/san-pham\/bep-tu-bosch-hmh-pxx975kw1e\/\"]}]},{\"@type\":\"BreadcrumbList\",\"@id\":\"http:\/\/mau.hoabinhweb.com\/giadung1\/san-pham\/bep-tu-bosch-hmh-pxx975kw1e\/#breadcrumb\",\"itemListElement\":[{\"@type\":\"ListItem\",\"position\":1,\"name\":\"Trang ch\u1ee7\",\"item\":\"http:\/\/mau.hoabinhweb.com\/giadung1\/\"},{\"@type\":\"ListItem\",\"position\":2,\"name\":\"S\u1ea3n ph\u1ea9m\",\"item\":\"http:\/\/mau.hoabinhweb.com\/giadung1\/san-pham\/\"},{\"@type\":\"ListItem\",\"position\":3,\"name\":\"B\u1ebfp t\u1eeb Bosch HMH.PXX975KW1E\"}]}]}<\/script>\n<!-- \/ Yoast SEO plugin. -->","yoast_head_json":{"title":"B\u1ebfp t\u1eeb Bosch HMH.PXX975KW1E - \u00c1 Ch\u00e2u H\u1ea3i D\u01b0\u01a1ng","robots":{"index":"noindex","follow":"follow","max-snippet":"max-snippet:-1","max-image-preview":"max-image-preview:large","max-video-preview":"max-video-preview:-1"},"og_locale":"vi_VN","og_type":"article","og_title":"B\u1ebfp t\u1eeb Bosch HMH.PXX975KW1E - \u00c1 Ch\u00e2u H\u1ea3i D\u01b0\u01a1ng","og_description":"Mua online - Xem h\u00e0ng t\u01b0 v\u1ea5n t\u1ea1i nh\u00e0 - Mi\u1ec5n ph\u00ed 100%  Th\u1eddi gian giao h\u00e0ng: 4 - 12 ti\u1ebfng, c\u1ea3 T7 v\u00e0 CN.  Mi\u1ec5n ph\u00ed l\u1eafp \u0111\u1eb7t 100% - G\u00f3i b\u1ea3o d\u01b0\u1ee1ng b\u1ea3o tr\u00ec tr\u1ecdn \u0111\u1eddi.  \u0110\u1ed5i s\u1ea3n ph\u1ea9m l\u1ed7i mi\u1ec5n ph\u00ed trong\u00a07 ng\u00e0y.","og_url":"http:\/\/mau.hoabinhweb.com\/giadung1\/san-pham\/bep-tu-bosch-hmh-pxx975kw1e\/","og_site_name":"\u00c1 Ch\u00e2u H\u1ea3i D\u01b0\u01a1ng","article_modified_time":"2022-07-18T08:44:11+00:00","og_image":[{"width":554,"height":554,"url":"http:\/\/mau.hoabinhweb.com\/giadung1\/wp-content\/uploads\/2022\/03\/sanpham13.jpg","type":"image\/jpeg"}],"twitter_card":"summary_large_image","twitter_misc":{"\u01af\u1edbc t\u00ednh th\u1eddi gian \u0111\u1ecdc":"2 ph\u00fat"},"schema":{"@context":"https:\/\/schema.org","@graph":[{"@type":"WebSite","@id":"http:\/\/mau.hoabinhweb.com\/giadung1\/#website","url":"http:\/\/mau.hoabinhweb.com\/giadung1\/","name":"\u00c1 Ch\u00e2u H\u1ea3i D\u01b0\u01a1ng","description":"","potentialAction":[{"@type":"SearchAction","target":{"@type":"EntryPoint","urlTemplate":"http:\/\/mau.hoabinhweb.com\/giadung1\/?s={search_term_string}"},"query-input":"required name=search_term_string"}],"inLanguage":"vi"},{"@type":"ImageObject","inLanguage":"vi","@id":"http:\/\/mau.hoabinhweb.com\/giadung1\/san-pham\/bep-tu-bosch-hmh-pxx975kw1e\/#primaryimage","url":"http:\/\/mau.hoabinhweb.com\/giadung1\/wp-content\/uploads\/2022\/03\/sanpham13.jpg","contentUrl":"http:\/\/mau.hoabinhweb.com\/giadung1\/wp-content\/uploads\/2022\/03\/sanpham13.jpg","width":554,"height":554,"caption":"Sanpham13"},{"@type":"WebPage","@id":"http:\/\/mau.hoabinhweb.com\/giadung1\/san-pham\/bep-tu-bosch-hmh-pxx975kw1e\/","url":"http:\/\/mau.hoabinhweb.com\/giadung1\/san-pham\/bep-tu-bosch-hmh-pxx975kw1e\/","name":"B\u1ebfp t\u1eeb Bosch HMH.PXX975KW1E - \u00c1 Ch\u00e2u H\u1ea3i D\u01b0\u01a1ng","isPartOf":{"@id":"http:\/\/mau.hoabinhweb.com\/giadung1\/#website"},"primaryImageOfPage":{"@id":"http:\/\/mau.hoabinhweb.com\/giadung1\/san-pham\/bep-tu-bosch-hmh-pxx975kw1e\/#primaryimage"},"datePublished":"2022-03-30T03:33:06+00:00","dateModified":"2022-07-18T08:44:11+00:00","breadcrumb":{"@id":"http:\/\/mau.hoabinhweb.com\/giadung1\/san-pham\/bep-tu-bosch-hmh-pxx975kw1e\/#breadcrumb"},"inLanguage":"vi","potentialAction":[{"@type":"ReadAction","target":["http:\/\/mau.hoabinhweb.com\/giadung1\/san-pham\/bep-tu-bosch-hmh-pxx975kw1e\/"]}]},{"@type":"BreadcrumbList","@id":"http:\/\/mau.hoabinhweb.com\/giadung1\/san-pham\/bep-tu-bosch-hmh-pxx975kw1e\/#breadcrumb","itemListElement":[{"@type":"ListItem","position":1,"name":"Trang ch\u1ee7","item":"http:\/\/mau.hoabinhweb.com\/giadung1\/"},{"@type":"ListItem","position":2,"name":"S\u1ea3n ph\u1ea9m","item":"http:\/\/mau.hoabinhweb.com\/giadung1\/san-pham\/"},{"@type":"ListItem","position":3,"name":"B\u1ebfp t\u1eeb Bosch HMH.PXX975KW1E"}]}]}},"_links":{"self":[{"href":"http:\/\/mau.hoabinhweb.com\/giadung1\/wp-json\/wp\/v2\/product\/82","targetHints":{"allow":["GET"]}}],"collection":[{"href":"http:\/\/mau.hoabinhweb.com\/giadung1\/wp-json\/wp\/v2\/product"}],"about":[{"href":"http:\/\/mau.hoabinhweb.com\/giadung1\/wp-json\/wp\/v2\/types\/product"}],"replies":[{"embeddable":true,"href":"http:\/\/mau.hoabinhweb.com\/giadung1\/wp-json\/wp\/v2\/comments?post=82"}],"wp:featuredmedia":[{"embeddable":true,"href":"http:\/\/mau.hoabinhweb.com\/giadung1\/wp-json\/wp\/v2\/media\/88"}],"wp:attachment":[{"href":"http:\/\/mau.hoabinhweb.com\/giadung1\/wp-json\/wp\/v2\/media?parent=82"}],"wp:term":[{"taxonomy":"product_cat","embeddable":true,"href":"http:\/\/mau.hoabinhweb.com\/giadung1\/wp-json\/wp\/v2\/product_cat?post=82"},{"taxonomy":"product_tag","embeddable":true,"href":"http:\/\/mau.hoabinhweb.com\/giadung1\/wp-json\/wp\/v2\/product_tag?post=82"}],"curies":[{"name":"wp","href":"https:\/\/api.w.org\/{rel}","templated":true}]}}