{"id":70,"date":"2022-03-29T15:59:47","date_gmt":"2022-03-29T15:59:47","guid":{"rendered":"https:\/\/thietbibephatinh.vn\/?post_type=product&#038;p=70"},"modified":"2022-07-18T08:44:12","modified_gmt":"2022-07-18T08:44:12","slug":"bep-tu-bosch-hmh-pxe675dc1e","status":"publish","type":"product","link":"http:\/\/mau.hoabinhweb.com\/giadung1\/san-pham\/bep-tu-bosch-hmh-pxe675dc1e\/","title":{"rendered":"B\u1ebfp T\u1eeb Bosch HMH.PXE675DC1E"},"content":{"rendered":"<h2>B\u1ebfp T\u1eeb BOSCH HMH PXE675DC1E\u00a0|Serie 8 la\u0300 do\u0300ng b\u00ea\u0301p t\u01b0\u0300 cao c\u00e2\u0301p \u0111\u01b0\u01a1\u0323c ca\u0301c ba\u0300 n\u00f4\u0323i ch\u01a1\u0323 tin du\u0300ng hi\u00ea\u0323n nay, v\u01a1\u0301i nh\u01b0\u0303ng \u01b0u \u0111i\u00ea\u0309m v\u01b0\u01a1\u0323t tr\u00f4\u0323i ha\u0300ng \u0111\u00e2\u0300u trong do\u0300ng b\u00ea\u0301p t\u01b0\u0300 Bosch &#8211; th\u01b0\u01a1ng hi\u00ea\u0323u ha\u0300ng \u0111\u00e2\u0300u Ch\u00e2u \u00c2u.<\/h2>\n<h3>H\u1ec7 th\u1ed1ng \u0111i\u1ec1u khi\u1ec3n \u0111\u1eb7c bi\u1ec7t cu\u0309a b\u00ea\u0301p t\u01b0\u0300<\/h3>\n<p><strong>B\u1ebfp t\u1eeb Bosch\u00a0HMH PXE675DC1E\u00a0<\/strong>|Serie 8 \u00a0g\u1ed3m 17 c\u1ea5p \u0111\u1ed9 gia nhi\u1ec7t, m\u00e0n \u0111i\u1ec1u khi\u1ec3n hi\u1ec3n th\u1ecb \u0111\u00e8n led. C\u00e1c ph\u00edm ch\u1ee9c n\u0103ng nh\u01b0 ph\u00edm\u00a0\u00a0ngu\u1ed3n, h\u1eb9n gi\u1edd, kh\u00f3a an to\u00e0n,\u2026 hi\u1ec3n th\u1ecb r\u00f5 tr\u00ean m\u1eb7t b\u1ebfp, ti\u1ec7n d\u1ee5ng h\u01a1n khi ch\u1ecdn c\u00e1c t\u00ednh n\u0103ng n\u1ea5u n\u01b0\u1edbng hay \u0111i\u1ec1u ch\u1ec9nh m\u1ee9c nhi\u1ec7t. B\u1ebfp \u0111\u01b0\u1ee3c t\u00edch h\u1ee3p h\u1ec7 th\u1ed1ng \u0111i\u1ec1u khi\u1ec3n DirectSelect nhanh nh\u1ea1y, ti\u1ec7n d\u1ee5ng, s\u1eed d\u1ee5ng bo m\u1ea1ch c\u1ee7a EGO c\u00f3 \u0111\u1ed9 nh\u1ea1y cao. D\u1ea3i nhi\u1ec7t tr\u1ea3i d\u00e0i tr\u00ean m\u1eb7t b\u1ebfp, ch\u1ec9 c\u1ea7n b\u1ea5m tr\u1ef1c ti\u1ebfp v\u00e0o c\u1ea5p \u0111\u1ed9 nhi\u1ec7t mong mu\u1ed1n, c\u00f3 th\u1ec3 \u0111i\u1ec1u khi\u1ec3n c\u00e1ch s\u1ed1 m\u00e0 kh\u00f4ng c\u1ea7n theo th\u1ee9 t\u1ef1 t\u0103ng d\u1ea7n.<\/p>\n<p><img decoding=\"async\" title=\"bep-tu-bosch-hmh-pxe675dc1e\" src=\"https:\/\/bepvuson.vn\/Data\/upload\/images\/Product\/large_bep-tu-bosch-hmh-pxe675dc1e.jpg\" alt=\"bep-tu-bosch-hmh-pxe675dc1e\" \/><\/p>\n<h3>C\u00f4ng ngh\u1ec7 v\u00f9ng n\u1ea5u hi\u1ec7n \u0111\u1ea1i, Ch\u01b0\u0301c n\u0103ng n\u00e2\u0301u n\u01b0\u01a1\u0301ng hoa\u0300n ha\u0309o<\/h3>\n<p><strong>B\u1ebfp T\u1eeb BOSCH\u00a0HMH PXE675DC1E\u00a0<\/strong>|Serie 8 g\u1ed3m 4\u00a0v\u00f9ng n\u1ea5u t\u1eeb k\u00edch th\u01b0\u1edbc \u0111a d\u1ea1ng ph\u00f9 h\u1ee3p v\u1edbi nhi\u1ec1u k\u00edch c\u1ee1 n\u1ed3i. V\u00f9ng n\u1ea5u t\u1ef1 \u0111\u1ed9ng nh\u1eadn d\u1ea1ng n\u1ed3i ch\u1ea3o, t\u1ef1 \u0111\u1ed9ng nh\u1eadn d\u1ea1ng tr\u00ean m\u1eb7t r\u00e1n, l\u01b0\u1ee3ng nhi\u1ec7t ch\u1ec9 t\u1eadp trung t\u1ea1i v\u00f9ng n\u1ea5u, t\u0103ng hi\u1ec7u su\u1ea5t l\u00e0m vi\u1ec7c, ti\u1ebft ki\u1ec7m t\u1ed1i \u0111a \u0111i\u1ec7n n\u0103ng.<\/p>\n<p><img decoding=\"async\" title=\"bep-tu-bosch-hmh-pxe675dc1e-01\" src=\"https:\/\/bepvuson.vn\/Data\/upload\/images\/b%C3%AA%CC%81p%20t%C6%B0%CC%80%20Hafele\/index-banner-under-slider-image-2.jpg\" alt=\"bep-tu-bosch-hmh-pxe675dc1e-01\" \/><\/p>\n<ul>\n<li>4 v\u00f9ng n\u1ea5u \u0111i\u1ec7n t\u1eeb:2 v\u00f9ng b\u00ean tr\u00e1i c\u00f3 th\u1ec3 k\u1ebft h\u1ee3p \u0111\u01b0\u1ee3c (max. Power 3,7kw); v\u00f9ng ph\u1ea3i tr\u00ean \u00d8 145 mm, 1.4 KW (max. Power levels 2.2 KW); v\u00f9ng ph\u1ea3i d\u01b0\u1edbi \u00d8 210 mm, 2.2 KW (max. Power levels 3.7 KW)<\/li>\n<li>Bosch PXE675DC1E c\u00f3 c\u1ea3m bi\u1ebfn chi\u00ean x\u00e0o v\u1edbi 5 c\u1ea5p \u0111\u1ed9<\/li>\n<li>\u00a0Ch\u01b0\u0301c\u00a0n\u0103ng h\u1eb9n gi\u1edd kh\u1edfi \u0111\u1ed9ng<\/li>\n<\/ul>\n<p>Vi\u1ec7c n\u1ea5u n\u01b0\u1edbng c\u0169ng \u0111\u01a1n gi\u1ea3n, nhanh g\u1ecdn h\u01a1n r\u1ea5t nhi\u1ec1u khi b\u1ea1n ch\u1ecdn ch\u1ebf \u0111\u1ed9 h\u1eb9n gi\u1edd. T\u00f9y t\u1eebng m\u00f3n \u0103n, b\u1ea1n ch\u1ec9 c\u1ea7n \u01b0\u1edbc l\u01b0\u1ee3ng th\u1eddi gian v\u00e0 h\u1eb9n gi\u1edd n\u1ea5u th\u00edch h\u1ee3p, b\u1ebfp s\u1ebd ho\u1ea1t \u0111\u1ed9ng l\u00e0m ch\u00edn th\u1ee9c \u0103n v\u00e0 t\u1ef1 t\u1eaft khi h\u1ebft th\u1eddi gian h\u1eb9n. B\u1ea1n c\u00f3 th\u1ec3 t\u1eadn d\u1ee5ng kho\u1ea3ng th\u1eddi gian n\u00e0y l\u00e0m nhi\u1ec1u vi\u1ec7c kh\u00e1c.<\/p>\n<ul>\n<li>Ch\u01b0\u0301c n\u0103ng t\u1ef1 \u0111\u1ed9ng ghi nh\u1edb ch\u01b0\u01a1ng tr\u00ecnh ch\u1ea1y khi kh\u1edfi \u0111\u1ed9ng l\u1ea1i<\/li>\n<li>B\u1ebfp Bosch PXE675DC1E c\u00f3 ch\u1ed1ng tr\u00e0o kh\u00f3a \u0111i\u1ec1u khi\u1ec3n t\u1ea1m th\u1eddi<\/li>\n<li>Ch\u1ee9c n\u0103ng ti\u1ebft ki\u1ec7m n\u0103ng l\u01b0\u1ee3ng (My consumption Function)<\/li>\n<li>Ch\u1ebf \u0111\u1ed9 gi\u1eef \u00e2m c\u1ee7a PXE675DC1E: b\u1ebfp gi\u1eef \u1edf nhi\u1ec7t \u0111\u1ed9 nh\u1ea5t \u0111\u1ecbnh t\u1eeb 60 C- 100C<\/li>\n<li>\u00a0B\u1ebfp t\u1eeb PXE675DC1E v\u1edbi t\u00ednh n\u0103ng t\u1ef1 nh\u1eadn di\u1ec7n n\u1ed3i<\/li>\n<li>Kh\u00f3a tr\u1ebb em,Ch\u1ee9c n\u0103ng t\u1ef1 \u0111\u1ed9ng t\u1eaft<\/li>\n<\/ul>\n","protected":false},"excerpt":{"rendered":"<ul>\n<li class=\"red\">Mua online &#8211; Xem h\u00e0ng t\u01b0 v\u1ea5n t\u1ea1i nh\u00e0 &#8211; Mi\u1ec5n ph\u00ed 100%<\/li>\n<li class=\"red\">Th\u1eddi gian giao h\u00e0ng: 4 &#8211; 12 ti\u1ebfng, c\u1ea3 T7 v\u00e0 CN.<\/li>\n<li class=\"red\">Mi\u1ec5n ph\u00ed l\u1eafp \u0111\u1eb7t 100% &#8211; G\u00f3i b\u1ea3o d\u01b0\u1ee1ng b\u1ea3o tr\u00ec tr\u1ecdn \u0111\u1eddi.<\/li>\n<li>\u0110\u1ed5i s\u1ea3n ph\u1ea9m l\u1ed7i mi\u1ec5n ph\u00ed trong\u00a07 ng\u00e0y.<\/li>\n<\/ul>\n","protected":false},"featured_media":79,"comment_status":"closed","ping_status":"closed","template":"","meta":[],"product_cat":[47,48,61,54,55,56,63,64,65,53,51,52,58,59,57,60,62,49,50,23,30,17,37,18,20,27,29,28,21,24,39,25,32,26,31,33],"product_tag":[],"class_list":["post-70","product","type-product","status-publish","has-post-thumbnail","hentry","product_cat-bep-dien-tu-lien-lo","product_cat-bep-dien-bep-tu-domino","product_cat-chao-ran-chao-xao","product_cat-chau-rua-da-2-ho","product_cat-chau-rua-inox-1-ho","product_cat-chau-rua-inox-2-ho","product_cat-gia-bat-dia-tu-tren","product_cat-gia-bat-dia-xoong-noi-tu-duoi","product_cat-gia-gia-vi-dao-thot","product_cat-may-hut-mui-am-tu","product_cat-may-hut-mui-ap-tuong","product_cat-may-hut-mui-dao","product_cat-may-loc-nuoc-de-gam-khong-tu","product_cat-may-loc-nuoc-kiem-nong-lanh","product_cat-may-loc-nuoc-tu-dung","product_cat-noi-bo-noi-nau","product_cat-noi-ap-suat","product_cat-san-pham-khuyen-mai","product_cat-san-pham-moi","product_cat-noi-that-tu-bep","product_cat-phu-kien-tu-bep","product_cat-bep-dien-bep-tu","product_cat-bep-dien-tu-ket-hop","product_cat-bep-dien-hong-ngoai","product_cat-bep-tu","product_cat-may-hut-mui","product_cat-may-rua-chen-bat","product_cat-may-loc-nuoc","product_cat-voi-rua-chen-bat","product_cat-lo-nuong-lo-vi-song","product_cat-lo-nuong","product_cat-lo-vi-song","product_cat-chau-rua-chen-bat","product_cat-may-say-chen-bat","product_cat-dien-gia-dung","product_cat-dien-may"],"yoast_head":"<!-- This site is optimized with the Yoast SEO plugin v19.3 - https:\/\/yoast.com\/wordpress\/plugins\/seo\/ -->\n<title>B\u1ebfp T\u1eeb Bosch HMH.PXE675DC1E - \u00c1 Ch\u00e2u H\u1ea3i D\u01b0\u01a1ng<\/title>\n<meta name=\"robots\" content=\"noindex, follow, max-snippet:-1, max-image-preview:large, max-video-preview:-1\" \/>\n<meta property=\"og:locale\" content=\"vi_VN\" \/>\n<meta property=\"og:type\" content=\"article\" \/>\n<meta property=\"og:title\" content=\"B\u1ebfp T\u1eeb Bosch HMH.PXE675DC1E - \u00c1 Ch\u00e2u H\u1ea3i D\u01b0\u01a1ng\" \/>\n<meta property=\"og:description\" content=\"Mua online - Xem h\u00e0ng t\u01b0 v\u1ea5n t\u1ea1i nh\u00e0 - Mi\u1ec5n ph\u00ed 100%  Th\u1eddi gian giao h\u00e0ng: 4 - 12 ti\u1ebfng, c\u1ea3 T7 v\u00e0 CN.  Mi\u1ec5n ph\u00ed l\u1eafp \u0111\u1eb7t 100% - G\u00f3i b\u1ea3o d\u01b0\u1ee1ng b\u1ea3o tr\u00ec tr\u1ecdn \u0111\u1eddi.  \u0110\u1ed5i s\u1ea3n ph\u1ea9m l\u1ed7i mi\u1ec5n ph\u00ed trong\u00a07 ng\u00e0y.\" \/>\n<meta property=\"og:url\" content=\"http:\/\/mau.hoabinhweb.com\/giadung1\/san-pham\/bep-tu-bosch-hmh-pxe675dc1e\/\" \/>\n<meta property=\"og:site_name\" content=\"\u00c1 Ch\u00e2u H\u1ea3i D\u01b0\u01a1ng\" \/>\n<meta property=\"article:modified_time\" content=\"2022-07-18T08:44:12+00:00\" \/>\n<meta property=\"og:image\" content=\"http:\/\/mau.hoabinhweb.com\/giadung1\/wp-content\/uploads\/2022\/03\/sanpham10.jpg\" \/>\n\t<meta property=\"og:image:width\" content=\"554\" \/>\n\t<meta property=\"og:image:height\" content=\"554\" \/>\n\t<meta property=\"og:image:type\" content=\"image\/jpeg\" \/>\n<meta name=\"twitter:card\" content=\"summary_large_image\" \/>\n<meta name=\"twitter:label1\" content=\"\u01af\u1edbc t\u00ednh th\u1eddi gian \u0111\u1ecdc\" \/>\n\t<meta name=\"twitter:data1\" content=\"3 ph\u00fat\" \/>\n<script type=\"application\/ld+json\" class=\"yoast-schema-graph\">{\"@context\":\"https:\/\/schema.org\",\"@graph\":[{\"@type\":\"WebSite\",\"@id\":\"http:\/\/mau.hoabinhweb.com\/giadung1\/#website\",\"url\":\"http:\/\/mau.hoabinhweb.com\/giadung1\/\",\"name\":\"\u00c1 Ch\u00e2u H\u1ea3i D\u01b0\u01a1ng\",\"description\":\"\",\"potentialAction\":[{\"@type\":\"SearchAction\",\"target\":{\"@type\":\"EntryPoint\",\"urlTemplate\":\"http:\/\/mau.hoabinhweb.com\/giadung1\/?s={search_term_string}\"},\"query-input\":\"required name=search_term_string\"}],\"inLanguage\":\"vi\"},{\"@type\":\"ImageObject\",\"inLanguage\":\"vi\",\"@id\":\"http:\/\/mau.hoabinhweb.com\/giadung1\/san-pham\/bep-tu-bosch-hmh-pxe675dc1e\/#primaryimage\",\"url\":\"http:\/\/mau.hoabinhweb.com\/giadung1\/wp-content\/uploads\/2022\/03\/sanpham10.jpg\",\"contentUrl\":\"http:\/\/mau.hoabinhweb.com\/giadung1\/wp-content\/uploads\/2022\/03\/sanpham10.jpg\",\"width\":554,\"height\":554,\"caption\":\"Sanpham10\"},{\"@type\":\"WebPage\",\"@id\":\"http:\/\/mau.hoabinhweb.com\/giadung1\/san-pham\/bep-tu-bosch-hmh-pxe675dc1e\/\",\"url\":\"http:\/\/mau.hoabinhweb.com\/giadung1\/san-pham\/bep-tu-bosch-hmh-pxe675dc1e\/\",\"name\":\"B\u1ebfp T\u1eeb Bosch HMH.PXE675DC1E - \u00c1 Ch\u00e2u H\u1ea3i D\u01b0\u01a1ng\",\"isPartOf\":{\"@id\":\"http:\/\/mau.hoabinhweb.com\/giadung1\/#website\"},\"primaryImageOfPage\":{\"@id\":\"http:\/\/mau.hoabinhweb.com\/giadung1\/san-pham\/bep-tu-bosch-hmh-pxe675dc1e\/#primaryimage\"},\"datePublished\":\"2022-03-29T15:59:47+00:00\",\"dateModified\":\"2022-07-18T08:44:12+00:00\",\"breadcrumb\":{\"@id\":\"http:\/\/mau.hoabinhweb.com\/giadung1\/san-pham\/bep-tu-bosch-hmh-pxe675dc1e\/#breadcrumb\"},\"inLanguage\":\"vi\",\"potentialAction\":[{\"@type\":\"ReadAction\",\"target\":[\"http:\/\/mau.hoabinhweb.com\/giadung1\/san-pham\/bep-tu-bosch-hmh-pxe675dc1e\/\"]}]},{\"@type\":\"BreadcrumbList\",\"@id\":\"http:\/\/mau.hoabinhweb.com\/giadung1\/san-pham\/bep-tu-bosch-hmh-pxe675dc1e\/#breadcrumb\",\"itemListElement\":[{\"@type\":\"ListItem\",\"position\":1,\"name\":\"Trang ch\u1ee7\",\"item\":\"http:\/\/mau.hoabinhweb.com\/giadung1\/\"},{\"@type\":\"ListItem\",\"position\":2,\"name\":\"S\u1ea3n ph\u1ea9m\",\"item\":\"http:\/\/mau.hoabinhweb.com\/giadung1\/san-pham\/\"},{\"@type\":\"ListItem\",\"position\":3,\"name\":\"B\u1ebfp T\u1eeb Bosch HMH.PXE675DC1E\"}]}]}<\/script>\n<!-- \/ Yoast SEO plugin. -->","yoast_head_json":{"title":"B\u1ebfp T\u1eeb Bosch HMH.PXE675DC1E - \u00c1 Ch\u00e2u H\u1ea3i D\u01b0\u01a1ng","robots":{"index":"noindex","follow":"follow","max-snippet":"max-snippet:-1","max-image-preview":"max-image-preview:large","max-video-preview":"max-video-preview:-1"},"og_locale":"vi_VN","og_type":"article","og_title":"B\u1ebfp T\u1eeb Bosch HMH.PXE675DC1E - \u00c1 Ch\u00e2u H\u1ea3i D\u01b0\u01a1ng","og_description":"Mua online - Xem h\u00e0ng t\u01b0 v\u1ea5n t\u1ea1i nh\u00e0 - Mi\u1ec5n ph\u00ed 100%  Th\u1eddi gian giao h\u00e0ng: 4 - 12 ti\u1ebfng, c\u1ea3 T7 v\u00e0 CN.  Mi\u1ec5n ph\u00ed l\u1eafp \u0111\u1eb7t 100% - G\u00f3i b\u1ea3o d\u01b0\u1ee1ng b\u1ea3o tr\u00ec tr\u1ecdn \u0111\u1eddi.  \u0110\u1ed5i s\u1ea3n ph\u1ea9m l\u1ed7i mi\u1ec5n ph\u00ed trong\u00a07 ng\u00e0y.","og_url":"http:\/\/mau.hoabinhweb.com\/giadung1\/san-pham\/bep-tu-bosch-hmh-pxe675dc1e\/","og_site_name":"\u00c1 Ch\u00e2u H\u1ea3i D\u01b0\u01a1ng","article_modified_time":"2022-07-18T08:44:12+00:00","og_image":[{"width":554,"height":554,"url":"http:\/\/mau.hoabinhweb.com\/giadung1\/wp-content\/uploads\/2022\/03\/sanpham10.jpg","type":"image\/jpeg"}],"twitter_card":"summary_large_image","twitter_misc":{"\u01af\u1edbc t\u00ednh th\u1eddi gian \u0111\u1ecdc":"3 ph\u00fat"},"schema":{"@context":"https:\/\/schema.org","@graph":[{"@type":"WebSite","@id":"http:\/\/mau.hoabinhweb.com\/giadung1\/#website","url":"http:\/\/mau.hoabinhweb.com\/giadung1\/","name":"\u00c1 Ch\u00e2u H\u1ea3i D\u01b0\u01a1ng","description":"","potentialAction":[{"@type":"SearchAction","target":{"@type":"EntryPoint","urlTemplate":"http:\/\/mau.hoabinhweb.com\/giadung1\/?s={search_term_string}"},"query-input":"required name=search_term_string"}],"inLanguage":"vi"},{"@type":"ImageObject","inLanguage":"vi","@id":"http:\/\/mau.hoabinhweb.com\/giadung1\/san-pham\/bep-tu-bosch-hmh-pxe675dc1e\/#primaryimage","url":"http:\/\/mau.hoabinhweb.com\/giadung1\/wp-content\/uploads\/2022\/03\/sanpham10.jpg","contentUrl":"http:\/\/mau.hoabinhweb.com\/giadung1\/wp-content\/uploads\/2022\/03\/sanpham10.jpg","width":554,"height":554,"caption":"Sanpham10"},{"@type":"WebPage","@id":"http:\/\/mau.hoabinhweb.com\/giadung1\/san-pham\/bep-tu-bosch-hmh-pxe675dc1e\/","url":"http:\/\/mau.hoabinhweb.com\/giadung1\/san-pham\/bep-tu-bosch-hmh-pxe675dc1e\/","name":"B\u1ebfp T\u1eeb Bosch HMH.PXE675DC1E - \u00c1 Ch\u00e2u H\u1ea3i D\u01b0\u01a1ng","isPartOf":{"@id":"http:\/\/mau.hoabinhweb.com\/giadung1\/#website"},"primaryImageOfPage":{"@id":"http:\/\/mau.hoabinhweb.com\/giadung1\/san-pham\/bep-tu-bosch-hmh-pxe675dc1e\/#primaryimage"},"datePublished":"2022-03-29T15:59:47+00:00","dateModified":"2022-07-18T08:44:12+00:00","breadcrumb":{"@id":"http:\/\/mau.hoabinhweb.com\/giadung1\/san-pham\/bep-tu-bosch-hmh-pxe675dc1e\/#breadcrumb"},"inLanguage":"vi","potentialAction":[{"@type":"ReadAction","target":["http:\/\/mau.hoabinhweb.com\/giadung1\/san-pham\/bep-tu-bosch-hmh-pxe675dc1e\/"]}]},{"@type":"BreadcrumbList","@id":"http:\/\/mau.hoabinhweb.com\/giadung1\/san-pham\/bep-tu-bosch-hmh-pxe675dc1e\/#breadcrumb","itemListElement":[{"@type":"ListItem","position":1,"name":"Trang ch\u1ee7","item":"http:\/\/mau.hoabinhweb.com\/giadung1\/"},{"@type":"ListItem","position":2,"name":"S\u1ea3n ph\u1ea9m","item":"http:\/\/mau.hoabinhweb.com\/giadung1\/san-pham\/"},{"@type":"ListItem","position":3,"name":"B\u1ebfp T\u1eeb Bosch HMH.PXE675DC1E"}]}]}},"_links":{"self":[{"href":"http:\/\/mau.hoabinhweb.com\/giadung1\/wp-json\/wp\/v2\/product\/70","targetHints":{"allow":["GET"]}}],"collection":[{"href":"http:\/\/mau.hoabinhweb.com\/giadung1\/wp-json\/wp\/v2\/product"}],"about":[{"href":"http:\/\/mau.hoabinhweb.com\/giadung1\/wp-json\/wp\/v2\/types\/product"}],"replies":[{"embeddable":true,"href":"http:\/\/mau.hoabinhweb.com\/giadung1\/wp-json\/wp\/v2\/comments?post=70"}],"wp:featuredmedia":[{"embeddable":true,"href":"http:\/\/mau.hoabinhweb.com\/giadung1\/wp-json\/wp\/v2\/media\/79"}],"wp:attachment":[{"href":"http:\/\/mau.hoabinhweb.com\/giadung1\/wp-json\/wp\/v2\/media?parent=70"}],"wp:term":[{"taxonomy":"product_cat","embeddable":true,"href":"http:\/\/mau.hoabinhweb.com\/giadung1\/wp-json\/wp\/v2\/product_cat?post=70"},{"taxonomy":"product_tag","embeddable":true,"href":"http:\/\/mau.hoabinhweb.com\/giadung1\/wp-json\/wp\/v2\/product_tag?post=70"}],"curies":[{"name":"wp","href":"https:\/\/api.w.org\/{rel}","templated":true}]}}