{"id":69,"date":"2022-03-29T15:59:46","date_gmt":"2022-03-29T15:59:46","guid":{"rendered":"https:\/\/thietbibephatinh.vn\/?post_type=product&#038;p=69"},"modified":"2022-07-18T08:44:13","modified_gmt":"2022-07-18T08:44:13","slug":"bep-tu-bosch-hmh-pvj631fb1e","status":"publish","type":"product","link":"http:\/\/mau.hoabinhweb.com\/giadung1\/san-pham\/bep-tu-bosch-hmh-pvj631fb1e\/","title":{"rendered":"B\u1ebfp T\u1eeb Bosch HMH.PVJ631FB1E"},"content":{"rendered":"<h2>B\u1ebfp T\u1eeb BOSCH HMH PVJ631FB1E\u00a0cu\u0303ng gi\u00f4\u0301ng nh\u01b0 ca\u0301c do\u0300ng sa\u0309n ph\u00e2\u0309m Bosch HMH \u0111\u01b0\u01a1\u0323c \u01b0u chu\u00f4\u0323ng tr\u00ean thi\u0323 tr\u01b0\u01a1\u0300ng b\u01a1\u0309i ca\u0301c ti\u0301nh n\u0103ng \u01b0u vi\u00ea\u0323t. Ti\u0301ch h\u01a1\u0323p c\u00f4ng ngh\u00ea\u0323 hi\u00ea\u0323n \u0111a\u0323i va\u0300 nh\u01b0\u0303ng linh ki\u00ea\u0323n hoa\u0300n ha\u0309o nh\u00e2\u0301t\u00a0nh\u00e2\u0301t b\u00ea\u0301p la\u0300 l\u01b0\u0323a cho\u0323n th\u00f4ng minh cu\u0309a ca\u0301c gia \u0111i\u0300nh.<\/h2>\n<h3>B\u1ebfp T\u1eeb\u00a0HMH PVJ631FB1E 3 v\u00f9ng n\u1ea5u t\u1ef1 \u0111\u1ed9ng nh\u1eadn di\u1ec7n \u0111\u00e1y n\u1ed3i<\/h3>\n<p><strong>B\u1ebfp t\u1eeb Bosch\u00a0<\/strong>HMH PVJ631FB1E thi\u1ebft k\u1ebf 3 v\u00f9ng c\u1ea3m \u1ee9ng v\u1edbi ch\u1ee9c n\u0103ng Sprint cho m\u1ed7i v\u00f9ng \u00a0ki\u0301ch th\u01b0\u01a1\u0301c 916 x 527 mm g\u1ed3m 3 v\u00f9ng n\u1ea5u t\u1eeb k\u00edch th\u01b0\u1edbc \u0111a d\u1ea1ng ph\u00f9 h\u1ee3p v\u1edbi nhi\u1ec1u k\u00edch c\u1ee1 n\u1ed3i.<\/p>\n<p>V\u00f9ng n\u1ea5u t\u1ef1 \u0111\u1ed9ng nh\u1eadn d\u1ea1ng n\u1ed3i ch\u1ea3o, t\u1ef1 \u0111\u1ed9ng nh\u1eadn d\u1ea1ng tr\u00ean m\u1eb7t r\u00e1n, l\u01b0\u1ee3ng nhi\u1ec7t ch\u1ec9 t\u1eadp trung t\u1ea1i v\u00f9ng n\u1ea5u, t\u0103ng hi\u1ec7u su\u1ea5t l\u00e0m vi\u1ec7c, ti\u1ebft ki\u1ec7m t\u1ed1i \u0111a \u0111i\u1ec7n n\u0103ng.<\/p>\n<ul>\n<li>1 khu v\u1ef1c kh\u1ed5ng l\u1ed3 28 cm<\/li>\n<li>1 khu combiIduction 18 x 38 cm<\/li>\n<\/ul>\n<p><img decoding=\"async\" title=\"bep-tu-bosch-hmh-pvj631fb1e\" src=\"https:\/\/bepvuson.vn\/Data\/upload\/images\/Product\/large_bep-tu-bosch-hmh-pvj631fb1e.jpg\" alt=\"bep-tu-bosch-hmh-pvj631fb1e\" \/><\/p>\n<p>B\u1ebfp s\u1eed d\u1ee5ng m\u1eb7t k\u00ednh Schott Ceran cao c\u1ea5p c\u1ee7a \u0110\u1ee9c, chuy\u00ean d\u1ee5ng cho b\u1ebfp t\u1eeb, \u0111\u01b0\u1ee3c l\u00e0m t\u1eeb g\u1ed1m s\u1ee9 th\u1ee7y tinh \u0111\u1eb7c bi\u1ec7t, r\u1ea5t c\u1ee9ng, b\u1ec1n, c\u00f3 kh\u1ea3 n\u0103ng ch\u1ecbu nhi\u1ec7t, ch\u1ecbu l\u1ef1c, t\u1ea3n nhi\u1ec7t t\u1ed1t, ch\u1ed1ng va \u0111\u1eadp, ch\u1ed1ng tr\u1ea7y x\u01b0\u1edbc.<\/p>\n<p>N\u00f3 c\u00f3 kh\u1ea3 n\u0103ng ch\u1ecbu nhi\u1ec7t l\u00ean \u0111\u1ebfn 1000oC v\u00e0 s\u1ed1c nhi\u1ec7t t\u1edbi 800oC. M\u1eb7t k\u00ednh g\u1ed3m c\u00e1c th\u1ea5u k\u00ednh h\u1ed9i t\u1ee5, truy\u1ec1n nhi\u1ec7t t\u1eeb b\u1ebfp l\u00ean \u0111\u00e1y n\u1ed3i theo ph\u01b0\u01a1ng th\u1eb3ng \u0111\u1ee9ng, kh\u00f4ng th\u1ea5t tho\u00e1t nhi\u1ec7t ra m\u00f4i tr\u01b0\u1eddng, ti\u1ebft ki\u1ec7m \u0111i\u1ec7n n\u0103ng<\/p>\n<h3>T\u00cdNH N\u0102NG C\u1ee6A\u00a0B\u1ebeP T\u1eea\u00a0HMH PVJ631FB1E<\/h3>\n<p>Kh\u00f4ng ch\u1ec9 c\u00f3 thi\u1ebft k\u1ebf th\u00f4ng minh,b\u1ebfp t\u1eeb Bosch\u00a0HMH PVJ631FB1E c\u00f2n s\u1edf h\u1eefu nh\u1eefng c\u00f4ng ngh\u1ec7, t\u00ednh n\u0103ng hi\u1ec7n \u0111\u1ea1i mang \u0111\u1ebfn m\u1ed9t s\u1ea3n ph\u1ea9m th\u00f4ng minh h\u1ed7 tr\u1ee3 \u0111\u1eafc l\u1ef1c cho ng\u01b0\u1eddi n\u1ed9i tr\u1ee3 trong qu\u00e1 tr\u00ecnh n\u1ea5u n\u01b0\u1edbng.<\/p>\n<p><img decoding=\"async\" title=\"bep-tu-bosch-hmh-pvj631fb1e-01\" src=\"https:\/\/bepvuson.vn\/Data\/upload\/files\/MCSA00893236_527722_5_CMG633BS1_def(72).jpg\" alt=\"bep-tu-bosch-hmh-pvj631fb1e-01\" \/><\/p>\n<p>B\u1ebfp T\u1eeb BOSCH HMH PVJ631FB1E g\u1ed3m 17 c\u1ea5p \u0111\u1ed9 nhi\u1ec7t n\u1ea5u v\u00e0 ch\u1ee9c n\u0103ng Sprin cho t\u1eebng v\u00f9ng\u00a0v\u00e0 \u0111\u01b0\u1ee3c c\u00e0i \u0111\u1eb7t s\u1eb5n, hi\u1ec3n th\u1ecb ngay tr\u00ean b\u1ea3ng \u0111i\u1ec1u khi\u1ec3n. C\u00e1c ph\u00edm ch\u1ee9c n\u0103ng nh\u01b0 ph\u00edm\u00a0\u00a0ngu\u1ed3n, h\u1eb9n gi\u1edd, kh\u00f3a an to\u00e0n,\u2026 hi\u1ec3n th\u1ecb r\u00f5 tr\u00ean m\u1eb7t b\u1ebfp, ti\u1ec7n d\u1ee5ng h\u01a1n khi ch\u1ecdn c\u00e1c t\u00ednh n\u0103ng n\u1ea5u n\u01b0\u1edbng hay \u0111i\u1ec1u ch\u1ec9nh m\u1ee9c nhi\u1ec7t.<\/p>\n<p>B\u1ebfp \u0111\u01b0\u1ee3c t\u00edch h\u1ee3p h\u1ec7 th\u1ed1ng \u0111i\u1ec1u khi\u1ec3n DirectSelect nhanh nh\u1ea1y, ti\u1ec7n d\u1ee5ng, s\u1eed d\u1ee5ng bo m\u1ea1ch c\u1ee7a EGO c\u00f3 \u0111\u1ed9 nh\u1ea1y cao. D\u1ea3i nhi\u1ec7t tr\u1ea3i d\u00e0i tr\u00ean m\u1eb7t b\u1ebfp, ch\u1ec9 c\u1ea7n b\u1ea5m tr\u1ef1c ti\u1ebfp v\u00e0o c\u1ea5p \u0111\u1ed9 nhi\u1ec7t mong mu\u1ed1n, c\u00f3 th\u1ec3 \u0111i\u1ec1u khi\u1ec3n c\u00e1ch s\u1ed1 m\u00e0 kh\u00f4ng c\u1ea7n theo th\u1ee9 t\u1ef1 t\u0103ng d\u1ea7n.<\/p>\n<p><strong>Gi\u00e1 S\u1ed1c t\u1eadn g\u1ed1c cho m\u1ecdi kh\u00e1ch h\u00e0ng l\u00ean t\u1edbi 40% t\u1ea1i\u00a0B\u1ebfp t\u1eeb bosch\u00a0c\u1ee7a b\u1ebfp v\u0169 s\u01a1n ngay<\/strong><\/p>\n<p>Vi\u1ec7c n\u1ea5u n\u01b0\u1edbng c\u0169ng \u0111\u01a1n gi\u1ea3n, nhanh g\u1ecdn h\u01a1n r\u1ea5t nhi\u1ec1u khi b\u1ea1n ch\u1ecdn ch\u1ebf \u0111\u1ed9 h\u1eb9n gi\u1edd. T\u00f9y t\u1eebng m\u00f3n \u0103n, b\u1ea1n ch\u1ec9 c\u1ea7n \u01b0\u1edbc l\u01b0\u1ee3ng th\u1eddi gian v\u00e0 h\u1eb9n gi\u1edd n\u1ea5u th\u00edch h\u1ee3p, b\u1ebfp s\u1ebd ho\u1ea1t \u0111\u1ed9ng l\u00e0m ch\u00edn th\u1ee9c \u0103n v\u00e0 t\u1ef1 t\u1eaft khi h\u1ebft th\u1eddi gian<\/p>\n<p>S\u1eed d\u1ee5ng\u00a0B\u1ebfp T\u1eeb BOSCH\u00a0HMH PVJ631FB1E s\u1ebd gi\u00fap b\u1ea1n ti\u1ebft ki\u1ec7m t\u1ed1i \u0111a th\u1eddi gian \u0111un n\u1ea5u b\u1edfi b\u1ebfp c\u00f3 c\u00f4ng su\u1ea5t n\u1ea5u n\u01b0\u1edbng cao. T\u00f4\u0309ng c\u00f4ng su\u00e2\u0301t C\u00f4ng su\u1ea5t c\u1ef1c \u0111\u1ea1i c\u1ee7a k\u1ebft n\u1ed1i \u0111i\u1ec7n\u00a0\u00a0la\u0300\u00a07.400 W, ch\u1ee9c n\u0103ng PowerBoost t\u0103ng nhi\u1ec7t l\u01b0\u1ee3ng cho c\u00e1c v\u00f9ng n\u1ea5u, n\u1ea5u si\u00eau nhanh, gi\u00fap r\u00fat ng\u1eafn th\u1eddi gian n\u1ea5u n\u01b0\u1edbng. Ch\u01b0\u01a1ng tr\u00ecnh \u0111\u1ed9c l\u1eadp ch\u1ee9c n\u0103ng t\u1eebng b\u1ebfp v\u1edbi 17 m\u1ee9c c\u00f4ng su\u1ea5t n\u1ea5u linh ho\u1ea1t, ph\u00f9 h\u1ee3p v\u1edbi m\u1ee9c nhi\u1ec7t c\u1ee7a nhi\u1ec1u m\u00f3n kh\u00e1c nhau<\/p>\n<p><img decoding=\"async\" title=\"bep-tu-bosch-hmh-pvj631fb1e-02\" src=\"https:\/\/bepvuson.vn\/Data\/upload\/images\/b%C3%AA%CC%81p%20t%C6%B0%CC%80%20Hafele\/bep-tu-gia-re.jpg\" alt=\"bep-tu-bosch-hmh-pvj631fb1e-02\" \/><\/p>\n<ul>\n<li>C\u00f3 th\u1ec3 ng\u1eaft t\u00edn hi\u1ec7u \u00e2m thanh<\/li>\n<li>Kh\u00f3a t\u1ef1 \u0111\u1ed9ng ho\u1eb7c kh\u00f3a an to\u00e0n cho tr\u1ebb em<\/li>\n<li>T\u1ef1 \u0111\u1ed9ng t\u1eaft m\u00e1y an to\u00e0n<\/li>\n<li>\u00a0C\u00f3 c\u1ea3nh b\u00e1o nhi\u1ec7t d\u01b0 hai c\u1ea5p \u0111\u1ed9 (H\/h)<\/li>\n<li>Ch\u1ee9c n\u0103ng Plate CombiInduccions\u00a0cho ph\u00e9p k\u1ebft h\u1ee3p hai v\u00f9ng n\u1ea5u l\u1ea1i v\u1edbi nhau b\u1eb1ng m\u1ed9t h\u00ecnh ch\u1eef nh\u1eadt c\u00f3 k\u00edch th\u01b0\u1edbc l\u1edbn.<\/li>\n<li>Ph\u00edm c\u1ea3m \u1ee9ng: nhanh, an to\u00e0n, s\u1ea1ch s\u1ebd v\u00e0 hi\u1ec7u qu\u1ea3.<\/li>\n<li>Ch\u1ee9c n\u0103ng Sprint: l\u00e0m gi\u1ea3m th\u1eddi gian l\u00e0m n\u00f3ng c\u1ee7a m\u1ed9t l\u01b0\u1ee3ng l\u1edbn n\u01b0\u1edbc v\u00e0 ch\u1ea5t l\u1ecfng kh\u00e1c l\u00ean \u0111\u1ebfn 50%.<\/li>\n<li>T\u1ef1 \u0111\u1ed9ng nh\u1eadn di\u1ec7n n\u1ed3i<\/li>\n<li>Ch\u1ee9c n\u0103ng h\u1eb9n gi\u1edd<\/li>\n<\/ul>\n","protected":false},"excerpt":{"rendered":"<ul>\n<li class=\"red\">Mua online &#8211; Xem h\u00e0ng t\u01b0 v\u1ea5n t\u1ea1i nh\u00e0 &#8211; Mi\u1ec5n ph\u00ed 100%<\/li>\n<li class=\"red\">Th\u1eddi gian giao h\u00e0ng: 4 &#8211; 12 ti\u1ebfng, c\u1ea3 T7 v\u00e0 CN.<\/li>\n<li class=\"red\">Mi\u1ec5n ph\u00ed l\u1eafp \u0111\u1eb7t 100% &#8211; G\u00f3i b\u1ea3o d\u01b0\u1ee1ng b\u1ea3o tr\u00ec tr\u1ecdn \u0111\u1eddi.<\/li>\n<li>\u0110\u1ed5i s\u1ea3n ph\u1ea9m l\u1ed7i mi\u1ec5n ph\u00ed trong\u00a07 ng\u00e0y.<\/li>\n<\/ul>\n","protected":false},"featured_media":78,"comment_status":"closed","ping_status":"closed","template":"","meta":[],"product_cat":[47,48,61,54,55,56,63,64,65,53,51,52,58,59,57,60,62,49,50,23,30,17,37,18,20,27,29,28,21,24,39,25,32,26,31,33],"product_tag":[],"class_list":["post-69","product","type-product","status-publish","has-post-thumbnail","hentry","product_cat-bep-dien-tu-lien-lo","product_cat-bep-dien-bep-tu-domino","product_cat-chao-ran-chao-xao","product_cat-chau-rua-da-2-ho","product_cat-chau-rua-inox-1-ho","product_cat-chau-rua-inox-2-ho","product_cat-gia-bat-dia-tu-tren","product_cat-gia-bat-dia-xoong-noi-tu-duoi","product_cat-gia-gia-vi-dao-thot","product_cat-may-hut-mui-am-tu","product_cat-may-hut-mui-ap-tuong","product_cat-may-hut-mui-dao","product_cat-may-loc-nuoc-de-gam-khong-tu","product_cat-may-loc-nuoc-kiem-nong-lanh","product_cat-may-loc-nuoc-tu-dung","product_cat-noi-bo-noi-nau","product_cat-noi-ap-suat","product_cat-san-pham-khuyen-mai","product_cat-san-pham-moi","product_cat-noi-that-tu-bep","product_cat-phu-kien-tu-bep","product_cat-bep-dien-bep-tu","product_cat-bep-dien-tu-ket-hop","product_cat-bep-dien-hong-ngoai","product_cat-bep-tu","product_cat-may-hut-mui","product_cat-may-rua-chen-bat","product_cat-may-loc-nuoc","product_cat-voi-rua-chen-bat","product_cat-lo-nuong-lo-vi-song","product_cat-lo-nuong","product_cat-lo-vi-song","product_cat-chau-rua-chen-bat","product_cat-may-say-chen-bat","product_cat-dien-gia-dung","product_cat-dien-may"],"yoast_head":"<!-- This site is optimized with the Yoast SEO plugin v19.3 - https:\/\/yoast.com\/wordpress\/plugins\/seo\/ -->\n<title>B\u1ebfp T\u1eeb Bosch HMH.PVJ631FB1E - \u00c1 Ch\u00e2u H\u1ea3i D\u01b0\u01a1ng<\/title>\n<meta name=\"robots\" content=\"noindex, follow, max-snippet:-1, max-image-preview:large, max-video-preview:-1\" \/>\n<meta property=\"og:locale\" content=\"vi_VN\" \/>\n<meta property=\"og:type\" content=\"article\" \/>\n<meta property=\"og:title\" content=\"B\u1ebfp T\u1eeb Bosch HMH.PVJ631FB1E - \u00c1 Ch\u00e2u H\u1ea3i D\u01b0\u01a1ng\" \/>\n<meta property=\"og:description\" content=\"Mua online - Xem h\u00e0ng t\u01b0 v\u1ea5n t\u1ea1i nh\u00e0 - Mi\u1ec5n ph\u00ed 100%  Th\u1eddi gian giao h\u00e0ng: 4 - 12 ti\u1ebfng, c\u1ea3 T7 v\u00e0 CN.  Mi\u1ec5n ph\u00ed l\u1eafp \u0111\u1eb7t 100% - G\u00f3i b\u1ea3o d\u01b0\u1ee1ng b\u1ea3o tr\u00ec tr\u1ecdn \u0111\u1eddi.  \u0110\u1ed5i s\u1ea3n ph\u1ea9m l\u1ed7i mi\u1ec5n ph\u00ed trong\u00a07 ng\u00e0y.\" \/>\n<meta property=\"og:url\" content=\"http:\/\/mau.hoabinhweb.com\/giadung1\/san-pham\/bep-tu-bosch-hmh-pvj631fb1e\/\" \/>\n<meta property=\"og:site_name\" content=\"\u00c1 Ch\u00e2u H\u1ea3i D\u01b0\u01a1ng\" \/>\n<meta property=\"article:modified_time\" content=\"2022-07-18T08:44:13+00:00\" \/>\n<meta property=\"og:image\" content=\"http:\/\/mau.hoabinhweb.com\/giadung1\/wp-content\/uploads\/2022\/03\/sanpham9.jpg\" \/>\n\t<meta property=\"og:image:width\" content=\"554\" \/>\n\t<meta property=\"og:image:height\" content=\"554\" \/>\n\t<meta property=\"og:image:type\" content=\"image\/jpeg\" \/>\n<meta name=\"twitter:card\" content=\"summary_large_image\" \/>\n<meta name=\"twitter:label1\" content=\"\u01af\u1edbc t\u00ednh th\u1eddi gian \u0111\u1ecdc\" \/>\n\t<meta name=\"twitter:data1\" content=\"5 ph\u00fat\" \/>\n<script type=\"application\/ld+json\" class=\"yoast-schema-graph\">{\"@context\":\"https:\/\/schema.org\",\"@graph\":[{\"@type\":\"WebSite\",\"@id\":\"http:\/\/mau.hoabinhweb.com\/giadung1\/#website\",\"url\":\"http:\/\/mau.hoabinhweb.com\/giadung1\/\",\"name\":\"\u00c1 Ch\u00e2u H\u1ea3i D\u01b0\u01a1ng\",\"description\":\"\",\"potentialAction\":[{\"@type\":\"SearchAction\",\"target\":{\"@type\":\"EntryPoint\",\"urlTemplate\":\"http:\/\/mau.hoabinhweb.com\/giadung1\/?s={search_term_string}\"},\"query-input\":\"required name=search_term_string\"}],\"inLanguage\":\"vi\"},{\"@type\":\"ImageObject\",\"inLanguage\":\"vi\",\"@id\":\"http:\/\/mau.hoabinhweb.com\/giadung1\/san-pham\/bep-tu-bosch-hmh-pvj631fb1e\/#primaryimage\",\"url\":\"http:\/\/mau.hoabinhweb.com\/giadung1\/wp-content\/uploads\/2022\/03\/sanpham9.jpg\",\"contentUrl\":\"http:\/\/mau.hoabinhweb.com\/giadung1\/wp-content\/uploads\/2022\/03\/sanpham9.jpg\",\"width\":554,\"height\":554,\"caption\":\"Sanpham9\"},{\"@type\":\"WebPage\",\"@id\":\"http:\/\/mau.hoabinhweb.com\/giadung1\/san-pham\/bep-tu-bosch-hmh-pvj631fb1e\/\",\"url\":\"http:\/\/mau.hoabinhweb.com\/giadung1\/san-pham\/bep-tu-bosch-hmh-pvj631fb1e\/\",\"name\":\"B\u1ebfp T\u1eeb Bosch HMH.PVJ631FB1E - \u00c1 Ch\u00e2u H\u1ea3i D\u01b0\u01a1ng\",\"isPartOf\":{\"@id\":\"http:\/\/mau.hoabinhweb.com\/giadung1\/#website\"},\"primaryImageOfPage\":{\"@id\":\"http:\/\/mau.hoabinhweb.com\/giadung1\/san-pham\/bep-tu-bosch-hmh-pvj631fb1e\/#primaryimage\"},\"datePublished\":\"2022-03-29T15:59:46+00:00\",\"dateModified\":\"2022-07-18T08:44:13+00:00\",\"breadcrumb\":{\"@id\":\"http:\/\/mau.hoabinhweb.com\/giadung1\/san-pham\/bep-tu-bosch-hmh-pvj631fb1e\/#breadcrumb\"},\"inLanguage\":\"vi\",\"potentialAction\":[{\"@type\":\"ReadAction\",\"target\":[\"http:\/\/mau.hoabinhweb.com\/giadung1\/san-pham\/bep-tu-bosch-hmh-pvj631fb1e\/\"]}]},{\"@type\":\"BreadcrumbList\",\"@id\":\"http:\/\/mau.hoabinhweb.com\/giadung1\/san-pham\/bep-tu-bosch-hmh-pvj631fb1e\/#breadcrumb\",\"itemListElement\":[{\"@type\":\"ListItem\",\"position\":1,\"name\":\"Trang ch\u1ee7\",\"item\":\"http:\/\/mau.hoabinhweb.com\/giadung1\/\"},{\"@type\":\"ListItem\",\"position\":2,\"name\":\"S\u1ea3n ph\u1ea9m\",\"item\":\"http:\/\/mau.hoabinhweb.com\/giadung1\/san-pham\/\"},{\"@type\":\"ListItem\",\"position\":3,\"name\":\"B\u1ebfp T\u1eeb Bosch HMH.PVJ631FB1E\"}]}]}<\/script>\n<!-- \/ Yoast SEO plugin. -->","yoast_head_json":{"title":"B\u1ebfp T\u1eeb Bosch HMH.PVJ631FB1E - \u00c1 Ch\u00e2u H\u1ea3i D\u01b0\u01a1ng","robots":{"index":"noindex","follow":"follow","max-snippet":"max-snippet:-1","max-image-preview":"max-image-preview:large","max-video-preview":"max-video-preview:-1"},"og_locale":"vi_VN","og_type":"article","og_title":"B\u1ebfp T\u1eeb Bosch HMH.PVJ631FB1E - \u00c1 Ch\u00e2u H\u1ea3i D\u01b0\u01a1ng","og_description":"Mua online - Xem h\u00e0ng t\u01b0 v\u1ea5n t\u1ea1i nh\u00e0 - Mi\u1ec5n ph\u00ed 100%  Th\u1eddi gian giao h\u00e0ng: 4 - 12 ti\u1ebfng, c\u1ea3 T7 v\u00e0 CN.  Mi\u1ec5n ph\u00ed l\u1eafp \u0111\u1eb7t 100% - G\u00f3i b\u1ea3o d\u01b0\u1ee1ng b\u1ea3o tr\u00ec tr\u1ecdn \u0111\u1eddi.  \u0110\u1ed5i s\u1ea3n ph\u1ea9m l\u1ed7i mi\u1ec5n ph\u00ed trong\u00a07 ng\u00e0y.","og_url":"http:\/\/mau.hoabinhweb.com\/giadung1\/san-pham\/bep-tu-bosch-hmh-pvj631fb1e\/","og_site_name":"\u00c1 Ch\u00e2u H\u1ea3i D\u01b0\u01a1ng","article_modified_time":"2022-07-18T08:44:13+00:00","og_image":[{"width":554,"height":554,"url":"http:\/\/mau.hoabinhweb.com\/giadung1\/wp-content\/uploads\/2022\/03\/sanpham9.jpg","type":"image\/jpeg"}],"twitter_card":"summary_large_image","twitter_misc":{"\u01af\u1edbc t\u00ednh th\u1eddi gian \u0111\u1ecdc":"5 ph\u00fat"},"schema":{"@context":"https:\/\/schema.org","@graph":[{"@type":"WebSite","@id":"http:\/\/mau.hoabinhweb.com\/giadung1\/#website","url":"http:\/\/mau.hoabinhweb.com\/giadung1\/","name":"\u00c1 Ch\u00e2u H\u1ea3i D\u01b0\u01a1ng","description":"","potentialAction":[{"@type":"SearchAction","target":{"@type":"EntryPoint","urlTemplate":"http:\/\/mau.hoabinhweb.com\/giadung1\/?s={search_term_string}"},"query-input":"required name=search_term_string"}],"inLanguage":"vi"},{"@type":"ImageObject","inLanguage":"vi","@id":"http:\/\/mau.hoabinhweb.com\/giadung1\/san-pham\/bep-tu-bosch-hmh-pvj631fb1e\/#primaryimage","url":"http:\/\/mau.hoabinhweb.com\/giadung1\/wp-content\/uploads\/2022\/03\/sanpham9.jpg","contentUrl":"http:\/\/mau.hoabinhweb.com\/giadung1\/wp-content\/uploads\/2022\/03\/sanpham9.jpg","width":554,"height":554,"caption":"Sanpham9"},{"@type":"WebPage","@id":"http:\/\/mau.hoabinhweb.com\/giadung1\/san-pham\/bep-tu-bosch-hmh-pvj631fb1e\/","url":"http:\/\/mau.hoabinhweb.com\/giadung1\/san-pham\/bep-tu-bosch-hmh-pvj631fb1e\/","name":"B\u1ebfp T\u1eeb Bosch HMH.PVJ631FB1E - \u00c1 Ch\u00e2u H\u1ea3i D\u01b0\u01a1ng","isPartOf":{"@id":"http:\/\/mau.hoabinhweb.com\/giadung1\/#website"},"primaryImageOfPage":{"@id":"http:\/\/mau.hoabinhweb.com\/giadung1\/san-pham\/bep-tu-bosch-hmh-pvj631fb1e\/#primaryimage"},"datePublished":"2022-03-29T15:59:46+00:00","dateModified":"2022-07-18T08:44:13+00:00","breadcrumb":{"@id":"http:\/\/mau.hoabinhweb.com\/giadung1\/san-pham\/bep-tu-bosch-hmh-pvj631fb1e\/#breadcrumb"},"inLanguage":"vi","potentialAction":[{"@type":"ReadAction","target":["http:\/\/mau.hoabinhweb.com\/giadung1\/san-pham\/bep-tu-bosch-hmh-pvj631fb1e\/"]}]},{"@type":"BreadcrumbList","@id":"http:\/\/mau.hoabinhweb.com\/giadung1\/san-pham\/bep-tu-bosch-hmh-pvj631fb1e\/#breadcrumb","itemListElement":[{"@type":"ListItem","position":1,"name":"Trang ch\u1ee7","item":"http:\/\/mau.hoabinhweb.com\/giadung1\/"},{"@type":"ListItem","position":2,"name":"S\u1ea3n ph\u1ea9m","item":"http:\/\/mau.hoabinhweb.com\/giadung1\/san-pham\/"},{"@type":"ListItem","position":3,"name":"B\u1ebfp T\u1eeb Bosch HMH.PVJ631FB1E"}]}]}},"_links":{"self":[{"href":"http:\/\/mau.hoabinhweb.com\/giadung1\/wp-json\/wp\/v2\/product\/69","targetHints":{"allow":["GET"]}}],"collection":[{"href":"http:\/\/mau.hoabinhweb.com\/giadung1\/wp-json\/wp\/v2\/product"}],"about":[{"href":"http:\/\/mau.hoabinhweb.com\/giadung1\/wp-json\/wp\/v2\/types\/product"}],"replies":[{"embeddable":true,"href":"http:\/\/mau.hoabinhweb.com\/giadung1\/wp-json\/wp\/v2\/comments?post=69"}],"wp:featuredmedia":[{"embeddable":true,"href":"http:\/\/mau.hoabinhweb.com\/giadung1\/wp-json\/wp\/v2\/media\/78"}],"wp:attachment":[{"href":"http:\/\/mau.hoabinhweb.com\/giadung1\/wp-json\/wp\/v2\/media?parent=69"}],"wp:term":[{"taxonomy":"product_cat","embeddable":true,"href":"http:\/\/mau.hoabinhweb.com\/giadung1\/wp-json\/wp\/v2\/product_cat?post=69"},{"taxonomy":"product_tag","embeddable":true,"href":"http:\/\/mau.hoabinhweb.com\/giadung1\/wp-json\/wp\/v2\/product_tag?post=69"}],"curies":[{"name":"wp","href":"https:\/\/api.w.org\/{rel}","templated":true}]}}