{"id":68,"date":"2022-03-29T15:59:45","date_gmt":"2022-03-29T15:59:45","guid":{"rendered":"https:\/\/thietbibephatinh.vn\/?post_type=product&#038;p=68"},"modified":"2022-07-18T08:44:13","modified_gmt":"2022-07-18T08:44:13","slug":"bep-tu-bosch-puc631bb2e","status":"publish","type":"product","link":"http:\/\/mau.hoabinhweb.com\/giadung1\/san-pham\/bep-tu-bosch-puc631bb2e\/","title":{"rendered":"B\u1ebfp t\u1eeb Bosch PUC631BB2E"},"content":{"rendered":"<h2>B\u1ebfp t\u1eeb Bosch PUC631BB2E\u00a0Serie 4\u00a0 thu\u1ed9c\u00a0do\u0300ng series 4\u00a0cao c\u00e2\u0301p xu\u1ea5t x\u1ee9\u00a0T\u00e2y Ban Nha v\u1edbi\u00a0nhi\u1ec1u t\u00ednh n\u0103ng hi\u1ec7n \u0111\u1ea1i, thi\u1ebft k\u1ebf\u00a0theo phong c\u00e1ch ch\u00e2u \u00c2u. N\u00ea\u0301u ba\u0323n \u0111ang ti\u0300m m\u00f4\u0323t chi\u00ea\u0301c b\u00ea\u0301p t\u01b0\u0300 ba cho gia \u0111i\u0300nh thi\u0300\u00a0<strong>Bosch PUC631BB2E<\/strong>\u00a0la\u0300 l\u01b0\u0323a cho\u0323n ha\u0300ng \u0111\u00e2\u0300u kh\u00f4ng th\u00ea\u0309 bo\u0309 qua.Sau \u0111\u00e2y l\u00e0 gi\u1edbi thi\u1ec7u c\u00e1c t\u00ednh n\u0103ng thi\u1ebft k\u1ebf c\u1ee7a s\u1ea3n ph\u1ea9m<\/h2>\n<h3>Thi\u00ea\u0301t k\u00ea\u0301 tinh t\u00ea\u0301 cu\u0309a\u00a0Bosch PUC631BB2E Serie 4\u00a0 T\u00e2y Ban Nha<\/h3>\n<p><strong>B\u1ebfp t\u1eeb\u00a0Bosch PUC631BB2E\u00a0Serie 4\u00a0\u00a0<\/strong>nh\u1eadp kh\u1ea9u Spain c\u00f3 thi\u1ebft k\u1ebf ki\u1ec3u d\u00e1ng sang tr\u1ecdng, b\u1eaft m\u1eaft thep phong c\u00e1ch hi\u1ec7n \u0111\u1ea1i c\u1ee7a Ch\u00e2u \u00c2u v\u1edbi 3 v\u00f9ng n\u1ea5u nh\u1eadn di\u1ec7n m\u1ecdi k\u00edch th\u01b0\u1edbc xoong n\u1ed3i, ph\u00f9 h\u1ee3p v\u1edbi nhu c\u1ea7u s\u1eed d\u1ee5ng c\u1ee7a \u0111\u1ea1i \u0111a s\u1ed1 kh\u00e1ch h\u00e0ng Vi\u1ec7t<\/p>\n<p><img decoding=\"async\" title=\"B\u1ebfp t\u1eeb Bosch PUC631BB2E\" src=\"https:\/\/bepvuson.vn\/Data\/upload\/images\/bep_tu\/bosch_PUC631BB1E.jpg\" alt=\"B\u1ebfp t\u1eeb Bosch PUC631BB2E\" \/><\/p>\n<p>B\u1ebfp t\u1eeb Bosch m\u1eb7t k\u00ednh Schoot Ceran lo\u1ea1i m\u1eb7t kinh cao c\u1ea5p nh\u1ea5t hi\u1ec7n nay\u00a0chuy\u00ean d\u1ee5ng \u0111\u1ec3 l\u00e0m b\u1ebfp t\u1eeb \u0111\u01b0\u1ee3c s\u1ea3n xu\u1ea5t t\u1ea1i \u0110\u1ee9c t\u1eeb ch\u1ea5t li\u1ec7u g\u1ed1m s\u1ee9 thu\u1ef7 tinh \u0111\u1eb7c bi\u1ec7t c\u00f3 kh\u1ea3 n\u0103ng ch\u1ecbu l\u1ef1c, ch\u1ecbu nhi\u1ec7t v\u00e0 c\u00f3 kh\u1ea3 n\u0103ng ch\u1ed1ng va \u0111\u1eadp c\u1ef1c t\u1ed1t, c\u00f3 th\u1ec3 ch\u1ed1ng l\u1ea1i nh\u1eefng c\u00fa s\u1ed1c nhi\u1ec7t \u0111\u1ed9t ng\u1ed9t l\u00ean \u0111\u1ebfn 750\u00b0C.<\/p>\n<p>B\u1ea3ng \u0111i\u1ec1u khi\u1ec3n thi\u1ebft k\u1ebf th\u00e2n thi\u1ec7n v\u1edbi ng\u01b0\u1eddi d\u00f9ng v\u1edbi giao di\u1ec7n tr\u1ef1c quan d\u1ec5 s\u1eed d\u1ee5ng\u00a0d\u1ea1ng touch Control : c\u1ed9ng tr\u1eeb (+\/-) d\u1ec5 tu\u1ef3 ch\u1ec9nh v\u00e0 thay \u0111\u1ed5i m\u1ee9c nhi\u1ec7t ti\u1ec7n l\u1ee3i<\/p>\n<p><strong>B\u1ebfp t\u1eeb Bosch PUC631BB2E\u00a0<\/strong>s\u1eed d\u1ee5ng c\u00f4ng su\u1ea5t t\u1ed1i \u0111a kho\u1ea3ng 6.800 W, s\u1eed d\u1ee5ng ngu\u1ed3n \u0111i\u1ec7n 220V &#8211; 240V v\u1edbi t\u1ea7n s\u1ed1 50\/60 HZ. V\u1edbi ch\u1ee9c n\u0103ng san c\u00f4ng su\u1ea5t, Bosch\u00a0<strong>PUC631BB2E\u00a0Serie 4\u00a0\u00a0<\/strong>\u0111\u1ea3m b\u1ea3o kh\u00f4ng g\u00e2y qu\u00e1 t\u1ea3i \u0111i\u1ec7n d\u00f9 c\u1ea3 v\u00f9ng b\u1ebfp ho\u1ea1t \u0111\u1ed9ng c\u00f9ng l\u00fac.<\/p>\n<p><img decoding=\"async\" title=\"B\u1ebfp t\u1eeb Bosch PUC631BB2E ch\u00ednh h\u00e3ng\" src=\"https:\/\/bepvuson.vn\/Data\/upload\/images\/bep_tu\/bep-tu_bosch-PUC631BB2E.jpg\" alt=\"B\u1ebfp t\u1eeb Bosch PUC631BB2E \" \/><\/p>\n<p><strong>B\u1ebfp t\u1eeb Bosch PUC631BB2E\u00a0<\/strong>\u00a0s\u1edf h\u1eefu t\u1edbi 3 v\u00f9ng n\u1ea5u ti\u1ec7n l\u1ee3i gi\u00fap ti\u1ebft ki\u1ec7m th\u1eddi gian m\u1ed9t c\u00e1ch t\u1ed1i \u0111a cho c\u00e1c b\u00e0 n\u1ed9i tr\u1ee3 b\u1eadn r\u1ed9n:<\/p>\n<ul>\n<li>B\u1ebfp tr\u00e1i k\u00edch th\u01b0\u1edbc 24cm c\u00f4ng su\u1ea5t l\u1edbn nh\u1ea5t 2,2 KW<\/li>\n<li>B\u1ebfp n\u1ea5u ph\u1ea3i ph\u00eda tr\u01b0\u1edbc k\u00edch th\u01b0\u1edbc 18 cm c\u00f4ng su\u1ea5t 1,8 KW<\/li>\n<li>B\u1ebfp n\u1ea5u ph\u1ea3i ph\u00eda sau k\u00edch th\u01b0\u1edbc 14,5 cm c\u00f4ng su\u1ea5t 1,4 KW<\/li>\n<\/ul>\n<h3>T\u00ednh n\u0103ng n\u1ed5i b\u1eadt c\u1ee7a B\u1ebfp Bosch\u00a0<strong>PUC631BB2E<\/strong><\/h3>\n<p>S\u1ea3n ph\u1ea9m\u00a0<strong>b\u1ebfp t\u1eeb \u0110\u1ee9c<\/strong>\u00a0cao c\u1ea5p nh\u1eadp kh\u1ea9u v\u1edbi nhi\u1ec1u t\u00ednh n\u0103ng hi\u1ec7n \u0111\u1ea1i, th\u00f4ng minh, kh\u00e1m ph\u00e1 nh\u1eefng c\u00f4ng ngh\u1ec7 v\u00e0 ch\u1ee9c n\u0103ng c\u00f3 tr\u00ean b\u1ebfp t\u1eeb Bosch\u00a0<strong>PUC631BB2E<\/strong>:<\/p><p><img decoding=\"async\" title=\"B\u1ebfp t\u1eeb Bosch PUC631BB2E ch\u00ednh h\u00e3ng\" src=\"https:\/\/bepvuson.vn\/Data\/upload\/images\/bep_tu\/bep-tu-bosch_PUC631BB1E.jpg\" alt=\"B\u1ebfp t\u1eeb Bosch PUC631BB2E ch\u00ednh h\u00e3ng\" \/><\/p>\n<h3><\/h3>\n<ul>\n<li>Ch\u1ee9c n\u0103ng Sprint t\u1ef1 \u0111\u1ed9ng ti\u1ebft ki\u1ec7m th\u1eddi gian \u0111un n\u1ea5u<\/li>\n<\/ul>\n<p><strong>B\u1ebfp t\u1eeb Bosch PUC631BB2E<\/strong>\u00a0s\u1edf h\u1eefu ch\u1ee9c n\u0103ng Sprint t\u1ef1 \u0111\u1ed9ng hi\u1ec7n \u0111\u1ea1i nh\u1ea5t, c\u00f3 kh\u1ea3 n\u0103ng gi\u1ea3m th\u1eddi gian l\u00e0m n\u00f3ng l\u00ean \u0111\u1ebfn 50% gi\u00fap \u0111un n\u1ea5u nhanh h\u01a1n ph\u01b0\u01a1ng ph\u00e1p truy\u1ec1n th\u1ed1ng t\u1edbi \u00edt nh\u1ea5t 3 l\u1ea7n.<\/p>\n<ul>\n<li>Ch\u1ee9c n\u0103ng Booster n\u1ea5u n\u01b0\u1edbng nhanh ch\u00f3ng v\u1edbi c\u00f4ng su\u1ea5t cao g\u1ea5p 1,5 l\u1ea7n<\/li>\n<\/ul>\n<p>T\u0103ng c\u00f4ng su\u1ea5t l\u00ean m\u1ee9c t\u1ed1i \u0111a, t\u0103ng t\u1ed1c th\u1eddi gian \u0111un n\u1ea5u, \u0111un s\u00f4i 1 l\u00edt n\u01b0\u1edbc ch\u1ec9 m\u1ea5t 1 ph\u00fat thay cho 3 ph\u00fat nh\u01b0 th\u00f4ng th\u01b0\u1eddng. L\u01b0u \u00fd b\u1ea1n ch\u1ec9 n\u00ean s\u1eed d\u1ee5ng ch\u1ee9c n\u0103ng n\u00e0y t\u1ed1i \u0111a 10 ph\u00fat \u0111\u1ec3 tr\u00e1nh g\u00e2y \u1ea3nh h\u01b0\u1edfng \u0111\u1ebfn ngu\u1ed3n \u0111i\u1ec7n chung.<\/p>\n<ul>\n<li>Ch\u1ee9c n\u0103ng b\u1ed9 nh\u1edb l\u01b0u l\u1ea1i nh\u1eefng c\u00e0i \u0111\u1eb7t tr\u01b0\u1edbc \u0111\u00f3 trong v\u00f2ng 24h<\/li>\n<\/ul>\n<p>B\u1ebfp s\u1ebd t\u1ef1 \u0111\u1ed9ng ghi nh\u1edb m\u1ee9c c\u00f4ng su\u1ea5t \u0111ang n\u1ea5u v\u00e0 c\u00e1c t\u00ednh n\u0103ng \u0111\u01b0\u1ee3c c\u00e0i \u0111\u1eb7t s\u1eb5n tr\u00ean b\u1ebfp n\u1ebfu b\u1ebfp v\u00f4 t\u00ecnh b\u1ecb t\u1eaft th\u00ec khi b\u1eadt l\u1ea1i, b\u1ebfp c\u00f3 th\u1ec3 ho\u1ea1t \u0111\u1ed9ng tr\u1edf l\u1ea1i b\u00ecnh th\u01b0\u1eddng v\u1edbi c\u00e0i \u0111\u1eb7t \u0111\u01b0\u1ee3c th\u1ef1c hi\u1ec7n tr\u01b0\u1edbc \u0111\u00f3. Ho\u1eb7c c\u00e1c tr\u01b0\u1eddng h\u1ee3p t\u1eaft b\u1ebfp kh\u00f4ng \u0111\u00fang c\u00e1ch, m\u1ea5t \u0111i\u1ec7n.<\/p>\n<p><img decoding=\"async\" title=\"Th\u00f4ng s\u1ed1 k\u1ef9 thu\u1eadt c\u1ee7a b\u1ebfp t\u1eeb Bosch PUC63\" src=\"https:\/\/bepvuson.vn\/Data\/upload\/files\/MCSA00893236_527722_5_CMG633BS1_def(64).jpg\" alt=\"Th\u00f4ng s\u1ed1 k\u1ef9 thu\u1eadt c\u1ee7a b\u1ebfp t\u1eeb Bosch PUC63\" \/><\/p>\n<ul>\n<li>Ch\u1ee9c n\u0103ng Auto Start (nh\u1eadn di\u1ec7n v\u00f9ng n\u1ea5u): Khi \u0111\u1eb7t n\u1ed3i t\u1eeb tr\u00ean b\u1ebfp, sau \u0111\u00f3 b\u1eadt b\u1ebfp l\u00ean th\u00ec v\u00f9ng n\u1ea5u c\u00f3 n\u1ed3i s\u1ebd t\u1ef1 \u0111\u1ed9ng \u0111\u01b0\u1ee3c ch\u1ecdn. B\u1ea1n ch\u1ec9 c\u1ea7n ch\u1ecdn c\u00f4ng su\u1ea5t \u0111\u1ec3 n\u1ea5u.<\/li>\n<li>L\u1eadp tr\u00ecnh th\u1eddi gian n\u1ea5u cho t\u1eebng b\u1ebfp v\u00e0 c\u00f3 b\u00e1o \u00e2m thanh<\/li>\n<li>H\u1ea1n ch\u1ebf t\u1ed5ng c\u00f4ng su\u1ea5t n\u1ea5u c\u1ee7a c\u1ea3 b\u1ebfp, c\u1ea3nh b\u00e1o nhi\u1ec7t d\u01b0 hai c\u1ea5p \u0111\u1ed9 (H\/h)<\/li>\n<li>Kh\u00f3a tr\u1ebb em an to\u00e0n t\u1ef1 \u0111\u1ed9ng ho\u1eb7c b\u1eb1ng tay ng\u0103n ng\u1eeba s\u1ef1 v\u00f4 t\u00ecnh b\u1eadt b\u1ebfp \u0111\u1ea3m b\u1ea3o an to\u00e0n cho tr\u1ebb em.<\/li>\n<\/ul>\n<h3>Mua b\u1ebfp t\u1eeb Bosch\u00a0<strong>PUC631BB2E\u00a0<\/strong>xu\u1ea5t x\u1ee9 T\u00e2y Ban Nha \u1edf \u0111\u00e2u?<\/h3>\n","protected":false},"excerpt":{"rendered":"<ul>\n<li class=\"red\">Mua online &#8211; Xem h\u00e0ng t\u01b0 v\u1ea5n t\u1ea1i nh\u00e0 &#8211; Mi\u1ec5n ph\u00ed 100%<\/li>\n<li class=\"red\">Th\u1eddi gian giao h\u00e0ng: 4 &#8211; 12 ti\u1ebfng, c\u1ea3 T7 v\u00e0 CN.<\/li>\n<li class=\"red\">Mi\u1ec5n ph\u00ed l\u1eafp \u0111\u1eb7t 100% &#8211; G\u00f3i b\u1ea3o d\u01b0\u1ee1ng b\u1ea3o tr\u00ec tr\u1ecdn \u0111\u1eddi.<\/li>\n<li>\u0110\u1ed5i s\u1ea3n ph\u1ea9m l\u1ed7i mi\u1ec5n ph\u00ed trong\u00a07 ng\u00e0y.<\/li>\n<\/ul>\n","protected":false},"featured_media":77,"comment_status":"closed","ping_status":"closed","template":"","meta":[],"product_cat":[47,48,61,54,55,56,63,64,65,53,51,52,58,59,57,60,62,49,50,23,30,17,37,18,20,27,29,28,21,24,39,25,32,26,31,33],"product_tag":[],"class_list":["post-68","product","type-product","status-publish","has-post-thumbnail","hentry","product_cat-bep-dien-tu-lien-lo","product_cat-bep-dien-bep-tu-domino","product_cat-chao-ran-chao-xao","product_cat-chau-rua-da-2-ho","product_cat-chau-rua-inox-1-ho","product_cat-chau-rua-inox-2-ho","product_cat-gia-bat-dia-tu-tren","product_cat-gia-bat-dia-xoong-noi-tu-duoi","product_cat-gia-gia-vi-dao-thot","product_cat-may-hut-mui-am-tu","product_cat-may-hut-mui-ap-tuong","product_cat-may-hut-mui-dao","product_cat-may-loc-nuoc-de-gam-khong-tu","product_cat-may-loc-nuoc-kiem-nong-lanh","product_cat-may-loc-nuoc-tu-dung","product_cat-noi-bo-noi-nau","product_cat-noi-ap-suat","product_cat-san-pham-khuyen-mai","product_cat-san-pham-moi","product_cat-noi-that-tu-bep","product_cat-phu-kien-tu-bep","product_cat-bep-dien-bep-tu","product_cat-bep-dien-tu-ket-hop","product_cat-bep-dien-hong-ngoai","product_cat-bep-tu","product_cat-may-hut-mui","product_cat-may-rua-chen-bat","product_cat-may-loc-nuoc","product_cat-voi-rua-chen-bat","product_cat-lo-nuong-lo-vi-song","product_cat-lo-nuong","product_cat-lo-vi-song","product_cat-chau-rua-chen-bat","product_cat-may-say-chen-bat","product_cat-dien-gia-dung","product_cat-dien-may"],"yoast_head":"<!-- This site is optimized with the Yoast SEO plugin v19.3 - https:\/\/yoast.com\/wordpress\/plugins\/seo\/ -->\n<title>B\u1ebfp t\u1eeb Bosch PUC631BB2E - \u00c1 Ch\u00e2u H\u1ea3i D\u01b0\u01a1ng<\/title>\n<meta name=\"robots\" content=\"noindex, follow, max-snippet:-1, max-image-preview:large, max-video-preview:-1\" \/>\n<meta property=\"og:locale\" content=\"vi_VN\" \/>\n<meta property=\"og:type\" content=\"article\" \/>\n<meta property=\"og:title\" content=\"B\u1ebfp t\u1eeb Bosch PUC631BB2E - \u00c1 Ch\u00e2u H\u1ea3i D\u01b0\u01a1ng\" \/>\n<meta property=\"og:description\" content=\"Mua online - Xem h\u00e0ng t\u01b0 v\u1ea5n t\u1ea1i nh\u00e0 - Mi\u1ec5n ph\u00ed 100%  Th\u1eddi gian giao h\u00e0ng: 4 - 12 ti\u1ebfng, c\u1ea3 T7 v\u00e0 CN.  Mi\u1ec5n ph\u00ed l\u1eafp \u0111\u1eb7t 100% - G\u00f3i b\u1ea3o d\u01b0\u1ee1ng b\u1ea3o tr\u00ec tr\u1ecdn \u0111\u1eddi.  \u0110\u1ed5i s\u1ea3n ph\u1ea9m l\u1ed7i mi\u1ec5n ph\u00ed trong\u00a07 ng\u00e0y.\" \/>\n<meta property=\"og:url\" content=\"http:\/\/mau.hoabinhweb.com\/giadung1\/san-pham\/bep-tu-bosch-puc631bb2e\/\" \/>\n<meta property=\"og:site_name\" content=\"\u00c1 Ch\u00e2u H\u1ea3i D\u01b0\u01a1ng\" \/>\n<meta property=\"article:modified_time\" content=\"2022-07-18T08:44:13+00:00\" \/>\n<meta property=\"og:image\" content=\"http:\/\/mau.hoabinhweb.com\/giadung1\/wp-content\/uploads\/2022\/03\/sanpham8.jpg\" \/>\n\t<meta property=\"og:image:width\" content=\"554\" \/>\n\t<meta property=\"og:image:height\" content=\"554\" \/>\n\t<meta property=\"og:image:type\" content=\"image\/jpeg\" \/>\n<meta name=\"twitter:card\" content=\"summary_large_image\" \/>\n<meta name=\"twitter:label1\" content=\"\u01af\u1edbc t\u00ednh th\u1eddi gian \u0111\u1ecdc\" \/>\n\t<meta name=\"twitter:data1\" content=\"5 ph\u00fat\" \/>\n<script type=\"application\/ld+json\" class=\"yoast-schema-graph\">{\"@context\":\"https:\/\/schema.org\",\"@graph\":[{\"@type\":\"WebSite\",\"@id\":\"http:\/\/mau.hoabinhweb.com\/giadung1\/#website\",\"url\":\"http:\/\/mau.hoabinhweb.com\/giadung1\/\",\"name\":\"\u00c1 Ch\u00e2u H\u1ea3i D\u01b0\u01a1ng\",\"description\":\"\",\"potentialAction\":[{\"@type\":\"SearchAction\",\"target\":{\"@type\":\"EntryPoint\",\"urlTemplate\":\"http:\/\/mau.hoabinhweb.com\/giadung1\/?s={search_term_string}\"},\"query-input\":\"required name=search_term_string\"}],\"inLanguage\":\"vi\"},{\"@type\":\"ImageObject\",\"inLanguage\":\"vi\",\"@id\":\"http:\/\/mau.hoabinhweb.com\/giadung1\/san-pham\/bep-tu-bosch-puc631bb2e\/#primaryimage\",\"url\":\"http:\/\/mau.hoabinhweb.com\/giadung1\/wp-content\/uploads\/2022\/03\/sanpham8.jpg\",\"contentUrl\":\"http:\/\/mau.hoabinhweb.com\/giadung1\/wp-content\/uploads\/2022\/03\/sanpham8.jpg\",\"width\":554,\"height\":554,\"caption\":\"Sanpham8\"},{\"@type\":\"WebPage\",\"@id\":\"http:\/\/mau.hoabinhweb.com\/giadung1\/san-pham\/bep-tu-bosch-puc631bb2e\/\",\"url\":\"http:\/\/mau.hoabinhweb.com\/giadung1\/san-pham\/bep-tu-bosch-puc631bb2e\/\",\"name\":\"B\u1ebfp t\u1eeb Bosch PUC631BB2E - \u00c1 Ch\u00e2u H\u1ea3i D\u01b0\u01a1ng\",\"isPartOf\":{\"@id\":\"http:\/\/mau.hoabinhweb.com\/giadung1\/#website\"},\"primaryImageOfPage\":{\"@id\":\"http:\/\/mau.hoabinhweb.com\/giadung1\/san-pham\/bep-tu-bosch-puc631bb2e\/#primaryimage\"},\"datePublished\":\"2022-03-29T15:59:45+00:00\",\"dateModified\":\"2022-07-18T08:44:13+00:00\",\"breadcrumb\":{\"@id\":\"http:\/\/mau.hoabinhweb.com\/giadung1\/san-pham\/bep-tu-bosch-puc631bb2e\/#breadcrumb\"},\"inLanguage\":\"vi\",\"potentialAction\":[{\"@type\":\"ReadAction\",\"target\":[\"http:\/\/mau.hoabinhweb.com\/giadung1\/san-pham\/bep-tu-bosch-puc631bb2e\/\"]}]},{\"@type\":\"BreadcrumbList\",\"@id\":\"http:\/\/mau.hoabinhweb.com\/giadung1\/san-pham\/bep-tu-bosch-puc631bb2e\/#breadcrumb\",\"itemListElement\":[{\"@type\":\"ListItem\",\"position\":1,\"name\":\"Trang ch\u1ee7\",\"item\":\"http:\/\/mau.hoabinhweb.com\/giadung1\/\"},{\"@type\":\"ListItem\",\"position\":2,\"name\":\"S\u1ea3n ph\u1ea9m\",\"item\":\"http:\/\/mau.hoabinhweb.com\/giadung1\/san-pham\/\"},{\"@type\":\"ListItem\",\"position\":3,\"name\":\"B\u1ebfp t\u1eeb Bosch PUC631BB2E\"}]}]}<\/script>\n<!-- \/ Yoast SEO plugin. -->","yoast_head_json":{"title":"B\u1ebfp t\u1eeb Bosch PUC631BB2E - \u00c1 Ch\u00e2u H\u1ea3i D\u01b0\u01a1ng","robots":{"index":"noindex","follow":"follow","max-snippet":"max-snippet:-1","max-image-preview":"max-image-preview:large","max-video-preview":"max-video-preview:-1"},"og_locale":"vi_VN","og_type":"article","og_title":"B\u1ebfp t\u1eeb Bosch PUC631BB2E - \u00c1 Ch\u00e2u H\u1ea3i D\u01b0\u01a1ng","og_description":"Mua online - Xem h\u00e0ng t\u01b0 v\u1ea5n t\u1ea1i nh\u00e0 - Mi\u1ec5n ph\u00ed 100%  Th\u1eddi gian giao h\u00e0ng: 4 - 12 ti\u1ebfng, c\u1ea3 T7 v\u00e0 CN.  Mi\u1ec5n ph\u00ed l\u1eafp \u0111\u1eb7t 100% - G\u00f3i b\u1ea3o d\u01b0\u1ee1ng b\u1ea3o tr\u00ec tr\u1ecdn \u0111\u1eddi.  \u0110\u1ed5i s\u1ea3n ph\u1ea9m l\u1ed7i mi\u1ec5n ph\u00ed trong\u00a07 ng\u00e0y.","og_url":"http:\/\/mau.hoabinhweb.com\/giadung1\/san-pham\/bep-tu-bosch-puc631bb2e\/","og_site_name":"\u00c1 Ch\u00e2u H\u1ea3i D\u01b0\u01a1ng","article_modified_time":"2022-07-18T08:44:13+00:00","og_image":[{"width":554,"height":554,"url":"http:\/\/mau.hoabinhweb.com\/giadung1\/wp-content\/uploads\/2022\/03\/sanpham8.jpg","type":"image\/jpeg"}],"twitter_card":"summary_large_image","twitter_misc":{"\u01af\u1edbc t\u00ednh th\u1eddi gian \u0111\u1ecdc":"5 ph\u00fat"},"schema":{"@context":"https:\/\/schema.org","@graph":[{"@type":"WebSite","@id":"http:\/\/mau.hoabinhweb.com\/giadung1\/#website","url":"http:\/\/mau.hoabinhweb.com\/giadung1\/","name":"\u00c1 Ch\u00e2u H\u1ea3i D\u01b0\u01a1ng","description":"","potentialAction":[{"@type":"SearchAction","target":{"@type":"EntryPoint","urlTemplate":"http:\/\/mau.hoabinhweb.com\/giadung1\/?s={search_term_string}"},"query-input":"required name=search_term_string"}],"inLanguage":"vi"},{"@type":"ImageObject","inLanguage":"vi","@id":"http:\/\/mau.hoabinhweb.com\/giadung1\/san-pham\/bep-tu-bosch-puc631bb2e\/#primaryimage","url":"http:\/\/mau.hoabinhweb.com\/giadung1\/wp-content\/uploads\/2022\/03\/sanpham8.jpg","contentUrl":"http:\/\/mau.hoabinhweb.com\/giadung1\/wp-content\/uploads\/2022\/03\/sanpham8.jpg","width":554,"height":554,"caption":"Sanpham8"},{"@type":"WebPage","@id":"http:\/\/mau.hoabinhweb.com\/giadung1\/san-pham\/bep-tu-bosch-puc631bb2e\/","url":"http:\/\/mau.hoabinhweb.com\/giadung1\/san-pham\/bep-tu-bosch-puc631bb2e\/","name":"B\u1ebfp t\u1eeb Bosch PUC631BB2E - \u00c1 Ch\u00e2u H\u1ea3i D\u01b0\u01a1ng","isPartOf":{"@id":"http:\/\/mau.hoabinhweb.com\/giadung1\/#website"},"primaryImageOfPage":{"@id":"http:\/\/mau.hoabinhweb.com\/giadung1\/san-pham\/bep-tu-bosch-puc631bb2e\/#primaryimage"},"datePublished":"2022-03-29T15:59:45+00:00","dateModified":"2022-07-18T08:44:13+00:00","breadcrumb":{"@id":"http:\/\/mau.hoabinhweb.com\/giadung1\/san-pham\/bep-tu-bosch-puc631bb2e\/#breadcrumb"},"inLanguage":"vi","potentialAction":[{"@type":"ReadAction","target":["http:\/\/mau.hoabinhweb.com\/giadung1\/san-pham\/bep-tu-bosch-puc631bb2e\/"]}]},{"@type":"BreadcrumbList","@id":"http:\/\/mau.hoabinhweb.com\/giadung1\/san-pham\/bep-tu-bosch-puc631bb2e\/#breadcrumb","itemListElement":[{"@type":"ListItem","position":1,"name":"Trang ch\u1ee7","item":"http:\/\/mau.hoabinhweb.com\/giadung1\/"},{"@type":"ListItem","position":2,"name":"S\u1ea3n ph\u1ea9m","item":"http:\/\/mau.hoabinhweb.com\/giadung1\/san-pham\/"},{"@type":"ListItem","position":3,"name":"B\u1ebfp t\u1eeb Bosch PUC631BB2E"}]}]}},"_links":{"self":[{"href":"http:\/\/mau.hoabinhweb.com\/giadung1\/wp-json\/wp\/v2\/product\/68","targetHints":{"allow":["GET"]}}],"collection":[{"href":"http:\/\/mau.hoabinhweb.com\/giadung1\/wp-json\/wp\/v2\/product"}],"about":[{"href":"http:\/\/mau.hoabinhweb.com\/giadung1\/wp-json\/wp\/v2\/types\/product"}],"replies":[{"embeddable":true,"href":"http:\/\/mau.hoabinhweb.com\/giadung1\/wp-json\/wp\/v2\/comments?post=68"}],"wp:featuredmedia":[{"embeddable":true,"href":"http:\/\/mau.hoabinhweb.com\/giadung1\/wp-json\/wp\/v2\/media\/77"}],"wp:attachment":[{"href":"http:\/\/mau.hoabinhweb.com\/giadung1\/wp-json\/wp\/v2\/media?parent=68"}],"wp:term":[{"taxonomy":"product_cat","embeddable":true,"href":"http:\/\/mau.hoabinhweb.com\/giadung1\/wp-json\/wp\/v2\/product_cat?post=68"},{"taxonomy":"product_tag","embeddable":true,"href":"http:\/\/mau.hoabinhweb.com\/giadung1\/wp-json\/wp\/v2\/product_tag?post=68"}],"curies":[{"name":"wp","href":"https:\/\/api.w.org\/{rel}","templated":true}]}}