{"id":67,"date":"2022-03-29T15:59:44","date_gmt":"2022-03-29T15:59:44","guid":{"rendered":"https:\/\/thietbibephatinh.vn\/?post_type=product&#038;p=67"},"modified":"2022-07-18T08:44:14","modified_gmt":"2022-07-18T08:44:14","slug":"bep-tu-bosch-hmh-pxv975dc1e","status":"publish","type":"product","link":"http:\/\/mau.hoabinhweb.com\/giadung1\/san-pham\/bep-tu-bosch-hmh-pxv975dc1e\/","title":{"rendered":"B\u1ebfp t\u1eeb Bosch HMH.PXV975DC1E"},"content":{"rendered":"<h2><strong>B\u1ebfp t\u1eeb Bosch PXV975DC1E\u00a0<\/strong>|Serie 8<strong>\u00a0\u00a0<\/strong>l\u00e0 m\u1ed9t trong nh\u1eefng model b\u1ebfp r\u1ea5t \u0111\u01b0\u1ee3c y\u00eau th\u00edch hi\u1ec7n nay khi nh\u1eafc \u0111\u1ebfn c\u00e1c d\u00f2ng s\u1ea3n ph\u1ea9m b\u1ebfp c\u1ee7a th\u01b0\u01a1ng hi\u1ec7u Bosch. Kh\u00f4ng ch\u1ec9 t\u1ea1o \u1ea5n t\u01b0\u1ee3ng v\u1edbi thi\u1ebft k\u1ebf hi\u1ec7n \u0111\u1ea1i, linh ho\u1ea1t m\u00e0 c\u00f2n ghi \u0111i\u1ec3m b\u1edfi t\u00ednh n\u0103ng n\u1ea5u n\u01b0\u1edbng th\u00f4ng minh, ti\u1ec7n \u00edch.<\/h2>\n<h3><strong>M\u1eb7t k\u00ednh Schott ceran\u00a0cao c\u1ea5p<\/strong><\/h3>\n<p><strong>B\u1ebfp t\u1eeb Bosch\u00a0PXV975DC1E\u00a0<\/strong>|Serie 8<strong>\u00a0<\/strong>\u0111\u01b0\u1ee3c trang b\u1ecb m\u1eb7t k\u00ednh Schott ceran c\u1ee7a \u0110\u1ee9c- lo\u1ea1i g\u1ed1m k\u00ednh cao c\u1ea5p l\u00e0m t\u1eeb g\u1ed1m s\u1ee9 th\u1ee7y tinh \u0111\u1eb7c bi\u1ec7t, c\u00f3 kh\u1ea3 n\u0103ng ch\u1ecbu l\u1ef1c, ch\u1ecbu nhi\u1ec7t t\u1ed1t, ch\u1ecbu s\u1ed1c nhi\u1ec7t l\u00ean \u0111\u1ebfn 750\u00b0C, \u0111\u1ea3m b\u1ea3o an to\u00e0n, b\u1ec1n l\u00e2u. M\u1eb7t k\u00ednh kh\u00f4ng ch\u1ee9a c\u00e1c kim lo\u1ea1i n\u1eb7ng \u0111\u1ed9c h\u1ea1i asen hay antimon n\u00ean r\u1ea5t th\u00e2n thi\u1ec7n v\u1edbi m\u00f4i tr\u01b0\u1eddng v\u00e0 an to\u00e0n v\u1edbi s\u1ee9c kh\u1ecfe ng\u01b0\u1eddi d\u00f9ng khi \u0111un n\u1ea5u. M\u1eb7t k\u00ednh \u0111\u01b0\u1ee3c bo vi\u1ec1n nh\u00f4m b\u1ea3o v\u1ec7 b\u1ebfp, tr\u00e1nh c\u00e1c t\u00e1c \u0111\u1ed9ng ti\u00eau c\u1ef1c khi va \u0111\u1eadp m\u1ea1nh.<\/p>\n<p><img decoding=\"async\" title=\"bep-tu-bosch-pxv975dc1e\" src=\"https:\/\/bepvuson.vn\/Data\/upload\/images\/Product\/large_bep-tu-bosch-pxv975dc1e.jpg\" alt=\"bep-tu-bosch-pxv975dc1e\" \/><\/p>\n<h3><strong>B\u1ea3ng \u0111i\u1ec1u khi\u1ec3n DirectSelect hi\u1ec7n \u0111\u1ea1i<\/strong><\/h3>\n<p>B\u1ebfp t\u1eeb Bosch\u00a0PXV975DC1E\u00a0|Serie 8 v\u01a1\u0301i b\u1ea3ng \u0111i\u1ec1u khi\u1ec3n\u00a0<strong>DirectSelect<\/strong>\u00a0cao c\u1ea5p \u0111\u1ea3m b\u1ea3o t\u00ednh ti\u1ec7n d\u1ee5ng cao khi n\u1ea5u n\u01b0\u1edbng, c\u00f3 th\u1ec3 d\u1ec5 d\u00e0ng ch\u1ecdn c\u00e1c v\u00f9ng n\u1ea5u ri\u00eang v\u1edbi c\u00e1c ch\u1ee9c n\u0103ng n\u1ea5u th\u00edch h\u1ee3p cho t\u1eebng m\u00f3n, r\u1ea5t ti\u1ec7n \u00edch khi \u0111un n\u1ea5u c\u00e1c m\u00f3n kh\u00e1c nhau. H\u1ec7 th\u1ed1ng c\u1ea3m \u1ee9ng hi\u1ec7n \u0111\u1ea1i, nhanh nh\u1ea1y, d\u1ec5 d\u00e0ng \u0111i\u1ec1u khi\u1ec3n b\u1ebfp ch\u1ec9 c\u1ea7n m\u1ed9t c\u00e1i ch\u1ea1m nh\u1eb9, linh ho\u1ea1t trong s\u1eed d\u1ee5ng.<\/p>\n<h3><strong>H\u1ed9i t\u1ee5 c\u00e1c t\u00ednh n\u0103ng n\u1ea5u n\u01b0\u1edbng \u01b0u vi\u1ec7t<\/strong><\/h3>\n<p>Thu\u1ed9c d\u00f2ng b\u1ebfp t\u1eeb nh\u1eadp kh\u1ea9u \u0111\u1ebfn t\u1eeb th\u01b0\u01a1ng hi\u1ec7u n\u1ed5i ti\u1ebfng,\u00a0<strong>b\u00ea\u0301p t\u01b0\u0300 Bosch\u00a0PXV975DC1E\u00a0<\/strong>|Serie 8 h\u1ed9i t\u1ee5 nhi\u1ec1u t\u00ednh n\u0103ng n\u1ea5u n\u01b0\u1edbng th\u00f4ng minh, \u01b0u vi\u1ec7t:<\/p>\n<ul>\n<li><strong>Ti\u1ebft ki\u1ec7m \u0111i\u1ec7n:<\/strong>\u00a0V\u00f9ng n\u1ea5u c\u00f3 th\u1ec3 t\u1ef1 nh\u1eadn d\u1ea1ng \u0111\u00e1y n\u1ed3i, ch\u1ec9 c\u00f3 b\u1ec1 m\u1eb7t ti\u1ebfp x\u00fac c\u1ee7a d\u1ee5ng c\u1ee5 n\u1ea5u \u0111\u01b0\u1ee3c \u0111un n\u00f3ng n\u00ean hi\u1ec7u qu\u1ea3 n\u1ea5u n\u01b0\u1edbng l\u00ean t\u1edbi 90%, ti\u1ebft ki\u1ec7m 50% th\u1eddi gian v\u00e0 n\u0103ng l\u01b0\u1ee3ng so v\u1edbi c\u00e1c d\u00f2ng b\u1ebfp truy\u1ec1n th\u1ed1ng kh\u00e1c.<\/li>\n<\/ul>\n<p><img decoding=\"async\" title=\"bep-tu-bosch-pxv975dc1e-01\" src=\"https:\/\/bepvuson.vn\/Data\/upload\/images\/B%E1%BA%BFp%20t%E1%BB%AB\/bosch1.jpg\" alt=\"bep-tu-bosch-pxv975dc1e-01\" \/><\/p>\n<ul>\n<li><strong>N\u1ea5u n\u01b0\u1edbng nhanh, ti\u1ec7n d\u1ee5ng:\u00a0<\/strong>3 khu c\u1ee7a c\u1ea3m \u1ee9ng v\u1edbi ch\u1ee9c n\u0103ng Sprint v\u00e0 ch\u1ee9c n\u0103ng Sprint Chi\u00ean<br \/>\nB\u1ebfp t\u1eeb Bosch\u00a0PXV975DC1E\u00a0|Serie 8 \u0111\u01b0\u1ee3c t\u00edch h\u1ee3p ch\u1ee9c n\u0103ng Sprint gi\u1ea3m th\u1eddi gian l\u00e0m n\u00f3ng \u0111\u1ea3m b\u1ea3o hi\u1ec7u su\u1ea5t l\u00e0m vi\u1ec7c cao. 17 m\u1ee9c c\u00f4ng su\u1ea5t n\u1ea5u ph\u00f9 h\u1ee3p v\u1edbi m\u1ee9c nhi\u1ec7t c\u1ee7a nhi\u1ec1u ph\u01b0\u01a1ng th\u1ee9c ch\u1ebf bi\u1ebfn kh\u00e1c nhau nh\u01b0: r\u00e1n, x\u00e0o, h\u1ea5p, lu\u1ed9c,\u2026 Ki\u1ec3m so\u00e1t nhi\u1ec7t \u0111\u1ed9 d\u1ea7u v\u1edbi 5 c\u1ea5p \u0111\u1ed9, h\u1ed7 tr\u1ee3 t\u1ed1i \u0111a cho c\u00f4ng vi\u1ec7c n\u1ed9i tr\u1ee3, \u0111\u1ea3m b\u1ea3o t\u00ednh \u01b0u vi\u1ec7t cao khi n\u1ea5u n\u01b0\u1edbng.<\/li>\n<li><strong>Ch\u1ebf \u0111\u1ed9 h\u1eb9n gi\u1edd linh ho\u1ea1t:\u00a0<\/strong>Ch\u1ee9c n\u0103ng hi\u1ec7n \u0111\u1ea1i n\u00e0y gi\u00fap b\u1ea1n c\u00f3 th\u1ec3 t\u00f9y ch\u1ecdn th\u1eddi gian ho\u1ea1t \u0111\u1ed9ng hay t\u1eaft b\u1ebfp.<br \/>\nCh\u1ec9 c\u1ea7n h\u1eb9n gi\u1edd n\u1ea5u th\u00edch h\u1ee3p cho t\u1eebng m\u00f3n \u0103n, b\u1ebfp s\u1ebd ho\u1ea1t \u0111\u1ed9ng l\u00e0m ch\u00edn th\u1ef1c ph\u1ea9m v\u00e0 t\u1ef1 t\u1eaft khi h\u1ebft th\u1eddi gian h\u1eb9n. B\u1ea1n kh\u00f4ng c\u1ea7n tr\u1ef1c ti\u1ebfp \u0111\u1ee9ng b\u00ean b\u1ebfp m\u00e0 v\u1eabn ho\u00e0n th\u00e0nh nhanh g\u1ecdn vi\u1ec7c n\u1ea5u n\u01b0\u1edbng, gi\u1ea3m g\u00e1nh n\u1eb7ng cho ng\u01b0\u1eddi n\u1ed9i tr\u1ee3 b\u1eadn r\u1ed9n.<\/li>\n<\/ul>\n<h3><strong>Thi\u1ebft k\u1ebf v\u00f9ng n\u1ea5u linh ho\u1ea1t, hi\u1ec7n \u0111\u1ea1i<\/strong><\/h3>\n<p><strong>B\u1ebfp t\u1eeb Bosch PXV975DC1E\u00a0<\/strong>|Serie 8<strong>\u00a0<\/strong>g\u1ed3m 3 v\u00f9ng n\u1ea5u v\u1edbi k\u00edch th\u01b0\u1edbc \u0111a d\u1ea1ng, ph\u00f9 h\u1ee3p v\u1edbi nhi\u1ec1u lo\u1ea1i n\u1ed3i v\u1edbi k\u00edch c\u1ee1 kh\u00e1c nhau. B\u1ebfp \u0111\u01b0\u1ee3c trang b\u1ecb v\u00f9ng n\u1ea5u kh\u1ed5ng l\u1ed3 32cm v\u1edbi 2 v\u00f9ng Flex 23 x 40 cm, t\u1ef1 do t\u1ed1i \u0111a trong n\u1ea5u \u0103n, linh ho\u1ea1t khi n\u1ea5u n\u01b0\u1edbng. V\u1edbi v\u00f9ng c\u1ea3m \u1ee9ng Flex, b\u1ea1n c\u00f3 th\u1ec3 t\u1ef1 do \u0111\u1eb7t n\u1ed3i \u1edf b\u1ea5t k\u00ec v\u1ecb tr\u00ed n\u00e0o ho\u1eb7c to\u00e0n b\u1ed9 khu v\u1ef1c v\u00f9ng n\u1ea5u, cho ph\u00e9p ng\u01b0\u1eddi d\u00f9ng \u0111i\u1ec1u khi\u1ec3n n\u1ed3i ch\u1ea3o ri\u00eang bi\u1ec7t, c\u00f3 th\u1ec3 n\u1ea5u \u0103n b\u1eb1ng c\u1ea3 n\u1ed3i lo\u1ea1i to, nh\u1ecf hay c\u00e1c lo\u1ea1i ch\u1ea3o r\u00e1n, khay n\u01b0\u1edbng kh\u00e1c nhau.<\/p>\n<p><img decoding=\"async\" title=\"bep-tu-bosch-pxv975dc1e-02\" src=\"https:\/\/bepvuson.vn\/Data\/upload\/files\/MCSA00893236_527722_5_CMG633BS1_def(69).jpg\" alt=\"bep-tu-bosch-pxv975dc1e-02\" \/><\/p>\n<h3><strong>\u0110\u01b0\u1ee3c trang b\u1ecb c\u00e1c t\u00ednh n\u0103ng n\u1ea5u n\u01b0\u1edbng an to\u00e0n<\/strong><\/h3>\n<p>Mang \u01b0u \u0111i\u1ec3m chung c\u1ee7a d\u00f2ng b\u1ebfp t\u1eeb<strong>\u00a0Bosch<\/strong>,\u00a0<strong>Bosch PXV975DC1E\u00a0<\/strong>|Serie 8 \u0111\u01b0\u1ee3c trang b\u1ecb nhi\u1ec1u t\u00ednh n\u0103ng n\u1ea5u n\u01b0\u1edbng th\u00f4ng minh, an to\u00e0n, \u0111\u00e1p \u1ee9ng nhu c\u1ea7u n\u1ea5u n\u01b0\u1edbng trong cu\u1ed9c s\u1ed1ng hi\u1ec7n \u0111\u1ea1i. B\u1ebfp \u0111\u01b0\u1ee3c trang b\u1ecb ch\u1ee9c n\u0103ng c\u1ea3nh b\u00e1o nhi\u1ec7t d\u01b0 2 c\u1ea5p \u0111\u1ed9, t\u1ef1 ng\u1eaft khi c\u00f3 s\u1ef1 c\u1ed1, kh\u00f3a tr\u1ebb em an to\u00e0n ng\u0103n ng\u1eeba s\u1ef1 v\u00f4 t\u00ecnh b\u1eadt b\u1ebfp \u0111\u1ea3m b\u1ea3o an to\u00e0n cho tr\u1ebb nh\u1ecf, ch\u1ee9c n\u0103ng l\u00e0m s\u1ea1ch gi\u00fap v\u1ec7 sinh l\u00e0m s\u1ea1ch b\u1ec1 m\u1eb7t khi b\u1ebfp \u0111ang ho\u1ea1t \u0111\u1ed9ng b\u1eb1ng ph\u00edm kh\u00f3a t\u1ea1m th\u1eddi, h\u1ea1n ch\u1ebf t\u1ed5ng c\u00f4ng su\u1ea5t n\u1ea5u c\u1ee7a c\u1ea3 b\u1ebfp \u0111\u1ea3m b\u1ea3o an to\u00e0n cho ng\u01b0\u1eddi d\u00f9ng c\u0169ng nh\u01b0 c\u00e1c thi\u1ebft b\u1ecb \u0111i\u1ec7n kh\u00e1c,\u2026<\/p>\n","protected":false},"excerpt":{"rendered":"<ul>\n<li class=\"red\">Mua online &#8211; Xem h\u00e0ng t\u01b0 v\u1ea5n t\u1ea1i nh\u00e0 &#8211; Mi\u1ec5n ph\u00ed 100%<\/li>\n<li class=\"red\">Th\u1eddi gian giao h\u00e0ng: 4 &#8211; 12 ti\u1ebfng, c\u1ea3 T7 v\u00e0 CN.<\/li>\n<li class=\"red\">Mi\u1ec5n ph\u00ed l\u1eafp \u0111\u1eb7t 100% &#8211; G\u00f3i b\u1ea3o d\u01b0\u1ee1ng b\u1ea3o tr\u00ec tr\u1ecdn \u0111\u1eddi.<\/li>\n<li>\u0110\u1ed5i s\u1ea3n ph\u1ea9m l\u1ed7i mi\u1ec5n ph\u00ed trong\u00a07 ng\u00e0y.<\/li>\n<\/ul>\n","protected":false},"featured_media":76,"comment_status":"closed","ping_status":"closed","template":"","meta":[],"product_cat":[47,48,61,54,55,56,63,64,65,53,51,52,58,59,57,60,62,49,50,23,30,17,37,18,20,27,29,28,21,24,39,25,32,26,31,33],"product_tag":[],"class_list":["post-67","product","type-product","status-publish","has-post-thumbnail","hentry","product_cat-bep-dien-tu-lien-lo","product_cat-bep-dien-bep-tu-domino","product_cat-chao-ran-chao-xao","product_cat-chau-rua-da-2-ho","product_cat-chau-rua-inox-1-ho","product_cat-chau-rua-inox-2-ho","product_cat-gia-bat-dia-tu-tren","product_cat-gia-bat-dia-xoong-noi-tu-duoi","product_cat-gia-gia-vi-dao-thot","product_cat-may-hut-mui-am-tu","product_cat-may-hut-mui-ap-tuong","product_cat-may-hut-mui-dao","product_cat-may-loc-nuoc-de-gam-khong-tu","product_cat-may-loc-nuoc-kiem-nong-lanh","product_cat-may-loc-nuoc-tu-dung","product_cat-noi-bo-noi-nau","product_cat-noi-ap-suat","product_cat-san-pham-khuyen-mai","product_cat-san-pham-moi","product_cat-noi-that-tu-bep","product_cat-phu-kien-tu-bep","product_cat-bep-dien-bep-tu","product_cat-bep-dien-tu-ket-hop","product_cat-bep-dien-hong-ngoai","product_cat-bep-tu","product_cat-may-hut-mui","product_cat-may-rua-chen-bat","product_cat-may-loc-nuoc","product_cat-voi-rua-chen-bat","product_cat-lo-nuong-lo-vi-song","product_cat-lo-nuong","product_cat-lo-vi-song","product_cat-chau-rua-chen-bat","product_cat-may-say-chen-bat","product_cat-dien-gia-dung","product_cat-dien-may"],"yoast_head":"<!-- This site is optimized with the Yoast SEO plugin v19.3 - https:\/\/yoast.com\/wordpress\/plugins\/seo\/ -->\n<title>B\u1ebfp t\u1eeb Bosch HMH.PXV975DC1E - \u00c1 Ch\u00e2u H\u1ea3i D\u01b0\u01a1ng<\/title>\n<meta name=\"robots\" content=\"noindex, follow, max-snippet:-1, max-image-preview:large, max-video-preview:-1\" \/>\n<meta property=\"og:locale\" content=\"vi_VN\" \/>\n<meta property=\"og:type\" content=\"article\" \/>\n<meta property=\"og:title\" content=\"B\u1ebfp t\u1eeb Bosch HMH.PXV975DC1E - \u00c1 Ch\u00e2u H\u1ea3i D\u01b0\u01a1ng\" \/>\n<meta property=\"og:description\" content=\"Mua online - Xem h\u00e0ng t\u01b0 v\u1ea5n t\u1ea1i nh\u00e0 - Mi\u1ec5n ph\u00ed 100%  Th\u1eddi gian giao h\u00e0ng: 4 - 12 ti\u1ebfng, c\u1ea3 T7 v\u00e0 CN.  Mi\u1ec5n ph\u00ed l\u1eafp \u0111\u1eb7t 100% - G\u00f3i b\u1ea3o d\u01b0\u1ee1ng b\u1ea3o tr\u00ec tr\u1ecdn \u0111\u1eddi.  \u0110\u1ed5i s\u1ea3n ph\u1ea9m l\u1ed7i mi\u1ec5n ph\u00ed trong\u00a07 ng\u00e0y.\" \/>\n<meta property=\"og:url\" content=\"http:\/\/mau.hoabinhweb.com\/giadung1\/san-pham\/bep-tu-bosch-hmh-pxv975dc1e\/\" \/>\n<meta property=\"og:site_name\" content=\"\u00c1 Ch\u00e2u H\u1ea3i D\u01b0\u01a1ng\" \/>\n<meta property=\"article:modified_time\" content=\"2022-07-18T08:44:14+00:00\" \/>\n<meta property=\"og:image\" content=\"http:\/\/mau.hoabinhweb.com\/giadung1\/wp-content\/uploads\/2022\/03\/sanpham7.jpg\" \/>\n\t<meta property=\"og:image:width\" content=\"554\" \/>\n\t<meta property=\"og:image:height\" content=\"554\" \/>\n\t<meta property=\"og:image:type\" content=\"image\/jpeg\" \/>\n<meta name=\"twitter:card\" content=\"summary_large_image\" \/>\n<meta name=\"twitter:label1\" content=\"\u01af\u1edbc t\u00ednh th\u1eddi gian \u0111\u1ecdc\" \/>\n\t<meta name=\"twitter:data1\" content=\"5 ph\u00fat\" \/>\n<script type=\"application\/ld+json\" class=\"yoast-schema-graph\">{\"@context\":\"https:\/\/schema.org\",\"@graph\":[{\"@type\":\"WebSite\",\"@id\":\"http:\/\/mau.hoabinhweb.com\/giadung1\/#website\",\"url\":\"http:\/\/mau.hoabinhweb.com\/giadung1\/\",\"name\":\"\u00c1 Ch\u00e2u H\u1ea3i D\u01b0\u01a1ng\",\"description\":\"\",\"potentialAction\":[{\"@type\":\"SearchAction\",\"target\":{\"@type\":\"EntryPoint\",\"urlTemplate\":\"http:\/\/mau.hoabinhweb.com\/giadung1\/?s={search_term_string}\"},\"query-input\":\"required name=search_term_string\"}],\"inLanguage\":\"vi\"},{\"@type\":\"ImageObject\",\"inLanguage\":\"vi\",\"@id\":\"http:\/\/mau.hoabinhweb.com\/giadung1\/san-pham\/bep-tu-bosch-hmh-pxv975dc1e\/#primaryimage\",\"url\":\"http:\/\/mau.hoabinhweb.com\/giadung1\/wp-content\/uploads\/2022\/03\/sanpham7.jpg\",\"contentUrl\":\"http:\/\/mau.hoabinhweb.com\/giadung1\/wp-content\/uploads\/2022\/03\/sanpham7.jpg\",\"width\":554,\"height\":554,\"caption\":\"Sanpham7\"},{\"@type\":\"WebPage\",\"@id\":\"http:\/\/mau.hoabinhweb.com\/giadung1\/san-pham\/bep-tu-bosch-hmh-pxv975dc1e\/\",\"url\":\"http:\/\/mau.hoabinhweb.com\/giadung1\/san-pham\/bep-tu-bosch-hmh-pxv975dc1e\/\",\"name\":\"B\u1ebfp t\u1eeb Bosch HMH.PXV975DC1E - \u00c1 Ch\u00e2u H\u1ea3i D\u01b0\u01a1ng\",\"isPartOf\":{\"@id\":\"http:\/\/mau.hoabinhweb.com\/giadung1\/#website\"},\"primaryImageOfPage\":{\"@id\":\"http:\/\/mau.hoabinhweb.com\/giadung1\/san-pham\/bep-tu-bosch-hmh-pxv975dc1e\/#primaryimage\"},\"datePublished\":\"2022-03-29T15:59:44+00:00\",\"dateModified\":\"2022-07-18T08:44:14+00:00\",\"breadcrumb\":{\"@id\":\"http:\/\/mau.hoabinhweb.com\/giadung1\/san-pham\/bep-tu-bosch-hmh-pxv975dc1e\/#breadcrumb\"},\"inLanguage\":\"vi\",\"potentialAction\":[{\"@type\":\"ReadAction\",\"target\":[\"http:\/\/mau.hoabinhweb.com\/giadung1\/san-pham\/bep-tu-bosch-hmh-pxv975dc1e\/\"]}]},{\"@type\":\"BreadcrumbList\",\"@id\":\"http:\/\/mau.hoabinhweb.com\/giadung1\/san-pham\/bep-tu-bosch-hmh-pxv975dc1e\/#breadcrumb\",\"itemListElement\":[{\"@type\":\"ListItem\",\"position\":1,\"name\":\"Trang ch\u1ee7\",\"item\":\"http:\/\/mau.hoabinhweb.com\/giadung1\/\"},{\"@type\":\"ListItem\",\"position\":2,\"name\":\"S\u1ea3n ph\u1ea9m\",\"item\":\"http:\/\/mau.hoabinhweb.com\/giadung1\/san-pham\/\"},{\"@type\":\"ListItem\",\"position\":3,\"name\":\"B\u1ebfp t\u1eeb Bosch HMH.PXV975DC1E\"}]}]}<\/script>\n<!-- \/ Yoast SEO plugin. -->","yoast_head_json":{"title":"B\u1ebfp t\u1eeb Bosch HMH.PXV975DC1E - \u00c1 Ch\u00e2u H\u1ea3i D\u01b0\u01a1ng","robots":{"index":"noindex","follow":"follow","max-snippet":"max-snippet:-1","max-image-preview":"max-image-preview:large","max-video-preview":"max-video-preview:-1"},"og_locale":"vi_VN","og_type":"article","og_title":"B\u1ebfp t\u1eeb Bosch HMH.PXV975DC1E - \u00c1 Ch\u00e2u H\u1ea3i D\u01b0\u01a1ng","og_description":"Mua online - Xem h\u00e0ng t\u01b0 v\u1ea5n t\u1ea1i nh\u00e0 - Mi\u1ec5n ph\u00ed 100%  Th\u1eddi gian giao h\u00e0ng: 4 - 12 ti\u1ebfng, c\u1ea3 T7 v\u00e0 CN.  Mi\u1ec5n ph\u00ed l\u1eafp \u0111\u1eb7t 100% - G\u00f3i b\u1ea3o d\u01b0\u1ee1ng b\u1ea3o tr\u00ec tr\u1ecdn \u0111\u1eddi.  \u0110\u1ed5i s\u1ea3n ph\u1ea9m l\u1ed7i mi\u1ec5n ph\u00ed trong\u00a07 ng\u00e0y.","og_url":"http:\/\/mau.hoabinhweb.com\/giadung1\/san-pham\/bep-tu-bosch-hmh-pxv975dc1e\/","og_site_name":"\u00c1 Ch\u00e2u H\u1ea3i D\u01b0\u01a1ng","article_modified_time":"2022-07-18T08:44:14+00:00","og_image":[{"width":554,"height":554,"url":"http:\/\/mau.hoabinhweb.com\/giadung1\/wp-content\/uploads\/2022\/03\/sanpham7.jpg","type":"image\/jpeg"}],"twitter_card":"summary_large_image","twitter_misc":{"\u01af\u1edbc t\u00ednh th\u1eddi gian \u0111\u1ecdc":"5 ph\u00fat"},"schema":{"@context":"https:\/\/schema.org","@graph":[{"@type":"WebSite","@id":"http:\/\/mau.hoabinhweb.com\/giadung1\/#website","url":"http:\/\/mau.hoabinhweb.com\/giadung1\/","name":"\u00c1 Ch\u00e2u H\u1ea3i D\u01b0\u01a1ng","description":"","potentialAction":[{"@type":"SearchAction","target":{"@type":"EntryPoint","urlTemplate":"http:\/\/mau.hoabinhweb.com\/giadung1\/?s={search_term_string}"},"query-input":"required name=search_term_string"}],"inLanguage":"vi"},{"@type":"ImageObject","inLanguage":"vi","@id":"http:\/\/mau.hoabinhweb.com\/giadung1\/san-pham\/bep-tu-bosch-hmh-pxv975dc1e\/#primaryimage","url":"http:\/\/mau.hoabinhweb.com\/giadung1\/wp-content\/uploads\/2022\/03\/sanpham7.jpg","contentUrl":"http:\/\/mau.hoabinhweb.com\/giadung1\/wp-content\/uploads\/2022\/03\/sanpham7.jpg","width":554,"height":554,"caption":"Sanpham7"},{"@type":"WebPage","@id":"http:\/\/mau.hoabinhweb.com\/giadung1\/san-pham\/bep-tu-bosch-hmh-pxv975dc1e\/","url":"http:\/\/mau.hoabinhweb.com\/giadung1\/san-pham\/bep-tu-bosch-hmh-pxv975dc1e\/","name":"B\u1ebfp t\u1eeb Bosch HMH.PXV975DC1E - \u00c1 Ch\u00e2u H\u1ea3i D\u01b0\u01a1ng","isPartOf":{"@id":"http:\/\/mau.hoabinhweb.com\/giadung1\/#website"},"primaryImageOfPage":{"@id":"http:\/\/mau.hoabinhweb.com\/giadung1\/san-pham\/bep-tu-bosch-hmh-pxv975dc1e\/#primaryimage"},"datePublished":"2022-03-29T15:59:44+00:00","dateModified":"2022-07-18T08:44:14+00:00","breadcrumb":{"@id":"http:\/\/mau.hoabinhweb.com\/giadung1\/san-pham\/bep-tu-bosch-hmh-pxv975dc1e\/#breadcrumb"},"inLanguage":"vi","potentialAction":[{"@type":"ReadAction","target":["http:\/\/mau.hoabinhweb.com\/giadung1\/san-pham\/bep-tu-bosch-hmh-pxv975dc1e\/"]}]},{"@type":"BreadcrumbList","@id":"http:\/\/mau.hoabinhweb.com\/giadung1\/san-pham\/bep-tu-bosch-hmh-pxv975dc1e\/#breadcrumb","itemListElement":[{"@type":"ListItem","position":1,"name":"Trang ch\u1ee7","item":"http:\/\/mau.hoabinhweb.com\/giadung1\/"},{"@type":"ListItem","position":2,"name":"S\u1ea3n ph\u1ea9m","item":"http:\/\/mau.hoabinhweb.com\/giadung1\/san-pham\/"},{"@type":"ListItem","position":3,"name":"B\u1ebfp t\u1eeb Bosch HMH.PXV975DC1E"}]}]}},"_links":{"self":[{"href":"http:\/\/mau.hoabinhweb.com\/giadung1\/wp-json\/wp\/v2\/product\/67","targetHints":{"allow":["GET"]}}],"collection":[{"href":"http:\/\/mau.hoabinhweb.com\/giadung1\/wp-json\/wp\/v2\/product"}],"about":[{"href":"http:\/\/mau.hoabinhweb.com\/giadung1\/wp-json\/wp\/v2\/types\/product"}],"replies":[{"embeddable":true,"href":"http:\/\/mau.hoabinhweb.com\/giadung1\/wp-json\/wp\/v2\/comments?post=67"}],"wp:featuredmedia":[{"embeddable":true,"href":"http:\/\/mau.hoabinhweb.com\/giadung1\/wp-json\/wp\/v2\/media\/76"}],"wp:attachment":[{"href":"http:\/\/mau.hoabinhweb.com\/giadung1\/wp-json\/wp\/v2\/media?parent=67"}],"wp:term":[{"taxonomy":"product_cat","embeddable":true,"href":"http:\/\/mau.hoabinhweb.com\/giadung1\/wp-json\/wp\/v2\/product_cat?post=67"},{"taxonomy":"product_tag","embeddable":true,"href":"http:\/\/mau.hoabinhweb.com\/giadung1\/wp-json\/wp\/v2\/product_tag?post=67"}],"curies":[{"name":"wp","href":"https:\/\/api.w.org\/{rel}","templated":true}]}}