{"id":93,"date":"2022-03-30T03:55:08","date_gmt":"2022-03-30T03:55:08","guid":{"rendered":"https:\/\/thietbibephatinh.vn\/?page_id=93"},"modified":"2022-03-30T03:55:08","modified_gmt":"2022-03-30T03:55:08","slug":"gioi-thieu","status":"publish","type":"page","link":"http:\/\/mau.hoabinhweb.com\/giadung1\/gioi-thieu\/","title":{"rendered":"Gi\u1edbi thi\u1ec7u"},"content":{"rendered":"<p>Tr\u1ea3i qua 10 n\u0103m h\u00ecnh th\u00e0nh v\u00e0 ph\u00e1t tri\u1ec3n t\u1eeb \u00a0kinh doanh c\u00e1 th\u1ec3, v\u00e0 \u0111\u01b0\u1ee3c s\u1ef1 tin c\u1eady c\u1ee7a ng\u01b0\u1eddi ti\u00eau d\u00f9ng \u00a0\u00c1 Ch\u00e2u H\u1ea3i D\u01b0\u01a1ng \u0111\u00e3 ch\u00ednh th\u1ee9c tr\u1edf th\u00e0nh C\u00f4ng ty C\u1ed5 ph\u1ea7n thi\u1ebft b\u1ecb nh\u00e0 \u00c1 Ch\u00e2u H\u1ea3i D\u01b0\u01a1ng.<\/p>\n<p>L\u0129nh\u00a0v\u1ef1c ho\u1ea1t \u0111\u1ed9ng kinh doanh v\u1ec1 :<\/p>\n<p>&#8211;\u00a0\u00a0\u00a0\u00a0\u00a0\u00a0\u00a0D\u1ecbch v\u1ee5 Gas &amp; B\u1ebfp gas<\/p>\n<p>&#8211;\u00a0\u00a0\u00a0\u00a0\u00a0\u00a0\u00a0S\u1eeda ch\u1eefa v\u00e0 b\u1ea3o d\u01b0\u1ee1ng thi\u1ebft b\u1ecb ng\u00e0nh gas<\/p>\n<p>&#8211;\u00a0\u00a0\u00a0\u00a0\u00a0\u00a0\u00a0L\u1eafp \u0111\u1eb7t trang thi\u1ebft b\u1ecb h\u1ec7 th\u1ed1ng Gas c\u00f4ng nghi\u1ec7p.<\/p>\n<p>&#8211;\u00a0\u00a0\u00a0\u00a0\u00a0\u00a0\u00a0Kinh doanh thi\u1ebft b\u1ecb nh\u00e0 b\u1ebfp (B\u1ebfp gas \u00e2m &#8211; B\u1ebfp \u0111i\u1ec7n t\u1eeb &#8211; M\u00e1y h\u00fat m\u00f9i&#8230;)<\/p>\n<p>Hi\u1ec7n nay \u00c1 Ch\u00e2u H\u1ea3i D\u01b0\u01a1ng \u0111\u00e3 c\u00f3 4 c\u01a1 s\u1edf kinh doanh uy t\u00edn kh\u1eafp 3 mi\u1ec1n c\u1ea3 n\u01b0\u1edbc.<\/p>\n<h3>Quan \u0111i\u1ec3m kinh doanh c\u1ee7a c\u00f4ng ty:<\/h3>\n<p>Kh\u00e1ch h\u00e0ng l\u00e0 gi\u00e1 tr\u1ecb c\u01a1 b\u1ea3n c\u1ee7a b\u1ea5t k\u00ec doanh nghi\u1ec7p n\u00e0o \u0111\u00f3 c\u0169ng l\u00e0 l\u00fd do \u0111\u1ec3 doanh nghi\u1ec7p t\u1ed3n t\u1ea1i v\u00e0 ph\u00e1t tri\u1ec3n. \u0110\u1ed1i v\u1edbi ch\u00fang t\u00f4i kh\u00e1ch h\u00e0ng kh\u00f4ng ch\u1ec9 l\u00e0 Th\u01b0\u1ee3ng \u0110\u1ebf m\u00e0 c\u00f2n l\u00e0 nh\u1eefng ng\u01b0\u1eddi b\u1ea1n th\u00e2n thi\u1ebft, \u0111\u1ed3ng h\u00e0nh c\u00f9ng v\u1edbi ch\u00fang t\u00f4i trong qu\u00e1 tr\u00ecnh ph\u00e1t\u00a0\u00a0tri\u1ec3n.<\/p>\n<p>S\u1eed d\u1ee5ng thi\u1ebft b\u1ecb nh\u00e0 b\u1ebfp an to\u00e0n, ch\u1ea5t l\u01b0\u1ee3ng l\u00e0 s\u1ef1 quan t\u00e2m h\u00e0ng \u0111\u1ea7u c\u1ee7a b\u1ea5t c\u1ee9 ng\u01b0\u1eddi n\u1ed9i tr\u1ee3 n\u00e0o. \u00c1 Ch\u00e2u H\u1ea3i D\u01b0\u01a1ng l\u1eafng nghe, v\u00e0 th\u1ea5u hi\u1ec3u nh\u1eefng nhu c\u1ea7u \u0111\u00f3.<\/p>\n<p>Ch\u00fang t\u00f4i t\u00f4n tr\u1ecdng kh\u00e1ch h\u00e0ng v\u00e0 lu\u00f4n n\u1ed7 l\u1ef1c ph\u00e1t tri\u1ec3n \u0111\u1ec3 \u0111\u00e1p \u1ee9ng t\u1ed1t nh\u1ea5t y\u00eau c\u1ea7u v\u1ec1 ch\u1ea5t l\u01b0\u1ee3ng v\u00e0 s\u1ef1 tin t\u01b0\u1edfng c\u1ee7a kh\u00e1ch h\u00e0ng d\u00e0nh cho \u00c1 Ch\u00e2u H\u1ea3i D\u01b0\u01a1ng trong su\u1ed1t th\u1eddi gian qua.<\/p>\n<p>\u0110\u1eb7t ph\u01b0\u01a1ng ch\u00e2m \u201cCh\u1ea5t l\u01b0\u1ee3ng \u0111\u1ea3m b\u1ea3o, gi\u00e1 th\u00e0nh h\u1ee3p l\u00fd\u201d v\u00e0 uy t\u00edn l\u00ean h\u00e0ng \u0111\u1ea7u. Nhi\u1ec1u n\u0103m qua \u00c1 Ch\u00e2u H\u1ea3i D\u01b0\u01a1ng vinh d\u1ef1 \u0111\u01b0\u1ee3c ng\u01b0\u1eddi ti\u00eau d\u00f9ng b\u00ecnh ch\u1ecdn l\u00e0 m\u1ed9t trong nh\u1eefng \u0111\u1ecba ch\u1ec9 cung c\u1ea5p thi\u1ebft b\u1ecb nh\u00e0 b\u1ebfp ch\u00ednh h\u00e3ng, uy t\u00edn v\u1edbi kh\u00e1ch h\u00e0ng s\u1eed d\u1ee5ng c\u0169ng nh\u01b0 l\u00e0 \u0111\u1ea1i l\u00fd tin c\u1eady c\u1ee7a c\u00e1c h\u00e3ng s\u1ea3n xu\u1ea5t l\u1edbn tr\u00ean th\u1ebf gi\u1edbi.<\/p>\n<h3>S\u1ee9 m\u1ec7nh c\u1ee7a c\u00f4ng ty:<\/h3>\n<p>Tr\u1edf th\u00e0nh m\u1ed9t c\u00f4ng ty kinh doanh, ph\u00e2n ph\u1ed1i thi\u1ebft b\u1ecb nh\u00e0 b\u1ebfp v\u00e0 c\u00e1c s\u1ea3n ph\u1ea9m v\u1eadt t\u01b0 ng\u00e0nh b\u1ebfp ch\u00ednh h\u00e3ng, uy t\u00edn, ch\u1ea5t l\u01b0\u1ee3ng h\u00e0ng \u0111\u1ea7u Vi\u1ec7t Nam. Ph\u1ee5c v\u1ee5\u00a0\u00a0t\u1ed1t nh\u1ea5t cho c\u00e1c nhu c\u1ea7u s\u1eed d\u1ee5ng \u0111\u1ed3 d\u00f9ng nh\u00e0 b\u1ebfp c\u1ea3 n\u01b0\u1edbc v\u00e0 nh\u1eefng kh\u00e1ch h\u00e0ng m\u00e0 \u00c1 Ch\u00e2u H\u1ea3i D\u01b0\u01a1ng \u0111ang c\u00f3.<\/p>\n<h3>\u0110\u1ecbnh h\u01b0\u1edbng ph\u00e1t tri\u1ec3n c\u1ee7a c\u00f4ng ty:<\/h3>\n<p>&#8211;\u00a0\u00a0\u00a0\u00a0\u00a0\u00a0\u00a0Lu\u00f4n lu\u00f4n gi\u1eef v\u1eefng uy t\u00edn s\u1ef1 tin c\u1eady c\u1ee7a kh\u00e1ch h\u00e0ng\u00a0d\u00e0nh cho \u00c1 Ch\u00e2u H\u1ea3i D\u01b0\u01a1ng v\u00e0 ng\u00e0y c\u00e0ng ph\u00e1t tri\u1ec3n ho\u00e0n thi\u1ec7n m\u00ecnh h\u01a1n n\u1eefa \u0111\u1ec3 ph\u1ee5c v\u1ee5 t\u1ed1t nh\u1ea5t cho kh\u00e1ch h\u00e0ng.<\/p>\n<p>&#8211;\u00a0\u00a0\u00a0\u00a0\u00a0\u00a0\u00a0Cam k\u1ebft b\u00e1n c\u00e1c\u00a0s\u1ea3n ph\u1ea9m ch\u00ednh h\u00e3ng, \u0111a d\u1ea1ng h\u00f3a c\u00e1c s\u1ea3n ph\u1ea9m ch\u1ea5t l\u01b0\u1ee3ng c\u1ee7a c\u00e1c h\u00e3ng s\u1ea3n xu\u1ea5t uy t\u00edn tr\u00ean th\u1ebf gi\u1edbi.<\/p>\n<p>&#8211;\u00a0\u00a0\u00a0\u00a0\u00a0\u00a0\u00a0Gi\u00e1 c\u1ea3 c\u00e1c m\u1eb7t h\u00e0ng\u00a0lu\u00f4n c\u1ea1nh tranh tr\u00ean th\u1ecb tr\u01b0\u1eddng<\/p>\n<p>&#8211;\u00a0\u00a0\u00a0\u00a0\u00a0\u00a0\u00a0Ph\u01b0\u01a1ng th\u1ee9c giao h\u00e0ng nhanh an to\u00e0n, thu\u1eadn ti\u1ec7n cho kh\u00e1ch h\u00e0ng.<\/p>\n<p>T\u01b0 v\u1ea5n cho kh\u00e1ch h\u00e0ng nh\u1eefng gi\u1ea3i ph\u00e1p mua h\u00e0ng, c\u00e1ch s\u1eed d\u1ee5ng \u0111\u1ec3 ti\u1ebft ki\u1ec7m \u0111\u01b0\u1ee3c chi ph\u00ed m\u1ed9t c\u00e1ch t\u1ed1i \u01b0u nh\u1ea5t.<\/p>\n<p>&#8211;\u00a0\u00a0\u00a0\u00a0\u00a0\u00a0\u00a0X\u00e2y d\u1ef1ng nhi\u1ec1u ch\u01b0\u01a1ng tr\u00ecnh khuy\u1ebfn m\u00e3i h\u1ea5p d\u1eabn \u0111\u1ec3 tri \u00e2n kh\u00e1ch h\u00e0ng.<\/p>\n<p>&#8211;\u00a0\u00a0\u00a0\u00a0\u00a0\u00a0\u00a0V\u1edbi mong mu\u1ed1n ng\u00e0y c\u00e0ng ph\u1ee5c v\u1ee5 kh\u00e1ch h\u00e0ng chu \u0111\u00e1o h\u01a1n ch\u00fang t\u00f4i lu\u00f4n s\u1eb5n s\u00e0ng ti\u1ebfp nh\u1eadn v\u00e0 bi\u1ebft \u01a1n m\u1ecdi\u00a0\u00a0\u0111\u00f3ng g\u00f3p c\u1ee7a qu\u00fd kh\u00e1ch h\u00e0ng.<\/p>\n<p>&#8211;\u00a0\u00a0\u00a0\u00a0\u00a0\u00a0\u00a0M\u1ecdi th\u00f4ng tin xin li\u00ean h\u1ec7:<\/p>\n","protected":false},"excerpt":{"rendered":"<p>Tr\u1ea3i qua 10 n\u0103m h\u00ecnh th\u00e0nh v\u00e0 ph\u00e1t tri\u1ec3n t\u1eeb \u00a0kinh doanh c\u00e1 th\u1ec3, v\u00e0 \u0111\u01b0\u1ee3c s\u1ef1 tin c\u1eady c\u1ee7a ng\u01b0\u1eddi ti\u00eau d\u00f9ng \u00a0\u00c1 Ch\u00e2u H\u1ea3i D\u01b0\u01a1ng \u0111\u00e3 ch\u00ednh th\u1ee9c tr\u1edf th\u00e0nh C\u00f4ng ty C\u1ed5 ph\u1ea7n thi\u1ebft b\u1ecb nh\u00e0 \u00c1 Ch\u00e2u H\u1ea3i D\u01b0\u01a1ng. L\u0129nh\u00a0v\u1ef1c ho\u1ea1t \u0111\u1ed9ng kinh doanh v\u1ec1 : &#8211;\u00a0\u00a0\u00a0\u00a0\u00a0\u00a0\u00a0D\u1ecbch v\u1ee5 Gas &amp; B\u1ebfp<\/p>\n","protected":false},"author":1,"featured_media":0,"parent":0,"menu_order":0,"comment_status":"closed","ping_status":"closed","template":"","meta":{"footnotes":""},"class_list":["post-93","page","type-page","status-publish","hentry"],"yoast_head":"<!-- This site is optimized with the Yoast SEO plugin v19.3 - https:\/\/yoast.com\/wordpress\/plugins\/seo\/ -->\n<title>Gi\u1edbi thi\u1ec7u - \u00c1 Ch\u00e2u H\u1ea3i D\u01b0\u01a1ng<\/title>\n<meta name=\"robots\" content=\"noindex, follow, max-snippet:-1, max-image-preview:large, max-video-preview:-1\" \/>\n<meta property=\"og:locale\" content=\"vi_VN\" \/>\n<meta property=\"og:type\" content=\"article\" \/>\n<meta property=\"og:title\" content=\"Gi\u1edbi thi\u1ec7u - \u00c1 Ch\u00e2u H\u1ea3i D\u01b0\u01a1ng\" \/>\n<meta property=\"og:description\" content=\"Tr\u1ea3i qua 10 n\u0103m h\u00ecnh th\u00e0nh v\u00e0 ph\u00e1t tri\u1ec3n t\u1eeb \u00a0kinh doanh c\u00e1 th\u1ec3, v\u00e0 \u0111\u01b0\u1ee3c s\u1ef1 tin c\u1eady c\u1ee7a ng\u01b0\u1eddi ti\u00eau d\u00f9ng \u00a0\u00c1 Ch\u00e2u H\u1ea3i D\u01b0\u01a1ng \u0111\u00e3 ch\u00ednh th\u1ee9c tr\u1edf th\u00e0nh C\u00f4ng ty C\u1ed5 ph\u1ea7n thi\u1ebft b\u1ecb nh\u00e0 \u00c1 Ch\u00e2u H\u1ea3i D\u01b0\u01a1ng. L\u0129nh\u00a0v\u1ef1c ho\u1ea1t \u0111\u1ed9ng kinh doanh v\u1ec1 : &#8211;\u00a0\u00a0\u00a0\u00a0\u00a0\u00a0\u00a0D\u1ecbch v\u1ee5 Gas &amp; B\u1ebfp\" \/>\n<meta property=\"og:url\" content=\"http:\/\/mau.hoabinhweb.com\/giadung1\/gioi-thieu\/\" \/>\n<meta property=\"og:site_name\" content=\"\u00c1 Ch\u00e2u H\u1ea3i D\u01b0\u01a1ng\" \/>\n<meta name=\"twitter:card\" content=\"summary_large_image\" \/>\n<meta name=\"twitter:label1\" content=\"\u01af\u1edbc t\u00ednh th\u1eddi gian \u0111\u1ecdc\" \/>\n\t<meta name=\"twitter:data1\" content=\"4 ph\u00fat\" \/>\n<script type=\"application\/ld+json\" class=\"yoast-schema-graph\">{\"@context\":\"https:\/\/schema.org\",\"@graph\":[{\"@type\":\"WebSite\",\"@id\":\"http:\/\/mau.hoabinhweb.com\/giadung1\/#website\",\"url\":\"http:\/\/mau.hoabinhweb.com\/giadung1\/\",\"name\":\"\u00c1 Ch\u00e2u H\u1ea3i D\u01b0\u01a1ng\",\"description\":\"\",\"potentialAction\":[{\"@type\":\"SearchAction\",\"target\":{\"@type\":\"EntryPoint\",\"urlTemplate\":\"http:\/\/mau.hoabinhweb.com\/giadung1\/?s={search_term_string}\"},\"query-input\":\"required name=search_term_string\"}],\"inLanguage\":\"vi\"},{\"@type\":\"WebPage\",\"@id\":\"http:\/\/mau.hoabinhweb.com\/giadung1\/gioi-thieu\/\",\"url\":\"http:\/\/mau.hoabinhweb.com\/giadung1\/gioi-thieu\/\",\"name\":\"Gi\u1edbi thi\u1ec7u - \u00c1 Ch\u00e2u H\u1ea3i D\u01b0\u01a1ng\",\"isPartOf\":{\"@id\":\"http:\/\/mau.hoabinhweb.com\/giadung1\/#website\"},\"datePublished\":\"2022-03-30T03:55:08+00:00\",\"dateModified\":\"2022-03-30T03:55:08+00:00\",\"breadcrumb\":{\"@id\":\"http:\/\/mau.hoabinhweb.com\/giadung1\/gioi-thieu\/#breadcrumb\"},\"inLanguage\":\"vi\",\"potentialAction\":[{\"@type\":\"ReadAction\",\"target\":[\"http:\/\/mau.hoabinhweb.com\/giadung1\/gioi-thieu\/\"]}]},{\"@type\":\"BreadcrumbList\",\"@id\":\"http:\/\/mau.hoabinhweb.com\/giadung1\/gioi-thieu\/#breadcrumb\",\"itemListElement\":[{\"@type\":\"ListItem\",\"position\":1,\"name\":\"Trang ch\u1ee7\",\"item\":\"http:\/\/mau.hoabinhweb.com\/giadung1\/\"},{\"@type\":\"ListItem\",\"position\":2,\"name\":\"Gi\u1edbi thi\u1ec7u\"}]}]}<\/script>\n<!-- \/ Yoast SEO plugin. -->","yoast_head_json":{"title":"Gi\u1edbi thi\u1ec7u - \u00c1 Ch\u00e2u H\u1ea3i D\u01b0\u01a1ng","robots":{"index":"noindex","follow":"follow","max-snippet":"max-snippet:-1","max-image-preview":"max-image-preview:large","max-video-preview":"max-video-preview:-1"},"og_locale":"vi_VN","og_type":"article","og_title":"Gi\u1edbi thi\u1ec7u - \u00c1 Ch\u00e2u H\u1ea3i D\u01b0\u01a1ng","og_description":"Tr\u1ea3i qua 10 n\u0103m h\u00ecnh th\u00e0nh v\u00e0 ph\u00e1t tri\u1ec3n t\u1eeb \u00a0kinh doanh c\u00e1 th\u1ec3, v\u00e0 \u0111\u01b0\u1ee3c s\u1ef1 tin c\u1eady c\u1ee7a ng\u01b0\u1eddi ti\u00eau d\u00f9ng \u00a0\u00c1 Ch\u00e2u H\u1ea3i D\u01b0\u01a1ng \u0111\u00e3 ch\u00ednh th\u1ee9c tr\u1edf th\u00e0nh C\u00f4ng ty C\u1ed5 ph\u1ea7n thi\u1ebft b\u1ecb nh\u00e0 \u00c1 Ch\u00e2u H\u1ea3i D\u01b0\u01a1ng. L\u0129nh\u00a0v\u1ef1c ho\u1ea1t \u0111\u1ed9ng kinh doanh v\u1ec1 : &#8211;\u00a0\u00a0\u00a0\u00a0\u00a0\u00a0\u00a0D\u1ecbch v\u1ee5 Gas &amp; B\u1ebfp","og_url":"http:\/\/mau.hoabinhweb.com\/giadung1\/gioi-thieu\/","og_site_name":"\u00c1 Ch\u00e2u H\u1ea3i D\u01b0\u01a1ng","twitter_card":"summary_large_image","twitter_misc":{"\u01af\u1edbc t\u00ednh th\u1eddi gian \u0111\u1ecdc":"4 ph\u00fat"},"schema":{"@context":"https:\/\/schema.org","@graph":[{"@type":"WebSite","@id":"http:\/\/mau.hoabinhweb.com\/giadung1\/#website","url":"http:\/\/mau.hoabinhweb.com\/giadung1\/","name":"\u00c1 Ch\u00e2u H\u1ea3i D\u01b0\u01a1ng","description":"","potentialAction":[{"@type":"SearchAction","target":{"@type":"EntryPoint","urlTemplate":"http:\/\/mau.hoabinhweb.com\/giadung1\/?s={search_term_string}"},"query-input":"required name=search_term_string"}],"inLanguage":"vi"},{"@type":"WebPage","@id":"http:\/\/mau.hoabinhweb.com\/giadung1\/gioi-thieu\/","url":"http:\/\/mau.hoabinhweb.com\/giadung1\/gioi-thieu\/","name":"Gi\u1edbi thi\u1ec7u - \u00c1 Ch\u00e2u H\u1ea3i D\u01b0\u01a1ng","isPartOf":{"@id":"http:\/\/mau.hoabinhweb.com\/giadung1\/#website"},"datePublished":"2022-03-30T03:55:08+00:00","dateModified":"2022-03-30T03:55:08+00:00","breadcrumb":{"@id":"http:\/\/mau.hoabinhweb.com\/giadung1\/gioi-thieu\/#breadcrumb"},"inLanguage":"vi","potentialAction":[{"@type":"ReadAction","target":["http:\/\/mau.hoabinhweb.com\/giadung1\/gioi-thieu\/"]}]},{"@type":"BreadcrumbList","@id":"http:\/\/mau.hoabinhweb.com\/giadung1\/gioi-thieu\/#breadcrumb","itemListElement":[{"@type":"ListItem","position":1,"name":"Trang ch\u1ee7","item":"http:\/\/mau.hoabinhweb.com\/giadung1\/"},{"@type":"ListItem","position":2,"name":"Gi\u1edbi thi\u1ec7u"}]}]}},"_links":{"self":[{"href":"http:\/\/mau.hoabinhweb.com\/giadung1\/wp-json\/wp\/v2\/pages\/93","targetHints":{"allow":["GET"]}}],"collection":[{"href":"http:\/\/mau.hoabinhweb.com\/giadung1\/wp-json\/wp\/v2\/pages"}],"about":[{"href":"http:\/\/mau.hoabinhweb.com\/giadung1\/wp-json\/wp\/v2\/types\/page"}],"author":[{"embeddable":true,"href":"http:\/\/mau.hoabinhweb.com\/giadung1\/wp-json\/wp\/v2\/users\/1"}],"replies":[{"embeddable":true,"href":"http:\/\/mau.hoabinhweb.com\/giadung1\/wp-json\/wp\/v2\/comments?post=93"}],"version-history":[{"count":0,"href":"http:\/\/mau.hoabinhweb.com\/giadung1\/wp-json\/wp\/v2\/pages\/93\/revisions"}],"wp:attachment":[{"href":"http:\/\/mau.hoabinhweb.com\/giadung1\/wp-json\/wp\/v2\/media?parent=93"}],"curies":[{"name":"wp","href":"https:\/\/api.w.org\/{rel}","templated":true}]}}