{"id":88,"date":"2022-07-10T13:19:22","date_gmt":"2022-07-10T06:19:22","guid":{"rendered":"http:\/\/mau.hoabinhweb.com\/ghemassa1\/?post_type=product&#038;p=88"},"modified":"2022-08-04T18:07:17","modified_gmt":"2022-08-04T11:07:17","slug":"ghe-massage-kangwon-boss-chair-luxury-68","status":"publish","type":"product","link":"http:\/\/mau.hoabinhweb.com\/ghemassa2\/san-pham\/ghe-massage-kangwon-boss-chair-luxury-68\/","title":{"rendered":"Gh\u1ebf Massage Kangwon Boss Chair Luxury 68"},"content":{"rendered":"<p dir=\"ltr\"><strong>BOSS CHAIR LUXURY 1 &#8211; TR\u1ea2I NGHI\u1ec6M NG\u1ee6 S\u00c2U NH\u01af N\u1eb0M TRONG N\u00d4I C\u1ee6A C\u00c1C EM B\u00c9\u00a0<\/strong><\/p>\n<p dir=\"ltr\">B\u1ed9n b\u1ec1 c\u00f4ng vi\u1ec7c c\u00f9ng v\u1edbi nh\u1eefng \u00e1p l\u1ef1c trong cu\u1ed9c s\u1ed1ng th\u00ec vi\u1ec7c t\u00ecm ki\u1ebfm m\u1ed9t gi\u1ea5c ng\u1ee7 s\u00e2u v\u00e0 c\u00f3 m\u1ed9t tinh th\u1ea7n th\u01b0 th\u00e1i l\u1ea1i c\u00e0ng kh\u00f3. Gh\u1ebf massage to\u00e0n th\u00e2n Boss Chair Luxury 1 &#8211; m\u1ed9t trong nh\u1eefng s\u1ea3n ph\u1ea9m thu\u1ed9c ph\u00e2n kh\u00fac cao c\u1ea5p c\u1ee7a Kangwon \u0111\u00e2y l\u00e0 m\u1ed9t chi\u1ebfc gh\u1ebf ho\u00e0n thi\u1ec7n v\u1ec1 t\u00ednh n\u0103ng l\u1eabn thi\u1ebft k\u1ebf, Boss Chair Luxury 1 ch\u00ednh l\u00e0 chi\u1ebfc gh\u1ebf gi\u00fap c\u1ea3 gia \u0111\u00ecnh th\u01b0 gi\u00e3n, c\u1ea3i thi\u1ec7n gi\u1ea5c ng\u1ee7 v\u00e0 b\u1eaft \u0111\u1ea7u m\u1ed9t ng\u00e0y m\u1edbi n\u0103ng l\u01b0\u1ee3ng.<\/p>\n<p dir=\"ltr\"><strong>\u01afU \u0110I\u1ec2M N\u1ed4I B\u1eacT\u00a0<\/strong><\/p>\n<p dir=\"ltr\"><strong><img decoding=\"async\" src=\"https:\/\/lh4.googleusercontent.com\/8izE77M51qEkwaRLWKRUGsiI5-ufuFnvPt1Ad0nC96IwqVtGzcRneOlPPxszMAwG8UihcnMF1lTBhGIYeiBnY9biGmoatUVAigKzRtEpATxUF1tXjnJKz8ata-m-hkwu5hrS8IzT\" \/><\/strong><\/p>\n<p dir=\"ltr\"><strong>C\u00f4ng ngh\u1ec7 c\u1ea3i ti\u1ebfn con l\u0103n di chuy\u1ec3n\u00a0<\/strong><\/p>\n<p dir=\"ltr\"><strong><img decoding=\"async\" src=\"https:\/\/lh3.googleusercontent.com\/dfLhUlsJD9l4nSxCXFiYoJYhNd1rqFQTONQGMci8cIYICOvHyUVvlSBF9ANwnfkuAcF11VzwnyOWMlMZ-fODTA8bypihjJmyTHOCuGq5YvY19jg3pUfqRei5xNTpLJkCbhyRmNKN\" \/><\/strong><\/p>\n<p dir=\"ltr\">Con l\u0103n c\u1ee7a gh\u1ebf massage to\u00e0n th\u00e2n Boss Chair Luxury 1 \u0111\u01b0\u1ee3c c\u1ea3i ti\u1ebfn l\u00ean con l\u0103n di chuy\u1ec3n d\u00f2 t\u00ecm huy\u1ec7t \u0111\u1ea1o, di chuy\u1ec3n d\u1ecdc kh\u1eafp c\u00e1c v\u00f9ng c\u1ee7a c\u01a1 th\u1ec3, ngo\u00e0i c\u00e1c v\u00f9ng l\u01b0ng vai t\u00e1c \u0111\u1ed9ng s\u00e2u \u0111\u1ebfn c\u00e1c v\u00f9ng m\u00f4ng, \u0111\u00f9i, x\u01b0\u01a1ng c\u1ee5t,&#8230;Th\u1ef1c hi\u1ec7n c\u00e1c \u0111\u1ed9ng t\u00e1c b\u00f3p, \u0111\u1ea5m, v\u1ed7, day,&#8230;cho nh\u1eefng tr\u1ea3i nghi\u1ec7m v\u00f4 c\u00f9ng ch\u00e2n th\u1ef1c nh\u01b0 ch\u00ednh b\u00e0n tay con ng\u01b0\u1eddi gi\u00fap th\u01b0 gi\u00e3n v\u00e0 xoa d\u1ecbu c\u00e1c c\u01a1n \u0111au nhanh ch\u00f3ng. Con l\u0103n \u0111\u01b0\u1ee3c b\u1ed1 tr\u00ed c\u1ea3 \u1edf ph\u1ea7n l\u00f2ng b\u00e0n ch\u00e2n, massage l\u00f2ng b\u00e0n ch\u00e2n gi\u00fap c\u1ea3i thi\u1ec7n tu\u1ea7n ho\u00e0n m\u00e1u cho c\u01a1 th\u1ec3 \u0111\u1ed3ng th\u1eddi l\u00e0m th\u01b0 gi\u00e3n c\u00e1c d\u00e2y th\u1ea7n kinh trung mang \u0111\u1ebfn cho b\u1ea1n nh\u1eefng gi\u1ea5c ng\u1ee7 s\u00e2u<\/p>\n<p dir=\"ltr\"><strong>M\u00e0n h\u00ecnh LED \u0111i\u1ec1u khi\u1ec3n th\u00f4ng minh v\u1edbi 6 b\u00e0i t\u1eadp massage<\/strong><\/p>\n<p dir=\"ltr\">Bao g\u1ed3m 6 b\u00e0i massage b\u1ea1n c\u00f3 th\u1ec3 \u0111i\u1ec1u ch\u1ec9nh ch\u1ebf \u0111\u1ed9 massage to\u00e0n th\u00e2n ho\u1eb7c chia t\u1eebng v\u00f9ng ri\u00eang bi\u1ec7t th\u1ec3 hi\u1ec7n r\u00f5 tr\u00ean m\u00e0n h\u00ecnh c\u1ea3m \u1ee9ng. L\u1ef1a ch\u1ecdn b\u00e0i t\u1eadp v\u00e0 \u0111i\u1ec1u ch\u1ec9nh c\u1ea5p \u0111\u1ed9 nh\u1eb9, v\u1eeba, m\u1ea1nh t\u1eebng v\u00f9ng t\u00f9y \u00fd. C\u00e1c b\u00e0i t\u1eadp \u0111\u1ec1u \u0111\u01b0\u1ee3c nghi\u00ean c\u1ee9u c\u01a1 ch\u1ebf d\u1ef1a tr\u00ean nh\u1eefng ng\u01b0\u1eddi m\u1eafc c\u00e1c b\u1ec7nh l\u00fd v\u1ec1 x\u01b0\u01a1ng kh\u1edbp, tho\u00e1i h\u00f3a \u0111\u1ed1t s\u1ed1ng c\u1ed5, th\u01b0\u1eddng xuy\u00ean b\u1ecb \u0111au l\u01b0ng, t\u00ea b\u00ec ch\u00e2n tay<\/p>\n<p dir=\"ltr\"><strong>40 t\u00fai kh\u00ed k\u00e9p \u0111\u1ed1i x\u1ee9ng\u00a0<\/strong><\/p>\n<p dir=\"ltr\"><strong><img decoding=\"async\" src=\"https:\/\/lh6.googleusercontent.com\/7woK1nG_s3C3VeOXNRoU0x4GB3HrR1iHmliz-BKrwKorzg_CBsYzXEMKK_dQ7ZA9v6f75WaaRZ1kzxfIpAEH49gw1Dd2LMwowU6eugdsdJkpEsRxr8AXvVI1wrNjoj4RKiMHvSXr\" \/><\/strong><\/p>\n<p dir=\"ltr\"><strong><img decoding=\"async\" src=\"https:\/\/lh5.googleusercontent.com\/MTNtKzByXGfo6NJ7NCb19xRYdLi1x8KYpWawkBS4D4EpeyUkAh2q2w3sxlxXmhMr-452KhZLV7KW7Xb3KQIMURka2K1z_HH6wB8rFwKsE2jv73DC3a7wNn7FoxYobA6AI1ygKETx\" \/><\/strong><\/p>\n<p dir=\"ltr\">40 t\u00fai kh\u00ed k\u00e9p c\u00e1c t\u00fai kh\u00ed \u0111\u01b0\u1ee3c b\u1ed1 tr\u00ed \u0111\u1ed1i x\u1ee9ng tr\u1ea3i kh\u1eafp v\u00f9ng vai, c\u00e1nh tay, b\u1eafp ch\u00e2n d\u00f9ng l\u1ef1c n\u00e9n \u0111\u00f3ng m\u1edf nh\u1ecbp nh\u00e0ng. Ho\u1ea1t \u0111\u1ed9ng theo c\u01a1 ch\u1ebf \u00e9p n\u00e9n \u0111\u1ec3 t\u00e1c \u0111\u1ed9ng \u0111\u1ebfn c\u00e1c ph\u1ea7n c\u01a1 m\u1ec1m gi\u00fap ch\u1ed1ng c\u0103ng c\u1ee9ng c\u01a1, gi\u1ea3m ph\u00f9 n\u1ec1, t\u0103ng \u0111\u1ed9 \u0111\u00e0n h\u1ed3i cho c\u00e1c b\u00f3 c\u01a1, \u0111\u1eb7c bi\u1ec7t \u0111\u1ed1i v\u1edbi ng\u01b0\u1eddi\u00a0l\u1edbn tu\u1ed5i.<\/p><p dir=\"ltr\"><strong>Nhi\u1ec7t h\u1ed3ng ngo\u1ea1i\u00a0<\/strong><\/p>\n<p dir=\"ltr\"><strong><img decoding=\"async\" src=\"https:\/\/lh6.googleusercontent.com\/6UAvjmfdOqGX9WKwG9XEUAdtR_hj7XA36WJtoFdDaA5UzeCeJFcCLqMQz3Q4DEmD6uM1ut2z4AHOKYI37TrtT0kRK5n4tQoic9sVtplxd0iGRQXV4ywnD-5CLPkqBkyBq6aSplVf\" \/><\/strong><\/p>\n<p dir=\"ltr\">Nhi\u1ec7t h\u1ed3ng ngo\u1ea1i tr\u1ea3i kh\u1eafp c\u00e1c v\u00f9ng l\u01b0ng, t\u1ecfa nhi\u1ec7t v\u00e0 ch\u01b0\u1eddm n\u00f3ng gi\u00fap hi\u1ec7u qu\u1ea3 massage \u0111\u1ea1t t\u1ed1i \u0111a, \u0111em l\u1ea1i c\u1ea3m gi\u00e1c khoan kho\u00e1i cho ng\u01b0\u1eddi s\u1eed d\u1ee5ng<\/p>\n<p dir=\"ltr\"><strong>T\u00ednh n\u0103ng ru ng\u1ee7 nh\u01b0 n\u1eb1m trong n\u00f4i c\u1ee7a c\u00e1c em b\u00e9\u00a0<\/strong><\/p>\n<p dir=\"ltr\">Boss Chair Luxury 1 s\u1eed d\u1ee5ng t\u00ednh n\u0103ng ru ng\u1ee7 th\u00f4ng minh, ho\u1ea1t \u0111\u1ed9ng theo c\u01a1 ch\u1ebf \u0111ong \u0111\u01b0a nh\u1eb9 nh\u00e0ng nh\u01b0 n\u1eb1m trong n\u00f4i c\u1ee7a em b\u00e9 gi\u00fap ch\u00fang ta d\u1ec5 d\u00e0ng \u0111i v\u00e0o gi\u1ea5c ng\u1ee7 v\u00e0 c\u00f3 m\u1ed9t gi\u1ea5c ng\u1ee7 s\u00e2u h\u01a1n<\/p>\n<p dir=\"ltr\"><strong>\u0110\u1ea7y \u0111\u1ee7 c\u00e1c t\u00ednh n\u0103ng kh\u00e1c nh\u01b0 kh\u00f4ng tr\u1ecdng l\u1ef1c, k\u1ebft n\u1ed1i bluetooth, nghe nh\u1ea1c Hifi\u00a0<\/strong><\/p>\n<p dir=\"ltr\"><strong><img decoding=\"async\" src=\"https:\/\/lh5.googleusercontent.com\/3a1ou3_Gipsmr6YNU-R-jTVwK5toCjrU--edwaLqTl7UTHhsaOMIIp2moui9Ub305lCkAe12Kmfa9Yc1wJ7vFaaRyrOqeCb910U0uTM3CV24uyAe4wq6VKniBbNpU_sHG93ob-Ed\" \/><\/strong><\/p>\n<p dir=\"ltr\">Th\u01b0\u1edfng th\u1ee9c \u00e2m nh\u1ea1c c\u00f9ng ch\u1ea5t l\u01b0\u1ee3ng \u00e2m thanh s\u1ed1ng \u0111\u1ed9ng. B\u1ea1n c\u00f3 th\u1ec3 th\u01b0 gi\u00e3n theo c\u00e1ch m\u00ecnh mong mu\u1ed1n nh\u1ea5t m\u00e0 kh\u00f4ng c\u1ea7n th\u00eam nh\u1eefng thi\u1ebft b\u1ecb th\u00f4ng minh n\u00e0o.<\/p>\n","protected":false},"excerpt":{"rendered":"<ol>\n<li>T\u1eb7ng 10 n\u0103m b\u1ea3o h\u00e0nh<\/li>\n<li>T\u1eb7ng:\n<ul>\n<li>Mi\u1ec5n ph\u00ed 18 th\u00e1ng g\u00f3i K+<\/li>\n<li>Mi\u1ec5n ph\u00ed d\u00e1n b\u1ea3o v\u1ec7 gh\u1ebf massage<\/li>\n<li>T\u1eb7ng 1 n\u0103m g\u00f3i B\u1ea2O H\u00c0NH V\u00c0NG<\/li>\n<li>Mi\u1ec5n ph\u00ed v\u1eadn chuy\u1ec3n<\/li>\n<\/ul>\n<\/li>\n<li>Mi\u1ec5n ph\u00ed c\u00f4ng l\u1eb7p \u0111\u1eb7t, h\u01b0\u1edbng d\u1eabn s\u1eed d\u1ee5ng gh\u1ebf<\/li>\n<\/ol>\n","protected":false},"featured_media":89,"comment_status":"open","ping_status":"closed","template":"","meta":[],"product_cat":[22,23,20,19,21],"product_tag":[],"class_list":["post-88","product","type-product","status-publish","has-post-thumbnail","hentry","product_cat-ghe-masssa-cao-cap","product_cat-ghe-masssa-pho-thong","product_cat-san-pham-hot","product_cat-san-pham-khuyen-mai","product_cat-uu-dai-dac-biet"],"acf":[],"yoast_head":"<!-- This site is optimized with the Yoast SEO plugin v19.4 - https:\/\/yoast.com\/wordpress\/plugins\/seo\/ -->\n<title>Gh\u1ebf Massage Kangwon Boss Chair Luxury 68 - Kangwon Group<\/title>\n<meta name=\"robots\" content=\"noindex, follow, max-snippet:-1, max-image-preview:large, max-video-preview:-1\" \/>\n<meta property=\"og:locale\" content=\"vi_VN\" \/>\n<meta property=\"og:type\" content=\"article\" \/>\n<meta property=\"og:title\" content=\"Gh\u1ebf Massage Kangwon Boss Chair Luxury 68 - Kangwon Group\" \/>\n<meta property=\"og:description\" content=\"T\u1eb7ng 10 n\u0103m b\u1ea3o h\u00e0nh  T\u1eb7ng:   Mi\u1ec5n ph\u00ed 18 th\u00e1ng g\u00f3i K+  Mi\u1ec5n ph\u00ed d\u00e1n b\u1ea3o v\u1ec7 gh\u1ebf massage  T\u1eb7ng 1 n\u0103m g\u00f3i B\u1ea2O H\u00c0NH V\u00c0NG  Mi\u1ec5n ph\u00ed v\u1eadn chuy\u1ec3n    Mi\u1ec5n ph\u00ed c\u00f4ng l\u1eb7p \u0111\u1eb7t, h\u01b0\u1edbng d\u1eabn s\u1eed d\u1ee5ng gh\u1ebf\" \/>\n<meta property=\"og:url\" content=\"http:\/\/mau.hoabinhweb.com\/ghemassa2\/san-pham\/ghe-massage-kangwon-boss-chair-luxury-68\/\" \/>\n<meta property=\"og:site_name\" content=\"Kangwon Group\" \/>\n<meta property=\"article:modified_time\" content=\"2022-08-04T11:07:17+00:00\" \/>\n<meta property=\"og:image\" content=\"http:\/\/mau.hoabinhweb.com\/ghemassa2\/wp-content\/uploads\/2022\/07\/sanpham11.jpg\" \/>\n\t<meta property=\"og:image:width\" content=\"600\" \/>\n\t<meta property=\"og:image:height\" content=\"600\" \/>\n\t<meta property=\"og:image:type\" content=\"image\/jpeg\" \/>\n<meta name=\"twitter:card\" content=\"summary_large_image\" \/>\n<meta name=\"twitter:label1\" content=\"\u01af\u1edbc t\u00ednh th\u1eddi gian \u0111\u1ecdc\" \/>\n\t<meta name=\"twitter:data1\" content=\"5 ph\u00fat\" \/>\n<script type=\"application\/ld+json\" class=\"yoast-schema-graph\">{\"@context\":\"https:\/\/schema.org\",\"@graph\":[{\"@type\":\"WebSite\",\"@id\":\"http:\/\/mau.hoabinhweb.com\/ghemassa2\/#website\",\"url\":\"http:\/\/mau.hoabinhweb.com\/ghemassa2\/\",\"name\":\"Kangwon Group\",\"description\":\"\",\"potentialAction\":[{\"@type\":\"SearchAction\",\"target\":{\"@type\":\"EntryPoint\",\"urlTemplate\":\"http:\/\/mau.hoabinhweb.com\/ghemassa2\/?s={search_term_string}\"},\"query-input\":\"required name=search_term_string\"}],\"inLanguage\":\"vi\"},{\"@type\":\"WebPage\",\"@id\":\"http:\/\/mau.hoabinhweb.com\/ghemassa2\/san-pham\/ghe-massage-kangwon-boss-chair-luxury-68\/\",\"url\":\"http:\/\/mau.hoabinhweb.com\/ghemassa2\/san-pham\/ghe-massage-kangwon-boss-chair-luxury-68\/\",\"name\":\"Gh\u1ebf Massage Kangwon Boss Chair Luxury 68 - Kangwon Group\",\"isPartOf\":{\"@id\":\"http:\/\/mau.hoabinhweb.com\/ghemassa2\/#website\"},\"datePublished\":\"2022-07-10T06:19:22+00:00\",\"dateModified\":\"2022-08-04T11:07:17+00:00\",\"breadcrumb\":{\"@id\":\"http:\/\/mau.hoabinhweb.com\/ghemassa2\/san-pham\/ghe-massage-kangwon-boss-chair-luxury-68\/#breadcrumb\"},\"inLanguage\":\"vi\",\"potentialAction\":[{\"@type\":\"ReadAction\",\"target\":[\"http:\/\/mau.hoabinhweb.com\/ghemassa2\/san-pham\/ghe-massage-kangwon-boss-chair-luxury-68\/\"]}]},{\"@type\":\"BreadcrumbList\",\"@id\":\"http:\/\/mau.hoabinhweb.com\/ghemassa2\/san-pham\/ghe-massage-kangwon-boss-chair-luxury-68\/#breadcrumb\",\"itemListElement\":[{\"@type\":\"ListItem\",\"position\":1,\"name\":\"Trang ch\u1ee7\",\"item\":\"http:\/\/mau.hoabinhweb.com\/ghemassa2\/\"},{\"@type\":\"ListItem\",\"position\":2,\"name\":\"S\u1ea3n ph\u1ea9m\",\"item\":\"http:\/\/mau.hoabinhweb.com\/ghemassa2\/san-pham\/\"},{\"@type\":\"ListItem\",\"position\":3,\"name\":\"Gh\u1ebf masssa cao c\u1ea5p\",\"item\":\"http:\/\/mau.hoabinhweb.com\/ghemassa2\/danh-muc\/ghe-masssa-cao-cap\/\"},{\"@type\":\"ListItem\",\"position\":4,\"name\":\"Gh\u1ebf Massage Kangwon Boss Chair Luxury 68\"}]}]}<\/script>\n<!-- \/ Yoast SEO plugin. -->","yoast_head_json":{"title":"Gh\u1ebf Massage Kangwon Boss Chair Luxury 68 - Kangwon Group","robots":{"index":"noindex","follow":"follow","max-snippet":"max-snippet:-1","max-image-preview":"max-image-preview:large","max-video-preview":"max-video-preview:-1"},"og_locale":"vi_VN","og_type":"article","og_title":"Gh\u1ebf Massage Kangwon Boss Chair Luxury 68 - Kangwon Group","og_description":"T\u1eb7ng 10 n\u0103m b\u1ea3o h\u00e0nh  T\u1eb7ng:   Mi\u1ec5n ph\u00ed 18 th\u00e1ng g\u00f3i K+  Mi\u1ec5n ph\u00ed d\u00e1n b\u1ea3o v\u1ec7 gh\u1ebf massage  T\u1eb7ng 1 n\u0103m g\u00f3i B\u1ea2O H\u00c0NH V\u00c0NG  Mi\u1ec5n ph\u00ed v\u1eadn chuy\u1ec3n    Mi\u1ec5n ph\u00ed c\u00f4ng l\u1eb7p \u0111\u1eb7t, h\u01b0\u1edbng d\u1eabn s\u1eed d\u1ee5ng gh\u1ebf","og_url":"http:\/\/mau.hoabinhweb.com\/ghemassa2\/san-pham\/ghe-massage-kangwon-boss-chair-luxury-68\/","og_site_name":"Kangwon Group","article_modified_time":"2022-08-04T11:07:17+00:00","og_image":[{"width":600,"height":600,"url":"http:\/\/mau.hoabinhweb.com\/ghemassa2\/wp-content\/uploads\/2022\/07\/sanpham11.jpg","type":"image\/jpeg"}],"twitter_card":"summary_large_image","twitter_misc":{"\u01af\u1edbc t\u00ednh th\u1eddi gian \u0111\u1ecdc":"5 ph\u00fat"},"schema":{"@context":"https:\/\/schema.org","@graph":[{"@type":"WebSite","@id":"http:\/\/mau.hoabinhweb.com\/ghemassa2\/#website","url":"http:\/\/mau.hoabinhweb.com\/ghemassa2\/","name":"Kangwon Group","description":"","potentialAction":[{"@type":"SearchAction","target":{"@type":"EntryPoint","urlTemplate":"http:\/\/mau.hoabinhweb.com\/ghemassa2\/?s={search_term_string}"},"query-input":"required name=search_term_string"}],"inLanguage":"vi"},{"@type":"WebPage","@id":"http:\/\/mau.hoabinhweb.com\/ghemassa2\/san-pham\/ghe-massage-kangwon-boss-chair-luxury-68\/","url":"http:\/\/mau.hoabinhweb.com\/ghemassa2\/san-pham\/ghe-massage-kangwon-boss-chair-luxury-68\/","name":"Gh\u1ebf Massage Kangwon Boss Chair Luxury 68 - Kangwon Group","isPartOf":{"@id":"http:\/\/mau.hoabinhweb.com\/ghemassa2\/#website"},"datePublished":"2022-07-10T06:19:22+00:00","dateModified":"2022-08-04T11:07:17+00:00","breadcrumb":{"@id":"http:\/\/mau.hoabinhweb.com\/ghemassa2\/san-pham\/ghe-massage-kangwon-boss-chair-luxury-68\/#breadcrumb"},"inLanguage":"vi","potentialAction":[{"@type":"ReadAction","target":["http:\/\/mau.hoabinhweb.com\/ghemassa2\/san-pham\/ghe-massage-kangwon-boss-chair-luxury-68\/"]}]},{"@type":"BreadcrumbList","@id":"http:\/\/mau.hoabinhweb.com\/ghemassa2\/san-pham\/ghe-massage-kangwon-boss-chair-luxury-68\/#breadcrumb","itemListElement":[{"@type":"ListItem","position":1,"name":"Trang ch\u1ee7","item":"http:\/\/mau.hoabinhweb.com\/ghemassa2\/"},{"@type":"ListItem","position":2,"name":"S\u1ea3n ph\u1ea9m","item":"http:\/\/mau.hoabinhweb.com\/ghemassa2\/san-pham\/"},{"@type":"ListItem","position":3,"name":"Gh\u1ebf masssa cao c\u1ea5p","item":"http:\/\/mau.hoabinhweb.com\/ghemassa2\/danh-muc\/ghe-masssa-cao-cap\/"},{"@type":"ListItem","position":4,"name":"Gh\u1ebf Massage Kangwon Boss Chair Luxury 68"}]}]}},"_links":{"self":[{"href":"http:\/\/mau.hoabinhweb.com\/ghemassa2\/wp-json\/wp\/v2\/product\/88","targetHints":{"allow":["GET"]}}],"collection":[{"href":"http:\/\/mau.hoabinhweb.com\/ghemassa2\/wp-json\/wp\/v2\/product"}],"about":[{"href":"http:\/\/mau.hoabinhweb.com\/ghemassa2\/wp-json\/wp\/v2\/types\/product"}],"replies":[{"embeddable":true,"href":"http:\/\/mau.hoabinhweb.com\/ghemassa2\/wp-json\/wp\/v2\/comments?post=88"}],"wp:featuredmedia":[{"embeddable":true,"href":"http:\/\/mau.hoabinhweb.com\/ghemassa2\/wp-json\/wp\/v2\/media\/89"}],"wp:attachment":[{"href":"http:\/\/mau.hoabinhweb.com\/ghemassa2\/wp-json\/wp\/v2\/media?parent=88"}],"wp:term":[{"taxonomy":"product_cat","embeddable":true,"href":"http:\/\/mau.hoabinhweb.com\/ghemassa2\/wp-json\/wp\/v2\/product_cat?post=88"},{"taxonomy":"product_tag","embeddable":true,"href":"http:\/\/mau.hoabinhweb.com\/ghemassa2\/wp-json\/wp\/v2\/product_tag?post=88"}],"curies":[{"name":"wp","href":"https:\/\/api.w.org\/{rel}","templated":true}]}}