{"id":19,"date":"2022-08-01T13:36:34","date_gmt":"2022-08-01T06:36:34","guid":{"rendered":"http:\/\/mau.hoabinhweb.com\/ghemassa2\/?page_id=19"},"modified":"2022-08-02T20:16:37","modified_gmt":"2022-08-02T13:16:37","slug":"ve-chung-toi","status":"publish","type":"page","link":"http:\/\/mau.hoabinhweb.com\/ghemassa2\/ve-chung-toi\/","title":{"rendered":"V\u1ec1 ch\u00fang t\u00f4i"},"content":{"rendered":"<p>N\u0103m 2009 \u0111\u00e1nh d\u1ea5u b\u01b0\u1edbc \u0111\u1ed9t ph\u00e1 l\u1edbn khi KANGWON \u0111\u01b0\u1ee3c th\u00e0nh l\u1eadp &#8211; l\u00e0 nh\u00e0 m\u00e1y \u0111\u1ea7u ti\u00ean v\u00e0 duy nh\u1ea5t t\u1ea1i Vi\u1ec7t Nam t\u1ea1i th\u1eddi \u0111i\u1ec3m \u0111\u00f3 c\u00f3 th\u1ec3 t\u1ef1 ch\u1ee7 s\u1ea3n xu\u1ea5t gh\u1ebf massage.<\/p>\n<p>C\u00f9ng v\u1edbi 5 th\u00e0nh vi\u00ean, th\u01b0\u01a1ng hi\u1ec7u Kangwon d\u1ea7n kh\u1eb3ng \u0111\u1ecbnh s\u1ef1 tr\u1ed7i d\u1eady v\u01b0\u1ee3t b\u1eadc trong s\u1ef1 ph\u00e1t tri\u1ec3n quy m\u00f4 v\u00e0 uy t\u00edn. T\u00ednh \u0111\u1ebfn th\u1eddi \u0111i\u1ec3m hi\u1ec7n t\u1ea1i, Kangwon l\u00e0 th\u01b0\u01a1ng hi\u1ec7u s\u1ed1 1 t\u1ea1i Vi\u1ec7t Nam trong l\u0129nh v\u1ef1c s\u1ea3n xu\u1ea5t gh\u1ebf massage, ch\u0103m s\u00f3c s\u1ee9c kh\u1ecfe t\u1ea1i nh\u00e0.<\/p>\n<p><img loading=\"lazy\" decoding=\"async\" class=\"aligncenter size-full wp-image-113\" src=\"http:\/\/mau.hoabinhweb.com\/ghemassa2\/wp-content\/uploads\/2022\/07\/tintuc7.jpg\" alt=\"Tintuc7\" width=\"750\" height=\"500\" \/><\/p>\n<p>Kangwon kh\u00f4ng ng\u1eebng ph\u1ea5n \u0111\u1ea5u, ti\u1ebfp t\u1ee5c gi\u1eef v\u1eefng v\u1ecb th\u1ebf th\u01b0\u01a1ng hi\u1ec7u s\u1ed1 1 v\u1ec1 gh\u1ebf massage &#8211; ch\u0103m s\u00f3c s\u1ee9c kh\u1ecfe t\u1ea1i nh\u00e0 trong l\u00f2ng ng\u01b0\u1eddi Vi\u1ec7t. \u0110\u1ed3ng th\u1eddi, Kangwon ph\u00e1t tri\u1ec3n b\u1ee9t t\u1ed1c \u0111\u1ec3 nhanh ch\u00f3ng kh\u1eb3ng \u0111\u1ecbnh s\u1ee9c m\u1ea1nh c\u1ea1nh tranh t\u1ea1i th\u1ecb tr\u01b0\u1eddng \u0110\u00f4ng Nam \u00c1 n\u00f3i ri\u00eang v\u00e0 ch\u00e2u \u00c1 n\u00f3i chung.<\/p>\n<p><img loading=\"lazy\" decoding=\"async\" class=\"aligncenter size-full wp-image-115\" src=\"http:\/\/mau.hoabinhweb.com\/ghemassa2\/wp-content\/uploads\/2022\/07\/tintuc8.jpg\" alt=\"Tintuc8\" width=\"800\" height=\"533\" \/><\/p>\n<h2>S\u1ee9 m\u1ec7nh c\u1ee7a Kangwon<\/h2>\n<p>Kangwon mang s\u1ee9 m\u1ec7nh ki\u1ebfn t\u1ea1o s\u1ee9c kho\u1ebb tuy\u1ec7t v\u1eddi cho ng\u01b0\u1eddi Vi\u1ec7t. Kh\u00f4ng ng\u1eebng ti\u00ean phong v\u00e0 \u0111\u1ed5i m\u1edbi \u0111\u1ec3 th\u00fac \u0111\u1ea9y vi\u1ec7c massage t\u1ea1i nh\u00e0 tr\u1edf th\u00e0nh m\u1ed9t ph\u1ea7n thi\u1ebft y\u1ebfu c\u1ee7a m\u1ed7i ng\u01b0\u1eddi d\u00e2n Vi\u1ec7t Nam.<\/p>\n<p>V\u1edbi n\u1ec1n t\u1ea3ng s\u1ee9c kh\u1ecfe v\u1eefng ch\u1eafc, Kangwon t\u1eebng b\u01b0\u1edbc \u0111\u01b0a d\u00e2n t\u1ed9c Vi\u1ec7t t\u1ef1 tin s\u00e1nh vai c\u00f9ng c\u00e1c c\u01b0\u1eddng qu\u1ed1c n\u0103m ch\u00e2u, \u0111\u01b0a qu\u1ed1c gia ti\u1ebfp c\u1eadn v\u1edbi c\u00e1c th\u00e0nh t\u1ef1u v\u0103n minh m\u1edbi c\u1ee7a nh\u00e2n lo\u1ea1i.<\/p>\n<h2>T\u1ea7m nh\u00ecn c\u1ee7a Kangwon<\/h2>\n<p>Kangwon \u0111\u1ecbnh h\u01b0\u1edbng ph\u00e1t tri\u1ec3n v\u01b0\u01a1n l\u00ean, ph\u1ea5n \u0111\u1ea5u kh\u00f4ng ng\u1eebng \u0111\u1ec3 tr\u1edf th\u00e0nh t\u1ed5 ch\u1ee9c kinh t\u1ebf gi\u00e0u m\u1ea1nh c\u1ee7a qu\u1ed1c gia, \u0111\u01b0a ng\u01b0\u1eddi Vi\u1ec7t ti\u1ebfn \u0111\u1ebfn b\u1ea3n \u0111\u1ed3 c\u00e1c d\u00e2n t\u1ed9c c\u00f3 th\u00e0nh t\u1ef1u v\u0103n minh, ti\u00ean ti\u1ebfn nh\u1ea5t c\u1ee7a nh\u00e2n lo\u1ea1i.<\/p>\n<p>T\u1ea5t c\u1ea3 c\u00e1c ho\u1ea1t \u0111\u1ed9ng c\u1ee7a Kangwon n\u00f3i chung v\u00e0 c\u00f4ng ty th\u00e0nh vi\u00ean n\u00f3i ri\u00eang \u0111\u1ec1u kh\u00f4ng n\u1eb1m ngo\u00e0i m\u1ee5c \u0111\u00edch th\u00fac \u0111\u1ea9y s\u1ef1 tr\u1ed7i d\u1eady ph\u00e1t tri\u1ec3n c\u1ee7a n\u1ec1n kinh t\u1ebf qu\u1ed1c gia, n\u00e2ng cao ch\u1ea5t l\u01b0\u1ee3ng s\u1ed1ng cho d\u00e2n t\u1ed9c, v\u00ec m\u1ed9t Vi\u1ec7t Nam t\u1ef1 l\u1ef1c v\u00e0 h\u00f9ng c\u01b0\u1eddng.<\/p>\n<p>Song song v\u1edbi c\u00e1c ho\u1ea1t \u0111\u1ed9ng s\u1ea3n xu\u1ea5t, kinh doanh, Kangwon ch\u00fa tr\u1ecdng \u0111\u00e0o t\u1ea1o ph\u00e1t tri\u1ec3n \u0111\u1ed9i ng\u0169 nh\u00e2n t\u00e0i &#8211; k\u1ef9 s\u01b0 t\u00e0i n\u0103ng, x\u00e2y d\u1ef1ng c\u00e1c trung t\u00e2m nghi\u00ean c\u1ee9u khoa h\u1ecdc th\u1ef1c nghi\u1ec7m, th\u1ec3 hi\u1ec7n tr\u00e1ch nhi\u1ec7m x\u00e3 h\u1ed9i c\u1ee7a doanh nghi\u1ec7p th\u00f4ng qua c\u00e1c chi\u1ebfn d\u1ecbch nh\u00e2n \u00e1i, \u0111\u1ed3ng h\u00e0nh c\u00f9ng s\u1ef1 ph\u00e1t tri\u1ec3n b\u1ec1n v\u1eefng, t\u1ed1c \u0111\u1ed9 c\u1ee7a \u0111\u1ea5t n\u01b0\u1edbc.<\/p>\n","protected":false},"excerpt":{"rendered":"<p>N\u0103m 2009 \u0111\u00e1nh d\u1ea5u b\u01b0\u1edbc \u0111\u1ed9t ph\u00e1 l\u1edbn khi KANGWON \u0111\u01b0\u1ee3c th\u00e0nh l\u1eadp &#8211; l\u00e0 nh\u00e0 m\u00e1y \u0111\u1ea7u ti\u00ean v\u00e0 duy nh\u1ea5t t\u1ea1i Vi\u1ec7t Nam t\u1ea1i th\u1eddi \u0111i\u1ec3m \u0111\u00f3 c\u00f3 th\u1ec3 t\u1ef1 ch\u1ee7 s\u1ea3n xu\u1ea5t gh\u1ebf massage. C\u00f9ng v\u1edbi 5 th\u00e0nh vi\u00ean, th\u01b0\u01a1ng hi\u1ec7u Kangwon d\u1ea7n kh\u1eb3ng \u0111\u1ecbnh s\u1ef1 tr\u1ed7i d\u1eady v\u01b0\u1ee3t b\u1eadc trong s\u1ef1<\/p>\n","protected":false},"author":1,"featured_media":0,"parent":0,"menu_order":0,"comment_status":"closed","ping_status":"closed","template":"","meta":{"footnotes":""},"class_list":["post-19","page","type-page","status-publish","hentry"],"acf":[],"yoast_head":"<!-- This site is optimized with the Yoast SEO plugin v19.4 - https:\/\/yoast.com\/wordpress\/plugins\/seo\/ -->\n<title>V\u1ec1 ch\u00fang t\u00f4i - Kangwon Group<\/title>\n<meta name=\"robots\" content=\"noindex, follow, max-snippet:-1, max-image-preview:large, max-video-preview:-1\" \/>\n<meta property=\"og:locale\" content=\"vi_VN\" \/>\n<meta property=\"og:type\" content=\"article\" \/>\n<meta property=\"og:title\" content=\"V\u1ec1 ch\u00fang t\u00f4i - Kangwon Group\" \/>\n<meta property=\"og:description\" content=\"N\u0103m 2009 \u0111\u00e1nh d\u1ea5u b\u01b0\u1edbc \u0111\u1ed9t ph\u00e1 l\u1edbn khi KANGWON \u0111\u01b0\u1ee3c th\u00e0nh l\u1eadp &#8211; l\u00e0 nh\u00e0 m\u00e1y \u0111\u1ea7u ti\u00ean v\u00e0 duy nh\u1ea5t t\u1ea1i Vi\u1ec7t Nam t\u1ea1i th\u1eddi \u0111i\u1ec3m \u0111\u00f3 c\u00f3 th\u1ec3 t\u1ef1 ch\u1ee7 s\u1ea3n xu\u1ea5t gh\u1ebf massage. C\u00f9ng v\u1edbi 5 th\u00e0nh vi\u00ean, th\u01b0\u01a1ng hi\u1ec7u Kangwon d\u1ea7n kh\u1eb3ng \u0111\u1ecbnh s\u1ef1 tr\u1ed7i d\u1eady v\u01b0\u1ee3t b\u1eadc trong s\u1ef1\" \/>\n<meta property=\"og:url\" content=\"http:\/\/mau.hoabinhweb.com\/ghemassa2\/ve-chung-toi\/\" \/>\n<meta property=\"og:site_name\" content=\"Kangwon Group\" \/>\n<meta property=\"article:modified_time\" content=\"2022-08-02T13:16:37+00:00\" \/>\n<meta property=\"og:image\" content=\"http:\/\/mau.hoabinhweb.com\/ghemassa2\/wp-content\/uploads\/2022\/07\/tintuc7.jpg\" \/>\n<meta name=\"twitter:card\" content=\"summary_large_image\" \/>\n<meta name=\"twitter:label1\" content=\"\u01af\u1edbc t\u00ednh th\u1eddi gian \u0111\u1ecdc\" \/>\n\t<meta name=\"twitter:data1\" content=\"3 ph\u00fat\" \/>\n<script type=\"application\/ld+json\" class=\"yoast-schema-graph\">{\"@context\":\"https:\/\/schema.org\",\"@graph\":[{\"@type\":\"WebSite\",\"@id\":\"http:\/\/mau.hoabinhweb.com\/ghemassa2\/#website\",\"url\":\"http:\/\/mau.hoabinhweb.com\/ghemassa2\/\",\"name\":\"Kangwon Group\",\"description\":\"\",\"potentialAction\":[{\"@type\":\"SearchAction\",\"target\":{\"@type\":\"EntryPoint\",\"urlTemplate\":\"http:\/\/mau.hoabinhweb.com\/ghemassa2\/?s={search_term_string}\"},\"query-input\":\"required name=search_term_string\"}],\"inLanguage\":\"vi\"},{\"@type\":\"WebPage\",\"@id\":\"http:\/\/mau.hoabinhweb.com\/ghemassa2\/ve-chung-toi\/\",\"url\":\"http:\/\/mau.hoabinhweb.com\/ghemassa2\/ve-chung-toi\/\",\"name\":\"V\u1ec1 ch\u00fang t\u00f4i - Kangwon Group\",\"isPartOf\":{\"@id\":\"http:\/\/mau.hoabinhweb.com\/ghemassa2\/#website\"},\"datePublished\":\"2022-08-01T06:36:34+00:00\",\"dateModified\":\"2022-08-02T13:16:37+00:00\",\"breadcrumb\":{\"@id\":\"http:\/\/mau.hoabinhweb.com\/ghemassa2\/ve-chung-toi\/#breadcrumb\"},\"inLanguage\":\"vi\",\"potentialAction\":[{\"@type\":\"ReadAction\",\"target\":[\"http:\/\/mau.hoabinhweb.com\/ghemassa2\/ve-chung-toi\/\"]}]},{\"@type\":\"BreadcrumbList\",\"@id\":\"http:\/\/mau.hoabinhweb.com\/ghemassa2\/ve-chung-toi\/#breadcrumb\",\"itemListElement\":[{\"@type\":\"ListItem\",\"position\":1,\"name\":\"Trang ch\u1ee7\",\"item\":\"http:\/\/mau.hoabinhweb.com\/ghemassa2\/\"},{\"@type\":\"ListItem\",\"position\":2,\"name\":\"V\u1ec1 ch\u00fang t\u00f4i\"}]}]}<\/script>\n<!-- \/ Yoast SEO plugin. -->","yoast_head_json":{"title":"V\u1ec1 ch\u00fang t\u00f4i - Kangwon Group","robots":{"index":"noindex","follow":"follow","max-snippet":"max-snippet:-1","max-image-preview":"max-image-preview:large","max-video-preview":"max-video-preview:-1"},"og_locale":"vi_VN","og_type":"article","og_title":"V\u1ec1 ch\u00fang t\u00f4i - Kangwon Group","og_description":"N\u0103m 2009 \u0111\u00e1nh d\u1ea5u b\u01b0\u1edbc \u0111\u1ed9t ph\u00e1 l\u1edbn khi KANGWON \u0111\u01b0\u1ee3c th\u00e0nh l\u1eadp &#8211; l\u00e0 nh\u00e0 m\u00e1y \u0111\u1ea7u ti\u00ean v\u00e0 duy nh\u1ea5t t\u1ea1i Vi\u1ec7t Nam t\u1ea1i th\u1eddi \u0111i\u1ec3m \u0111\u00f3 c\u00f3 th\u1ec3 t\u1ef1 ch\u1ee7 s\u1ea3n xu\u1ea5t gh\u1ebf massage. C\u00f9ng v\u1edbi 5 th\u00e0nh vi\u00ean, th\u01b0\u01a1ng hi\u1ec7u Kangwon d\u1ea7n kh\u1eb3ng \u0111\u1ecbnh s\u1ef1 tr\u1ed7i d\u1eady v\u01b0\u1ee3t b\u1eadc trong s\u1ef1","og_url":"http:\/\/mau.hoabinhweb.com\/ghemassa2\/ve-chung-toi\/","og_site_name":"Kangwon Group","article_modified_time":"2022-08-02T13:16:37+00:00","og_image":[{"url":"http:\/\/mau.hoabinhweb.com\/ghemassa2\/wp-content\/uploads\/2022\/07\/tintuc7.jpg"}],"twitter_card":"summary_large_image","twitter_misc":{"\u01af\u1edbc t\u00ednh th\u1eddi gian \u0111\u1ecdc":"3 ph\u00fat"},"schema":{"@context":"https:\/\/schema.org","@graph":[{"@type":"WebSite","@id":"http:\/\/mau.hoabinhweb.com\/ghemassa2\/#website","url":"http:\/\/mau.hoabinhweb.com\/ghemassa2\/","name":"Kangwon Group","description":"","potentialAction":[{"@type":"SearchAction","target":{"@type":"EntryPoint","urlTemplate":"http:\/\/mau.hoabinhweb.com\/ghemassa2\/?s={search_term_string}"},"query-input":"required name=search_term_string"}],"inLanguage":"vi"},{"@type":"WebPage","@id":"http:\/\/mau.hoabinhweb.com\/ghemassa2\/ve-chung-toi\/","url":"http:\/\/mau.hoabinhweb.com\/ghemassa2\/ve-chung-toi\/","name":"V\u1ec1 ch\u00fang t\u00f4i - Kangwon Group","isPartOf":{"@id":"http:\/\/mau.hoabinhweb.com\/ghemassa2\/#website"},"datePublished":"2022-08-01T06:36:34+00:00","dateModified":"2022-08-02T13:16:37+00:00","breadcrumb":{"@id":"http:\/\/mau.hoabinhweb.com\/ghemassa2\/ve-chung-toi\/#breadcrumb"},"inLanguage":"vi","potentialAction":[{"@type":"ReadAction","target":["http:\/\/mau.hoabinhweb.com\/ghemassa2\/ve-chung-toi\/"]}]},{"@type":"BreadcrumbList","@id":"http:\/\/mau.hoabinhweb.com\/ghemassa2\/ve-chung-toi\/#breadcrumb","itemListElement":[{"@type":"ListItem","position":1,"name":"Trang ch\u1ee7","item":"http:\/\/mau.hoabinhweb.com\/ghemassa2\/"},{"@type":"ListItem","position":2,"name":"V\u1ec1 ch\u00fang t\u00f4i"}]}]}},"_links":{"self":[{"href":"http:\/\/mau.hoabinhweb.com\/ghemassa2\/wp-json\/wp\/v2\/pages\/19","targetHints":{"allow":["GET"]}}],"collection":[{"href":"http:\/\/mau.hoabinhweb.com\/ghemassa2\/wp-json\/wp\/v2\/pages"}],"about":[{"href":"http:\/\/mau.hoabinhweb.com\/ghemassa2\/wp-json\/wp\/v2\/types\/page"}],"author":[{"embeddable":true,"href":"http:\/\/mau.hoabinhweb.com\/ghemassa2\/wp-json\/wp\/v2\/users\/1"}],"replies":[{"embeddable":true,"href":"http:\/\/mau.hoabinhweb.com\/ghemassa2\/wp-json\/wp\/v2\/comments?post=19"}],"version-history":[{"count":3,"href":"http:\/\/mau.hoabinhweb.com\/ghemassa2\/wp-json\/wp\/v2\/pages\/19\/revisions"}],"predecessor-version":[{"id":320,"href":"http:\/\/mau.hoabinhweb.com\/ghemassa2\/wp-json\/wp\/v2\/pages\/19\/revisions\/320"}],"wp:attachment":[{"href":"http:\/\/mau.hoabinhweb.com\/ghemassa2\/wp-json\/wp\/v2\/media?parent=19"}],"curies":[{"name":"wp","href":"https:\/\/api.w.org\/{rel}","templated":true}]}}