{"id":199,"date":"2022-07-11T16:26:12","date_gmt":"2022-07-11T09:26:12","guid":{"rendered":"https:\/\/mau.hoabinhweb.com\/ghemassa1\/?page_id=199"},"modified":"2022-07-11T16:26:12","modified_gmt":"2022-07-11T09:26:12","slug":"tra-gop-qua-the-tin-dung","status":"publish","type":"page","link":"http:\/\/mau.hoabinhweb.com\/ghemassa1\/tra-gop-qua-the-tin-dung\/","title":{"rendered":"Tr\u1ea3 g\u00f3p qua th\u1ebb t\u00edn d\u1ee5ng"},"content":{"rendered":"<p>\u0110I\u1ec0U KI\u1ec6N THAM GIA TR\u1ea2 G\u00d3P<\/p>\n<p>SACOMBANK, VPBANK, SHINHAN, EXIMBANK, MARITIME BANK , VIB, HSBC, SeABANK, CITIBANK, TECHCOMBANK, TP BANK, STANDARD CHARTERED, SCB, ANZ, FE CREDIT, BIDV, VIETCOMBANK, SHB, NAM A BANK, KIENG LONG BANK, OCB.<\/p>\n<p>L\u01b0u \u00fd: Th\u1ebb t\u00edn d\u1ee5ng l\u00e0 th\u1ebb thanh to\u00e1n tr\u01b0\u1edbc tr\u1ea3 ti\u1ec1n sau, \u0111\u01b0\u1ee3c ng\u00e2n h\u00e0ng ph\u00e1t h\u00e0nh cho nh\u1eefng ch\u1ee7 th\u1ebb &#8220;\u0111\u1ee7 \u0111i\u1ec1u ki\u1ec7n&#8221;, kh\u00f4ng ph\u1ea3i th\u1ebb ATM n\u1ed9i \u0111\u1ecba th\u00f4ng th\u01b0\u1eddng.<br \/>\nQuy tr\u00ecnh mua h\u00e0ng tr\u1ea3 g\u00f3p qua th\u1ebb t\u00edn d\u1ee5ng:<\/p>\n<p>B\u01b0\u1edbc 1<\/p>\n<p>Qu\u00fd kh\u00e1ch h\u00e0ng c\u00f3 th\u1ec3 ch\u1ecdn \u0111\u1eb7t h\u00e0ng v\u00e0 mua h\u00e0ng tr\u1ea3 g\u00f3p tr\u1ef1c ti\u1ebfp tr\u00ean website oyeal.com.vn<\/p>\n<p>B\u01b0\u1edbc 2<\/p>\n<p>Qu\u00fd kh\u00e1ch th\u1ef1c hi\u1ec7n \u0111i\u1ec1n \u0111\u1ea7y \u0111\u1ee7 th\u00f4ng tin theo y\u00eau c\u1ea7u t\u1eeb \u0111\u01a1n v\u1ecb ph\u00e1t h\u00e0nh th\u1ebb. Qu\u00fd kh\u00e1ch vui l\u00f2ng \u0111i\u1ec1n th\u00f4ng tin c\u00e1 nh\u00e2n ch\u00ednh x\u00e1c \u0111\u1ec3 \u0111\u1ea3m b\u1ea3o giao d\u1ecbch \u0111\u01b0\u1ee3c th\u1ef1c hi\u1ec7n nhanh ch\u00f3ng.<\/p>\n<p>B\u01b0\u1edbc 3<\/p>\n<p>T\u00f9y v\u00e0o \u0111\u01a1n v\u1ecb ph\u00e1t h\u00e0nh th\u1ebb, qu\u00fd kh\u00e1ch c\u00f3 th\u1ec3 s\u1ebd ph\u1ea3i g\u1ecdi \u0111i\u1ec7n x\u00e1c nh\u1eadn v\u1edbi \u0111\u01a1n v\u1ecb ph\u00e1t h\u00e0nh th\u1ebb v\u1ec1 giao d\u1ecbch v\u1eeba th\u1ef1c hi\u1ec7n.<\/p>\n<p>B\u01b0\u1edbc 4<\/p>\n<p>Sau khi ho\u00e0n t\u1ea5t c\u00e1c b\u01b0\u1edbc, t\u1ed5ng \u0111\u00e0i vi\u00ean Oyeal s\u1ebd li\u00ean h\u1ec7 v\u1edbi qu\u00fd kh\u00e1ch \u0111\u1ec3 x\u00e1c nh\u1eadn giao d\u1ecbch trong 24 gi\u1edd, v\u00e0 th\u00f4ng b\u00e1o th\u1eddi gian giao h\u00e0ng cho qu\u00fd kh\u00e1ch t\u00f9y v\u00e0o v\u1ecb tr\u00ed \u0111\u1ecba l\u00fd, ho\u1eb7c qu\u00fd kh\u00e1ch c\u00f3 th\u1ec3 li\u00ean h\u1ec7 hotline 0961.653.663 \u0111\u1ec3 x\u00e1c nh\u1eadn th\u00f4ng tin nhanh nh\u1ea5t.<\/p>\n","protected":false},"excerpt":{"rendered":"<p>\u0110I\u1ec0U KI\u1ec6N THAM GIA TR\u1ea2 G\u00d3P SACOMBANK, VPBANK, SHINHAN, EXIMBANK, MARITIME BANK , VIB, HSBC, SeABANK, CITIBANK, TECHCOMBANK, TP BANK, STANDARD CHARTERED, SCB, ANZ, FE CREDIT, BIDV, VIETCOMBANK, SHB, NAM A BANK, KIENG LONG BANK, OCB. L\u01b0u \u00fd: Th\u1ebb t\u00edn d\u1ee5ng l\u00e0 th\u1ebb thanh to\u00e1n tr\u01b0\u1edbc tr\u1ea3 ti\u1ec1n sau, \u0111\u01b0\u1ee3c ng\u00e2n h\u00e0ng ph\u00e1t h\u00e0nh cho<\/p>\n","protected":false},"author":1,"featured_media":0,"parent":0,"menu_order":0,"comment_status":"closed","ping_status":"closed","template":"","meta":{"footnotes":""},"class_list":["post-199","page","type-page","status-publish","hentry"],"yoast_head":"<!-- This site is optimized with the Yoast SEO plugin v18.3 - https:\/\/yoast.com\/wordpress\/plugins\/seo\/ -->\n<title>Tr\u1ea3 g\u00f3p qua th\u1ebb t\u00edn d\u1ee5ng - OYEAL Vi\u1ec7t Nam<\/title>\n<meta name=\"robots\" content=\"noindex, follow, max-snippet:-1, max-image-preview:large, max-video-preview:-1\" \/>\n<meta property=\"og:locale\" content=\"vi_VN\" \/>\n<meta property=\"og:type\" content=\"article\" \/>\n<meta property=\"og:title\" content=\"Tr\u1ea3 g\u00f3p qua th\u1ebb t\u00edn d\u1ee5ng - OYEAL Vi\u1ec7t Nam\" \/>\n<meta property=\"og:description\" content=\"\u0110I\u1ec0U KI\u1ec6N THAM GIA TR\u1ea2 G\u00d3P SACOMBANK, VPBANK, SHINHAN, EXIMBANK, MARITIME BANK , VIB, HSBC, SeABANK, CITIBANK, TECHCOMBANK, TP BANK, STANDARD CHARTERED, SCB, ANZ, FE CREDIT, BIDV, VIETCOMBANK, SHB, NAM A BANK, KIENG LONG BANK, OCB. L\u01b0u \u00fd: Th\u1ebb t\u00edn d\u1ee5ng l\u00e0 th\u1ebb thanh to\u00e1n tr\u01b0\u1edbc tr\u1ea3 ti\u1ec1n sau, \u0111\u01b0\u1ee3c ng\u00e2n h\u00e0ng ph\u00e1t h\u00e0nh cho\" \/>\n<meta property=\"og:url\" content=\"http:\/\/mau.hoabinhweb.com\/ghemassa1\/tra-gop-qua-the-tin-dung\/\" \/>\n<meta property=\"og:site_name\" content=\"OYEAL Vi\u1ec7t Nam\" \/>\n<meta name=\"twitter:card\" content=\"summary_large_image\" \/>\n<meta name=\"twitter:label1\" content=\"\u01af\u1edbc t\u00ednh th\u1eddi gian \u0111\u1ecdc\" \/>\n\t<meta name=\"twitter:data1\" content=\"2 ph\u00fat\" \/>\n<script type=\"application\/ld+json\" class=\"yoast-schema-graph\">{\"@context\":\"https:\/\/schema.org\",\"@graph\":[{\"@type\":\"WebSite\",\"@id\":\"http:\/\/mau.hoabinhweb.com\/ghemassa1\/#website\",\"url\":\"http:\/\/mau.hoabinhweb.com\/ghemassa1\/\",\"name\":\"OYEAL Vi\u1ec7t Nam\",\"description\":\"\",\"potentialAction\":[{\"@type\":\"SearchAction\",\"target\":{\"@type\":\"EntryPoint\",\"urlTemplate\":\"http:\/\/mau.hoabinhweb.com\/ghemassa1\/?s={search_term_string}\"},\"query-input\":\"required name=search_term_string\"}],\"inLanguage\":\"vi\"},{\"@type\":\"WebPage\",\"@id\":\"http:\/\/mau.hoabinhweb.com\/ghemassa1\/tra-gop-qua-the-tin-dung\/#webpage\",\"url\":\"http:\/\/mau.hoabinhweb.com\/ghemassa1\/tra-gop-qua-the-tin-dung\/\",\"name\":\"Tr\u1ea3 g\u00f3p qua th\u1ebb t\u00edn d\u1ee5ng - OYEAL Vi\u1ec7t Nam\",\"isPartOf\":{\"@id\":\"http:\/\/mau.hoabinhweb.com\/ghemassa1\/#website\"},\"datePublished\":\"2022-07-11T09:26:12+00:00\",\"dateModified\":\"2022-07-11T09:26:12+00:00\",\"breadcrumb\":{\"@id\":\"http:\/\/mau.hoabinhweb.com\/ghemassa1\/tra-gop-qua-the-tin-dung\/#breadcrumb\"},\"inLanguage\":\"vi\",\"potentialAction\":[{\"@type\":\"ReadAction\",\"target\":[\"http:\/\/mau.hoabinhweb.com\/ghemassa1\/tra-gop-qua-the-tin-dung\/\"]}]},{\"@type\":\"BreadcrumbList\",\"@id\":\"http:\/\/mau.hoabinhweb.com\/ghemassa1\/tra-gop-qua-the-tin-dung\/#breadcrumb\",\"itemListElement\":[{\"@type\":\"ListItem\",\"position\":1,\"name\":\"Trang ch\u1ee7\",\"item\":\"http:\/\/mau.hoabinhweb.com\/ghemassa1\/\"},{\"@type\":\"ListItem\",\"position\":2,\"name\":\"Tr\u1ea3 g\u00f3p qua th\u1ebb t\u00edn d\u1ee5ng\"}]}]}<\/script>\n<!-- \/ Yoast SEO plugin. -->","yoast_head_json":{"title":"Tr\u1ea3 g\u00f3p qua th\u1ebb t\u00edn d\u1ee5ng - OYEAL Vi\u1ec7t Nam","robots":{"index":"noindex","follow":"follow","max-snippet":"max-snippet:-1","max-image-preview":"max-image-preview:large","max-video-preview":"max-video-preview:-1"},"og_locale":"vi_VN","og_type":"article","og_title":"Tr\u1ea3 g\u00f3p qua th\u1ebb t\u00edn d\u1ee5ng - OYEAL Vi\u1ec7t Nam","og_description":"\u0110I\u1ec0U KI\u1ec6N THAM GIA TR\u1ea2 G\u00d3P SACOMBANK, VPBANK, SHINHAN, EXIMBANK, MARITIME BANK , VIB, HSBC, SeABANK, CITIBANK, TECHCOMBANK, TP BANK, STANDARD CHARTERED, SCB, ANZ, FE CREDIT, BIDV, VIETCOMBANK, SHB, NAM A BANK, KIENG LONG BANK, OCB. L\u01b0u \u00fd: Th\u1ebb t\u00edn d\u1ee5ng l\u00e0 th\u1ebb thanh to\u00e1n tr\u01b0\u1edbc tr\u1ea3 ti\u1ec1n sau, \u0111\u01b0\u1ee3c ng\u00e2n h\u00e0ng ph\u00e1t h\u00e0nh cho","og_url":"http:\/\/mau.hoabinhweb.com\/ghemassa1\/tra-gop-qua-the-tin-dung\/","og_site_name":"OYEAL Vi\u1ec7t Nam","twitter_card":"summary_large_image","twitter_misc":{"\u01af\u1edbc t\u00ednh th\u1eddi gian \u0111\u1ecdc":"2 ph\u00fat"},"schema":{"@context":"https:\/\/schema.org","@graph":[{"@type":"WebSite","@id":"http:\/\/mau.hoabinhweb.com\/ghemassa1\/#website","url":"http:\/\/mau.hoabinhweb.com\/ghemassa1\/","name":"OYEAL Vi\u1ec7t Nam","description":"","potentialAction":[{"@type":"SearchAction","target":{"@type":"EntryPoint","urlTemplate":"http:\/\/mau.hoabinhweb.com\/ghemassa1\/?s={search_term_string}"},"query-input":"required name=search_term_string"}],"inLanguage":"vi"},{"@type":"WebPage","@id":"http:\/\/mau.hoabinhweb.com\/ghemassa1\/tra-gop-qua-the-tin-dung\/#webpage","url":"http:\/\/mau.hoabinhweb.com\/ghemassa1\/tra-gop-qua-the-tin-dung\/","name":"Tr\u1ea3 g\u00f3p qua th\u1ebb t\u00edn d\u1ee5ng - OYEAL Vi\u1ec7t Nam","isPartOf":{"@id":"http:\/\/mau.hoabinhweb.com\/ghemassa1\/#website"},"datePublished":"2022-07-11T09:26:12+00:00","dateModified":"2022-07-11T09:26:12+00:00","breadcrumb":{"@id":"http:\/\/mau.hoabinhweb.com\/ghemassa1\/tra-gop-qua-the-tin-dung\/#breadcrumb"},"inLanguage":"vi","potentialAction":[{"@type":"ReadAction","target":["http:\/\/mau.hoabinhweb.com\/ghemassa1\/tra-gop-qua-the-tin-dung\/"]}]},{"@type":"BreadcrumbList","@id":"http:\/\/mau.hoabinhweb.com\/ghemassa1\/tra-gop-qua-the-tin-dung\/#breadcrumb","itemListElement":[{"@type":"ListItem","position":1,"name":"Trang ch\u1ee7","item":"http:\/\/mau.hoabinhweb.com\/ghemassa1\/"},{"@type":"ListItem","position":2,"name":"Tr\u1ea3 g\u00f3p qua th\u1ebb t\u00edn d\u1ee5ng"}]}]}},"_links":{"self":[{"href":"http:\/\/mau.hoabinhweb.com\/ghemassa1\/wp-json\/wp\/v2\/pages\/199","targetHints":{"allow":["GET"]}}],"collection":[{"href":"http:\/\/mau.hoabinhweb.com\/ghemassa1\/wp-json\/wp\/v2\/pages"}],"about":[{"href":"http:\/\/mau.hoabinhweb.com\/ghemassa1\/wp-json\/wp\/v2\/types\/page"}],"author":[{"embeddable":true,"href":"http:\/\/mau.hoabinhweb.com\/ghemassa1\/wp-json\/wp\/v2\/users\/1"}],"replies":[{"embeddable":true,"href":"http:\/\/mau.hoabinhweb.com\/ghemassa1\/wp-json\/wp\/v2\/comments?post=199"}],"version-history":[{"count":2,"href":"http:\/\/mau.hoabinhweb.com\/ghemassa1\/wp-json\/wp\/v2\/pages\/199\/revisions"}],"predecessor-version":[{"id":206,"href":"http:\/\/mau.hoabinhweb.com\/ghemassa1\/wp-json\/wp\/v2\/pages\/199\/revisions\/206"}],"wp:attachment":[{"href":"http:\/\/mau.hoabinhweb.com\/ghemassa1\/wp-json\/wp\/v2\/media?parent=199"}],"curies":[{"name":"wp","href":"https:\/\/api.w.org\/{rel}","templated":true}]}}