{"id":198,"date":"2022-07-11T16:25:44","date_gmt":"2022-07-11T09:25:44","guid":{"rendered":"https:\/\/mau.hoabinhweb.com\/ghemassa1\/?page_id=198"},"modified":"2022-07-11T16:25:44","modified_gmt":"2022-07-11T09:25:44","slug":"chinh-sach-bao-hanh-va-bao-tri","status":"publish","type":"page","link":"http:\/\/mau.hoabinhweb.com\/ghemassa1\/chinh-sach-bao-hanh-va-bao-tri\/","title":{"rendered":"Ch\u00ednh s\u00e1ch b\u1ea3o h\u00e0nh v\u00e0 b\u1ea3o tr\u00ec"},"content":{"rendered":"<h2>1. S\u1ea3n ph\u1ea9m b\u1ea3o h\u00e0nh mi\u1ec5n ph\u00ed ph\u1ea3i tho\u1ea3 m\u00e3n nh\u1eefng \u0111i\u1ec1u ki\u1ec7n sau:<\/h2>\n<p>Ch\u00ednh s\u00e1ch v\u1ec1 th\u1eddi h\u1ea1n b\u1ea3o h\u00e0nh mi\u1ec5n ph\u00ed c\u1ee7a OYEAL v\u1edbi c\u00e1c s\u1ea3n ph\u1ea9m do OYEAL ph\u00e2n ph\u1ed1i:<br \/>\nGh\u1ebf massage:<br \/>\n&#8211; L\u1ed7i t\u1eeb nh\u00e0 s\u1ea3n xu\u1ea5t 1-1 trong 45 ng\u00e0y, b\u1ea3o h\u00e0nh 6 n\u0103m m\u00e1y, 3 n\u0103m cho ph\u1ea7n da<\/p>\n<p>&#8211; S\u1ea3n ph\u1ea9m b\u1ecb h\u01b0 h\u1ecfng do l\u1ed7i nh\u00e0 s\u1ea3n xu\u1ea5t<\/p>\n<p>&#8211; Ph\u1ea3i c\u00f3 phi\u1ebfu b\u1ea3o h\u00e0nh, v\u00e0 v\u1eabn c\u00f2n trong th\u1eddi h\u1ea1n b\u1ea3o h\u00e0nh ghi tr\u00ean phi\u1ebfu<\/p>\n<p>&#8211; Phi\u1ebfu b\u1ea3o h\u00e0nh kh\u00f4ng t\u1ea9y xo\u00e1, s\u1eeda ch\u1eefa, ph\u1ea3i c\u00f3 \u0111\u1ea7y \u0111\u1ee7 th\u00f4ng tin v\u1ec1 s\u1ea3n ph\u1ea9m,ng\u00e0y mua h\u00e0ng.<\/p>\n<h2>2. Nh\u1eefng tr\u01b0\u1eddng h\u1ee3p kh\u00f4ng \u0111\u01b0\u1ee3c b\u1ea3o h\u00e0nh mi\u1ec5n ph\u00ed b\u1edfi OYEAL<\/h2>\n<p>&#8211; S\u1ea3n ph\u1ea9m \u0111\u00e3 h\u1ebft h\u1ea1n b\u1ea3o h\u00e0nh ghi tr\u00ean phi\u1ebfu ho\u1eb7c kh\u00e1ch h\u00e0ng l\u00e0m m\u1ea5t phi\u1ebfu b\u1ea3o h\u00e0nh<\/p>\n<p>&#8211; S\u1eed d\u1ee5ng kh\u00f4ng \u0111\u00fang theo h\u01b0\u1edbng d\u1eabn, s\u1eed d\u1ee5ng kh\u00f4ng \u0111\u00fang \u0111i\u1ec7n \u00e1p ghi tr\u00ean s\u1ea3n ph\u1ea9m g\u00e2y ra nh\u1eefng h\u01b0 h\u1ea1i tr\u00ean s\u1ea3n ph\u1ea9m.<\/p>\n<p>&#8211; S\u1ea3n ph\u1ea9m b\u1ecb h\u01b0 h\u1ecfng do nh\u1eefng t\u00e1c \u0111\u1ed9ng ngo\u1ea1i l\u1ef1c b\u00ean ngo\u00e0i nh\u01b0 thi\u00ean tai, va \u0111\u1eadp, r\u01a1i v\u1ee1, c\u00f4n tr\u00f9ng x\u00e2m nh\u1eadp(chu\u1ed9t c\u1eafn\u2026)<\/p>\n<p>&#8211; S\u1ea3n ph\u1ea9m \u0111\u00e3 c\u00f3 d\u1ea5u hi\u1ec7u can thi\u1ec7p s\u1eeda ch\u1eefa (r\u00e1ch tem b\u1ea3o h\u00e0nh tr\u00ean s\u1ea3n ph\u1ea9m\u2026) ho\u1eb7c thay \u0111\u1ed5i c\u1ea5u tr\u00fac thi\u1ebft k\u1ebf tr\u01b0\u1edbc khi b\u00e1o b\u1ea3o h\u00e0nh.<\/p>\n<p>&#8211; C\u00e1c s\u1ea3n ph\u1ea9m v\u1edbi c\u00e1c thi\u1ebft b\u1ecb gi\u1ea3 m\u1ea1o, phi\u1ebfu b\u1ea3o h\u00e0nh gi\u1ea3 m\u1ea1o<\/p>\n<p>&#8211; C\u00e1c linh ki\u1ec7n k\u00e8m theo nh\u01b0 d\u00e2y ngu\u1ed3n, \u1ed1p nh\u1ef1a, kho\u00e1 an to\u00e0n\u2026<\/p>\n<p>&#8211; C\u00e1c tr\u01b0\u1eddng h\u1ee3p kh\u00f4ng \u0111\u01b0\u1ee3c b\u1ea3o h\u00e0nh, OYEAL v\u1eabn h\u1ed7 tr\u1ee3 kh\u00e1ch h\u00e0ng s\u1eeda ch\u1eefa, b\u1ea3o tr\u00ec s\u1ea3n ph\u1ea9m v\u1edbi d\u1ecbch v\u1ee5 nhanh ch\u00f3ng, gi\u00e1 v\u00f4 c\u00f9ng h\u1eefu ngh\u1ecb.<\/p>\n<p>OYEAL kh\u00f4ng c\u1ea5p l\u1ea1i phi\u1ebfu b\u1ea3o h\u00e0nh m\u1edbi trong m\u1ecdi tr\u01b0\u1eddng h\u1ee3p<\/p>\n<h2>3.Khi h\u1ebft th\u1eddi h\u1ea1n b\u1ea3o h\u00e0nh<\/h2>\n<p>OYEAL cam k\u1ebft b\u1ea3o tr\u00ec tr\u1ecdn \u0111\u1eddi s\u1ea3n ph\u1ea9m:<\/p>\n<p>\u0110\u1ed1i v\u1edbi c\u00e1c s\u1ea3n ph\u1ea9m gh\u1ebf massage s\u1ebd b\u1ea3o tr\u00ec ho\u00e0n to\u00e0n t\u1ea1i nh\u00e0.<\/p>\n<p>\u0110\u1ed1i v\u1edbi c\u00e1c s\u1ea3n ph\u1ea9m kh\u00e1c b\u1ea3o tr\u00ec t\u1ea1i trung t\u00e2m b\u1ea3o h\u00e0nh c\u1ee7a OYEAL<\/p>\n<h2>4. M\u1ed9t s\u1ed1 l\u01b0u \u00fd trong vi\u1ec7c l\u1eafp \u0111\u1eb7t, s\u1eed d\u1ee5ng v\u00e0 b\u1ea3o qu\u1ea3n s\u1ea3n ph\u1ea9m<\/h2>\n<p>V\u1edbi c\u00e1c s\u1ea3n ph\u1ea9m \u0111\u01b0\u1ee3c ph\u00e2n ph\u1ed1i b\u1edfi OYEAL \u0111\u01b0\u1ee3c \u0111i k\u00e8m v\u1edbi s\u00e1ch h\u01b0\u1edbng d\u1eabn chi ti\u1ebft v\u1ec1 c\u00e1ch l\u1eafp \u0111\u1eb7t v\u00e0 s\u1eed d\u1ee5ng. V\u00ec th\u1ebf kh\u00e1ch h\u00e0ng c\u1ea7n \u0111\u1ecdc k\u1ef9 c\u00e1c th\u00f4ng tin c\u00f3 ghi trong s\u00e1ch h\u01b0\u1edbng d\u1eabn \u0111\u1ec3 c\u00f3 c\u00e1ch s\u1eed dung v\u00e0 b\u1ea3o qu\u1ea3n t\u1ed1t nh\u1ea5t.<\/p>\n<p>Khi s\u1eed d\u1ee5ng, kh\u00e1ch h\u00e0ng n\u00ean ch\u00fa \u00fd v\u1ec1 t\u1ea3i tr\u1ecdng ng\u01b0\u1eddi d\u00f9ng, s\u1eed d\u1ee5ng ngu\u1ed3n \u0111i\u1ec7n \u0111\u00fang, v\u00e0 v\u1ec7 sinh, lau ch\u00f9i th\u01b0\u1eddng xuy\u00ean \u0111\u00fang theo h\u01b0\u1edbng d\u1eabn s\u1eed d\u1ee5ng.<\/p>\n<h2>5. Li\u00ean h\u1ec7 th\u1eafc m\u1eafc, khi\u1ebfu n\u1ea1i v\u1ec1 v\u1ea5n \u0111\u1ec1 b\u1ea3o h\u00e0nh &amp; b\u1ea3o tr\u00ec:<\/h2>\n<p>N\u1ebfu qu\u00fd kh\u00e1ch ch\u01b0a th\u1ea5y h\u00e0i l\u00f2ng ho\u1eb7c c\u00f3 th\u1eafc m\u1eafc khi\u1ebfu n\u1ea1i g\u00ec v\u1ec1 v\u1ea5n \u0111\u1ec1 b\u1ea3o h\u00e0nh, xin Qu\u00fd kh\u00e1ch vui l\u00f2ng li\u00ean h\u1ec7 Hotline: 0961.653.663 ho\u1eb7c oyeal.com.vn@gmail.com \u0111\u1ec3 \u0111\u01b0\u1ee3c h\u1ed7 tr\u1ee3 gi\u1ea3i \u0111\u00e1p nhanh nh\u1ea5t.<\/p>\n","protected":false},"excerpt":{"rendered":"<p>1. S\u1ea3n ph\u1ea9m b\u1ea3o h\u00e0nh mi\u1ec5n ph\u00ed ph\u1ea3i tho\u1ea3 m\u00e3n nh\u1eefng \u0111i\u1ec1u ki\u1ec7n sau: Ch\u00ednh s\u00e1ch v\u1ec1 th\u1eddi h\u1ea1n b\u1ea3o h\u00e0nh mi\u1ec5n ph\u00ed c\u1ee7a OYEAL v\u1edbi c\u00e1c s\u1ea3n ph\u1ea9m do OYEAL ph\u00e2n ph\u1ed1i: Gh\u1ebf massage: &#8211; L\u1ed7i t\u1eeb nh\u00e0 s\u1ea3n xu\u1ea5t 1-1 trong 45 ng\u00e0y, b\u1ea3o h\u00e0nh 6 n\u0103m m\u00e1y, 3 n\u0103m cho ph\u1ea7n da<\/p>\n","protected":false},"author":1,"featured_media":0,"parent":0,"menu_order":0,"comment_status":"closed","ping_status":"closed","template":"","meta":{"footnotes":""},"class_list":["post-198","page","type-page","status-publish","hentry"],"yoast_head":"<!-- This site is optimized with the Yoast SEO plugin v18.3 - https:\/\/yoast.com\/wordpress\/plugins\/seo\/ -->\n<title>Ch\u00ednh s\u00e1ch b\u1ea3o h\u00e0nh v\u00e0 b\u1ea3o tr\u00ec - OYEAL Vi\u1ec7t Nam<\/title>\n<meta name=\"robots\" content=\"noindex, follow, max-snippet:-1, max-image-preview:large, max-video-preview:-1\" \/>\n<meta property=\"og:locale\" content=\"vi_VN\" \/>\n<meta property=\"og:type\" content=\"article\" \/>\n<meta property=\"og:title\" content=\"Ch\u00ednh s\u00e1ch b\u1ea3o h\u00e0nh v\u00e0 b\u1ea3o tr\u00ec - OYEAL Vi\u1ec7t Nam\" \/>\n<meta property=\"og:description\" content=\"1. S\u1ea3n ph\u1ea9m b\u1ea3o h\u00e0nh mi\u1ec5n ph\u00ed ph\u1ea3i tho\u1ea3 m\u00e3n nh\u1eefng \u0111i\u1ec1u ki\u1ec7n sau: Ch\u00ednh s\u00e1ch v\u1ec1 th\u1eddi h\u1ea1n b\u1ea3o h\u00e0nh mi\u1ec5n ph\u00ed c\u1ee7a OYEAL v\u1edbi c\u00e1c s\u1ea3n ph\u1ea9m do OYEAL ph\u00e2n ph\u1ed1i: Gh\u1ebf massage: &#8211; L\u1ed7i t\u1eeb nh\u00e0 s\u1ea3n xu\u1ea5t 1-1 trong 45 ng\u00e0y, b\u1ea3o h\u00e0nh 6 n\u0103m m\u00e1y, 3 n\u0103m cho ph\u1ea7n da\" \/>\n<meta property=\"og:url\" content=\"http:\/\/mau.hoabinhweb.com\/ghemassa1\/chinh-sach-bao-hanh-va-bao-tri\/\" \/>\n<meta property=\"og:site_name\" content=\"OYEAL Vi\u1ec7t Nam\" \/>\n<meta name=\"twitter:card\" content=\"summary_large_image\" \/>\n<meta name=\"twitter:label1\" content=\"\u01af\u1edbc t\u00ednh th\u1eddi gian \u0111\u1ecdc\" \/>\n\t<meta name=\"twitter:data1\" content=\"4 ph\u00fat\" \/>\n<script type=\"application\/ld+json\" class=\"yoast-schema-graph\">{\"@context\":\"https:\/\/schema.org\",\"@graph\":[{\"@type\":\"WebSite\",\"@id\":\"http:\/\/mau.hoabinhweb.com\/ghemassa1\/#website\",\"url\":\"http:\/\/mau.hoabinhweb.com\/ghemassa1\/\",\"name\":\"OYEAL Vi\u1ec7t Nam\",\"description\":\"\",\"potentialAction\":[{\"@type\":\"SearchAction\",\"target\":{\"@type\":\"EntryPoint\",\"urlTemplate\":\"http:\/\/mau.hoabinhweb.com\/ghemassa1\/?s={search_term_string}\"},\"query-input\":\"required name=search_term_string\"}],\"inLanguage\":\"vi\"},{\"@type\":\"WebPage\",\"@id\":\"http:\/\/mau.hoabinhweb.com\/ghemassa1\/chinh-sach-bao-hanh-va-bao-tri\/#webpage\",\"url\":\"http:\/\/mau.hoabinhweb.com\/ghemassa1\/chinh-sach-bao-hanh-va-bao-tri\/\",\"name\":\"Ch\u00ednh s\u00e1ch b\u1ea3o h\u00e0nh v\u00e0 b\u1ea3o tr\u00ec - OYEAL Vi\u1ec7t Nam\",\"isPartOf\":{\"@id\":\"http:\/\/mau.hoabinhweb.com\/ghemassa1\/#website\"},\"datePublished\":\"2022-07-11T09:25:44+00:00\",\"dateModified\":\"2022-07-11T09:25:44+00:00\",\"breadcrumb\":{\"@id\":\"http:\/\/mau.hoabinhweb.com\/ghemassa1\/chinh-sach-bao-hanh-va-bao-tri\/#breadcrumb\"},\"inLanguage\":\"vi\",\"potentialAction\":[{\"@type\":\"ReadAction\",\"target\":[\"http:\/\/mau.hoabinhweb.com\/ghemassa1\/chinh-sach-bao-hanh-va-bao-tri\/\"]}]},{\"@type\":\"BreadcrumbList\",\"@id\":\"http:\/\/mau.hoabinhweb.com\/ghemassa1\/chinh-sach-bao-hanh-va-bao-tri\/#breadcrumb\",\"itemListElement\":[{\"@type\":\"ListItem\",\"position\":1,\"name\":\"Trang ch\u1ee7\",\"item\":\"http:\/\/mau.hoabinhweb.com\/ghemassa1\/\"},{\"@type\":\"ListItem\",\"position\":2,\"name\":\"Ch\u00ednh s\u00e1ch b\u1ea3o h\u00e0nh v\u00e0 b\u1ea3o tr\u00ec\"}]}]}<\/script>\n<!-- \/ Yoast SEO plugin. -->","yoast_head_json":{"title":"Ch\u00ednh s\u00e1ch b\u1ea3o h\u00e0nh v\u00e0 b\u1ea3o tr\u00ec - OYEAL Vi\u1ec7t Nam","robots":{"index":"noindex","follow":"follow","max-snippet":"max-snippet:-1","max-image-preview":"max-image-preview:large","max-video-preview":"max-video-preview:-1"},"og_locale":"vi_VN","og_type":"article","og_title":"Ch\u00ednh s\u00e1ch b\u1ea3o h\u00e0nh v\u00e0 b\u1ea3o tr\u00ec - OYEAL Vi\u1ec7t Nam","og_description":"1. S\u1ea3n ph\u1ea9m b\u1ea3o h\u00e0nh mi\u1ec5n ph\u00ed ph\u1ea3i tho\u1ea3 m\u00e3n nh\u1eefng \u0111i\u1ec1u ki\u1ec7n sau: Ch\u00ednh s\u00e1ch v\u1ec1 th\u1eddi h\u1ea1n b\u1ea3o h\u00e0nh mi\u1ec5n ph\u00ed c\u1ee7a OYEAL v\u1edbi c\u00e1c s\u1ea3n ph\u1ea9m do OYEAL ph\u00e2n ph\u1ed1i: Gh\u1ebf massage: &#8211; L\u1ed7i t\u1eeb nh\u00e0 s\u1ea3n xu\u1ea5t 1-1 trong 45 ng\u00e0y, b\u1ea3o h\u00e0nh 6 n\u0103m m\u00e1y, 3 n\u0103m cho ph\u1ea7n da","og_url":"http:\/\/mau.hoabinhweb.com\/ghemassa1\/chinh-sach-bao-hanh-va-bao-tri\/","og_site_name":"OYEAL Vi\u1ec7t Nam","twitter_card":"summary_large_image","twitter_misc":{"\u01af\u1edbc t\u00ednh th\u1eddi gian \u0111\u1ecdc":"4 ph\u00fat"},"schema":{"@context":"https:\/\/schema.org","@graph":[{"@type":"WebSite","@id":"http:\/\/mau.hoabinhweb.com\/ghemassa1\/#website","url":"http:\/\/mau.hoabinhweb.com\/ghemassa1\/","name":"OYEAL Vi\u1ec7t Nam","description":"","potentialAction":[{"@type":"SearchAction","target":{"@type":"EntryPoint","urlTemplate":"http:\/\/mau.hoabinhweb.com\/ghemassa1\/?s={search_term_string}"},"query-input":"required name=search_term_string"}],"inLanguage":"vi"},{"@type":"WebPage","@id":"http:\/\/mau.hoabinhweb.com\/ghemassa1\/chinh-sach-bao-hanh-va-bao-tri\/#webpage","url":"http:\/\/mau.hoabinhweb.com\/ghemassa1\/chinh-sach-bao-hanh-va-bao-tri\/","name":"Ch\u00ednh s\u00e1ch b\u1ea3o h\u00e0nh v\u00e0 b\u1ea3o tr\u00ec - OYEAL Vi\u1ec7t Nam","isPartOf":{"@id":"http:\/\/mau.hoabinhweb.com\/ghemassa1\/#website"},"datePublished":"2022-07-11T09:25:44+00:00","dateModified":"2022-07-11T09:25:44+00:00","breadcrumb":{"@id":"http:\/\/mau.hoabinhweb.com\/ghemassa1\/chinh-sach-bao-hanh-va-bao-tri\/#breadcrumb"},"inLanguage":"vi","potentialAction":[{"@type":"ReadAction","target":["http:\/\/mau.hoabinhweb.com\/ghemassa1\/chinh-sach-bao-hanh-va-bao-tri\/"]}]},{"@type":"BreadcrumbList","@id":"http:\/\/mau.hoabinhweb.com\/ghemassa1\/chinh-sach-bao-hanh-va-bao-tri\/#breadcrumb","itemListElement":[{"@type":"ListItem","position":1,"name":"Trang ch\u1ee7","item":"http:\/\/mau.hoabinhweb.com\/ghemassa1\/"},{"@type":"ListItem","position":2,"name":"Ch\u00ednh s\u00e1ch b\u1ea3o h\u00e0nh v\u00e0 b\u1ea3o tr\u00ec"}]}]}},"_links":{"self":[{"href":"http:\/\/mau.hoabinhweb.com\/ghemassa1\/wp-json\/wp\/v2\/pages\/198","targetHints":{"allow":["GET"]}}],"collection":[{"href":"http:\/\/mau.hoabinhweb.com\/ghemassa1\/wp-json\/wp\/v2\/pages"}],"about":[{"href":"http:\/\/mau.hoabinhweb.com\/ghemassa1\/wp-json\/wp\/v2\/types\/page"}],"author":[{"embeddable":true,"href":"http:\/\/mau.hoabinhweb.com\/ghemassa1\/wp-json\/wp\/v2\/users\/1"}],"replies":[{"embeddable":true,"href":"http:\/\/mau.hoabinhweb.com\/ghemassa1\/wp-json\/wp\/v2\/comments?post=198"}],"version-history":[{"count":1,"href":"http:\/\/mau.hoabinhweb.com\/ghemassa1\/wp-json\/wp\/v2\/pages\/198\/revisions"}],"predecessor-version":[{"id":204,"href":"http:\/\/mau.hoabinhweb.com\/ghemassa1\/wp-json\/wp\/v2\/pages\/198\/revisions\/204"}],"wp:attachment":[{"href":"http:\/\/mau.hoabinhweb.com\/ghemassa1\/wp-json\/wp\/v2\/media?parent=198"}],"curies":[{"name":"wp","href":"https:\/\/api.w.org\/{rel}","templated":true}]}}