{"id":197,"date":"2022-07-11T16:24:54","date_gmt":"2022-07-11T09:24:54","guid":{"rendered":"https:\/\/mau.hoabinhweb.com\/ghemassa1\/?page_id=197"},"modified":"2022-07-11T16:24:54","modified_gmt":"2022-07-11T09:24:54","slug":"chinh-sach-thanh-toan","status":"publish","type":"page","link":"http:\/\/mau.hoabinhweb.com\/ghemassa1\/chinh-sach-thanh-toan\/","title":{"rendered":"Ch\u00ednh s\u00e1ch thanh to\u00e1n"},"content":{"rendered":"<p>Khi kh\u00e1ch h\u00e0ng mua c\u00e1c s\u1ea3n ph\u1ea9m t\u1ea1i Oyeal, qu\u00fd kh\u00e1ch c\u00f3 th\u1ec3 l\u1ef1a ch\u1ecdn m\u1ed9t trong ba h\u00ecnh th\u1ee9c thanh to\u00e1n: Thanh to\u00e1n ti\u1ec1n m\u1eb7t t\u1ea1i c\u1eeda h\u00e0ng, thanh to\u00e1n COD, thanh to\u00e1n b\u1eb1ng c\u00e1ch chuy\u1ec3n kho\u1ea3n. Qu\u00fd kh\u00e1ch s\u1ebd trao \u0111\u1ed5i v\u00e0 th\u1ed1ng nh\u1ea5t h\u00ecnh th\u1ee9c thanh to\u00e1n th\u00edch h\u1ee3p nh\u1ea5t v\u1edbi nh\u00e2n vi\u00ean t\u01b0 v\u1ea5n.<\/p>\n<h2>I\/ C\u00e1c h\u00ecnh th\u1ee9c thanh to\u00e1n khi mua h\u00e0ng t\u1ea1i Oyeal<\/h2>\n<p><strong>H\u00ecnh th\u1ee9c 1: Thanh to\u00e1n tr\u1ef1c ti\u1ebfp (Kh\u00e1ch h\u00e0ng thanh to\u00e1n t\u1ea1i c\u1eeda h\u00e0ng)<\/strong><\/p>\n<p>\u0110\u1ed1i v\u1edbi ph\u01b0\u01a1ng th\u1ee9c thanh to\u00e1n n\u00e0y, kh\u00e1ch h\u00e0ng s\u1ebd thanh to\u00e1n v\u00e0 nh\u1eadn h\u00e0ng tr\u1ef1c ti\u1ebfp t\u1ea1i c\u1eeda h\u00e0ng, ho\u1eb7c b\u1ea1n c\u00f3 th\u1ec3 thanh to\u00e1n tr\u01b0\u1edbc v\u00e0 y\u00eau c\u1ea7u nh\u00e2n vi\u00ean c\u1ee7a Oyeal giao h\u00e0ng t\u1eadn nh\u00e0 v\u00e0 l\u1eafp \u0111\u1eb7t cho qu\u00fd kh\u00e1ch.<\/p>\n<p>B\u01b0\u1edbc 1: \u0110\u1ea7u ti\u00ean, ng\u01b0\u1eddi mua c\u1ea7n t\u00ecm hi\u1ec3u r\u00f5 th\u00f4ng tin v\u1ec1 s\u1ea3n ph\u1ea9m, d\u1ecbch v\u1ee5 sau mua h\u00e0ng \u0111\u00e3 \u0111\u01b0\u1ee3c Oyeal \u0111\u0103ng tin.<\/p>\n<p>B\u01b0\u1edbc 2: Kh\u00e1ch h\u00e0ng \u0111\u1ebfn \u0111\u1ecba ch\u1ec9 b\u00e1n h\u00e0ng l\u00e0 c\u00e1c c\u1eeda h\u00e0ng, showroom b\u00e1n h\u00e0ng c\u1ee7a Oyeal g\u1ea7n nh\u1ea5t. Mu\u1ed1n bi\u1ebft \u0111\u1ecba ch\u1ec9 c\u1eeda h\u00e0ng g\u1ea7n nh\u1ea5t, b\u1ea1n c\u00f3 th\u1ec3 xem th\u00f4ng tin c\u1eeda h\u00e0ng t\u1ea1i ph\u1ea7n ch\u00e2n c\u1ee7a c\u1ee7a website: oyeal.com.vn<\/p>\n<p>Ch\u00ednh s\u00e1ch thanh to\u00e1n<\/p>\n<p>B\u01b0\u1edbc 3: Kh\u00e1ch h\u00e0ng h\u00e0ng c\u00f3 th\u1ec3 thanh to\u00e1n b\u1eb1ng ti\u1ec1n m\u1eb7t, th\u1ebb ATM n\u1ed9i \u0111\u1ecba ho\u1eb7c th\u1ebb t\u00edn d\u1ee5ng b\u1eb1ng m\u00e1y qu\u1eb9t th\u1ebb t\u1ea1i c\u1eeda h\u00e0ng v\u00e0 sau \u0111\u00f3 nh\u1eadn vi\u00ean c\u1ee7a Oyeal s\u1ebd giao h\u00e0ng v\u00e0 l\u1eafp \u0111\u1eb7t t\u1eadn nh\u00e0 cho qu\u00fd kh\u00e1ch.<\/p>\n<p><strong>H\u00ecnh th\u1ee9c 2: Thanh to\u00e1n sau: (COD \u2013 giao h\u00e0ng, l\u1eafp \u0111\u1eb7t t\u1ea1i nh\u00e0 v\u00e0 thu ti\u1ec1n t\u1eadn n\u01a1i)<\/strong><\/p>\n<p>B\u01b0\u1edbc 1: Kh\u00e1ch h\u00e0ng n\u00ean t\u00ecm hi\u1ec3u v\u1ec1 th\u00f4ng tin s\u1ea3n ph\u1ea9m, gi\u00e1 th\u00e0nh, ch\u00ednh s\u00e1ch sau mua h\u00e0ng, ch\u00ednh s\u00e1ch b\u1ea3o h\u00e0nh&#8230;th\u00f4ng qua h\u00ecnh th\u1ee9c truy c\u1eadp website oyeal.com.vn, \u0111\u1ebfn tr\u1ef1c ti\u1ebfp c\u1eeda h\u00e0ng ho\u1eb7c li\u00ean h\u1ec7 tr\u1ef1c ti\u1ebfp Hotline 0961.653.663.<\/p>\n<p>B\u01b0\u1edbc 2: Kh\u00e1ch h\u00e0ng s\u1ebd \u0111\u1eb7t mua h\u00e0ng th\u00f4ng qua c\u00e1c b\u01b0\u1edbc \u0111\u1eb7t h\u00e0ng online tr\u00ean website oyeal.com.vn ho\u1eb7c \u0111\u1eb7t h\u00e0ng th\u00f4ng qua Hotline 0961.653.663, chat tr\u00ean website. Sau \u0111\u00f3 kh\u00e1ch h\u00e0ng s\u1ebd cung c\u1ea5p th\u00f4ng tin x\u00e1c th\u1ef1c \u0111\u01a1n h\u00e0ng tr\u00ean website oyeal.com.vn<\/p>\n<p>B\u01b0\u1edbc 3: Nh\u00e2n vi\u00ean s\u1ebd g\u1ecdi \u0111i\u1ec7n l\u1ea1i x\u00e1c nh\u1eadn \u0111\u01a1n h\u00e0ng, th\u1eddi gian giao h\u00e0ng, ph\u01b0\u01a1ng th\u1ee9c thanh to\u00e1n v\u1edbi kh\u00e1ch h\u00e0ng.<\/p>\n<p>B\u01b0\u1edbc 4: Nh\u00e2n vi\u00ean giao h\u00e0ng s\u1ebd giao h\u00e0ng v\u00e0 l\u1eafp \u0111\u1eb7t c\u0169ng nh\u01b0 h\u01b0\u1edbng d\u1eabn chi ti\u1ebft c\u00e1ch s\u1eed d\u1ee5ng cho kh\u00e1ch h\u00e0ng.<\/p>\n<p>B\u01b0\u1edbc 5: Kh\u00e1ch h\u00e0ng s\u1ebd ki\u1ec3m tra, nh\u1eadn h\u00e0ng v\u00e0 thanh to\u00e1n b\u1eb1ng ti\u1ec1n m\u1eb7t, th\u1ebb ATM n\u1ed9i \u0111\u1ecba, th\u1ebb t\u00edn d\u1ee5ng&#8230; (V\u1edbi c\u00e1c h\u00ecnh th\u1ee9c thanh to\u00e1n b\u1eb1ng th\u1ebb, kh\u00e1ch h\u00e0ng vui l\u00f2ng th\u00f4ng b\u00e1o tr\u01b0\u1edbc cho Oyeal khi x\u00e1c nh\u1eadn \u0111\u01a1n h\u00e0ng \u0111\u1ec3 nh\u00e2n vi\u00ean mang m\u00e1y qu\u1eb9t th\u1ebb.)<\/p>\n<p><strong>H\u00ecnh th\u1ee9c 3: Thanh to\u00e1n chuy\u1ec3n kho\u1ea3n tr\u01b0\u1edbc<\/strong><\/p>\n<p>C\u00e1c b\u01b0\u1edbc th\u1ef1c hi\u1ec7n \u0111\u1eb7t h\u00e0ng s\u1ebd gi\u1ed1ng nh\u01b0 tr\u00ean. Nh\u00e2n vi\u00ean c\u1ee7a Oyeal li\u00ean h\u1ec7 v\u00e0 th\u1ed1ng nh\u1ea5t ph\u01b0\u01a1ng th\u1ee9c thanh to\u00e1n, v\u1eadn chuy\u1ec3n v\u1edbi kh\u00e1ch h\u00e0ng. V\u1edbi h\u00ecnh th\u1ee9c chuy\u1ec3n kho\u1ea3n tr\u01b0\u1edbc, nh\u00e2n vi\u00ean t\u01b0 v\u1ea5n Oyeal s\u1ebd g\u1eedi kh\u00e1ch h\u00e0ng th\u00f4ng tin t\u00e0i kho\u1ea3n. Kh\u00e1ch h\u00e0ng khi chuy\u1ec3n kho\u1ea3n s\u1ebd ghi th\u00f4ng tin: H\u1ecc T\u00caN + S\u0110T + MODEL M\u00c1Y. VD: NGUYEN VAN A 0912345678 O2<\/p>\n<p>Sau \u0111\u00f3 kh\u00e1ch ch\u1ee5p \u1ea3nh l\u1ea1i v\u00e0 x\u00e1c nh\u1eadn v\u1edbi nh\u00e2n vi\u00ean c\u1ee7a Oyeal. Khi nh\u00e2n vi\u00ean Oyeal x\u00e1c nh\u1eadn giao d\u1ecbch th\u00e0nh c\u00f4ng, nh\u00e2n vi\u00ean s\u1ebd giao h\u00e0ng v\u1ec1 t\u1eadn nh\u00e0 cho qu\u00fd kh\u00e1ch.<\/p>\n<h2>II\/ \u0110\u1ea3m b\u1ea3o an to\u00e0n giao d\u1ecbch<\/h2>\n<p>M\u1ecdi th\u00f4ng tin giao d\u1ecbch v\u1edbi kh\u00e1ch h\u00e0ng s\u1ebd \u0111\u01b0\u1ee3c Oyeal tuy\u1ec7t \u0111\u1ed1i b\u1ea3o m\u1eadt, th\u1ef1c hi\u1ec7n theo \u0111\u00fang theo ch\u00ednh s\u00e1ch b\u1ea3o m\u1eadt \u0111\u00e3 ghi tr\u01b0\u1edbc \u0111\u00f3. V\u00e0 \u0111\u1ec3 giao d\u1ecbch mua h\u00e0ng v\u00e0 v\u1eadn chuy\u1ec3n di\u1ec5n ra nhanh ch\u00f3ng, ch\u00ednh x\u00e1c, h\u1ea1n ch\u1ebf t\u1ed1i \u0111a c\u00e1c s\u1ef1 c\u1ed1, kh\u00e1ch h\u00e0ng n\u00ean cung c\u1ea5p c\u00e1c th\u00f4ng tin m\u1ed9t c\u00e1ch \u0111\u1ea7y \u0111\u1ee7 nh\u01b0 h\u1ecd t\u00ean, \u0111\u1ecba ch\u1ec9, s\u1ed1 \u0111i\u1ec7n tho\u1ea1i, khi mua h\u00e0ng t\u1ea1i Oyeal \u0111\u1ec3 nh\u00e2n vi\u00ean c\u1ee7a Oyeal c\u00f3 th\u1ec3 x\u00e1c nh\u1eadn \u0111\u01a1n h\u00e0ng v\u00e0 chuy\u1ec3n giao h\u00e0ng m\u1ed9t c\u00e1ch nhanh nh\u1ea5t. V\u1edbi c\u00e1c th\u00f4ng tin qu\u00fd kh\u00e1ch \u0111\u01b0a ch\u00ednh x\u00e1c, c\u0169ng g\u00f3p ph\u1ea7n gi\u00fap Oyeal \u0111\u1ea3m b\u1ea3o h\u01a1n trong qu\u00e1 tr\u00ecnh v\u1eadn chuy\u1ec3n, l\u1eafp \u0111\u1eb7t v\u00e0 b\u1ea3o h\u00e0nh s\u1ea3n ph\u1ea9m.<\/p>\n<p>Trong tr\u01b0\u1eddng h\u1ee3p giao d\u1ecbch nh\u1eadn h\u00e0ng t\u1ea1i nh\u00e0, v\u1edbi nh\u1eefng kh\u00e1ch h\u00e0ng \u0111\u01b0\u1ee3c l\u1eafp \u0111\u1eb7t mi\u1ec5n ph\u00ed t\u1ea1i nh\u00e0 vui l\u00f2ng th\u1eed m\u00e1y tr\u01b0\u1edbc khi thanh to\u00e1n. V\u1edbi nh\u1eefng kh\u00e1ch h\u00e0ng \u1edf c\u00e1c t\u1ec9nh th\u00e0nh vui l\u00f2ng ki\u1ec3m tra m\u00e1y m\u00f3c v\u00e0 ph\u1ee5 ki\u1ec7n th\u1eed test m\u00e1y k\u1ef9. Ch\u00fang t\u00f4i ch\u1ec9 ch\u1ea5p nh\u1eadn \u0111\u1ed5i tr\u1ea3 h\u00e0ng trong v\u00f2ng 45 ng\u00e0y khi c\u00f3 l\u1ed7i t\u1eeb nh\u00e0 s\u1ea3n xu\u1ea5t.<\/p>\n","protected":false},"excerpt":{"rendered":"<p>Khi kh\u00e1ch h\u00e0ng mua c\u00e1c s\u1ea3n ph\u1ea9m t\u1ea1i Oyeal, qu\u00fd kh\u00e1ch c\u00f3 th\u1ec3 l\u1ef1a ch\u1ecdn m\u1ed9t trong ba h\u00ecnh th\u1ee9c thanh to\u00e1n: Thanh to\u00e1n ti\u1ec1n m\u1eb7t t\u1ea1i c\u1eeda h\u00e0ng, thanh to\u00e1n COD, thanh to\u00e1n b\u1eb1ng c\u00e1ch chuy\u1ec3n kho\u1ea3n. Qu\u00fd kh\u00e1ch s\u1ebd trao \u0111\u1ed5i v\u00e0 th\u1ed1ng nh\u1ea5t h\u00ecnh th\u1ee9c thanh to\u00e1n th\u00edch h\u1ee3p nh\u1ea5t v\u1edbi nh\u00e2n<\/p>\n","protected":false},"author":1,"featured_media":0,"parent":0,"menu_order":0,"comment_status":"closed","ping_status":"closed","template":"","meta":{"footnotes":""},"class_list":["post-197","page","type-page","status-publish","hentry"],"yoast_head":"<!-- This site is optimized with the Yoast SEO plugin v18.3 - https:\/\/yoast.com\/wordpress\/plugins\/seo\/ -->\n<title>Ch\u00ednh s\u00e1ch thanh to\u00e1n - OYEAL Vi\u1ec7t Nam<\/title>\n<meta name=\"robots\" content=\"noindex, follow, max-snippet:-1, max-image-preview:large, max-video-preview:-1\" \/>\n<meta property=\"og:locale\" content=\"vi_VN\" \/>\n<meta property=\"og:type\" content=\"article\" \/>\n<meta property=\"og:title\" content=\"Ch\u00ednh s\u00e1ch thanh to\u00e1n - OYEAL Vi\u1ec7t Nam\" \/>\n<meta property=\"og:description\" content=\"Khi kh\u00e1ch h\u00e0ng mua c\u00e1c s\u1ea3n ph\u1ea9m t\u1ea1i Oyeal, qu\u00fd kh\u00e1ch c\u00f3 th\u1ec3 l\u1ef1a ch\u1ecdn m\u1ed9t trong ba h\u00ecnh th\u1ee9c thanh to\u00e1n: Thanh to\u00e1n ti\u1ec1n m\u1eb7t t\u1ea1i c\u1eeda h\u00e0ng, thanh to\u00e1n COD, thanh to\u00e1n b\u1eb1ng c\u00e1ch chuy\u1ec3n kho\u1ea3n. Qu\u00fd kh\u00e1ch s\u1ebd trao \u0111\u1ed5i v\u00e0 th\u1ed1ng nh\u1ea5t h\u00ecnh th\u1ee9c thanh to\u00e1n th\u00edch h\u1ee3p nh\u1ea5t v\u1edbi nh\u00e2n\" \/>\n<meta property=\"og:url\" content=\"http:\/\/mau.hoabinhweb.com\/ghemassa1\/chinh-sach-thanh-toan\/\" \/>\n<meta property=\"og:site_name\" content=\"OYEAL Vi\u1ec7t Nam\" \/>\n<meta name=\"twitter:card\" content=\"summary_large_image\" \/>\n<meta name=\"twitter:label1\" content=\"\u01af\u1edbc t\u00ednh th\u1eddi gian \u0111\u1ecdc\" \/>\n\t<meta name=\"twitter:data1\" content=\"6 ph\u00fat\" \/>\n<script type=\"application\/ld+json\" class=\"yoast-schema-graph\">{\"@context\":\"https:\/\/schema.org\",\"@graph\":[{\"@type\":\"WebSite\",\"@id\":\"http:\/\/mau.hoabinhweb.com\/ghemassa1\/#website\",\"url\":\"http:\/\/mau.hoabinhweb.com\/ghemassa1\/\",\"name\":\"OYEAL Vi\u1ec7t Nam\",\"description\":\"\",\"potentialAction\":[{\"@type\":\"SearchAction\",\"target\":{\"@type\":\"EntryPoint\",\"urlTemplate\":\"http:\/\/mau.hoabinhweb.com\/ghemassa1\/?s={search_term_string}\"},\"query-input\":\"required name=search_term_string\"}],\"inLanguage\":\"vi\"},{\"@type\":\"WebPage\",\"@id\":\"http:\/\/mau.hoabinhweb.com\/ghemassa1\/chinh-sach-thanh-toan\/#webpage\",\"url\":\"http:\/\/mau.hoabinhweb.com\/ghemassa1\/chinh-sach-thanh-toan\/\",\"name\":\"Ch\u00ednh s\u00e1ch thanh to\u00e1n - OYEAL Vi\u1ec7t Nam\",\"isPartOf\":{\"@id\":\"http:\/\/mau.hoabinhweb.com\/ghemassa1\/#website\"},\"datePublished\":\"2022-07-11T09:24:54+00:00\",\"dateModified\":\"2022-07-11T09:24:54+00:00\",\"breadcrumb\":{\"@id\":\"http:\/\/mau.hoabinhweb.com\/ghemassa1\/chinh-sach-thanh-toan\/#breadcrumb\"},\"inLanguage\":\"vi\",\"potentialAction\":[{\"@type\":\"ReadAction\",\"target\":[\"http:\/\/mau.hoabinhweb.com\/ghemassa1\/chinh-sach-thanh-toan\/\"]}]},{\"@type\":\"BreadcrumbList\",\"@id\":\"http:\/\/mau.hoabinhweb.com\/ghemassa1\/chinh-sach-thanh-toan\/#breadcrumb\",\"itemListElement\":[{\"@type\":\"ListItem\",\"position\":1,\"name\":\"Trang ch\u1ee7\",\"item\":\"http:\/\/mau.hoabinhweb.com\/ghemassa1\/\"},{\"@type\":\"ListItem\",\"position\":2,\"name\":\"Ch\u00ednh s\u00e1ch thanh to\u00e1n\"}]}]}<\/script>\n<!-- \/ Yoast SEO plugin. -->","yoast_head_json":{"title":"Ch\u00ednh s\u00e1ch thanh to\u00e1n - OYEAL Vi\u1ec7t Nam","robots":{"index":"noindex","follow":"follow","max-snippet":"max-snippet:-1","max-image-preview":"max-image-preview:large","max-video-preview":"max-video-preview:-1"},"og_locale":"vi_VN","og_type":"article","og_title":"Ch\u00ednh s\u00e1ch thanh to\u00e1n - OYEAL Vi\u1ec7t Nam","og_description":"Khi kh\u00e1ch h\u00e0ng mua c\u00e1c s\u1ea3n ph\u1ea9m t\u1ea1i Oyeal, qu\u00fd kh\u00e1ch c\u00f3 th\u1ec3 l\u1ef1a ch\u1ecdn m\u1ed9t trong ba h\u00ecnh th\u1ee9c thanh to\u00e1n: Thanh to\u00e1n ti\u1ec1n m\u1eb7t t\u1ea1i c\u1eeda h\u00e0ng, thanh to\u00e1n COD, thanh to\u00e1n b\u1eb1ng c\u00e1ch chuy\u1ec3n kho\u1ea3n. Qu\u00fd kh\u00e1ch s\u1ebd trao \u0111\u1ed5i v\u00e0 th\u1ed1ng nh\u1ea5t h\u00ecnh th\u1ee9c thanh to\u00e1n th\u00edch h\u1ee3p nh\u1ea5t v\u1edbi nh\u00e2n","og_url":"http:\/\/mau.hoabinhweb.com\/ghemassa1\/chinh-sach-thanh-toan\/","og_site_name":"OYEAL Vi\u1ec7t Nam","twitter_card":"summary_large_image","twitter_misc":{"\u01af\u1edbc t\u00ednh th\u1eddi gian \u0111\u1ecdc":"6 ph\u00fat"},"schema":{"@context":"https:\/\/schema.org","@graph":[{"@type":"WebSite","@id":"http:\/\/mau.hoabinhweb.com\/ghemassa1\/#website","url":"http:\/\/mau.hoabinhweb.com\/ghemassa1\/","name":"OYEAL Vi\u1ec7t Nam","description":"","potentialAction":[{"@type":"SearchAction","target":{"@type":"EntryPoint","urlTemplate":"http:\/\/mau.hoabinhweb.com\/ghemassa1\/?s={search_term_string}"},"query-input":"required name=search_term_string"}],"inLanguage":"vi"},{"@type":"WebPage","@id":"http:\/\/mau.hoabinhweb.com\/ghemassa1\/chinh-sach-thanh-toan\/#webpage","url":"http:\/\/mau.hoabinhweb.com\/ghemassa1\/chinh-sach-thanh-toan\/","name":"Ch\u00ednh s\u00e1ch thanh to\u00e1n - OYEAL Vi\u1ec7t Nam","isPartOf":{"@id":"http:\/\/mau.hoabinhweb.com\/ghemassa1\/#website"},"datePublished":"2022-07-11T09:24:54+00:00","dateModified":"2022-07-11T09:24:54+00:00","breadcrumb":{"@id":"http:\/\/mau.hoabinhweb.com\/ghemassa1\/chinh-sach-thanh-toan\/#breadcrumb"},"inLanguage":"vi","potentialAction":[{"@type":"ReadAction","target":["http:\/\/mau.hoabinhweb.com\/ghemassa1\/chinh-sach-thanh-toan\/"]}]},{"@type":"BreadcrumbList","@id":"http:\/\/mau.hoabinhweb.com\/ghemassa1\/chinh-sach-thanh-toan\/#breadcrumb","itemListElement":[{"@type":"ListItem","position":1,"name":"Trang ch\u1ee7","item":"http:\/\/mau.hoabinhweb.com\/ghemassa1\/"},{"@type":"ListItem","position":2,"name":"Ch\u00ednh s\u00e1ch thanh to\u00e1n"}]}]}},"_links":{"self":[{"href":"http:\/\/mau.hoabinhweb.com\/ghemassa1\/wp-json\/wp\/v2\/pages\/197","targetHints":{"allow":["GET"]}}],"collection":[{"href":"http:\/\/mau.hoabinhweb.com\/ghemassa1\/wp-json\/wp\/v2\/pages"}],"about":[{"href":"http:\/\/mau.hoabinhweb.com\/ghemassa1\/wp-json\/wp\/v2\/types\/page"}],"author":[{"embeddable":true,"href":"http:\/\/mau.hoabinhweb.com\/ghemassa1\/wp-json\/wp\/v2\/users\/1"}],"replies":[{"embeddable":true,"href":"http:\/\/mau.hoabinhweb.com\/ghemassa1\/wp-json\/wp\/v2\/comments?post=197"}],"version-history":[{"count":1,"href":"http:\/\/mau.hoabinhweb.com\/ghemassa1\/wp-json\/wp\/v2\/pages\/197\/revisions"}],"predecessor-version":[{"id":203,"href":"http:\/\/mau.hoabinhweb.com\/ghemassa1\/wp-json\/wp\/v2\/pages\/197\/revisions\/203"}],"wp:attachment":[{"href":"http:\/\/mau.hoabinhweb.com\/ghemassa1\/wp-json\/wp\/v2\/media?parent=197"}],"curies":[{"name":"wp","href":"https:\/\/api.w.org\/{rel}","templated":true}]}}