{"id":194,"date":"2022-07-11T16:21:59","date_gmt":"2022-07-11T09:21:59","guid":{"rendered":"https:\/\/mau.hoabinhweb.com\/ghemassa1\/?page_id=194"},"modified":"2022-07-11T16:21:59","modified_gmt":"2022-07-11T09:21:59","slug":"khach-hang-thuong-hoi","status":"publish","type":"page","link":"http:\/\/mau.hoabinhweb.com\/ghemassa1\/khach-hang-thuong-hoi\/","title":{"rendered":"Kh\u00e1ch h\u00e0ng th\u01b0\u1eddng h\u1ecfi"},"content":{"rendered":"<p><strong>C\u00f3 gh\u1ebf d\u01b0\u1edbi 10 tri\u1ec7u kh\u00f4ng?<\/strong><\/p>\n<p>&#8211; Oyeal kh\u00f4ng b\u00e1n gh\u1ebf d\u01b0\u1edbi 10 tri\u1ec7u v\u00ec t\u1ea5t c\u1ea3 gh\u1ebf Oyeal b\u00e1n \u0111\u1ec1u s\u1eed d\u1ee5ng ch\u1ea5t li\u1ec7u da cacbon fiber, cu\u1ed1n l\u00f5i \u0111\u1ed3ng, khung s\u1eaft s\u01a1n t\u0129nh \u0111i\u1ec7n&#8230; \u0110\u1ed9 b\u1ec1n cao x\u1ee9ng \u0111\u00e1ng v\u1edbi chi ph\u00ed kh\u00e1ch h\u00e0ng b\u1ecf ra.<\/p>\n<p><strong>D\u01b0\u1edbi 20 tri\u1ec7u c\u00f3 mua \u0111\u01b0\u1ee3c gh\u1ebf massage con l\u0103n di chuy\u1ec3n \u1edf Oyeal?<\/strong><\/p>\n<p>&#8211; Oyeal c\u00f3 r\u1ea5t nhi\u1ec1u m\u1eabu gh\u1ebf gi\u00e1 t\u1eeb b\u00ecnh d\u00e2n \u0111\u1ebfn cao c\u1ea5p v\u00e0 ph\u00e2n kh\u00fac d\u01b0\u1edbi 20 tri\u1ec7u, kh\u00e1ch h\u00e0ng \u0111\u00e3 s\u1edf h\u1eefu cho m\u00ecnh m\u1ed9t chi\u1ebfc gh\u1ebf massage ph\u00f9 h\u1ee3p v\u1edbi th\u1ec3 tr\u1ea1ng c\u00e2n n\u1eb7ng r\u1ed3i \u1ea1.<\/p>\n<p><strong>Gh\u1ebf massage ph\u00f9 h\u1ee3p v\u1edbi \u0111\u1ed9 tu\u1ed5i n\u00e0o?<\/strong><\/p>\n<p>&#8211; Gh\u1ebf c\u00f3 nhi\u1ec1u ch\u1ebf \u0111\u1ed9, ch\u1ee9c n\u0103ng massgae ph\u00f9 h\u1ee3p m\u1ecdi \u0111\u1ed9 tu\u1ed5i th\u00e0nh vi\u00ean trong gia \u0111\u00ecnh.<\/p>\n<p><strong>\u0110\u1ed1i t\u01b0\u1ee3ng n\u00e0o s\u1eed d\u1ee5ng gh\u1ebf massage l\u00e0 t\u1ed1t nh\u1ea5t?<\/strong><\/p>\n<p>&#8211; V\u0103n ph\u00f2ng: Th\u01b0\u1eddng xuy\u00ean ng\u1ed3i nhi\u1ec1u, \u00edt v\u1eadn \u0111\u1ed9ng khi\u1ebfn cho ph\u1ea7n c\u1ed5, l\u01b0ng v\u00e0 vai g\u00e1y b\u1ecb \u0111au nh\u1ee9c m\u1ecfi.<\/p>\n<p>&#8211; Lao \u0111\u1ed9ng n\u1eb7ng: Nh\u01b0 khu\u00e2n, v\u00e1c, ch\u1ea1y xe ba g\u00e1c, c\u00f4ng vi\u1ec7c nh\u00e0 n\u00f4ng&#8230;- Ch\u01a1i th\u1ec3 thao: V\u1eadn \u0111\u1ed9ng th\u01b0\u1eddng xuy\u00ean ph\u1ea3i t\u1eadp luy\u1ec7n v\u1edbi c\u01b0\u1eddng \u0111\u1ed9 cao massage nh\u1eb9 nh\u00e0ng sau m\u1ed9t ng\u00e0y d\u00e0i.<\/p>\n<p>&#8211; Ng\u01b0\u1eddi gi\u00e0: Tho\u00e1i ho\u00e1 x\u01b0\u01a1ng kh\u1edbp, v\u00f4i ho\u00e1, m\u1ea5t ng\u1ee7, \u00edt v\u1eadn \u0111\u1ed9ng&#8230;<\/p>\n<p>&#8211; Ng\u01b0\u1eddi m\u1eafc b\u1ec7nh: Tai bi\u1ebfn, tho\u00e1t v\u1ecb \u0111\u1ecba \u0111\u1ec7m, chu\u1ed9t r\u00fat, t\u00ea b\u00ec ch\u00e2n tay&#8230;<\/p>\n<p><strong>C\u00f3 qu\u00e0 t\u1eb7ng hay \u01b0u \u0111\u00e3i g\u00ec kh\u00f4ng?<\/strong><\/p>\n<p>&#8211; Oyeal lu\u00f4n c\u00f3 ch\u01b0\u01a1ng tr\u00ecnh \u01b0u \u0111\u00e3i h\u1ea5p d\u1eabn h\u00e0ng th\u00e1ng c\u00f9ng v\u1edbi \u0111\u00f3 l\u00e0 nhi\u1ec1u ph\u1ea7n qu\u00e0 gi\u00e1 tr\u1ecb thi\u1ebft th\u1ef1c ( n\u1ebfu kh\u00e1ch h\u00e0ng kh\u00f4ng l\u1ea5y qu\u00e0 s\u1ebd \u0111\u01b0\u1ee3c tr\u1eeb th\u1eb3ng v\u00e0o gi\u00e1 s\u1ea3n ph\u1ea9m)<\/p>\n<p><strong>Mua h\u00e0ng online c\u00f3 th\u1ef1c s\u1ef1 uy t\u00edn?<\/strong><\/p>\n<p>&#8211; Oyeal cam k\u1ebft t\u1ea5t c\u1ea3 c\u00e1c s\u1ea3n ph\u1ea9m c\u00f4ng ty b\u00e1n ra m\u1ed7i s\u1ea3n ph\u1ea9m ch\u1ec9 c\u00f3 1 m\u00e0u duy nh\u1ea5t nh\u00e2n vi\u00ean t\u01b0 v\u1ea5n nh\u01b0 n\u00e0o kh\u00e1ch h\u00e0ng nh\u1eadn 100% l\u00e0 nh\u01b0 v\u1eady ( n\u1ebfu sai kh\u00e1ch h\u00e0ng t\u1eeb ch\u1ed1i nh\u1eadn h\u00e0ng)<\/p>\n<p><strong>Ch\u00ednh s\u00e1ch b\u1ea3o h\u00e0nh &amp; b\u1ea3o tr\u00ec ra sao?<\/strong><\/p>\n<p>&#8211; T\u1ea5t c\u1ea3 c\u00e1c d\u00f2ng s\u1ea3n ph\u1ea9m Gh\u1ebf massage c\u1ee7a Oyeal \u0111\u1ec1u c\u00f3 ch\u1ebf \u0111\u1ed9 b\u1ea3o h\u00e0nh ho\u00e0n h\u1ea3o l\u00ean t\u1edbi 6 n\u0103m v\u1ec1 m\u00e1y, 3 n\u0103m v\u1ec1 da gh\u1ebf v\u00e0 b\u1ea3o tr\u00ec mi\u1ec5n ph\u00ed tr\u1ecdn \u0111\u1eddi t\u1ea1i nh\u00e0.<\/p>\n","protected":false},"excerpt":{"rendered":"<p>C\u00f3 gh\u1ebf d\u01b0\u1edbi 10 tri\u1ec7u kh\u00f4ng? &#8211; Oyeal kh\u00f4ng b\u00e1n gh\u1ebf d\u01b0\u1edbi 10 tri\u1ec7u v\u00ec t\u1ea5t c\u1ea3 gh\u1ebf Oyeal b\u00e1n \u0111\u1ec1u s\u1eed d\u1ee5ng ch\u1ea5t li\u1ec7u da cacbon fiber, cu\u1ed1n l\u00f5i \u0111\u1ed3ng, khung s\u1eaft s\u01a1n t\u0129nh \u0111i\u1ec7n&#8230; \u0110\u1ed9 b\u1ec1n cao x\u1ee9ng \u0111\u00e1ng v\u1edbi chi ph\u00ed kh\u00e1ch h\u00e0ng b\u1ecf ra. D\u01b0\u1edbi 20 tri\u1ec7u c\u00f3 mua \u0111\u01b0\u1ee3c gh\u1ebf<\/p>\n","protected":false},"author":1,"featured_media":0,"parent":0,"menu_order":0,"comment_status":"closed","ping_status":"closed","template":"","meta":{"footnotes":""},"class_list":["post-194","page","type-page","status-publish","hentry"],"yoast_head":"<!-- This site is optimized with the Yoast SEO plugin v18.3 - https:\/\/yoast.com\/wordpress\/plugins\/seo\/ -->\n<title>Kh\u00e1ch h\u00e0ng th\u01b0\u1eddng h\u1ecfi - OYEAL Vi\u1ec7t Nam<\/title>\n<meta name=\"robots\" content=\"noindex, follow, max-snippet:-1, max-image-preview:large, max-video-preview:-1\" \/>\n<meta property=\"og:locale\" content=\"vi_VN\" \/>\n<meta property=\"og:type\" content=\"article\" \/>\n<meta property=\"og:title\" content=\"Kh\u00e1ch h\u00e0ng th\u01b0\u1eddng h\u1ecfi - OYEAL Vi\u1ec7t Nam\" \/>\n<meta property=\"og:description\" content=\"C\u00f3 gh\u1ebf d\u01b0\u1edbi 10 tri\u1ec7u kh\u00f4ng? &#8211; Oyeal kh\u00f4ng b\u00e1n gh\u1ebf d\u01b0\u1edbi 10 tri\u1ec7u v\u00ec t\u1ea5t c\u1ea3 gh\u1ebf Oyeal b\u00e1n \u0111\u1ec1u s\u1eed d\u1ee5ng ch\u1ea5t li\u1ec7u da cacbon fiber, cu\u1ed1n l\u00f5i \u0111\u1ed3ng, khung s\u1eaft s\u01a1n t\u0129nh \u0111i\u1ec7n&#8230; \u0110\u1ed9 b\u1ec1n cao x\u1ee9ng \u0111\u00e1ng v\u1edbi chi ph\u00ed kh\u00e1ch h\u00e0ng b\u1ecf ra. D\u01b0\u1edbi 20 tri\u1ec7u c\u00f3 mua \u0111\u01b0\u1ee3c gh\u1ebf\" \/>\n<meta property=\"og:url\" content=\"http:\/\/mau.hoabinhweb.com\/ghemassa1\/khach-hang-thuong-hoi\/\" \/>\n<meta property=\"og:site_name\" content=\"OYEAL Vi\u1ec7t Nam\" \/>\n<meta name=\"twitter:card\" content=\"summary_large_image\" \/>\n<meta name=\"twitter:label1\" content=\"\u01af\u1edbc t\u00ednh th\u1eddi gian \u0111\u1ecdc\" \/>\n\t<meta name=\"twitter:data1\" content=\"2 ph\u00fat\" \/>\n<script type=\"application\/ld+json\" class=\"yoast-schema-graph\">{\"@context\":\"https:\/\/schema.org\",\"@graph\":[{\"@type\":\"WebSite\",\"@id\":\"http:\/\/mau.hoabinhweb.com\/ghemassa1\/#website\",\"url\":\"http:\/\/mau.hoabinhweb.com\/ghemassa1\/\",\"name\":\"OYEAL Vi\u1ec7t Nam\",\"description\":\"\",\"potentialAction\":[{\"@type\":\"SearchAction\",\"target\":{\"@type\":\"EntryPoint\",\"urlTemplate\":\"http:\/\/mau.hoabinhweb.com\/ghemassa1\/?s={search_term_string}\"},\"query-input\":\"required name=search_term_string\"}],\"inLanguage\":\"vi\"},{\"@type\":\"WebPage\",\"@id\":\"http:\/\/mau.hoabinhweb.com\/ghemassa1\/khach-hang-thuong-hoi\/#webpage\",\"url\":\"http:\/\/mau.hoabinhweb.com\/ghemassa1\/khach-hang-thuong-hoi\/\",\"name\":\"Kh\u00e1ch h\u00e0ng th\u01b0\u1eddng h\u1ecfi - OYEAL Vi\u1ec7t Nam\",\"isPartOf\":{\"@id\":\"http:\/\/mau.hoabinhweb.com\/ghemassa1\/#website\"},\"datePublished\":\"2022-07-11T09:21:59+00:00\",\"dateModified\":\"2022-07-11T09:21:59+00:00\",\"breadcrumb\":{\"@id\":\"http:\/\/mau.hoabinhweb.com\/ghemassa1\/khach-hang-thuong-hoi\/#breadcrumb\"},\"inLanguage\":\"vi\",\"potentialAction\":[{\"@type\":\"ReadAction\",\"target\":[\"http:\/\/mau.hoabinhweb.com\/ghemassa1\/khach-hang-thuong-hoi\/\"]}]},{\"@type\":\"BreadcrumbList\",\"@id\":\"http:\/\/mau.hoabinhweb.com\/ghemassa1\/khach-hang-thuong-hoi\/#breadcrumb\",\"itemListElement\":[{\"@type\":\"ListItem\",\"position\":1,\"name\":\"Trang ch\u1ee7\",\"item\":\"http:\/\/mau.hoabinhweb.com\/ghemassa1\/\"},{\"@type\":\"ListItem\",\"position\":2,\"name\":\"Kh\u00e1ch h\u00e0ng th\u01b0\u1eddng h\u1ecfi\"}]}]}<\/script>\n<!-- \/ Yoast SEO plugin. -->","yoast_head_json":{"title":"Kh\u00e1ch h\u00e0ng th\u01b0\u1eddng h\u1ecfi - OYEAL Vi\u1ec7t Nam","robots":{"index":"noindex","follow":"follow","max-snippet":"max-snippet:-1","max-image-preview":"max-image-preview:large","max-video-preview":"max-video-preview:-1"},"og_locale":"vi_VN","og_type":"article","og_title":"Kh\u00e1ch h\u00e0ng th\u01b0\u1eddng h\u1ecfi - OYEAL Vi\u1ec7t Nam","og_description":"C\u00f3 gh\u1ebf d\u01b0\u1edbi 10 tri\u1ec7u kh\u00f4ng? &#8211; Oyeal kh\u00f4ng b\u00e1n gh\u1ebf d\u01b0\u1edbi 10 tri\u1ec7u v\u00ec t\u1ea5t c\u1ea3 gh\u1ebf Oyeal b\u00e1n \u0111\u1ec1u s\u1eed d\u1ee5ng ch\u1ea5t li\u1ec7u da cacbon fiber, cu\u1ed1n l\u00f5i \u0111\u1ed3ng, khung s\u1eaft s\u01a1n t\u0129nh \u0111i\u1ec7n&#8230; \u0110\u1ed9 b\u1ec1n cao x\u1ee9ng \u0111\u00e1ng v\u1edbi chi ph\u00ed kh\u00e1ch h\u00e0ng b\u1ecf ra. D\u01b0\u1edbi 20 tri\u1ec7u c\u00f3 mua \u0111\u01b0\u1ee3c gh\u1ebf","og_url":"http:\/\/mau.hoabinhweb.com\/ghemassa1\/khach-hang-thuong-hoi\/","og_site_name":"OYEAL Vi\u1ec7t Nam","twitter_card":"summary_large_image","twitter_misc":{"\u01af\u1edbc t\u00ednh th\u1eddi gian \u0111\u1ecdc":"2 ph\u00fat"},"schema":{"@context":"https:\/\/schema.org","@graph":[{"@type":"WebSite","@id":"http:\/\/mau.hoabinhweb.com\/ghemassa1\/#website","url":"http:\/\/mau.hoabinhweb.com\/ghemassa1\/","name":"OYEAL Vi\u1ec7t Nam","description":"","potentialAction":[{"@type":"SearchAction","target":{"@type":"EntryPoint","urlTemplate":"http:\/\/mau.hoabinhweb.com\/ghemassa1\/?s={search_term_string}"},"query-input":"required name=search_term_string"}],"inLanguage":"vi"},{"@type":"WebPage","@id":"http:\/\/mau.hoabinhweb.com\/ghemassa1\/khach-hang-thuong-hoi\/#webpage","url":"http:\/\/mau.hoabinhweb.com\/ghemassa1\/khach-hang-thuong-hoi\/","name":"Kh\u00e1ch h\u00e0ng th\u01b0\u1eddng h\u1ecfi - OYEAL Vi\u1ec7t Nam","isPartOf":{"@id":"http:\/\/mau.hoabinhweb.com\/ghemassa1\/#website"},"datePublished":"2022-07-11T09:21:59+00:00","dateModified":"2022-07-11T09:21:59+00:00","breadcrumb":{"@id":"http:\/\/mau.hoabinhweb.com\/ghemassa1\/khach-hang-thuong-hoi\/#breadcrumb"},"inLanguage":"vi","potentialAction":[{"@type":"ReadAction","target":["http:\/\/mau.hoabinhweb.com\/ghemassa1\/khach-hang-thuong-hoi\/"]}]},{"@type":"BreadcrumbList","@id":"http:\/\/mau.hoabinhweb.com\/ghemassa1\/khach-hang-thuong-hoi\/#breadcrumb","itemListElement":[{"@type":"ListItem","position":1,"name":"Trang ch\u1ee7","item":"http:\/\/mau.hoabinhweb.com\/ghemassa1\/"},{"@type":"ListItem","position":2,"name":"Kh\u00e1ch h\u00e0ng th\u01b0\u1eddng h\u1ecfi"}]}]}},"_links":{"self":[{"href":"http:\/\/mau.hoabinhweb.com\/ghemassa1\/wp-json\/wp\/v2\/pages\/194","targetHints":{"allow":["GET"]}}],"collection":[{"href":"http:\/\/mau.hoabinhweb.com\/ghemassa1\/wp-json\/wp\/v2\/pages"}],"about":[{"href":"http:\/\/mau.hoabinhweb.com\/ghemassa1\/wp-json\/wp\/v2\/types\/page"}],"author":[{"embeddable":true,"href":"http:\/\/mau.hoabinhweb.com\/ghemassa1\/wp-json\/wp\/v2\/users\/1"}],"replies":[{"embeddable":true,"href":"http:\/\/mau.hoabinhweb.com\/ghemassa1\/wp-json\/wp\/v2\/comments?post=194"}],"version-history":[{"count":1,"href":"http:\/\/mau.hoabinhweb.com\/ghemassa1\/wp-json\/wp\/v2\/pages\/194\/revisions"}],"predecessor-version":[{"id":200,"href":"http:\/\/mau.hoabinhweb.com\/ghemassa1\/wp-json\/wp\/v2\/pages\/194\/revisions\/200"}],"wp:attachment":[{"href":"http:\/\/mau.hoabinhweb.com\/ghemassa1\/wp-json\/wp\/v2\/media?parent=194"}],"curies":[{"name":"wp","href":"https:\/\/api.w.org\/{rel}","templated":true}]}}