{"id":15,"date":"2022-07-10T11:20:04","date_gmt":"2022-07-10T04:20:04","guid":{"rendered":"http:\/\/mau.hoabinhweb.com\/ghemassa1\/?page_id=15"},"modified":"2022-07-11T15:32:30","modified_gmt":"2022-07-11T08:32:30","slug":"gioi-thieu","status":"publish","type":"page","link":"http:\/\/mau.hoabinhweb.com\/ghemassa1\/gioi-thieu\/","title":{"rendered":"Gi\u1edbi thi\u1ec7u"},"content":{"rendered":"<h2>C\u00e2u chuy\u1ec7n v\u1ec1 OYEAL<\/h2>\n<p>OYEAL v\u1eeba l\u00e0 t\u00ean g\u1ecdi v\u1eeba l\u00e0 chuy\u00ean gia ch\u0103m s\u00f3c v\u00e0 b\u1ea3o v\u1ec7 s\u1ee9c kho\u1ebb t\u1ed1t nh\u1ea5t c\u1ee7a m\u1ecdi gia \u0111\u00ecnh Vi\u1ec7t.<\/p>\n<ul>\n<li>Impressive: \u1ea4n t\u01b0\u1ee3ng &#8211; T\u01b0 v\u1ea5n chuy\u00ean nghi\u1ec7p t\u1eeb s\u1ea3n ph\u1ea9m b\u00ecnh d\u00e2n cho t\u1edbi cao c\u1ea5p mang l\u1ea1i gi\u00e1 tr\u1ecb cho ng\u01b0\u1eddi ti\u00eau d\u00f9ng n\u01a1i \u0111\u1ea7u t\u01b0 s\u1ee9c kho\u1ebb v\u00e0ng.<\/li>\n<li>Belief: Tin t\u01b0\u1edfng &#8211; Lu\u00f4n \u0111\u1ec1 cao c\u00e1i t\u00e2m c\u1ee7a ng\u01b0\u1eddi b\u00e1n h\u00e0ng c\u1ed1ng hi\u1ebfn h\u1ebft m\u00ecnh v\u1edbi s\u1ef1 t\u1eed t\u1ebf, mong mu\u1ed1n c\u01a1 h\u1ed9i t\u00edn nhi\u1ec7m c\u1ee7a kh\u00e1ch h\u00e0ng m\u1ed7i ng\u00e0y.<\/li>\n<li>Accompany: \u0110\u1ed3ng h\u00e0nh &#8211; Kh\u00f4ng ch\u1ec9 l\u00e0 s\u1ea3n ph\u1ea9m th\u00f4ng th\u01b0\u1eddng, OYEAL mong mu\u1ed1n tr\u1edf th\u00e0nh ng\u01b0\u1eddi b\u1ea1n \u0111\u1ed3ng h\u00e0nh l\u00e2u d\u00e0i c\u1ee7a kh\u00e1ch h\u00e0ng khi c\u00f3 nhu c\u1ea7u v\u1ec1 c\u00e1c thi\u1ebft b\u1ecb ch\u0103m s\u00f3c s\u1ee9c kho\u1ebb.<\/li>\n<li>V\u1edbi ph\u01b0\u01a1ng ch\u00e2m&#8221;&#8221; Th\u00e1ch th\u1ee9c c\u01a1n \u0111au &#8211; N\u00e2ng t\u1ea7m s\u1ee9c kho\u1ebb&#8221;&#8221; \u0111\u1ecbnh h\u01b0\u1edbng OYEAL s\u1ebd lu\u00f4n n\u1ed7 l\u1ef1c c\u1ea3 v\u1ec1 nh\u00e2n l\u1ef1c, v\u1eadt l\u1ef1c, x\u00e2y d\u1ef1ng uy t\u00edn th\u01b0\u01a1ng hi\u1ec7u, ni\u1ec1m tin v\u1edbi kh\u00e1ch h\u00e0ng v\u1edbi nh\u1eefng s\u1ea3n ph\u1ea9m c\u00f4ng ty b\u00e1n ra.<\/li>\n<li>S\u1ef1 tin t\u01b0\u1edfng v\u00e0 \u1ee7ng h\u1ed9 c\u1ee7a kh\u00e1ch h\u00e0ng trong su\u1ed1t th\u1eddi gian qua l\u00e0 ngu\u1ed3n \u0111\u1ed9ng vi\u00ean to l\u1edbn tr\u00ean b\u01b0\u1edbc \u0111\u01b0\u1eddng ph\u00e1t tri\u1ec3n c\u1ee7a OYEAL. Ch\u00fang t\u00f4i xin h\u1ee9a s\u1ebd kh\u00f4ng ng\u1eebng ho\u00e0n thi\u1ec7n, ph\u1ee5c v\u1ee5 kh\u00e1ch h\u00e0ng t\u1ed1t nh\u1ea5t \u0111\u1ec3 lu\u00f4n x\u1ee9ng \u0111\u00e1ng v\u1edbi ni\u1ec1m tin \u1ea5y.<\/li>\n<\/ul>\n","protected":false},"excerpt":{"rendered":"<p>C\u00e2u chuy\u1ec7n v\u1ec1 OYEAL OYEAL v\u1eeba l\u00e0 t\u00ean g\u1ecdi v\u1eeba l\u00e0 chuy\u00ean gia ch\u0103m s\u00f3c v\u00e0 b\u1ea3o v\u1ec7 s\u1ee9c kho\u1ebb t\u1ed1t nh\u1ea5t c\u1ee7a m\u1ecdi gia \u0111\u00ecnh Vi\u1ec7t. Impressive: \u1ea4n t\u01b0\u1ee3ng &#8211; T\u01b0 v\u1ea5n chuy\u00ean nghi\u1ec7p t\u1eeb s\u1ea3n ph\u1ea9m b\u00ecnh d\u00e2n cho t\u1edbi cao c\u1ea5p mang l\u1ea1i gi\u00e1 tr\u1ecb cho ng\u01b0\u1eddi ti\u00eau d\u00f9ng n\u01a1i \u0111\u1ea7u t\u01b0<\/p>\n","protected":false},"author":1,"featured_media":0,"parent":0,"menu_order":0,"comment_status":"closed","ping_status":"closed","template":"","meta":{"footnotes":""},"class_list":["post-15","page","type-page","status-publish","hentry"],"yoast_head":"<!-- This site is optimized with the Yoast SEO plugin v18.3 - https:\/\/yoast.com\/wordpress\/plugins\/seo\/ -->\n<title>Gi\u1edbi thi\u1ec7u - OYEAL Vi\u1ec7t Nam<\/title>\n<meta name=\"robots\" content=\"noindex, follow, max-snippet:-1, max-image-preview:large, max-video-preview:-1\" \/>\n<meta property=\"og:locale\" content=\"vi_VN\" \/>\n<meta property=\"og:type\" content=\"article\" \/>\n<meta property=\"og:title\" content=\"Gi\u1edbi thi\u1ec7u - OYEAL Vi\u1ec7t Nam\" \/>\n<meta property=\"og:description\" content=\"C\u00e2u chuy\u1ec7n v\u1ec1 OYEAL OYEAL v\u1eeba l\u00e0 t\u00ean g\u1ecdi v\u1eeba l\u00e0 chuy\u00ean gia ch\u0103m s\u00f3c v\u00e0 b\u1ea3o v\u1ec7 s\u1ee9c kho\u1ebb t\u1ed1t nh\u1ea5t c\u1ee7a m\u1ecdi gia \u0111\u00ecnh Vi\u1ec7t. Impressive: \u1ea4n t\u01b0\u1ee3ng &#8211; T\u01b0 v\u1ea5n chuy\u00ean nghi\u1ec7p t\u1eeb s\u1ea3n ph\u1ea9m b\u00ecnh d\u00e2n cho t\u1edbi cao c\u1ea5p mang l\u1ea1i gi\u00e1 tr\u1ecb cho ng\u01b0\u1eddi ti\u00eau d\u00f9ng n\u01a1i \u0111\u1ea7u t\u01b0\" \/>\n<meta property=\"og:url\" content=\"http:\/\/mau.hoabinhweb.com\/ghemassa1\/gioi-thieu\/\" \/>\n<meta property=\"og:site_name\" content=\"OYEAL Vi\u1ec7t Nam\" \/>\n<meta property=\"article:modified_time\" content=\"2022-07-11T08:32:30+00:00\" \/>\n<meta name=\"twitter:card\" content=\"summary_large_image\" \/>\n<meta name=\"twitter:label1\" content=\"\u01af\u1edbc t\u00ednh th\u1eddi gian \u0111\u1ecdc\" \/>\n\t<meta name=\"twitter:data1\" content=\"2 ph\u00fat\" \/>\n<script type=\"application\/ld+json\" class=\"yoast-schema-graph\">{\"@context\":\"https:\/\/schema.org\",\"@graph\":[{\"@type\":\"WebSite\",\"@id\":\"https:\/\/mau.hoabinhweb.com\/ghemassa1\/#website\",\"url\":\"https:\/\/mau.hoabinhweb.com\/ghemassa1\/\",\"name\":\"OYEAL Vi\u1ec7t Nam\",\"description\":\"\",\"potentialAction\":[{\"@type\":\"SearchAction\",\"target\":{\"@type\":\"EntryPoint\",\"urlTemplate\":\"https:\/\/mau.hoabinhweb.com\/ghemassa1\/?s={search_term_string}\"},\"query-input\":\"required name=search_term_string\"}],\"inLanguage\":\"vi\"},{\"@type\":\"WebPage\",\"@id\":\"http:\/\/mau.hoabinhweb.com\/ghemassa1\/gioi-thieu\/#webpage\",\"url\":\"http:\/\/mau.hoabinhweb.com\/ghemassa1\/gioi-thieu\/\",\"name\":\"Gi\u1edbi thi\u1ec7u - OYEAL Vi\u1ec7t Nam\",\"isPartOf\":{\"@id\":\"https:\/\/mau.hoabinhweb.com\/ghemassa1\/#website\"},\"datePublished\":\"2022-07-10T04:20:04+00:00\",\"dateModified\":\"2022-07-11T08:32:30+00:00\",\"breadcrumb\":{\"@id\":\"http:\/\/mau.hoabinhweb.com\/ghemassa1\/gioi-thieu\/#breadcrumb\"},\"inLanguage\":\"vi\",\"potentialAction\":[{\"@type\":\"ReadAction\",\"target\":[\"http:\/\/mau.hoabinhweb.com\/ghemassa1\/gioi-thieu\/\"]}]},{\"@type\":\"BreadcrumbList\",\"@id\":\"http:\/\/mau.hoabinhweb.com\/ghemassa1\/gioi-thieu\/#breadcrumb\",\"itemListElement\":[{\"@type\":\"ListItem\",\"position\":1,\"name\":\"Trang ch\u1ee7\",\"item\":\"https:\/\/mau.hoabinhweb.com\/ghemassa1\/\"},{\"@type\":\"ListItem\",\"position\":2,\"name\":\"Gi\u1edbi thi\u1ec7u\"}]}]}<\/script>\n<!-- \/ Yoast SEO plugin. -->","yoast_head_json":{"title":"Gi\u1edbi thi\u1ec7u - OYEAL Vi\u1ec7t Nam","robots":{"index":"noindex","follow":"follow","max-snippet":"max-snippet:-1","max-image-preview":"max-image-preview:large","max-video-preview":"max-video-preview:-1"},"og_locale":"vi_VN","og_type":"article","og_title":"Gi\u1edbi thi\u1ec7u - OYEAL Vi\u1ec7t Nam","og_description":"C\u00e2u chuy\u1ec7n v\u1ec1 OYEAL OYEAL v\u1eeba l\u00e0 t\u00ean g\u1ecdi v\u1eeba l\u00e0 chuy\u00ean gia ch\u0103m s\u00f3c v\u00e0 b\u1ea3o v\u1ec7 s\u1ee9c kho\u1ebb t\u1ed1t nh\u1ea5t c\u1ee7a m\u1ecdi gia \u0111\u00ecnh Vi\u1ec7t. Impressive: \u1ea4n t\u01b0\u1ee3ng &#8211; T\u01b0 v\u1ea5n chuy\u00ean nghi\u1ec7p t\u1eeb s\u1ea3n ph\u1ea9m b\u00ecnh d\u00e2n cho t\u1edbi cao c\u1ea5p mang l\u1ea1i gi\u00e1 tr\u1ecb cho ng\u01b0\u1eddi ti\u00eau d\u00f9ng n\u01a1i \u0111\u1ea7u t\u01b0","og_url":"http:\/\/mau.hoabinhweb.com\/ghemassa1\/gioi-thieu\/","og_site_name":"OYEAL Vi\u1ec7t Nam","article_modified_time":"2022-07-11T08:32:30+00:00","twitter_card":"summary_large_image","twitter_misc":{"\u01af\u1edbc t\u00ednh th\u1eddi gian \u0111\u1ecdc":"2 ph\u00fat"},"schema":{"@context":"https:\/\/schema.org","@graph":[{"@type":"WebSite","@id":"https:\/\/mau.hoabinhweb.com\/ghemassa1\/#website","url":"https:\/\/mau.hoabinhweb.com\/ghemassa1\/","name":"OYEAL Vi\u1ec7t Nam","description":"","potentialAction":[{"@type":"SearchAction","target":{"@type":"EntryPoint","urlTemplate":"https:\/\/mau.hoabinhweb.com\/ghemassa1\/?s={search_term_string}"},"query-input":"required name=search_term_string"}],"inLanguage":"vi"},{"@type":"WebPage","@id":"http:\/\/mau.hoabinhweb.com\/ghemassa1\/gioi-thieu\/#webpage","url":"http:\/\/mau.hoabinhweb.com\/ghemassa1\/gioi-thieu\/","name":"Gi\u1edbi thi\u1ec7u - OYEAL Vi\u1ec7t Nam","isPartOf":{"@id":"https:\/\/mau.hoabinhweb.com\/ghemassa1\/#website"},"datePublished":"2022-07-10T04:20:04+00:00","dateModified":"2022-07-11T08:32:30+00:00","breadcrumb":{"@id":"http:\/\/mau.hoabinhweb.com\/ghemassa1\/gioi-thieu\/#breadcrumb"},"inLanguage":"vi","potentialAction":[{"@type":"ReadAction","target":["http:\/\/mau.hoabinhweb.com\/ghemassa1\/gioi-thieu\/"]}]},{"@type":"BreadcrumbList","@id":"http:\/\/mau.hoabinhweb.com\/ghemassa1\/gioi-thieu\/#breadcrumb","itemListElement":[{"@type":"ListItem","position":1,"name":"Trang ch\u1ee7","item":"https:\/\/mau.hoabinhweb.com\/ghemassa1\/"},{"@type":"ListItem","position":2,"name":"Gi\u1edbi thi\u1ec7u"}]}]}},"_links":{"self":[{"href":"http:\/\/mau.hoabinhweb.com\/ghemassa1\/wp-json\/wp\/v2\/pages\/15","targetHints":{"allow":["GET"]}}],"collection":[{"href":"http:\/\/mau.hoabinhweb.com\/ghemassa1\/wp-json\/wp\/v2\/pages"}],"about":[{"href":"http:\/\/mau.hoabinhweb.com\/ghemassa1\/wp-json\/wp\/v2\/types\/page"}],"author":[{"embeddable":true,"href":"http:\/\/mau.hoabinhweb.com\/ghemassa1\/wp-json\/wp\/v2\/users\/1"}],"replies":[{"embeddable":true,"href":"http:\/\/mau.hoabinhweb.com\/ghemassa1\/wp-json\/wp\/v2\/comments?post=15"}],"version-history":[{"count":2,"href":"http:\/\/mau.hoabinhweb.com\/ghemassa1\/wp-json\/wp\/v2\/pages\/15\/revisions"}],"predecessor-version":[{"id":167,"href":"http:\/\/mau.hoabinhweb.com\/ghemassa1\/wp-json\/wp\/v2\/pages\/15\/revisions\/167"}],"wp:attachment":[{"href":"http:\/\/mau.hoabinhweb.com\/ghemassa1\/wp-json\/wp\/v2\/media?parent=15"}],"curies":[{"name":"wp","href":"https:\/\/api.w.org\/{rel}","templated":true}]}}