{"id":489,"date":"2022-09-15T08:33:18","date_gmt":"2022-09-15T01:33:18","guid":{"rendered":"https:\/\/mau.hoabinhweb.com\/duocpham2\/?page_id=489"},"modified":"2022-09-15T08:33:18","modified_gmt":"2022-09-15T01:33:18","slug":"phuong-thuc-thanh-toan","status":"publish","type":"page","link":"http:\/\/mau.hoabinhweb.com\/duocpham2\/phuong-thuc-thanh-toan\/","title":{"rendered":"Ph\u01b0\u01a1ng th\u1ee9c thanh to\u00e1n"},"content":{"rendered":"<p>C\u0103n c\u01b0\u0301 \u0110i\u1ec1u 34 Ngh\u1ecb \u0110\u1ecbnh 52\/2013\/N\u0110-CP ban h\u00e0nh ng\u00e0y 16\/05\/2013, Th\u00f4ng t\u01b0 12\/2013\/TT-BTC ban h\u00e0nh ng\u00e0y 20\/06\/2013.<\/p>\n<p>NAM VIM xin tr\u00e2n tr\u1ecdng th\u00f4ng b\u00e1o t\u1edbi qu\u00fd kh\u00e1ch h\u00e0ng th\u00f4ng tin v\u00ea\u0300 ph\u01b0\u01a1ng th\u01b0\u0301c thanh toa\u0301n tr\u00ean website c\u1ee7a ch\u00fang t\u00f4i l\u00e0:<\/p>\n<ol>\n<li>Thanh to\u00e1n ti\u1ec1n m\u1eb7t khi nh\u1eadn h\u00e0ng (COD): Nh\u1eadn h\u00e0ng v\u00e0 thanh to\u00e1n tr\u1ef1c ti\u1ebfp v\u1edbi nh\u00e2n vi\u00ean giao h\u00e0ng. (Ch\u1ec9 \u00e1p d\u1ee5ng cho \u0111\u01a1n h\u00e0ng c\u00f3 t\u1ed5ng tr\u1ecb gi\u00e1 t\u1eeb 50.000.000\u0111 tr\u1edf xu\u1ed1ng).<\/li>\n<li>Chuy\u1ec3n kho\u1ea3n quan ng\u00e2n h\u00e0ng cho NAM VIM<\/li>\n<\/ol>\n<p>Ch\u1ee7 t\u00e0i kho\u1ea3n: Nguy\u1ec5n H\u1ea3i Nam<\/p>\n<p>S\u1ed1 t\u00e0i kho\u1ea3n: 0300103944006<\/p>\n<p>Ng\u00e2n h\u00e0ng Th\u01b0\u01a1ng m\u1ea1i c\u1ed5 ph\u1ea7n Qu\u00e2n \u0110\u1ed9i (MB), Chi nh\u00e1nh H\u00e0 T\u00e2y<\/p>\n<ol start=\"3\">\n<li>Thanh to\u00e1n qua th\u1ebb ATM c\u00f3 \u0111\u0103ng k\u00fd thanh to\u00e1n tr\u1ef1c tuy\u1ebfn (mi\u1ec5n ph\u00ed thanh to\u00e1n): \u0110\u1ec3 s\u1eed d\u1ee5ng ph\u01b0\u01a1ng th\u1ee9c thanh to\u00e1n n\u00e0y, t\u00e0i kho\u1ea3n ng\u00e2n h\u00e0ng c\u1ee7a qu\u00fd kh\u00e1ch c\u1ea7n \u0111\u0103ng k\u00fd d\u1ecbch v\u1ee5 Internet Banking v\u1edbi ng\u00e2n h\u00e0ng. NAM VIM hi\u1ec7n h\u1ed7 tr\u1ee3 thanh to\u00e1n cho ph\u1ea7n l\u1edbn c\u00e1c ng\u00e2n h\u00e0ng t\u1ea1i Vi\u1ec7t Nam:<\/li>\n<li>Thanh to\u00e1n qua th\u1ebb Visa\/Master: Ph\u00ed thanh to\u00e1n t\u00f9y thu\u1ed9c v\u00e0o t\u1eebng lo\u1ea1i th\u1ebb qu\u00fd kh\u00e1ch d\u00f9ng v\u00e0 ng\u00e2n h\u00e0ng ph\u00e1t h\u00e0nh th\u1ebb. Vui l\u00f2ng li\u00ean h\u1ec7 v\u1edbi ng\u00e2n h\u00e0ng ph\u00e1t h\u00e0nh th\u1ebb \u0111\u1ec3 bi\u1ebft r\u00f5 ph\u00ed thanh to\u00e1n ph\u00e1t sinh.<\/li>\n<\/ol>\n<p>M\u1ecdi th\u00f4ng tin chi ti\u1ebft qu\u00fd kh\u00e1ch h\u00e0ng xin li\u00ean h\u1ec7 S\u0110T: 0988.648.750 Ch\u00fang t\u00f4i lu\u00f4n s\u1eb5n s\u00e0ng ph\u1ee5c v\u1ee5.<\/p>\n","protected":false},"excerpt":{"rendered":"<p>C\u0103n c\u01b0\u0301 \u0110i\u1ec1u 34 Ngh\u1ecb \u0110\u1ecbnh 52\/2013\/N\u0110-CP ban h\u00e0nh ng\u00e0y 16\/05\/2013, Th\u00f4ng t\u01b0 12\/2013\/TT-BTC ban h\u00e0nh ng\u00e0y 20\/06\/2013. NAM VIM xin tr\u00e2n tr\u1ecdng th\u00f4ng b\u00e1o t\u1edbi qu\u00fd kh\u00e1ch h\u00e0ng th\u00f4ng tin v\u00ea\u0300 ph\u01b0\u01a1ng th\u01b0\u0301c thanh toa\u0301n tr\u00ean website c\u1ee7a ch\u00fang t\u00f4i l\u00e0: Thanh to\u00e1n ti\u1ec1n m\u1eb7t khi nh\u1eadn h\u00e0ng (COD): Nh\u1eadn h\u00e0ng v\u00e0 thanh to\u00e1n<\/p>\n","protected":false},"author":1,"featured_media":0,"parent":0,"menu_order":0,"comment_status":"closed","ping_status":"closed","template":"","meta":{"footnotes":""},"class_list":["post-489","page","type-page","status-publish","hentry"],"acf":[],"yoast_head":"<!-- This site is optimized with the Yoast SEO plugin v19.6 - https:\/\/yoast.com\/wordpress\/plugins\/seo\/ -->\n<title>Ph\u01b0\u01a1ng th\u1ee9c thanh to\u00e1n - Namvim<\/title>\n<meta name=\"robots\" content=\"noindex, follow, max-snippet:-1, max-image-preview:large, max-video-preview:-1\" \/>\n<meta property=\"og:locale\" content=\"vi_VN\" \/>\n<meta property=\"og:type\" content=\"article\" \/>\n<meta property=\"og:title\" content=\"Ph\u01b0\u01a1ng th\u1ee9c thanh to\u00e1n - Namvim\" \/>\n<meta property=\"og:description\" content=\"C\u0103n c\u01b0\u0301 \u0110i\u1ec1u 34 Ngh\u1ecb \u0110\u1ecbnh 52\/2013\/N\u0110-CP ban h\u00e0nh ng\u00e0y 16\/05\/2013, Th\u00f4ng t\u01b0 12\/2013\/TT-BTC ban h\u00e0nh ng\u00e0y 20\/06\/2013. NAM VIM xin tr\u00e2n tr\u1ecdng th\u00f4ng b\u00e1o t\u1edbi qu\u00fd kh\u00e1ch h\u00e0ng th\u00f4ng tin v\u00ea\u0300 ph\u01b0\u01a1ng th\u01b0\u0301c thanh toa\u0301n tr\u00ean website c\u1ee7a ch\u00fang t\u00f4i l\u00e0: Thanh to\u00e1n ti\u1ec1n m\u1eb7t khi nh\u1eadn h\u00e0ng (COD): Nh\u1eadn h\u00e0ng v\u00e0 thanh to\u00e1n\" \/>\n<meta property=\"og:url\" content=\"http:\/\/mau.hoabinhweb.com\/duocpham2\/phuong-thuc-thanh-toan\/\" \/>\n<meta property=\"og:site_name\" content=\"Namvim\" \/>\n<meta name=\"twitter:card\" content=\"summary_large_image\" \/>\n<meta name=\"twitter:label1\" content=\"\u01af\u1edbc t\u00ednh th\u1eddi gian \u0111\u1ecdc\" \/>\n\t<meta name=\"twitter:data1\" content=\"2 ph\u00fat\" \/>\n<script type=\"application\/ld+json\" class=\"yoast-schema-graph\">{\"@context\":\"https:\/\/schema.org\",\"@graph\":[{\"@type\":\"WebPage\",\"@id\":\"http:\/\/mau.hoabinhweb.com\/duocpham2\/phuong-thuc-thanh-toan\/\",\"url\":\"http:\/\/mau.hoabinhweb.com\/duocpham2\/phuong-thuc-thanh-toan\/\",\"name\":\"Ph\u01b0\u01a1ng th\u1ee9c thanh to\u00e1n - Namvim\",\"isPartOf\":{\"@id\":\"http:\/\/mau.hoabinhweb.com\/duocpham2\/#website\"},\"datePublished\":\"2022-09-15T01:33:18+00:00\",\"dateModified\":\"2022-09-15T01:33:18+00:00\",\"breadcrumb\":{\"@id\":\"http:\/\/mau.hoabinhweb.com\/duocpham2\/phuong-thuc-thanh-toan\/#breadcrumb\"},\"inLanguage\":\"vi\",\"potentialAction\":[{\"@type\":\"ReadAction\",\"target\":[\"http:\/\/mau.hoabinhweb.com\/duocpham2\/phuong-thuc-thanh-toan\/\"]}]},{\"@type\":\"BreadcrumbList\",\"@id\":\"http:\/\/mau.hoabinhweb.com\/duocpham2\/phuong-thuc-thanh-toan\/#breadcrumb\",\"itemListElement\":[{\"@type\":\"ListItem\",\"position\":1,\"name\":\"Trang ch\u1ee7\",\"item\":\"http:\/\/mau.hoabinhweb.com\/duocpham2\/\"},{\"@type\":\"ListItem\",\"position\":2,\"name\":\"Ph\u01b0\u01a1ng th\u1ee9c thanh to\u00e1n\"}]},{\"@type\":\"WebSite\",\"@id\":\"http:\/\/mau.hoabinhweb.com\/duocpham2\/#website\",\"url\":\"http:\/\/mau.hoabinhweb.com\/duocpham2\/\",\"name\":\"Namvim\",\"description\":\"\",\"potentialAction\":[{\"@type\":\"SearchAction\",\"target\":{\"@type\":\"EntryPoint\",\"urlTemplate\":\"http:\/\/mau.hoabinhweb.com\/duocpham2\/?s={search_term_string}\"},\"query-input\":\"required name=search_term_string\"}],\"inLanguage\":\"vi\"}]}<\/script>\n<!-- \/ Yoast SEO plugin. -->","yoast_head_json":{"title":"Ph\u01b0\u01a1ng th\u1ee9c thanh to\u00e1n - Namvim","robots":{"index":"noindex","follow":"follow","max-snippet":"max-snippet:-1","max-image-preview":"max-image-preview:large","max-video-preview":"max-video-preview:-1"},"og_locale":"vi_VN","og_type":"article","og_title":"Ph\u01b0\u01a1ng th\u1ee9c thanh to\u00e1n - Namvim","og_description":"C\u0103n c\u01b0\u0301 \u0110i\u1ec1u 34 Ngh\u1ecb \u0110\u1ecbnh 52\/2013\/N\u0110-CP ban h\u00e0nh ng\u00e0y 16\/05\/2013, Th\u00f4ng t\u01b0 12\/2013\/TT-BTC ban h\u00e0nh ng\u00e0y 20\/06\/2013. NAM VIM xin tr\u00e2n tr\u1ecdng th\u00f4ng b\u00e1o t\u1edbi qu\u00fd kh\u00e1ch h\u00e0ng th\u00f4ng tin v\u00ea\u0300 ph\u01b0\u01a1ng th\u01b0\u0301c thanh toa\u0301n tr\u00ean website c\u1ee7a ch\u00fang t\u00f4i l\u00e0: Thanh to\u00e1n ti\u1ec1n m\u1eb7t khi nh\u1eadn h\u00e0ng (COD): Nh\u1eadn h\u00e0ng v\u00e0 thanh to\u00e1n","og_url":"http:\/\/mau.hoabinhweb.com\/duocpham2\/phuong-thuc-thanh-toan\/","og_site_name":"Namvim","twitter_card":"summary_large_image","twitter_misc":{"\u01af\u1edbc t\u00ednh th\u1eddi gian \u0111\u1ecdc":"2 ph\u00fat"},"schema":{"@context":"https:\/\/schema.org","@graph":[{"@type":"WebPage","@id":"http:\/\/mau.hoabinhweb.com\/duocpham2\/phuong-thuc-thanh-toan\/","url":"http:\/\/mau.hoabinhweb.com\/duocpham2\/phuong-thuc-thanh-toan\/","name":"Ph\u01b0\u01a1ng th\u1ee9c thanh to\u00e1n - Namvim","isPartOf":{"@id":"http:\/\/mau.hoabinhweb.com\/duocpham2\/#website"},"datePublished":"2022-09-15T01:33:18+00:00","dateModified":"2022-09-15T01:33:18+00:00","breadcrumb":{"@id":"http:\/\/mau.hoabinhweb.com\/duocpham2\/phuong-thuc-thanh-toan\/#breadcrumb"},"inLanguage":"vi","potentialAction":[{"@type":"ReadAction","target":["http:\/\/mau.hoabinhweb.com\/duocpham2\/phuong-thuc-thanh-toan\/"]}]},{"@type":"BreadcrumbList","@id":"http:\/\/mau.hoabinhweb.com\/duocpham2\/phuong-thuc-thanh-toan\/#breadcrumb","itemListElement":[{"@type":"ListItem","position":1,"name":"Trang ch\u1ee7","item":"http:\/\/mau.hoabinhweb.com\/duocpham2\/"},{"@type":"ListItem","position":2,"name":"Ph\u01b0\u01a1ng th\u1ee9c thanh to\u00e1n"}]},{"@type":"WebSite","@id":"http:\/\/mau.hoabinhweb.com\/duocpham2\/#website","url":"http:\/\/mau.hoabinhweb.com\/duocpham2\/","name":"Namvim","description":"","potentialAction":[{"@type":"SearchAction","target":{"@type":"EntryPoint","urlTemplate":"http:\/\/mau.hoabinhweb.com\/duocpham2\/?s={search_term_string}"},"query-input":"required name=search_term_string"}],"inLanguage":"vi"}]}},"_links":{"self":[{"href":"http:\/\/mau.hoabinhweb.com\/duocpham2\/wp-json\/wp\/v2\/pages\/489","targetHints":{"allow":["GET"]}}],"collection":[{"href":"http:\/\/mau.hoabinhweb.com\/duocpham2\/wp-json\/wp\/v2\/pages"}],"about":[{"href":"http:\/\/mau.hoabinhweb.com\/duocpham2\/wp-json\/wp\/v2\/types\/page"}],"author":[{"embeddable":true,"href":"http:\/\/mau.hoabinhweb.com\/duocpham2\/wp-json\/wp\/v2\/users\/1"}],"replies":[{"embeddable":true,"href":"http:\/\/mau.hoabinhweb.com\/duocpham2\/wp-json\/wp\/v2\/comments?post=489"}],"version-history":[{"count":1,"href":"http:\/\/mau.hoabinhweb.com\/duocpham2\/wp-json\/wp\/v2\/pages\/489\/revisions"}],"predecessor-version":[{"id":498,"href":"http:\/\/mau.hoabinhweb.com\/duocpham2\/wp-json\/wp\/v2\/pages\/489\/revisions\/498"}],"wp:attachment":[{"href":"http:\/\/mau.hoabinhweb.com\/duocpham2\/wp-json\/wp\/v2\/media?parent=489"}],"curies":[{"name":"wp","href":"https:\/\/api.w.org\/{rel}","templated":true}]}}