{"id":488,"date":"2022-09-15T08:32:58","date_gmt":"2022-09-15T01:32:58","guid":{"rendered":"https:\/\/mau.hoabinhweb.com\/duocpham2\/?page_id=488"},"modified":"2022-09-15T08:32:58","modified_gmt":"2022-09-15T01:32:58","slug":"huong-dan-mua-hang","status":"publish","type":"page","link":"http:\/\/mau.hoabinhweb.com\/duocpham2\/huong-dan-mua-hang\/","title":{"rendered":"H\u01b0\u1edbng d\u1eabn mua h\u00e0ng"},"content":{"rendered":"<p>Qu\u00fd kh\u00e1ch h\u00e0ng c\u00f3 th\u1ec3 \u0111\u1eb7t h\u00e0ng tr\u1ef1c tuy\u1ebfn \u1edf website <strong><em>namvim.com<\/em><\/strong> th\u00f4ng qua 5 b\u01b0\u1edbc \u0111\u1eb7t h\u00e0ng c\u01a1 b\u1ea3n. Vui l\u00f2ng tham kh\u1ea3o th\u00f4ng tin chi ti\u1ebft v\u1ec1 t\u1eebng b\u01b0\u1edbc \u0111\u1eb7t h\u00e0ng nh\u01b0 sau:<\/p>\n<p><strong>B\u01af\u1edaC 1. T\u00ccM KI\u1ebeM S\u1ea2N PH\u1ea8M:<\/strong><\/p>\n<p>Sau khi \u0111\u0103ng nh\u1eadp v\u00e0o website: <strong><em>namvim.com<\/em><\/strong> qu\u00fd kh\u00e1ch h\u00e0ng c\u00f3 th\u1ec3 t\u00ecm s\u1ea3n ph\u1ea9m theo 3 c\u00e1ch:<\/p>\n<p>&#8211; C\u00e1ch 1: G\u00f5 t\u00ean s\u1ea3n ph\u1ea9m tr\u00ean thanh t\u00ecm ki\u1ebfm c\u1ee7a website.<\/p>\n<p>&#8211; C\u00e1ch 2: T\u00ecm s\u1ea3n ph\u1ea9m theo danh m\u1ee5c tr\u00ean website.<\/p>\n<p>&#8211; C\u00e1ch 3: T\u00ecm theo c\u00e1c s\u1ea3n ph\u1ea9m m\u1edbi nh\u1ea5t, b\u00e1n ch\u1ea1y ho\u1eb7c danh m\u1ee5c ph\u1ed5 bi\u1ebfn tr\u00ean t\u1eebng ng\u00e0nh h\u00e0ng.<\/p>\n<p><strong>B\u01af\u1edaC 2. TH\u00caM S\u1ea2N PH\u1ea8M V\u00c0O GI\u1ece H\u00c0NG:<\/strong><\/p>\n<p>Khi \u0111\u00e3 t\u00ecm \u0111\u01b0\u1ee3c s\u1ea3n ph\u1ea9m mong mu\u1ed1n, qu\u00fd kh\u00e1ch h\u00e0ng vui l\u00f2ng b\u1ea5m v\u00e0o h\u00ecnh s\u1ea3n ph\u1ea9m \u0111\u1ec3 v\u00e0o \u0111\u01b0\u1ee3c trang th\u00f4ng tin chi ti\u1ebft c\u1ee7a s\u1ea3n ph\u1ea9m, sau \u0111\u00f3:<\/p>\n<p>&#8211; Ki\u1ec3m tra th\u00f4ng tin s\u1ea3n ph\u1ea9m: gi\u00e1, xu\u1ea5t x\u1ee9, th\u01b0\u01a1ng hi\u1ec7u, th\u00e0nh ph\u1ea7n, c\u00f4ng d\u1ee5ng, th\u00f4ng tin khuy\u1ebfn m\u00e3i (n\u1ebfu c\u00f3).<\/p>\n<p>&#8211; Ch\u1ecdn th\u00eam s\u1ea3n ph\u1ea9m v\u00e0o gi\u1ecf h\u00e0ng.<\/p>\n<p><strong>B\u01af\u1edaC 3. KI\u1ec2M TRA GI\u1ece H\u00c0NG V\u00c0 \u0110\u1eb6T H\u00c0NG<\/strong><\/p>\n<p>\u0110\u1ec3 \u0111\u1eb7t nhi\u1ec1u s\u1ea3n ph\u1ea9m kh\u00e1c nhau v\u00e0o c\u00f9ng 1 \u0111\u01a1n h\u00e0ng, vui l\u00f2ng th\u1ef1c hi\u1ec7n theo c\u00e1c b\u01b0\u1edbc sau:<\/p>\n<p>&#8211; Ch\u1ecdn \u201cTi\u1ebfp t\u1ee5c mua h\u00e0ng\u201d ho\u1eb7c click v\u00e0o logo <strong><em>namvim.com<\/em><\/strong> \u0111\u1ec3 tr\u1edf v\u1ec1 trang ch\u1ee7, sau \u0111\u00f3 th\u00eam s\u1ea3n ph\u1ea9m v\u00e0o gi\u1ecf h\u00e0ng nh\u01b0 \u1edf B\u01b0\u1edbc 2.<\/p>\n<p>&#8211; Qu\u00e1 tr\u00ecnh n\u00e0y c\u00f3 th\u1ec3 l\u1eb7p l\u1ea1i cho \u0111\u1ebfn khi qu\u00fd kh\u00e1ch ho\u00e0n t\u1ea5t vi\u1ec7c b\u1ecf t\u1ea5t c\u1ea3 c\u00e1c s\u1ea3n ph\u1ea9m c\u1ea7n \u0111\u1eb7t mua v\u00e0o gi\u1ecf h\u00e0ng.<\/p>\n<p>&#8211; \u0110i\u1ec1u ch\u1ec9nh s\u1ed1 l\u01b0\u1ee3ng v\u00e0 c\u1eadp nh\u1eadt gi\u1ecf h\u00e0ng.<\/p>\n<p>&#8211; B\u1ea5m \u201cThanh to\u00e1n\u201d \u0111\u1ec3 b\u1eaft \u0111\u1ea7u \u0111\u1eb7t h\u00e0ng.<\/p>\n<p><strong>B\u01af\u1edaC 4. GIAO H\u00c0NG V\u00c0 THANH TO\u00c1N<\/strong><\/p>\n<p><strong>Qu\u00fd kh\u00e1ch h\u00e0ng \u0111i\u1ec1n \u0111\u1ea7y \u0111\u1ee7 th\u00f4ng v\u00e0o form theo c\u00e1c n\u1ed9i dung sau:<\/strong><\/p>\n<ol>\n<li><strong> Th\u00f4ng tin ng\u01b0\u1eddi mua:<\/strong><\/li>\n<\/ol>\n<p>&#8211; T\u00edch v\u00e0o \u00f4 Anh (ch\u1ecb)<\/p>\n<p>&#8211; H\u1ecd t\u00ean: \u2026\u00a0\u00a0\u00a0\u00a0\u00a0\u00a0 S\u1ed1 \u0111i\u1ec7n tho\u1ea1i: \u2026<\/p>\n<p>&#8211; \u0110\u1ecba ch\u1ec9 email: \u2026<\/p>\n<p>&#8211; \u0110\u1ecba ch\u1ec9: \u2026<\/p>\n<p>&#8211; Ghi ch\u00fa \u0111\u01a1n h\u00e0ng: \u2026<\/p>\n<ol start=\"2\">\n<li><strong> H\u00ecnh th\u1ee9c thanh to\u00e1n:<\/strong><\/li>\n<\/ol>\n<p>Qu\u00fd kh\u00e1ch h\u00e0ng c\u00f3 th\u1ec3 l\u1ef1a ch\u1ecdn thanh to\u00e1n theo 2 h\u00ecnh th\u1ee9c:<\/p>\n<p>&#8211; Chuy\u1ec3n kho\u1ea3n ng\u00e2n h\u00e0ng<\/p>\n<p>&#8211; Tr\u1ea3 ti\u1ec1n m\u1eb7t khi nh\u1eadn h\u00e0ng<\/p>\n<p>Sau khi ho\u00e0n t\u1ea5t qu\u00e1 tr\u00ecnh ch\u1ecdn ph\u01b0\u01a1ng th\u1ee9c thanh to\u00e1n, vui l\u00f2ng ki\u1ec3m tra l\u1ea1i c\u00e1c th\u00f4ng tin sau: \u0111\u1ecba ch\u1ec9 nh\u1eadn h\u00e0ng, gi\u00e1 khuy\u1ebfn m\u00e3i (n\u1ebfu c\u00f3), t\u1ed5ng ti\u1ec1n\u2026 N\u1ebfu c\u00e1c th\u00f4ng tin tr\u00ean \u0111\u00e3 ch\u00ednh x\u00e1c, qu\u00fd kh\u00e1ch vui l\u00f2ng b\u1ea5m \u201c\u0110\u1eb7t h\u00e0ng\u201d, h\u1ec7 th\u1ed1ng s\u1ebd b\u1eaft \u0111\u1ea7u ti\u1ebfn h\u00e0nh t\u1ea1o \u0111\u01a1n h\u00e0ng d\u1ef1a tr\u00ean c\u00e1c th\u00f4ng tin qu\u00fd kh\u00e1ch \u0111\u00e3 \u0111\u0103ng k\u00fd.<\/p>\n<p><strong>B\u01af\u1edaC 5. CH\u1eccN H\u00ccNH TH\u1ee8C THANH TO\u00c1N V\u00c0 \u201c\u0110\u1eb6T H\u00c0NG\u201d<\/strong><\/p>\n<p>Sau khi ho\u00e0n t\u1ea5t c\u1ea3 b\u01b0\u1edbc \u0111\u1eb7t mua, h\u1ec7 th\u1ed1ng s\u1ebd g\u1eedi \u0111\u1ebfn qu\u00fd kh\u00e1ch m\u1ed9t Email ch\u1ee9a m\u00e3 s\u1ed1 \u0111\u01a1n h\u00e0ng. Sau \u0111\u00f3 nh\u00e2n vi\u00ean c\u1ee7a NAM VIM s\u1ebd g\u1ecdi l\u1ea1i cho qu\u00fd kh\u00e1ch h\u00e0ng \u0111\u1ec3 x\u00e1c nh\u1eadn \u0111\u01a1n h\u00e0ng v\u00e0 g\u1eedi h\u00e0ng \u0111\u1ebfn cho kh\u00e1ch h\u00e0ng.<\/p>\n","protected":false},"excerpt":{"rendered":"<p>Qu\u00fd kh\u00e1ch h\u00e0ng c\u00f3 th\u1ec3 \u0111\u1eb7t h\u00e0ng tr\u1ef1c tuy\u1ebfn \u1edf website namvim.com th\u00f4ng qua 5 b\u01b0\u1edbc \u0111\u1eb7t h\u00e0ng c\u01a1 b\u1ea3n. Vui l\u00f2ng tham kh\u1ea3o th\u00f4ng tin chi ti\u1ebft v\u1ec1 t\u1eebng b\u01b0\u1edbc \u0111\u1eb7t h\u00e0ng nh\u01b0 sau: B\u01af\u1edaC 1. T\u00ccM KI\u1ebeM S\u1ea2N PH\u1ea8M: Sau khi \u0111\u0103ng nh\u1eadp v\u00e0o website: namvim.com qu\u00fd kh\u00e1ch h\u00e0ng c\u00f3 th\u1ec3 t\u00ecm s\u1ea3n<\/p>\n","protected":false},"author":1,"featured_media":0,"parent":0,"menu_order":0,"comment_status":"closed","ping_status":"closed","template":"","meta":{"footnotes":""},"class_list":["post-488","page","type-page","status-publish","hentry"],"acf":[],"yoast_head":"<!-- This site is optimized with the Yoast SEO plugin v19.6 - https:\/\/yoast.com\/wordpress\/plugins\/seo\/ -->\n<title>H\u01b0\u1edbng d\u1eabn mua h\u00e0ng - Namvim<\/title>\n<meta name=\"robots\" content=\"noindex, follow, max-snippet:-1, max-image-preview:large, max-video-preview:-1\" \/>\n<meta property=\"og:locale\" content=\"vi_VN\" \/>\n<meta property=\"og:type\" content=\"article\" \/>\n<meta property=\"og:title\" content=\"H\u01b0\u1edbng d\u1eabn mua h\u00e0ng - Namvim\" \/>\n<meta property=\"og:description\" content=\"Qu\u00fd kh\u00e1ch h\u00e0ng c\u00f3 th\u1ec3 \u0111\u1eb7t h\u00e0ng tr\u1ef1c tuy\u1ebfn \u1edf website namvim.com th\u00f4ng qua 5 b\u01b0\u1edbc \u0111\u1eb7t h\u00e0ng c\u01a1 b\u1ea3n. Vui l\u00f2ng tham kh\u1ea3o th\u00f4ng tin chi ti\u1ebft v\u1ec1 t\u1eebng b\u01b0\u1edbc \u0111\u1eb7t h\u00e0ng nh\u01b0 sau: B\u01af\u1edaC 1. T\u00ccM KI\u1ebeM S\u1ea2N PH\u1ea8M: Sau khi \u0111\u0103ng nh\u1eadp v\u00e0o website: namvim.com qu\u00fd kh\u00e1ch h\u00e0ng c\u00f3 th\u1ec3 t\u00ecm s\u1ea3n\" \/>\n<meta property=\"og:url\" content=\"http:\/\/mau.hoabinhweb.com\/duocpham2\/huong-dan-mua-hang\/\" \/>\n<meta property=\"og:site_name\" content=\"Namvim\" \/>\n<meta name=\"twitter:card\" content=\"summary_large_image\" \/>\n<meta name=\"twitter:label1\" content=\"\u01af\u1edbc t\u00ednh th\u1eddi gian \u0111\u1ecdc\" \/>\n\t<meta name=\"twitter:data1\" content=\"3 ph\u00fat\" \/>\n<script type=\"application\/ld+json\" class=\"yoast-schema-graph\">{\"@context\":\"https:\/\/schema.org\",\"@graph\":[{\"@type\":\"WebPage\",\"@id\":\"http:\/\/mau.hoabinhweb.com\/duocpham2\/huong-dan-mua-hang\/\",\"url\":\"http:\/\/mau.hoabinhweb.com\/duocpham2\/huong-dan-mua-hang\/\",\"name\":\"H\u01b0\u1edbng d\u1eabn mua h\u00e0ng - Namvim\",\"isPartOf\":{\"@id\":\"http:\/\/mau.hoabinhweb.com\/duocpham2\/#website\"},\"datePublished\":\"2022-09-15T01:32:58+00:00\",\"dateModified\":\"2022-09-15T01:32:58+00:00\",\"breadcrumb\":{\"@id\":\"http:\/\/mau.hoabinhweb.com\/duocpham2\/huong-dan-mua-hang\/#breadcrumb\"},\"inLanguage\":\"vi\",\"potentialAction\":[{\"@type\":\"ReadAction\",\"target\":[\"http:\/\/mau.hoabinhweb.com\/duocpham2\/huong-dan-mua-hang\/\"]}]},{\"@type\":\"BreadcrumbList\",\"@id\":\"http:\/\/mau.hoabinhweb.com\/duocpham2\/huong-dan-mua-hang\/#breadcrumb\",\"itemListElement\":[{\"@type\":\"ListItem\",\"position\":1,\"name\":\"Trang ch\u1ee7\",\"item\":\"http:\/\/mau.hoabinhweb.com\/duocpham2\/\"},{\"@type\":\"ListItem\",\"position\":2,\"name\":\"H\u01b0\u1edbng d\u1eabn mua h\u00e0ng\"}]},{\"@type\":\"WebSite\",\"@id\":\"http:\/\/mau.hoabinhweb.com\/duocpham2\/#website\",\"url\":\"http:\/\/mau.hoabinhweb.com\/duocpham2\/\",\"name\":\"Namvim\",\"description\":\"\",\"potentialAction\":[{\"@type\":\"SearchAction\",\"target\":{\"@type\":\"EntryPoint\",\"urlTemplate\":\"http:\/\/mau.hoabinhweb.com\/duocpham2\/?s={search_term_string}\"},\"query-input\":\"required name=search_term_string\"}],\"inLanguage\":\"vi\"}]}<\/script>\n<!-- \/ Yoast SEO plugin. -->","yoast_head_json":{"title":"H\u01b0\u1edbng d\u1eabn mua h\u00e0ng - Namvim","robots":{"index":"noindex","follow":"follow","max-snippet":"max-snippet:-1","max-image-preview":"max-image-preview:large","max-video-preview":"max-video-preview:-1"},"og_locale":"vi_VN","og_type":"article","og_title":"H\u01b0\u1edbng d\u1eabn mua h\u00e0ng - Namvim","og_description":"Qu\u00fd kh\u00e1ch h\u00e0ng c\u00f3 th\u1ec3 \u0111\u1eb7t h\u00e0ng tr\u1ef1c tuy\u1ebfn \u1edf website namvim.com th\u00f4ng qua 5 b\u01b0\u1edbc \u0111\u1eb7t h\u00e0ng c\u01a1 b\u1ea3n. Vui l\u00f2ng tham kh\u1ea3o th\u00f4ng tin chi ti\u1ebft v\u1ec1 t\u1eebng b\u01b0\u1edbc \u0111\u1eb7t h\u00e0ng nh\u01b0 sau: B\u01af\u1edaC 1. T\u00ccM KI\u1ebeM S\u1ea2N PH\u1ea8M: Sau khi \u0111\u0103ng nh\u1eadp v\u00e0o website: namvim.com qu\u00fd kh\u00e1ch h\u00e0ng c\u00f3 th\u1ec3 t\u00ecm s\u1ea3n","og_url":"http:\/\/mau.hoabinhweb.com\/duocpham2\/huong-dan-mua-hang\/","og_site_name":"Namvim","twitter_card":"summary_large_image","twitter_misc":{"\u01af\u1edbc t\u00ednh th\u1eddi gian \u0111\u1ecdc":"3 ph\u00fat"},"schema":{"@context":"https:\/\/schema.org","@graph":[{"@type":"WebPage","@id":"http:\/\/mau.hoabinhweb.com\/duocpham2\/huong-dan-mua-hang\/","url":"http:\/\/mau.hoabinhweb.com\/duocpham2\/huong-dan-mua-hang\/","name":"H\u01b0\u1edbng d\u1eabn mua h\u00e0ng - Namvim","isPartOf":{"@id":"http:\/\/mau.hoabinhweb.com\/duocpham2\/#website"},"datePublished":"2022-09-15T01:32:58+00:00","dateModified":"2022-09-15T01:32:58+00:00","breadcrumb":{"@id":"http:\/\/mau.hoabinhweb.com\/duocpham2\/huong-dan-mua-hang\/#breadcrumb"},"inLanguage":"vi","potentialAction":[{"@type":"ReadAction","target":["http:\/\/mau.hoabinhweb.com\/duocpham2\/huong-dan-mua-hang\/"]}]},{"@type":"BreadcrumbList","@id":"http:\/\/mau.hoabinhweb.com\/duocpham2\/huong-dan-mua-hang\/#breadcrumb","itemListElement":[{"@type":"ListItem","position":1,"name":"Trang ch\u1ee7","item":"http:\/\/mau.hoabinhweb.com\/duocpham2\/"},{"@type":"ListItem","position":2,"name":"H\u01b0\u1edbng d\u1eabn mua h\u00e0ng"}]},{"@type":"WebSite","@id":"http:\/\/mau.hoabinhweb.com\/duocpham2\/#website","url":"http:\/\/mau.hoabinhweb.com\/duocpham2\/","name":"Namvim","description":"","potentialAction":[{"@type":"SearchAction","target":{"@type":"EntryPoint","urlTemplate":"http:\/\/mau.hoabinhweb.com\/duocpham2\/?s={search_term_string}"},"query-input":"required name=search_term_string"}],"inLanguage":"vi"}]}},"_links":{"self":[{"href":"http:\/\/mau.hoabinhweb.com\/duocpham2\/wp-json\/wp\/v2\/pages\/488","targetHints":{"allow":["GET"]}}],"collection":[{"href":"http:\/\/mau.hoabinhweb.com\/duocpham2\/wp-json\/wp\/v2\/pages"}],"about":[{"href":"http:\/\/mau.hoabinhweb.com\/duocpham2\/wp-json\/wp\/v2\/types\/page"}],"author":[{"embeddable":true,"href":"http:\/\/mau.hoabinhweb.com\/duocpham2\/wp-json\/wp\/v2\/users\/1"}],"replies":[{"embeddable":true,"href":"http:\/\/mau.hoabinhweb.com\/duocpham2\/wp-json\/wp\/v2\/comments?post=488"}],"version-history":[{"count":1,"href":"http:\/\/mau.hoabinhweb.com\/duocpham2\/wp-json\/wp\/v2\/pages\/488\/revisions"}],"predecessor-version":[{"id":497,"href":"http:\/\/mau.hoabinhweb.com\/duocpham2\/wp-json\/wp\/v2\/pages\/488\/revisions\/497"}],"wp:attachment":[{"href":"http:\/\/mau.hoabinhweb.com\/duocpham2\/wp-json\/wp\/v2\/media?parent=488"}],"curies":[{"name":"wp","href":"https:\/\/api.w.org\/{rel}","templated":true}]}}