{"id":487,"date":"2022-09-15T08:32:39","date_gmt":"2022-09-15T01:32:39","guid":{"rendered":"https:\/\/mau.hoabinhweb.com\/duocpham2\/?page_id=487"},"modified":"2022-09-15T08:32:39","modified_gmt":"2022-09-15T01:32:39","slug":"dieu-khoan-su-dung","status":"publish","type":"page","link":"http:\/\/mau.hoabinhweb.com\/duocpham2\/dieu-khoan-su-dung\/","title":{"rendered":"\u0110i\u1ec1u kho\u1ea3n s\u1eed d\u1ee5ng"},"content":{"rendered":"<p>Ch\u00e0o m\u1eebng b\u1ea1n gh\u00e9 th\u0103m website ch\u00ednh th\u1ee9c c\u1ee7a\u00a0<strong>NAM VIM<\/strong>: https:\/\/namvim.com.<\/p>\n<p>Ch\u00fang t\u00f4i mong b\u1ea1n vui l\u00f2ng d\u00e0nh th\u1eddi gian \u0111\u1ecdc v\u00e0 t\u00ecm hi\u1ec3u nh\u1eefng \u0111i\u1ec1u kho\u1ea3n v\u1ec1 th\u1ecfa thu\u1eadn ph\u00e1p l\u00fd gi\u1eefa b\u1ea1n v\u00e0\u00a0<strong>NAM VIM<\/strong>\u00a0nh\u01b0 d\u01b0\u1edbi \u0111\u00e2y.<\/p>\n<ol>\n<li><strong> B\u1ea2N QUY\u1ec0N V\u00c0 TH\u01af\u01a0NG HI\u1ec6U<\/strong><\/li>\n<\/ol>\n<p>Tuy\u00ean b\u1ed1 c\u00e1c quy\u1ec1n S\u1edf h\u1eefu tr\u00ed tu\u1ec7 c\u1ee7a\u00a0<strong>NAM VIM<\/strong>\u00a0\u0111\u1ed1i v\u1edbi c\u00e1c \u0111\u1ed1i t\u01b0\u1ee3ng th\u1ec3 hi\u1ec7n tr\u00ean website.<\/p>\n<p>Trang web n\u00e0y v\u00e0 t\u1ea5t c\u1ea3 n\u1ed9i dung c\u1ee7a website, bao g\u1ed3m nh\u01b0ng kh\u00f4ng gi\u1edbi h\u1ea1n c\u00e1c v\u0103n b\u1ea3n, thi\u1ebft k\u1ebf, \u0111\u1ed3 h\u1ecda, giao di\u1ec7n, h\u00ecnh \u1ea3nh, m\u00e3 code \u0111\u1ec1u thu\u1ed9c b\u1ea3n quy\u1ec1n c\u1ee7a\u00a0<strong>NAM VIM<\/strong>\u00a0ho\u1eb7c b\u00ean th\u1ee9 ba c\u1ea5p ph\u00e9p cho\u00a0<strong>NAM VIM<\/strong>.<\/p>\n<p>B\u1ea5t k\u1ef3 n\u1ed9i dung n\u00e0o thu\u1ed9c website n\u00e0y bao g\u1ed3m nh\u00e3n hi\u1ec7u, t\u00ean th\u01b0\u01a1ng m\u1ea1i, m\u1eabu logo c\u00f4ng ty ho\u1eb7c s\u1ea3n ph\u1ea9m, ki\u1ec3u d\u00e1ng s\u1ea3n ph\u1ea9m\u2026 \u0111\u1ec1u thu\u1ed9c quy\u1ec1n s\u1edf h\u1eefu c\u1ee7a\u00a0<strong>NAM VIM<\/strong>\u00a0v\u00e0 \u0111\u01b0\u1ee3c b\u1ea3o h\u1ed9 theo quy \u0111\u1ecbnh c\u1ee7a Lu\u1eadt S\u1edf h\u1eefu tr\u00ed tu\u1ec7 Vi\u1ec7t Nam v\u00e0 c\u00e1c v\u0103n b\u1ea3n li\u00ean quan.<\/p>\n<p>M\u1ecdi h\u00e0nh vi sao ch\u00e9p, tr\u00edch d\u1eabn, s\u1eeda \u0111\u1ed5i, ph\u00e2n ph\u1ed1i, xu\u1ea5t b\u1ea3n, l\u01b0u th\u00f4ng\u2026 v\u00ec m\u1ee5c \u0111\u00edch th\u01b0\u01a1ng m\u1ea1i d\u01b0\u1edbi m\u1ecdi h\u00ecnh th\u1ee9c m\u00e0 kh\u00f4ng \u0111\u01b0\u1ee3c s\u1ef1 ch\u1ea5p thu\u1eadn tr\u01b0\u1edbc b\u1eb1ng v\u0103n b\u1ea3n c\u1ee7a\u00a0<strong>NAM VIM<\/strong>\u00a0l\u00e0 x\u00e2m ph\u1ea1m quy\u1ec1n c\u1ee7a\u00a0<strong>NAM VIM<\/strong>. Ch\u00fang t\u00f4i c\u00f3 quy\u1ec1n y\u00eau c\u1ea7u ng\u01b0\u1eddi s\u1eed d\u1ee5ng ch\u1ea5m d\u1ee9t vi\u1ec7c s\u1eed d\u1ee5ng v\u00e0 b\u1ed3i th\u01b0\u1eddng thi\u1ec7t h\u1ea1i (n\u1ebfu c\u00f3).<\/p>\n<ol start=\"2\">\n<li><strong> N\u1ed8I DUNG<\/strong><\/li>\n<\/ol>\n<p>Quy\u1ec1n v\u00e0 tr\u00e1ch nhi\u1ec7m c\u1ee7a\u00a0<strong>NAM VIM<\/strong><\/p>\n<p><strong>NAM VIM<\/strong>\u00a0c\u00f3 quy\u1ec1n thay \u0111\u1ed5i v\u00e0\/ho\u1eb7c ch\u1ea5m d\u1ee9t c\u00e1c n\u1ed9i dung, t\u00ednh n\u0103ng c\u1ee7a m\u1ed9t ph\u1ea7n hay to\u00e0n b\u1ed9 website m\u00e0 kh\u00f4ng c\u1ea7n th\u00f4ng b\u00e1o tr\u01b0\u1edbc v\u1edbi ng\u01b0\u1eddi s\u1eed d\u1ee5ng.<\/p>\n<p><strong>NAM VIM<\/strong>\u00a0c\u00f3 quy\u1ec1n th\u1ef1c hi\u1ec7n c\u00e1c bi\u1ec7n ph\u00e1p an ninh \u0111\u1ec3 b\u1ea3o v\u1ec7 v\u00e0 ch\u1ed1ng l\u1ea1i c\u00e1c truy c\u1eadp tr\u00e1i ph\u00e9p ho\u1eb7c s\u1eeda \u0111\u1ed5i tr\u00e1i ph\u00e9p, ti\u1ebft l\u1ed9 ho\u1eb7c ph\u00e1 h\u1ee7y th\u00f4ng tin tr\u00ean website.<\/p>\n<p>Khi s\u1eed d\u1ee5ng website, th\u00f4ng tin s\u1ebd \u0111\u01b0\u1ee3c truy\u1ec1n qua m\u1ed9t ph\u01b0\u01a1ng ti\u1ec7n\/thi\u1ebft b\u1ecb n\u1eb1m ngo\u00e0i s\u1ef1 ki\u1ec3m so\u00e1t c\u1ee7a\u00a0<strong>NAM VIM<\/strong>. Theo \u0111\u00f3,\u00a0<strong>NAM VIM<\/strong>\u00a0kh\u00f4ng ch\u1ecbu tr\u00e1ch nhi\u1ec7m cho ho\u1eb7c li\u00ean quan \u0111\u1ebfn b\u1ea5t k\u1ef3 s\u1ef1 ch\u1eadm tr\u1ec5, th\u1ea5t b\u1ea1i, b\u1ecb gi\u00e1n \u0111o\u1ea1n c\u1ee7a b\u1ea5t k\u1ef3 d\u1eef li\u1ec7u ho\u1eb7c c\u00e1c th\u00f4ng tin kh\u00e1c \u0111\u01b0\u1ee3c truy\u1ec1n trong k\u1ebft n\u1ed1i v\u1edbi vi\u1ec7c s\u1eed d\u1ee5ng c\u1ee7a website.<\/p>\n<p><strong>NAM VIM<\/strong>\u00a0c\u00f3 quy\u1ec1n t\u1eeb ch\u1ed1i m\u1ed9t s\u1ed1 t\u00e0i li\u1ec7u b\u1ea1n g\u1eedi m\u00e0 kh\u00f4ng b\u1eaft bu\u1ed9c ph\u1ea3n h\u1ed3i l\u00fd do.<\/p>\n<ol start=\"3\">\n<li><strong> QUY\u1ec0N V\u00c0 TR\u00c1CH NHI\u1ec6M C\u1ee6A NG\u01af\u1edcI S\u1eec D\u1ee4NG<\/strong><\/li>\n<\/ol>\n<p><strong>NAM VIM<\/strong>\u00a0cho ph\u00e9p ng\u01b0\u1eddi s\u1eed d\u1ee5ng xem, tr\u00edch xu\u1ea5t th\u00f4ng tin tr\u00ean website (in, t\u1ea3i, chuy\u1ec3n ti\u1ebfp\u2026) ho\u1eb7c chia s\u1ebb cho ng\u01b0\u1eddi kh\u00e1c nh\u01b0ng ch\u1ec9 cho m\u1ee5c \u0111\u00edch s\u1eed d\u1ee5ng c\u00e1 nh\u00e2n v\u00e0 phi th\u01b0\u01a1ng m\u1ea1i v\u1edbi \u0111i\u1ec1u ki\u1ec7n ph\u1ea3i tr\u00edch d\u1eabn th\u00f4ng b\u00e1o b\u1ea3n quy\u1ec1n.<\/p>\n<p>B\u1ea1n \u0111\u1ea3m b\u1ea3o tu\u00e2n theo ph\u00e1p lu\u1eadt v\u00e0 c\u00e1c quy \u0111\u1ecbnh li\u00ean quan \u0111\u1ebfn vi\u1ec7c s\u1eed d\u1ee5ng website c\u1ee7a\u00a0<strong>NAM VIM<\/strong>; Kh\u00f4ng can thi\u1ec7p, g\u00e2y \u1ea3nh h\u01b0\u1edfng \u0111\u1ebfn vi\u1ec7c s\u1eed d\u1ee5ng website c\u1ee7a nh\u1eefng ng\u01b0\u1eddi s\u1eed d\u1ee5ng kh\u00e1c; Kh\u00f4ng can thi\u1ec7p v\u00e0o ho\u1ea1t \u0111\u1ed9ng v\u00e0 qu\u1ea3n l\u00fd website c\u1ee7a\u00a0<strong>NAM VIM<\/strong>.<\/p>\n<p>N\u1ebfu b\u1ea1n kh\u00f4ng b\u1eb1ng l\u00f2ng v\u1edbi b\u1ea5t k\u1ef3 th\u00f4ng tin n\u00e0o tr\u00ean Website ho\u1eb7c v\u1edbi b\u1ea5t k\u1ef3 \u0111i\u1ec1u kho\u1ea3n v\u00e0 \u0111i\u1ec1u ki\u1ec7n s\u1eed d\u1ee5ng th\u00f4ng tin tr\u00ean Website n\u00e0y th\u00ec ph\u01b0\u01a1ng th\u1ee9c duy nh\u1ea5t b\u1ea1n n\u00ean th\u1ef1c hi\u1ec7n l\u00e0 ch\u1ea5m d\u1ee9t truy c\u1eadp\/s\u1eed d\u1ee5ng th\u00f4ng tin tr\u00ean website.<\/p>\n<ol start=\"4\">\n<li><strong> \u0110I\u1ec0U KHO\u1ea2N CHUNG<\/strong><\/li>\n<\/ol>\n<p>\u0110i\u1ec1u kho\u1ea3n s\u1eed d\u1ee5ng \u0111\u01b0\u1ee3c \u0111i\u1ec1u ch\u1ec9nh b\u1edfi ph\u00e1p lu\u1eadt Vi\u1ec7t Nam.<\/p>\n<p>M\u1ed9t \u0111i\u1ec1u kho\u1ea3n s\u1eed d\u1ee5ng b\u1ecb v\u00f4 hi\u1ec7u theo quy\u1ebft \u0111\u1ecbnh c\u1ee7a t\u00f2a \u00e1n c\u00f3 th\u1ea9m quy\u1ec1n s\u1ebd kh\u00f4ng \u1ea3nh h\u01b0\u1edfng \u0111\u1ebfn t\u00ednh hi\u1ec7u l\u1ef1c c\u1ee7a c\u00e1c \u0111i\u1ec1u kho\u1ea3n c\u00f2n l\u1ea1i.<\/p>\n<p><strong>NAM VIM<\/strong>\u00a0lu\u00f4n hoan ngh\u00eanh nh\u1eefng \u00fd ki\u1ebfn\/g\u00f3p \u00fd c\u1ee7a b\u1ea1n v\u1ec1 n\u1ed9i dung website. N\u1ebfu c\u00f3 m\u1ed9t ph\u1ea7n n\u00e0o \u0111\u00f3 c\u1ee7a website n\u00e0y m\u00e0 b\u1ea1n cho r\u1eb1ng \u0111\u00e3 c\u00f3 d\u1ea5u hi\u1ec7u vi ph\u1ea1m b\u1ea3n quy\u1ec1n c\u1ee7a b\u00ean th\u1ee9 ba, vui l\u00f2ng g\u1eedi li\u00ean h\u1ec7 v\u1edbi Ban Truy\u1ec1n Th\u00f4ng c\u1ee7a\u00a0<strong>NAM VIM<\/strong>.<\/p>\n<p>Th\u00f4ng b\u00e1o n\u00e0y v\u00e0 t\u1ea5t c\u1ea3 c\u00e1c \u0111i\u1ec1u kho\u1ea3n s\u1eed d\u1ee5ng t\u1ea1o th\u00e0nh to\u00e0n b\u1ed9 th\u1ecfa thu\u1eadn gi\u1eefa\u00a0<strong>NAM VIM<\/strong>\u00a0v\u00e0 b\u1ea1n li\u00ean quan \u0111\u1ebfn vi\u1ec7c s\u1eed d\u1ee5ng c\u00e1c th\u00f4ng tin tr\u00ean website.\u00a0<strong>NAM VIM<\/strong>\u00a0c\u00f3 th\u1ec3 \u0111i\u1ec1u ch\u1ec9nh n\u1ed9i dung th\u00f4ng b\u00e1o n\u00e0y b\u1ea5t c\u1ee9 l\u00fac n\u00e0o b\u1eb1ng c\u00e1ch c\u1eadp nh\u1eadt l\u00ean website. B\u1ea1n n\u00ean th\u01b0\u1eddng xuy\u00ean truy c\u1eadp website \u0111\u1ec3 theo d\u00f5i c\u00e1c quy \u0111\u1ecbnh r\u00e0ng bu\u1ed9c n\u00e0y khi s\u1eed d\u1ee5ng.<\/p>","protected":false},"excerpt":{"rendered":"<p>Ch\u00e0o m\u1eebng b\u1ea1n gh\u00e9 th\u0103m website ch\u00ednh th\u1ee9c c\u1ee7a\u00a0NAM VIM: https:\/\/namvim.com. Ch\u00fang t\u00f4i mong b\u1ea1n vui l\u00f2ng d\u00e0nh th\u1eddi gian \u0111\u1ecdc v\u00e0 t\u00ecm hi\u1ec3u nh\u1eefng \u0111i\u1ec1u kho\u1ea3n v\u1ec1 th\u1ecfa thu\u1eadn ph\u00e1p l\u00fd gi\u1eefa b\u1ea1n v\u00e0\u00a0NAM VIM\u00a0nh\u01b0 d\u01b0\u1edbi \u0111\u00e2y. B\u1ea2N QUY\u1ec0N V\u00c0 TH\u01af\u01a0NG HI\u1ec6U Tuy\u00ean b\u1ed1 c\u00e1c quy\u1ec1n S\u1edf h\u1eefu tr\u00ed tu\u1ec7 c\u1ee7a\u00a0NAM VIM\u00a0\u0111\u1ed1i v\u1edbi c\u00e1c<\/p>\n","protected":false},"author":1,"featured_media":0,"parent":0,"menu_order":0,"comment_status":"closed","ping_status":"closed","template":"","meta":{"footnotes":""},"class_list":["post-487","page","type-page","status-publish","hentry"],"acf":[],"yoast_head":"<!-- This site is optimized with the Yoast SEO plugin v19.6 - https:\/\/yoast.com\/wordpress\/plugins\/seo\/ -->\n<title>\u0110i\u1ec1u kho\u1ea3n s\u1eed d\u1ee5ng - Namvim<\/title>\n<meta name=\"robots\" content=\"noindex, follow, max-snippet:-1, max-image-preview:large, max-video-preview:-1\" \/>\n<meta property=\"og:locale\" content=\"vi_VN\" \/>\n<meta property=\"og:type\" content=\"article\" \/>\n<meta property=\"og:title\" content=\"\u0110i\u1ec1u kho\u1ea3n s\u1eed d\u1ee5ng - Namvim\" \/>\n<meta property=\"og:description\" content=\"Ch\u00e0o m\u1eebng b\u1ea1n gh\u00e9 th\u0103m website ch\u00ednh th\u1ee9c c\u1ee7a\u00a0NAM VIM: https:\/\/namvim.com. Ch\u00fang t\u00f4i mong b\u1ea1n vui l\u00f2ng d\u00e0nh th\u1eddi gian \u0111\u1ecdc v\u00e0 t\u00ecm hi\u1ec3u nh\u1eefng \u0111i\u1ec1u kho\u1ea3n v\u1ec1 th\u1ecfa thu\u1eadn ph\u00e1p l\u00fd gi\u1eefa b\u1ea1n v\u00e0\u00a0NAM VIM\u00a0nh\u01b0 d\u01b0\u1edbi \u0111\u00e2y. B\u1ea2N QUY\u1ec0N V\u00c0 TH\u01af\u01a0NG HI\u1ec6U Tuy\u00ean b\u1ed1 c\u00e1c quy\u1ec1n S\u1edf h\u1eefu tr\u00ed tu\u1ec7 c\u1ee7a\u00a0NAM VIM\u00a0\u0111\u1ed1i v\u1edbi c\u00e1c\" \/>\n<meta property=\"og:url\" content=\"http:\/\/mau.hoabinhweb.com\/duocpham2\/dieu-khoan-su-dung\/\" \/>\n<meta property=\"og:site_name\" content=\"Namvim\" \/>\n<meta name=\"twitter:card\" content=\"summary_large_image\" \/>\n<meta name=\"twitter:label1\" content=\"\u01af\u1edbc t\u00ednh th\u1eddi gian \u0111\u1ecdc\" \/>\n\t<meta name=\"twitter:data1\" content=\"4 ph\u00fat\" \/>\n<script type=\"application\/ld+json\" class=\"yoast-schema-graph\">{\"@context\":\"https:\/\/schema.org\",\"@graph\":[{\"@type\":\"WebPage\",\"@id\":\"http:\/\/mau.hoabinhweb.com\/duocpham2\/dieu-khoan-su-dung\/\",\"url\":\"http:\/\/mau.hoabinhweb.com\/duocpham2\/dieu-khoan-su-dung\/\",\"name\":\"\u0110i\u1ec1u kho\u1ea3n s\u1eed d\u1ee5ng - Namvim\",\"isPartOf\":{\"@id\":\"http:\/\/mau.hoabinhweb.com\/duocpham2\/#website\"},\"datePublished\":\"2022-09-15T01:32:39+00:00\",\"dateModified\":\"2022-09-15T01:32:39+00:00\",\"breadcrumb\":{\"@id\":\"http:\/\/mau.hoabinhweb.com\/duocpham2\/dieu-khoan-su-dung\/#breadcrumb\"},\"inLanguage\":\"vi\",\"potentialAction\":[{\"@type\":\"ReadAction\",\"target\":[\"http:\/\/mau.hoabinhweb.com\/duocpham2\/dieu-khoan-su-dung\/\"]}]},{\"@type\":\"BreadcrumbList\",\"@id\":\"http:\/\/mau.hoabinhweb.com\/duocpham2\/dieu-khoan-su-dung\/#breadcrumb\",\"itemListElement\":[{\"@type\":\"ListItem\",\"position\":1,\"name\":\"Trang ch\u1ee7\",\"item\":\"http:\/\/mau.hoabinhweb.com\/duocpham2\/\"},{\"@type\":\"ListItem\",\"position\":2,\"name\":\"\u0110i\u1ec1u kho\u1ea3n s\u1eed d\u1ee5ng\"}]},{\"@type\":\"WebSite\",\"@id\":\"http:\/\/mau.hoabinhweb.com\/duocpham2\/#website\",\"url\":\"http:\/\/mau.hoabinhweb.com\/duocpham2\/\",\"name\":\"Namvim\",\"description\":\"\",\"potentialAction\":[{\"@type\":\"SearchAction\",\"target\":{\"@type\":\"EntryPoint\",\"urlTemplate\":\"http:\/\/mau.hoabinhweb.com\/duocpham2\/?s={search_term_string}\"},\"query-input\":\"required name=search_term_string\"}],\"inLanguage\":\"vi\"}]}<\/script>\n<!-- \/ Yoast SEO plugin. -->","yoast_head_json":{"title":"\u0110i\u1ec1u kho\u1ea3n s\u1eed d\u1ee5ng - Namvim","robots":{"index":"noindex","follow":"follow","max-snippet":"max-snippet:-1","max-image-preview":"max-image-preview:large","max-video-preview":"max-video-preview:-1"},"og_locale":"vi_VN","og_type":"article","og_title":"\u0110i\u1ec1u kho\u1ea3n s\u1eed d\u1ee5ng - Namvim","og_description":"Ch\u00e0o m\u1eebng b\u1ea1n gh\u00e9 th\u0103m website ch\u00ednh th\u1ee9c c\u1ee7a\u00a0NAM VIM: https:\/\/namvim.com. Ch\u00fang t\u00f4i mong b\u1ea1n vui l\u00f2ng d\u00e0nh th\u1eddi gian \u0111\u1ecdc v\u00e0 t\u00ecm hi\u1ec3u nh\u1eefng \u0111i\u1ec1u kho\u1ea3n v\u1ec1 th\u1ecfa thu\u1eadn ph\u00e1p l\u00fd gi\u1eefa b\u1ea1n v\u00e0\u00a0NAM VIM\u00a0nh\u01b0 d\u01b0\u1edbi \u0111\u00e2y. B\u1ea2N QUY\u1ec0N V\u00c0 TH\u01af\u01a0NG HI\u1ec6U Tuy\u00ean b\u1ed1 c\u00e1c quy\u1ec1n S\u1edf h\u1eefu tr\u00ed tu\u1ec7 c\u1ee7a\u00a0NAM VIM\u00a0\u0111\u1ed1i v\u1edbi c\u00e1c","og_url":"http:\/\/mau.hoabinhweb.com\/duocpham2\/dieu-khoan-su-dung\/","og_site_name":"Namvim","twitter_card":"summary_large_image","twitter_misc":{"\u01af\u1edbc t\u00ednh th\u1eddi gian \u0111\u1ecdc":"4 ph\u00fat"},"schema":{"@context":"https:\/\/schema.org","@graph":[{"@type":"WebPage","@id":"http:\/\/mau.hoabinhweb.com\/duocpham2\/dieu-khoan-su-dung\/","url":"http:\/\/mau.hoabinhweb.com\/duocpham2\/dieu-khoan-su-dung\/","name":"\u0110i\u1ec1u kho\u1ea3n s\u1eed d\u1ee5ng - Namvim","isPartOf":{"@id":"http:\/\/mau.hoabinhweb.com\/duocpham2\/#website"},"datePublished":"2022-09-15T01:32:39+00:00","dateModified":"2022-09-15T01:32:39+00:00","breadcrumb":{"@id":"http:\/\/mau.hoabinhweb.com\/duocpham2\/dieu-khoan-su-dung\/#breadcrumb"},"inLanguage":"vi","potentialAction":[{"@type":"ReadAction","target":["http:\/\/mau.hoabinhweb.com\/duocpham2\/dieu-khoan-su-dung\/"]}]},{"@type":"BreadcrumbList","@id":"http:\/\/mau.hoabinhweb.com\/duocpham2\/dieu-khoan-su-dung\/#breadcrumb","itemListElement":[{"@type":"ListItem","position":1,"name":"Trang ch\u1ee7","item":"http:\/\/mau.hoabinhweb.com\/duocpham2\/"},{"@type":"ListItem","position":2,"name":"\u0110i\u1ec1u kho\u1ea3n s\u1eed d\u1ee5ng"}]},{"@type":"WebSite","@id":"http:\/\/mau.hoabinhweb.com\/duocpham2\/#website","url":"http:\/\/mau.hoabinhweb.com\/duocpham2\/","name":"Namvim","description":"","potentialAction":[{"@type":"SearchAction","target":{"@type":"EntryPoint","urlTemplate":"http:\/\/mau.hoabinhweb.com\/duocpham2\/?s={search_term_string}"},"query-input":"required name=search_term_string"}],"inLanguage":"vi"}]}},"_links":{"self":[{"href":"http:\/\/mau.hoabinhweb.com\/duocpham2\/wp-json\/wp\/v2\/pages\/487","targetHints":{"allow":["GET"]}}],"collection":[{"href":"http:\/\/mau.hoabinhweb.com\/duocpham2\/wp-json\/wp\/v2\/pages"}],"about":[{"href":"http:\/\/mau.hoabinhweb.com\/duocpham2\/wp-json\/wp\/v2\/types\/page"}],"author":[{"embeddable":true,"href":"http:\/\/mau.hoabinhweb.com\/duocpham2\/wp-json\/wp\/v2\/users\/1"}],"replies":[{"embeddable":true,"href":"http:\/\/mau.hoabinhweb.com\/duocpham2\/wp-json\/wp\/v2\/comments?post=487"}],"version-history":[{"count":1,"href":"http:\/\/mau.hoabinhweb.com\/duocpham2\/wp-json\/wp\/v2\/pages\/487\/revisions"}],"predecessor-version":[{"id":496,"href":"http:\/\/mau.hoabinhweb.com\/duocpham2\/wp-json\/wp\/v2\/pages\/487\/revisions\/496"}],"wp:attachment":[{"href":"http:\/\/mau.hoabinhweb.com\/duocpham2\/wp-json\/wp\/v2\/media?parent=487"}],"curies":[{"name":"wp","href":"https:\/\/api.w.org\/{rel}","templated":true}]}}