{"id":486,"date":"2022-09-15T08:32:19","date_gmt":"2022-09-15T01:32:19","guid":{"rendered":"https:\/\/mau.hoabinhweb.com\/duocpham2\/?page_id=486"},"modified":"2022-09-15T08:32:19","modified_gmt":"2022-09-15T01:32:19","slug":"chinh-sach-xu-ly-khieu-nai","status":"publish","type":"page","link":"http:\/\/mau.hoabinhweb.com\/duocpham2\/chinh-sach-xu-ly-khieu-nai\/","title":{"rendered":"Ch\u00ednh s\u00e1ch x\u1eed l\u00fd khi\u1ebfu n\u1ea1i"},"content":{"rendered":"<p>Ti\u1ebfp nh\u1eadn m\u1ecdi khi\u1ebfu n\u1ea1i c\u1ee7a kh\u00e1ch h\u00e0ng li\u00ean quan \u0111\u1ebfn vi\u1ec7c mua s\u1ea3n ph\u1ea9m c\u1ee7a website https:\/\/namvim.com.<\/p>\n<p>T\u1ea5t c\u1ea3 m\u1ecdi tr\u01b0\u1eddng h\u01a1p \u0111\u1ed5i tr\u1ea3 v\u00e0 ch\u0103m s\u00f3c kh\u00e1ch h\u00e0ng, ng\u01b0\u1eddi mua c\u00f3 th\u1ec3 li\u00ean h\u1ec7 v\u1edbi website https:\/\/namvim.com theo nh\u1eefng th\u00f4ng tin \u0111\u01b0\u1ee3c ni\u00eam y\u1ebft c\u00f4ng khai tr\u00ean website.<\/p>\n<p>Th\u1eddi gian gi\u1ea3i quy\u1ebft khi\u1ebfu n\u1ea1i trong th\u1eddi h\u1ea1n t\u1ed1i \u0111a l\u00e0 07 ng\u00e0y l\u00e0m vi\u1ec7c k\u1ec3 t\u1eeb khi nh\u1eadn \u0111\u01b0\u1ee3c khi\u1ebfu n\u1ea1i c\u1ee7a kh\u00e1ch h\u00e0ng. Trong tr\u01b0\u1eddng h\u1ee3p b\u1ea5t kh\u1ea3 kh\u00e1ng 2 b\u00ean s\u1ebd t\u1ef1 th\u01b0\u01a1ng l\u01b0\u1ee3ng.<\/p>\n<p>M\u1ecdi v\u1ea5n \u0111\u1ec1 v\u1ec1 th\u01b0\u01a1ng l\u01b0\u1ee3ng, gi\u1ea3i quy\u1ebft v\u1ea5n \u0111\u1ec1 \u0111\u1ec1u d\u1ef1a tr\u00ean c\u01a1 s\u1edf th\u1ecfa thu\u1eadn v\u00e0 t\u00f4n tr\u1ecdng l\u1eabn nhau, \u0111\u00fang c\u00e1c quy \u0111\u1ecbnh c\u1ee7a ph\u00e1p lu\u1eadt.<\/p>\n<p>Kh\u00e1ch h\u00e0ng c\u00f3 c\u00e1c v\u1ea5n \u0111\u1ec1 v\u1ec1 khi\u1ebfu n\u1ea1i c\u00f3 th\u1ec3 li\u00ean h\u1ec7 tr\u1ef1c ti\u1ebfp v\u1edbi ch\u00fang t\u00f4i theo \u0111\u1ecba ch\u1ec9 sau: 158 Ph\u00f9ng H\u01b0ng, Ph\u00fac La, H\u00e0 \u0110\u00f4ng, H\u00e0 N\u1ed9i.<\/p>\n","protected":false},"excerpt":{"rendered":"<p>Ti\u1ebfp nh\u1eadn m\u1ecdi khi\u1ebfu n\u1ea1i c\u1ee7a kh\u00e1ch h\u00e0ng li\u00ean quan \u0111\u1ebfn vi\u1ec7c mua s\u1ea3n ph\u1ea9m c\u1ee7a website https:\/\/namvim.com. T\u1ea5t c\u1ea3 m\u1ecdi tr\u01b0\u1eddng h\u01a1p \u0111\u1ed5i tr\u1ea3 v\u00e0 ch\u0103m s\u00f3c kh\u00e1ch h\u00e0ng, ng\u01b0\u1eddi mua c\u00f3 th\u1ec3 li\u00ean h\u1ec7 v\u1edbi website https:\/\/namvim.com theo nh\u1eefng th\u00f4ng tin \u0111\u01b0\u1ee3c ni\u00eam y\u1ebft c\u00f4ng khai tr\u00ean website. Th\u1eddi gian gi\u1ea3i quy\u1ebft khi\u1ebfu<\/p>\n","protected":false},"author":1,"featured_media":0,"parent":0,"menu_order":0,"comment_status":"closed","ping_status":"closed","template":"","meta":{"footnotes":""},"class_list":["post-486","page","type-page","status-publish","hentry"],"acf":[],"yoast_head":"<!-- This site is optimized with the Yoast SEO plugin v19.6 - https:\/\/yoast.com\/wordpress\/plugins\/seo\/ -->\n<title>Ch\u00ednh s\u00e1ch x\u1eed l\u00fd khi\u1ebfu n\u1ea1i - Namvim<\/title>\n<meta name=\"robots\" content=\"noindex, follow, max-snippet:-1, max-image-preview:large, max-video-preview:-1\" \/>\n<meta property=\"og:locale\" content=\"vi_VN\" \/>\n<meta property=\"og:type\" content=\"article\" \/>\n<meta property=\"og:title\" content=\"Ch\u00ednh s\u00e1ch x\u1eed l\u00fd khi\u1ebfu n\u1ea1i - Namvim\" \/>\n<meta property=\"og:description\" content=\"Ti\u1ebfp nh\u1eadn m\u1ecdi khi\u1ebfu n\u1ea1i c\u1ee7a kh\u00e1ch h\u00e0ng li\u00ean quan \u0111\u1ebfn vi\u1ec7c mua s\u1ea3n ph\u1ea9m c\u1ee7a website https:\/\/namvim.com. T\u1ea5t c\u1ea3 m\u1ecdi tr\u01b0\u1eddng h\u01a1p \u0111\u1ed5i tr\u1ea3 v\u00e0 ch\u0103m s\u00f3c kh\u00e1ch h\u00e0ng, ng\u01b0\u1eddi mua c\u00f3 th\u1ec3 li\u00ean h\u1ec7 v\u1edbi website https:\/\/namvim.com theo nh\u1eefng th\u00f4ng tin \u0111\u01b0\u1ee3c ni\u00eam y\u1ebft c\u00f4ng khai tr\u00ean website. Th\u1eddi gian gi\u1ea3i quy\u1ebft khi\u1ebfu\" \/>\n<meta property=\"og:url\" content=\"http:\/\/mau.hoabinhweb.com\/duocpham2\/chinh-sach-xu-ly-khieu-nai\/\" \/>\n<meta property=\"og:site_name\" content=\"Namvim\" \/>\n<meta name=\"twitter:card\" content=\"summary_large_image\" \/>\n<script type=\"application\/ld+json\" class=\"yoast-schema-graph\">{\"@context\":\"https:\/\/schema.org\",\"@graph\":[{\"@type\":\"WebPage\",\"@id\":\"http:\/\/mau.hoabinhweb.com\/duocpham2\/chinh-sach-xu-ly-khieu-nai\/\",\"url\":\"http:\/\/mau.hoabinhweb.com\/duocpham2\/chinh-sach-xu-ly-khieu-nai\/\",\"name\":\"Ch\u00ednh s\u00e1ch x\u1eed l\u00fd khi\u1ebfu n\u1ea1i - Namvim\",\"isPartOf\":{\"@id\":\"http:\/\/mau.hoabinhweb.com\/duocpham2\/#website\"},\"datePublished\":\"2022-09-15T01:32:19+00:00\",\"dateModified\":\"2022-09-15T01:32:19+00:00\",\"breadcrumb\":{\"@id\":\"http:\/\/mau.hoabinhweb.com\/duocpham2\/chinh-sach-xu-ly-khieu-nai\/#breadcrumb\"},\"inLanguage\":\"vi\",\"potentialAction\":[{\"@type\":\"ReadAction\",\"target\":[\"http:\/\/mau.hoabinhweb.com\/duocpham2\/chinh-sach-xu-ly-khieu-nai\/\"]}]},{\"@type\":\"BreadcrumbList\",\"@id\":\"http:\/\/mau.hoabinhweb.com\/duocpham2\/chinh-sach-xu-ly-khieu-nai\/#breadcrumb\",\"itemListElement\":[{\"@type\":\"ListItem\",\"position\":1,\"name\":\"Trang ch\u1ee7\",\"item\":\"http:\/\/mau.hoabinhweb.com\/duocpham2\/\"},{\"@type\":\"ListItem\",\"position\":2,\"name\":\"Ch\u00ednh s\u00e1ch x\u1eed l\u00fd khi\u1ebfu n\u1ea1i\"}]},{\"@type\":\"WebSite\",\"@id\":\"http:\/\/mau.hoabinhweb.com\/duocpham2\/#website\",\"url\":\"http:\/\/mau.hoabinhweb.com\/duocpham2\/\",\"name\":\"Namvim\",\"description\":\"\",\"potentialAction\":[{\"@type\":\"SearchAction\",\"target\":{\"@type\":\"EntryPoint\",\"urlTemplate\":\"http:\/\/mau.hoabinhweb.com\/duocpham2\/?s={search_term_string}\"},\"query-input\":\"required name=search_term_string\"}],\"inLanguage\":\"vi\"}]}<\/script>\n<!-- \/ Yoast SEO plugin. -->","yoast_head_json":{"title":"Ch\u00ednh s\u00e1ch x\u1eed l\u00fd khi\u1ebfu n\u1ea1i - Namvim","robots":{"index":"noindex","follow":"follow","max-snippet":"max-snippet:-1","max-image-preview":"max-image-preview:large","max-video-preview":"max-video-preview:-1"},"og_locale":"vi_VN","og_type":"article","og_title":"Ch\u00ednh s\u00e1ch x\u1eed l\u00fd khi\u1ebfu n\u1ea1i - Namvim","og_description":"Ti\u1ebfp nh\u1eadn m\u1ecdi khi\u1ebfu n\u1ea1i c\u1ee7a kh\u00e1ch h\u00e0ng li\u00ean quan \u0111\u1ebfn vi\u1ec7c mua s\u1ea3n ph\u1ea9m c\u1ee7a website https:\/\/namvim.com. T\u1ea5t c\u1ea3 m\u1ecdi tr\u01b0\u1eddng h\u01a1p \u0111\u1ed5i tr\u1ea3 v\u00e0 ch\u0103m s\u00f3c kh\u00e1ch h\u00e0ng, ng\u01b0\u1eddi mua c\u00f3 th\u1ec3 li\u00ean h\u1ec7 v\u1edbi website https:\/\/namvim.com theo nh\u1eefng th\u00f4ng tin \u0111\u01b0\u1ee3c ni\u00eam y\u1ebft c\u00f4ng khai tr\u00ean website. Th\u1eddi gian gi\u1ea3i quy\u1ebft khi\u1ebfu","og_url":"http:\/\/mau.hoabinhweb.com\/duocpham2\/chinh-sach-xu-ly-khieu-nai\/","og_site_name":"Namvim","twitter_card":"summary_large_image","schema":{"@context":"https:\/\/schema.org","@graph":[{"@type":"WebPage","@id":"http:\/\/mau.hoabinhweb.com\/duocpham2\/chinh-sach-xu-ly-khieu-nai\/","url":"http:\/\/mau.hoabinhweb.com\/duocpham2\/chinh-sach-xu-ly-khieu-nai\/","name":"Ch\u00ednh s\u00e1ch x\u1eed l\u00fd khi\u1ebfu n\u1ea1i - Namvim","isPartOf":{"@id":"http:\/\/mau.hoabinhweb.com\/duocpham2\/#website"},"datePublished":"2022-09-15T01:32:19+00:00","dateModified":"2022-09-15T01:32:19+00:00","breadcrumb":{"@id":"http:\/\/mau.hoabinhweb.com\/duocpham2\/chinh-sach-xu-ly-khieu-nai\/#breadcrumb"},"inLanguage":"vi","potentialAction":[{"@type":"ReadAction","target":["http:\/\/mau.hoabinhweb.com\/duocpham2\/chinh-sach-xu-ly-khieu-nai\/"]}]},{"@type":"BreadcrumbList","@id":"http:\/\/mau.hoabinhweb.com\/duocpham2\/chinh-sach-xu-ly-khieu-nai\/#breadcrumb","itemListElement":[{"@type":"ListItem","position":1,"name":"Trang ch\u1ee7","item":"http:\/\/mau.hoabinhweb.com\/duocpham2\/"},{"@type":"ListItem","position":2,"name":"Ch\u00ednh s\u00e1ch x\u1eed l\u00fd khi\u1ebfu n\u1ea1i"}]},{"@type":"WebSite","@id":"http:\/\/mau.hoabinhweb.com\/duocpham2\/#website","url":"http:\/\/mau.hoabinhweb.com\/duocpham2\/","name":"Namvim","description":"","potentialAction":[{"@type":"SearchAction","target":{"@type":"EntryPoint","urlTemplate":"http:\/\/mau.hoabinhweb.com\/duocpham2\/?s={search_term_string}"},"query-input":"required name=search_term_string"}],"inLanguage":"vi"}]}},"_links":{"self":[{"href":"http:\/\/mau.hoabinhweb.com\/duocpham2\/wp-json\/wp\/v2\/pages\/486","targetHints":{"allow":["GET"]}}],"collection":[{"href":"http:\/\/mau.hoabinhweb.com\/duocpham2\/wp-json\/wp\/v2\/pages"}],"about":[{"href":"http:\/\/mau.hoabinhweb.com\/duocpham2\/wp-json\/wp\/v2\/types\/page"}],"author":[{"embeddable":true,"href":"http:\/\/mau.hoabinhweb.com\/duocpham2\/wp-json\/wp\/v2\/users\/1"}],"replies":[{"embeddable":true,"href":"http:\/\/mau.hoabinhweb.com\/duocpham2\/wp-json\/wp\/v2\/comments?post=486"}],"version-history":[{"count":1,"href":"http:\/\/mau.hoabinhweb.com\/duocpham2\/wp-json\/wp\/v2\/pages\/486\/revisions"}],"predecessor-version":[{"id":495,"href":"http:\/\/mau.hoabinhweb.com\/duocpham2\/wp-json\/wp\/v2\/pages\/486\/revisions\/495"}],"wp:attachment":[{"href":"http:\/\/mau.hoabinhweb.com\/duocpham2\/wp-json\/wp\/v2\/media?parent=486"}],"curies":[{"name":"wp","href":"https:\/\/api.w.org\/{rel}","templated":true}]}}