{"id":484,"date":"2022-09-15T08:31:36","date_gmt":"2022-09-15T01:31:36","guid":{"rendered":"https:\/\/mau.hoabinhweb.com\/duocpham2\/?page_id=484"},"modified":"2022-09-15T08:31:36","modified_gmt":"2022-09-15T01:31:36","slug":"chinh-sach-bao-ve-thong-tin-ca-nhan","status":"publish","type":"page","link":"http:\/\/mau.hoabinhweb.com\/duocpham2\/chinh-sach-bao-ve-thong-tin-ca-nhan\/","title":{"rendered":"Ch\u00ednh s\u00e1ch b\u1ea3o v\u1ec7 th\u00f4ng tin c\u00e1 nh\u00e2n"},"content":{"rendered":"<p><strong>NAM VIM<\/strong>\u00a0cam k\u1ebft s\u1ebd b\u1ea3o m\u1eadt nh\u1eefng th\u00f4ng tin mang t\u00ednh ri\u00eang t\u01b0 c\u1ee7a kh\u00e1ch h\u00e0ng. Qu\u00fd kh\u00e1ch vui l\u00f2ng \u0111\u1ecdc \u201cCh\u00ednh s\u00e1ch b\u1ea3o b\u1ea3o v\u1ec7 th\u00f4ng tin c\u00e1 nh\u00e2n\u201d d\u01b0\u1edbi \u0111\u00e2y tr\u01b0\u1edbc khi truy c\u1eadp nh\u1eefng n\u1ed9i dung kh\u00e1c \u0111\u1ec3 hi\u1ec3u h\u01a1n nh\u1eefng cam k\u1ebft m\u00e0 ch\u00fang t\u00f4i th\u1ef1c hi\u1ec7n, nh\u1eb1m t\u00f4n tr\u1ecdng v\u00e0 b\u1ea3o v\u1ec7 quy\u1ec1n l\u1ee3i c\u1ee7a ng\u01b0\u1eddi truy c\u1eadp:<\/p>\n<ol>\n<li><strong> THU TH\u1eacP TH\u00d4NG TIN C\u00c1 NH\u00c2N:<\/strong><\/li>\n<\/ol>\n<p>&#8211; C\u00e1c th\u00f4ng tin thu th\u1eadp s\u1ebd gi\u00fap ch\u00fang t\u00f4i:<\/p>\n<ul>\n<li>H\u1ed7 tr\u1ee3 kh\u00e1ch h\u00e0ng khi mua s\u1ea3n ph\u1ea9m.<\/li>\n<li>Gi\u1ea3i \u0111\u00e1p th\u1eafc m\u1eafc kh\u00e1ch h\u00e0ng.<\/li>\n<li>Cung c\u1ea5p cho qu\u00fd kh\u00e1ch th\u00f4ng tin m\u1edbi nh\u1ea5t c\u1ee7a ch\u00fang t\u00f4i.<\/li>\n<li>Xem x\u00e9t v\u00e0 n\u00e2ng c\u1ea5p ch\u1ea5t l\u01b0\u1ee3ng s\u1ea3n ph\u1ea9m v\u00e0 d\u1ecbch v\u1ee5 c\u1ee7a ch\u00fang t\u00f4i<\/li>\n<li>Th\u1ef1c hi\u1ec7n c\u00e1c ho\u1ea1t \u0111\u1ed9ng qu\u1ea3ng b\u00e1 li\u00ean quan \u0111\u1ebfn c\u00e1c s\u1ea3n ph\u1ea9m v\u00e0 d\u1ecbch v\u1ee5 c\u1ee7a\u00a0<strong>NAM VIM<\/strong>.<\/li>\n<\/ul>\n<p>&#8211; \u0110\u1ec3 truy c\u1eadp v\u00e0 s\u1eed d\u1ee5ng m\u1ed9t s\u1ed1 d\u1ecbch v\u1ee5 t\u1ea1i website v\u00e0 \u1ee9ng d\u1ee5ng c\u1ee7a ch\u00fang t\u00f4i, qu\u00fd kh\u00e1ch c\u00f3 th\u1ec3 s\u1ebd \u0111\u01b0\u1ee3c y\u00eau c\u1ea7u \u0111\u0103ng k\u00fd v\u1edbi ch\u00fang t\u00f4i th\u00f4ng tin c\u00e1 nh\u00e2n (H\u1ecd t\u00ean, S\u1ed1 \u0111i\u1ec7n tho\u1ea1i li\u00ean l\u1ea1c, Email\u2026). M\u1ecdi th\u00f4ng tin khai b\u00e1o ph\u1ea3i \u0111\u1ea3m b\u1ea3o t\u00ednh ch\u00ednh x\u00e1c v\u00e0 h\u1ee3p ph\u00e1p.\u00a0<strong>NAM VIM<\/strong>\u00a0kh\u00f4ng ch\u1ecbu m\u1ecdi tr\u00e1ch nhi\u1ec7m li\u00ean quan \u0111\u1ebfn ph\u00e1p lu\u1eadt c\u1ee7a th\u00f4ng tin khai b\u00e1o.<\/p>\n<p>&#8211; Ch\u00fang t\u00f4i c\u0169ng c\u00f3 th\u1ec3 thu th\u1eadp th\u00f4ng tin v\u1ec1 s\u1ed1 l\u1ea7n gh\u00e9 th\u0103m, bao g\u1ed3m s\u1ed1 trang qu\u00fd kh\u00e1ch xem, s\u1ed1 li\u00ean k\u1ebft (links) qu\u00fd kh\u00e1ch click v\u00e0 nh\u1eefng th\u00f4ng tin kh\u00e1c li\u00ean quan \u0111\u1ebfn vi\u1ec7c k\u1ebft n\u1ed1i \u0111\u1ebfn\u00a0<strong>NAM VIM<\/strong>. Ch\u00fang t\u00f4i c\u0169ng thu th\u1eadp c\u00e1c th\u00f4ng tin m\u00e0 tr\u00ecnh duy\u1ec7t web (browser) qu\u00fd kh\u00e1ch s\u1eed d\u1ee5ng m\u1ed7i khi truy c\u1eadp v\u00e0o\u00a0<strong>NAM VIM<\/strong>, bao g\u1ed3m: \u0111\u1ecba ch\u1ec9 IP, lo\u1ea1i browser, ng\u00f4n ng\u1eef s\u1eed d\u1ee5ng, th\u1eddi gian v\u00e0 nh\u1eefng \u0111\u1ecba ch\u1ec9 m\u00e0 browser truy xu\u1ea5t \u0111\u1ebfn.<\/p>\n<ol start=\"2\">\n<li><strong> S\u1eec D\u1ee4NG TH\u00d4NG TIN C\u00c1 NH\u00c2N:<\/strong><\/li>\n<\/ol>\n<p>&#8211;\u00a0<strong>NAM VIM<\/strong>\u00a0thu th\u1eadp v\u00e0 s\u1eed d\u1ee5ng th\u00f4ng tin c\u00e1 nh\u00e2n qu\u00fd kh\u00e1ch v\u1edbi m\u1ee5c \u0111\u00edch ph\u00f9 h\u1ee3p v\u00e0 ho\u00e0n to\u00e0n tu\u00e2n th\u1ee7 n\u1ed9i dung c\u1ee7a \u201cCh\u00ednh s\u00e1ch b\u1ea3o b\u1ea3o v\u1ec7 th\u00f4ng tin c\u00e1 nh\u00e2n\u201d n\u00e0y.<\/p>\n<p>&#8211; Khi c\u1ea7n thi\u1ebft, ch\u00fang t\u00f4i c\u00f3 th\u1ec3 s\u1eed d\u1ee5ng nh\u1eefng th\u00f4ng tin n\u00e0y \u0111\u1ec3 li\u00ean h\u1ec7 tr\u1ef1c ti\u1ebfp v\u1edbi qu\u00fd kh\u00e1ch d\u01b0\u1edbi c\u00e1c h\u00ecnh th\u1ee9c nh\u01b0 email, \u0111i\u1ec7n tho\u1ea1i, tin nh\u1eafn\u2026 Qu\u00fd kh\u00e1ch c\u0169ng c\u00f3 th\u1ec3 nh\u1eadn \u0111\u01b0\u1ee3c email cung c\u1ea5p th\u00f4ng tin s\u1ea3n ph\u1ea9m, d\u1ecbch v\u1ee5 m\u1edbi, th\u00f4ng tin v\u1ec1 c\u00e1c s\u1ef1 ki\u1ec7n s\u1eafp t\u1edbi ho\u1eb7c th\u00f4ng tin tuy\u1ec3n d\u1ee5ng\u2026 n\u1ebfu qu\u00fd kh\u00e1ch \u0111\u0103ng k\u00fd nh\u1eadn email th\u00f4ng b\u00e1o.<\/p>\n<ol start=\"3\">\n<li><strong> CHIA S\u1eba TH\u00d4NG TIN C\u00c1 NH\u00c2N:<\/strong><\/li>\n<\/ol>\n<p>&#8211; Ngo\u1ea1i tr\u1eeb c\u00e1c tr\u01b0\u1eddng h\u1ee3p v\u1ec1 \u201cS\u1eed d\u1ee5ng th\u00f4ng tin c\u00e1 nh\u00e2n\u201d nh\u01b0 \u0111\u00e3 n\u00eau trong ch\u00ednh s\u00e1ch n\u00e0y, ch\u00fang t\u00f4i cam k\u1ebft s\u1ebd kh\u00f4ng ti\u1ebft l\u1ed9 th\u00f4ng tin c\u00e1 nh\u00e2n qu\u00fd kh\u00e1ch ra ngo\u00e0i.<\/p>\n<p>&#8211; Trong m\u1ed9t s\u1ed1 tr\u01b0\u1eddng h\u1ee3p, ch\u00fang t\u00f4i c\u00f3 th\u1ec3 thu\u00ea m\u1ed9t \u0111\u01a1n v\u1ecb \u0111\u1ed9c l\u1eadp \u0111\u1ec3 ti\u1ebfn h\u00e0nh c\u00e1c d\u1ef1 \u00e1n nghi\u00ean c\u1ee9u th\u1ecb tr\u01b0\u1eddng v\u00e0 khi \u0111\u00f3 th\u00f4ng tin c\u1ee7a qu\u00fd kh\u00e1ch s\u1ebd \u0111\u01b0\u1ee3c cung c\u1ea5p cho \u0111\u01a1n v\u1ecb n\u00e0y \u0111\u1ec3 ti\u1ebfn h\u00e0nh d\u1ef1 \u00e1n. B\u00ean th\u1ee9 ba n\u00e0y s\u1ebd b\u1ecb r\u00e0ng bu\u1ed9c b\u1edfi m\u1ed9t th\u1ecfa thu\u1eadn v\u1ec1 b\u1ea3o m\u1eadt m\u00e0 theo \u0111\u00f3 h\u1ecd ch\u1ec9 \u0111\u01b0\u1ee3c ph\u00e9p s\u1eed d\u1ee5ng nh\u1eefng th\u00f4ng tin \u0111\u01b0\u1ee3c cung c\u1ea5p cho m\u1ee5c \u0111\u00edch ho\u00e0n th\u00e0nh d\u1ef1 \u00e1n.<\/p>\n<p>&#8211; Ch\u00fang t\u00f4i c\u00f3 th\u1ec3 ti\u1ebft l\u1ed9 ho\u1eb7c cung c\u1ea5p th\u00f4ng tin c\u00e1 nh\u00e2n c\u1ee7a qu\u00fd kh\u00e1ch trong c\u00e1c tr\u01b0\u1eddng h\u1ee3p th\u1eadt s\u1ef1 c\u1ea7n thi\u1ebft nh\u01b0 sau: (a) khi c\u00f3 y\u00eau c\u1ea7u c\u1ee7a c\u00e1c c\u01a1 quan ph\u00e1p lu\u1eadt; (b) trong tr\u01b0\u1eddng h\u1ee3p m\u00e0 ch\u00fang t\u00f4i tin r\u1eb1ng \u0111i\u1ec1u \u0111\u00f3 s\u1ebd gi\u00fap ch\u00fang t\u00f4i b\u1ea3o v\u1ec7 quy\u1ec1n l\u1ee3i ch\u00ednh \u0111\u00e1ng c\u1ee7a ch\u00fang t\u00f4i tr\u01b0\u1edbc ph\u00e1p lu\u1eadt; (c) t\u00ecnh hu\u1ed1ng kh\u1ea9n c\u1ea5p v\u00e0 c\u1ea7n thi\u1ebft \u0111\u1ec3 b\u1ea3o v\u1ec7 quy\u1ec1n an to\u00e0n c\u00e1 nh\u00e2n c\u1ee7a\u00a0<strong>NAM VIM<\/strong>.<\/p>\n<ol start=\"4\">\n<li><strong> TRUY XU\u1ea4T TH\u00d4NG TIN C\u00c1 NH\u00c2N:<\/strong><\/li>\n<\/ol>\n<p>B\u1ea5t c\u1ee9 th\u1eddi \u0111i\u1ec3m n\u00e0o qu\u00fd kh\u00e1ch c\u0169ng c\u00f3 th\u1ec3 truy c\u1eadp v\u00e0 ch\u1ec9nh s\u1eeda nh\u1eefng th\u00f4ng tin c\u00e1 nh\u00e2n c\u1ee7a m\u00ecnh theo c\u00e1c li\u00ean k\u1ebft th\u00edch h\u1ee3p m\u00e0 ch\u00fang t\u00f4i cung c\u1ea5p.<\/p>\n<ol start=\"5\">\n<li><strong> B\u1ea2O M\u1eacT TH\u00d4NG TIN C\u00c1 NH\u00c2N:<\/strong><\/li>\n<\/ol>\n<p>&#8211; Khi qu\u00fd kh\u00e1ch g\u1eedi th\u00f4ng tin c\u00e1 nh\u00e2n cho ch\u00fang t\u00f4i, qu\u00fd kh\u00e1ch \u0111\u00e3 \u0111\u1ed3ng \u00fd v\u1edbi c\u00e1c \u0111i\u1ec1u kho\u1ea3n m\u00e0 ch\u00fang t\u00f4i \u0111\u00e3 n\u00eau \u1edf tr\u00ean,\u00a0<strong>NAM VIM<\/strong>\u00a0cam k\u1ebft b\u1ea3o m\u1eadt th\u00f4ng tin c\u00e1 nh\u00e2n c\u1ee7a qu\u00fd kh\u00e1ch b\u1eb1ng m\u1ecdi c\u00e1ch th\u1ee9c c\u00f3 th\u1ec3. Ho\u1ea1t \u0111\u1ed9ng Th\u01b0\u01a1ng m\u1ea1i \u0111i\u1ec7n t\u1eed c\u1ee7a\u00a0<strong>NAM VIM<\/strong>, bao g\u1ed3m vi\u1ec7c \u0111\u1ea3m b\u1ea3o kh\u1ea3 n\u0103ng b\u1ea3o m\u1eadt th\u00f4ng tin c\u1ee7a kh\u00e1ch h\u00e0ng trong qu\u00e1 tr\u00ecnh giao d\u1ecbch \u0111\u00e3 \u0111\u01b0\u1ee3c ch\u1ee9ng nh\u1eadn b\u1edfi B\u1ed9 C\u00f4ng Th\u01b0\u01a1ng.<\/p>\n<p>&#8211;\u00a0<strong>NAM VIM<\/strong>\u00a0c\u0169ng khuy\u1ebfn c\u00e1o qu\u00fd kh\u00e1ch n\u00ean tu\u00e2n th\u1ee7 c\u00e1c nguy\u00ean t\u1eafc sau \u0111\u1ec3 c\u00f3 th\u1ec3 b\u1ea3o v\u1ec7 th\u00f4ng tin c\u00e1 nh\u00e2n c\u1ee7a m\u00ecnh, g\u1ed3m:<\/p>\n<ul>\n<li>Kh\u00f4ng ti\u1ebft l\u1ed9 T\u00ean s\u1eed d\u1ee5ng\/T\u00ean \u0111\u0103ng nh\u1eadp v\u00e0\/ho\u1eb7c M\u1eadt kh\u1ea9u v\u1edbi b\u1ea5t k\u1ef3 ai, vi\u1ebft ho\u1eb7c s\u1eed d\u1ee5ng \u1edf n\u01a1i m\u00e0 m\u1ecdi ng\u01b0\u1eddi c\u00f3 th\u1ec3 nh\u1eadn bi\u1ebft v\u00e0 nh\u00ecn th\u1ea5y \u0111\u01b0\u1ee3c.<\/li>\n<li>Khi ch\u1ecdn m\u1eadt kh\u1ea9u qu\u00fd kh\u00e1ch kh\u00f4ng n\u00ean ch\u1ecdn nh\u1eefng th\u00f4ng tin d\u1ec5 x\u00e1c \u0111\u1ecbnh nh\u01b0 h\u1ecd t\u00ean, ng\u00e0y sinh, s\u1ed1 \u0111i\u1ec7n tho\u1ea1i ho\u1eb7c m\u1ed9t s\u1ed1 k\u00fd t\u1ef1, con s\u1ed1 d\u1ec5 nh\u1eadn bi\u1ebft t\u1eeb t\u00ean, ng\u00e0y sinh, s\u1ed1 \u0111i\u1ec7n tho\u1ea1i c\u1ee7a qu\u00fd kh\u00e1ch.<\/li>\n<li>Tho\u00e1t kh\u1ecfi h\u1ec7 th\u1ed1ng v\u00e0 tr\u00ecnh duy\u1ec7t khi r\u1eddi kh\u1ecfi m\u00e1y t\u00ednh, ngay c\u1ea3 trong th\u1eddi gian ng\u1eafn. N\u1ebfu s\u1eed d\u1ee5ng m\u00e1y t\u00ednh chung nhi\u1ec1u ng\u01b0\u1eddi, qu\u00fd kh\u00e1ch n\u00ean \u0111\u0103ng xu\u1ea5t, ho\u1eb7c tho\u00e1t h\u1ebft t\u1ea5t c\u1ea3 c\u1eeda s\u1ed5 website \u0111ang m\u1edf.<\/li>\n<li>Khi nghi ng\u1edd m\u1eadt kh\u1ea9u \u0111\u00e3 b\u1ecb l\u1ed9, qu\u00fd kh\u00e1ch thay \u0111\u1ed5i m\u1eadt kh\u1ea9u ngay l\u1eadp t\u1ee9c, trong tr\u01b0\u1eddng h\u1ee3p c\u1ea7n thi\u1ebft qu\u00fd kh\u00e1ch l\u1eadp t\u1ee9c th\u00f4ng b\u00e1o v\u00e0 \u0111\u1ec1 ngh\u1ecb \u0111\u01b0\u1ee3c h\u1ed7 tr\u1ee3 t\u1eeb\u00a0<strong>NAM VIM<\/strong>.<\/li>\n<li>Trong tr\u01b0\u1eddng h\u1ee3p c\u00e1c giao d\u1ecbch, h\u00e0nh vi tr\u00e1i ph\u00e1p lu\u1eadt \u0111\u01b0\u1ee3c ti\u1ebfn h\u00e0nh v\u1edbi t\u00e0i kho\u1ea3n ho\u1eb7c th\u00f4ng th\u00f4ng tin c\u00e1 nh\u00e2n c\u1ee7a qu\u00fd kh\u00e1ch m\u00e0 kh\u00f4ng c\u00f3 s\u1ef1 \u1ee7y quy\u1ec1n ho\u1eb7c do s\u1ef1 sai s\u00f3t, v\u00f4 \u00fd ho\u1eb7c c\u1ed1 \u00fd t\u1eeb ph\u00eda qu\u00fd kh\u00e1ch,\u00a0<strong>NAM VIM<\/strong>hi\u1ec3u r\u1eb1ng qu\u00fd kh\u00e1ch s\u1ebd ch\u1ecbu to\u00e0n b\u1ed9 t\u1ed5n th\u1ea5t ho\u1eb7c tr\u00e1ch nhi\u1ec7m theo quy \u0111\u1ecbnh ph\u00e1p lu\u1eadt khi c\u00e1c giao d\u1ecbch \u0111\u00f3 \u0111\u01b0\u1ee3c th\u1ef1c hi\u1ec7n.<\/li>\n<\/ul>","protected":false},"excerpt":{"rendered":"<p>NAM VIM\u00a0cam k\u1ebft s\u1ebd b\u1ea3o m\u1eadt nh\u1eefng th\u00f4ng tin mang t\u00ednh ri\u00eang t\u01b0 c\u1ee7a kh\u00e1ch h\u00e0ng. Qu\u00fd kh\u00e1ch vui l\u00f2ng \u0111\u1ecdc \u201cCh\u00ednh s\u00e1ch b\u1ea3o b\u1ea3o v\u1ec7 th\u00f4ng tin c\u00e1 nh\u00e2n\u201d d\u01b0\u1edbi \u0111\u00e2y tr\u01b0\u1edbc khi truy c\u1eadp nh\u1eefng n\u1ed9i dung kh\u00e1c \u0111\u1ec3 hi\u1ec3u h\u01a1n nh\u1eefng cam k\u1ebft m\u00e0 ch\u00fang t\u00f4i th\u1ef1c hi\u1ec7n, nh\u1eb1m t\u00f4n tr\u1ecdng v\u00e0<\/p>\n","protected":false},"author":1,"featured_media":0,"parent":0,"menu_order":0,"comment_status":"closed","ping_status":"closed","template":"","meta":{"footnotes":""},"class_list":["post-484","page","type-page","status-publish","hentry"],"acf":[],"yoast_head":"<!-- This site is optimized with the Yoast SEO plugin v19.6 - https:\/\/yoast.com\/wordpress\/plugins\/seo\/ -->\n<title>Ch\u00ednh s\u00e1ch b\u1ea3o v\u1ec7 th\u00f4ng tin c\u00e1 nh\u00e2n - Namvim<\/title>\n<meta name=\"robots\" content=\"noindex, follow, max-snippet:-1, max-image-preview:large, max-video-preview:-1\" \/>\n<meta property=\"og:locale\" content=\"vi_VN\" \/>\n<meta property=\"og:type\" content=\"article\" \/>\n<meta property=\"og:title\" content=\"Ch\u00ednh s\u00e1ch b\u1ea3o v\u1ec7 th\u00f4ng tin c\u00e1 nh\u00e2n - Namvim\" \/>\n<meta property=\"og:description\" content=\"NAM VIM\u00a0cam k\u1ebft s\u1ebd b\u1ea3o m\u1eadt nh\u1eefng th\u00f4ng tin mang t\u00ednh ri\u00eang t\u01b0 c\u1ee7a kh\u00e1ch h\u00e0ng. Qu\u00fd kh\u00e1ch vui l\u00f2ng \u0111\u1ecdc \u201cCh\u00ednh s\u00e1ch b\u1ea3o b\u1ea3o v\u1ec7 th\u00f4ng tin c\u00e1 nh\u00e2n\u201d d\u01b0\u1edbi \u0111\u00e2y tr\u01b0\u1edbc khi truy c\u1eadp nh\u1eefng n\u1ed9i dung kh\u00e1c \u0111\u1ec3 hi\u1ec3u h\u01a1n nh\u1eefng cam k\u1ebft m\u00e0 ch\u00fang t\u00f4i th\u1ef1c hi\u1ec7n, nh\u1eb1m t\u00f4n tr\u1ecdng v\u00e0\" \/>\n<meta property=\"og:url\" content=\"http:\/\/mau.hoabinhweb.com\/duocpham2\/chinh-sach-bao-ve-thong-tin-ca-nhan\/\" \/>\n<meta property=\"og:site_name\" content=\"Namvim\" \/>\n<meta name=\"twitter:card\" content=\"summary_large_image\" \/>\n<meta name=\"twitter:label1\" content=\"\u01af\u1edbc t\u00ednh th\u1eddi gian \u0111\u1ecdc\" \/>\n\t<meta name=\"twitter:data1\" content=\"6 ph\u00fat\" \/>\n<script type=\"application\/ld+json\" class=\"yoast-schema-graph\">{\"@context\":\"https:\/\/schema.org\",\"@graph\":[{\"@type\":\"WebPage\",\"@id\":\"http:\/\/mau.hoabinhweb.com\/duocpham2\/chinh-sach-bao-ve-thong-tin-ca-nhan\/\",\"url\":\"http:\/\/mau.hoabinhweb.com\/duocpham2\/chinh-sach-bao-ve-thong-tin-ca-nhan\/\",\"name\":\"Ch\u00ednh s\u00e1ch b\u1ea3o v\u1ec7 th\u00f4ng tin c\u00e1 nh\u00e2n - Namvim\",\"isPartOf\":{\"@id\":\"http:\/\/mau.hoabinhweb.com\/duocpham2\/#website\"},\"datePublished\":\"2022-09-15T01:31:36+00:00\",\"dateModified\":\"2022-09-15T01:31:36+00:00\",\"breadcrumb\":{\"@id\":\"http:\/\/mau.hoabinhweb.com\/duocpham2\/chinh-sach-bao-ve-thong-tin-ca-nhan\/#breadcrumb\"},\"inLanguage\":\"vi\",\"potentialAction\":[{\"@type\":\"ReadAction\",\"target\":[\"http:\/\/mau.hoabinhweb.com\/duocpham2\/chinh-sach-bao-ve-thong-tin-ca-nhan\/\"]}]},{\"@type\":\"BreadcrumbList\",\"@id\":\"http:\/\/mau.hoabinhweb.com\/duocpham2\/chinh-sach-bao-ve-thong-tin-ca-nhan\/#breadcrumb\",\"itemListElement\":[{\"@type\":\"ListItem\",\"position\":1,\"name\":\"Trang ch\u1ee7\",\"item\":\"http:\/\/mau.hoabinhweb.com\/duocpham2\/\"},{\"@type\":\"ListItem\",\"position\":2,\"name\":\"Ch\u00ednh s\u00e1ch b\u1ea3o v\u1ec7 th\u00f4ng tin c\u00e1 nh\u00e2n\"}]},{\"@type\":\"WebSite\",\"@id\":\"http:\/\/mau.hoabinhweb.com\/duocpham2\/#website\",\"url\":\"http:\/\/mau.hoabinhweb.com\/duocpham2\/\",\"name\":\"Namvim\",\"description\":\"\",\"potentialAction\":[{\"@type\":\"SearchAction\",\"target\":{\"@type\":\"EntryPoint\",\"urlTemplate\":\"http:\/\/mau.hoabinhweb.com\/duocpham2\/?s={search_term_string}\"},\"query-input\":\"required name=search_term_string\"}],\"inLanguage\":\"vi\"}]}<\/script>\n<!-- \/ Yoast SEO plugin. -->","yoast_head_json":{"title":"Ch\u00ednh s\u00e1ch b\u1ea3o v\u1ec7 th\u00f4ng tin c\u00e1 nh\u00e2n - Namvim","robots":{"index":"noindex","follow":"follow","max-snippet":"max-snippet:-1","max-image-preview":"max-image-preview:large","max-video-preview":"max-video-preview:-1"},"og_locale":"vi_VN","og_type":"article","og_title":"Ch\u00ednh s\u00e1ch b\u1ea3o v\u1ec7 th\u00f4ng tin c\u00e1 nh\u00e2n - Namvim","og_description":"NAM VIM\u00a0cam k\u1ebft s\u1ebd b\u1ea3o m\u1eadt nh\u1eefng th\u00f4ng tin mang t\u00ednh ri\u00eang t\u01b0 c\u1ee7a kh\u00e1ch h\u00e0ng. Qu\u00fd kh\u00e1ch vui l\u00f2ng \u0111\u1ecdc \u201cCh\u00ednh s\u00e1ch b\u1ea3o b\u1ea3o v\u1ec7 th\u00f4ng tin c\u00e1 nh\u00e2n\u201d d\u01b0\u1edbi \u0111\u00e2y tr\u01b0\u1edbc khi truy c\u1eadp nh\u1eefng n\u1ed9i dung kh\u00e1c \u0111\u1ec3 hi\u1ec3u h\u01a1n nh\u1eefng cam k\u1ebft m\u00e0 ch\u00fang t\u00f4i th\u1ef1c hi\u1ec7n, nh\u1eb1m t\u00f4n tr\u1ecdng v\u00e0","og_url":"http:\/\/mau.hoabinhweb.com\/duocpham2\/chinh-sach-bao-ve-thong-tin-ca-nhan\/","og_site_name":"Namvim","twitter_card":"summary_large_image","twitter_misc":{"\u01af\u1edbc t\u00ednh th\u1eddi gian \u0111\u1ecdc":"6 ph\u00fat"},"schema":{"@context":"https:\/\/schema.org","@graph":[{"@type":"WebPage","@id":"http:\/\/mau.hoabinhweb.com\/duocpham2\/chinh-sach-bao-ve-thong-tin-ca-nhan\/","url":"http:\/\/mau.hoabinhweb.com\/duocpham2\/chinh-sach-bao-ve-thong-tin-ca-nhan\/","name":"Ch\u00ednh s\u00e1ch b\u1ea3o v\u1ec7 th\u00f4ng tin c\u00e1 nh\u00e2n - Namvim","isPartOf":{"@id":"http:\/\/mau.hoabinhweb.com\/duocpham2\/#website"},"datePublished":"2022-09-15T01:31:36+00:00","dateModified":"2022-09-15T01:31:36+00:00","breadcrumb":{"@id":"http:\/\/mau.hoabinhweb.com\/duocpham2\/chinh-sach-bao-ve-thong-tin-ca-nhan\/#breadcrumb"},"inLanguage":"vi","potentialAction":[{"@type":"ReadAction","target":["http:\/\/mau.hoabinhweb.com\/duocpham2\/chinh-sach-bao-ve-thong-tin-ca-nhan\/"]}]},{"@type":"BreadcrumbList","@id":"http:\/\/mau.hoabinhweb.com\/duocpham2\/chinh-sach-bao-ve-thong-tin-ca-nhan\/#breadcrumb","itemListElement":[{"@type":"ListItem","position":1,"name":"Trang ch\u1ee7","item":"http:\/\/mau.hoabinhweb.com\/duocpham2\/"},{"@type":"ListItem","position":2,"name":"Ch\u00ednh s\u00e1ch b\u1ea3o v\u1ec7 th\u00f4ng tin c\u00e1 nh\u00e2n"}]},{"@type":"WebSite","@id":"http:\/\/mau.hoabinhweb.com\/duocpham2\/#website","url":"http:\/\/mau.hoabinhweb.com\/duocpham2\/","name":"Namvim","description":"","potentialAction":[{"@type":"SearchAction","target":{"@type":"EntryPoint","urlTemplate":"http:\/\/mau.hoabinhweb.com\/duocpham2\/?s={search_term_string}"},"query-input":"required name=search_term_string"}],"inLanguage":"vi"}]}},"_links":{"self":[{"href":"http:\/\/mau.hoabinhweb.com\/duocpham2\/wp-json\/wp\/v2\/pages\/484","targetHints":{"allow":["GET"]}}],"collection":[{"href":"http:\/\/mau.hoabinhweb.com\/duocpham2\/wp-json\/wp\/v2\/pages"}],"about":[{"href":"http:\/\/mau.hoabinhweb.com\/duocpham2\/wp-json\/wp\/v2\/types\/page"}],"author":[{"embeddable":true,"href":"http:\/\/mau.hoabinhweb.com\/duocpham2\/wp-json\/wp\/v2\/users\/1"}],"replies":[{"embeddable":true,"href":"http:\/\/mau.hoabinhweb.com\/duocpham2\/wp-json\/wp\/v2\/comments?post=484"}],"version-history":[{"count":1,"href":"http:\/\/mau.hoabinhweb.com\/duocpham2\/wp-json\/wp\/v2\/pages\/484\/revisions"}],"predecessor-version":[{"id":493,"href":"http:\/\/mau.hoabinhweb.com\/duocpham2\/wp-json\/wp\/v2\/pages\/484\/revisions\/493"}],"wp:attachment":[{"href":"http:\/\/mau.hoabinhweb.com\/duocpham2\/wp-json\/wp\/v2\/media?parent=484"}],"curies":[{"name":"wp","href":"https:\/\/api.w.org\/{rel}","templated":true}]}}