{"id":483,"date":"2022-09-15T08:31:15","date_gmt":"2022-09-15T01:31:15","guid":{"rendered":"https:\/\/mau.hoabinhweb.com\/duocpham2\/?page_id=483"},"modified":"2022-09-15T08:31:15","modified_gmt":"2022-09-15T01:31:15","slug":"chinh-sach-bao-hanh","status":"publish","type":"page","link":"http:\/\/mau.hoabinhweb.com\/duocpham2\/chinh-sach-bao-hanh\/","title":{"rendered":"Ch\u00ednh s\u00e1ch b\u1ea3o h\u00e0nh"},"content":{"rendered":"<ol>\n<li><strong> M\u1ee5c \u0111\u00edch<\/strong><\/li>\n<\/ol>\n<p>&#8211; \u0110\u1ea3m b\u1ea3o quy\u1ec1n l\u1ee3i v\u00e0 l\u1ee3i \u00edch c\u1ee7a kh\u00e1ch h\u00e0ng trong vi\u1ec7c s\u1eed d\u1ee5ng c\u00e1c s\u1ea3n ph\u1ea9m c\u1ee7a NAM VIM,<\/p>\n<p>&#8211; \u0110\u1ea3m b\u1ea3o h\u00e0ng h\u00f3a c\u1ee7a ch\u00fang t\u00f4i kh\u00f4ng b\u1ecb suy gi\u1ea3m gi\u00e1 tr\u1ecb khi ph\u00e1t sinh s\u1ef1 c\u1ed1 ph\u1ea3i th\u1ef1c hi\u1ec7n b\u1ea3o h\u00e0nh.<\/p>\n<p>&#8211; B\u1ea3o h\u00e0nh s\u1ea3n ph\u1ea9m: Kh\u1eafc ph\u1ee5c nh\u1eefng l\u1ed7i h\u1ecfng h\u00f3c, s\u1ef1 c\u1ed1 k\u1ef9 thu\u1eadt x\u1ea3y ra do l\u1ed7i c\u1ee7a nh\u00e0 s\u1ea3n xu\u1ea5t.<\/p>\n<p>&#8211; B\u1ea3o tr\u00ec, b\u1ea3o d\u01b0\u1ee1ng: Bao g\u1ed3m lau ch\u00f9i v\u1ec7 sinh s\u1ea3n ph\u1ea9m, ki\u1ec3m tra h\u1ec7 th\u1ed1ng, s\u1eeda ch\u1eefa nh\u1eefng h\u1ecfng h\u00f3c nh\u1ecf c\u00f3 th\u1ec3 s\u1eeda \u0111\u01b0\u1ee3c (kh\u00f4ng bao g\u1ed3m thay th\u1ebf thi\u1ebft b\u1ecb). Th\u1eddi gian v\u00e0 chi ph\u00ed (n\u1ebfu c\u00f3) b\u1ea3o tr\u00ec, b\u1ea3o d\u01b0\u1ee1ng t\u00f9y thu\u1ed9c v\u00e0o s\u1ef1 th\u1ecfa thu\u1eadn gi\u1eefa NAM VIM v\u00e0 Qu\u00fd kh\u00e1ch h\u00e0ng.<\/p>\n<ol start=\"2\">\n<li><strong> Ph\u1ea1m vi \u00e1p d\u1ee5ng<\/strong><\/li>\n<\/ol>\n<p>T\u1ea5t c\u1ea3 c\u00e1c s\u1ea3n ph\u1ea9m do NAM VIM cung c\u1ea5p kh\u00f4ng vi ph\u1ea1m \u0111i\u1ec1u ki\u1ec7n v\u00e0 ch\u00ednh s\u00e1ch b\u1ea3o h\u00e0nh c\u1ee7a t\u1eebng h\u00e3ng.<\/p>\n<ol start=\"3\">\n<li><strong> N\u1ed9i dung<\/strong><\/li>\n<\/ol>\n<p>Qu\u00fd kh\u00e1ch \u0111\u01b0\u1ee3c b\u1ea3o h\u00e0nh mi\u1ec5n ph\u00ed c\u00e1c s\u1ea3n ph\u1ea9m, thi\u1ebft b\u1ecb do NAM VIM cung c\u1ea5p n\u1ebfu \u0111\u00e1p \u1ee9ng \u0111\u1ea7y \u0111\u1ee7 c\u00e1c \u0111i\u1ec1u ki\u1ec7n b\u1ea3o h\u00e0nh nh\u01b0 sau:<\/p>\n<table width=\"604\">\n<tbody>\n<tr>\n<td width=\"94\"><strong>Th\u1eddi gian<\/strong><\/td>\n<td width=\"113\"><strong>D\u01b0\u1edbi 06 th\u00e1ng<\/strong><\/td>\n<td width=\"217\"><strong>06 th\u00e1ng &#8211; 01 n\u0103m<\/strong><\/td>\n<td width=\"180\"><strong>Tr\u00ean 01 n\u0103m<\/strong><\/td>\n<\/tr>\n<tr>\n<td width=\"94\">Chi ti\u1ebft n\u1ed9i dung B\u1ea3o h\u00e0nh<\/td>\n<td width=\"113\">Qu\u00fd kh\u00e1ch s\u1ebd \u0111\u01b0\u1ee3c \u0111\u1ed5i ngay m\u1ed9t s\u1ea3n ph\u1ea9m m\u1edbi kh\u00e1c.<\/td>\n<td width=\"217\">Qu\u00fd kh\u00e1ch s\u1ebd \u0111\u01b0\u1ee3c \u0111\u1ed5i m\u1ed9t s\u1ea3n ph\u1ea9m, thi\u1ebft b\u1ecb kh\u00e1c t\u01b0\u01a1ng \u0111\u01b0\u01a1ng.\n<p>\u0110\u1ed1i v\u1edbi s\u1ea3n ph\u1ea9m, thi\u1ebft b\u1ecb t\u00ednh t\u1eeb th\u1eddi \u0111i\u1ec3m mua \u0111\u1ebfn th\u1eddi \u0111i\u1ec3m y\u00eau c\u1ea7u b\u1ea3o h\u00e0nh c\u00f3 th\u1eddi h\u1ea1n<\/p><\/td>\n<td width=\"180\">Qu\u00fd kh\u00e1ch s\u1ebd \u0111\u01b0\u1ee3c m\u01b0\u1ee3n m\u1ed9t s\u1ea3n ph\u1ea9m, thi\u1ebft b\u1ecb kh\u00e1c d\u00f9ng thay th\u1ebf trong khi ch\u1edd NAM VIM l\u00e0m th\u1ee7 t\u1ee5c b\u1ea3o h\u00e0nh v\u1edbi c\u00e1c nh\u00e0 cung c\u1ea5p.<\/td>\n<\/tr>\n<\/tbody>\n<\/table>\n<p>\u0110\u1ed1i v\u1edbi nh\u1eefng s\u1ea3n ph\u1ea9m kh\u00e1ch h\u00e0ng c\u00f3 y\u00eau c\u1ea7u k\u00e9o d\u00e0i th\u00eam th\u1eddi gian b\u1ea3o h\u00e0nh h\u01a1n n\u1eefa so v\u1edbi th\u1eddi gian b\u1ea3o h\u00e0nh ti\u00eau chu\u1ea9n NAM VIM s\u1ebd thu ph\u00ed theo th\u1ecfa thu\u1eadn cho t\u1eebng s\u1ea3n ph\u1ea9m c\u1ee5 th\u1ec3.<\/p>\n<p><strong><em>Quy tr\u00ecnh b\u1ea3o h\u00e0nh<\/em><\/strong><\/p>\n<p>+ B\u1ea3o h\u00e0nh c\u00e1c thi\u1ebft b\u1ecb tin h\u1ecdc l\u00e0 kh\u1eafc ph\u1ee5c nh\u1eefng l\u1ed7i h\u1ecfng h\u00f3c, s\u1ef1 c\u1ed1 k\u1ef9 thu\u1eadt x\u1ea3y ra do l\u1ed7i c\u1ee7a nh\u00e0 cung c\u1ea5p.<\/p>\n<p>+ Trong qu\u00e1 tr\u00ecnh v\u1eadn h\u00e0nh, khi g\u1eb7p s\u1ef1 c\u1ed1 y\u00eau c\u1ea7u Qu\u00fd kh\u00e1ch li\u00ean h\u1ec7 v\u1edbi B\u1ed9 ph\u1eadn b\u1ea3o h\u00e0nh c\u1ee7a NAM VIM \u0111\u1ec3 \u0111\u01b0\u1ee3c tr\u1ee3 gi\u00fap.<\/p>\n<p>+ N\u1ebfu s\u1ef1 c\u1ed1 g\u1eb7p ph\u1ea3i l\u00e0 do thao t\u00e1c kh\u00f4ng \u0111\u00fang k\u1ef9 thu\u1eadt hay v\u1eadn h\u00e0nh kh\u00f4ng \u0111\u00fang quy tr\u00ecnh s\u1ebd \u0111\u01b0\u1ee3c k\u1ef9 thu\u1eadt vi\u00ean c\u1ee7a NAM VIM h\u01b0\u1edbng d\u1eabn thao t\u00e1c, v\u1eadn h\u00e0nh l\u1ea1i.<\/p>\n<p>+ N\u1ebfu s\u1ef1 c\u1ed1 g\u1eb7p ph\u1ea3i kh\u00f4ng kh\u1eafc ph\u1ee5c \u0111\u01b0\u1ee3c ngay NAM VIM s\u1ebd c\u1eed K\u1ef9 thu\u1eadt vi\u00ean \u0111\u1ebfn ki\u1ec3m tra l\u1ea1i thi\u1ebft b\u1ecb, s\u1ea3n ph\u1ea9m v\u00e0 kh\u1eafc ph\u1ee5c t\u1ea1i ch\u1ed7 cho Qu\u00fd kh\u00e1ch (D\u1ecbch v\u1ee5 kh\u1eafc ph\u1ee5c t\u1ea1i ch\u1ed7 l\u00e0 kh\u00f4ng b\u1eaft bu\u1ed9c v\u1edbi NAM VIM, tuy nhi\u00ean NAM VIM s\u1ebd th\u1ef1c hi\u1ec7n n\u1ebfu c\u00f3 th\u1ec3 nh\u1eb1m h\u1ed7 tr\u1ee3 kh\u00e1ch h\u00e0ng t\u1ed1t nh\u1ea5t).<\/p>\n<p>+ N\u1ebfu kh\u00f4ng th\u1ec3 kh\u1eafc ph\u1ee5c \u0111\u01b0\u1ee3c ngay s\u1ef1 c\u1ed1, NAM VIM s\u1ebd nh\u1eadn l\u1ea1i thi\u1ebft b\u1ecb, s\u1ea3n ph\u1ea9m v\u00e0 giao cho Qu\u00fd kh\u00e1ch m\u1ed9t s\u1ea3n ph\u1ea9m kh\u00e1c theo c\u00e1c quy \u0111\u1ecbnh t\u1ea1i\u00a0<em>M\u1ee5c 1:C\u00e1c \u01b0u \u0111\u00e3i b\u1ea3o h\u00e0nh<\/em>.<\/p>\n<p>+ Trong tr\u01b0\u1eddng h\u1ee3p K\u1ef9 thu\u1eadt vi\u00ean c\u1ee7a NAM VIM kh\u00f4ng th\u1ec3 \u0111\u1ebfn t\u1eadn n\u01a1i \u0111\u01b0\u1ee3c r\u1ea5t mong Qu\u00fd kh\u00e1ch tr\u1ef1c ti\u1ebfp mang thi\u1ebft b\u1ecb, s\u1ea3n ph\u1ea9m \u0111\u1ebfn c\u00f4ng ty \u0111\u1ec3 \u0111\u01b0\u1ee3c b\u1ea3o h\u00e0nh.<\/p>\n<p><em>NAM VIM cam k\u1ebft tr\u1ea3 s\u1ea3n ph\u1ea9m, thi\u1ebft b\u1ecb b\u1ea3o h\u00e0nh cho Qu\u00fd kh\u00e1ch trong th\u1eddi gian ng\u1eafn nh\u1ea5t (V\u1edbi s\u1ea3n ph\u1ea9m th\u00f4ng th\u01b0\u1eddng l\u00e0 30 ng\u00e0y, v\u1edbi s\u1ea3n ph\u1ea9m chuy\u00ean d\u1ee5ng l\u00e0 45 ng\u00e0y)<\/em><\/p>\n<ul>\n<li><strong>Nh\u1eefng tr\u01b0\u1eddng h\u1ee3p kh\u00f4ng \u0111\u01b0\u1ee3c b\u1ea3o h\u00e0nh<\/strong><\/li>\n<\/ul>\n<p>+ S\u1ea3n ph\u1ea9m, thi\u1ebft b\u1ecb \u0111\u00e3 h\u1ebft h\u1ea1n b\u1ea3o h\u00e0nh: \u0110\u1ed1i v\u1edbi nh\u1eefng s\u1ea3n ph\u1ea9m thi\u1ebft b\u1ecb \u0111\u00e3 h\u1ebft h\u1ea1n b\u1ea3o h\u00e0nh, Qu\u00fd kh\u00e1ch ph\u1ea3i ch\u1ecbu m\u1ecdi chi ph\u00ed s\u1eeda ch\u1eefa, thay th\u1ebf thi\u1ebft b\u1ecb. NAM VIM s\u1ebd th\u00f4ng b\u00e1o cho kh\u00e1ch h\u00e0ng c\u00e1c chi ph\u00ed li\u00ean quan tr\u01b0\u1edbc khi th\u1ef1c hi\u1ec7n vi\u1ec7c s\u1eeda ch\u1eefa v\u00e0 kh\u00e1ch h\u00e0ng ph\u1ea3i c\u00f3 x\u00e1c nh\u1eadn c\u1ee7a ng\u01b0\u1eddi c\u00f3 th\u1ea9m quy\u1ec1n v\u00e0o th\u00f4ng b\u00e1o c\u1ee7a NAM VIM.<\/p>\n<p>+ Chi ph\u00ed s\u1eeda ch\u1eefa, thay th\u1ebf s\u1ebd theo b\u1ea3ng gi\u00e1, bi\u1ec3u gi\u00e1 do NAM VIM ban h\u00e0nh.<\/p>\n<p>+ NAM VIM kh\u00f4ng ch\u1ecbu tr\u00e1ch nhi\u1ec7m \u0111\u1ed1i v\u1edbi nh\u1eefng l\u1ed7i sau c\u1ee7a s\u1ea3n ph\u1ea9m:<\/p>\n<ul>\n<li>S\u1ed1 seri tr\u00ean thi\u1ebft b\u1ecb kh\u00f4ng x\u00e1c \u0111\u1ecbnh \u0111\u01b0\u1ee3c ho\u1eb7c sai so v\u1edbi Phi\u1ebfu b\u1ea3o h\u00e0nh.<\/li>\n<li>C\u00e1c ph\u1ea7n m\u1ec1m cung c\u1ea5p mi\u1ec5n ph\u00ed k\u00e8m theo thi\u1ebft b\u1ecb, s\u1ea3n ph\u1ea9m.<\/li>\n<li>Kh\u00f4ng c\u00f3 Phi\u1ebfu b\u1ea3o h\u00e0nh, ho\u1eb7c Phi\u1ebfu b\u1ea3o h\u00e0nh b\u1ecb r\u00e1ch r\u1eddi, ch\u1eafp v\u00e1, t\u1ea9y xo\u00e1;<\/li>\n<li>Tem b\u1ea3o h\u00e0nh kh\u00f4ng c\u00f2n nguy\u00ean v\u1eb9n, b\u1ecb r\u00e1ch, v\u1ee1 ho\u1eb7c b\u1ecb d\u00e1n \u0111\u00e8 l\u00ean, ng\u00e0y ghi tr\u00ean tem b\u1ecb s\u1eeda \u0111\u1ed5i.<\/li>\n<li>Qu\u00fd kh\u00e1ch t\u1ef1 \u00fd th\u00e1o d\u1ee1, s\u1eeda ch\u1eefa.<\/li>\n<li>Thi\u1ebft b\u1ecb, s\u1ea3n ph\u1ea9m b\u1ecb h\u1ecfng do t\u00e1c \u0111\u1ed9ng c\u1ee7a l\u1ef1c c\u01a1 h\u1ecdc l\u00e0m cho bi\u1ebfn d\u1ea1ng, r\u01a1i v\u1ee1; b\u1ecb x\u01b0\u1edbc.<\/li>\n<li>Thi\u1ebft b\u1ecb s\u1ea3n ph\u1ea9m b\u1ecb h\u1ecfng do \u1ea9m \u01b0\u1edbt, hoen r\u1ec9, ch\u1ea3y n\u01b0\u1edbc ho\u1eb7c b\u1ecb \u0111\u1ed9ng v\u1eadt x\u00e2m nh\u1eadp v\u00e0o.<\/li>\n<li>Thi\u1ebft b\u1ecb, s\u1ea3n ph\u1ea9m b\u1ecb h\u1ecfng do thi\u00ean tai, ho\u1ea3 ho\u1ea1n, ch\u00e1y n\u1ed5, bao g\u1ed3m c\u1ea3 ch\u00e1y n\u1ed5 do qu\u1ea1t b\u1ecb h\u1ecfng g\u00e2y ra. C\u00e1c thi\u1ebft b\u1ecb, s\u1ea3n ph\u1ea9m b\u1ecb h\u1ecfng do Qu\u00fd kh\u00e1ch s\u1eed d\u1ee5ng sai quy \u0111\u1ecbnh v\u1ec1 \u0111i\u1ec7n \u00e1p ho\u1eb7c do c\u1ed1 \u00fd l\u00e0m h\u1ecfng.<\/li>\n<\/ul>\n","protected":false},"excerpt":{"rendered":"<p>M\u1ee5c \u0111\u00edch &#8211; \u0110\u1ea3m b\u1ea3o quy\u1ec1n l\u1ee3i v\u00e0 l\u1ee3i \u00edch c\u1ee7a kh\u00e1ch h\u00e0ng trong vi\u1ec7c s\u1eed d\u1ee5ng c\u00e1c s\u1ea3n ph\u1ea9m c\u1ee7a NAM VIM, &#8211; \u0110\u1ea3m b\u1ea3o h\u00e0ng h\u00f3a c\u1ee7a ch\u00fang t\u00f4i kh\u00f4ng b\u1ecb suy gi\u1ea3m gi\u00e1 tr\u1ecb khi ph\u00e1t sinh s\u1ef1 c\u1ed1 ph\u1ea3i th\u1ef1c hi\u1ec7n b\u1ea3o h\u00e0nh. &#8211; B\u1ea3o h\u00e0nh s\u1ea3n ph\u1ea9m: Kh\u1eafc ph\u1ee5c nh\u1eefng<\/p>\n","protected":false},"author":1,"featured_media":0,"parent":0,"menu_order":0,"comment_status":"closed","ping_status":"closed","template":"","meta":{"footnotes":""},"class_list":["post-483","page","type-page","status-publish","hentry"],"acf":[],"yoast_head":"<!-- This site is optimized with the Yoast SEO plugin v19.6 - https:\/\/yoast.com\/wordpress\/plugins\/seo\/ -->\n<title>Ch\u00ednh s\u00e1ch b\u1ea3o h\u00e0nh - Namvim<\/title>\n<meta name=\"robots\" content=\"noindex, follow, max-snippet:-1, max-image-preview:large, max-video-preview:-1\" \/>\n<meta property=\"og:locale\" content=\"vi_VN\" \/>\n<meta property=\"og:type\" content=\"article\" \/>\n<meta property=\"og:title\" content=\"Ch\u00ednh s\u00e1ch b\u1ea3o h\u00e0nh - Namvim\" \/>\n<meta property=\"og:description\" content=\"M\u1ee5c \u0111\u00edch &#8211; \u0110\u1ea3m b\u1ea3o quy\u1ec1n l\u1ee3i v\u00e0 l\u1ee3i \u00edch c\u1ee7a kh\u00e1ch h\u00e0ng trong vi\u1ec7c s\u1eed d\u1ee5ng c\u00e1c s\u1ea3n ph\u1ea9m c\u1ee7a NAM VIM, &#8211; \u0110\u1ea3m b\u1ea3o h\u00e0ng h\u00f3a c\u1ee7a ch\u00fang t\u00f4i kh\u00f4ng b\u1ecb suy gi\u1ea3m gi\u00e1 tr\u1ecb khi ph\u00e1t sinh s\u1ef1 c\u1ed1 ph\u1ea3i th\u1ef1c hi\u1ec7n b\u1ea3o h\u00e0nh. &#8211; B\u1ea3o h\u00e0nh s\u1ea3n ph\u1ea9m: Kh\u1eafc ph\u1ee5c nh\u1eefng\" \/>\n<meta property=\"og:url\" content=\"http:\/\/mau.hoabinhweb.com\/duocpham2\/chinh-sach-bao-hanh\/\" \/>\n<meta property=\"og:site_name\" content=\"Namvim\" \/>\n<meta name=\"twitter:card\" content=\"summary_large_image\" \/>\n<meta name=\"twitter:label1\" content=\"\u01af\u1edbc t\u00ednh th\u1eddi gian \u0111\u1ecdc\" \/>\n\t<meta name=\"twitter:data1\" content=\"5 ph\u00fat\" \/>\n<script type=\"application\/ld+json\" class=\"yoast-schema-graph\">{\"@context\":\"https:\/\/schema.org\",\"@graph\":[{\"@type\":\"WebPage\",\"@id\":\"http:\/\/mau.hoabinhweb.com\/duocpham2\/chinh-sach-bao-hanh\/\",\"url\":\"http:\/\/mau.hoabinhweb.com\/duocpham2\/chinh-sach-bao-hanh\/\",\"name\":\"Ch\u00ednh s\u00e1ch b\u1ea3o h\u00e0nh - Namvim\",\"isPartOf\":{\"@id\":\"http:\/\/mau.hoabinhweb.com\/duocpham2\/#website\"},\"datePublished\":\"2022-09-15T01:31:15+00:00\",\"dateModified\":\"2022-09-15T01:31:15+00:00\",\"breadcrumb\":{\"@id\":\"http:\/\/mau.hoabinhweb.com\/duocpham2\/chinh-sach-bao-hanh\/#breadcrumb\"},\"inLanguage\":\"vi\",\"potentialAction\":[{\"@type\":\"ReadAction\",\"target\":[\"http:\/\/mau.hoabinhweb.com\/duocpham2\/chinh-sach-bao-hanh\/\"]}]},{\"@type\":\"BreadcrumbList\",\"@id\":\"http:\/\/mau.hoabinhweb.com\/duocpham2\/chinh-sach-bao-hanh\/#breadcrumb\",\"itemListElement\":[{\"@type\":\"ListItem\",\"position\":1,\"name\":\"Trang ch\u1ee7\",\"item\":\"http:\/\/mau.hoabinhweb.com\/duocpham2\/\"},{\"@type\":\"ListItem\",\"position\":2,\"name\":\"Ch\u00ednh s\u00e1ch b\u1ea3o h\u00e0nh\"}]},{\"@type\":\"WebSite\",\"@id\":\"http:\/\/mau.hoabinhweb.com\/duocpham2\/#website\",\"url\":\"http:\/\/mau.hoabinhweb.com\/duocpham2\/\",\"name\":\"Namvim\",\"description\":\"\",\"potentialAction\":[{\"@type\":\"SearchAction\",\"target\":{\"@type\":\"EntryPoint\",\"urlTemplate\":\"http:\/\/mau.hoabinhweb.com\/duocpham2\/?s={search_term_string}\"},\"query-input\":\"required name=search_term_string\"}],\"inLanguage\":\"vi\"}]}<\/script>\n<!-- \/ Yoast SEO plugin. -->","yoast_head_json":{"title":"Ch\u00ednh s\u00e1ch b\u1ea3o h\u00e0nh - Namvim","robots":{"index":"noindex","follow":"follow","max-snippet":"max-snippet:-1","max-image-preview":"max-image-preview:large","max-video-preview":"max-video-preview:-1"},"og_locale":"vi_VN","og_type":"article","og_title":"Ch\u00ednh s\u00e1ch b\u1ea3o h\u00e0nh - Namvim","og_description":"M\u1ee5c \u0111\u00edch &#8211; \u0110\u1ea3m b\u1ea3o quy\u1ec1n l\u1ee3i v\u00e0 l\u1ee3i \u00edch c\u1ee7a kh\u00e1ch h\u00e0ng trong vi\u1ec7c s\u1eed d\u1ee5ng c\u00e1c s\u1ea3n ph\u1ea9m c\u1ee7a NAM VIM, &#8211; \u0110\u1ea3m b\u1ea3o h\u00e0ng h\u00f3a c\u1ee7a ch\u00fang t\u00f4i kh\u00f4ng b\u1ecb suy gi\u1ea3m gi\u00e1 tr\u1ecb khi ph\u00e1t sinh s\u1ef1 c\u1ed1 ph\u1ea3i th\u1ef1c hi\u1ec7n b\u1ea3o h\u00e0nh. &#8211; B\u1ea3o h\u00e0nh s\u1ea3n ph\u1ea9m: Kh\u1eafc ph\u1ee5c nh\u1eefng","og_url":"http:\/\/mau.hoabinhweb.com\/duocpham2\/chinh-sach-bao-hanh\/","og_site_name":"Namvim","twitter_card":"summary_large_image","twitter_misc":{"\u01af\u1edbc t\u00ednh th\u1eddi gian \u0111\u1ecdc":"5 ph\u00fat"},"schema":{"@context":"https:\/\/schema.org","@graph":[{"@type":"WebPage","@id":"http:\/\/mau.hoabinhweb.com\/duocpham2\/chinh-sach-bao-hanh\/","url":"http:\/\/mau.hoabinhweb.com\/duocpham2\/chinh-sach-bao-hanh\/","name":"Ch\u00ednh s\u00e1ch b\u1ea3o h\u00e0nh - Namvim","isPartOf":{"@id":"http:\/\/mau.hoabinhweb.com\/duocpham2\/#website"},"datePublished":"2022-09-15T01:31:15+00:00","dateModified":"2022-09-15T01:31:15+00:00","breadcrumb":{"@id":"http:\/\/mau.hoabinhweb.com\/duocpham2\/chinh-sach-bao-hanh\/#breadcrumb"},"inLanguage":"vi","potentialAction":[{"@type":"ReadAction","target":["http:\/\/mau.hoabinhweb.com\/duocpham2\/chinh-sach-bao-hanh\/"]}]},{"@type":"BreadcrumbList","@id":"http:\/\/mau.hoabinhweb.com\/duocpham2\/chinh-sach-bao-hanh\/#breadcrumb","itemListElement":[{"@type":"ListItem","position":1,"name":"Trang ch\u1ee7","item":"http:\/\/mau.hoabinhweb.com\/duocpham2\/"},{"@type":"ListItem","position":2,"name":"Ch\u00ednh s\u00e1ch b\u1ea3o h\u00e0nh"}]},{"@type":"WebSite","@id":"http:\/\/mau.hoabinhweb.com\/duocpham2\/#website","url":"http:\/\/mau.hoabinhweb.com\/duocpham2\/","name":"Namvim","description":"","potentialAction":[{"@type":"SearchAction","target":{"@type":"EntryPoint","urlTemplate":"http:\/\/mau.hoabinhweb.com\/duocpham2\/?s={search_term_string}"},"query-input":"required name=search_term_string"}],"inLanguage":"vi"}]}},"_links":{"self":[{"href":"http:\/\/mau.hoabinhweb.com\/duocpham2\/wp-json\/wp\/v2\/pages\/483","targetHints":{"allow":["GET"]}}],"collection":[{"href":"http:\/\/mau.hoabinhweb.com\/duocpham2\/wp-json\/wp\/v2\/pages"}],"about":[{"href":"http:\/\/mau.hoabinhweb.com\/duocpham2\/wp-json\/wp\/v2\/types\/page"}],"author":[{"embeddable":true,"href":"http:\/\/mau.hoabinhweb.com\/duocpham2\/wp-json\/wp\/v2\/users\/1"}],"replies":[{"embeddable":true,"href":"http:\/\/mau.hoabinhweb.com\/duocpham2\/wp-json\/wp\/v2\/comments?post=483"}],"version-history":[{"count":1,"href":"http:\/\/mau.hoabinhweb.com\/duocpham2\/wp-json\/wp\/v2\/pages\/483\/revisions"}],"predecessor-version":[{"id":492,"href":"http:\/\/mau.hoabinhweb.com\/duocpham2\/wp-json\/wp\/v2\/pages\/483\/revisions\/492"}],"wp:attachment":[{"href":"http:\/\/mau.hoabinhweb.com\/duocpham2\/wp-json\/wp\/v2\/media?parent=483"}],"curies":[{"name":"wp","href":"https:\/\/api.w.org\/{rel}","templated":true}]}}