{"id":482,"date":"2022-09-15T08:30:54","date_gmt":"2022-09-15T01:30:54","guid":{"rendered":"https:\/\/mau.hoabinhweb.com\/duocpham2\/?page_id=482"},"modified":"2022-09-15T08:30:54","modified_gmt":"2022-09-15T01:30:54","slug":"cam-ket-ban-hang","status":"publish","type":"page","link":"http:\/\/mau.hoabinhweb.com\/duocpham2\/cam-ket-ban-hang\/","title":{"rendered":"Cam k\u1ebft b\u00e1n h\u00e0ng"},"content":{"rendered":"<p><strong>Quan \u0111i\u1ec3m v\u00e0 ch\u00ednh s\u00e1ch b\u00e1n h\u00e0ng c\u1ee7a NAM VIM<\/strong><\/p>\n<p>Nh\u1eb1m h\u01b0\u1edbng t\u1edbi ph\u1ee5c v\u1ee5 kh\u00e1ch h\u00e0ng ng\u00e0y c\u00e0ng t\u1ed1t h\u01a1n v\u00e0 chuy\u00ean nghi\u1ec7p h\u01a1n, <strong>NAM VIM<\/strong> lu\u00f4n ho\u00e0n thi\u1ec7n trong c\u00e1c ch\u00ednh s\u00e1ch kh\u00f4ng ch\u1ec9 v\u1ec1 s\u1ea3n ph\u1ea9m, gi\u00e1 c\u1ea3 m\u00e0 c\u00f2n v\u1ec1 phong c\u00e1ch ph\u1ee5c v\u1ee5 c\u00f9ng c\u00e1c gi\u00e1 tr\u1ecb h\u1eadu m\u00e3i gia t\u0103ng. V\u00e0 t\u1ea5t c\u1ea3 nh\u1eefng tri\u1ebft l\u00fd trong kinh doanh c\u1ee7a NAM VIM lu\u00f4n \u0111\u01b0\u1ee3c to\u00e0n th\u1ec3 c\u00e1n b\u1ed9, nh\u00e2n vi\u00ean th\u1ea5u hi\u1ec3u v\u00e0 coi \u0111\u00f3 l\u00e0 ph\u01b0\u01a1ng ch\u00e2m l\u00e0m vi\u1ec7c.<\/p>\n<ol>\n<li><strong> Cam k\u1ebft v\u1ec1 s\u1ea3n ph\u1ea9m, gi\u00e1 c\u1ea3 v\u00e0 ch\u1ea5t l\u01b0\u1ee3ng:<\/strong><\/li>\n<\/ol>\n<p>&#8211; NAM VIM cam k\u1ebft ch\u1ec9 mang \u0111\u1ebfn cho qu\u00fd kh\u00e1ch h\u00e0ng nh\u1eefng s\u1ea3n ph\u1ea9m ch\u00ednh h\u00e3ng theo \u0111\u00fang ti\u00eau chu\u1ea9n ch\u1ea5t l\u01b0\u1ee3ng c\u1ee7a nh\u00e0 s\u1ea3n xu\u1ea5t, kh\u00f4ng b\u00e1n h\u00e0ng k\u00e9m ch\u1ea5t l\u01b0\u1ee3ng, kh\u00f4ng b\u00e1n h\u00e0ng gi\u1ea3\/ h\u00e0ng nh\u00e1i, kh\u00f4ng b\u00e1n h\u00e0ng kh\u00f4ng r\u00f5 ngu\u1ed3n g\u1ed1c xu\u1ea5t x\u1ee9.<\/p>\n<p>&#8211; Lu\u00f4n c\u1eadp nh\u1eadt c\u00e1c s\u1ea3n ph\u1ea9m m\u1edbi nh\u1ea5t, c\u00f4ng d\u1ee5ng m\u1edbi nh\u1ea5t t\u1eeb ch\u00ednh h\u00e3ng.<\/p>\n<p>&#8211; Ch\u1eef t\u00edn lu\u00f4n \u0111\u01b0\u1ee3c \u0111\u1eb7t l\u00ean h\u00e0ng \u0111\u1ea7u, lu\u00f4n \u0111\u1ee9ng v\u1ec1 ph\u00eda kh\u00e1ch h\u00e0ng \u0111\u1ec3 th\u1ea5u hi\u1ec3u.<\/p>\n<p>&#8211; Gi\u00e1 b\u00e1n \u0111\u00fang v\u1edbi ch\u1ea5t l\u01b0\u1ee3ng, kh\u00e1ch h\u00e0ng kh\u00f4ng bao gi\u1edd b\u1ecb mua \u0111\u1eaft.<\/p>\n<p>&#8211; \u0110i k\u00e8m v\u1edbi ch\u1ea5t l\u01b0\u1ee3ng t\u1ed1t nh\u1ea5t, gi\u00e1 c\u1ea3 c\u1ea1nh tranh nh\u1ea5t l\u00e0 nh\u1eefng ch\u1ebf \u0111\u1ed9 ch\u0103m s\u00f3c kh\u00e1ch h\u00e0ng ho\u00e0n h\u1ea3o nh\u1ea5t.<\/p>\n<ol start=\"2\">\n<li><strong> Quan \u0111i\u1ec3m kinh doanh c\u1ee7a NAM VIM:<\/strong><\/li>\n<\/ol>\n<p>&#8211; Cung c\u1ea5p gi\u1ea3i ph\u00e1p to\u00e0n di\u1ec7n nh\u1ea5t, t\u1ed1i \u01b0u nh\u1ea5t cho m\u1ecdi nhu c\u1ea7u.<\/p>\n<p>&#8211; Lu\u00f4n \u0111\u1eb7t l\u1ee3i \u00edch c\u1ee7a kh\u00e1ch h\u00e0ng l\u00ean h\u00e0ng \u0111\u1ea7u, gi\u1eef v\u1eefng \u0111\u1ea1o \u0111\u1ee9c trong kinh doanh.<\/p>\n<p>&#8211; Uy t\u00edn, ch\u1ea5t l\u01b0\u1ee3ng v\u00e0 ni\u1ec1m tin n\u01a1i ng\u01b0\u1eddi ti\u00eau d\u00f9ng l\u00e0 c\u1ed1t l\u00f5i trong ph\u01b0\u01a1ng ch\u00e2m ho\u1ea1t \u0111\u1ed9ng.<\/p>\n<p>&#8211; Lu\u00f4n \u0111\u1ee9ng v\u1ec1 ph\u00eda kh\u00e1ch h\u00e0ng, mang \u0111\u1ebfn nh\u1eefng ch\u1ebf \u0111\u1ed9 ch\u0103m s\u00f3c kh\u00e1ch h\u00e0ng ho\u00e0n h\u1ea3o nh\u1ea5t v\u1edbi phong c\u00e1ch ph\u1ee5c v\u1ee5 chuy\u00ean nghi\u1ec7p nh\u1ea5t.<\/p>\n<p>&#8211; \u0110o\u00e0n k\u1ebft, th\u1ed1ng nh\u1ea5t trong n\u1ed9i b\u1ed9, t\u1ea1o n\u00ean s\u1ee9c m\u1ea1nh, l\u00e0 n\u1ec1n t\u1ea3ng v\u1eefng ch\u1eafc cho s\u1ef1 ph\u00e1t tri\u1ec3n l\u00e2u d\u00e0i v\u00e0 b\u1ec1n v\u1eefng.<\/p>\n<ol start=\"3\">\n<li><strong> Ch\u00ednh s\u00e1ch kinh doanh c\u1ee7a NAM VIM:<\/strong><\/li>\n<\/ol>\n<p>V\u1edbi cam k\u1ebft tho\u1ea3 m\u00e3n t\u1ed1t nh\u1ea5t m\u1ecdi nhu c\u1ea7u c\u1ee7a kh\u00e1ch h\u00e0ng, mang \u0111\u1ebfn s\u1ef1 h\u00e0i l\u00f2ng nh\u1ea5t cho kh\u00e1ch h\u00e0ng khi \u0111\u1ebfn v\u1edbi NAM VIM, to\u00e0n th\u1ec3 nh\u00e2n vi\u00ean c\u1ee7a NAM VIM lu\u00f4n t\u00e2m ni\u1ec7m v\u00e0 \u0111\u1eb7t l\u1ee3i \u00edch thi\u1ebft th\u1ef1c c\u1ee7a kh\u00e1ch h\u00e0ng l\u00ean \u0111\u1ea7u:<\/p>\n<p>&#8211; Cung c\u1ea5p s\u1ea3n ph\u1ea9m \u0111\u00fang ch\u1ea5t l\u01b0\u1ee3ng: \u0111\u1ea3m b\u1ea3o \u0111\u00fang ch\u1ea5t l\u01b0\u1ee3ng h\u00e0ng ho\u00e1 v\u1edbi ngu\u1ed3n g\u1ed1c xu\u1ea5t x\u1ee9 r\u00f5 r\u00e0ng v\u00e0 theo \u0111\u00fang c\u00e1c \u0111\u1eb7c t\u00ednh, c\u00f4ng d\u1ee5ng c\u1ee7a s\u1ea3n ph\u1ea9m nh\u01b0 \u0111\u00e3 c\u00f4ng b\u1ed1.<\/p>\n<p>&#8211; Gi\u00e1 c\u1ea3 c\u1ea1nh tranh: NAM VIM lu\u00f4n cung c\u1ea5p c\u00e1c s\u1ea3n ph\u1ea9m ch\u1ea5t l\u01b0\u1ee3ng t\u1edbi kh\u00e1ch h\u00e0ng v\u1edbi m\u1ee9c gi\u00e1 c\u1ea1nh tranh nh\u1ea5t.<\/p>\n<p>&#8211; Phong c\u00e1ch ph\u1ee5c v\u1ee5: qu\u00fd kh\u00e1ch h\u00e0ng s\u1ebd lu\u00f4n \u0111\u01b0\u1ee3c NAM VIM ph\u1ee5c v\u1ee5 t\u1eadn t\u00ecnh, chu \u0111\u00e1o, t\u01b0 v\u1ea5n chuy\u00ean nghi\u1ec7p, gi\u1ea3i \u0111\u00e1p m\u1ecdi th\u1eafc m\u1eafc.<\/p>\n<p>&#8211; D\u1ecbch v\u1ee5 ho\u00e0n h\u1ea3o: NAM VIM lu\u00f4n cam k\u1ebft mang \u0111\u1ebfn nh\u1eefng ch\u00ednh s\u00e1ch, ch\u1ebf \u0111\u1ed9 ch\u0103m s\u00f3c kh\u00e1ch h\u00e0ng t\u1ed1t nh\u1ea5t.<\/p>\n<p>&#8211; Uy t\u00edn v\u00e0 gi\u00e1 tr\u1ecb c\u1ee7a NAM VIM: V\u1edbi mong mu\u1ed1n mang l\u1ea1i s\u1ef1 h\u00e0i l\u00f2ng tuy\u1ec7t \u0111\u1ed1i v\u00e0 s\u1ef1 an t\u00e2m cho m\u1ecdi l\u1ef1a ch\u1ecdn c\u1ee7a qu\u00fd kh\u00e1ch h\u00e0ng, ch\u00fang t\u00f4i \u0111\u00e3 li\u00ean t\u1ee5c v\u00e0 kh\u00f4ng ng\u1eebng \u0111\u1ea7u t\u01b0 v\u1ec1 c\u01a1 s\u1edf h\u1ea1 t\u1ea7ng, thi\u1ebft b\u1ecb k\u1ef9 thu\u1eadt v\u00e0 ho\u00e0n thi\u1ec7n nh\u1eefng ch\u00ednh s\u00e1ch kh\u00e1ch h\u00e0ng. \u0110i\u1ec1u \u0111\u00f3 s\u1ebd minh ch\u1ee9ng cho nh\u1eefng cam k\u1ebft ch\u1ea5t l\u01b0\u1ee3ng v\u00e0 nh\u1eefng cam k\u1ebft d\u1ecbch v\u1ee5 t\u1ea1i NAM VIM c\u00f3 gi\u00e1 tr\u1ecb ph\u00e1p l\u00fd v\u00e0 gi\u00e1 tr\u1ecb th\u1ef1c t\u1ebf cao.<\/p>\n","protected":false},"excerpt":{"rendered":"<p>Quan \u0111i\u1ec3m v\u00e0 ch\u00ednh s\u00e1ch b\u00e1n h\u00e0ng c\u1ee7a NAM VIM Nh\u1eb1m h\u01b0\u1edbng t\u1edbi ph\u1ee5c v\u1ee5 kh\u00e1ch h\u00e0ng ng\u00e0y c\u00e0ng t\u1ed1t h\u01a1n v\u00e0 chuy\u00ean nghi\u1ec7p h\u01a1n, NAM VIM lu\u00f4n ho\u00e0n thi\u1ec7n trong c\u00e1c ch\u00ednh s\u00e1ch kh\u00f4ng ch\u1ec9 v\u1ec1 s\u1ea3n ph\u1ea9m, gi\u00e1 c\u1ea3 m\u00e0 c\u00f2n v\u1ec1 phong c\u00e1ch ph\u1ee5c v\u1ee5 c\u00f9ng c\u00e1c gi\u00e1 tr\u1ecb h\u1eadu m\u00e3i gia<\/p>\n","protected":false},"author":1,"featured_media":0,"parent":0,"menu_order":0,"comment_status":"closed","ping_status":"closed","template":"","meta":{"footnotes":""},"class_list":["post-482","page","type-page","status-publish","hentry"],"acf":[],"yoast_head":"<!-- This site is optimized with the Yoast SEO plugin v19.6 - https:\/\/yoast.com\/wordpress\/plugins\/seo\/ -->\n<title>Cam k\u1ebft b\u00e1n h\u00e0ng - Namvim<\/title>\n<meta name=\"robots\" content=\"noindex, follow, max-snippet:-1, max-image-preview:large, max-video-preview:-1\" \/>\n<meta property=\"og:locale\" content=\"vi_VN\" \/>\n<meta property=\"og:type\" content=\"article\" \/>\n<meta property=\"og:title\" content=\"Cam k\u1ebft b\u00e1n h\u00e0ng - Namvim\" \/>\n<meta property=\"og:description\" content=\"Quan \u0111i\u1ec3m v\u00e0 ch\u00ednh s\u00e1ch b\u00e1n h\u00e0ng c\u1ee7a NAM VIM Nh\u1eb1m h\u01b0\u1edbng t\u1edbi ph\u1ee5c v\u1ee5 kh\u00e1ch h\u00e0ng ng\u00e0y c\u00e0ng t\u1ed1t h\u01a1n v\u00e0 chuy\u00ean nghi\u1ec7p h\u01a1n, NAM VIM lu\u00f4n ho\u00e0n thi\u1ec7n trong c\u00e1c ch\u00ednh s\u00e1ch kh\u00f4ng ch\u1ec9 v\u1ec1 s\u1ea3n ph\u1ea9m, gi\u00e1 c\u1ea3 m\u00e0 c\u00f2n v\u1ec1 phong c\u00e1ch ph\u1ee5c v\u1ee5 c\u00f9ng c\u00e1c gi\u00e1 tr\u1ecb h\u1eadu m\u00e3i gia\" \/>\n<meta property=\"og:url\" content=\"http:\/\/mau.hoabinhweb.com\/duocpham2\/cam-ket-ban-hang\/\" \/>\n<meta property=\"og:site_name\" content=\"Namvim\" \/>\n<meta name=\"twitter:card\" content=\"summary_large_image\" \/>\n<meta name=\"twitter:label1\" content=\"\u01af\u1edbc t\u00ednh th\u1eddi gian \u0111\u1ecdc\" \/>\n\t<meta name=\"twitter:data1\" content=\"4 ph\u00fat\" \/>\n<script type=\"application\/ld+json\" class=\"yoast-schema-graph\">{\"@context\":\"https:\/\/schema.org\",\"@graph\":[{\"@type\":\"WebPage\",\"@id\":\"http:\/\/mau.hoabinhweb.com\/duocpham2\/cam-ket-ban-hang\/\",\"url\":\"http:\/\/mau.hoabinhweb.com\/duocpham2\/cam-ket-ban-hang\/\",\"name\":\"Cam k\u1ebft b\u00e1n h\u00e0ng - Namvim\",\"isPartOf\":{\"@id\":\"http:\/\/mau.hoabinhweb.com\/duocpham2\/#website\"},\"datePublished\":\"2022-09-15T01:30:54+00:00\",\"dateModified\":\"2022-09-15T01:30:54+00:00\",\"breadcrumb\":{\"@id\":\"http:\/\/mau.hoabinhweb.com\/duocpham2\/cam-ket-ban-hang\/#breadcrumb\"},\"inLanguage\":\"vi\",\"potentialAction\":[{\"@type\":\"ReadAction\",\"target\":[\"http:\/\/mau.hoabinhweb.com\/duocpham2\/cam-ket-ban-hang\/\"]}]},{\"@type\":\"BreadcrumbList\",\"@id\":\"http:\/\/mau.hoabinhweb.com\/duocpham2\/cam-ket-ban-hang\/#breadcrumb\",\"itemListElement\":[{\"@type\":\"ListItem\",\"position\":1,\"name\":\"Trang ch\u1ee7\",\"item\":\"http:\/\/mau.hoabinhweb.com\/duocpham2\/\"},{\"@type\":\"ListItem\",\"position\":2,\"name\":\"Cam k\u1ebft b\u00e1n h\u00e0ng\"}]},{\"@type\":\"WebSite\",\"@id\":\"http:\/\/mau.hoabinhweb.com\/duocpham2\/#website\",\"url\":\"http:\/\/mau.hoabinhweb.com\/duocpham2\/\",\"name\":\"Namvim\",\"description\":\"\",\"potentialAction\":[{\"@type\":\"SearchAction\",\"target\":{\"@type\":\"EntryPoint\",\"urlTemplate\":\"http:\/\/mau.hoabinhweb.com\/duocpham2\/?s={search_term_string}\"},\"query-input\":\"required name=search_term_string\"}],\"inLanguage\":\"vi\"}]}<\/script>\n<!-- \/ Yoast SEO plugin. -->","yoast_head_json":{"title":"Cam k\u1ebft b\u00e1n h\u00e0ng - Namvim","robots":{"index":"noindex","follow":"follow","max-snippet":"max-snippet:-1","max-image-preview":"max-image-preview:large","max-video-preview":"max-video-preview:-1"},"og_locale":"vi_VN","og_type":"article","og_title":"Cam k\u1ebft b\u00e1n h\u00e0ng - Namvim","og_description":"Quan \u0111i\u1ec3m v\u00e0 ch\u00ednh s\u00e1ch b\u00e1n h\u00e0ng c\u1ee7a NAM VIM Nh\u1eb1m h\u01b0\u1edbng t\u1edbi ph\u1ee5c v\u1ee5 kh\u00e1ch h\u00e0ng ng\u00e0y c\u00e0ng t\u1ed1t h\u01a1n v\u00e0 chuy\u00ean nghi\u1ec7p h\u01a1n, NAM VIM lu\u00f4n ho\u00e0n thi\u1ec7n trong c\u00e1c ch\u00ednh s\u00e1ch kh\u00f4ng ch\u1ec9 v\u1ec1 s\u1ea3n ph\u1ea9m, gi\u00e1 c\u1ea3 m\u00e0 c\u00f2n v\u1ec1 phong c\u00e1ch ph\u1ee5c v\u1ee5 c\u00f9ng c\u00e1c gi\u00e1 tr\u1ecb h\u1eadu m\u00e3i gia","og_url":"http:\/\/mau.hoabinhweb.com\/duocpham2\/cam-ket-ban-hang\/","og_site_name":"Namvim","twitter_card":"summary_large_image","twitter_misc":{"\u01af\u1edbc t\u00ednh th\u1eddi gian \u0111\u1ecdc":"4 ph\u00fat"},"schema":{"@context":"https:\/\/schema.org","@graph":[{"@type":"WebPage","@id":"http:\/\/mau.hoabinhweb.com\/duocpham2\/cam-ket-ban-hang\/","url":"http:\/\/mau.hoabinhweb.com\/duocpham2\/cam-ket-ban-hang\/","name":"Cam k\u1ebft b\u00e1n h\u00e0ng - Namvim","isPartOf":{"@id":"http:\/\/mau.hoabinhweb.com\/duocpham2\/#website"},"datePublished":"2022-09-15T01:30:54+00:00","dateModified":"2022-09-15T01:30:54+00:00","breadcrumb":{"@id":"http:\/\/mau.hoabinhweb.com\/duocpham2\/cam-ket-ban-hang\/#breadcrumb"},"inLanguage":"vi","potentialAction":[{"@type":"ReadAction","target":["http:\/\/mau.hoabinhweb.com\/duocpham2\/cam-ket-ban-hang\/"]}]},{"@type":"BreadcrumbList","@id":"http:\/\/mau.hoabinhweb.com\/duocpham2\/cam-ket-ban-hang\/#breadcrumb","itemListElement":[{"@type":"ListItem","position":1,"name":"Trang ch\u1ee7","item":"http:\/\/mau.hoabinhweb.com\/duocpham2\/"},{"@type":"ListItem","position":2,"name":"Cam k\u1ebft b\u00e1n h\u00e0ng"}]},{"@type":"WebSite","@id":"http:\/\/mau.hoabinhweb.com\/duocpham2\/#website","url":"http:\/\/mau.hoabinhweb.com\/duocpham2\/","name":"Namvim","description":"","potentialAction":[{"@type":"SearchAction","target":{"@type":"EntryPoint","urlTemplate":"http:\/\/mau.hoabinhweb.com\/duocpham2\/?s={search_term_string}"},"query-input":"required name=search_term_string"}],"inLanguage":"vi"}]}},"_links":{"self":[{"href":"http:\/\/mau.hoabinhweb.com\/duocpham2\/wp-json\/wp\/v2\/pages\/482","targetHints":{"allow":["GET"]}}],"collection":[{"href":"http:\/\/mau.hoabinhweb.com\/duocpham2\/wp-json\/wp\/v2\/pages"}],"about":[{"href":"http:\/\/mau.hoabinhweb.com\/duocpham2\/wp-json\/wp\/v2\/types\/page"}],"author":[{"embeddable":true,"href":"http:\/\/mau.hoabinhweb.com\/duocpham2\/wp-json\/wp\/v2\/users\/1"}],"replies":[{"embeddable":true,"href":"http:\/\/mau.hoabinhweb.com\/duocpham2\/wp-json\/wp\/v2\/comments?post=482"}],"version-history":[{"count":1,"href":"http:\/\/mau.hoabinhweb.com\/duocpham2\/wp-json\/wp\/v2\/pages\/482\/revisions"}],"predecessor-version":[{"id":491,"href":"http:\/\/mau.hoabinhweb.com\/duocpham2\/wp-json\/wp\/v2\/pages\/482\/revisions\/491"}],"wp:attachment":[{"href":"http:\/\/mau.hoabinhweb.com\/duocpham2\/wp-json\/wp\/v2\/media?parent=482"}],"curies":[{"name":"wp","href":"https:\/\/api.w.org\/{rel}","templated":true}]}}