{"id":55,"date":"2022-05-27T16:43:02","date_gmt":"2022-05-27T09:43:02","guid":{"rendered":"https:\/\/mau.hoabinhweb.com\/duocpham1\/?post_type=product&#038;p=55"},"modified":"2022-05-27T16:47:50","modified_gmt":"2022-05-27T09:47:50","slug":"bao-xuan-50-vien-uong-ho-tro-can-bang-noi-tiet-to-nu","status":"publish","type":"product","link":"http:\/\/mau.hoabinhweb.com\/duocpham1\/san-pham\/bao-xuan-50-vien-uong-ho-tro-can-bang-noi-tiet-to-nu\/","title":{"rendered":"B\u1ea3o xu\u00e2n 50+ \u2013 Vi\u00ean U\u1ed1ng H\u1ed7 Tr\u1ee3 C\u00e2n B\u1eb1ng N\u1ed9i Ti\u1ebft T\u1ed1 N\u1eef"},"content":{"rendered":"<h2><span id=\"Bora_White_8211_Vien_sui_ho_tro_cap_am_va_duong_trang_da_danh_bat_te_bao_da_hu_ton\">Bora White \u2013 Vi\u00ean s\u1ee7i h\u1ed7 tr\u1ee3 c\u1ea5p \u1ea9m v\u00e0 d\u01b0\u1ee1ng tr\u1eafng da \u0111\u00e1nh b\u1eadt t\u1ebf b\u00e0o da h\u01b0 t\u1ed5n<\/span><\/h2>\n<p>\u201cD\u01b0\u1ee1ng da kh\u00f4ng kh\u00f3, kh\u00f3 l\u00e0 \u1edf c\u00e1ch d\u01b0\u1ee1ng da nh\u01b0 th\u1ebf n\u00e0o\u201d nghe c\u00f3 v\u1ebb m\u00e2u thu\u1eabn nh\u1ec9? Tuy nhi\u00ean, \u0111i\u1ec1u n\u00e0y \u0111\u01b0\u1ee3c \u0111\u00f4ng \u0111\u1ea3o nh\u1eefng ch\u1ecb em, c\u00f4ng nh\u1eadn nh\u1eadn ra r\u1eb1ng b\u1eb1ng m\u1ecdi ph\u01b0\u01a1ng ph\u00e1p \u0111\u1ec3 c\u00f3 \u0111\u01b0\u1ee3c l\u00e0n da \u0111\u1eb9p m\u00e0 v\u1eabn an to\u00e0n l\u00e0nh t\u00ednh th\u00ec kh\u00e1 l\u00e0 hi\u1ebfm \u0111\u1ea5y. V\u1edbi Bora White th\u00ec \u0111i\u1ec1u n\u00e0y kh\u00f4ng ph\u1ea3i l\u00e0 m\u1ed9t v\u1ea5n \u0111\u1ec1 kh\u00f3 kh\u0103n v\u00ec vi\u00ean s\u1ee7i h\u1ed7 tr\u1ee3 c\u1ea5p \u1ea9m v\u00e0 d\u01b0\u1ee1ng da si\u00eau \u0111\u1ec9nh.<\/p>\n<p>V\u1edbi m\u1ee9c gi\u00e1 kh\u00e1 l\u00e0 ph\u1ea3i ch\u0103ng nh\u01b0ng t\u00e1c d\u1ee5ng c\u1ee7a vi\u00ean s\u1ee7i th\u00ec c\u00f4 c\u00f9ng x\u1ee9ng \u0111\u00e1ng v\u1edbi th\u1eddi gian v\u00e0 h\u1ee3p t\u00fai ti\u1ec1n. S\u1ea3n ph\u1ea9m c\u00f3 th\u1ec3 h\u1ed7 tr\u1ee3 c\u1ea3i thi\u1ec7n m\u1ecdi d\u1ea5u hi\u1ec7u nh\u01b0 l\u00e3o h\u00f3a da, da nh\u0103n nheo, da kh\u00f4 m\u00e0 ch\u00fang ta th\u01b0\u1eddng t\u00ecm m\u1ecdi c\u00e1ch \u0111\u1ec3 lo\u1ea1i b\u1ecf nh\u01b0 l\u00e0 v\u1ebft th\u00e2m s\u1eb9o, th\u00e2m s\u1ea1m, \u0111\u1ed1m n\u00e2u kh\u00f4ng \u0111\u1ec1u m\u00e0u hay nh\u1eefng n\u1ebfp nh\u0103n.<\/p>\n<figure id=\"attachment_760\" class=\"wp-caption aligncenter\" aria-describedby=\"caption-attachment-760\"><img loading=\"lazy\" decoding=\"async\" class=\"size-full wp-image-760 lazy-load-active\" src=\"https:\/\/shopsacdep.com\/wp-content\/uploads\/2021\/12\/vien-sui-trang-da-bora.jpg\" alt=\"h\u1ed7 tr\u1ee3 c\u1ea5p \u1ea9m Bora White \" width=\"720\" height=\"720\" data-src=\"https:\/\/shopsacdep.com\/wp-content\/uploads\/2021\/12\/vien-sui-trang-da-bora.jpg\" \/><figcaption id=\"caption-attachment-760\" class=\"wp-caption-text\">h\u1ed7 tr\u1ee3 c\u1ea5p \u1ea9m Bora White<\/figcaption><\/figure>\n<h2><span id=\"Nguon_goc_vien_sui_Bora_White_ho_tro_cap_am\">Ngu\u1ed3n g\u1ed1c vi\u00ean s\u1ee7i Bora White h\u1ed7 tr\u1ee3 c\u1ea5p \u1ea9m<\/span><\/h2>\n<p>S\u1ea3n xu\u1ea5t t\u1ea1i: Nh\u00e0 m\u00e1y s\u1ea3n xu\u1ea5t \u2013 C\u00f4ng ty C\u1ed5 ph\u1ea7n D\u01b0\u1ee3c ph\u1ea9m Ph\u00fac L\u00e2m, \u0111\u1ecba ch\u1ec9 \u1edf \u0110\u01b0\u1eddng TS21, Khu C\u00f4ng Nghi\u1ec7p Ti\u00ean S\u01a1n, Ph\u01b0\u1eddng \u0110\u1ed3ng Nguy\u00ean, Th\u1ecb x\u00e3 T\u1eeb S\u01a1n, t\u1ec9nh B\u1eafc Ninh.<\/p>\n<p>\u0110\u01a1n v\u1ecb ch\u1ecbu tr\u00e1ch nhi\u1ec7m s\u1ea3n ph\u1ea9m: C\u00f4ng ty TNHH Th\u01b0\u01a1ng M\u1ea1i D\u1ecbch v\u1ee5 Xu\u1ea5t nh\u1eadp kh\u1ea9u Lady Care, \u0111\u1ecba ch\u1ec9 \u1edf 231 Chu V\u0103n An, Ph\u01b0\u1eddng 26, Qu\u1eadn B\u00ecnh Th\u1ea1nh, Th\u00e0nh ph\u1ed1 H\u1ed3 Ch\u00ed Minh<\/p>\n<h2><span id=\"Cong_dung_cua_vien_sui_Bora_White_ho_tro_cap_am\">C\u00f4ng d\u1ee5ng c\u1ee7a vi\u00ean s\u1ee7i Bora White h\u1ed7 tr\u1ee3 c\u1ea5p \u1ea9m<\/span><\/h2>\n<p>\u201cD\u01b0\u1ee1ng tr\u1eafng da an to\u00e0n\u201d c\u1ea7n m\u1ea5t kh\u00e1 nhi\u1ec1u giai \u0111o\u1ea1n \u0111\u1ec3 qu\u00e1 tr\u00ecnh t\u00e1i t\u1ea1o &amp; ph\u1ee5c h\u1ed3i da di\u1ec5n ra \u0111\u01b0\u1ee3c t\u1ef1 nhi\u00ean. Vi\u00ean s\u1ee7i kh\u00f4ng l\u00e0m \u201cb\u00e0o m\u00f2n\u201d b\u1ec1 m\u1eb7t c\u1ee7a da c\u0169ng nh\u01b0 kh\u00f4ng g\u00e2y k\u00edch \u1ee9ng trong su\u1ed1t ho\u1ea1t \u0111\u1ed9ng ho\u00e1 sinh c\u1ee7a c\u01a1 th\u1ec3.<\/p>\n<p>C\u01a1 ch\u1ebf t\u00e1c \u0111\u1ed9ng l\u00e0m tr\u1eafng c\u1ee7a s\u1ea3n ph\u1ea9m Bora White l\u00e0 h\u1ed7 tr\u1ee3 c\u1ea5p \u1ea9m, \u0111i\u1ec1u ch\u1ec9nh s\u1eafc t\u1ed1 da, b\u1ea3o v\u1ec7 da kh\u1ecfi nh\u1eefng v\u00f9ng t\u1ed5n th\u01b0\u01a1ng t\u1eeb m\u00f4i tr\u01b0\u1eddng. \u0110\u1ed3ng th\u1eddi nh\u1eefng ho\u1ea1t ch\u1ea5t ch\u1ed1ng oxy h\u00f3a th\u00fac \u0111\u1ea9y ph\u1ea3n \u1ee9ng h\u00f3a sinh trong c\u01a1 th\u1ec3 di\u1ec5n ra kh\u00e1 l\u00e0 thu\u1eadn l\u1ee3i gi\u00fap th\u1ea3i \u0111\u1ed9c v\u00e0 ch\u1ed1ng vi\u00eam cho da. V\u1edbi nh\u1eefng m\u1ed9t s\u1ed1 t\u00e1c d\u1ee5ng c\u1ee7a vi\u00ean s\u1ee7i gi\u00fap da ng\u00e0y c\u00e0ng tr\u1eafng s\u00e1ng v\u00e0 m\u1ecbn m\u00e0ng nh\u01b0 sau:<\/p>\n<ul>\n<li>H\u1ed7 tr\u1ee3 t\u0103ng s\u1ee9c b\u1ec1n v\u00e0 h\u1ec7 mi\u1ec5n d\u1ecbch cho nh\u1eefng t\u1ebf b\u00e0o da, gi\u00fap c\u1ea5u tr\u00fac da \u0111\u01b0\u1ee3c g\u1eafn k\u1ebft ch\u1eb7t ch\u1ebd h\u01a1n. Nh\u1eefng d\u01b0\u1ee1ng ch\u1ea5t gi\u00fap cho da gi\u1eef n\u01b0\u1edbc gi\u1ea3m t\u00ecnh tr\u1ea1ng hao h\u1ee5t collagen theo tu\u1ed5i t\u00e1c<\/li>\n<li>H\u1ed7 tr\u1ee3 b\u1ed5 sung nh\u1eefng ho\u1ea1t ch\u1ea5t kh\u00e1ng sinh t\u1eeb t\u1ef1 nhi\u00ean, gi\u1ea3m t\u00ecnh tr\u1ea1ng vi\u00eam do m\u1ee5n g\u00e2y ra, l\u00e0m l\u1ed7 ch\u00e2n l\u00f4ng \u0111\u01b0\u1ee3c th\u00f4ng tho\u00e1ng h\u01a1n<\/li>\n<li>H\u1ed7 tr\u1ee3 l\u00e0m m\u1edd nh\u1eefng \u0111\u1ed1m n\u00e2u kh\u00f4ng \u0111\u01b0\u1ee3c \u0111\u1ec1u m\u00e0u tr\u00ean da, b\u1ea3o v\u1ec7 da kh\u1ecfi tia UV g\u00e2y s\u1ea1m n\u00e1m c\u0169ng nh\u01b0 n\u00e2ng c\u01a1 b\u1ec1 m\u1eb7t c\u1ee7a da. Do \u0111\u00f3, l\u00e0m gi\u1ea3m nh\u1eefng n\u1ebfp nh\u0103n v\u00e0 tr\u1eafng s\u00e1ng d\u1ea7n theo th\u1eddi gian.<\/li>\n<li>H\u1ed7 tr\u1ee3 ph\u1ee5c h\u1ed3i l\u00e0n da b\u1ecb s\u1ea7n s\u00f9i, bong tr\u00f3c ho\u1eb7c b\u1ecb d\u1ecb \u1ee9ng do h\u00f3a ch\u1ea5t ho\u1eb7c ch\u1ea5t t\u1ea9y r\u1eeda m\u1ea1nh. Vi\u00ean s\u1ee7i gi\u00fap l\u00e0n da h\u1ea1n ch\u1ebf nguy c\u01a1 b\u1ecb b\u00e0o m\u00f2n do m\u1ea5t collagen.<\/li>\n<\/ul>\n<h2><span id=\"Thanh_phan_chinh_cua_vien_sui_Bora_White_ho_tro_cap_am\">Th\u00e0nh ph\u1ea7n ch\u00ednh c\u1ee7a vi\u00ean s\u1ee7i Bora White h\u1ed7 tr\u1ee3 c\u1ea5p \u1ea9m<\/span><\/h2>\n<p>Da b\u1ea1n \u0111ang b\u1ecb s\u1eabm m\u00e0u ho\u1eb7c c\u00f3 nh\u1eefng n\u1ebfp nh\u0103n xu\u1ea5t hi\u1ec7n l\u00e0 do qu\u00e1 tr\u00ecnh trao \u0111\u1ed5i ch\u1ea5t b\u00ean trong nh\u1eefng t\u1ebf b\u00e0o b\u1ecb h\u1ea1n ch\u1ebf do s\u1ef1 l\u00e3o h\u00f3a t\u1ef1 nhi\u00ean. Ngo\u00e0i ra, nh\u1eefng ch\u1ee9c n\u0103ng gan \u00edt s\u1ea3n sinh ra s\u1ed1 1 ho\u1ea1t ch\u1ea5t g\u1ecdi l\u00e0 Glutathione n\u1ed9i sinh c\u00f3 t\u00e1c d\u1ee5ng gi\u1ea3i \u0111\u1ed9c c\u01a1 th\u1ec3 v\u00e0 \u1ee9c ch\u1ebf melanin t\u1ed1i x\u00e2m l\u1ea5n nh\u1eefng melanin s\u00e1ng.\u00a0 Da b\u1ecb s\u1eabm m\u00e0u ho\u1eb7c n\u1ebfp nh\u0103n xu\u1ea5t hi\u1ec7n l\u00e0 do qu\u00e1 tr\u00ecnh trao \u0111\u1ed5i ch\u1ea5t b\u00ean trong c\u00e1c t\u1ebf b\u00e0o b\u1ecb h\u1ea1n ch\u1ebf do s\u1ef1 l\u00e3o ho\u00e1 t\u1ef1 nhi\u00ean.<\/p>\n<p>Ngo\u00e0i ra, ch\u1ee9c n\u0103ng gan \u00edt s\u1ea3n sinh ra 1 ho\u1ea1t ch\u1ea5t g\u1ecdi l\u00e0 Glutathione n\u1ed9i sinh c\u00f3 t\u00e1c d\u1ee5ng gi\u1ea3i \u0111\u1ed9c c\u01a1 th\u1ec3 &amp; \u1ee9c ch\u1ebf melanin t\u1ed1i x\u00e2m l\u1ea5n melanin s\u00e1ng. Vi\u00ean s\u1ee7i Bora White b\u1ed5 sung nh\u1eefng h\u1ee3p ch\u1ea5t ch\u1ed1ng oxy ho\u00e1 m\u1ea1nh m\u1ebd k\u1ebft h\u1ee3p v\u1edbi th\u00e0nh ph\u1ea7n h\u1eefu c\u01a1 Glutathione t\u1eeb th\u1ef1c v\u1eadt gi\u00fap c\u01a1 th\u1ec3 l\u00e0m ch\u1eadm l\u00e3o ho\u00e1. G\u1ed3m nh\u1eefng th\u00e0nh ph\u1ea7n tuy\u1ec7t v\u1eddi mang l\u1ea1i nh\u1eefng ho\u1ea1t t\u00ednh d\u01b0\u1ee1ng da t\u1ef1 nhi\u00ean nh\u01b0 sau:<\/p>\n<ul>\n<li>Chi\u1ebft xu\u1ea5t c\u00e2y b\u1eafp c\u1ea3i (brassica oleracea extract)<\/li>\n<li>Chi\u1ebft xu\u1ea5t t\u1eeb h\u1ea1t l\u1ef1u<\/li>\n<li>Kiwi extract (chi\u1ebft xu\u1ea5t qu\u1ea3 kiwi)<\/li>\n<li>Collagen<\/li>\n<li>L \u2013 Cystein<\/li>\n<li>Soluflavone (Isoflavone 10%)<\/li>\n<li>ALA (Alpha lipoic acid)<\/li>\n<li>Vitamin E<\/li>\n<li>Glutathione (chi\u1ebft xu\u1ea5t t\u1eeb c\u00e2y k\u1ebf s\u1eefa )<\/li>\n<li>Vitamin A<\/li>\n<\/ul>\n<h2><span id=\"Doi_tuong_su_dung_vien_sui_Bora_White_ho_tro_cap_am\">\u0110\u1ed1i t\u01b0\u1ee3ng s\u1eed d\u1ee5ng vi\u00ean s\u1ee7i Bora White h\u1ed7 tr\u1ee3 c\u1ea5p \u1ea9m<\/span><\/h2>\n<p>Nh\u1eefng th\u00e0nh ph\u1ea7n c\u00f3 trong vi\u00ean s\u1ee7i \u0111\u1ec1u c\u00f3 ngu\u1ed3n g\u1ed1c t\u1ef1 nhi\u00ean, ch\u1ee9a \u0111\u1ef1ng nh\u1eefng d\u01b0\u1ee1ng ch\u1ea5t c\u00f3 l\u1ee3i cho c\u01a1 th\u1ec3 n\u00f3i chung v\u00e0 l\u00e0n da n\u00f3i ri\u00eang.V\u00ec th\u1ebf, c\u1ea3 nam v\u00e0 n\u1eef gi\u1edbi tr\u00ean 18 tu\u1ed5i \u0111\u1ec1u c\u00f3 th\u1ec3 s\u1eed d\u1ee5ng, nh\u1eefng tr\u01b0\u1eddng h\u1ee3p n\u00ean d\u00f9ng Bora White:<\/p>\n<ul>\n<li>Nh\u1eefng ng\u01b0\u1eddi b\u1ecb th\u00e2m s\u1eb9o do m\u1ee5n, s\u1ea1m n\u00e1m hay t\u00e0n nhang<\/li>\n<li>Ng\u01b0\u1eddi xu\u1ea5t hi\u1ec7n nh\u1eefng d\u1ea5u hi\u1ec7u b\u1ecb l\u00e3o h\u00f3a da: v\u1ebft ch\u00e2n chim, n\u00e1m do n\u1ed9i ti\u1ebft t\u1ed1t, c\u00f3 nh\u1eefng n\u1ebfp nh\u0103n, da tr\u00f9ng nh\u00e3o<\/li>\n<li>Nh\u1eefng ng\u01b0\u1eddi b\u1ecb l\u1ed7 ch\u00e2n l\u00f4ng to, kh\u00f4 tr\u00f3c, da kh\u00f4ng \u0111\u01b0\u1ee3c \u0111\u1ec1u m\u00e0u.<\/li>\n<\/ul>\n<h2><span id=\"Huong_dan_su_dung_vien_sui_Bora_White_ho_tro_cap_am\">H\u01b0\u1edbng d\u1eabn s\u1eed d\u1ee5ng vi\u00ean s\u1ee7i Bora White h\u1ed7 tr\u1ee3 c\u1ea5p \u1ea9m<\/span><\/h2>\n<p>Mu\u1ed1n da b\u1eadt tone nhanh ch\u00f3ng th\u00ec ng\u01b0\u1eddi s\u1eed d\u1ee5ng n\u00ean tu\u00e2n th\u1ee7 li\u1ec1u l\u01b0\u1ee3ng \u0111\u01b0\u1ee3c ch\u1ec9 \u0111\u1ecbnh c\u0169ng nh\u01b0 u\u1ed1ng li\u00ean t\u1ee5c kh\u00f4ng n\u00ean ng\u1eaft qu\u00e3ng.<\/p>\n<ul>\n<li>H\u00f2a tan 1 vi\u00ean s\u1ee7i v\u1edbi 200ml n\u01b0\u1edbc<\/li>\n<li>U\u1ed1ng 1 vi\u00ean\/ l\u1ea7n, 2 l\u1ea7n\/ ng\u00e0y v\u00e0 u\u1ed1ng sau \u0103n<\/li>\n<li>B\u1ea3o qu\u1ea3n s\u1ea3n ph\u1ea9m \u1edf n\u01a1i kh\u00f4 r\u00e1o, tr\u00e1nh \u00e1nh n\u1eafng tr\u1ef1c ti\u1ebfp t\u1eeb m\u1eb7t tr\u1eddi.<\/li>\n<\/ul>\n","protected":false},"excerpt":{"rendered":"<ul>\n<li>H\u00e0ng nh\u1eadp kh\u1ea9u ch\u00ednh h\u00e3ng<\/li>\n<li>Li\u00ean h\u1ec7 \u0111\u1ec3 \u0111\u01b0\u1ee3c \u01b0u \u0111\u00e3i<\/li>\n<li>Kh\u00f4ng ch\u00ednh h\u00e3ng ho\u00e0n ti\u1ec1n g\u1ea5p 3<\/li>\n<li>Cam k\u1ebft ch\u1ea5t l\u01b0\u1ee3ng<\/li>\n<\/ul>\n","protected":false},"featured_media":66,"comment_status":"closed","ping_status":"closed","template":"","meta":[],"product_cat":[20],"product_tag":[],"class_list":["post-55","product","type-product","status-publish","has-post-thumbnail","hentry","product_cat-san-pham-khuyen-mai"],"yoast_head":"<!-- This site is optimized with the Yoast SEO plugin v18.9 - https:\/\/yoast.com\/wordpress\/plugins\/seo\/ -->\n<title>B\u1ea3o xu\u00e2n 50+ \u2013 Vi\u00ean U\u1ed1ng H\u1ed7 Tr\u1ee3 C\u00e2n B\u1eb1ng N\u1ed9i Ti\u1ebft T\u1ed1 N\u1eef - Nh\u1eadt T\u00edn Health<\/title>\n<meta name=\"robots\" content=\"noindex, follow, max-snippet:-1, max-image-preview:large, max-video-preview:-1\" \/>\n<meta property=\"og:locale\" content=\"vi_VN\" \/>\n<meta property=\"og:type\" content=\"article\" \/>\n<meta property=\"og:title\" content=\"B\u1ea3o xu\u00e2n 50+ \u2013 Vi\u00ean U\u1ed1ng H\u1ed7 Tr\u1ee3 C\u00e2n B\u1eb1ng N\u1ed9i Ti\u1ebft T\u1ed1 N\u1eef - Nh\u1eadt T\u00edn Health\" \/>\n<meta property=\"og:description\" content=\"H\u00e0ng nh\u1eadp kh\u1ea9u ch\u00ednh h\u00e3ng  Li\u00ean h\u1ec7 \u0111\u1ec3 \u0111\u01b0\u1ee3c \u01b0u \u0111\u00e3i  Kh\u00f4ng ch\u00ednh h\u00e3ng ho\u00e0n ti\u1ec1n g\u1ea5p 3  Cam k\u1ebft ch\u1ea5t l\u01b0\u1ee3ng\" \/>\n<meta property=\"og:url\" content=\"http:\/\/mau.hoabinhweb.com\/duocpham1\/san-pham\/bao-xuan-50-vien-uong-ho-tro-can-bang-noi-tiet-to-nu\/\" \/>\n<meta property=\"og:site_name\" content=\"Nh\u1eadt T\u00edn Health\" \/>\n<meta property=\"article:modified_time\" content=\"2022-05-27T09:47:50+00:00\" \/>\n<meta property=\"og:image\" content=\"http:\/\/mau.hoabinhweb.com\/duocpham1\/wp-content\/uploads\/2022\/05\/sanpham7.jpg\" \/>\n\t<meta property=\"og:image:width\" content=\"500\" \/>\n\t<meta property=\"og:image:height\" content=\"500\" \/>\n\t<meta property=\"og:image:type\" content=\"image\/jpeg\" \/>\n<meta name=\"twitter:card\" content=\"summary_large_image\" \/>\n<meta name=\"twitter:label1\" content=\"\u01af\u1edbc t\u00ednh th\u1eddi gian \u0111\u1ecdc\" \/>\n\t<meta name=\"twitter:data1\" content=\"7 ph\u00fat\" \/>\n<script type=\"application\/ld+json\" class=\"yoast-schema-graph\">{\"@context\":\"https:\/\/schema.org\",\"@graph\":[{\"@type\":\"WebSite\",\"@id\":\"http:\/\/mau.hoabinhweb.com\/duocpham1\/#website\",\"url\":\"http:\/\/mau.hoabinhweb.com\/duocpham1\/\",\"name\":\"Nh\u1eadt T\u00edn Health\",\"description\":\"\",\"potentialAction\":[{\"@type\":\"SearchAction\",\"target\":{\"@type\":\"EntryPoint\",\"urlTemplate\":\"http:\/\/mau.hoabinhweb.com\/duocpham1\/?s={search_term_string}\"},\"query-input\":\"required name=search_term_string\"}],\"inLanguage\":\"vi\"},{\"@type\":\"ImageObject\",\"inLanguage\":\"vi\",\"@id\":\"http:\/\/mau.hoabinhweb.com\/duocpham1\/san-pham\/bao-xuan-50-vien-uong-ho-tro-can-bang-noi-tiet-to-nu\/#primaryimage\",\"url\":\"http:\/\/mau.hoabinhweb.com\/duocpham1\/wp-content\/uploads\/2022\/05\/sanpham7.jpg\",\"contentUrl\":\"http:\/\/mau.hoabinhweb.com\/duocpham1\/wp-content\/uploads\/2022\/05\/sanpham7.jpg\",\"width\":500,\"height\":500,\"caption\":\"Sanpham7\"},{\"@type\":\"WebPage\",\"@id\":\"http:\/\/mau.hoabinhweb.com\/duocpham1\/san-pham\/bao-xuan-50-vien-uong-ho-tro-can-bang-noi-tiet-to-nu\/#webpage\",\"url\":\"http:\/\/mau.hoabinhweb.com\/duocpham1\/san-pham\/bao-xuan-50-vien-uong-ho-tro-can-bang-noi-tiet-to-nu\/\",\"name\":\"B\u1ea3o xu\u00e2n 50+ \u2013 Vi\u00ean U\u1ed1ng H\u1ed7 Tr\u1ee3 C\u00e2n B\u1eb1ng N\u1ed9i Ti\u1ebft T\u1ed1 N\u1eef - Nh\u1eadt T\u00edn Health\",\"isPartOf\":{\"@id\":\"http:\/\/mau.hoabinhweb.com\/duocpham1\/#website\"},\"primaryImageOfPage\":{\"@id\":\"http:\/\/mau.hoabinhweb.com\/duocpham1\/san-pham\/bao-xuan-50-vien-uong-ho-tro-can-bang-noi-tiet-to-nu\/#primaryimage\"},\"datePublished\":\"2022-05-27T09:43:02+00:00\",\"dateModified\":\"2022-05-27T09:47:50+00:00\",\"breadcrumb\":{\"@id\":\"http:\/\/mau.hoabinhweb.com\/duocpham1\/san-pham\/bao-xuan-50-vien-uong-ho-tro-can-bang-noi-tiet-to-nu\/#breadcrumb\"},\"inLanguage\":\"vi\",\"potentialAction\":[{\"@type\":\"ReadAction\",\"target\":[\"http:\/\/mau.hoabinhweb.com\/duocpham1\/san-pham\/bao-xuan-50-vien-uong-ho-tro-can-bang-noi-tiet-to-nu\/\"]}]},{\"@type\":\"BreadcrumbList\",\"@id\":\"http:\/\/mau.hoabinhweb.com\/duocpham1\/san-pham\/bao-xuan-50-vien-uong-ho-tro-can-bang-noi-tiet-to-nu\/#breadcrumb\",\"itemListElement\":[{\"@type\":\"ListItem\",\"position\":1,\"name\":\"Trang ch\u1ee7\",\"item\":\"http:\/\/mau.hoabinhweb.com\/duocpham1\/\"},{\"@type\":\"ListItem\",\"position\":2,\"name\":\"S\u1ea3n ph\u1ea9m\",\"item\":\"http:\/\/mau.hoabinhweb.com\/duocpham1\/san-pham\/\"},{\"@type\":\"ListItem\",\"position\":3,\"name\":\"S\u1ea3n ph\u1ea9m khuy\u1ebfn m\u1ea1i\",\"item\":\"http:\/\/mau.hoabinhweb.com\/duocpham1\/danh-muc\/san-pham-khuyen-mai\/\"},{\"@type\":\"ListItem\",\"position\":4,\"name\":\"B\u1ea3o xu\u00e2n 50+ \u2013 Vi\u00ean U\u1ed1ng H\u1ed7 Tr\u1ee3 C\u00e2n B\u1eb1ng N\u1ed9i Ti\u1ebft T\u1ed1 N\u1eef\"}]}]}<\/script>\n<!-- \/ Yoast SEO plugin. -->","yoast_head_json":{"title":"B\u1ea3o xu\u00e2n 50+ \u2013 Vi\u00ean U\u1ed1ng H\u1ed7 Tr\u1ee3 C\u00e2n B\u1eb1ng N\u1ed9i Ti\u1ebft T\u1ed1 N\u1eef - Nh\u1eadt T\u00edn Health","robots":{"index":"noindex","follow":"follow","max-snippet":"max-snippet:-1","max-image-preview":"max-image-preview:large","max-video-preview":"max-video-preview:-1"},"og_locale":"vi_VN","og_type":"article","og_title":"B\u1ea3o xu\u00e2n 50+ \u2013 Vi\u00ean U\u1ed1ng H\u1ed7 Tr\u1ee3 C\u00e2n B\u1eb1ng N\u1ed9i Ti\u1ebft T\u1ed1 N\u1eef - Nh\u1eadt T\u00edn Health","og_description":"H\u00e0ng nh\u1eadp kh\u1ea9u ch\u00ednh h\u00e3ng  Li\u00ean h\u1ec7 \u0111\u1ec3 \u0111\u01b0\u1ee3c \u01b0u \u0111\u00e3i  Kh\u00f4ng ch\u00ednh h\u00e3ng ho\u00e0n ti\u1ec1n g\u1ea5p 3  Cam k\u1ebft ch\u1ea5t l\u01b0\u1ee3ng","og_url":"http:\/\/mau.hoabinhweb.com\/duocpham1\/san-pham\/bao-xuan-50-vien-uong-ho-tro-can-bang-noi-tiet-to-nu\/","og_site_name":"Nh\u1eadt T\u00edn Health","article_modified_time":"2022-05-27T09:47:50+00:00","og_image":[{"width":500,"height":500,"url":"http:\/\/mau.hoabinhweb.com\/duocpham1\/wp-content\/uploads\/2022\/05\/sanpham7.jpg","type":"image\/jpeg"}],"twitter_card":"summary_large_image","twitter_misc":{"\u01af\u1edbc t\u00ednh th\u1eddi gian \u0111\u1ecdc":"7 ph\u00fat"},"schema":{"@context":"https:\/\/schema.org","@graph":[{"@type":"WebSite","@id":"http:\/\/mau.hoabinhweb.com\/duocpham1\/#website","url":"http:\/\/mau.hoabinhweb.com\/duocpham1\/","name":"Nh\u1eadt T\u00edn Health","description":"","potentialAction":[{"@type":"SearchAction","target":{"@type":"EntryPoint","urlTemplate":"http:\/\/mau.hoabinhweb.com\/duocpham1\/?s={search_term_string}"},"query-input":"required name=search_term_string"}],"inLanguage":"vi"},{"@type":"ImageObject","inLanguage":"vi","@id":"http:\/\/mau.hoabinhweb.com\/duocpham1\/san-pham\/bao-xuan-50-vien-uong-ho-tro-can-bang-noi-tiet-to-nu\/#primaryimage","url":"http:\/\/mau.hoabinhweb.com\/duocpham1\/wp-content\/uploads\/2022\/05\/sanpham7.jpg","contentUrl":"http:\/\/mau.hoabinhweb.com\/duocpham1\/wp-content\/uploads\/2022\/05\/sanpham7.jpg","width":500,"height":500,"caption":"Sanpham7"},{"@type":"WebPage","@id":"http:\/\/mau.hoabinhweb.com\/duocpham1\/san-pham\/bao-xuan-50-vien-uong-ho-tro-can-bang-noi-tiet-to-nu\/#webpage","url":"http:\/\/mau.hoabinhweb.com\/duocpham1\/san-pham\/bao-xuan-50-vien-uong-ho-tro-can-bang-noi-tiet-to-nu\/","name":"B\u1ea3o xu\u00e2n 50+ \u2013 Vi\u00ean U\u1ed1ng H\u1ed7 Tr\u1ee3 C\u00e2n B\u1eb1ng N\u1ed9i Ti\u1ebft T\u1ed1 N\u1eef - Nh\u1eadt T\u00edn Health","isPartOf":{"@id":"http:\/\/mau.hoabinhweb.com\/duocpham1\/#website"},"primaryImageOfPage":{"@id":"http:\/\/mau.hoabinhweb.com\/duocpham1\/san-pham\/bao-xuan-50-vien-uong-ho-tro-can-bang-noi-tiet-to-nu\/#primaryimage"},"datePublished":"2022-05-27T09:43:02+00:00","dateModified":"2022-05-27T09:47:50+00:00","breadcrumb":{"@id":"http:\/\/mau.hoabinhweb.com\/duocpham1\/san-pham\/bao-xuan-50-vien-uong-ho-tro-can-bang-noi-tiet-to-nu\/#breadcrumb"},"inLanguage":"vi","potentialAction":[{"@type":"ReadAction","target":["http:\/\/mau.hoabinhweb.com\/duocpham1\/san-pham\/bao-xuan-50-vien-uong-ho-tro-can-bang-noi-tiet-to-nu\/"]}]},{"@type":"BreadcrumbList","@id":"http:\/\/mau.hoabinhweb.com\/duocpham1\/san-pham\/bao-xuan-50-vien-uong-ho-tro-can-bang-noi-tiet-to-nu\/#breadcrumb","itemListElement":[{"@type":"ListItem","position":1,"name":"Trang ch\u1ee7","item":"http:\/\/mau.hoabinhweb.com\/duocpham1\/"},{"@type":"ListItem","position":2,"name":"S\u1ea3n ph\u1ea9m","item":"http:\/\/mau.hoabinhweb.com\/duocpham1\/san-pham\/"},{"@type":"ListItem","position":3,"name":"S\u1ea3n ph\u1ea9m khuy\u1ebfn m\u1ea1i","item":"http:\/\/mau.hoabinhweb.com\/duocpham1\/danh-muc\/san-pham-khuyen-mai\/"},{"@type":"ListItem","position":4,"name":"B\u1ea3o xu\u00e2n 50+ \u2013 Vi\u00ean U\u1ed1ng H\u1ed7 Tr\u1ee3 C\u00e2n B\u1eb1ng N\u1ed9i Ti\u1ebft T\u1ed1 N\u1eef"}]}]}},"_links":{"self":[{"href":"http:\/\/mau.hoabinhweb.com\/duocpham1\/wp-json\/wp\/v2\/product\/55","targetHints":{"allow":["GET"]}}],"collection":[{"href":"http:\/\/mau.hoabinhweb.com\/duocpham1\/wp-json\/wp\/v2\/product"}],"about":[{"href":"http:\/\/mau.hoabinhweb.com\/duocpham1\/wp-json\/wp\/v2\/types\/product"}],"replies":[{"embeddable":true,"href":"http:\/\/mau.hoabinhweb.com\/duocpham1\/wp-json\/wp\/v2\/comments?post=55"}],"wp:featuredmedia":[{"embeddable":true,"href":"http:\/\/mau.hoabinhweb.com\/duocpham1\/wp-json\/wp\/v2\/media\/66"}],"wp:attachment":[{"href":"http:\/\/mau.hoabinhweb.com\/duocpham1\/wp-json\/wp\/v2\/media?parent=55"}],"wp:term":[{"taxonomy":"product_cat","embeddable":true,"href":"http:\/\/mau.hoabinhweb.com\/duocpham1\/wp-json\/wp\/v2\/product_cat?post=55"},{"taxonomy":"product_tag","embeddable":true,"href":"http:\/\/mau.hoabinhweb.com\/duocpham1\/wp-json\/wp\/v2\/product_tag?post=55"}],"curies":[{"name":"wp","href":"https:\/\/api.w.org\/{rel}","templated":true}]}}