{"id":207,"date":"2022-05-28T22:36:27","date_gmt":"2022-05-28T15:36:27","guid":{"rendered":"https:\/\/mau.hoabinhweb.com\/duocpham1\/?post_type=product&#038;p=207"},"modified":"2023-09-19T15:28:19","modified_gmt":"2023-09-19T08:28:19","slug":"vien-uong-chiet-xuat-cay-co-lun-ho-tro-tuyen-tien-liet-nam-gioi-orihiro-60-vien","status":"publish","type":"product","link":"http:\/\/mau.hoabinhweb.com\/duocpham1\/san-pham\/vien-uong-chiet-xuat-cay-co-lun-ho-tro-tuyen-tien-liet-nam-gioi-orihiro-60-vien\/","title":{"rendered":"Vi\u00ean u\u1ed1ng chi\u1ebft xu\u1ea5t c\u00e2y c\u1ecd l\u00f9n h\u1ed7 tr\u1ee3 tuy\u1ebfn ti\u1ec1n li\u1ec7t nam gi\u1edbi Orihiro 60 vi\u00ean"},"content":{"rendered":"<h2><strong>1. Th\u00f4ng tin chi ti\u1ebft s\u1ea3n ph\u1ea9m<\/strong><\/h2>\n<ul>\n<li>M\u00e3 code: 4571157256924<\/li>\n<li>Xu\u1ea5t x\u1ee9: Nh\u1eadt B\u1ea3n<\/li>\n<li>Nh\u00e0 s\u1ea3n xu\u1ea5t: Orihiro<\/li>\n<li>Quy c\u00e1ch \u0111\u00f3ng g\u00f3i: D\u1ea1ng vi\u00ean nang, 60 vi\u00ean\/ h\u1ed9p<\/li>\n<li>Tr\u1ecdng l\u01b0\u1ee3ng: 1 vi\u00ean 525mg \/ h\u00e0m l\u01b0\u1ee3ng ch\u1ea5t l\u1ecfng 340mg<\/li>\n<\/ul>\n<h2><strong>2. C\u00f4ng d\u1ee5ng ch\u00ednh s\u1ea3n ph\u1ea9m<\/strong><\/h2>\n<ul>\n<li>\n<h3>B\u1ea3o v\u1ec7 tuy\u1ebfn ti\u1ec1n li\u1ec7t \u1edf nam gi\u1edbi<\/h3>\n<\/li>\n<\/ul>\n<div>Ch\u1ee9c n\u0103ng b\u00e0i ti\u1ebft hormon c\u1ee7a tuy\u1ebfn ti\u1ec1n li\u1ec7t d\u1ef1a v\u00e0o c\u00e1c axit b\u00e9o, m\u00e0 h\u00e0m l\u01b0\u1ee3ng axit b\u00e9o trong h\u1ea1t b\u00ed \u0111\u1ecf r\u1ea5t phong ph\u00fa.<\/div>\n<div>Ngo\u00e0i ra, c\u00e1c th\u00e0nh ph\u1ea7n ho\u1ea1t ch\u1ea5t kh\u00e1c ch\u1ee9a trong h\u1ea1t b\u00ed \u0111\u1ecf c\u00f3 kh\u1ea3 n\u0103ng \u0111i\u1ec1u tr\u1ecb b\u1ec7nh vi\u00eam tuy\u1ebfn ti\u1ec1n li\u1ec7t \u1edf th\u1eddi k\u1ef3 \u0111\u1ea7u, \u0111\u1ed3ng th\u1eddi c\u0169ng c\u00f3 t\u00e1c d\u1ee5ng ph\u00f2ng ng\u1eeba b\u1ec7nh ung th\u01b0 tuy\u1ebfn ti\u1ec1n li\u1ec7t.<\/div>\n<ul>\n<li>\n<h3>H\u1ed7 tr\u1ee3 c\u1ea3i thi\u1ec7n ch\u1ea5t l\u01b0\u1ee3ng tinh tr\u00f9ng<\/h3>\n<\/li>\n<\/ul>\n<div>C\u0169ng nh\u01b0 trong h\u00e0u, trong b\u00ed \u0111\u1ecf ch\u1ee9a nhi\u1ec1u k\u1ebdm, c\u00f3 t\u00e1c d\u1ee5ng c\u1ea3i thi\u1ec7n ch\u1ea5t l\u01b0\u1ee3ng tinh tr\u00f9ng r\u1ea5t hi\u1ec7u qu\u1ea3.<\/div>\n<ul>\n<li>\n<h3>T\u0103ng c\u01b0\u1eddng Testosterone<\/h3>\n<\/li>\n<\/ul>\n<div>Chi\u1ebft xu\u1ea5t c\u1ecd l\u00f9n \u0111\u01b0\u1ee3c ch\u1ee9ng minh c\u00f3 kh\u1ea3 n\u0103ng duy tr\u00ec n\u1ed3ng \u0111\u1ed9 duy tr\u00ec Testosterone \u1edf nam gi\u1edbi.<\/div>\n<div>M\u1ed9t nghi\u00ean c\u1ee9u kh\u00e1c c\u1ee7a t\u1ea1p ch\u00ed Urologia Internationalis tr\u00ean 120 nam gi\u1edbi trong v\u00f2ng 2 n\u0103m \u0111\u00e3 ch\u1ee9ng minh t\u00e1c d\u1ee5ng kh\u00f4ng th\u1ec3 b\u00e0n c\u00e3i c\u1ee7a vi\u1ec7c s\u1eed d\u1ee5ng chi\u1ebft xu\u1ea5t c\u1ecf l\u00f9n trong vi\u1ec7c c\u1ea3i thi\u1ec7n ch\u1ee9c n\u0103ng sinh d\u1ee5c c\u1ee7a ph\u00e1i m\u1ea1nh n\u00f3i ri\u00eang v\u00e0 ch\u1ea5t l\u01b0\u1ee3ng cu\u1ed9c s\u1ed1ng n\u00f3i chung.<\/div>\n<ul>\n<li>\n<h3>H\u1ed7 tr\u1ee3 \u0111i\u1ec1u tr\u1ecb b\u1ec7nh Ph\u00ec \u0111\u1ea1i tuy\u1ebfn ti\u1ec1n li\u1ec7t<\/h3>\n<\/li>\n<\/ul>\n<div>Chi\u1ebft xu\u1ea5t c\u1ecd l\u00f9n th\u01b0\u1eddng \u0111\u01b0\u1ee3c s\u1eed d\u1ee5ng xuy\u00ean su\u1ed1t qu\u00e1 tr\u00ecnh \u0111i\u1ec1u tr\u1ecb b\u1ec7nh Ph\u00ec \u0111\u1ea1i tuy\u1ebfn ti\u1ec1n li\u1ec7t nh\u01b0 m\u1ed9t th\u1ef1c ph\u1ea9m ch\u1ee9c n\u0103ng l\u00e0m gi\u00e3n c\u01a1 trong tuy\u1ebfn ti\u1ec1n li\u1ec7t, ng\u0103n ch\u1eb7n s\u1ef1 l\u00e2y lan v\u00e0 ph\u00e1t tri\u1ec3n c\u1ee7a t\u1ebf b\u00e0o ung th\u01b0 tuy\u1ebfn ti\u1ec1n li\u1ec7t.<\/div>\n<ul>\n<li>\n<h3>Ng\u0103n ng\u1eeba r\u1ee5ng t\u00f3c<\/h3>\n<\/li>\n<\/ul>\n<div>DHT c\u00f2n \u0111\u01b0\u1ee3c bi\u1ebft t\u1edbi l\u00e0 hoocmon li\u00ean quan \u0111\u1ebfn vi\u1ec7c r\u1ee5ng t\u00f3c \u1edf c\u1ea3 nam v\u00e0 n\u1eef gi\u1edbi. Chi\u1ebft xu\u1ea5t c\u1ecd l\u00f9n gi\u00fap gi\u1ea3m s\u1ef1 h\u1ea5p thu c\u1ee7a DHT trong nang l\u00f4ng, gi\u1ea3m kh\u1ea3 n\u0103ng li\u00ean k\u1ebft v\u1edbi c\u00e1c hoocmon kh\u00e1c g\u00e2y ra vi\u1ec7c r\u1ee5ng t\u00f3c.<\/div>\n<ul>\n<li>\n<h3>Gi\u1ea3m huy\u1ebft \u00e1p<\/h3>\n<\/li>\n<\/ul>\n<div>H\u1ea1t b\u00ed \u0111\u1ecf r\u1ea5t gi\u00e0u axit pantothenic, v\u1ed1n c\u00f3 kh\u1ea3 n\u0103ng l\u00e0m gi\u1ea3m \u0111au th\u1eaft ng\u1ef1c v\u00e0 h\u1ea1 huy\u1ebft \u00e1p.<\/div>\n<h2><strong>3. Th\u00e0nh ph\u1ea7n ch\u00ednh s\u1ea3n ph\u1ea9m<\/strong><\/h2>\n<div>Chi\u1ebft xu\u1ea5t c\u00e2y c\u1ecd l\u00f9n, chi\u1ebft xu\u1ea5t h\u1ea1t b\u00ed ng\u00f4, b\u1ed9t Krachaidum, b\u1ed9t chi\u1ebft xu\u1ea5t nh\u00e2n s\u00e2m, vitamin E, k\u1ebdm, Selen.<\/div>\n<div><strong>H\u00e0m l\u01b0\u1ee3ng d\u01b0\u1ee1ng ch\u1ea5t c\u00f3 trong 2 vi\u00ean m\u1ed7i ng\u00e0y:<\/strong><\/div>\n<ul>\n<li>L\u01b0\u1ee3ng calo \u2026\u2026\u2026\u2026\u2026\u2026\u2026\u2026\u2026\u2026\u20267kcal<\/li>\n<li>Protein \u2026\u2026\u2026\u2026\u2026\u2026\u2026\u2026\u2026\u2026\u2026\u2026. 0,28g<\/li>\n<li>Lipid \u2026\u2026\u2026\u2026\u2026\u2026\u2026\u2026\u2026\u2026\u2026\u2026\u2026.. 0,61g<\/li>\n<li>Carbohydrate \u2026\u2026\u2026\u2026\u2026\u2026\u2026\u2026\u2026.. 0,1g<\/li>\n<li>Mu\u1ed1i t\u01b0\u01a1ng t\u01b0\u01a1ng \u2026\u2026\u2026\u2026\u2026\u2026\u2026.. 0-0,02g<\/li>\n<\/ul>\n<h2><strong>4. C\u00e1ch s\u1eed d\u1ee5ng s\u1ea3n ph\u1ea9m<\/strong><\/h2>\n<ul>\n<li>U\u1ed1ng 2 vi\u00ean\/ ng\u00e0y v\u1edbi n\u01b0\u1edbc \u1ea5m<\/li>\n<li>S\u1eed d\u1ee5ng sau khi \u0103n kho\u1ea3ng 30 ph\u00fat<\/li>\n<\/ul>\n<h2><strong>5. \u0110\u1ed1i t\u01b0\u1ee3ng s\u1eed d\u1ee5ng s\u1ea3n ph\u1ea9m<\/strong><\/h2>\n<ul>\n<li>D\u00f9ng cho ng\u01b0\u1eddi b\u00ecnh th\u01b0\u1eddng mu\u1ed1n t\u0103ng c\u01b0\u1eddng s\u1ee9c kh\u1ecfe<\/li>\n<li>Ph\u00f9 h\u1ee3p v\u1edbi nam\/n\u1eef gi\u1edbi g\u1eb7p v\u1ea5n \u0111\u1ec1 v\u1ec1 hormon, n\u1ed9i ti\u1ebft<\/li>\n<li>C\u1ef1c k\u00ec th\u00edch h\u1ee3p v\u1edbi \u0111\u1ed1i t\u01b0\u1ee3ng b\u1ecb ph\u00ec \u0111\u1ea1i tuy\u1ebfn ti\u1ec1n li\u1ec7t<\/li>\n<li>Ph\u00f9 h\u1ee3p v\u1edbi nh\u1eefng \u0111\u1ed1i t\u01b0\u1ee3ng g\u1eb7p v\u1ea5n \u0111\u1ec1 v\u1ec1 kh\u1ea3 n\u0103ng sinh s\u1ea3n<\/li>\n<\/ul>\n<div><strong>L\u01b0u \u00fd:<\/strong><\/div>\n<ul>\n<li>Kh\u00f4ng s\u1eed d\u1ee5ng cho \u0111\u1ed1i t\u01b0\u1ee3ng d\u01b0\u1edbi 18 tu\u1ed5i<\/li>\n<li>Ph\u1ee5 n\u1eef \u0111ang mang thai, \u0111ang cho con b\u00fa ho\u1eb7c \u0111\u1ed1i t\u01b0\u1ee3ng \u0111ang \u0111i\u1ec1u tr\u1ecb b\u1ec7nh n\u00ean h\u1ecfi \u00fd ki\u1ebfn b\u00e1c s\u0129 tr\u01b0\u1edbc khi s\u1eed d\u1ee5ng<\/li>\n<\/ul>\n","protected":false},"excerpt":{"rendered":"<ul>\n<li>B\u1ea3o v\u1ec7 tuy\u1ebfn ti\u1ec1n li\u1ec7t \u1edf nam gi\u1edbi<\/li>\n<li>H\u1ed7 tr\u1ee3 c\u1ea3i thi\u1ec7n ch\u1ea5t l\u01b0\u1ee3ng tinh tr\u00f9ng<\/li>\n<li>T\u0103ng c\u01b0\u1eddng Testosterone<\/li>\n<li>H\u1ed7 tr\u1ee3 \u0111i\u1ec1u tr\u1ecb b\u1ec7nh Ph\u00ec \u0111\u1ea1i tuy\u1ebfn ti\u1ec1n li\u1ec7t<\/li>\n<li>Ng\u0103n ng\u1eeba r\u1ee5ng t\u00f3c<\/li>\n<li>Gi\u1ea3m huy\u1ebft \u00e1p<\/li>\n<\/ul>\n","protected":false},"featured_media":208,"comment_status":"closed","ping_status":"closed","template":"","meta":[],"product_cat":[22],"product_tag":[],"class_list":["post-207","product","type-product","status-publish","has-post-thumbnail","hentry","product_cat-sinh-ly-nam-nu"],"yoast_head":"<!-- This site is optimized with the Yoast SEO plugin v18.9 - https:\/\/yoast.com\/wordpress\/plugins\/seo\/ -->\n<title>Vi\u00ean u\u1ed1ng chi\u1ebft xu\u1ea5t c\u00e2y c\u1ecd l\u00f9n h\u1ed7 tr\u1ee3 tuy\u1ebfn ti\u1ec1n li\u1ec7t nam gi\u1edbi Orihiro 60 vi\u00ean - Nh\u1eadt T\u00edn Health<\/title>\n<meta name=\"robots\" content=\"noindex, follow, max-snippet:-1, max-image-preview:large, max-video-preview:-1\" \/>\n<meta property=\"og:locale\" content=\"vi_VN\" \/>\n<meta property=\"og:type\" content=\"article\" \/>\n<meta property=\"og:title\" content=\"Vi\u00ean u\u1ed1ng chi\u1ebft xu\u1ea5t c\u00e2y c\u1ecd l\u00f9n h\u1ed7 tr\u1ee3 tuy\u1ebfn ti\u1ec1n li\u1ec7t nam gi\u1edbi Orihiro 60 vi\u00ean - Nh\u1eadt T\u00edn Health\" \/>\n<meta property=\"og:description\" content=\"B\u1ea3o v\u1ec7 tuy\u1ebfn ti\u1ec1n li\u1ec7t \u1edf nam gi\u1edbi  H\u1ed7 tr\u1ee3 c\u1ea3i thi\u1ec7n ch\u1ea5t l\u01b0\u1ee3ng tinh tr\u00f9ng  T\u0103ng c\u01b0\u1eddng Testosterone  H\u1ed7 tr\u1ee3 \u0111i\u1ec1u tr\u1ecb b\u1ec7nh Ph\u00ec \u0111\u1ea1i tuy\u1ebfn ti\u1ec1n li\u1ec7t  Ng\u0103n ng\u1eeba r\u1ee5ng t\u00f3c  Gi\u1ea3m huy\u1ebft \u00e1p\" \/>\n<meta property=\"og:url\" content=\"http:\/\/mau.hoabinhweb.com\/duocpham1\/san-pham\/vien-uong-chiet-xuat-cay-co-lun-ho-tro-tuyen-tien-liet-nam-gioi-orihiro-60-vien\/\" \/>\n<meta property=\"og:site_name\" content=\"Nh\u1eadt T\u00edn Health\" \/>\n<meta property=\"article:modified_time\" content=\"2023-09-19T08:28:19+00:00\" \/>\n<meta property=\"og:image\" content=\"http:\/\/mau.hoabinhweb.com\/duocpham1\/wp-content\/uploads\/2022\/05\/1118.jpg\" \/>\n\t<meta property=\"og:image:width\" content=\"500\" \/>\n\t<meta property=\"og:image:height\" content=\"500\" \/>\n\t<meta property=\"og:image:type\" content=\"image\/jpeg\" \/>\n<meta name=\"twitter:card\" content=\"summary_large_image\" \/>\n<meta name=\"twitter:label1\" content=\"\u01af\u1edbc t\u00ednh th\u1eddi gian \u0111\u1ecdc\" \/>\n\t<meta name=\"twitter:data1\" content=\"3 ph\u00fat\" \/>\n<script type=\"application\/ld+json\" class=\"yoast-schema-graph\">{\"@context\":\"https:\/\/schema.org\",\"@graph\":[{\"@type\":\"WebSite\",\"@id\":\"http:\/\/mau.hoabinhweb.com\/duocpham1\/#website\",\"url\":\"http:\/\/mau.hoabinhweb.com\/duocpham1\/\",\"name\":\"Nh\u1eadt T\u00edn Health\",\"description\":\"\",\"potentialAction\":[{\"@type\":\"SearchAction\",\"target\":{\"@type\":\"EntryPoint\",\"urlTemplate\":\"http:\/\/mau.hoabinhweb.com\/duocpham1\/?s={search_term_string}\"},\"query-input\":\"required name=search_term_string\"}],\"inLanguage\":\"vi\"},{\"@type\":\"ImageObject\",\"inLanguage\":\"vi\",\"@id\":\"http:\/\/mau.hoabinhweb.com\/duocpham1\/san-pham\/vien-uong-chiet-xuat-cay-co-lun-ho-tro-tuyen-tien-liet-nam-gioi-orihiro-60-vien\/#primaryimage\",\"url\":\"http:\/\/mau.hoabinhweb.com\/duocpham1\/wp-content\/uploads\/2022\/05\/1118.jpg\",\"contentUrl\":\"http:\/\/mau.hoabinhweb.com\/duocpham1\/wp-content\/uploads\/2022\/05\/1118.jpg\",\"width\":500,\"height\":500,\"caption\":\"1118\"},{\"@type\":\"WebPage\",\"@id\":\"http:\/\/mau.hoabinhweb.com\/duocpham1\/san-pham\/vien-uong-chiet-xuat-cay-co-lun-ho-tro-tuyen-tien-liet-nam-gioi-orihiro-60-vien\/#webpage\",\"url\":\"http:\/\/mau.hoabinhweb.com\/duocpham1\/san-pham\/vien-uong-chiet-xuat-cay-co-lun-ho-tro-tuyen-tien-liet-nam-gioi-orihiro-60-vien\/\",\"name\":\"Vi\u00ean u\u1ed1ng chi\u1ebft xu\u1ea5t c\u00e2y c\u1ecd l\u00f9n h\u1ed7 tr\u1ee3 tuy\u1ebfn ti\u1ec1n li\u1ec7t nam gi\u1edbi Orihiro 60 vi\u00ean - Nh\u1eadt T\u00edn Health\",\"isPartOf\":{\"@id\":\"http:\/\/mau.hoabinhweb.com\/duocpham1\/#website\"},\"primaryImageOfPage\":{\"@id\":\"http:\/\/mau.hoabinhweb.com\/duocpham1\/san-pham\/vien-uong-chiet-xuat-cay-co-lun-ho-tro-tuyen-tien-liet-nam-gioi-orihiro-60-vien\/#primaryimage\"},\"datePublished\":\"2022-05-28T15:36:27+00:00\",\"dateModified\":\"2023-09-19T08:28:19+00:00\",\"breadcrumb\":{\"@id\":\"http:\/\/mau.hoabinhweb.com\/duocpham1\/san-pham\/vien-uong-chiet-xuat-cay-co-lun-ho-tro-tuyen-tien-liet-nam-gioi-orihiro-60-vien\/#breadcrumb\"},\"inLanguage\":\"vi\",\"potentialAction\":[{\"@type\":\"ReadAction\",\"target\":[\"http:\/\/mau.hoabinhweb.com\/duocpham1\/san-pham\/vien-uong-chiet-xuat-cay-co-lun-ho-tro-tuyen-tien-liet-nam-gioi-orihiro-60-vien\/\"]}]},{\"@type\":\"BreadcrumbList\",\"@id\":\"http:\/\/mau.hoabinhweb.com\/duocpham1\/san-pham\/vien-uong-chiet-xuat-cay-co-lun-ho-tro-tuyen-tien-liet-nam-gioi-orihiro-60-vien\/#breadcrumb\",\"itemListElement\":[{\"@type\":\"ListItem\",\"position\":1,\"name\":\"Trang ch\u1ee7\",\"item\":\"http:\/\/mau.hoabinhweb.com\/duocpham1\/\"},{\"@type\":\"ListItem\",\"position\":2,\"name\":\"S\u1ea3n ph\u1ea9m\",\"item\":\"http:\/\/mau.hoabinhweb.com\/duocpham1\/san-pham\/\"},{\"@type\":\"ListItem\",\"position\":3,\"name\":\"Sinh L\u00fd Nam, N\u1eef\",\"item\":\"http:\/\/mau.hoabinhweb.com\/duocpham1\/danh-muc\/sinh-ly-nam-nu\/\"},{\"@type\":\"ListItem\",\"position\":4,\"name\":\"Vi\u00ean u\u1ed1ng chi\u1ebft xu\u1ea5t c\u00e2y c\u1ecd l\u00f9n h\u1ed7 tr\u1ee3 tuy\u1ebfn ti\u1ec1n li\u1ec7t nam gi\u1edbi Orihiro 60 vi\u00ean\"}]}]}<\/script>\n<!-- \/ Yoast SEO plugin. -->","yoast_head_json":{"title":"Vi\u00ean u\u1ed1ng chi\u1ebft xu\u1ea5t c\u00e2y c\u1ecd l\u00f9n h\u1ed7 tr\u1ee3 tuy\u1ebfn ti\u1ec1n li\u1ec7t nam gi\u1edbi Orihiro 60 vi\u00ean - Nh\u1eadt T\u00edn Health","robots":{"index":"noindex","follow":"follow","max-snippet":"max-snippet:-1","max-image-preview":"max-image-preview:large","max-video-preview":"max-video-preview:-1"},"og_locale":"vi_VN","og_type":"article","og_title":"Vi\u00ean u\u1ed1ng chi\u1ebft xu\u1ea5t c\u00e2y c\u1ecd l\u00f9n h\u1ed7 tr\u1ee3 tuy\u1ebfn ti\u1ec1n li\u1ec7t nam gi\u1edbi Orihiro 60 vi\u00ean - Nh\u1eadt T\u00edn Health","og_description":"B\u1ea3o v\u1ec7 tuy\u1ebfn ti\u1ec1n li\u1ec7t \u1edf nam gi\u1edbi  H\u1ed7 tr\u1ee3 c\u1ea3i thi\u1ec7n ch\u1ea5t l\u01b0\u1ee3ng tinh tr\u00f9ng  T\u0103ng c\u01b0\u1eddng Testosterone  H\u1ed7 tr\u1ee3 \u0111i\u1ec1u tr\u1ecb b\u1ec7nh Ph\u00ec \u0111\u1ea1i tuy\u1ebfn ti\u1ec1n li\u1ec7t  Ng\u0103n ng\u1eeba r\u1ee5ng t\u00f3c  Gi\u1ea3m huy\u1ebft \u00e1p","og_url":"http:\/\/mau.hoabinhweb.com\/duocpham1\/san-pham\/vien-uong-chiet-xuat-cay-co-lun-ho-tro-tuyen-tien-liet-nam-gioi-orihiro-60-vien\/","og_site_name":"Nh\u1eadt T\u00edn Health","article_modified_time":"2023-09-19T08:28:19+00:00","og_image":[{"width":500,"height":500,"url":"http:\/\/mau.hoabinhweb.com\/duocpham1\/wp-content\/uploads\/2022\/05\/1118.jpg","type":"image\/jpeg"}],"twitter_card":"summary_large_image","twitter_misc":{"\u01af\u1edbc t\u00ednh th\u1eddi gian \u0111\u1ecdc":"3 ph\u00fat"},"schema":{"@context":"https:\/\/schema.org","@graph":[{"@type":"WebSite","@id":"http:\/\/mau.hoabinhweb.com\/duocpham1\/#website","url":"http:\/\/mau.hoabinhweb.com\/duocpham1\/","name":"Nh\u1eadt T\u00edn Health","description":"","potentialAction":[{"@type":"SearchAction","target":{"@type":"EntryPoint","urlTemplate":"http:\/\/mau.hoabinhweb.com\/duocpham1\/?s={search_term_string}"},"query-input":"required name=search_term_string"}],"inLanguage":"vi"},{"@type":"ImageObject","inLanguage":"vi","@id":"http:\/\/mau.hoabinhweb.com\/duocpham1\/san-pham\/vien-uong-chiet-xuat-cay-co-lun-ho-tro-tuyen-tien-liet-nam-gioi-orihiro-60-vien\/#primaryimage","url":"http:\/\/mau.hoabinhweb.com\/duocpham1\/wp-content\/uploads\/2022\/05\/1118.jpg","contentUrl":"http:\/\/mau.hoabinhweb.com\/duocpham1\/wp-content\/uploads\/2022\/05\/1118.jpg","width":500,"height":500,"caption":"1118"},{"@type":"WebPage","@id":"http:\/\/mau.hoabinhweb.com\/duocpham1\/san-pham\/vien-uong-chiet-xuat-cay-co-lun-ho-tro-tuyen-tien-liet-nam-gioi-orihiro-60-vien\/#webpage","url":"http:\/\/mau.hoabinhweb.com\/duocpham1\/san-pham\/vien-uong-chiet-xuat-cay-co-lun-ho-tro-tuyen-tien-liet-nam-gioi-orihiro-60-vien\/","name":"Vi\u00ean u\u1ed1ng chi\u1ebft xu\u1ea5t c\u00e2y c\u1ecd l\u00f9n h\u1ed7 tr\u1ee3 tuy\u1ebfn ti\u1ec1n li\u1ec7t nam gi\u1edbi Orihiro 60 vi\u00ean - Nh\u1eadt T\u00edn Health","isPartOf":{"@id":"http:\/\/mau.hoabinhweb.com\/duocpham1\/#website"},"primaryImageOfPage":{"@id":"http:\/\/mau.hoabinhweb.com\/duocpham1\/san-pham\/vien-uong-chiet-xuat-cay-co-lun-ho-tro-tuyen-tien-liet-nam-gioi-orihiro-60-vien\/#primaryimage"},"datePublished":"2022-05-28T15:36:27+00:00","dateModified":"2023-09-19T08:28:19+00:00","breadcrumb":{"@id":"http:\/\/mau.hoabinhweb.com\/duocpham1\/san-pham\/vien-uong-chiet-xuat-cay-co-lun-ho-tro-tuyen-tien-liet-nam-gioi-orihiro-60-vien\/#breadcrumb"},"inLanguage":"vi","potentialAction":[{"@type":"ReadAction","target":["http:\/\/mau.hoabinhweb.com\/duocpham1\/san-pham\/vien-uong-chiet-xuat-cay-co-lun-ho-tro-tuyen-tien-liet-nam-gioi-orihiro-60-vien\/"]}]},{"@type":"BreadcrumbList","@id":"http:\/\/mau.hoabinhweb.com\/duocpham1\/san-pham\/vien-uong-chiet-xuat-cay-co-lun-ho-tro-tuyen-tien-liet-nam-gioi-orihiro-60-vien\/#breadcrumb","itemListElement":[{"@type":"ListItem","position":1,"name":"Trang ch\u1ee7","item":"http:\/\/mau.hoabinhweb.com\/duocpham1\/"},{"@type":"ListItem","position":2,"name":"S\u1ea3n ph\u1ea9m","item":"http:\/\/mau.hoabinhweb.com\/duocpham1\/san-pham\/"},{"@type":"ListItem","position":3,"name":"Sinh L\u00fd Nam, N\u1eef","item":"http:\/\/mau.hoabinhweb.com\/duocpham1\/danh-muc\/sinh-ly-nam-nu\/"},{"@type":"ListItem","position":4,"name":"Vi\u00ean u\u1ed1ng chi\u1ebft xu\u1ea5t c\u00e2y c\u1ecd l\u00f9n h\u1ed7 tr\u1ee3 tuy\u1ebfn ti\u1ec1n li\u1ec7t nam gi\u1edbi Orihiro 60 vi\u00ean"}]}]}},"_links":{"self":[{"href":"http:\/\/mau.hoabinhweb.com\/duocpham1\/wp-json\/wp\/v2\/product\/207","targetHints":{"allow":["GET"]}}],"collection":[{"href":"http:\/\/mau.hoabinhweb.com\/duocpham1\/wp-json\/wp\/v2\/product"}],"about":[{"href":"http:\/\/mau.hoabinhweb.com\/duocpham1\/wp-json\/wp\/v2\/types\/product"}],"replies":[{"embeddable":true,"href":"http:\/\/mau.hoabinhweb.com\/duocpham1\/wp-json\/wp\/v2\/comments?post=207"}],"wp:featuredmedia":[{"embeddable":true,"href":"http:\/\/mau.hoabinhweb.com\/duocpham1\/wp-json\/wp\/v2\/media\/208"}],"wp:attachment":[{"href":"http:\/\/mau.hoabinhweb.com\/duocpham1\/wp-json\/wp\/v2\/media?parent=207"}],"wp:term":[{"taxonomy":"product_cat","embeddable":true,"href":"http:\/\/mau.hoabinhweb.com\/duocpham1\/wp-json\/wp\/v2\/product_cat?post=207"},{"taxonomy":"product_tag","embeddable":true,"href":"http:\/\/mau.hoabinhweb.com\/duocpham1\/wp-json\/wp\/v2\/product_tag?post=207"}],"curies":[{"name":"wp","href":"https:\/\/api.w.org\/{rel}","templated":true}]}}