{"id":204,"date":"2022-05-28T22:32:37","date_gmt":"2022-05-28T15:32:37","guid":{"rendered":"https:\/\/mau.hoabinhweb.com\/duocpham1\/?post_type=product&#038;p=204"},"modified":"2022-05-28T22:32:37","modified_gmt":"2022-05-28T15:32:37","slug":"vien-uong-ho-tro-tang-cuong-sinh-ly-maca-3000-orihiro-360-vien","status":"publish","type":"product","link":"http:\/\/mau.hoabinhweb.com\/duocpham1\/san-pham\/vien-uong-ho-tro-tang-cuong-sinh-ly-maca-3000-orihiro-360-vien\/","title":{"rendered":"Vi\u00ean u\u1ed1ng h\u1ed7 tr\u1ee3 t\u0103ng c\u01b0\u1eddng sinh l\u00fd Maca 3000 Orihiro 360 vi\u00ean"},"content":{"rendered":"<h3><strong>Vi\u00ean u\u1ed1ng h\u1ed7 tr\u1ee3 t\u0103ng c\u01b0\u1eddng sinh l\u00fd Maca 3000 Orihiro 360 vi\u00ean<\/strong><\/h3>\n<h2><strong>1. Th\u00f4ng tin chi ti\u1ebft s\u1ea3n ph\u1ea9m<\/strong><\/h2>\n<ul>\n<li>M\u00e3 code: 4571157256696<\/li>\n<li>Xu\u1ea5t x\u1ee9: Nh\u1eadt B\u1ea3n<\/li>\n<li>Nh\u00e0 s\u1ea3n xu\u1ea5t: Orihiro<\/li>\n<li>Quy c\u00e1ch \u0111\u00f3ng g\u00f3i: D\u1ea1ng vi\u00ean, 360 vi\u00ean\/ t\u00fai<\/li>\n<li>Tr\u1ecdng l\u01b0\u1ee3ng: 1250mg x 360 vi\u00ean ( 90g\/ t\u00fai)<\/li>\n<\/ul>\n<h2><strong>2. C\u00f4ng d\u1ee5ng ch\u00ednh s\u1ea3n ph\u1ea9m<\/strong><\/h2>\n<ul>\n<li>\n<h3>T\u0103ng kh\u1ea3 n\u0103ng sinh s\u1ea3n c\u1ee7a nam gi\u1edbi<\/h3>\n<\/li>\n<\/ul>\n<div>M\u1ed9t nghi\u00ean c\u1ee9u \u1edf Peru cho th\u1ea5y vi\u1ec7c b\u1ed5 sung maca trong 8 tu\u1ea7n l\u00e0m t\u0103ng ham mu\u1ed1n t\u00ecnh d\u1ee5c \u1edf nam gi\u1edbi. Trong khi \u0111\u00f3, m\u1ed9t nghi\u00ean c\u1ee9u kh\u00e1c v\u00e0o n\u0103m 2001 cho th\u1ea5y maca gi\u00fap c\u1ea3i thi\u1ec7n ch\u1ea5t l\u01b0\u1ee3ng v\u00e0 s\u1ed1 l\u01b0\u1ee3ng tinh tr\u00f9ng. M\u1ed9t nghi\u00ean c\u1ee9u \u0111\u00e3 l\u00e0m th\u00ed nghi\u1ec7m tr\u00ean 9 ng\u01b0\u1eddi \u0111\u00e0n \u00f4ng. Sau khi \u0103n maca trong 4 th\u00e1ng, tinh tr\u00f9ng c\u1ee7a nh\u1eefng ng\u01b0\u1eddi n\u00e0y \u0111\u00e3 t\u0103ng v\u1ec1 kh\u1ed1i l\u01b0\u1ee3ng, s\u1ed1 l\u01b0\u1ee3ng v\u00e0 kh\u1ea3 n\u0103ng ho\u1ea1t \u0111\u1ed9ng.<\/div>\n<ul>\n<li>\n<h3>C\u00e2n b\u1eb1ng n\u1ed3ng \u0111\u1ed9 estrogen<\/h3>\n<\/li>\n<\/ul>\n<div>Maca c\u00f3 th\u1ec3 gi\u00fap c\u00e2n b\u1eb1ng v\u00e0 ki\u1ec3m so\u00e1t l\u01b0\u1ee3ng estrogen trong c\u01a1 th\u1ec3. Maca gi\u00fap ph\u1ee5 n\u1eef m\u00e3n kinh c\u1ea3m th\u1ea5y d\u1ec5 ch\u1ecbu h\u01a1n. M\u00e3n kinh l\u00e0 th\u1eddi k\u1ef3 kinh nguy\u1ec7t c\u1ee7a ph\u1ee5 n\u1eef ch\u1ea5m d\u1ee9t v\u0129nh vi\u1ec5n. S\u1ef1 suy gi\u1ea3m estrogen x\u1ea3y ra trong giai \u0111o\u1ea1n n\u00e0y c\u00f3 th\u1ec3 g\u00e2y ra m\u1ed9t lo\u1ea1t c\u00e1c tri\u1ec7u ch\u1ee9ng kh\u00f3 ch\u1ecbu. C\u00e1c tri\u1ec7u ch\u1ee9ng bao \u0111\u00f3 g\u1ed3m: b\u1ed1c h\u1ecfa, kh\u00f4 \u00e2m \u0111\u1ea1o, t\u00e2m tr\u1ea1ng th\u1ea5t th\u01b0\u1eddng, m\u1ea5t ng\u1ee7 v\u00e0 nhi\u1ec1u c\u1ea3m kh\u00f3 ch\u1ecbu kh\u00e1c.<\/div>\n<div>K\u1ebdm gi\u00fap c\u00e2n b\u1eb1ng r\u1ea5t nhi\u1ec1u n\u1ed9i ti\u1ebft t\u1ed1t trong c\u01a1 th\u1ec3. V\u00ed d\u1ee5, k\u1ebdm c\u1ea7n thi\u1ebft cho s\u1ea3n xu\u1ea5t insulin \u2013 r\u1ea5t quan tr\u1ecdng \u0111\u1ec3 \u0111i\u1ec1u ti\u1ebft l\u01b0\u1ee3ng \u0111\u01b0\u1eddng trong m\u00e1u. K\u1ebdm c\u0169ng c\u1ea7n thi\u1ebft cho k\u00edch th\u00edch t\u1ed1 sinh s\u1ea3n v\u00e0 k\u00edch th\u00edch t\u1ed1 tuy\u1ebfn gi\u00e1p. C\u00f3 \u0111\u1ee7 k\u1ebdm s\u1ebd gi\u00fap b\u1ea1n c\u1ea3m th\u1ea5y kh\u1ecfe m\u1ea1nh b\u1edfi v\u00ec k\u00edch th\u00edch t\u1ed1 trong c\u01a1 th\u1ec3 b\u1ea1n s\u1ebd \u0111\u01b0\u1ee3c c\u00e2n b\u1eb1ng.<\/div>\n<ul>\n<li>\n<h3>C\u1ea3i thi\u1ec7n s\u1ee9c kh\u1ecfe n\u00e3o b\u1ed9<\/h3>\n<\/li>\n<\/ul>\n<div>K\u1ebdm l\u00e0 kho\u00e1ng ch\u1ea5t r\u1ea5t quan tr\u1ecdng cho s\u1ee9c kh\u1ecfe n\u00e3o b\u1ed9. K\u1ebdm c\u00f9ng v\u1edbi vitamin B6 gi\u00fap ch\u1ea5t d\u1eabn truy\u1ec1n th\u1ea7n kinh trong b\u1ed9 n\u00e3o c\u1ee7a b\u1ea1n ho\u1ea1t \u0111\u1ed9ng t\u1ed1t h\u01a1n. \u0110i\u1ec1u th\u00fa v\u1ecb l\u00e0 v\u00f9ng \u0111\u1ed3i h\u1ea3i m\u00e3 \u2013 trung t\u00e2m b\u1ed9 nh\u1edb c\u1ee7a n\u00e3o b\u1ed9, c\u00f3 ch\u1ee9a l\u01b0\u1ee3ng k\u1ebdm r\u1ea5t cao. R\u00f5 r\u00e0ng, n\u1ebfu b\u1ea1n mu\u1ed1n c\u1ea3i thi\u1ec7n s\u1ee9c kh\u1ecfe n\u00e3o b\u1ed9, h\u00e3y cung c\u1ea5p \u0111\u1ee7 k\u1ebdm cho c\u01a1 th\u1ec3.<\/div>\n<ul>\n<li>\n<h3>Cung c\u1ea5p ch\u1ea5t ch\u1ed1ng Oxy h\u00f3a tuy\u1ec7t v\u1eddi<\/h3>\n<\/li>\n<\/ul>\n<div>Maca ho\u1ea1t \u0111\u1ed9ng nh\u01b0 m\u1ed9t ch\u1ea5t ch\u1ed1ng oxy h\u00f3a t\u1ef1 nhi\u00ean, th\u00fac \u0111\u1ea9y m\u1ee9c \u0111\u1ed9 ch\u1ea5t ch\u1ed1ng oxy h\u00f3a nh\u01b0 glutathione v\u00e0 superoxide dismutase trong c\u01a1 th\u1ec3. Ch\u1ea5t ch\u1ed1ng oxy h\u00f3a gi\u00fap trung h\u00f2a c\u00e1c g\u1ed1c t\u1ef1 do c\u00f3 h\u1ea1i, ch\u1ed1ng l\u1ea1i c\u00e1c b\u1ec7nh m\u00e3n t\u00ednh v\u00e0 ng\u0103n ng\u1eeba t\u1ed5n th\u01b0\u01a1ng c\u00e1c t\u1ebf b\u00e0o.<\/div>\n<ul>\n<li>Gi\u00fap gia t\u0103ng ho\u00f3c m\u00f4n t\u0103ng tr\u01b0\u1edfng trong m\u00e1u.<\/li>\n<li>H\u1ed7 tr\u1ee3 s\u1ef1 t\u1ea1o m\u00e1u trong c\u01a1 th\u1ec3.<\/li>\n<li>C\u1ea3i thi\u1ec7n hi\u1ec7u qu\u1ea3 c\u1ee7a qu\u00e1 tr\u00ecnh chuy\u1ec3n h\u00f3a cholesterol.<\/li>\n<li>Cung c\u1ea5p c\u00e1c ch\u1ea5t c\u1ea7n thi\u1ebft t\u1ea1o s\u1ee9c b\u1ec1n v\u00e0 n\u00e2ng cao sinh l\u1ef1c c\u1ea3i thi\u1ec7n h\u1ec7 n\u1ed9i ti\u1ebft, t\u1ea1o ham mu\u1ed1n.<\/li>\n<\/ul>\n<h2><strong>3. Th\u00e0nh ph\u1ea7n ch\u00ednh s\u1ea3n ph\u1ea9m<\/strong><\/h2>\n<div>B\u1ed9t chi\u1ebft xu\u1ea5t Maca, b\u1ed9t Suppon, b\u1ed9t tr\u1ee9ng Suppon, b\u1ed9t chi\u1ebft xu\u1ea5t nh\u00e2n s\u00e2m, b\u1ed9t chi\u1ebft xu\u1ea5t Eleuthero, K\u1ebdm, Vitamin B1.<\/div>\n<div><strong>H\u00e0m l\u01b0\u1ee3ng d\u01b0\u1ee1ng ch\u1ea5t c\u00f3 trong 6 vi\u00ean m\u1ed7i ng\u00e0y:<\/strong><\/div>\n<ul>\n<li>L\u01b0\u1ee3ng calo \u2026\u2026\u2026\u2026\u2026\u2026\u2026\u2026\u2026\u2026\u2026\u2026\u2026\u2026\u2026\u2026\u2026\u2026\u20265,8kcal<\/li>\n<li>Protein \u2026\u2026\u2026\u2026\u2026\u2026\u2026\u2026\u2026\u2026\u2026\u2026\u2026\u2026\u2026\u2026\u2026\u2026\u2026\u2026..0,042g<\/li>\n<li>Lipid \u2026\u2026\u2026\u2026\u2026\u2026\u2026\u2026\u2026\u2026\u2026\u2026\u2026\u2026\u2026\u2026\u2026\u2026\u2026\u2026\u2026\u20260,041g<\/li>\n<li>Carbohydrate \u2026\u2026\u2026\u2026\u2026\u2026\u2026\u2026\u2026\u2026\u2026\u2026\u2026\u2026\u2026\u2026\u20261,33g<\/li>\n<li>Mu\u1ed1i t\u01b0\u01a1ng \u0111\u01b0\u01a1ng \u2026\u2026\u2026\u2026\u2026\u2026\u2026\u2026\u2026\u2026\u2026\u2026\u2026\u2026\u2026\u20260-0,02g<\/li>\n<\/ul>\n<h2><strong>4. C\u00e1ch s\u1eed d\u1ee5ng s\u1ea3n ph\u1ea9m<\/strong><\/h2>\n<ul>\n<li>U\u1ed1ng 6 vi\u00ean m\u1ed7i ng\u00e0y v\u1edbi n\u01b0\u1edbc ho\u1eb7c n\u01b0\u1edbc \u1ea5m; c\u00f3 th\u1ec3 chia l\u00e0m 2 l\u1ea7n.<\/li>\n<\/ul>\n<h2><strong>5. \u0110\u1ed1i t\u01b0\u1ee3ng s\u1eed d\u1ee5ng s\u1ea3n ph\u1ea9m<\/strong><\/h2>\n<ul>\n<li>Ph\u00f9 h\u1ee3p v\u1edbi \u0111\u1ed1i t\u01b0\u1ee3ng t\u0103ng c\u01b0\u1eddng sinh l\u1ef1c, c\u1ea3i thi\u1ec7n cu\u1ed9c s\u1ed1ng<\/li>\n<li>Ng\u01b0\u1eddi b\u00ecnh th\u01b0\u1eddng mu\u1ed1n t\u0103ng c\u01b0\u1eddng s\u1ee9c kh\u1ecfe<\/li>\n<\/ul>\n<div><strong>L\u01b0u \u00fd:<\/strong><\/div>\n<ul>\n<li>Kh\u00f4ng s\u1eed d\u1ee5ng cho \u0111\u1ed1i t\u01b0\u1ee3ng d\u01b0\u1edbi 18 tu\u1ed5i<\/li>\n<li>Ph\u1ee5 n\u1eef \u0111ang mang thai v\u00e0 \u0111ang cho con b\u00fa, \u0111\u1ed1i t\u01b0\u1ee3ng \u0111ang \u0111i\u1ec1u tr\u1ecb b\u1ec7nh n\u00ean h\u1ecfi \u00fd ki\u1ebfn b\u00e1c s\u0129 tr\u01b0\u1edbc khi s\u1eed d\u1ee5ng<\/li>\n<\/ul>\n<h2><strong>6. C\u00e2u h\u1ecfi th\u01b0\u1eddng g\u1eb7p trong qu\u00e1 tr\u00ecnh s\u1eed d\u1ee5ng s\u1ea3n ph\u1ea9m<\/strong><\/h2>\n<ul>\n<li>\n<h3>Vi\u00ean u\u1ed1ng h\u1ed7 tr\u1ee3 t\u0103ng c\u01b0\u1eddng sinh l\u00fd Maca 3000 Orihiro c\u00f3 d\u00e0nh cho n\u1eef kh\u00f4ng?<\/h3>\n<\/li>\n<\/ul>\n<div>\u0110\u1ed1i t\u01b0\u1ee3ng nam v\u00e0 n\u1eef \u0111\u1ec1u c\u00f3 th\u1ec3 s\u1eed d\u1ee5ng s\u1ea3n ph\u1ea9m.<\/div>\n<ul>\n<li>\n<h3>Nam gi\u1edbi 45 tu\u1ed5i c\u00f3 th\u1ec3 s\u1eed d\u1ee5ng \u0111\u01b0\u1ee3c Vi\u00ean u\u1ed1ng h\u1ed7 tr\u1ee3 t\u0103ng c\u01b0\u1eddng sinh l\u00fd Maca 3000 Orihiro kh\u00f4ng?<\/h3>\n<\/li>\n<\/ul>\n<div>S\u1ea3n ph\u1ea9m gi\u00fap h\u1ed7 tr\u1ee3 t\u0103ng c\u01b0\u1eddng h\u1ec7 mi\u1ec5n d\u1ecbch, th\u00fac \u0111\u1ea9y chuy\u1ec3n h\u00f3a n\u0103ng l\u01b0\u1ee3ng, c\u1ef1c k\u00ec ph\u00f9 h\u1ee3p v\u1edbi \u0111\u1ed9 tu\u1ed5i trung ni\u00ean. B\u1ea1n n\u00ean s\u1eed d\u1ee5ng s\u1ea3n ph\u1ea9m th\u01b0\u1eddng xuy\u00ean \u0111\u1ec3 c\u00f3 k\u1ebft qu\u1ea3 t\u1ed1t nh\u1ea5t.<\/div>\n<ul>\n<li>\n<h3>Vi\u00ean u\u1ed1ng h\u1ed7 tr\u1ee3 t\u0103ng c\u01b0\u1eddng sinh l\u00fd Maca 3000 Orihiro c\u00f3 g\u00e2y t\u00e1c d\u1ee5ng ph\u1ee5 kh\u00f4ng?<\/h3>\n<\/li>\n<\/ul>\n<div>Vi\u00ean u\u1ed1ng \u0111\u00e3 \u0111\u01b0\u1ee3c nh\u00e0 s\u1ea3n xu\u1ea5t th\u1eed nghi\u1ec7m l\u00e2m s\u00e0ng kh\u1eaft khe, ch\u1ee9ng minh an to\u00e0n tr\u01b0\u1edbc khi \u0111\u01b0a ra th\u1ecb tr\u01b0\u1eddng. T\u00ednh \u0111\u1ebfn th\u1eddi \u0111i\u1ec3m hi\u1ec7n t\u1ea1i, ch\u01b0a c\u00f3 ph\u1ea3n h\u1ed3i c\u1ee7a kh\u00e1ch h\u00e0ng v\u1ec1 v\u1ea5n \u0111\u1ec1 n\u00e0y, v\u00ec v\u1eady, b\u1ea1n c\u00f3 th\u1ec3 y\u00ean t\u00e2m s\u1eed d\u1ee5ng.<\/div>\n<ul>\n<li>\n<h3>Vi\u00ean u\u1ed1ng h\u1ed7 tr\u1ee3 t\u0103ng c\u01b0\u1eddng sinh l\u00fd Maca 3000 Orihiro\u00a0 c\u00f3 n\u00ean s\u1eed d\u1ee5ng th\u01b0\u1eddng xuy\u00ean kh\u00f4ng?<\/h3>\n<\/li>\n<\/ul>\n<div>Vi\u00ean u\u1ed1ng h\u1ed7 tr\u1ee3 t\u0103ng c\u01b0\u1eddng sinh l\u00fd Maca 3000 Orihiro l\u00e0 Th\u1ef1c ph\u1ea9m ch\u1ee9c n\u0103ng h\u1ed7 tr\u1ee3 b\u1ed5 sung n\u0103ng l\u01b0\u1ee3ng cho c\u01a1 th\u1ec3 v\u00ec v\u1eady b\u1ea1n n\u00ean s\u1eed d\u1ee5ng s\u1ea3n ph\u1ea9m th\u01b0\u1eddng xuy\u00ean \u0111\u1ec3 c\u00f3 k\u1ebft qu\u1ea3 t\u1ed1t nh\u1ea5t.<\/div>\n","protected":false},"excerpt":{"rendered":"<ul>\n<li>T\u0103ng kh\u1ea3 n\u0103ng sinh s\u1ea3n c\u1ee7a nam gi\u1edbi<\/li>\n<li>C\u1ea3i thi\u1ec7n s\u1ee9c kh\u1ecfe n\u00e3o b\u1ed9<\/li>\n<li>Cung c\u1ea5p ch\u1ea5t ch\u1ed1ng Oxy h\u00f3a tuy\u1ec7t v\u1eddi<\/li>\n<li>Gi\u00fap gia t\u0103ng ho\u00f3c m\u00f4n t\u0103ng tr\u01b0\u1edfng trong m\u00e1u.<\/li>\n<li>H\u1ed7 tr\u1ee3 s\u1ef1 t\u1ea1o m\u00e1u trong c\u01a1 th\u1ec3.<\/li>\n<li>C\u1ea3i thi\u1ec7n hi\u1ec7u qu\u1ea3 c\u1ee7a qu\u00e1 tr\u00ecnh chuy\u1ec3n h\u00f3a cholesterol.<\/li>\n<li>Cung c\u1ea5p c\u00e1c ch\u1ea5t c\u1ea7n thi\u1ebft t\u1ea1o s\u1ee9c b\u1ec1n v\u00e0 n\u00e2ng cao sinh l\u1ef1c c\u1ea3i thi\u1ec7n h\u1ec7 n\u1ed9i ti\u1ebft, t\u1ea1o ham mu\u1ed1n.<\/li>\n<\/ul>\n","protected":false},"featured_media":205,"comment_status":"closed","ping_status":"closed","template":"","meta":[],"product_cat":[22],"product_tag":[],"class_list":["post-204","product","type-product","status-publish","has-post-thumbnail","hentry","product_cat-sinh-ly-nam-nu"],"yoast_head":"<!-- This site is optimized with the Yoast SEO plugin v18.9 - https:\/\/yoast.com\/wordpress\/plugins\/seo\/ -->\n<title>Vi\u00ean u\u1ed1ng h\u1ed7 tr\u1ee3 t\u0103ng c\u01b0\u1eddng sinh l\u00fd Maca 3000 Orihiro 360 vi\u00ean - Nh\u1eadt T\u00edn Health<\/title>\n<meta name=\"robots\" content=\"noindex, follow, max-snippet:-1, max-image-preview:large, max-video-preview:-1\" \/>\n<meta property=\"og:locale\" content=\"vi_VN\" \/>\n<meta property=\"og:type\" content=\"article\" \/>\n<meta property=\"og:title\" content=\"Vi\u00ean u\u1ed1ng h\u1ed7 tr\u1ee3 t\u0103ng c\u01b0\u1eddng sinh l\u00fd Maca 3000 Orihiro 360 vi\u00ean - Nh\u1eadt T\u00edn Health\" \/>\n<meta property=\"og:description\" content=\"T\u0103ng kh\u1ea3 n\u0103ng sinh s\u1ea3n c\u1ee7a nam gi\u1edbi  C\u1ea3i thi\u1ec7n s\u1ee9c kh\u1ecfe n\u00e3o b\u1ed9  Cung c\u1ea5p ch\u1ea5t ch\u1ed1ng Oxy h\u00f3a tuy\u1ec7t v\u1eddi  Gi\u00fap gia t\u0103ng ho\u00f3c m\u00f4n t\u0103ng tr\u01b0\u1edfng trong m\u00e1u.  H\u1ed7 tr\u1ee3 s\u1ef1 t\u1ea1o m\u00e1u trong c\u01a1 th\u1ec3.  C\u1ea3i thi\u1ec7n hi\u1ec7u qu\u1ea3 c\u1ee7a qu\u00e1 tr\u00ecnh chuy\u1ec3n h\u00f3a cholesterol.  Cung c\u1ea5p c\u00e1c ch\u1ea5t c\u1ea7n thi\u1ebft t\u1ea1o s\u1ee9c b\u1ec1n v\u00e0 n\u00e2ng cao sinh l\u1ef1c c\u1ea3i thi\u1ec7n h\u1ec7 n\u1ed9i ti\u1ebft, t\u1ea1o ham mu\u1ed1n.\" \/>\n<meta property=\"og:url\" content=\"http:\/\/mau.hoabinhweb.com\/duocpham1\/san-pham\/vien-uong-ho-tro-tang-cuong-sinh-ly-maca-3000-orihiro-360-vien\/\" \/>\n<meta property=\"og:site_name\" content=\"Nh\u1eadt T\u00edn Health\" \/>\n<meta property=\"og:image\" content=\"http:\/\/mau.hoabinhweb.com\/duocpham1\/wp-content\/uploads\/2022\/05\/1115.jpg\" \/>\n\t<meta property=\"og:image:width\" content=\"500\" \/>\n\t<meta property=\"og:image:height\" content=\"500\" \/>\n\t<meta property=\"og:image:type\" content=\"image\/jpeg\" \/>\n<meta name=\"twitter:card\" content=\"summary_large_image\" \/>\n<meta name=\"twitter:label1\" content=\"\u01af\u1edbc t\u00ednh th\u1eddi gian \u0111\u1ecdc\" \/>\n\t<meta name=\"twitter:data1\" content=\"5 ph\u00fat\" \/>\n<script type=\"application\/ld+json\" class=\"yoast-schema-graph\">{\"@context\":\"https:\/\/schema.org\",\"@graph\":[{\"@type\":\"WebSite\",\"@id\":\"http:\/\/mau.hoabinhweb.com\/duocpham1\/#website\",\"url\":\"http:\/\/mau.hoabinhweb.com\/duocpham1\/\",\"name\":\"Nh\u1eadt T\u00edn Health\",\"description\":\"\",\"potentialAction\":[{\"@type\":\"SearchAction\",\"target\":{\"@type\":\"EntryPoint\",\"urlTemplate\":\"http:\/\/mau.hoabinhweb.com\/duocpham1\/?s={search_term_string}\"},\"query-input\":\"required name=search_term_string\"}],\"inLanguage\":\"vi\"},{\"@type\":\"ImageObject\",\"inLanguage\":\"vi\",\"@id\":\"http:\/\/mau.hoabinhweb.com\/duocpham1\/san-pham\/vien-uong-ho-tro-tang-cuong-sinh-ly-maca-3000-orihiro-360-vien\/#primaryimage\",\"url\":\"http:\/\/mau.hoabinhweb.com\/duocpham1\/wp-content\/uploads\/2022\/05\/1115.jpg\",\"contentUrl\":\"http:\/\/mau.hoabinhweb.com\/duocpham1\/wp-content\/uploads\/2022\/05\/1115.jpg\",\"width\":500,\"height\":500,\"caption\":\"1115\"},{\"@type\":\"WebPage\",\"@id\":\"http:\/\/mau.hoabinhweb.com\/duocpham1\/san-pham\/vien-uong-ho-tro-tang-cuong-sinh-ly-maca-3000-orihiro-360-vien\/#webpage\",\"url\":\"http:\/\/mau.hoabinhweb.com\/duocpham1\/san-pham\/vien-uong-ho-tro-tang-cuong-sinh-ly-maca-3000-orihiro-360-vien\/\",\"name\":\"Vi\u00ean u\u1ed1ng h\u1ed7 tr\u1ee3 t\u0103ng c\u01b0\u1eddng sinh l\u00fd Maca 3000 Orihiro 360 vi\u00ean - Nh\u1eadt T\u00edn Health\",\"isPartOf\":{\"@id\":\"http:\/\/mau.hoabinhweb.com\/duocpham1\/#website\"},\"primaryImageOfPage\":{\"@id\":\"http:\/\/mau.hoabinhweb.com\/duocpham1\/san-pham\/vien-uong-ho-tro-tang-cuong-sinh-ly-maca-3000-orihiro-360-vien\/#primaryimage\"},\"datePublished\":\"2022-05-28T15:32:37+00:00\",\"dateModified\":\"2022-05-28T15:32:37+00:00\",\"breadcrumb\":{\"@id\":\"http:\/\/mau.hoabinhweb.com\/duocpham1\/san-pham\/vien-uong-ho-tro-tang-cuong-sinh-ly-maca-3000-orihiro-360-vien\/#breadcrumb\"},\"inLanguage\":\"vi\",\"potentialAction\":[{\"@type\":\"ReadAction\",\"target\":[\"http:\/\/mau.hoabinhweb.com\/duocpham1\/san-pham\/vien-uong-ho-tro-tang-cuong-sinh-ly-maca-3000-orihiro-360-vien\/\"]}]},{\"@type\":\"BreadcrumbList\",\"@id\":\"http:\/\/mau.hoabinhweb.com\/duocpham1\/san-pham\/vien-uong-ho-tro-tang-cuong-sinh-ly-maca-3000-orihiro-360-vien\/#breadcrumb\",\"itemListElement\":[{\"@type\":\"ListItem\",\"position\":1,\"name\":\"Trang ch\u1ee7\",\"item\":\"http:\/\/mau.hoabinhweb.com\/duocpham1\/\"},{\"@type\":\"ListItem\",\"position\":2,\"name\":\"S\u1ea3n ph\u1ea9m\",\"item\":\"http:\/\/mau.hoabinhweb.com\/duocpham1\/san-pham\/\"},{\"@type\":\"ListItem\",\"position\":3,\"name\":\"Sinh L\u00fd Nam, N\u1eef\",\"item\":\"http:\/\/mau.hoabinhweb.com\/duocpham1\/danh-muc\/sinh-ly-nam-nu\/\"},{\"@type\":\"ListItem\",\"position\":4,\"name\":\"Vi\u00ean u\u1ed1ng h\u1ed7 tr\u1ee3 t\u0103ng c\u01b0\u1eddng sinh l\u00fd Maca 3000 Orihiro 360 vi\u00ean\"}]}]}<\/script>\n<!-- \/ Yoast SEO plugin. -->","yoast_head_json":{"title":"Vi\u00ean u\u1ed1ng h\u1ed7 tr\u1ee3 t\u0103ng c\u01b0\u1eddng sinh l\u00fd Maca 3000 Orihiro 360 vi\u00ean - Nh\u1eadt T\u00edn Health","robots":{"index":"noindex","follow":"follow","max-snippet":"max-snippet:-1","max-image-preview":"max-image-preview:large","max-video-preview":"max-video-preview:-1"},"og_locale":"vi_VN","og_type":"article","og_title":"Vi\u00ean u\u1ed1ng h\u1ed7 tr\u1ee3 t\u0103ng c\u01b0\u1eddng sinh l\u00fd Maca 3000 Orihiro 360 vi\u00ean - Nh\u1eadt T\u00edn Health","og_description":"T\u0103ng kh\u1ea3 n\u0103ng sinh s\u1ea3n c\u1ee7a nam gi\u1edbi  C\u1ea3i thi\u1ec7n s\u1ee9c kh\u1ecfe n\u00e3o b\u1ed9  Cung c\u1ea5p ch\u1ea5t ch\u1ed1ng Oxy h\u00f3a tuy\u1ec7t v\u1eddi  Gi\u00fap gia t\u0103ng ho\u00f3c m\u00f4n t\u0103ng tr\u01b0\u1edfng trong m\u00e1u.  H\u1ed7 tr\u1ee3 s\u1ef1 t\u1ea1o m\u00e1u trong c\u01a1 th\u1ec3.  C\u1ea3i thi\u1ec7n hi\u1ec7u qu\u1ea3 c\u1ee7a qu\u00e1 tr\u00ecnh chuy\u1ec3n h\u00f3a cholesterol.  Cung c\u1ea5p c\u00e1c ch\u1ea5t c\u1ea7n thi\u1ebft t\u1ea1o s\u1ee9c b\u1ec1n v\u00e0 n\u00e2ng cao sinh l\u1ef1c c\u1ea3i thi\u1ec7n h\u1ec7 n\u1ed9i ti\u1ebft, t\u1ea1o ham mu\u1ed1n.","og_url":"http:\/\/mau.hoabinhweb.com\/duocpham1\/san-pham\/vien-uong-ho-tro-tang-cuong-sinh-ly-maca-3000-orihiro-360-vien\/","og_site_name":"Nh\u1eadt T\u00edn Health","og_image":[{"width":500,"height":500,"url":"http:\/\/mau.hoabinhweb.com\/duocpham1\/wp-content\/uploads\/2022\/05\/1115.jpg","type":"image\/jpeg"}],"twitter_card":"summary_large_image","twitter_misc":{"\u01af\u1edbc t\u00ednh th\u1eddi gian \u0111\u1ecdc":"5 ph\u00fat"},"schema":{"@context":"https:\/\/schema.org","@graph":[{"@type":"WebSite","@id":"http:\/\/mau.hoabinhweb.com\/duocpham1\/#website","url":"http:\/\/mau.hoabinhweb.com\/duocpham1\/","name":"Nh\u1eadt T\u00edn Health","description":"","potentialAction":[{"@type":"SearchAction","target":{"@type":"EntryPoint","urlTemplate":"http:\/\/mau.hoabinhweb.com\/duocpham1\/?s={search_term_string}"},"query-input":"required name=search_term_string"}],"inLanguage":"vi"},{"@type":"ImageObject","inLanguage":"vi","@id":"http:\/\/mau.hoabinhweb.com\/duocpham1\/san-pham\/vien-uong-ho-tro-tang-cuong-sinh-ly-maca-3000-orihiro-360-vien\/#primaryimage","url":"http:\/\/mau.hoabinhweb.com\/duocpham1\/wp-content\/uploads\/2022\/05\/1115.jpg","contentUrl":"http:\/\/mau.hoabinhweb.com\/duocpham1\/wp-content\/uploads\/2022\/05\/1115.jpg","width":500,"height":500,"caption":"1115"},{"@type":"WebPage","@id":"http:\/\/mau.hoabinhweb.com\/duocpham1\/san-pham\/vien-uong-ho-tro-tang-cuong-sinh-ly-maca-3000-orihiro-360-vien\/#webpage","url":"http:\/\/mau.hoabinhweb.com\/duocpham1\/san-pham\/vien-uong-ho-tro-tang-cuong-sinh-ly-maca-3000-orihiro-360-vien\/","name":"Vi\u00ean u\u1ed1ng h\u1ed7 tr\u1ee3 t\u0103ng c\u01b0\u1eddng sinh l\u00fd Maca 3000 Orihiro 360 vi\u00ean - Nh\u1eadt T\u00edn Health","isPartOf":{"@id":"http:\/\/mau.hoabinhweb.com\/duocpham1\/#website"},"primaryImageOfPage":{"@id":"http:\/\/mau.hoabinhweb.com\/duocpham1\/san-pham\/vien-uong-ho-tro-tang-cuong-sinh-ly-maca-3000-orihiro-360-vien\/#primaryimage"},"datePublished":"2022-05-28T15:32:37+00:00","dateModified":"2022-05-28T15:32:37+00:00","breadcrumb":{"@id":"http:\/\/mau.hoabinhweb.com\/duocpham1\/san-pham\/vien-uong-ho-tro-tang-cuong-sinh-ly-maca-3000-orihiro-360-vien\/#breadcrumb"},"inLanguage":"vi","potentialAction":[{"@type":"ReadAction","target":["http:\/\/mau.hoabinhweb.com\/duocpham1\/san-pham\/vien-uong-ho-tro-tang-cuong-sinh-ly-maca-3000-orihiro-360-vien\/"]}]},{"@type":"BreadcrumbList","@id":"http:\/\/mau.hoabinhweb.com\/duocpham1\/san-pham\/vien-uong-ho-tro-tang-cuong-sinh-ly-maca-3000-orihiro-360-vien\/#breadcrumb","itemListElement":[{"@type":"ListItem","position":1,"name":"Trang ch\u1ee7","item":"http:\/\/mau.hoabinhweb.com\/duocpham1\/"},{"@type":"ListItem","position":2,"name":"S\u1ea3n ph\u1ea9m","item":"http:\/\/mau.hoabinhweb.com\/duocpham1\/san-pham\/"},{"@type":"ListItem","position":3,"name":"Sinh L\u00fd Nam, N\u1eef","item":"http:\/\/mau.hoabinhweb.com\/duocpham1\/danh-muc\/sinh-ly-nam-nu\/"},{"@type":"ListItem","position":4,"name":"Vi\u00ean u\u1ed1ng h\u1ed7 tr\u1ee3 t\u0103ng c\u01b0\u1eddng sinh l\u00fd Maca 3000 Orihiro 360 vi\u00ean"}]}]}},"_links":{"self":[{"href":"http:\/\/mau.hoabinhweb.com\/duocpham1\/wp-json\/wp\/v2\/product\/204","targetHints":{"allow":["GET"]}}],"collection":[{"href":"http:\/\/mau.hoabinhweb.com\/duocpham1\/wp-json\/wp\/v2\/product"}],"about":[{"href":"http:\/\/mau.hoabinhweb.com\/duocpham1\/wp-json\/wp\/v2\/types\/product"}],"replies":[{"embeddable":true,"href":"http:\/\/mau.hoabinhweb.com\/duocpham1\/wp-json\/wp\/v2\/comments?post=204"}],"wp:featuredmedia":[{"embeddable":true,"href":"http:\/\/mau.hoabinhweb.com\/duocpham1\/wp-json\/wp\/v2\/media\/205"}],"wp:attachment":[{"href":"http:\/\/mau.hoabinhweb.com\/duocpham1\/wp-json\/wp\/v2\/media?parent=204"}],"wp:term":[{"taxonomy":"product_cat","embeddable":true,"href":"http:\/\/mau.hoabinhweb.com\/duocpham1\/wp-json\/wp\/v2\/product_cat?post=204"},{"taxonomy":"product_tag","embeddable":true,"href":"http:\/\/mau.hoabinhweb.com\/duocpham1\/wp-json\/wp\/v2\/product_tag?post=204"}],"curies":[{"name":"wp","href":"https:\/\/api.w.org\/{rel}","templated":true}]}}