{"id":203,"date":"2022-05-28T22:35:07","date_gmt":"2022-05-28T15:35:07","guid":{"rendered":"https:\/\/mau.hoabinhweb.com\/duocpham1\/?post_type=product&#038;p=203"},"modified":"2022-05-28T22:35:07","modified_gmt":"2022-05-28T15:35:07","slug":"toi-khong-mui-maca-orihiro-180-vien","status":"publish","type":"product","link":"http:\/\/mau.hoabinhweb.com\/duocpham1\/san-pham\/toi-khong-mui-maca-orihiro-180-vien\/","title":{"rendered":"T\u1ecfi kh\u00f4ng m\u00f9i Maca Orihiro 180 vi\u00ean"},"content":{"rendered":"<h1><strong>T\u1ecfi kh\u00f4ng m\u00f9i Maca Orihiro 180 vi\u00ean<\/strong><\/h1>\n<h1>1. Th\u00f4ng tin chi ti\u1ebft s\u1ea3n ph\u1ea9m<\/h1>\n<ul>\n<li>M\u00e3 code: 4971493104291<\/li>\n<li>Xu\u1ea5t x\u1ee9: Nh\u1eadt B\u1ea3n<\/li>\n<li>Nh\u00e0 s\u1ea3n xu\u1ea5t: Orihiro<\/li>\n<li>Quy c\u00e1ch \u0111\u00f3ng g\u00f3i: D\u1ea1ng vi\u00ean, 180 vi\u00ean\/ h\u1ed9p<\/li>\n<\/ul>\n<h2>2. C\u00f4ng d\u1ee5ng ch\u00ednh s\u1ea3n ph\u1ea9m<\/h2>\n<p>T\u1ecfi kh\u00f4ng m\u00f9i Maca Orihiro 180 vi\u00ean \u0111\u01b0\u1ee3c s\u1ea3n xu\u1ea5t t\u1eeb b\u1ed9t maca thi\u00ean nhi\u00ean cao c\u1ea5p, k\u1ebft h\u1ee3p tinh ch\u1ea5t t\u1ecfi t\u01b0\u01a1i ch\u1ee9a nhi\u1ec1u vitamin v\u00e0 kho\u00e1ng ch\u1ea5t r\u1ea5t t\u1ed1t cho s\u1ee9c kh\u1ecfe. S\u1ea3n ph\u1ea9m \u0111\u01b0\u1ee3c s\u1ea3n xu\u1ea5t d\u01b0\u1edbi d\u1ea1ng vi\u00ean nang m\u1ec1m, d\u1ec5 u\u1ed1ng, kh\u00f4ng g\u00e2y m\u00f9i kh\u00f3 ch\u1ecbu nh\u01b0 s\u1eed d\u1ee5ng t\u1ecfi t\u01b0\u01a1i. T\u1ecfi kh\u00f4ng m\u00f9i Maca Orihiro 180 vi\u00ean l\u00e0 s\u1ea3n ph\u1ea9m ch\u0103m s\u00f3c s\u1ee9c kh\u1ecfe h\u00e0ng \u0111\u1ea7u d\u00e0nh cho gia \u0111\u00ecnh c\u1ee7a b\u1ea1n.<\/p>\n<ul>\n<li>T\u0103ng c\u01b0\u1eddng sinh l\u1ef1c, h\u1ed7 tr\u1ee3 sinh l\u00fd cho c\u1ea3 nam v\u00e0 n\u1eef. C\u1ea3i thi\u1ec7n ch\u1ee9ng y\u1ebfu sinh l\u00fd, xu\u1ea5t tinh s\u1edbm, t\u0103ng c\u01b0\u1eddng h\u1ee9ng kh\u1edfi trong chuy\u1ec7n ch\u0103n g\u1ed1i<\/li>\n<li>Gi\u1ea3m cholesterol trong m\u00e1u, t\u0103ng c\u01b0\u1eddng l\u01b0u th\u00f4ng m\u00e1u, c\u1ea3i thi\u1ec7n tu\u1ea7n ho\u00e0n m\u00e1u, ng\u0103n ng\u1eeba x\u01a1 v\u1eefa \u0111\u1ed9ng m\u1ea1ch v\u00e0 r\u1ea5t t\u1ed1t cho h\u1ec7 tim m\u1ea1ch.<\/li>\n<\/ul>\n<p>T\u1ecfi t\u1eeb l\u00e2u \u0111\u01b0\u1ee3c bi\u1ebft \u0111\u1ebfn v\u1edbi t\u00e1c d\u1ee5ng gi\u1ea3m cholesterol trong m\u00e1u, c\u00f3 th\u1ec3 thanh l\u1ecdc ch\u1ea5t m\u1ee1 t\u00edch ch\u1ee9a trong m\u00e1u, gi\u00fap th\u01b0 gi\u00e3n m\u1ea1ch m\u00e1u, th\u00fac \u0111\u1ea9y tu\u1ea7n ho\u00e0n m\u00e1u r\u1ea5t t\u1ed1t cho ng\u01b0\u1eddi b\u1ec7nh tim m\u1ea1ch v\u00e0 t\u0103ng huy\u1ebft \u00e1p.<\/p>\n<p>V\u1edbi chi\u1ebft xu\u1ea5t t\u1ecfi kh\u00f4ng m\u00f9i Nh\u1eadt B\u1ea3n, vi\u00ean u\u1ed1ng v\u1eabn gi\u1eef nguy\u00ean \u0111\u01b0\u1ee3c nh\u1eefng c\u00f4ng d\u1ee5ng t\u1eeb t\u1ecfi, m\u00e0 kh\u00f4ng c\u00f3 m\u00f9i kh\u00f3 ch\u1ecbu, r\u1ea5t d\u1ec5 s\u1eed d\u1ee5ng.<\/p>\n<ul>\n<li>Gi\u00fap t\u0103ng c\u01b0\u1eddng s\u1ee9c \u0111\u1ec1 kh\u00e1ng c\u1ee7a c\u01a1 th\u1ec3, ph\u00f2ng ng\u1eeba v\u00e0 h\u1ed7 tr\u1ee3 \u0111i\u1ec1u tr\u1ecb m\u1ed9t s\u1ed1 b\u1ec7nh v\u1ec1 \u0111\u01b0\u1eddng h\u00f4 h\u1ea5p do vi r\u00fat, c\u00e1c tr\u01b0\u1eddng h\u1ee3p ho v\u00e0 c\u1ea3m c\u00fam dai d\u1eb3ng. Ph\u00f2ng ng\u1eeba v\u00e0 h\u1ed7 tr\u1ee3 \u0111i\u1ec1u tr\u1ecb c\u1ea3m c\u00fam th\u00f4ng th\u01b0\u1eddng.<\/li>\n<li>Gi\u00fap ng\u0103n ng\u1eeba b\u1ec7nh t\u1eadt t\u0103ng c\u01b0\u1eddng s\u1ee9c kh\u1ecfe. T\u1ecfi kh\u00f4ng m\u00f9i Maca Orihiro 180 vi\u00ean r\u1ea5t ph\u00f9 h\u1ee3p v\u1edbi nh\u1eefng ng\u01b0\u1eddi lao \u0111\u1ed9ng ch\u00e2n tay n\u1eb7ng nh\u1ecdc, ng\u01b0\u1eddi c\u00f3 th\u00f3i quen sinh ho\u1ea1t th\u1ea5t th\u01b0\u1eddng, c\u01a1 th\u1ec3 suy nh\u01b0\u1ee3c, thi\u1ebfu s\u1ee9c s\u1ed1ng, nam gi\u1edbi sinh l\u00fd y\u1ebfu,..<\/li>\n<\/ul>\n","protected":false},"excerpt":{"rendered":"<ul>\n<li>T\u0103ng c\u01b0\u1eddng sinh l\u1ef1c, h\u1ed7 tr\u1ee3 sinh l\u00fd cho c\u1ea3 nam v\u00e0 n\u1eef.<\/li>\n<li>Gi\u1ea3m cholesterol trong m\u00e1u, c\u1ea3i thi\u1ec7n tu\u1ea7n ho\u00e0n m\u00e1u, t\u1ed1t cho h\u1ec7 tim m\u1ea1ch.<\/li>\n<li>T\u0103ng c\u01b0\u1eddng s\u1ee9c \u0111\u1ec1 kh\u00e1ng c\u1ee7a c\u01a1 th\u1ec3.<\/li>\n<li>Ph\u00f2ng ng\u1eeba v\u00e0 h\u1ed7 tr\u1ee3 \u0111i\u1ec1u tr\u1ecb c\u1ea3m c\u00fam th\u00f4ng th\u01b0\u1eddng.<\/li>\n<li>T\u0103ng c\u01b0\u1eddng s\u1ee9c kh\u1ecfe, h\u1ed3i ph\u1ee5c c\u01a1 th\u1ec3 suy nh\u01b0\u1ee3c.<\/li>\n<\/ul>\n","protected":false},"featured_media":206,"comment_status":"closed","ping_status":"closed","template":"","meta":[],"product_cat":[20,22],"product_tag":[],"class_list":["post-203","product","type-product","status-publish","has-post-thumbnail","hentry","product_cat-san-pham-khuyen-mai","product_cat-sinh-ly-nam-nu"],"yoast_head":"<!-- This site is optimized with the Yoast SEO plugin v18.9 - https:\/\/yoast.com\/wordpress\/plugins\/seo\/ -->\n<title>T\u1ecfi kh\u00f4ng m\u00f9i Maca Orihiro 180 vi\u00ean - Nh\u1eadt T\u00edn Health<\/title>\n<meta name=\"robots\" content=\"noindex, follow, max-snippet:-1, max-image-preview:large, max-video-preview:-1\" \/>\n<meta property=\"og:locale\" content=\"vi_VN\" \/>\n<meta property=\"og:type\" content=\"article\" \/>\n<meta property=\"og:title\" content=\"T\u1ecfi kh\u00f4ng m\u00f9i Maca Orihiro 180 vi\u00ean - Nh\u1eadt T\u00edn Health\" \/>\n<meta property=\"og:description\" content=\"T\u0103ng c\u01b0\u1eddng sinh l\u1ef1c, h\u1ed7 tr\u1ee3 sinh l\u00fd cho c\u1ea3 nam v\u00e0 n\u1eef.  Gi\u1ea3m cholesterol trong m\u00e1u, c\u1ea3i thi\u1ec7n tu\u1ea7n ho\u00e0n m\u00e1u, t\u1ed1t cho h\u1ec7 tim m\u1ea1ch.  T\u0103ng c\u01b0\u1eddng s\u1ee9c \u0111\u1ec1 kh\u00e1ng c\u1ee7a c\u01a1 th\u1ec3.  Ph\u00f2ng ng\u1eeba v\u00e0 h\u1ed7 tr\u1ee3 \u0111i\u1ec1u tr\u1ecb c\u1ea3m c\u00fam th\u00f4ng th\u01b0\u1eddng.  T\u0103ng c\u01b0\u1eddng s\u1ee9c kh\u1ecfe, h\u1ed3i ph\u1ee5c c\u01a1 th\u1ec3 suy nh\u01b0\u1ee3c.\" \/>\n<meta property=\"og:url\" content=\"http:\/\/mau.hoabinhweb.com\/duocpham1\/san-pham\/toi-khong-mui-maca-orihiro-180-vien\/\" \/>\n<meta property=\"og:site_name\" content=\"Nh\u1eadt T\u00edn Health\" \/>\n<meta property=\"og:image\" content=\"http:\/\/mau.hoabinhweb.com\/duocpham1\/wp-content\/uploads\/2022\/05\/1116.jpg\" \/>\n\t<meta property=\"og:image:width\" content=\"500\" \/>\n\t<meta property=\"og:image:height\" content=\"500\" \/>\n\t<meta property=\"og:image:type\" content=\"image\/jpeg\" \/>\n<meta name=\"twitter:card\" content=\"summary_large_image\" \/>\n<meta name=\"twitter:label1\" content=\"\u01af\u1edbc t\u00ednh th\u1eddi gian \u0111\u1ecdc\" \/>\n\t<meta name=\"twitter:data1\" content=\"2 ph\u00fat\" \/>\n<script type=\"application\/ld+json\" class=\"yoast-schema-graph\">{\"@context\":\"https:\/\/schema.org\",\"@graph\":[{\"@type\":\"WebSite\",\"@id\":\"http:\/\/mau.hoabinhweb.com\/duocpham1\/#website\",\"url\":\"http:\/\/mau.hoabinhweb.com\/duocpham1\/\",\"name\":\"Nh\u1eadt T\u00edn Health\",\"description\":\"\",\"potentialAction\":[{\"@type\":\"SearchAction\",\"target\":{\"@type\":\"EntryPoint\",\"urlTemplate\":\"http:\/\/mau.hoabinhweb.com\/duocpham1\/?s={search_term_string}\"},\"query-input\":\"required name=search_term_string\"}],\"inLanguage\":\"vi\"},{\"@type\":\"ImageObject\",\"inLanguage\":\"vi\",\"@id\":\"http:\/\/mau.hoabinhweb.com\/duocpham1\/san-pham\/toi-khong-mui-maca-orihiro-180-vien\/#primaryimage\",\"url\":\"http:\/\/mau.hoabinhweb.com\/duocpham1\/wp-content\/uploads\/2022\/05\/1116.jpg\",\"contentUrl\":\"http:\/\/mau.hoabinhweb.com\/duocpham1\/wp-content\/uploads\/2022\/05\/1116.jpg\",\"width\":500,\"height\":500,\"caption\":\"1116\"},{\"@type\":\"WebPage\",\"@id\":\"http:\/\/mau.hoabinhweb.com\/duocpham1\/san-pham\/toi-khong-mui-maca-orihiro-180-vien\/#webpage\",\"url\":\"http:\/\/mau.hoabinhweb.com\/duocpham1\/san-pham\/toi-khong-mui-maca-orihiro-180-vien\/\",\"name\":\"T\u1ecfi kh\u00f4ng m\u00f9i Maca Orihiro 180 vi\u00ean - Nh\u1eadt T\u00edn Health\",\"isPartOf\":{\"@id\":\"http:\/\/mau.hoabinhweb.com\/duocpham1\/#website\"},\"primaryImageOfPage\":{\"@id\":\"http:\/\/mau.hoabinhweb.com\/duocpham1\/san-pham\/toi-khong-mui-maca-orihiro-180-vien\/#primaryimage\"},\"datePublished\":\"2022-05-28T15:35:07+00:00\",\"dateModified\":\"2022-05-28T15:35:07+00:00\",\"breadcrumb\":{\"@id\":\"http:\/\/mau.hoabinhweb.com\/duocpham1\/san-pham\/toi-khong-mui-maca-orihiro-180-vien\/#breadcrumb\"},\"inLanguage\":\"vi\",\"potentialAction\":[{\"@type\":\"ReadAction\",\"target\":[\"http:\/\/mau.hoabinhweb.com\/duocpham1\/san-pham\/toi-khong-mui-maca-orihiro-180-vien\/\"]}]},{\"@type\":\"BreadcrumbList\",\"@id\":\"http:\/\/mau.hoabinhweb.com\/duocpham1\/san-pham\/toi-khong-mui-maca-orihiro-180-vien\/#breadcrumb\",\"itemListElement\":[{\"@type\":\"ListItem\",\"position\":1,\"name\":\"Trang ch\u1ee7\",\"item\":\"http:\/\/mau.hoabinhweb.com\/duocpham1\/\"},{\"@type\":\"ListItem\",\"position\":2,\"name\":\"S\u1ea3n ph\u1ea9m\",\"item\":\"http:\/\/mau.hoabinhweb.com\/duocpham1\/san-pham\/\"},{\"@type\":\"ListItem\",\"position\":3,\"name\":\"S\u1ea3n ph\u1ea9m khuy\u1ebfn m\u1ea1i\",\"item\":\"http:\/\/mau.hoabinhweb.com\/duocpham1\/danh-muc\/san-pham-khuyen-mai\/\"},{\"@type\":\"ListItem\",\"position\":4,\"name\":\"T\u1ecfi kh\u00f4ng m\u00f9i Maca Orihiro 180 vi\u00ean\"}]}]}<\/script>\n<!-- \/ Yoast SEO plugin. -->","yoast_head_json":{"title":"T\u1ecfi kh\u00f4ng m\u00f9i Maca Orihiro 180 vi\u00ean - Nh\u1eadt T\u00edn Health","robots":{"index":"noindex","follow":"follow","max-snippet":"max-snippet:-1","max-image-preview":"max-image-preview:large","max-video-preview":"max-video-preview:-1"},"og_locale":"vi_VN","og_type":"article","og_title":"T\u1ecfi kh\u00f4ng m\u00f9i Maca Orihiro 180 vi\u00ean - Nh\u1eadt T\u00edn Health","og_description":"T\u0103ng c\u01b0\u1eddng sinh l\u1ef1c, h\u1ed7 tr\u1ee3 sinh l\u00fd cho c\u1ea3 nam v\u00e0 n\u1eef.  Gi\u1ea3m cholesterol trong m\u00e1u, c\u1ea3i thi\u1ec7n tu\u1ea7n ho\u00e0n m\u00e1u, t\u1ed1t cho h\u1ec7 tim m\u1ea1ch.  T\u0103ng c\u01b0\u1eddng s\u1ee9c \u0111\u1ec1 kh\u00e1ng c\u1ee7a c\u01a1 th\u1ec3.  Ph\u00f2ng ng\u1eeba v\u00e0 h\u1ed7 tr\u1ee3 \u0111i\u1ec1u tr\u1ecb c\u1ea3m c\u00fam th\u00f4ng th\u01b0\u1eddng.  T\u0103ng c\u01b0\u1eddng s\u1ee9c kh\u1ecfe, h\u1ed3i ph\u1ee5c c\u01a1 th\u1ec3 suy nh\u01b0\u1ee3c.","og_url":"http:\/\/mau.hoabinhweb.com\/duocpham1\/san-pham\/toi-khong-mui-maca-orihiro-180-vien\/","og_site_name":"Nh\u1eadt T\u00edn Health","og_image":[{"width":500,"height":500,"url":"http:\/\/mau.hoabinhweb.com\/duocpham1\/wp-content\/uploads\/2022\/05\/1116.jpg","type":"image\/jpeg"}],"twitter_card":"summary_large_image","twitter_misc":{"\u01af\u1edbc t\u00ednh th\u1eddi gian \u0111\u1ecdc":"2 ph\u00fat"},"schema":{"@context":"https:\/\/schema.org","@graph":[{"@type":"WebSite","@id":"http:\/\/mau.hoabinhweb.com\/duocpham1\/#website","url":"http:\/\/mau.hoabinhweb.com\/duocpham1\/","name":"Nh\u1eadt T\u00edn Health","description":"","potentialAction":[{"@type":"SearchAction","target":{"@type":"EntryPoint","urlTemplate":"http:\/\/mau.hoabinhweb.com\/duocpham1\/?s={search_term_string}"},"query-input":"required name=search_term_string"}],"inLanguage":"vi"},{"@type":"ImageObject","inLanguage":"vi","@id":"http:\/\/mau.hoabinhweb.com\/duocpham1\/san-pham\/toi-khong-mui-maca-orihiro-180-vien\/#primaryimage","url":"http:\/\/mau.hoabinhweb.com\/duocpham1\/wp-content\/uploads\/2022\/05\/1116.jpg","contentUrl":"http:\/\/mau.hoabinhweb.com\/duocpham1\/wp-content\/uploads\/2022\/05\/1116.jpg","width":500,"height":500,"caption":"1116"},{"@type":"WebPage","@id":"http:\/\/mau.hoabinhweb.com\/duocpham1\/san-pham\/toi-khong-mui-maca-orihiro-180-vien\/#webpage","url":"http:\/\/mau.hoabinhweb.com\/duocpham1\/san-pham\/toi-khong-mui-maca-orihiro-180-vien\/","name":"T\u1ecfi kh\u00f4ng m\u00f9i Maca Orihiro 180 vi\u00ean - Nh\u1eadt T\u00edn Health","isPartOf":{"@id":"http:\/\/mau.hoabinhweb.com\/duocpham1\/#website"},"primaryImageOfPage":{"@id":"http:\/\/mau.hoabinhweb.com\/duocpham1\/san-pham\/toi-khong-mui-maca-orihiro-180-vien\/#primaryimage"},"datePublished":"2022-05-28T15:35:07+00:00","dateModified":"2022-05-28T15:35:07+00:00","breadcrumb":{"@id":"http:\/\/mau.hoabinhweb.com\/duocpham1\/san-pham\/toi-khong-mui-maca-orihiro-180-vien\/#breadcrumb"},"inLanguage":"vi","potentialAction":[{"@type":"ReadAction","target":["http:\/\/mau.hoabinhweb.com\/duocpham1\/san-pham\/toi-khong-mui-maca-orihiro-180-vien\/"]}]},{"@type":"BreadcrumbList","@id":"http:\/\/mau.hoabinhweb.com\/duocpham1\/san-pham\/toi-khong-mui-maca-orihiro-180-vien\/#breadcrumb","itemListElement":[{"@type":"ListItem","position":1,"name":"Trang ch\u1ee7","item":"http:\/\/mau.hoabinhweb.com\/duocpham1\/"},{"@type":"ListItem","position":2,"name":"S\u1ea3n ph\u1ea9m","item":"http:\/\/mau.hoabinhweb.com\/duocpham1\/san-pham\/"},{"@type":"ListItem","position":3,"name":"S\u1ea3n ph\u1ea9m khuy\u1ebfn m\u1ea1i","item":"http:\/\/mau.hoabinhweb.com\/duocpham1\/danh-muc\/san-pham-khuyen-mai\/"},{"@type":"ListItem","position":4,"name":"T\u1ecfi kh\u00f4ng m\u00f9i Maca Orihiro 180 vi\u00ean"}]}]}},"_links":{"self":[{"href":"http:\/\/mau.hoabinhweb.com\/duocpham1\/wp-json\/wp\/v2\/product\/203","targetHints":{"allow":["GET"]}}],"collection":[{"href":"http:\/\/mau.hoabinhweb.com\/duocpham1\/wp-json\/wp\/v2\/product"}],"about":[{"href":"http:\/\/mau.hoabinhweb.com\/duocpham1\/wp-json\/wp\/v2\/types\/product"}],"replies":[{"embeddable":true,"href":"http:\/\/mau.hoabinhweb.com\/duocpham1\/wp-json\/wp\/v2\/comments?post=203"}],"wp:featuredmedia":[{"embeddable":true,"href":"http:\/\/mau.hoabinhweb.com\/duocpham1\/wp-json\/wp\/v2\/media\/206"}],"wp:attachment":[{"href":"http:\/\/mau.hoabinhweb.com\/duocpham1\/wp-json\/wp\/v2\/media?parent=203"}],"wp:term":[{"taxonomy":"product_cat","embeddable":true,"href":"http:\/\/mau.hoabinhweb.com\/duocpham1\/wp-json\/wp\/v2\/product_cat?post=203"},{"taxonomy":"product_tag","embeddable":true,"href":"http:\/\/mau.hoabinhweb.com\/duocpham1\/wp-json\/wp\/v2\/product_tag?post=203"}],"curies":[{"name":"wp","href":"https:\/\/api.w.org\/{rel}","templated":true}]}}