{"id":198,"date":"2022-05-28T22:28:00","date_gmt":"2022-05-28T15:28:00","guid":{"rendered":"https:\/\/mau.hoabinhweb.com\/duocpham1\/?post_type=product&#038;p=198"},"modified":"2022-05-28T22:28:00","modified_gmt":"2022-05-28T15:28:00","slug":"vien-uong-tang-cuong-sinh-luc-chiet-xuat-ba-ba-orihiro-120-vien","status":"publish","type":"product","link":"http:\/\/mau.hoabinhweb.com\/duocpham1\/san-pham\/vien-uong-tang-cuong-sinh-luc-chiet-xuat-ba-ba-orihiro-120-vien\/","title":{"rendered":"Vi\u00ean u\u1ed1ng t\u0103ng c\u01b0\u1eddng sinh l\u1ef1c chi\u1ebft xu\u1ea5t ba ba Orihiro 120 vi\u00ean"},"content":{"rendered":"<h1><strong>Vi\u00ean u\u1ed1ng t\u0103ng c\u01b0\u1eddng sinh l\u1ef1c<\/strong><\/h1>\n<h1><strong>chi\u1ebft xu\u1ea5t ba ba Orihiro<\/strong><strong>\u00a0120 vi\u00ean<\/strong><\/h1>\n<h2><strong>1. Th\u00f4ng tin chi ti\u1ebft s\u1ea3n ph\u1ea9m<\/strong><\/h2>\n<ul>\n<li>M\u00e3 code: 4971493102648<\/li>\n<li>Xu\u1ea5t x\u1ee9: Nh\u1eadt B\u1ea3n<\/li>\n<li>Nh\u00e0 s\u1ea3n xu\u1ea5t: Orihiro<\/li>\n<li>Quy c\u00e1ch \u0111\u00f3ng g\u00f3i: D\u1ea1ng vi\u00ean, 120 vi\u00ean\/ h\u1ed9p<\/li>\n<\/ul>\n<h2><strong>2. C\u00f4ng d\u1ee5ng ch\u00ednh s\u1ea3n ph\u1ea9m<\/strong><\/h2>\n<p>Vi\u00ean u\u1ed1ng t\u0103ng c\u01b0\u1eddng sinh l\u1ef1c chi\u1ebft xu\u1ea5t ba ba Orihiro c\u00f3 t\u00e1c d\u1ee5ng tuy\u1ec7t v\u1eddi trong vi\u1ec7c t\u0103ng c\u01b0\u1eddng s\u1ee9c kh\u1ecfe, n\u00e2ng cao th\u1ec3 l\u1ef1c, \u0111\u1eb7c bi\u1ec7t ch\u1ee9c n\u0103ng sinh l\u00fd nam.<\/p>\n<ul>\n<li>T\u0103ng c\u01b0\u1eddng sinh l\u00fd nam: S\u1eed d\u1ee5ng vi\u00ean u\u1ed1ng t\u0103ng c\u01b0\u1eddng sinh l\u1ef1c chi\u1ebft xu\u1ea5t ba ba Orihiro gi\u00fap t\u0103ng \u0111\u00e1ng k\u1ec3 l\u01b0\u1ee3ng tinh tr\u00f9ng \u0111\u01b0\u1ee3c s\u1ea3n xu\u1ea5t, t\u0103ng ham mu\u1ed1n \u1edf nam gi\u1edbi.<\/li>\n<li>B\u1ed5 m\u00e1u, gi\u1ea3i nhi\u1ec7t c\u01a1 th\u1ec3 v\u00e0 an th\u1ea7n.<\/li>\n<li>T\u0103ng c\u01b0\u1eddng s\u1ee9c \u0111\u1ec1 kh\u00e1ng, n\u00e2ng cao kh\u1ea3 n\u0103ng mi\u1ec5n d\u1ecbch cho c\u01a1 th\u1ec3.<\/li>\n<li>B\u1ed5 th\u1eadn, b\u1ea3o v\u1ec7 th\u1eadn kh\u1ecfi nh\u1eefng t\u00e1c nh\u00e2n g\u00e2y t\u1ed5n h\u1ea1i, h\u1ed7 tr\u1ee3 kh\u1ea3 n\u0103ng ho\u1ea1t \u0111\u1ed9ng cho th\u1eadn.<\/li>\n<li>Ch\u1ed1ng \u0111au l\u01b0ng, \u0111au g\u1ed1i, gi\u1ea3m m\u1ecfi m\u1ec7t.<\/li>\n<li>C\u00f4ng d\u1ee5ng c\u1ee7a b\u1ed9t s\u1eefa ong ch\u00faa gi\u00fap \u1ed5n \u0111\u1ecbnh huy\u1ebft \u00e1p, c\u1ea3i thi\u1ec7n s\u1ee9c kh\u1ecfe tim m\u1ea1ch<\/li>\n<li>Ch\u1ed1ng l\u00e3o h\u00f3a, n\u00e2ng cao s\u1ee9c \u0111\u1ec1 kh\u00e1ng.<\/li>\n<li>B\u1ed3i b\u1ed5 s\u1ee9c kh\u1ecfe, t\u0103ng c\u01b0\u1eddng sinh l\u1ef1c cho c\u01a1 th\u1ec3.<\/li>\n<li>Gi\u00fap tinh th\u1ea7n minh m\u1eabn, h\u1ed7 tr\u1ee3 kh\u1ea3 n\u0103ng ghi nh\u1edb.<\/li>\n<li>H\u1ed7 tr\u1ee3 \u0111i\u1ec1u tr\u1ecb ung th\u01b0 v\u00e0 kh\u00e1ng khu\u1ea9n c\u1ef1c t\u1ed1t.<\/li>\n<\/ul>\n<h2><strong>3. Th\u00e0nh ph\u1ea7n ch\u00ednh s\u1ea3n ph\u1ea9m<\/strong><\/h2>\n<p>D\u1ea7u m\u1ea7m l\u00faa m\u00ec, d\u1ea7u \u0111\u1eadu n\u00e0nh tinh luy\u1ec7n, b\u1ed9t ba ba tr\u01a1n, b\u1ed9t tr\u1ee9ng ba ba tr\u01a1n, b\u1ed9t r\u1eafn v\u1ea3y \u0111\u1ecf, b\u1ed9t s\u1eefa ong ch\u00faa, gelatin, glycerin, canxi x\u01b0\u01a1ng nung, s\u00e1p ong, este axit b\u00e9o glycerin, s\u1eafc t\u1ed1 caramel,\u2026<\/p>\n<p><strong><em>H\u00e0m l\u01b0\u1ee3ng d\u01b0\u1ee1ng ch\u1ea5t c\u00f3 trong 14 vi\u00ean u\u1ed1ng\u00a0 m\u1ed7i ng\u00e0y<\/em><\/strong><\/p>\n<p>Calo \u2026\u2026\u2026\u2026..\u00a0 3 kcal<\/p>\n<p>Protein \u2026\u2026\u2026\u2026.. 0,15 g<\/p>\n<p>Lipid \u2026\u2026\u2026\u2026.. 0,20 g<\/p>\n<p>Carbohydrate \u2026\u2026\u2026\u2026.. 0,05 g<\/p>\n<p>T\u01b0\u01a1ng \u0111\u01b0\u01a1ng mu\u1ed1i \u2026\u2026\u2026\u2026.. 0-0.01 g<\/p>\n<p>B\u1ed9t ba ba \u2026\u2026\u2026\u2026\u2026\u2026..\u00a0 40mg<\/p>\n<p>B\u1ed9t \u0111\u1eadu \u0111\u1ecf \u2026\u2026\u2026\u2026\u2026\u2026..\u00a0 20mg<\/p>\n<h2><strong>4. C\u00e1ch s\u1eed d\u1ee5ng s\u1ea3n ph\u1ea9m<\/strong><\/h2>\n<ul>\n<li>U\u1ed1ng 3 \u2013 6 vi\u00ean m\u1ed7i ng\u00e0y v\u1edbi n\u01b0\u1edbc ho\u1eb7c n\u01b0\u1edbc \u1ea5m.<\/li>\n<li>Khi m\u1edbi s\u1eed d\u1ee5ng n\u00ean gi\u1ea3m li\u1ec1u \u0111\u1ec3 c\u01a1 th\u1ec3 quen d\u1ea7n. Sau \u0111\u00f3 d\u00f9ng theo li\u1ec1u quy \u0111\u1ecbnh<\/li>\n<\/ul>\n<h2><strong>5. \u0110\u1ed1i t\u01b0\u1ee3ng s\u1eed d\u1ee5ng s\u1ea3n ph\u1ea9m<\/strong><\/h2>\n<ul>\n<li>Ng\u01b0\u1eddi b\u00ecnh th\u01b0\u1eddng mu\u1ed1n t\u0103ng c\u01b0\u1eddng s\u1ee9c kh\u1ecfe<\/li>\n<li>Nam gi\u1edbi mu\u1ed1n c\u1ea3i thi\u1ec7n s\u1ee9c kh\u1ecfe sinh l\u00fd<\/li>\n<li>Ng\u01b0\u1eddi suy nh\u01b0\u1ee3c c\u01a1 th\u1ec3, tr\u00ed nh\u1edb k\u00e9m, s\u1ee9c kh\u1ecfe sa s\u00fat<\/li>\n<\/ul>\n<p><strong><em>L\u01b0u \u00fd:<\/em><\/strong><\/p>\n<ul>\n<li>Kh\u00f4ng s\u1eed d\u1ee5ng cho ph\u1ee5 n\u1eef \u0111ang mang thai v\u00e0 cho con b\u00fa<\/li>\n<li>Kh\u00f4ng s\u1eed d\u1ee5ng cho \u0111\u1ed1i t\u01b0\u1ee3ng d\u01b0\u1edbi 18 tu\u1ed5i<\/li>\n<\/ul>\n<figure id=\"attachment_4371\" class=\"wp-caption aligncenter\" aria-describedby=\"caption-attachment-4371\"><figcaption id=\"caption-attachment-4371\" class=\"wp-caption-text\">Vi\u00ean u\u1ed1ng t\u0103ng c\u01b0\u1eddng sinh l\u1ef1c chi\u1ebft xu\u1ea5t ba ba Orihiro 120 vi\u00ean<\/figcaption><\/figure>\n<h2><strong>6. C\u00e2u h\u1ecfi th\u01b0\u1eddng g\u1eb7p trong qu\u00e1 tr\u00ecnh s\u1eed d\u1ee5ng s\u1ea3n ph\u1ea9m<\/strong><\/h2>\n<ul>\n<li>Vi\u00ean u\u1ed1ng t\u0103ng c\u01b0\u1eddng sinh l\u1ef1c chi\u1ebft xu\u1ea5t ba ba Orihiro c\u00f3 d\u00e0nh cho n\u1eef kh\u00f4ng?<\/li>\n<\/ul>\n<p>\u0110\u1ed1i t\u01b0\u1ee3ng nam v\u00e0 n\u1eef \u0111\u1ec1u c\u00f3 th\u1ec3 s\u1eed d\u1ee5ng s\u1ea3n ph\u1ea9m.<\/p>\n<ul>\n<li>Nam gi\u1edbi 45 tu\u1ed5i c\u00f3 th\u1ec3 s\u1eed d\u1ee5ng \u0111\u01b0\u1ee3c Vi\u00ean u\u1ed1ng t\u0103ng c\u01b0\u1eddng sinh l\u1ef1c chi\u1ebft xu\u1ea5t ba ba Orihiro kh\u00f4ng?<\/li>\n<\/ul>\n<p>S\u1ea3n ph\u1ea9m gi\u00fap h\u1ed7 tr\u1ee3 t\u0103ng c\u01b0\u1eddng h\u1ec7 mi\u1ec5n d\u1ecbch, th\u00fac \u0111\u1ea9y chuy\u1ec3n h\u00f3a n\u0103ng l\u01b0\u1ee3ng, c\u1ef1c k\u00ec ph\u00f9 h\u1ee3p v\u1edbi \u0111\u1ed9 tu\u1ed5i trung ni\u00ean. B\u1ea1n n\u00ean s\u1eed d\u1ee5ng s\u1ea3n ph\u1ea9m th\u01b0\u1eddng xuy\u00ean \u0111\u1ec3 c\u00f3 k\u1ebft qu\u1ea3 t\u1ed1t nh\u1ea5t.<\/p>\n<ul>\n<li>Vi\u00ean u\u1ed1ng t\u0103ng c\u01b0\u1eddng sinh l\u1ef1c chi\u1ebft xu\u1ea5t ba ba Orihiro c\u00f3 g\u00e2y t\u00e1c d\u1ee5ng ph\u1ee5 kh\u00f4ng?<\/li>\n<\/ul>\n<p>Vi\u00ean u\u1ed1ng \u0111\u00e3 \u0111\u01b0\u1ee3c nh\u00e0 s\u1ea3n xu\u1ea5t th\u1eed nghi\u1ec7m l\u00e2m s\u00e0ng kh\u1eaft khe, ch\u1ee9ng minh an to\u00e0n tr\u01b0\u1edbc khi \u0111\u01b0a ra th\u1ecb tr\u01b0\u1eddng. T\u00ednh \u0111\u1ebfn th\u1eddi \u0111i\u1ec3m hi\u1ec7n t\u1ea1i, ch\u01b0a c\u00f3 ph\u1ea3n h\u1ed3i c\u1ee7a kh\u00e1ch h\u00e0ng v\u1ec1 v\u1ea5n \u0111\u1ec1 n\u00e0y, v\u00ec v\u1eady, b\u1ea1n c\u00f3 th\u1ec3 y\u00ean t\u00e2m s\u1eed d\u1ee5ng.<\/p>\n","protected":false},"excerpt":{"rendered":"<ul>\n<li>T\u0103ng c\u01b0\u1eddng sinh l\u00fd nam:<\/li>\n<li>B\u1ed5 m\u00e1u, gi\u1ea3i nhi\u1ec7t c\u01a1 th\u1ec3 v\u00e0 an th\u1ea7n.<\/li>\n<li>T\u0103ng c\u01b0\u1eddng s\u1ee9c \u0111\u1ec1 kh\u00e1ng, n\u00e2ng cao mi\u1ec5n d\u1ecbch.<\/li>\n<li>B\u1ed5 th\u1eadn, h\u1ed7 tr\u1ee3 kh\u1ea3 n\u0103ng ho\u1ea1t \u0111\u1ed9ng cho th\u1eadn.<\/li>\n<li>\u1ed4n \u0111\u1ecbnh huy\u1ebft \u00e1p, c\u1ea3i thi\u1ec7n s\u1ee9c kh\u1ecfe tim m\u1ea1ch<\/li>\n<li>Ch\u1ed1ng l\u00e3o h\u00f3a, n\u00e2ng cao s\u1ee9c \u0111\u1ec1 kh\u00e1ng.<\/li>\n<li>B\u1ed3i b\u1ed5 s\u1ee9c kh\u1ecfe, t\u0103ng c\u01b0\u1eddng sinh l\u1ef1c cho c\u01a1 th\u1ec3.<\/li>\n<li>Gi\u00fap tinh th\u1ea7n minh m\u1eabn, h\u1ed7 tr\u1ee3 kh\u1ea3 n\u0103ng ghi nh\u1edb.<\/li>\n<li>H\u1ed7 tr\u1ee3 \u0111i\u1ec1u tr\u1ecb ung th\u01b0 v\u00e0 kh\u00e1ng khu\u1ea9n c\u1ef1c t\u1ed1t.<\/li>\n<\/ul>\n","protected":false},"featured_media":199,"comment_status":"closed","ping_status":"closed","template":"","meta":[],"product_cat":[22],"product_tag":[],"class_list":["post-198","product","type-product","status-publish","has-post-thumbnail","hentry","product_cat-sinh-ly-nam-nu"],"yoast_head":"<!-- This site is optimized with the Yoast SEO plugin v18.9 - https:\/\/yoast.com\/wordpress\/plugins\/seo\/ -->\n<title>Vi\u00ean u\u1ed1ng t\u0103ng c\u01b0\u1eddng sinh l\u1ef1c chi\u1ebft xu\u1ea5t ba ba Orihiro 120 vi\u00ean - Nh\u1eadt T\u00edn Health<\/title>\n<meta name=\"robots\" content=\"noindex, follow, max-snippet:-1, max-image-preview:large, max-video-preview:-1\" \/>\n<meta property=\"og:locale\" content=\"vi_VN\" \/>\n<meta property=\"og:type\" content=\"article\" \/>\n<meta property=\"og:title\" content=\"Vi\u00ean u\u1ed1ng t\u0103ng c\u01b0\u1eddng sinh l\u1ef1c chi\u1ebft xu\u1ea5t ba ba Orihiro 120 vi\u00ean - Nh\u1eadt T\u00edn Health\" \/>\n<meta property=\"og:description\" content=\"T\u0103ng c\u01b0\u1eddng sinh l\u00fd nam:  B\u1ed5 m\u00e1u, gi\u1ea3i nhi\u1ec7t c\u01a1 th\u1ec3 v\u00e0 an th\u1ea7n.  T\u0103ng c\u01b0\u1eddng s\u1ee9c \u0111\u1ec1 kh\u00e1ng, n\u00e2ng cao mi\u1ec5n d\u1ecbch.  B\u1ed5 th\u1eadn, h\u1ed7 tr\u1ee3 kh\u1ea3 n\u0103ng ho\u1ea1t \u0111\u1ed9ng cho th\u1eadn.  \u1ed4n \u0111\u1ecbnh huy\u1ebft \u00e1p, c\u1ea3i thi\u1ec7n s\u1ee9c kh\u1ecfe tim m\u1ea1ch  Ch\u1ed1ng l\u00e3o h\u00f3a, n\u00e2ng cao s\u1ee9c \u0111\u1ec1 kh\u00e1ng.  B\u1ed3i b\u1ed5 s\u1ee9c kh\u1ecfe, t\u0103ng c\u01b0\u1eddng sinh l\u1ef1c cho c\u01a1 th\u1ec3.  Gi\u00fap tinh th\u1ea7n minh m\u1eabn, h\u1ed7 tr\u1ee3 kh\u1ea3 n\u0103ng ghi nh\u1edb.  H\u1ed7 tr\u1ee3 \u0111i\u1ec1u tr\u1ecb ung th\u01b0 v\u00e0 kh\u00e1ng khu\u1ea9n c\u1ef1c t\u1ed1t.\" \/>\n<meta property=\"og:url\" content=\"http:\/\/mau.hoabinhweb.com\/duocpham1\/san-pham\/vien-uong-tang-cuong-sinh-luc-chiet-xuat-ba-ba-orihiro-120-vien\/\" \/>\n<meta property=\"og:site_name\" content=\"Nh\u1eadt T\u00edn Health\" \/>\n<meta property=\"og:image\" content=\"http:\/\/mau.hoabinhweb.com\/duocpham1\/wp-content\/uploads\/2022\/05\/1113.jpg\" \/>\n\t<meta property=\"og:image:width\" content=\"500\" \/>\n\t<meta property=\"og:image:height\" content=\"500\" \/>\n\t<meta property=\"og:image:type\" content=\"image\/jpeg\" \/>\n<meta name=\"twitter:card\" content=\"summary_large_image\" \/>\n<meta name=\"twitter:label1\" content=\"\u01af\u1edbc t\u00ednh th\u1eddi gian \u0111\u1ecdc\" \/>\n\t<meta name=\"twitter:data1\" content=\"4 ph\u00fat\" \/>\n<script type=\"application\/ld+json\" class=\"yoast-schema-graph\">{\"@context\":\"https:\/\/schema.org\",\"@graph\":[{\"@type\":\"WebSite\",\"@id\":\"http:\/\/mau.hoabinhweb.com\/duocpham1\/#website\",\"url\":\"http:\/\/mau.hoabinhweb.com\/duocpham1\/\",\"name\":\"Nh\u1eadt T\u00edn Health\",\"description\":\"\",\"potentialAction\":[{\"@type\":\"SearchAction\",\"target\":{\"@type\":\"EntryPoint\",\"urlTemplate\":\"http:\/\/mau.hoabinhweb.com\/duocpham1\/?s={search_term_string}\"},\"query-input\":\"required name=search_term_string\"}],\"inLanguage\":\"vi\"},{\"@type\":\"ImageObject\",\"inLanguage\":\"vi\",\"@id\":\"http:\/\/mau.hoabinhweb.com\/duocpham1\/san-pham\/vien-uong-tang-cuong-sinh-luc-chiet-xuat-ba-ba-orihiro-120-vien\/#primaryimage\",\"url\":\"http:\/\/mau.hoabinhweb.com\/duocpham1\/wp-content\/uploads\/2022\/05\/1113.jpg\",\"contentUrl\":\"http:\/\/mau.hoabinhweb.com\/duocpham1\/wp-content\/uploads\/2022\/05\/1113.jpg\",\"width\":500,\"height\":500,\"caption\":\"1113\"},{\"@type\":\"WebPage\",\"@id\":\"http:\/\/mau.hoabinhweb.com\/duocpham1\/san-pham\/vien-uong-tang-cuong-sinh-luc-chiet-xuat-ba-ba-orihiro-120-vien\/#webpage\",\"url\":\"http:\/\/mau.hoabinhweb.com\/duocpham1\/san-pham\/vien-uong-tang-cuong-sinh-luc-chiet-xuat-ba-ba-orihiro-120-vien\/\",\"name\":\"Vi\u00ean u\u1ed1ng t\u0103ng c\u01b0\u1eddng sinh l\u1ef1c chi\u1ebft xu\u1ea5t ba ba Orihiro 120 vi\u00ean - Nh\u1eadt T\u00edn Health\",\"isPartOf\":{\"@id\":\"http:\/\/mau.hoabinhweb.com\/duocpham1\/#website\"},\"primaryImageOfPage\":{\"@id\":\"http:\/\/mau.hoabinhweb.com\/duocpham1\/san-pham\/vien-uong-tang-cuong-sinh-luc-chiet-xuat-ba-ba-orihiro-120-vien\/#primaryimage\"},\"datePublished\":\"2022-05-28T15:28:00+00:00\",\"dateModified\":\"2022-05-28T15:28:00+00:00\",\"breadcrumb\":{\"@id\":\"http:\/\/mau.hoabinhweb.com\/duocpham1\/san-pham\/vien-uong-tang-cuong-sinh-luc-chiet-xuat-ba-ba-orihiro-120-vien\/#breadcrumb\"},\"inLanguage\":\"vi\",\"potentialAction\":[{\"@type\":\"ReadAction\",\"target\":[\"http:\/\/mau.hoabinhweb.com\/duocpham1\/san-pham\/vien-uong-tang-cuong-sinh-luc-chiet-xuat-ba-ba-orihiro-120-vien\/\"]}]},{\"@type\":\"BreadcrumbList\",\"@id\":\"http:\/\/mau.hoabinhweb.com\/duocpham1\/san-pham\/vien-uong-tang-cuong-sinh-luc-chiet-xuat-ba-ba-orihiro-120-vien\/#breadcrumb\",\"itemListElement\":[{\"@type\":\"ListItem\",\"position\":1,\"name\":\"Trang ch\u1ee7\",\"item\":\"http:\/\/mau.hoabinhweb.com\/duocpham1\/\"},{\"@type\":\"ListItem\",\"position\":2,\"name\":\"S\u1ea3n ph\u1ea9m\",\"item\":\"http:\/\/mau.hoabinhweb.com\/duocpham1\/san-pham\/\"},{\"@type\":\"ListItem\",\"position\":3,\"name\":\"Sinh L\u00fd Nam, N\u1eef\",\"item\":\"http:\/\/mau.hoabinhweb.com\/duocpham1\/danh-muc\/sinh-ly-nam-nu\/\"},{\"@type\":\"ListItem\",\"position\":4,\"name\":\"Vi\u00ean u\u1ed1ng t\u0103ng c\u01b0\u1eddng sinh l\u1ef1c chi\u1ebft xu\u1ea5t ba ba Orihiro 120 vi\u00ean\"}]}]}<\/script>\n<!-- \/ Yoast SEO plugin. -->","yoast_head_json":{"title":"Vi\u00ean u\u1ed1ng t\u0103ng c\u01b0\u1eddng sinh l\u1ef1c chi\u1ebft xu\u1ea5t ba ba Orihiro 120 vi\u00ean - Nh\u1eadt T\u00edn Health","robots":{"index":"noindex","follow":"follow","max-snippet":"max-snippet:-1","max-image-preview":"max-image-preview:large","max-video-preview":"max-video-preview:-1"},"og_locale":"vi_VN","og_type":"article","og_title":"Vi\u00ean u\u1ed1ng t\u0103ng c\u01b0\u1eddng sinh l\u1ef1c chi\u1ebft xu\u1ea5t ba ba Orihiro 120 vi\u00ean - Nh\u1eadt T\u00edn Health","og_description":"T\u0103ng c\u01b0\u1eddng sinh l\u00fd nam:  B\u1ed5 m\u00e1u, gi\u1ea3i nhi\u1ec7t c\u01a1 th\u1ec3 v\u00e0 an th\u1ea7n.  T\u0103ng c\u01b0\u1eddng s\u1ee9c \u0111\u1ec1 kh\u00e1ng, n\u00e2ng cao mi\u1ec5n d\u1ecbch.  B\u1ed5 th\u1eadn, h\u1ed7 tr\u1ee3 kh\u1ea3 n\u0103ng ho\u1ea1t \u0111\u1ed9ng cho th\u1eadn.  \u1ed4n \u0111\u1ecbnh huy\u1ebft \u00e1p, c\u1ea3i thi\u1ec7n s\u1ee9c kh\u1ecfe tim m\u1ea1ch  Ch\u1ed1ng l\u00e3o h\u00f3a, n\u00e2ng cao s\u1ee9c \u0111\u1ec1 kh\u00e1ng.  B\u1ed3i b\u1ed5 s\u1ee9c kh\u1ecfe, t\u0103ng c\u01b0\u1eddng sinh l\u1ef1c cho c\u01a1 th\u1ec3.  Gi\u00fap tinh th\u1ea7n minh m\u1eabn, h\u1ed7 tr\u1ee3 kh\u1ea3 n\u0103ng ghi nh\u1edb.  H\u1ed7 tr\u1ee3 \u0111i\u1ec1u tr\u1ecb ung th\u01b0 v\u00e0 kh\u00e1ng khu\u1ea9n c\u1ef1c t\u1ed1t.","og_url":"http:\/\/mau.hoabinhweb.com\/duocpham1\/san-pham\/vien-uong-tang-cuong-sinh-luc-chiet-xuat-ba-ba-orihiro-120-vien\/","og_site_name":"Nh\u1eadt T\u00edn Health","og_image":[{"width":500,"height":500,"url":"http:\/\/mau.hoabinhweb.com\/duocpham1\/wp-content\/uploads\/2022\/05\/1113.jpg","type":"image\/jpeg"}],"twitter_card":"summary_large_image","twitter_misc":{"\u01af\u1edbc t\u00ednh th\u1eddi gian \u0111\u1ecdc":"4 ph\u00fat"},"schema":{"@context":"https:\/\/schema.org","@graph":[{"@type":"WebSite","@id":"http:\/\/mau.hoabinhweb.com\/duocpham1\/#website","url":"http:\/\/mau.hoabinhweb.com\/duocpham1\/","name":"Nh\u1eadt T\u00edn Health","description":"","potentialAction":[{"@type":"SearchAction","target":{"@type":"EntryPoint","urlTemplate":"http:\/\/mau.hoabinhweb.com\/duocpham1\/?s={search_term_string}"},"query-input":"required name=search_term_string"}],"inLanguage":"vi"},{"@type":"ImageObject","inLanguage":"vi","@id":"http:\/\/mau.hoabinhweb.com\/duocpham1\/san-pham\/vien-uong-tang-cuong-sinh-luc-chiet-xuat-ba-ba-orihiro-120-vien\/#primaryimage","url":"http:\/\/mau.hoabinhweb.com\/duocpham1\/wp-content\/uploads\/2022\/05\/1113.jpg","contentUrl":"http:\/\/mau.hoabinhweb.com\/duocpham1\/wp-content\/uploads\/2022\/05\/1113.jpg","width":500,"height":500,"caption":"1113"},{"@type":"WebPage","@id":"http:\/\/mau.hoabinhweb.com\/duocpham1\/san-pham\/vien-uong-tang-cuong-sinh-luc-chiet-xuat-ba-ba-orihiro-120-vien\/#webpage","url":"http:\/\/mau.hoabinhweb.com\/duocpham1\/san-pham\/vien-uong-tang-cuong-sinh-luc-chiet-xuat-ba-ba-orihiro-120-vien\/","name":"Vi\u00ean u\u1ed1ng t\u0103ng c\u01b0\u1eddng sinh l\u1ef1c chi\u1ebft xu\u1ea5t ba ba Orihiro 120 vi\u00ean - Nh\u1eadt T\u00edn Health","isPartOf":{"@id":"http:\/\/mau.hoabinhweb.com\/duocpham1\/#website"},"primaryImageOfPage":{"@id":"http:\/\/mau.hoabinhweb.com\/duocpham1\/san-pham\/vien-uong-tang-cuong-sinh-luc-chiet-xuat-ba-ba-orihiro-120-vien\/#primaryimage"},"datePublished":"2022-05-28T15:28:00+00:00","dateModified":"2022-05-28T15:28:00+00:00","breadcrumb":{"@id":"http:\/\/mau.hoabinhweb.com\/duocpham1\/san-pham\/vien-uong-tang-cuong-sinh-luc-chiet-xuat-ba-ba-orihiro-120-vien\/#breadcrumb"},"inLanguage":"vi","potentialAction":[{"@type":"ReadAction","target":["http:\/\/mau.hoabinhweb.com\/duocpham1\/san-pham\/vien-uong-tang-cuong-sinh-luc-chiet-xuat-ba-ba-orihiro-120-vien\/"]}]},{"@type":"BreadcrumbList","@id":"http:\/\/mau.hoabinhweb.com\/duocpham1\/san-pham\/vien-uong-tang-cuong-sinh-luc-chiet-xuat-ba-ba-orihiro-120-vien\/#breadcrumb","itemListElement":[{"@type":"ListItem","position":1,"name":"Trang ch\u1ee7","item":"http:\/\/mau.hoabinhweb.com\/duocpham1\/"},{"@type":"ListItem","position":2,"name":"S\u1ea3n ph\u1ea9m","item":"http:\/\/mau.hoabinhweb.com\/duocpham1\/san-pham\/"},{"@type":"ListItem","position":3,"name":"Sinh L\u00fd Nam, N\u1eef","item":"http:\/\/mau.hoabinhweb.com\/duocpham1\/danh-muc\/sinh-ly-nam-nu\/"},{"@type":"ListItem","position":4,"name":"Vi\u00ean u\u1ed1ng t\u0103ng c\u01b0\u1eddng sinh l\u1ef1c chi\u1ebft xu\u1ea5t ba ba Orihiro 120 vi\u00ean"}]}]}},"_links":{"self":[{"href":"http:\/\/mau.hoabinhweb.com\/duocpham1\/wp-json\/wp\/v2\/product\/198","targetHints":{"allow":["GET"]}}],"collection":[{"href":"http:\/\/mau.hoabinhweb.com\/duocpham1\/wp-json\/wp\/v2\/product"}],"about":[{"href":"http:\/\/mau.hoabinhweb.com\/duocpham1\/wp-json\/wp\/v2\/types\/product"}],"replies":[{"embeddable":true,"href":"http:\/\/mau.hoabinhweb.com\/duocpham1\/wp-json\/wp\/v2\/comments?post=198"}],"wp:featuredmedia":[{"embeddable":true,"href":"http:\/\/mau.hoabinhweb.com\/duocpham1\/wp-json\/wp\/v2\/media\/199"}],"wp:attachment":[{"href":"http:\/\/mau.hoabinhweb.com\/duocpham1\/wp-json\/wp\/v2\/media?parent=198"}],"wp:term":[{"taxonomy":"product_cat","embeddable":true,"href":"http:\/\/mau.hoabinhweb.com\/duocpham1\/wp-json\/wp\/v2\/product_cat?post=198"},{"taxonomy":"product_tag","embeddable":true,"href":"http:\/\/mau.hoabinhweb.com\/duocpham1\/wp-json\/wp\/v2\/product_tag?post=198"}],"curies":[{"name":"wp","href":"https:\/\/api.w.org\/{rel}","templated":true}]}}