{"id":191,"date":"2022-05-28T22:14:02","date_gmt":"2022-05-28T15:14:02","guid":{"rendered":"https:\/\/mau.hoabinhweb.com\/duocpham1\/?post_type=product&#038;p=191"},"modified":"2022-05-28T22:14:02","modified_gmt":"2022-05-28T15:14:02","slug":"vien-uong-tinh-chat-hau-tuoi-tang-cuong-sinh-ly-orihiro-120-vien","status":"publish","type":"product","link":"http:\/\/mau.hoabinhweb.com\/duocpham1\/san-pham\/vien-uong-tinh-chat-hau-tuoi-tang-cuong-sinh-ly-orihiro-120-vien\/","title":{"rendered":"Vi\u00ean u\u1ed1ng tinh ch\u1ea5t h\u00e0u t\u01b0\u01a1i t\u0103ng c\u01b0\u1eddng sinh l\u00fd Orihiro 120 vi\u00ean"},"content":{"rendered":"<h1><strong>Vi\u00ean u\u1ed1ng tinh ch\u1ea5t h\u00e0u t\u01b0\u01a1i T\u0103ng c\u01b0\u1eddng sinh l\u00fd Orihiro 120 vi\u00ean<\/strong><\/h1>\n<h2><strong>1. Th\u00f4ng tin chi ti\u1ebft s\u1ea3n ph\u1ea9m<\/strong><\/h2>\n<ul>\n<li>M\u00e3 code: 497149 3104550<\/li>\n<li>Xu\u1ea5t x\u1ee9: Nh\u1eadt B\u1ea3n<\/li>\n<li>Nh\u00e0 s\u1ea3n xu\u1ea5t: Orihiro<\/li>\n<li>Quy c\u00e1ch \u0111\u00f3ng g\u00f3i: D\u1ea1ng vi\u00ean n\u00e9n, 120 vi\u00ean\/ h\u1ed9p<\/li>\n<li>Tr\u1ecdng l\u01b0\u1ee3ng: 66g\/h\u1ed9p, 550mg\/vi\u00ean<\/li>\n<\/ul>\n<h2><strong>2. C\u00f4ng d\u1ee5ng ch\u00ednh s\u1ea3n ph\u1ea9m<\/strong><\/h2>\n<ul>\n<li>\n<h3>H\u1ed7 tr\u1ee3 hi\u1ec7u qu\u1ea3 ch\u1ee9c n\u0103ng sinh l\u00fd, sinh s\u1ea3n nam gi\u1edbi<\/h3>\n<\/li>\n<\/ul>\n<div>K\u1ebdm l\u00e0 th\u00e0nh ph\u1ea7n quan tr\u1ecdng c\u1ee7a enzyme ch\u1ed1ng oxy h\u00f3a, c\u0169ng c\u00f3 trong tinh d\u1ecbch. Thi\u1ebfu k\u1ebdm c\u00f3 th\u1ec3 li\u00ean quan \u0111\u1ebfn s\u1ef1 suy gi\u1ea3m s\u1ea3n sinh testosterone, t\u00e1c \u0111\u1ed9ng \u0111\u00e1ng k\u1ec3 \u0111\u1ebfn kh\u1ea3 n\u0103ng v\u1eadn \u0111\u1ed9ng, m\u1eadt \u0111\u1ed9 t\u1ebf b\u00e0o tinh tr\u00f9ng c\u0169ng nh\u01b0 h\u00ecnh d\u1ea1ng tinh tr\u00f9ng.<\/div>\n<div>Selenium t\u01b0\u01a1ng t\u1ef1 nh\u01b0 k\u1ebdm, l\u00e0 th\u00e0nh ph\u1ea7n quan tr\u1ecdng c\u1ee7a enzyme ch\u1ed1ng oxy h\u00f3a, ho\u1ea1t \u0111\u1ed9ng c\u1ee7a enzyme n\u00e0y \u1ea3nh h\u01b0\u1edfng \u0111\u1ebfn kh\u1ea3 n\u0103ng t\u1ed3n t\u1ea1i h\u00ecnh d\u1ea1ng b\u00ecnh th\u01b0\u1eddng v\u00e0 kh\u1ea3 n\u0103ng di \u0111\u1ed9ng c\u1ee7a t\u1ebf b\u00e0o tinh tr\u00f9ng.<\/div>\n<ul>\n<li>\n<h3>Vitamin E ch\u1ed1ng oxy h\u00f3a, b\u1ea3o v\u1ec7 m\u00e0ng t\u1ebf b\u00e0o ch\u1ed1ng l\u1ea1i s\u1ef1 t\u1ea5n c\u00f4ng c\u1ee7a c\u00e1c g\u1ed1c t\u1ef1 do, c\u00f3 t\u00e1c \u0111\u1ed9ng \u0111\u00e1ng k\u1ec3 \u0111\u1ebfn kh\u1ea3 n\u0103ng di \u0111\u1ed9ng c\u1ee7a tinh tr\u00f9ng.<\/h3>\n<\/li>\n<\/ul>\n<div>Vitamin C b\u1ea3o v\u1ec7 th\u00f4ng tin di truy\u1ec1n ADN kh\u1ecfi c\u00e1c g\u1ed1c t\u1ef1 do, ch\u1ed1ng l\u1ea1i s\u1ef1 suy gi\u1ea3m ch\u1ee9c n\u0103ng c\u1ee7a tinh tr\u00f9ng.<\/div>\n<div>C\u00e1c vitamin nh\u00f3m B v\u00e0 acid folic\u00a0 r\u1ea5t quan tr\u1ecdng v\u1edbi s\u1ef1 suy gi\u1ea3m chuy\u1ec3n h\u00f3a homocysteine. N\u1ed3ng \u0111\u1ed9 homocysteine cao c\u00f3 th\u1ec3 g\u00e2y \u1ea3nh h\u01b0\u1edfng x\u1ea5u \u0111\u1ebfn ch\u1ee9c n\u0103ng sinh s\u1ea3n.<\/div>\n<div>Acid b\u00e9o omega-3 c\u1ea3i thi\u1ec7n t\u00ednh l\u01b0u \u0111\u1ed9ng c\u1ee7a m\u00e0ng t\u1ebf b\u00e0o tinh tr\u00f9ng, \u0111i\u1ec1u ti\u00ean quy\u1ebft \u0111\u1ec3 th\u1ee5 thai th\u00e0nh c\u00f4ng.<\/div>\n<div>C\u00e1c vi ch\u1ea5t dinh d\u01b0\u1ee1ng kh\u00e1c c\u0169ng r\u1ea5t quan tr\u1ecdng trong s\u1ef1 h\u00ecnh th\u00e0nh v\u00e0 tr\u01b0\u1edfng th\u00e0nh c\u1ee7a t\u1ebf b\u00e0o tinh tr\u00f9ng. T\u00e1c \u0111\u1ed9ng c\u1ee7a c\u00e1c vi ch\u1ea5t dinh d\u01b0\u1ee1ng b\u1ed5 sung cho nhau, t\u1ea1o s\u1ef1 k\u1ebft h\u1ee3p c\u00e2n b\u1eb1ng v\u00e0 t\u1ed1t cho ch\u1ee9c n\u0103ng sinh s\u1ea3n nam gi\u1edbi.<\/div>\n<ul>\n<li>\n<h3>H\u1ed7 tr\u1ee3 ch\u1ee9c n\u0103ng gan<\/h3>\n<\/li>\n<\/ul>\n<div>Nh\u00f3m kho\u00e1ng ch\u1ea5t quan tr\u1ecdng g\u1ed3m magie, canxi, \u0111\u1ed3ng, s\u1eaft, k\u1ebdm, mangan, ph\u1ed1t pho, iot, kali, natri c\u00f3 t\u00e1c d\u1ee5ng th\u00fac \u0111\u1ea9y ho\u1ea1t \u0111\u1ed9ng c\u1ee7a gan, ng\u0103n ng\u1eeba s\u1ef1 ph\u00e1t hu\u1ef7 hay l\u00e0m suy tho\u00e1i ch\u1ee9c n\u0103ng gan do th\u00f3i quen bia r\u01b0\u1ee3u, \u0103n u\u1ed1ng kh\u00f4ng l\u00e0nh m\u1ea1nh \u0111\u1ee7 ch\u1ea5t<\/div>\n<ul>\n<li>\n<h3>T\u0103ng c\u01b0\u1eddng s\u1ee9c \u0111\u1ec1 kh\u00e1ng cho c\u01a1 th\u1ec3<\/h3>\n<\/li>\n<\/ul>\n<div>Nh\u00f3m th\u00e0nh ph\u1ea7n protein, vitamin A, vitamin B1, B2, B6, B12 gi\u00fap t\u0103ng s\u1ee9c \u0111\u1ec1 kh\u00e1ng, t\u0103ng c\u01b0\u1eddng trao \u0111\u1ed5i ch\u1ea5t, n\u00e2ng cao kh\u1ea3 n\u0103ng t\u1ef1 ch\u1ed1ng vi\u00eam gi\u00fap c\u01a1 th\u1ec3 tr\u00e1nh xa m\u1ecfi m\u1ec7t, \u1ed1m v\u1eb7t, \u0111\u1ea9y l\u00f9i nguy c\u01a1 b\u1ec7nh t\u1eadt<\/div>\n<div>Trao \u0111\u1ed5i ch\u1ea5t v\u00e0 tu\u1ea7n ho\u00e0n m\u00e1u t\u1ed1t gi\u00fap m\u1ecdi b\u1ed9 ph\u1eadn c\u01a1 th\u1ec3 \u0111\u1ec1u \u0111\u01b0\u1ee3c nu\u00f4i d\u01b0\u1ee1ng kh\u1ecfe m\u1ea1nh. H\u00f4 h\u1ea5p t\u1ed1t gi\u00fap gi\u1ea3m stress, c\u0103ng th\u1eb3ng, gi\u1ea3m t\u00ecnh tr\u1ea1ng kh\u00f3 th\u1edf khi v\u1eadn \u0111\u1ed9ng<\/div>\n<ul>\n<li>Vi\u00ean u\u1ed1ng c\u00f2n gi\u00fap \u1ed5n \u0111\u1ecbnh l\u1ea1i huy\u1ebft \u00e1p, ng\u0103n ch\u1eb7n c\u00e1c nguy c\u01a1 \u0111au s\u01b0ng, vi\u00eam nhi\u1ec5m<\/li>\n<\/ul>\n<p><img loading=\"lazy\" decoding=\"async\" class=\"aligncenter wp-image-2169\" src=\"https:\/\/orihiro.vn\/wp-content\/uploads\/2020\/08\/8-3-800x800.png\" sizes=\"auto, (max-width: 600px) 100vw, 600px\" srcset=\"https:\/\/orihiro.vn\/wp-content\/uploads\/2020\/08\/8-3-800x800.png 800w, https:\/\/orihiro.vn\/wp-content\/uploads\/2020\/08\/8-3-400x400.png 400w, https:\/\/orihiro.vn\/wp-content\/uploads\/2020\/08\/8-3-280x280.png 280w, https:\/\/orihiro.vn\/wp-content\/uploads\/2020\/08\/8-3-768x768.png 768w, https:\/\/orihiro.vn\/wp-content\/uploads\/2020\/08\/8-3-300x300.png 300w, https:\/\/orihiro.vn\/wp-content\/uploads\/2020\/08\/8-3-600x600.png 600w, https:\/\/orihiro.vn\/wp-content\/uploads\/2020\/08\/8-3-100x100.png 100w, https:\/\/orihiro.vn\/wp-content\/uploads\/2020\/08\/8-3.png 900w\" alt=\"\" width=\"600\" height=\"600\" \/><\/p>\n<h2><strong>3. Th\u00e0nh ph\u1ea7n ch\u00ednh s\u1ea3n ph\u1ea9m<\/strong><\/h2>\n<div>Chi\u1ebft xu\u1ea5t th\u1ecbt h\u00e0u c\u00f4 \u0111\u1eb7c, k\u1ebdm, vitamin B1, vitamin B2, vitamin B6, Vitamin B12.<\/div>\n<div><strong>H\u00e0m l\u01b0\u1ee3ng dinh d\u01b0\u1ee1ng c\u00f3 trong 4 vi\u00ean (2.2mg) m\u1ed7i ng\u00e0y:<\/strong><\/div>\n<ul>\n<li>L\u01b0\u1ee3ng calo \u2026\u2026\u2026\u2026\u2026\u2026\u2026\u2026\u2026\u2026\u2026\u2026\u2026\u2026\u2026\u2026\u2026\u2026.8g<\/li>\n<li>Protein \u2026\u2026\u2026\u2026\u2026\u2026\u2026\u2026\u2026\u2026\u2026\u2026\u2026\u2026\u2026\u2026\u2026\u2026\u2026\u2026.0.25g<\/li>\n<li>Lipid \u2026\u2026\u2026\u2026\u2026\u2026\u2026\u2026\u2026\u2026\u2026\u2026\u2026\u2026\u2026\u2026\u2026\u2026\u2026\u2026\u2026.0.04g<\/li>\n<li>Cacbohydrate \u2026\u2026\u2026\u2026\u2026\u2026\u2026\u2026\u2026\u2026\u2026\u2026\u2026\u2026\u2026\u2026\u20261.72g<\/li>\n<li>Mu\u1ed1i t\u01b0\u01a1ng \u0111\u01b0\u01a1ng \u2026\u2026\u2026\u2026\u2026\u2026\u2026\u2026\u2026\u2026\u2026\u2026\u2026\u2026.0-0.02g<\/li>\n<\/ul>\n<h2><strong>4. C\u00e1ch s\u1eed d\u1ee5ng s\u1ea3n ph\u1ea9m<\/strong><\/h2>\n<ul>\n<li>U\u1ed1ng 4 vi\u00ean h\u00e0u t\u01b0\u01a1i\/ ng\u00e0y, chia l\u00e0m 2 l\u1ea7n, u\u1ed1ng kho\u1ea3ng 30 ph\u00fat sau \u0103n<\/li>\n<li>Li\u1ec1u u\u1ed1ng m\u1ed7i ng\u00e0y nh\u01b0 v\u1eady t\u01b0\u01a1ng \u0111\u01b0\u01a1ng v\u1edbi vi\u1ec7c \u0103n 4 con h\u00e0u t\u01b0\u01a1i Nh\u1eadt<\/li>\n<li>\u0110\u1ec3 vi\u00ean tinh ch\u1ea5t h\u00e0u ph\u00e1t huy t\u1ed1i \u0111a t\u00e1c d\u1ee5ng, n\u00ean u\u1ed1ng li\u00ean t\u1ee5c trong kho\u1ea3ng 3 th\u00e1ng tr\u1edf l\u00ean<\/li>\n<\/ul>\n<h2><strong>5. \u0110\u1ed1i t\u01b0\u1ee3ng s\u1eed d\u1ee5ng s\u1ea3n ph\u1ea9m<\/strong><\/h2>\n<ul>\n<li>Nam gi\u1edbi c\u00f3 ham mu\u1ed1n t\u00ecnh d\u1ee5c th\u1ea5p<\/li>\n<li>Nam gi\u1edbi hi\u1ebfm mu\u1ed9n nguy\u00ean nh\u00e2n do tinh tr\u00f9ng y\u1ebfu, kh\u00f4ng \u0111\u1ee7 ch\u1ea5t l\u01b0\u1ee3ng v\u00e0 s\u1ed1 l\u01b0\u1ee3ng<\/li>\n<li>Nam gi\u1edbi c\u00f3 v\u1ea5n \u0111\u1ec1 v\u1ec1 vi\u00eam tuy\u1ebfn ti\u1ec1n li\u1ec7t<\/li>\n<li>Nam gi\u1edbi c\u00f3 t\u00ecnh tr\u1ea1ng r\u1ed1i lo\u1ea1n c\u01b0\u01a1ng d\u01b0\u01a1ng.<\/li>\n<li>C\u01a1 th\u1ec3 m\u1ec7t m\u1ecfi, suy nh\u01b0\u1ee3c, tress.<\/li>\n<li>Gan y\u1ebfu, hay n\u1ed5i m\u1ea9n ng\u1ee9a, \u0103n u\u1ed1ng k\u00e9m, kh\u00f3 ti\u00eau.<\/li>\n<li>Hay u\u1ed1ng r\u01b0\u1ee3u bia.<\/li>\n<li>Sinh ho\u1ea1t kh\u00f4ng \u0111i\u1ec1u \u0111\u1ed9.<\/li>\n<li>\u0110\u1ec3 duy tr\u00ec th\u1ec3 ch\u1ea5t v\u00e0 s\u1ee9c kh\u1ecfe t\u00ecnh d\u1ee5c h\u00e0ng ng\u00e0y.<\/li>\n<\/ul>\n<div><strong>L\u01b0u \u00fd<\/strong><\/div>\n<ul>\n<li>Kh\u00f4ng d\u00f9ng cho \u0111\u1ed1i t\u01b0\u1ee3ng d\u01b0\u1edbi 18 tu\u1ed5i<\/li>\n<li>Ph\u1ee5 n\u1eef \u0111ang mang thai v\u00e0 cho con b\u00fa, \u0111\u1ed1i t\u01b0\u1ee3ng \u0111ang \u0111i\u1ec1u tr\u1ecb b\u1ec7nh n\u00ean h\u1ecfi \u00fd ki\u1ebfn b\u00e1c s\u0129 tr\u01b0\u1edbc khi s\u1eed d\u1ee5ng s\u1ea3n ph\u1ea9m.<\/li>\n<\/ul>\n<p><img loading=\"lazy\" decoding=\"async\" class=\"aligncenter wp-image-2167\" src=\"https:\/\/orihiro.vn\/wp-content\/uploads\/2020\/08\/6-3-800x800.png\" sizes=\"auto, (max-width: 600px) 100vw, 600px\" srcset=\"https:\/\/orihiro.vn\/wp-content\/uploads\/2020\/08\/6-3-800x800.png 800w, https:\/\/orihiro.vn\/wp-content\/uploads\/2020\/08\/6-3-400x400.png 400w, https:\/\/orihiro.vn\/wp-content\/uploads\/2020\/08\/6-3-280x280.png 280w, https:\/\/orihiro.vn\/wp-content\/uploads\/2020\/08\/6-3-768x768.png 768w, https:\/\/orihiro.vn\/wp-content\/uploads\/2020\/08\/6-3-300x300.png 300w, https:\/\/orihiro.vn\/wp-content\/uploads\/2020\/08\/6-3-600x600.png 600w, https:\/\/orihiro.vn\/wp-content\/uploads\/2020\/08\/6-3-100x100.png 100w, https:\/\/orihiro.vn\/wp-content\/uploads\/2020\/08\/6-3.png 900w\" alt=\"\" width=\"600\" height=\"600\" \/><\/p>\n<h2><strong>6. C\u00e2u h\u1ecfi th\u01b0\u1eddng g\u1eb7p trong qu\u00e1 tr\u00ecnh s\u1eed d\u1ee5ng s\u1ea3n ph\u1ea9m<\/strong><\/h2>\n<ul>\n<li>\n<h3>C\u00f3 th\u1ec3 d\u00f9ng Vi\u00ean u\u1ed1ng tinh ch\u1ea5t h\u00e0u t\u01b0\u01a1i t\u0103ng c\u01b0\u1eddng sinh l\u00fd Orihiro 120 vi\u00ean k\u1ebft h\u1ee3p v\u1edbi thu\u1ed1c ch\u1eefa tr\u1ecb kh\u00e1c \u0111\u01b0\u1ee3c kh\u00f4ng?<\/h3>\n<\/li>\n<\/ul>\n<div>Vi\u00ean u\u1ed1ng tinh ch\u1ea5t h\u00e0u t\u01b0\u01a1i t\u0103ng c\u01b0\u1eddng sinh l\u00fd Orihiro 120 vi\u00ean l\u00e0 TPCN h\u1ed7 tr\u1ee3 t\u0103ng c\u01b0\u1eddng sinh l\u00fd v\u00e0 t\u0103ng c\u01b0\u1eddng s\u1ee9c kh\u1ecfe c\u1ee7a b\u1ea1n. V\u00ec v\u1eady, \u0111\u1ec3 \u0111\u1ea3m b\u1ea3o s\u1ee9c kh\u1ecfe th\u00ec t\u1ed1t nh\u1ea5t b\u1ea1n n\u00ean h\u1ecfi \u00fd ki\u1ebfn c\u1ee7a b\u00e1c s\u0129 tr\u01b0\u1edbc khi d\u00f9ng \u0111\u1ec3 tr\u00e1nh t\u01b0\u01a1ng t\u00e1c thu\u1ed1c b\u1ea1n nh\u00e9!<\/div>\n<ul>\n<li>\n<h3>Vi\u00ean u\u1ed1ng tinh ch\u1ea5t h\u00e0u t\u01b0\u01a1i t\u0103ng c\u01b0\u1eddng sinh l\u00fd Orihiro 120 vi\u00ean c\u00f3 th\u1ec3 s\u1eed d\u1ee5ng th\u01b0\u1eddng xuy\u00ean \u0111\u01b0\u1ee3c kh\u00f4ng?<\/h3>\n<\/li>\n<\/ul>\n<div>Vi\u00ean u\u1ed1ng tinh ch\u1ea5t h\u00e0u t\u01b0\u01a1i t\u0103ng c\u01b0\u1eddng sinh l\u00fd Orihiro 120 vi\u00ean l\u00e0 TPCN h\u1ed7 tr\u1ee3 t\u0103ng c\u01b0\u1eddng s\u1ee9c kh\u1ecfe. \u0110\u1eb7c bi\u1ec7t c\u00f3 hi\u1ec7u qu\u1ea3 \u0111\u1ed1i v\u1edbi c\u00e1c v\u1ea5n \u0111\u1ec1 sinh l\u00fd \u1edf nam gi\u1edbi. V\u00ec v\u1eady, n\u00ean s\u1eed d\u1ee5ng th\u01b0\u1eddng xuy\u00ean t\u1eeb 2- 3 h\u1ed9p \u0111\u1ec3 c\u00f3 hi\u1ec7u qu\u1ea3 t\u1ed1t nh\u1ea5t.<\/div>\n<ul>\n<li>\n<h3>Vi\u00ean u\u1ed1ng tinh ch\u1ea5t h\u00e0u t\u01b0\u01a1i t\u0103ng c\u01b0\u1eddng sinh l\u00fd Orihiro 120 vi\u00ean c\u00f3 d\u00f9ng \u0111\u01b0\u1ee3c cho ng\u01b0\u1eddi b\u1ecb \u0111au d\u1ea1 d\u00e0y kh\u00f4ng?<\/h3>\n<\/li>\n<\/ul>\n<div>Vi\u00ean u\u1ed1ng tinh ch\u1ea5t h\u00e0u t\u01b0\u01a1i t\u0103ng c\u01b0\u1eddng sinh l\u00fd Orihiro 120 vi\u00ean v\u1eabn \u0111\u01b0\u1ee3c s\u1eed d\u1ee5ng b\u00ecnh th\u01b0\u1eddng \u1edf \u0111\u1ed1i t\u01b0\u1ee3ng b\u1ecb \u0111au d\u1ea1 d\u00e0y. C\u00e1c th\u00e0nh ph\u1ea7n c\u00f3 trong vi\u00ean u\u1ed1ng \u0111\u01b0\u1ee3c ch\u1ee9ng minh kh\u00f4ng \u1ea3nh h\u01b0\u1edfng g\u00ec t\u1edbi d\u1ea1 d\u00e0y c\u0169ng nh\u01b0 h\u1ec7 ti\u00eau h\u00f3a. B\u1ea1n c\u00f3 th\u1ec3 y\u00ean t\u00e2m s\u1eed d\u1ee5ng vi\u00ean u\u1ed1ng.<\/div>\n<ul>\n<li>\n<h3>Vi\u00ean u\u1ed1ng tinh ch\u1ea5t h\u00e0u t\u01b0\u01a1i t\u0103ng c\u01b0\u1eddng sinh l\u00fd Orihiro 120 vi\u00ean c\u00f3 g\u00e2y t\u00e1c d\u1ee5ng ph\u1ee5 g\u00ec kh\u00f4ng?<\/h3>\n<\/li>\n<\/ul>\n<div>Vi\u00ean u\u1ed1ng tinh ch\u1ea5t h\u00e0u t\u01b0\u01a1i Orihiro \u0111\u00e3 \u0111\u01b0\u1ee3c ki\u1ec3m nghi\u1ec7m l\u00e2m s\u00e0ng theo c\u00e1c ti\u00eau chu\u1ea9n kh\u1eaft khe tr\u01b0\u1edbc khi \u0111\u01b0a ra th\u1ecb tr\u01b0\u1eddng. V\u00e0 h\u00e3ng ch\u01b0a ghi nh\u1eadn tr\u01b0\u1eddng h\u1ee3p n\u00e0o ph\u1ea3n \u00e1nh v\u1ec1 v\u1ea5n \u0111\u1ec1 n\u00e0y, n\u00ean b\u1ea1n ho\u00e0n to\u00e0n y\u00ean t\u00e2m khi s\u1eed d\u1ee5ng s\u1ea3n ph\u1ea9m.<\/div>\n","protected":false},"excerpt":{"rendered":"<ul>\n<li>H\u1ed7 tr\u1ee3 hi\u1ec7u qu\u1ea3 ch\u1ee9c n\u0103ng sinh l\u00fd, sinh s\u1ea3n nam gi\u1edbi<\/li>\n<li>H\u1ed7 tr\u1ee3 ch\u1ee9c n\u0103ng gan<\/li>\n<li>T\u0103ng c\u01b0\u1eddng s\u1ee9c \u0111\u1ec1 kh\u00e1ng cho c\u01a1 th\u1ec3<\/li>\n<li>T\u0103ng c\u01b0\u1eddng trao \u0111\u1ed5i ch\u1ea5t v\u00e0 tu\u1ea7n ho\u00e0n m\u00e1u t\u1ed1t gi\u00fap m\u1ecdi b\u1ed9 ph\u1eadn c\u01a1 th\u1ec3 \u0111\u1ec1u \u0111\u01b0\u1ee3c nu\u00f4i d\u01b0\u1ee1ng kh\u1ecfe m\u1ea1nh. Gi\u00fap gi\u1ea3m stress, c\u0103ng th\u1eb3ng, gi\u1ea3m t\u00ecnh tr\u1ea1ng kh\u00f3 th\u1edf khi v\u1eadn \u0111\u1ed9ng<\/li>\n<li>Vi\u00ean u\u1ed1ng c\u00f2n gi\u00fap \u1ed5n \u0111\u1ecbnh l\u1ea1i huy\u1ebft \u00e1p, ng\u0103n ch\u1eb7n c\u00e1c nguy c\u01a1 \u0111au s\u01b0ng, vi\u00eam nhi\u1ec5m<\/li>\n<\/ul>\n","protected":false},"featured_media":192,"comment_status":"closed","ping_status":"closed","template":"","meta":[],"product_cat":[22],"product_tag":[],"class_list":["post-191","product","type-product","status-publish","has-post-thumbnail","hentry","product_cat-sinh-ly-nam-nu"],"yoast_head":"<!-- This site is optimized with the Yoast SEO plugin v18.9 - https:\/\/yoast.com\/wordpress\/plugins\/seo\/ -->\n<title>Vi\u00ean u\u1ed1ng tinh ch\u1ea5t h\u00e0u t\u01b0\u01a1i t\u0103ng c\u01b0\u1eddng sinh l\u00fd Orihiro 120 vi\u00ean - Nh\u1eadt T\u00edn Health<\/title>\n<meta name=\"robots\" content=\"noindex, follow, max-snippet:-1, max-image-preview:large, max-video-preview:-1\" \/>\n<meta property=\"og:locale\" content=\"vi_VN\" \/>\n<meta property=\"og:type\" content=\"article\" \/>\n<meta property=\"og:title\" content=\"Vi\u00ean u\u1ed1ng tinh ch\u1ea5t h\u00e0u t\u01b0\u01a1i t\u0103ng c\u01b0\u1eddng sinh l\u00fd Orihiro 120 vi\u00ean - Nh\u1eadt T\u00edn Health\" \/>\n<meta property=\"og:description\" content=\"H\u1ed7 tr\u1ee3 hi\u1ec7u qu\u1ea3 ch\u1ee9c n\u0103ng sinh l\u00fd, sinh s\u1ea3n nam gi\u1edbi  H\u1ed7 tr\u1ee3 ch\u1ee9c n\u0103ng gan  T\u0103ng c\u01b0\u1eddng s\u1ee9c \u0111\u1ec1 kh\u00e1ng cho c\u01a1 th\u1ec3  T\u0103ng c\u01b0\u1eddng trao \u0111\u1ed5i ch\u1ea5t v\u00e0 tu\u1ea7n ho\u00e0n m\u00e1u t\u1ed1t gi\u00fap m\u1ecdi b\u1ed9 ph\u1eadn c\u01a1 th\u1ec3 \u0111\u1ec1u \u0111\u01b0\u1ee3c nu\u00f4i d\u01b0\u1ee1ng kh\u1ecfe m\u1ea1nh. Gi\u00fap gi\u1ea3m stress, c\u0103ng th\u1eb3ng, gi\u1ea3m t\u00ecnh tr\u1ea1ng kh\u00f3 th\u1edf khi v\u1eadn \u0111\u1ed9ng  Vi\u00ean u\u1ed1ng c\u00f2n gi\u00fap \u1ed5n \u0111\u1ecbnh l\u1ea1i huy\u1ebft \u00e1p, ng\u0103n ch\u1eb7n c\u00e1c nguy c\u01a1 \u0111au s\u01b0ng, vi\u00eam nhi\u1ec5m\" \/>\n<meta property=\"og:url\" content=\"http:\/\/mau.hoabinhweb.com\/duocpham1\/san-pham\/vien-uong-tinh-chat-hau-tuoi-tang-cuong-sinh-ly-orihiro-120-vien\/\" \/>\n<meta property=\"og:site_name\" content=\"Nh\u1eadt T\u00edn Health\" \/>\n<meta property=\"og:image\" content=\"http:\/\/mau.hoabinhweb.com\/duocpham1\/wp-content\/uploads\/2022\/05\/12.jpg\" \/>\n\t<meta property=\"og:image:width\" content=\"500\" \/>\n\t<meta property=\"og:image:height\" content=\"500\" \/>\n\t<meta property=\"og:image:type\" content=\"image\/jpeg\" \/>\n<meta name=\"twitter:card\" content=\"summary_large_image\" \/>\n<meta name=\"twitter:label1\" content=\"\u01af\u1edbc t\u00ednh th\u1eddi gian \u0111\u1ecdc\" \/>\n\t<meta name=\"twitter:data1\" content=\"6 ph\u00fat\" \/>\n<script type=\"application\/ld+json\" class=\"yoast-schema-graph\">{\"@context\":\"https:\/\/schema.org\",\"@graph\":[{\"@type\":\"WebSite\",\"@id\":\"http:\/\/mau.hoabinhweb.com\/duocpham1\/#website\",\"url\":\"http:\/\/mau.hoabinhweb.com\/duocpham1\/\",\"name\":\"Nh\u1eadt T\u00edn Health\",\"description\":\"\",\"potentialAction\":[{\"@type\":\"SearchAction\",\"target\":{\"@type\":\"EntryPoint\",\"urlTemplate\":\"http:\/\/mau.hoabinhweb.com\/duocpham1\/?s={search_term_string}\"},\"query-input\":\"required name=search_term_string\"}],\"inLanguage\":\"vi\"},{\"@type\":\"ImageObject\",\"inLanguage\":\"vi\",\"@id\":\"http:\/\/mau.hoabinhweb.com\/duocpham1\/san-pham\/vien-uong-tinh-chat-hau-tuoi-tang-cuong-sinh-ly-orihiro-120-vien\/#primaryimage\",\"url\":\"http:\/\/mau.hoabinhweb.com\/duocpham1\/wp-content\/uploads\/2022\/05\/12.jpg\",\"contentUrl\":\"http:\/\/mau.hoabinhweb.com\/duocpham1\/wp-content\/uploads\/2022\/05\/12.jpg\",\"width\":500,\"height\":500,\"caption\":\"12\"},{\"@type\":\"WebPage\",\"@id\":\"http:\/\/mau.hoabinhweb.com\/duocpham1\/san-pham\/vien-uong-tinh-chat-hau-tuoi-tang-cuong-sinh-ly-orihiro-120-vien\/#webpage\",\"url\":\"http:\/\/mau.hoabinhweb.com\/duocpham1\/san-pham\/vien-uong-tinh-chat-hau-tuoi-tang-cuong-sinh-ly-orihiro-120-vien\/\",\"name\":\"Vi\u00ean u\u1ed1ng tinh ch\u1ea5t h\u00e0u t\u01b0\u01a1i t\u0103ng c\u01b0\u1eddng sinh l\u00fd Orihiro 120 vi\u00ean - Nh\u1eadt T\u00edn Health\",\"isPartOf\":{\"@id\":\"http:\/\/mau.hoabinhweb.com\/duocpham1\/#website\"},\"primaryImageOfPage\":{\"@id\":\"http:\/\/mau.hoabinhweb.com\/duocpham1\/san-pham\/vien-uong-tinh-chat-hau-tuoi-tang-cuong-sinh-ly-orihiro-120-vien\/#primaryimage\"},\"datePublished\":\"2022-05-28T15:14:02+00:00\",\"dateModified\":\"2022-05-28T15:14:02+00:00\",\"breadcrumb\":{\"@id\":\"http:\/\/mau.hoabinhweb.com\/duocpham1\/san-pham\/vien-uong-tinh-chat-hau-tuoi-tang-cuong-sinh-ly-orihiro-120-vien\/#breadcrumb\"},\"inLanguage\":\"vi\",\"potentialAction\":[{\"@type\":\"ReadAction\",\"target\":[\"http:\/\/mau.hoabinhweb.com\/duocpham1\/san-pham\/vien-uong-tinh-chat-hau-tuoi-tang-cuong-sinh-ly-orihiro-120-vien\/\"]}]},{\"@type\":\"BreadcrumbList\",\"@id\":\"http:\/\/mau.hoabinhweb.com\/duocpham1\/san-pham\/vien-uong-tinh-chat-hau-tuoi-tang-cuong-sinh-ly-orihiro-120-vien\/#breadcrumb\",\"itemListElement\":[{\"@type\":\"ListItem\",\"position\":1,\"name\":\"Trang ch\u1ee7\",\"item\":\"http:\/\/mau.hoabinhweb.com\/duocpham1\/\"},{\"@type\":\"ListItem\",\"position\":2,\"name\":\"S\u1ea3n ph\u1ea9m\",\"item\":\"http:\/\/mau.hoabinhweb.com\/duocpham1\/san-pham\/\"},{\"@type\":\"ListItem\",\"position\":3,\"name\":\"Sinh L\u00fd Nam, N\u1eef\",\"item\":\"http:\/\/mau.hoabinhweb.com\/duocpham1\/danh-muc\/sinh-ly-nam-nu\/\"},{\"@type\":\"ListItem\",\"position\":4,\"name\":\"Vi\u00ean u\u1ed1ng tinh ch\u1ea5t h\u00e0u t\u01b0\u01a1i t\u0103ng c\u01b0\u1eddng sinh l\u00fd Orihiro 120 vi\u00ean\"}]}]}<\/script>\n<!-- \/ Yoast SEO plugin. -->","yoast_head_json":{"title":"Vi\u00ean u\u1ed1ng tinh ch\u1ea5t h\u00e0u t\u01b0\u01a1i t\u0103ng c\u01b0\u1eddng sinh l\u00fd Orihiro 120 vi\u00ean - Nh\u1eadt T\u00edn Health","robots":{"index":"noindex","follow":"follow","max-snippet":"max-snippet:-1","max-image-preview":"max-image-preview:large","max-video-preview":"max-video-preview:-1"},"og_locale":"vi_VN","og_type":"article","og_title":"Vi\u00ean u\u1ed1ng tinh ch\u1ea5t h\u00e0u t\u01b0\u01a1i t\u0103ng c\u01b0\u1eddng sinh l\u00fd Orihiro 120 vi\u00ean - Nh\u1eadt T\u00edn Health","og_description":"H\u1ed7 tr\u1ee3 hi\u1ec7u qu\u1ea3 ch\u1ee9c n\u0103ng sinh l\u00fd, sinh s\u1ea3n nam gi\u1edbi  H\u1ed7 tr\u1ee3 ch\u1ee9c n\u0103ng gan  T\u0103ng c\u01b0\u1eddng s\u1ee9c \u0111\u1ec1 kh\u00e1ng cho c\u01a1 th\u1ec3  T\u0103ng c\u01b0\u1eddng trao \u0111\u1ed5i ch\u1ea5t v\u00e0 tu\u1ea7n ho\u00e0n m\u00e1u t\u1ed1t gi\u00fap m\u1ecdi b\u1ed9 ph\u1eadn c\u01a1 th\u1ec3 \u0111\u1ec1u \u0111\u01b0\u1ee3c nu\u00f4i d\u01b0\u1ee1ng kh\u1ecfe m\u1ea1nh. Gi\u00fap gi\u1ea3m stress, c\u0103ng th\u1eb3ng, gi\u1ea3m t\u00ecnh tr\u1ea1ng kh\u00f3 th\u1edf khi v\u1eadn \u0111\u1ed9ng  Vi\u00ean u\u1ed1ng c\u00f2n gi\u00fap \u1ed5n \u0111\u1ecbnh l\u1ea1i huy\u1ebft \u00e1p, ng\u0103n ch\u1eb7n c\u00e1c nguy c\u01a1 \u0111au s\u01b0ng, vi\u00eam nhi\u1ec5m","og_url":"http:\/\/mau.hoabinhweb.com\/duocpham1\/san-pham\/vien-uong-tinh-chat-hau-tuoi-tang-cuong-sinh-ly-orihiro-120-vien\/","og_site_name":"Nh\u1eadt T\u00edn Health","og_image":[{"width":500,"height":500,"url":"http:\/\/mau.hoabinhweb.com\/duocpham1\/wp-content\/uploads\/2022\/05\/12.jpg","type":"image\/jpeg"}],"twitter_card":"summary_large_image","twitter_misc":{"\u01af\u1edbc t\u00ednh th\u1eddi gian \u0111\u1ecdc":"6 ph\u00fat"},"schema":{"@context":"https:\/\/schema.org","@graph":[{"@type":"WebSite","@id":"http:\/\/mau.hoabinhweb.com\/duocpham1\/#website","url":"http:\/\/mau.hoabinhweb.com\/duocpham1\/","name":"Nh\u1eadt T\u00edn Health","description":"","potentialAction":[{"@type":"SearchAction","target":{"@type":"EntryPoint","urlTemplate":"http:\/\/mau.hoabinhweb.com\/duocpham1\/?s={search_term_string}"},"query-input":"required name=search_term_string"}],"inLanguage":"vi"},{"@type":"ImageObject","inLanguage":"vi","@id":"http:\/\/mau.hoabinhweb.com\/duocpham1\/san-pham\/vien-uong-tinh-chat-hau-tuoi-tang-cuong-sinh-ly-orihiro-120-vien\/#primaryimage","url":"http:\/\/mau.hoabinhweb.com\/duocpham1\/wp-content\/uploads\/2022\/05\/12.jpg","contentUrl":"http:\/\/mau.hoabinhweb.com\/duocpham1\/wp-content\/uploads\/2022\/05\/12.jpg","width":500,"height":500,"caption":"12"},{"@type":"WebPage","@id":"http:\/\/mau.hoabinhweb.com\/duocpham1\/san-pham\/vien-uong-tinh-chat-hau-tuoi-tang-cuong-sinh-ly-orihiro-120-vien\/#webpage","url":"http:\/\/mau.hoabinhweb.com\/duocpham1\/san-pham\/vien-uong-tinh-chat-hau-tuoi-tang-cuong-sinh-ly-orihiro-120-vien\/","name":"Vi\u00ean u\u1ed1ng tinh ch\u1ea5t h\u00e0u t\u01b0\u01a1i t\u0103ng c\u01b0\u1eddng sinh l\u00fd Orihiro 120 vi\u00ean - Nh\u1eadt T\u00edn Health","isPartOf":{"@id":"http:\/\/mau.hoabinhweb.com\/duocpham1\/#website"},"primaryImageOfPage":{"@id":"http:\/\/mau.hoabinhweb.com\/duocpham1\/san-pham\/vien-uong-tinh-chat-hau-tuoi-tang-cuong-sinh-ly-orihiro-120-vien\/#primaryimage"},"datePublished":"2022-05-28T15:14:02+00:00","dateModified":"2022-05-28T15:14:02+00:00","breadcrumb":{"@id":"http:\/\/mau.hoabinhweb.com\/duocpham1\/san-pham\/vien-uong-tinh-chat-hau-tuoi-tang-cuong-sinh-ly-orihiro-120-vien\/#breadcrumb"},"inLanguage":"vi","potentialAction":[{"@type":"ReadAction","target":["http:\/\/mau.hoabinhweb.com\/duocpham1\/san-pham\/vien-uong-tinh-chat-hau-tuoi-tang-cuong-sinh-ly-orihiro-120-vien\/"]}]},{"@type":"BreadcrumbList","@id":"http:\/\/mau.hoabinhweb.com\/duocpham1\/san-pham\/vien-uong-tinh-chat-hau-tuoi-tang-cuong-sinh-ly-orihiro-120-vien\/#breadcrumb","itemListElement":[{"@type":"ListItem","position":1,"name":"Trang ch\u1ee7","item":"http:\/\/mau.hoabinhweb.com\/duocpham1\/"},{"@type":"ListItem","position":2,"name":"S\u1ea3n ph\u1ea9m","item":"http:\/\/mau.hoabinhweb.com\/duocpham1\/san-pham\/"},{"@type":"ListItem","position":3,"name":"Sinh L\u00fd Nam, N\u1eef","item":"http:\/\/mau.hoabinhweb.com\/duocpham1\/danh-muc\/sinh-ly-nam-nu\/"},{"@type":"ListItem","position":4,"name":"Vi\u00ean u\u1ed1ng tinh ch\u1ea5t h\u00e0u t\u01b0\u01a1i t\u0103ng c\u01b0\u1eddng sinh l\u00fd Orihiro 120 vi\u00ean"}]}]}},"_links":{"self":[{"href":"http:\/\/mau.hoabinhweb.com\/duocpham1\/wp-json\/wp\/v2\/product\/191","targetHints":{"allow":["GET"]}}],"collection":[{"href":"http:\/\/mau.hoabinhweb.com\/duocpham1\/wp-json\/wp\/v2\/product"}],"about":[{"href":"http:\/\/mau.hoabinhweb.com\/duocpham1\/wp-json\/wp\/v2\/types\/product"}],"replies":[{"embeddable":true,"href":"http:\/\/mau.hoabinhweb.com\/duocpham1\/wp-json\/wp\/v2\/comments?post=191"}],"wp:featuredmedia":[{"embeddable":true,"href":"http:\/\/mau.hoabinhweb.com\/duocpham1\/wp-json\/wp\/v2\/media\/192"}],"wp:attachment":[{"href":"http:\/\/mau.hoabinhweb.com\/duocpham1\/wp-json\/wp\/v2\/media?parent=191"}],"wp:term":[{"taxonomy":"product_cat","embeddable":true,"href":"http:\/\/mau.hoabinhweb.com\/duocpham1\/wp-json\/wp\/v2\/product_cat?post=191"},{"taxonomy":"product_tag","embeddable":true,"href":"http:\/\/mau.hoabinhweb.com\/duocpham1\/wp-json\/wp\/v2\/product_tag?post=191"}],"curies":[{"name":"wp","href":"https:\/\/api.w.org\/{rel}","templated":true}]}}