{"id":188,"date":"2022-05-28T22:08:49","date_gmt":"2022-05-28T15:08:49","guid":{"rendered":"https:\/\/mau.hoabinhweb.com\/duocpham1\/?post_type=product&#038;p=188"},"modified":"2022-05-28T22:11:50","modified_gmt":"2022-05-28T15:11:50","slug":"vien-uong-tinh-chat-hau-tuoi-toi-nghe-orihiro-180-vien","status":"publish","type":"product","link":"http:\/\/mau.hoabinhweb.com\/duocpham1\/san-pham\/vien-uong-tinh-chat-hau-tuoi-toi-nghe-orihiro-180-vien\/","title":{"rendered":"Vi\u00ean u\u1ed1ng tinh ch\u1ea5t h\u00e0u t\u01b0\u01a1i t\u1ecfi ngh\u1ec7 Orihiro 180 vi\u00ean"},"content":{"rendered":"<h1><strong>Vi\u00ean u\u1ed1ng tinh ch\u1ea5t h\u00e0u t\u01b0\u01a1i, t\u1ecfi, ngh\u1ec7 Orihiro 180 vi\u00ean<\/strong><\/h1>\n<h2><strong>1. Th\u00f4ng tin chi ti\u1ebft s\u1ea3n ph\u1ea9m<\/strong><\/h2>\n<ul>\n<li>M\u00e3 code: 497149 3104277<\/li>\n<li>Xu\u1ea5t x\u1ee9: Nh\u1eadt B\u1ea3n<\/li>\n<li>Nh\u00e0 s\u1ea3n xu\u1ea5t: Orihiro<\/li>\n<li>Quy c\u00e1ch \u0111\u00f3ng g\u00f3i: D\u1ea1ng vi\u00ean n\u00e9n, 180 vi\u00ean\/ h\u1ed9p<\/li>\n<\/ul>\n<h2><strong>2. C\u00f4ng d\u1ee5ng ch\u00ednh s\u1ea3n ph\u1ea9m<\/strong><\/h2>\n<ul>\n<li>\n<h3>B\u1ed5 sung k\u1ebdm, vitamin v\u00e0 kho\u00e1ng ch\u1ea5t h\u1ed7 tr\u1ee3 hi\u1ec7u qu\u1ea3 ch\u1ee9c n\u0103ng sinh l\u00fd nam gi\u1edbi<\/h3>\n<\/li>\n<\/ul>\n<div>K\u1ebdm l\u00e0 th\u00e0nh ph\u1ea7n quan tr\u1ecdng c\u1ee7a enzyme ch\u1ed1ng oxy h\u00f3a, c\u0169ng c\u00f3 trong tinh d\u1ecbch. Thi\u1ebfu k\u1ebdm c\u00f3 th\u1ec3 li\u00ean quan \u0111\u1ebfn s\u1ef1 suy gi\u1ea3m s\u1ea3n sinh testosterone, t\u00e1c \u0111\u1ed9ng \u0111\u00e1ng k\u1ec3 \u0111\u1ebfn kh\u1ea3 n\u0103ng v\u1eadn \u0111\u1ed9ng, m\u1eadt \u0111\u1ed9 t\u1ebf b\u00e0o tinh tr\u00f9ng c\u0169ng nh\u01b0 h\u00ecnh d\u1ea1ng tinh tr\u00f9ng.<\/div>\n<div>Selenium t\u01b0\u01a1ng t\u1ef1 nh\u01b0 k\u1ebdm, l\u00e0 th\u00e0nh ph\u1ea7n quan tr\u1ecdng c\u1ee7a enzyme ch\u1ed1ng oxy h\u00f3a, ho\u1ea1t \u0111\u1ed9ng c\u1ee7a enzyme n\u00e0y \u1ea3nh h\u01b0\u1edfng \u0111\u1ebfn kh\u1ea3 n\u0103ng t\u1ed3n t\u1ea1i h\u00ecnh d\u1ea1ng b\u00ecnh th\u01b0\u1eddng v\u00e0 kh\u1ea3 n\u0103ng di \u0111\u1ed9ng c\u1ee7a t\u1ebf b\u00e0o tinh tr\u00f9ng.<\/div>\n<ul>\n<li>\n<h3>Vitamin E ch\u1ed1ng oxy h\u00f3a, b\u1ea3o v\u1ec7 m\u00e0ng t\u1ebf b\u00e0o ch\u1ed1ng l\u1ea1i s\u1ef1 t\u1ea5n c\u00f4ng c\u1ee7a c\u00e1c g\u1ed1c t\u1ef1 do, c\u00f3 t\u00e1c \u0111\u1ed9ng \u0111\u00e1ng k\u1ec3 \u0111\u1ebfn kh\u1ea3 n\u0103ng di \u0111\u1ed9ng c\u1ee7a tinh tr\u00f9ng.<\/h3>\n<\/li>\n<\/ul>\n<div>Vitamin C b\u1ea3o v\u1ec7 th\u00f4ng tin di truy\u1ec1n ADN kh\u1ecfi c\u00e1c g\u1ed1c t\u1ef1 do, ch\u1ed1ng l\u1ea1i s\u1ef1 suy gi\u1ea3m ch\u1ee9c n\u0103ng c\u1ee7a tinh tr\u00f9ng.<\/div>\n<div>C\u00e1c vitamin nh\u00f3m B v\u00e0 acid folic\u00a0 r\u1ea5t quan tr\u1ecdng v\u1edbi s\u1ef1 suy gi\u1ea3m chuy\u1ec3n h\u00f3a homocysteine. N\u1ed3ng \u0111\u1ed9 homocysteine cao c\u00f3 th\u1ec3 g\u00e2y \u1ea3nh h\u01b0\u1edfng x\u1ea5u \u0111\u1ebfn ch\u1ee9c n\u0103ng sinh s\u1ea3n.<\/div>\n<div>Acid b\u00e9o omega-3 c\u1ea3i thi\u1ec7n t\u00ednh l\u01b0u \u0111\u1ed9ng c\u1ee7a m\u00e0ng t\u1ebf b\u00e0o tinh tr\u00f9ng, \u0111i\u1ec1u ti\u00ean quy\u1ebft \u0111\u1ec3 th\u1ee5 thai th\u00e0nh c\u00f4ng.<\/div>\n<div>C\u00e1c vi ch\u1ea5t dinh d\u01b0\u1ee1ng kh\u00e1c c\u0169ng r\u1ea5t quan tr\u1ecdng trong s\u1ef1 h\u00ecnh th\u00e0nh v\u00e0 tr\u01b0\u1edfng th\u00e0nh c\u1ee7a t\u1ebf b\u00e0o tinh tr\u00f9ng. T\u00e1c \u0111\u1ed9ng c\u1ee7a c\u00e1c vi ch\u1ea5t dinh d\u01b0\u1ee1ng b\u1ed5 sung cho nhau, t\u1ea1o s\u1ef1 k\u1ebft h\u1ee3p c\u00e2n b\u1eb1ng v\u00e0 t\u1ed1t cho ch\u1ee9c n\u0103ng sinh s\u1ea3n nam gi\u1edbi.<\/div>\n<ul>\n<li>\n<h3>T\u0103ng c\u01b0\u1eddng ho\u1ea1t \u0111\u1ed9ng c\u1ee7a gan, ng\u0103n ng\u1eeba s\u1ef1 ph\u00e1 h\u1ee7y gan do bia r\u01b0\u1ee3u g\u00e2y ra<\/h3>\n<\/li>\n<\/ul>\n<div>Th\u00e0nh ph\u1ea7n Curcumin trong c\u1ee7 ngh\u1ec7 gi\u00fap l\u00e0m s\u1ea1ch gan, l\u1ecdc m\u00e1u, t\u0103ng c\u01b0\u1eddng ch\u1ee9c n\u0103ng ti\u00eau h\u00f3a v\u00e0 lo\u1ea1i b\u1ecf \u0111\u1ed9c t\u1ed1 cho gan. Ngo\u00e0i ra ngh\u1ec7 c\u00f2n gi\u00fap k\u00edch th\u00edch t\u00fai m\u1eadt s\u1ea3n sinh ra nhi\u1ec1u m\u1eadt gi\u00fap ch\u1ed1ng l\u1ea1i c\u00e1c g\u1ed1c t\u1ef1 do.<\/div>\n<ul>\n<li>\n<h3>T\u0103ng c\u01b0\u1eddng kh\u1ea3 n\u0103ng mi\u1ec5n d\u1ecbch cho c\u01a1 th\u1ec3<\/h3>\n<\/li>\n<\/ul>\n<div>Ngh\u1ec7 c\u00f3 ch\u1ee9a ho\u1ea1t ch\u1ea5t lipopolysaccharide, gi\u00fap k\u00edch th\u00edch h\u1ec7 th\u1ed1ng mi\u1ec5n d\u1ecbch c\u1ee7a c\u01a1 th\u1ec3. V\u1edbi t\u00e1c d\u1ee5ng kh\u00e1ng khu\u1ea9n, kh\u00e1ng virus v\u00e0 kh\u00e1ng n\u1ea5m c\u00f3 trong tinh b\u1ed9t ngh\u1ec7 c\u00f2n gi\u00fap t\u0103ng c\u01b0\u1eddng h\u1ec7 th\u1ed1ng mi\u1ec5n d\u1ecbch.<\/div>\n<ul>\n<li>\n<h3>T\u0103ng c\u01a1, c\u1ea3i thi\u1ec7n ho\u1ea1t \u0111\u1ed9ng c\u01a1 b\u1eafp<\/h3>\n<\/li>\n<\/ul>\n<div>V\u1edbi h\u00e0m l\u01b0\u1ee3ng d\u01b0\u1ee1ng ch\u1ea5t phong ph\u00fa \u0111\u1eb7c bi\u1ec7t l\u00e0 c\u00e1c vi ch\u1ea5t \u0111a d\u1ea1ng tinh ch\u1ea5t h\u00e0u bi\u1ec3n kh\u00f4ng ch\u1ec9 gi\u00fap t\u0103ng c\u01b0\u1eddng s\u1ee9c kh\u1ecfe d\u1ebbo dai m\u00e0 c\u00f2n gi\u00fap t\u0103ng c\u01a1 hi\u1ec7u qu\u1ea3, nh\u1ea5t l\u00e0 \u0111\u1ed1i v\u1edbi c\u00e1c tr\u01b0\u1eddng h\u1ee3p ng\u01b0\u1eddi th\u01b0\u1eddng xuy\u00ean ch\u01a1i th\u1ec3 thao, t\u1eadp th\u1ec3 d\u1ee5c hay t\u1eadp gym.<\/div>\n<ul>\n<li>\n<h3>C\u1ea3i thi\u1ec7n tu\u1ea7n ho\u00e0n m\u00e1u<\/h3>\n<\/li>\n<\/ul>\n<div>Nh\u1edd ch\u1ee9a h\u00e0m l\u01b0\u1ee3ng ch\u1ea5t k\u1ebdm cao, c\u00f9ng c\u00e1c ch\u1ea5t kho\u00e1ng thi\u1ebft y\u1ebfu nh\u01b0 s\u1eaft, canxi, kali, magie m\u00e0 tinh ch\u1ea5t h\u00e0u bi\u1ec3n c\u00f2n c\u00f3 kh\u1ea3 n\u0103ng gi\u00fap gi\u1ea3m cholesterol trong m\u00e1u, gi\u00fap qu\u00e1 tr\u00ecnh tu\u1ea7n ho\u00e0n m\u00e1u di\u1ec5n ra t\u1ed1t h\u01a1n, t\u1eeb \u0111\u00f3 vi\u1ec7c l\u01b0u th\u00f4ng m\u00e1u \u0111\u01b0\u1ee3c \u0111\u01b0\u1ee3c c\u1ea3i thi\u1ec7n, ph\u00f2ng tr\u00e1nh nguy c\u01a1 m\u1eafc c\u00e1c\u00a0 b\u1ec7nh li\u00ean quan \u0111\u1ebfn tim m\u1ea1ch.<\/div>\n<div>Ngo\u00e0i ra, th\u00e0nh ph\u1ea7n tinh b\u1ed9t ngh\u1ec7 c\u00f2n gi\u00fap \u0111\u1ea9y l\u00f9i t\u00e1c nh\u00e2n h\u00ecnh th\u00e0nh Melanin tr\u00ean da g\u00e2y n\u00e1m, s\u1ea1m da, t\u00e0n nhang hay nh\u1eefng v\u1ebft \u0111\u1ed3i m\u1ed3i tr\u00ean da. H\u1ed7\u00a0 tr\u1ee3 ch\u1ed1ng oxy h\u00f3a m\u1ea1nh m\u1ebd, c\u00e2n b\u1eb1ng n\u1ed9i ti\u1ebft trong c\u01a1 th\u1ec3, l\u1ecdc m\u00e1u, b\u1ed5 m\u00e1u, \u0111\u1ec3 cho da d\u1ebb h\u1ed3ng h\u00e0o, t\u00e1i t\u1ea1o da non v\u00e0 l\u00e0m l\u00e0nh v\u1ebft th\u01b0\u01a1ng, h\u1ed7 tr\u1ee3 ch\u1eefa \u0111au d\u1ea1 d\u00e0y, gi\u00fap gi\u1ea3m c\u00e2n, h\u1ed7 tr\u1ee3 ti\u00eau di\u1ec7t c\u00e1c t\u1ebf b\u00e0o l\u1ea1 trong c\u01a1 th\u1ec3, h\u1ed7 tr\u1ee3 k\u00ecm h\u00e3m s\u1ef1 di c\u0103n c\u1ee7a t\u1ebf b\u00e0o ung th\u01b0\u2026.<\/div>\n<h2><strong>3. Th\u00e0nh ph\u1ea7n ch\u00ednh s\u1ea3n ph\u1ea9m<\/strong><\/h2>\n<div>B\u1ed9t chi\u1ebft xu\u1ea5t \u200b\u200bth\u1ecbt h\u00e0u co \u0111\u1eb7c, b\u1ed9t chi\u1ebft xu\u1ea5t h\u1ebfn c\u00f4 \u0111\u1eb7c,\u00a0 b\u1ed9t ngh\u1ec7 m\u00f9a thu c\u00f4 \u0111\u1eb7c, b\u1ed9t chi\u1ebft xu\u1ea5t t\u1ecfi c\u00f4 \u0111\u1eb7c, Vitamin A, Vitamin D, Vitamin B1, Vitamin B2, Vitamin B6, Vitamin B12, Niacin, Axit folic, Axit pantothenic, Vitamin C, Vitamin E, L-citrulline, L- Methionine, L-cystine, k\u1ebdm, s\u1eaft, selen.<\/div>\n<div><strong>H\u00e0m l\u01b0\u1ee3ng dinh d\u01b0\u1ee1ng c\u00f3 trong 3 vi\u00ean (1.65mg) m\u1ed7i ng\u00e0y:<\/strong><\/div>\n<ul>\n<li>L\u01b0\u1ee3ng calo \u2026\u2026\u2026\u2026\u2026\u2026\u2026\u2026\u2026\u2026\u2026\u2026\u2026\u2026\u2026\u2026\u2026\u2026.7 Kcal<\/li>\n<li>Protein \u2026\u2026\u2026\u2026\u2026\u2026\u2026\u2026\u2026\u2026\u2026\u2026\u2026\u2026\u2026\u2026\u2026\u2026\u2026\u2026.0.33g<\/li>\n<li>Lipid \u2026\u2026\u2026\u2026\u2026\u2026\u2026\u2026\u2026\u2026\u2026\u2026\u2026\u2026\u2026\u2026\u2026\u2026\u2026\u2026\u2026.0.06g<\/li>\n<li>Cacbohydrate \u2026\u2026\u2026\u2026\u2026\u2026\u2026\u2026\u2026\u2026\u2026\u2026\u2026\u2026\u2026\u2026\u20261.15g<\/li>\n<li>Mu\u1ed1i t\u01b0\u01a1ng \u0111\u01b0\u01a1ng \u2026\u2026\u2026\u2026\u2026\u2026\u2026\u2026\u2026\u2026\u2026\u2026\u2026\u2026.0-0.02g<\/li>\n<\/ul>\n<h2><strong>4. C\u00e1ch s\u1eed d\u1ee5ng s\u1ea3n ph\u1ea9m<\/strong><\/h2>\n<ul>\n<li>U\u1ed1ng 3 vi\u00ean\/ ng\u00e0y, chia l\u00e0m 2 -3 l\u1ea7n<\/li>\n<li>N\u00ean\u00a0 u\u1ed1ng sau \u0103n kho\u1ea3ng 30 ph\u00fat \u0111\u1ec3 c\u00f3 hi\u1ec7u qu\u1ea3 t\u1ed1t nh\u1ea5t<\/li>\n<li>\u0110\u1ec3 vi\u00ean tinh ch\u1ea5t h\u00e0u ph\u00e1t huy t\u1ed1i \u0111a t\u00e1c d\u1ee5ng, n\u00ean u\u1ed1ng li\u00ean t\u1ee5c trong kho\u1ea3ng 3 th\u00e1ng tr\u1edf l\u00ean<\/li>\n<\/ul>\n<h2><strong>5. \u0110\u1ed1i t\u01b0\u1ee3ng s\u1eed d\u1ee5ng s\u1ea3n ph\u1ea9m<\/strong><\/h2>\n<ul>\n<li>Ng\u01b0\u1eddi th\u01b0\u1eddng xuy\u00ean u\u1ed1ng r\u01b0\u1ee3u bia, gan y\u1ebfu<\/li>\n<li>Nam gi\u1edbi mu\u1ed1n t\u0103ng c\u01b0\u1eddng kh\u1ea3 n\u0103ng sinh l\u00fd<\/li>\n<li>Ng\u01b0\u1eddi th\u01b0\u1eddng xuy\u00ean m\u1ec7t m\u1ecfi, suy nh\u01b0\u1ee3c, tress.<\/li>\n<li>Ng\u01b0\u1eddi hay n\u1ed5i m\u1ea9n ng\u1ee9a, \u0103n u\u1ed1ng k\u00e9m, kh\u00f3 ti\u00eau<\/li>\n<\/ul>\n<div><strong>L\u01b0u \u00fd<\/strong><\/div>\n<ul>\n<li>Kh\u00f4ng d\u00f9ng cho \u0111\u1ed1i t\u01b0\u1ee3ng d\u01b0\u1edbi 18 tu\u1ed5i<\/li>\n<li>Ph\u1ee5 n\u1eef \u0111ang mang thai v\u00e0 cho con b\u00fa, \u0111\u1ed1i t\u01b0\u1ee3ng \u0111ang \u0111i\u1ec1u tr\u1ecb b\u1ec7nh n\u00ean h\u1ecfi \u00fd ki\u1ebfn b\u00e1c s\u0129 tr\u01b0\u1edbc khi s\u1eed d\u1ee5ng s\u1ea3n ph\u1ea9m.<\/li>\n<\/ul>\n<h2><strong>6. C\u00e2u h\u1ecfi th\u01b0\u1eddng g\u1eb7p trong qu\u00e1 tr\u00ecnh s\u1eed d\u1ee5ng s\u1ea3n ph\u1ea9m<\/strong><\/h2>\n<ul>\n<li>\n<h3>C\u00f3 th\u1ec3 d\u00f9ng Vi\u00ean u\u1ed1ng tinh ch\u1ea5t h\u00e0u t\u01b0\u01a1i, t\u1ecfi, ngh\u1ec7 Orihiro k\u1ebft h\u1ee3p v\u1edbi thu\u1ed1c ch\u1eefa tr\u1ecb kh\u00e1c \u0111\u01b0\u1ee3c kh\u00f4ng?<\/h3>\n<\/li>\n<\/ul>\n<div>Vi\u00ean u\u1ed1ng tinh ch\u1ea5t h\u00e0u t\u01b0\u01a1i, t\u1ecfi, ngh\u1ec7 Orihiro l\u00e0 TPCN h\u1ed7 tr\u1ee3 t\u0103ng c\u01b0\u1eddng sinh l\u00fd v\u00e0 ch\u1ee9c n\u0103ng ho\u1ea1t \u0111\u1ed9ng c\u1ee7a gan. V\u00ec v\u1eady, \u0111\u1ec3 \u0111\u1ea3m b\u1ea3o s\u1ee9c kh\u1ecfe th\u00ec t\u1ed1t nh\u1ea5t b\u1ea1n n\u00ean h\u1ecfi \u00fd ki\u1ebfn c\u1ee7a b\u00e1c s\u0129 tr\u01b0\u1edbc khi d\u00f9ng \u0111\u1ec3 tr\u00e1nh t\u01b0\u01a1ng t\u00e1c thu\u1ed1c.<\/div>\n<ul>\n<li>\n<h3>Vi\u00ean u\u1ed1ng tinh ch\u1ea5t h\u00e0u t\u01b0\u01a1i, t\u1ecfi, ngh\u1ec7 Orihiro c\u00f3 th\u1ec3 s\u1eed d\u1ee5ng th\u01b0\u1eddng xuy\u00ean \u0111\u01b0\u1ee3c kh\u00f4ng?<\/h3>\n<\/li>\n<\/ul>\n<div>Vi\u00ean u\u1ed1ng tinh ch\u1ea5t h\u00e0u t\u01b0\u01a1i, t\u1ecfi, ngh\u1ec7 Orihiro l\u00e0 TPCN h\u1ed7 tr\u1ee3 t\u0103ng c\u01b0\u1eddng s\u1ee9c kh\u1ecfe. \u0110\u1eb7c bi\u1ec7t c\u00f3 hi\u1ec7u qu\u1ea3 \u0111\u1ed1i v\u1edbi c\u00e1c v\u1ea5n \u0111\u1ec1 sinh l\u00fd \u1edf nam gi\u1edbi. V\u00ec v\u1eady, n\u00ean s\u1eed d\u1ee5ng th\u01b0\u1eddng xuy\u00ean t\u1eeb 2- 3 h\u1ed9p \u0111\u1ec3 c\u00f3 hi\u1ec7u qu\u1ea3 t\u1ed1t nh\u1ea5t.<\/div>\n<ul>\n<li>\n<h3>Vi\u00ean u\u1ed1ng tinh ch\u1ea5t h\u00e0u t\u01b0\u01a1i, t\u1ecfi, ngh\u1ec7 Orihiro c\u00f3 d\u00f9ng \u0111\u01b0\u1ee3c cho ng\u01b0\u1eddi b\u1ecb \u0111au d\u1ea1 d\u00e0y kh\u00f4ng?<\/h3>\n<\/li>\n<\/ul>\n<div>Vi\u00ean u\u1ed1ng tinh ch\u1ea5t h\u00e0u t\u01b0\u01a1i, t\u1ecfi, ngh\u1ec7 Orihiro \u0111\u01b0\u1ee3c khuy\u1ebfn kh\u00edch s\u1eed d\u1ee5ng \u1edf \u0111\u1ed1i t\u01b0\u1ee3ng b\u1ecb \u0111au d\u1ea1 d\u00e0y. Th\u00e0nh ph\u1ea7n b\u1ed9t ngh\u1ec7 c\u00f3 trong vi\u00ean u\u1ed1ng \u0111\u01b0\u1ee3c c\u00f3 t\u00e1c d\u1ee5ng r\u1ea5t t\u1ed1t v\u1edbi d\u1ea1 d\u00e0y.V\u00ec v\u1eady n\u1ebfu b\u1ea1n b\u1ecb \u0111au d\u1ea1 d\u00e0y, n\u00ean s\u1eed d\u1ee5ng vi\u00ean u\u1ed1ng \u0111\u1ec3 c\u1ea3i thi\u1ec7n t\u1ed1t cho s\u1ee9c kh\u1ecfe.<\/div>\n<ul>\n<li>\n<h3>Vi\u00ean u\u1ed1ng tinh ch\u1ea5t h\u00e0u t\u01b0\u01a1i, t\u1ecfi, ngh\u1ec7 Orihiro c\u00f3 g\u00e2y t\u00e1c d\u1ee5ng ph\u1ee5 g\u00ec kh\u00f4ng?<\/h3>\n<\/li>\n<\/ul>\n<div>Vi\u00ean u\u1ed1ng tinh ch\u1ea5t h\u00e0u t\u01b0\u01a1i, t\u1ecfi, ngh\u1ec7 Orihiro \u0111\u00e3 \u0111\u01b0\u1ee3c ki\u1ec3m nghi\u1ec7m l\u00e2m s\u00e0ng theo c\u00e1c ti\u00eau chu\u1ea9n kh\u1eaft khe tr\u01b0\u1edbc khi \u0111\u01b0a ra th\u1ecb tr\u01b0\u1eddng. H\u00e3ng ch\u01b0a ghi nh\u1eadn tr\u01b0\u1eddng h\u1ee3p n\u00e0o ph\u1ea3n \u00e1nh v\u1ec1 v\u1ea5n \u0111\u1ec1 n\u00e0y, n\u00ean b\u1ea1n ho\u00e0n to\u00e0n y\u00ean t\u00e2m khi s\u1eed d\u1ee5ng s\u1ea3n ph\u1ea9m.<\/div>\n","protected":false},"excerpt":{"rendered":"<ul>\n<li>B\u1ed5 sung k\u1ebdm, vitamin v\u00e0 kho\u00e1ng ch\u1ea5t h\u1ed7 tr\u1ee3 hi\u1ec7u qu\u1ea3 ch\u1ee9c n\u0103ng sinh l\u00fd nam gi\u1edbi<\/li>\n<li>T\u0103ng c\u01b0\u1eddng ho\u1ea1t \u0111\u1ed9ng c\u1ee7a gan, ng\u0103n ng\u1eeba s\u1ef1 ph\u00e1 h\u1ee7y gan do bia r\u01b0\u1ee3u g\u00e2y ra<\/li>\n<li>T\u0103ng c\u01b0\u1eddng kh\u1ea3 n\u0103ng mi\u1ec5n d\u1ecbch cho c\u01a1 th\u1ec3<\/li>\n<li>T\u0103ng c\u01a1, c\u1ea3i thi\u1ec7n ho\u1ea1t \u0111\u1ed9ng c\u01a1 b\u1eafp<\/li>\n<li>C\u1ea3i thi\u1ec7n tu\u1ea7n ho\u00e0n m\u00e1u<\/li>\n<\/ul>\n","protected":false},"featured_media":189,"comment_status":"closed","ping_status":"closed","template":"","meta":[],"product_cat":[22],"product_tag":[],"class_list":["post-188","product","type-product","status-publish","has-post-thumbnail","hentry","product_cat-sinh-ly-nam-nu"],"yoast_head":"<!-- This site is optimized with the Yoast SEO plugin v18.9 - https:\/\/yoast.com\/wordpress\/plugins\/seo\/ -->\n<title>Vi\u00ean u\u1ed1ng tinh ch\u1ea5t h\u00e0u t\u01b0\u01a1i t\u1ecfi ngh\u1ec7 Orihiro 180 vi\u00ean - Nh\u1eadt T\u00edn Health<\/title>\n<meta name=\"robots\" content=\"noindex, follow, max-snippet:-1, max-image-preview:large, max-video-preview:-1\" \/>\n<meta property=\"og:locale\" content=\"vi_VN\" \/>\n<meta property=\"og:type\" content=\"article\" \/>\n<meta property=\"og:title\" content=\"Vi\u00ean u\u1ed1ng tinh ch\u1ea5t h\u00e0u t\u01b0\u01a1i t\u1ecfi ngh\u1ec7 Orihiro 180 vi\u00ean - Nh\u1eadt T\u00edn Health\" \/>\n<meta property=\"og:description\" content=\"B\u1ed5 sung k\u1ebdm, vitamin v\u00e0 kho\u00e1ng ch\u1ea5t h\u1ed7 tr\u1ee3 hi\u1ec7u qu\u1ea3 ch\u1ee9c n\u0103ng sinh l\u00fd nam gi\u1edbi  T\u0103ng c\u01b0\u1eddng ho\u1ea1t \u0111\u1ed9ng c\u1ee7a gan, ng\u0103n ng\u1eeba s\u1ef1 ph\u00e1 h\u1ee7y gan do bia r\u01b0\u1ee3u g\u00e2y ra  T\u0103ng c\u01b0\u1eddng kh\u1ea3 n\u0103ng mi\u1ec5n d\u1ecbch cho c\u01a1 th\u1ec3  T\u0103ng c\u01a1, c\u1ea3i thi\u1ec7n ho\u1ea1t \u0111\u1ed9ng c\u01a1 b\u1eafp  C\u1ea3i thi\u1ec7n tu\u1ea7n ho\u00e0n m\u00e1u\" \/>\n<meta property=\"og:url\" content=\"http:\/\/mau.hoabinhweb.com\/duocpham1\/san-pham\/vien-uong-tinh-chat-hau-tuoi-toi-nghe-orihiro-180-vien\/\" \/>\n<meta property=\"og:site_name\" content=\"Nh\u1eadt T\u00edn Health\" \/>\n<meta property=\"article:modified_time\" content=\"2022-05-28T15:11:50+00:00\" \/>\n<meta property=\"og:image\" content=\"http:\/\/mau.hoabinhweb.com\/duocpham1\/wp-content\/uploads\/2022\/05\/50.jpg\" \/>\n\t<meta property=\"og:image:width\" content=\"500\" \/>\n\t<meta property=\"og:image:height\" content=\"500\" \/>\n\t<meta property=\"og:image:type\" content=\"image\/jpeg\" \/>\n<meta name=\"twitter:card\" content=\"summary_large_image\" \/>\n<meta name=\"twitter:label1\" content=\"\u01af\u1edbc t\u00ednh th\u1eddi gian \u0111\u1ecdc\" \/>\n\t<meta name=\"twitter:data1\" content=\"7 ph\u00fat\" \/>\n<script type=\"application\/ld+json\" class=\"yoast-schema-graph\">{\"@context\":\"https:\/\/schema.org\",\"@graph\":[{\"@type\":\"WebSite\",\"@id\":\"http:\/\/mau.hoabinhweb.com\/duocpham1\/#website\",\"url\":\"http:\/\/mau.hoabinhweb.com\/duocpham1\/\",\"name\":\"Nh\u1eadt T\u00edn Health\",\"description\":\"\",\"potentialAction\":[{\"@type\":\"SearchAction\",\"target\":{\"@type\":\"EntryPoint\",\"urlTemplate\":\"http:\/\/mau.hoabinhweb.com\/duocpham1\/?s={search_term_string}\"},\"query-input\":\"required name=search_term_string\"}],\"inLanguage\":\"vi\"},{\"@type\":\"ImageObject\",\"inLanguage\":\"vi\",\"@id\":\"http:\/\/mau.hoabinhweb.com\/duocpham1\/san-pham\/vien-uong-tinh-chat-hau-tuoi-toi-nghe-orihiro-180-vien\/#primaryimage\",\"url\":\"http:\/\/mau.hoabinhweb.com\/duocpham1\/wp-content\/uploads\/2022\/05\/50.jpg\",\"contentUrl\":\"http:\/\/mau.hoabinhweb.com\/duocpham1\/wp-content\/uploads\/2022\/05\/50.jpg\",\"width\":500,\"height\":500,\"caption\":\"50\"},{\"@type\":\"WebPage\",\"@id\":\"http:\/\/mau.hoabinhweb.com\/duocpham1\/san-pham\/vien-uong-tinh-chat-hau-tuoi-toi-nghe-orihiro-180-vien\/#webpage\",\"url\":\"http:\/\/mau.hoabinhweb.com\/duocpham1\/san-pham\/vien-uong-tinh-chat-hau-tuoi-toi-nghe-orihiro-180-vien\/\",\"name\":\"Vi\u00ean u\u1ed1ng tinh ch\u1ea5t h\u00e0u t\u01b0\u01a1i t\u1ecfi ngh\u1ec7 Orihiro 180 vi\u00ean - Nh\u1eadt T\u00edn Health\",\"isPartOf\":{\"@id\":\"http:\/\/mau.hoabinhweb.com\/duocpham1\/#website\"},\"primaryImageOfPage\":{\"@id\":\"http:\/\/mau.hoabinhweb.com\/duocpham1\/san-pham\/vien-uong-tinh-chat-hau-tuoi-toi-nghe-orihiro-180-vien\/#primaryimage\"},\"datePublished\":\"2022-05-28T15:08:49+00:00\",\"dateModified\":\"2022-05-28T15:11:50+00:00\",\"breadcrumb\":{\"@id\":\"http:\/\/mau.hoabinhweb.com\/duocpham1\/san-pham\/vien-uong-tinh-chat-hau-tuoi-toi-nghe-orihiro-180-vien\/#breadcrumb\"},\"inLanguage\":\"vi\",\"potentialAction\":[{\"@type\":\"ReadAction\",\"target\":[\"http:\/\/mau.hoabinhweb.com\/duocpham1\/san-pham\/vien-uong-tinh-chat-hau-tuoi-toi-nghe-orihiro-180-vien\/\"]}]},{\"@type\":\"BreadcrumbList\",\"@id\":\"http:\/\/mau.hoabinhweb.com\/duocpham1\/san-pham\/vien-uong-tinh-chat-hau-tuoi-toi-nghe-orihiro-180-vien\/#breadcrumb\",\"itemListElement\":[{\"@type\":\"ListItem\",\"position\":1,\"name\":\"Trang ch\u1ee7\",\"item\":\"http:\/\/mau.hoabinhweb.com\/duocpham1\/\"},{\"@type\":\"ListItem\",\"position\":2,\"name\":\"S\u1ea3n ph\u1ea9m\",\"item\":\"http:\/\/mau.hoabinhweb.com\/duocpham1\/san-pham\/\"},{\"@type\":\"ListItem\",\"position\":3,\"name\":\"Sinh L\u00fd Nam, N\u1eef\",\"item\":\"http:\/\/mau.hoabinhweb.com\/duocpham1\/danh-muc\/sinh-ly-nam-nu\/\"},{\"@type\":\"ListItem\",\"position\":4,\"name\":\"Vi\u00ean u\u1ed1ng tinh ch\u1ea5t h\u00e0u t\u01b0\u01a1i t\u1ecfi ngh\u1ec7 Orihiro 180 vi\u00ean\"}]}]}<\/script>\n<!-- \/ Yoast SEO plugin. -->","yoast_head_json":{"title":"Vi\u00ean u\u1ed1ng tinh ch\u1ea5t h\u00e0u t\u01b0\u01a1i t\u1ecfi ngh\u1ec7 Orihiro 180 vi\u00ean - Nh\u1eadt T\u00edn Health","robots":{"index":"noindex","follow":"follow","max-snippet":"max-snippet:-1","max-image-preview":"max-image-preview:large","max-video-preview":"max-video-preview:-1"},"og_locale":"vi_VN","og_type":"article","og_title":"Vi\u00ean u\u1ed1ng tinh ch\u1ea5t h\u00e0u t\u01b0\u01a1i t\u1ecfi ngh\u1ec7 Orihiro 180 vi\u00ean - Nh\u1eadt T\u00edn Health","og_description":"B\u1ed5 sung k\u1ebdm, vitamin v\u00e0 kho\u00e1ng ch\u1ea5t h\u1ed7 tr\u1ee3 hi\u1ec7u qu\u1ea3 ch\u1ee9c n\u0103ng sinh l\u00fd nam gi\u1edbi  T\u0103ng c\u01b0\u1eddng ho\u1ea1t \u0111\u1ed9ng c\u1ee7a gan, ng\u0103n ng\u1eeba s\u1ef1 ph\u00e1 h\u1ee7y gan do bia r\u01b0\u1ee3u g\u00e2y ra  T\u0103ng c\u01b0\u1eddng kh\u1ea3 n\u0103ng mi\u1ec5n d\u1ecbch cho c\u01a1 th\u1ec3  T\u0103ng c\u01a1, c\u1ea3i thi\u1ec7n ho\u1ea1t \u0111\u1ed9ng c\u01a1 b\u1eafp  C\u1ea3i thi\u1ec7n tu\u1ea7n ho\u00e0n m\u00e1u","og_url":"http:\/\/mau.hoabinhweb.com\/duocpham1\/san-pham\/vien-uong-tinh-chat-hau-tuoi-toi-nghe-orihiro-180-vien\/","og_site_name":"Nh\u1eadt T\u00edn Health","article_modified_time":"2022-05-28T15:11:50+00:00","og_image":[{"width":500,"height":500,"url":"http:\/\/mau.hoabinhweb.com\/duocpham1\/wp-content\/uploads\/2022\/05\/50.jpg","type":"image\/jpeg"}],"twitter_card":"summary_large_image","twitter_misc":{"\u01af\u1edbc t\u00ednh th\u1eddi gian \u0111\u1ecdc":"7 ph\u00fat"},"schema":{"@context":"https:\/\/schema.org","@graph":[{"@type":"WebSite","@id":"http:\/\/mau.hoabinhweb.com\/duocpham1\/#website","url":"http:\/\/mau.hoabinhweb.com\/duocpham1\/","name":"Nh\u1eadt T\u00edn Health","description":"","potentialAction":[{"@type":"SearchAction","target":{"@type":"EntryPoint","urlTemplate":"http:\/\/mau.hoabinhweb.com\/duocpham1\/?s={search_term_string}"},"query-input":"required name=search_term_string"}],"inLanguage":"vi"},{"@type":"ImageObject","inLanguage":"vi","@id":"http:\/\/mau.hoabinhweb.com\/duocpham1\/san-pham\/vien-uong-tinh-chat-hau-tuoi-toi-nghe-orihiro-180-vien\/#primaryimage","url":"http:\/\/mau.hoabinhweb.com\/duocpham1\/wp-content\/uploads\/2022\/05\/50.jpg","contentUrl":"http:\/\/mau.hoabinhweb.com\/duocpham1\/wp-content\/uploads\/2022\/05\/50.jpg","width":500,"height":500,"caption":"50"},{"@type":"WebPage","@id":"http:\/\/mau.hoabinhweb.com\/duocpham1\/san-pham\/vien-uong-tinh-chat-hau-tuoi-toi-nghe-orihiro-180-vien\/#webpage","url":"http:\/\/mau.hoabinhweb.com\/duocpham1\/san-pham\/vien-uong-tinh-chat-hau-tuoi-toi-nghe-orihiro-180-vien\/","name":"Vi\u00ean u\u1ed1ng tinh ch\u1ea5t h\u00e0u t\u01b0\u01a1i t\u1ecfi ngh\u1ec7 Orihiro 180 vi\u00ean - Nh\u1eadt T\u00edn Health","isPartOf":{"@id":"http:\/\/mau.hoabinhweb.com\/duocpham1\/#website"},"primaryImageOfPage":{"@id":"http:\/\/mau.hoabinhweb.com\/duocpham1\/san-pham\/vien-uong-tinh-chat-hau-tuoi-toi-nghe-orihiro-180-vien\/#primaryimage"},"datePublished":"2022-05-28T15:08:49+00:00","dateModified":"2022-05-28T15:11:50+00:00","breadcrumb":{"@id":"http:\/\/mau.hoabinhweb.com\/duocpham1\/san-pham\/vien-uong-tinh-chat-hau-tuoi-toi-nghe-orihiro-180-vien\/#breadcrumb"},"inLanguage":"vi","potentialAction":[{"@type":"ReadAction","target":["http:\/\/mau.hoabinhweb.com\/duocpham1\/san-pham\/vien-uong-tinh-chat-hau-tuoi-toi-nghe-orihiro-180-vien\/"]}]},{"@type":"BreadcrumbList","@id":"http:\/\/mau.hoabinhweb.com\/duocpham1\/san-pham\/vien-uong-tinh-chat-hau-tuoi-toi-nghe-orihiro-180-vien\/#breadcrumb","itemListElement":[{"@type":"ListItem","position":1,"name":"Trang ch\u1ee7","item":"http:\/\/mau.hoabinhweb.com\/duocpham1\/"},{"@type":"ListItem","position":2,"name":"S\u1ea3n ph\u1ea9m","item":"http:\/\/mau.hoabinhweb.com\/duocpham1\/san-pham\/"},{"@type":"ListItem","position":3,"name":"Sinh L\u00fd Nam, N\u1eef","item":"http:\/\/mau.hoabinhweb.com\/duocpham1\/danh-muc\/sinh-ly-nam-nu\/"},{"@type":"ListItem","position":4,"name":"Vi\u00ean u\u1ed1ng tinh ch\u1ea5t h\u00e0u t\u01b0\u01a1i t\u1ecfi ngh\u1ec7 Orihiro 180 vi\u00ean"}]}]}},"_links":{"self":[{"href":"http:\/\/mau.hoabinhweb.com\/duocpham1\/wp-json\/wp\/v2\/product\/188","targetHints":{"allow":["GET"]}}],"collection":[{"href":"http:\/\/mau.hoabinhweb.com\/duocpham1\/wp-json\/wp\/v2\/product"}],"about":[{"href":"http:\/\/mau.hoabinhweb.com\/duocpham1\/wp-json\/wp\/v2\/types\/product"}],"replies":[{"embeddable":true,"href":"http:\/\/mau.hoabinhweb.com\/duocpham1\/wp-json\/wp\/v2\/comments?post=188"}],"wp:featuredmedia":[{"embeddable":true,"href":"http:\/\/mau.hoabinhweb.com\/duocpham1\/wp-json\/wp\/v2\/media\/189"}],"wp:attachment":[{"href":"http:\/\/mau.hoabinhweb.com\/duocpham1\/wp-json\/wp\/v2\/media?parent=188"}],"wp:term":[{"taxonomy":"product_cat","embeddable":true,"href":"http:\/\/mau.hoabinhweb.com\/duocpham1\/wp-json\/wp\/v2\/product_cat?post=188"},{"taxonomy":"product_tag","embeddable":true,"href":"http:\/\/mau.hoabinhweb.com\/duocpham1\/wp-json\/wp\/v2\/product_tag?post=188"}],"curies":[{"name":"wp","href":"https:\/\/api.w.org\/{rel}","templated":true}]}}