{"id":185,"date":"2022-05-28T22:01:18","date_gmt":"2022-05-28T15:01:18","guid":{"rendered":"https:\/\/mau.hoabinhweb.com\/duocpham1\/?post_type=product&#038;p=185"},"modified":"2022-05-28T22:04:31","modified_gmt":"2022-05-28T15:04:31","slug":"vien-uong-no-nguc-bbb-orihiro-300-vien","status":"publish","type":"product","link":"http:\/\/mau.hoabinhweb.com\/duocpham1\/san-pham\/vien-uong-no-nguc-bbb-orihiro-300-vien\/","title":{"rendered":"Vi\u00ean u\u1ed1ng n\u1edf ng\u1ef1c BBB Orihiro 300 vi\u00ean"},"content":{"rendered":"<div style=\"text-align: justify;\"><strong>Vi\u00ean u\u1ed1ng n\u1edf ng\u1ef1c BBB Orihiro 300 vi\u00ean<\/strong><\/div>\n<div style=\"text-align: justify;\"><strong>1. Th\u00f4ng tin chi ti\u1ebft s\u1ea3n ph\u1ea9m<\/strong><\/div>\n<div style=\"text-align: justify;\">\n<ul>\n<li>M\u00e3 code: 4571157257594<\/li>\n<li>Xu\u1ea5t x\u1ee9: Nh\u1eadt B\u1ea3n<\/li>\n<li>Nh\u00e0 s\u1ea3n xu\u1ea5t: Orihiro<\/li>\n<li>Quy c\u00e1ch \u0111\u00f3ng g\u00f3i: D\u1ea1ng vi\u00ean n\u00e9n, 300 vi\u00ean\/ h\u1ed9p<\/li>\n<li>Tr\u1ecdng l\u01b0\u1ee3ng: 75g \/ 250mg m\u1ed7i vi\u00ean<\/li>\n<\/ul>\n<\/div>\n<div style=\"text-align: justify;\"><strong>2. C\u00f4ng d\u1ee5ng ch\u00ednh s\u1ea3n ph\u1ea9m<\/strong><\/div>\n<div style=\"text-align: justify;\">\n<ul>\n<li>\n<h3>Gi\u00fap t\u0103ng s\u1ef1 ph\u00e1t tri\u1ec3n c\u1ee7a c\u00e1c m\u00f4 \u0111\u1ec7m m\u1ee1 quanh ng\u1ef1c, gi\u00fap c\u01a1 th\u1ec3 h\u1ea5p th\u1ee5 collagen t\u1ed1t h\u01a1n, k\u00edch th\u00edch c\u00e1c t\u1ebf b\u00e0o da v\u00e0 d\u00e2y ch\u1eb1ng n\u00e2ng \u0111\u1ee1 ng\u1ef1c ph\u00e1t tri\u1ec3n. T\u1eeb \u0111\u00f3, gi\u00fap ng\u1ef1c s\u0103n ch\u1eafc.<\/h3>\n<\/li>\n<\/ul>\n<\/div>\n<div style=\"text-align: justify;\">Chi\u1ebft xu\u1ea5t Maca co\u0301 ch\u1ee9a ca\u0301c hoa\u0323t ch\u00e2\u0301t t\u01b0\u01a1ng t\u1ef1 nh\u01b0 \u0111\u00e2\u0323u na\u0300nh nh\u01b0ng hoa\u0323t ti\u0301nh hi\u00ea\u0323u qua\u0309 h\u01a1n m\u00e2\u0300m \u0111\u00e2\u0323u na\u0300nh r\u00e2\u0301t nhi\u00ea\u0300u. Pueraria Mirifica (chi\u1ebft xu\u1ea5t maca) \u0111\u01b0\u01a1\u0323c bi\u00ea\u0301t \u0111\u00ea\u0301n v\u01a1\u0301i h\u01a1n 20 hoa\u0323t ch\u00e2\u0301t ho\u0301a ho\u0323c trong \u0111o\u0301 isoflavone cao nh\u00e2\u0301t.<\/div>\n<div style=\"text-align: justify;\"><\/div>\n<div style=\"text-align: justify;\">\u0110\u0103\u0323c bi\u00ea\u0323t ch\u1ee9a hoa\u0323t ch\u00e2\u0301t Miroestrol, Doeximiroestrol la\u0300 2 phytoestrogen (Estrogen th\u01b0\u0323c v\u00e2\u0323t) co\u0301 c\u00e2\u0301u tru\u0301c g\u00e2\u0300n gi\u00f4\u0301ng v\u01a1\u0301i estrogen nh\u01b0ng ma\u0323nh h\u01a1n g\u00e2\u0301p 3000 l\u00e2\u0300n. \u0110\u00e2y \u0111\u01b0\u01a1\u0323c xem la\u0300 tha\u0300nh ph\u00e2\u0300n quan tro\u0323ng co\u0301 ta\u0301c du\u0323ng ki\u0301ch thi\u0301ch la\u0300m t\u0103ng ki\u0301ch th\u01b0\u01a1\u0301c, s\u0103n ch\u0103\u0301c va\u0300 \u0111\u00e2\u0300y \u0111\u0103\u0323n vo\u0300ng ng\u01b0\u0323c.<\/div>\n<div style=\"text-align: justify;\">\n<ul>\n<li>C\u01a1 ch\u00ea\u0301 hoa\u0323t \u0111\u00f4\u0323ng c\u1ee7a chi\u1ebft xu\u1ea5t Maca \u0111\u01b0\u1ee3c \u00e1p d\u1ee5ng trong vi\u00ean u\u1ed1ng:<\/li>\n<li>T\u0103ng s\u01b0\u0323 pha\u0301t tri\u00ea\u0309n ca\u0301c d\u00e2y ch\u0103\u0300ng n\u00f4\u0301i v\u01a1\u0301i nu\u0301m vu\u0301, t\u0103ng s\u00f4\u0301 l\u01b0\u01a1\u0323ng ca\u0301c thu\u0300y va\u0300 \u00f4\u0301ng s\u01b0\u0303a, t\u0103ng s\u01b0\u0323 pha\u0301t tri\u00ea\u0309n cu\u0309a ca\u0301c m\u00f4 \u0111\u00ea\u0323m m\u01a1\u0303 quanh ng\u01b0\u0323c<\/li>\n<li>Giu\u0301p ng\u01b0\u0323c s\u0103n ch\u0103\u0301c, n\u01a1\u0309 nang: Hoa\u0323t \u0111\u00f4\u0323ng cu\u0309a ca\u0301c Phytoestrogen t\u0103ng c\u01b0\u01a1\u0300ng h\u00e2\u0301p thu\u0323 collagen, ki\u0301ch thi\u0301ch s\u01b0\u0323 pha\u0301t tri\u00ea\u0309n cu\u0309a ca\u0301c t\u00ea\u0301 ba\u0300o da va\u0300 h\u00ea\u0323 th\u00f4\u0301ng d\u00e2y ch\u0103\u0300ng n\u00e2ng \u0111\u01a1\u0303 ng\u01b0\u0323c, giu\u0301p vo\u0300ng 1 s\u0103n ch\u0103\u0301c.<\/li>\n<li>\u00a0C\u00e2n b\u1eb1ng n\u1ed9i ti\u1ebft t\u1ed1, gi\u1ea3m n\u00e1m s\u1ea1m, t\u00e0n nhang, \u0111\u1ea9y l\u00f9i c\u00e1c tri\u1ec7u ch\u1ee9ng ti\u1ec1n m\u00e3n kinh, m\u00e3n kinh<\/li>\n<\/ul>\n<\/div>\n<div style=\"text-align: justify;\">Theo k\u1ebft qu\u1ea3 nghi\u00ean c\u1ee9u t\u1ea1i \u0110\u1ea1i h\u1ecdc Washington (M\u1ef9) th\u00ec h\u1ee3p ch\u1ea5t isoflavone trong m\u1ea7m \u0111\u1eadu n\u00e0nh c\u00f3 t\u00e1c d\u1ee5ng nh\u01b0 hormone estrogen c\u1ee7a c\u01a1 th\u1ec3. isoflavone \u0111\u01b0\u1ee3c l\u1ea5y t\u1eeb m\u1ea7m \u0111\u1eadu n\u00e0nh c\u00f3 hi\u1ec7u qu\u1ea3 cho vi\u1ec7c b\u1ed5 sung estrogen, b\u1ea3o v\u1ec7 s\u1ee9c kh\u1ecfe c\u0169ng nh\u01b0 ch\u0103m s\u00f3c v\u00e0 c\u1ea3i thi\u1ec7n s\u1eafc \u0111\u1eb9p cho n\u1eef gi\u1edbi. Nguy\u00ean nh\u00e2n c\u1ee7a n\u00e1m s\u1ea1m, c\u00e1u g\u1eaft, kh\u00f4 h\u1ea1n, b\u1ed1c h\u1ecfa l\u00e0 do s\u1ef1 m\u1ea5t c\u00e2n b\u1eb1ng n\u1ed9i ti\u1ebft t\u1ed1 n\u1eef v\u00e0 thi\u1ebfu h\u1ee5t estrogen, ch\u00ednh v\u00ec v\u1eady khi \u0111\u01b0\u1ee3c b\u1ed5 sung isoflavone (m\u1ed9t th\u00e0nh ph\u1ea7n t\u01b0\u01a1ng t\u1ef1 estrogen) th\u00ec t\u00ecnh tr\u1ea1ng da n\u00e1m s\u1ea1m, c\u00e1u g\u1eaft, b\u1ed1c h\u1ecfa s\u1ebd nhanh ch\u00f3ng \u0111\u01b0\u1ee3c c\u1ea3i thi\u1ec7n r\u00f5 r\u1ec7t.<\/div>\n<div style=\"text-align: justify;\">Canxi t\u1eeb c\u1ecf bi\u1ec3n (rong bi\u1ec3n): Gi\u00e0u ch\u1ea5t x\u01a1, \u0111\u1ea1m, b\u1ed9t \u0111\u01b0\u1eddng, sinh t\u1ed1 v\u00e0 ch\u1ea5t kho\u00e1ng\u2026 c\u00e1c ch\u1ea5t n\u00e0y gi\u00fap l\u01b0u th\u00f4ng m\u00e1u t\u1ed1t, c\u00e2n b\u1eb1ng n\u1ed9i ti\u1ebft t\u1ed1.<\/div>\n<div style=\"text-align: justify;\">\n<ul>\n<li>\n<h3>Gi\u00fap da \u0111\u00e0n h\u1ed3i, m\u1ec1m m\u1ecbn<\/h3>\n<\/li>\n<\/ul>\n<\/div>\n<div style=\"text-align: justify;\">Vi\u00ean u\u1ed1ng b\u1ed5 sung h\u00e0m l\u01b0\u1ee3ng\u00a0 Elastin cao \u2013 c\u00f3 kh\u1ea3 n\u0103ng gi\u1eef n\u01b0\u1edbc t\u1ed1t, ng\u0103n s\u1ef1 th\u1ea5t tho\u00e1t Collagen v\u00e0 HA. V\u00ec v\u1eady, khi s\u1eed d\u1ee5ng vi\u00ean u\u1ed1ng s\u1ebd gi\u00fap da lu\u00f4n \u1ea9m m\u1ecbn, s\u0103n ch\u1eafc.<\/div>\n<div style=\"text-align: justify;\">\n<ul>\n<li>\n<h3>Ch\u1ed1ng n\u1ebfp nh\u0103n n\u01a1i kh\u00f3e mi\u1ec7ng, m\u1eaft v\u00e0 tr\u00e1n<\/h3>\n<\/li>\n<\/ul>\n<\/div>\n<div style=\"text-align: justify;\">Elastin t\u1ea1o m\u1ed9t m\u1ea1ng l\u01b0\u1edbi ba chi\u1ec1u gi\u1eefa c\u00e1c s\u1ee3i Collagen, k\u1ebft h\u1ee3p v\u1edbi Collagen \u0111\u1ec3 t\u1ea1o n\u00ean m\u1ed9t li\u00ean k\u1ebft b\u1ec1n v\u1eefng d\u01b0\u1edbi da, gi\u00fap da kh\u1ecfe m\u1ea1nh, s\u0103n ch\u1eafc v\u00e0 c\u0103ng m\u1ecbn. Do \u0111\u00f3, n\u1ebfu da b\u1ecb thi\u1ebfu Elastin th\u00ec d\u00f9 b\u1ea1n c\u00f3 b\u1ed5 sung bao nhi\u00eau Collagen hay HA th\u00ec hi\u1ec7u qu\u1ea3 c\u0169ng b\u1ecb gi\u1ea3m s\u00fat.<\/div>\n<div style=\"text-align: justify;\">\n<ul>\n<li>\n<h3>Cung c\u1ea5p c\u00e1c d\u01b0\u1ee1ng ch\u1ea5t l\u00e0m \u0111\u1eb9p da<\/h3>\n<\/li>\n<\/ul>\n<\/div>\n<div style=\"text-align: justify;\">S\u1eefa ong ch\u00faa c\u00f3 t\u1edbi 20 axit amin t\u1ef1 do, c\u00e1c vitamin nh\u01b0 B1, B2, B6, PP, \u0111\u1eb7c bi\u1ec7t c\u00f3 nhi\u1ec1u vitamin A, E r\u1ea5t c\u1ea7n cho l\u00e0n da v\u00e0 t\u1ed1t cho c\u1ea3 m\u1eaft.<\/div>\n<div style=\"text-align: justify;\">\u0110\u1eb7c bi\u1ec7t, S\u1eefa ong ch\u00faa c\u00f2n \u0111\u01b0\u1ee3c bi\u1ebft \u0111\u1ebfn v\u1edbi kh\u1ea3 n\u0103ng d\u01b0\u1ee1ng da, ch\u1ed1ng vi\u00eam, tr\u1ecb m\u1ee5n, c\u1ea3i thi\u1ec7n \u0111\u1ed9 \u0111\u00e0n h\u1ed3i c\u1ee7a da, l\u00e0m m\u1edd qu\u1ea7ng th\u00e2m, v\u1ebft th\u00e2m, s\u1eb9o m\u1ee5n.<\/div>\n<div style=\"text-align: justify;\">\n<ul>\n<li>\n<h3>K\u00edch th\u00edch m\u1ecdc t\u00f3c<\/h3>\n<\/li>\n<\/ul>\n<\/div>\n<div style=\"text-align: justify;\">C\u00e1c biotin trong s\u1eefa ong ch\u00faa gi\u00fap s\u1ea3n xu\u1ea5t keratin, th\u00e0nh ph\u1ea7n ch\u00ednh c\u1ee7a t\u00f3c v\u00e0 m\u00f3ng tay. Axit folic th\u00fac \u0111\u1ea9y t\u1ebf b\u00e0o t\u0103ng tr\u01b0\u1edfng\u00a0 kh\u1ecfe m\u1ea1nh v\u00e0 t\u00e1i t\u1ea1o da, t\u1eeb \u0111\u00f3 gi\u00fap t\u00f3c t\u0103ng tr\u01b0\u1edfng v\u00e0 ng\u0103n ng\u1eeba r\u1ee5ng t\u00f3c. Inositol c\u0169ng l\u00e0 m\u1ed9t trong nh\u1eefng vitamin quan tr\u1ecdng nh\u1ea5t v\u1edbi t\u00f3c. Thi\u1ebfu m\u1ed9t trong ba lo\u1ea1i vitamin l\u00e0 nguy\u00ean nh\u00e2n ch\u00ednh g\u00e2y ra r\u1ee5ng t\u00f3c. S\u1eefa ong ch\u00faa r\u1ea5t gi\u00e0u ba lo\u1ea1i vitamin n\u00e0y, gi\u00fap th\u00fac \u0111\u1ea9y t\u0103ng tr\u01b0\u1edfng c\u0169ng nh\u01b0 ng\u0103n ng\u1eeba r\u1ee5ng t\u00f3c.<\/div>\n<div style=\"text-align: justify;\"><strong>3. Th\u00e0nh ph\u1ea7n ch\u00ednh s\u1ea3n ph\u1ea9m<\/strong><\/div>\n<div style=\"text-align: justify;\">Elastin, Mineral water, b\u1ed9t s\u1eefa ong ch\u00faa kh\u00f4, b\u1ed9t chi\u1ebft xu\u1ea5t Maca, chi\u1ebft xu\u1ea5t Isoflavone \u0111\u1eadu n\u00e0nh, s\u1eaft, Vitamin D, Axit folic.<\/div>\n<div style=\"text-align: justify;\"><strong>H\u00e0m l\u01b0\u1ee3ng dinh d\u01b0\u1ee1ng c\u00f3 trong 10 vi\u00ean (2.5g) m\u1ed7i ng\u00e0y:<\/strong><\/div>\n<div style=\"text-align: justify;\">\n<ul>\n<li>L\u01b0\u1ee3ng calo \u2026\u2026\u2026\u2026\u2026\u2026\u2026\u2026\u2026\u2026\u2026\u2026\u2026\u2026\u2026\u2026\u2026\u2026.9g<\/li>\n<li>Protein \u2026\u2026\u2026\u2026\u2026\u2026\u2026\u2026\u2026\u2026\u2026\u2026\u2026\u2026\u2026\u2026\u2026\u2026\u2026\u2026.0.5g<\/li>\n<li>Lipid \u2026\u2026\u2026\u2026\u2026\u2026\u2026\u2026\u2026\u2026\u2026\u2026\u2026\u2026\u2026\u2026\u2026\u2026\u2026\u2026\u2026.0.04g<\/li>\n<li>Cacbohydrate \u2026\u2026\u2026\u2026\u2026\u2026\u2026\u2026\u2026\u2026\u2026\u2026\u2026\u2026\u2026\u2026\u20262.01g<\/li>\n<li>Mu\u1ed1i t\u01b0\u01a1ng \u0111\u01b0\u01a1ng \u2026\u2026\u2026\u2026\u2026\u2026\u2026\u2026\u2026\u2026\u2026\u2026\u2026\u2026.0-0.02g<\/li>\n<\/ul>\n<\/div>\n<div style=\"text-align: justify;\"><strong>4. C\u00e1ch s\u1eed d\u1ee5ng s\u1ea3n ph\u1ea9m<\/strong><\/div>\n<div style=\"text-align: justify;\">\n<ul>\n<li>U\u1ed1ng 10 vi\u00ean\/ ng\u00e0y ( s\u00e1ng 3 vi\u00ean, tr\u01b0a 3 vi\u00ean, t\u1ed1i 3 vi\u00ean, 1 vi\u00ean u\u1ed1ng ngay tr\u01b0\u1edbc th\u1eddi \u0111i\u1ec3m \u0111i ng\u1ee7 )<\/li>\n<li>N\u00ean s\u1eed d\u1ee5ng sau \u0103n kho\u1ea3ng 30\u2019( u\u1ed1ng sau b\u1eefa \u0103n \u0111\u1ec3 d\u1ecbch m\u1eadt ti\u1ebft ra c\u00f3 th\u1ec3 nh\u0169 h\u00f3a v\u00e0 h\u1ea5p thu c\u00e1c th\u00e0nh ph\u1ea7n trong thu\u1ed1c, v\u00ed d\u1ee5 vitamin, ch\u1ea5t b\u00e9o\u2026)<\/li>\n<li>U\u1ed1ng v\u1edbi 200ml m\u1ed7i l\u1ea7n, l\u01b0\u1ee3ng n\u01b0\u1edbc \u0111\u01b0\u1ee3c b\u1ed5 sung nhi\u1ec1u h\u1eb1ng ng\u00e0y s\u1ebd gi\u00fap thu\u1ed1c d\u1ec5 h\u1ea5p thu, v\u00e0 gi\u00fap l\u00e0n da m\u1ecbn m\u00e0ng, s\u00e1ng \u0111\u1eb9p h\u01a1n, c\u01a1 th\u1ec3 \u0111\u01b0\u1ee3c thanh l\u1ecdc.<\/li>\n<li>M\u1ed7i m\u1ed9t li\u1ec7u tr\u00ecnh s\u1eed d\u1ee5ng l\u00e0 2 th\u00e1ng li\u00ean t\u1ee5c, t\u01b0\u01a1ng \u1ee9ng v\u1edbi 2 h\u1ed9p vi\u00ean u\u1ed1ng n\u1edf ng\u1ef1c BBB Orihiro.<\/li>\n<li>Qu\u00e1 tr\u00ecnh s\u1eed d\u1ee5ng vi\u00ean u\u1ed1ng n\u1edf ng\u1ef1c BBB Orihiro c\u1ea7n k\u1ebft h\u1ee3p v\u1edbi ch\u1ebf \u0111\u1ed9 \u0103n u\u1ed1ng, sinh ho\u1ea1t, th\u1ec3 d\u1ee5c th\u1ec3 thao h\u1ee3p l\u00fd, \u0111\u1eb7c bi\u1ec7t l\u00e0 k\u1ebft h\u1ee3p v\u1edbi m\u00e1t xa ng\u1ef1c \u0111\u1ec1u \u0111\u1eb7n h\u00e0ng ng\u00e0y, sau 2 th\u00e1ng b\u1ea1n s\u1ebd c\u1ea3m th\u1ea5y k\u1ebft qu\u1ea3 r\u00f5 r\u1ec7t.<\/li>\n<\/ul>\n<\/div>\n<div style=\"text-align: justify;\"><strong>5. \u0110\u1ed1i t\u01b0\u1ee3ng s\u1eed d\u1ee5ng s\u1ea3n ph\u1ea9m<\/strong><\/div>\n<div style=\"text-align: justify;\">\n<ul>\n<li>Ph\u1ee5 n\u1eef c\u00f3 v\u00f2ng 1 nh\u1ecf, ch\u1ea3y x\u1ec7, k\u00e9m s\u0103n ch\u1eafc.<\/li>\n<li>Ph\u1ee5 n\u1eef ti\u1ec1n m\u00e3n kinh, s\u1eed d\u1ee5ng c\u1ea3i thi\u1ec7n v\u00f2ng 1 v\u00e0 gi\u1ea3m c\u00e1c tri\u1ec7u ch\u1ee9ng c\u1ee7a giai \u0111o\u1ea1n n\u00e0y do c\u01a1 th\u1ec3 thi\u1ebfu h\u1ee5t estrogen, do c\u01a1 ch\u1ebf h\u1ea5p thu vitamin v\u00e0 kho\u00e1ng ch\u1ea5t gi\u1ea3m.<\/li>\n<li>Ph\u1ee5 n\u1eef c\u00f3 da th\u00e2m n\u00e1m, s\u1ea1m, t\u00e0n nhang, da nh\u0103n,\u2026<\/li>\n<\/ul>\n<\/div>\n<div style=\"text-align: justify;\"><strong>L\u01b0u \u00fd<\/strong><\/div>\n<div style=\"text-align: justify;\">\n<ul>\n<li>Kh\u00f4ng d\u00f9ng cho \u0111\u1ed1i t\u01b0\u1ee3ng d\u01b0\u1edbi 18 tu\u1ed5i<\/li>\n<li>Ph\u1ee5 n\u1eef \u0111ang mang thai v\u00e0 cho con b\u00fa, \u0111\u1ed1i t\u01b0\u1ee3ng \u0111ang \u0111i\u1ec1u tr\u1ecb b\u1ec7nh n\u00ean h\u1ecfi \u00fd ki\u1ebfn b\u00e1c s\u0129 tr\u01b0\u1edbc khi s\u1eed d\u1ee5ng s\u1ea3n ph\u1ea9m.<\/li>\n<\/ul>\n<\/div>\n<div style=\"text-align: justify;\"><strong>6. C\u00e2u h\u1ecfi th\u01b0\u1eddng g\u1eb7p trong qu\u00e1 tr\u00ecnh s\u1eed d\u1ee5ng s\u1ea3n ph\u1ea9m<\/strong><\/div>\n<div style=\"text-align: justify;\">\n<ul>\n<li>\n<h3>C\u00f3 th\u1ec3 d\u00f9ng Vi\u00ean u\u1ed1ng n\u1edf ng\u1ef1c BBB Orihiro 300 vi\u00ean k\u1ebft h\u1ee3p v\u1edbi thu\u1ed1c ch\u1eefa tr\u1ecb kh\u00e1c \u0111\u01b0\u1ee3c kh\u00f4ng?<\/h3>\n<\/li>\n<\/ul>\n<\/div>\n<div style=\"text-align: justify;\">Vi\u00ean u\u1ed1ng n\u1edf ng\u1ef1c BBB Orihiro 300 vi\u00ean l\u00e0 TPCN h\u1ed7 tr\u1ee3 gi\u00fap v\u00f2ng 1 \u0111\u1ea7y \u0111\u1eb7n, c\u0103ng tr\u00f2n, s\u0103n ch\u1eafc, \u0111i\u1ec1u h\u00f2a \u1ed5n \u0111\u1ecbnh n\u1ed9i ti\u1ebft t\u1ed1. V\u00ec v\u1eady, \u0111\u1ec3 \u0111\u1ea3m b\u1ea3o s\u1ee9c kh\u1ecfe th\u00ec t\u1ed1t nh\u1ea5t b\u1ea1n n\u00ean h\u1ecfi \u00fd ki\u1ebfn c\u1ee7a b\u00e1c s\u0129 tr\u01b0\u1edbc khi d\u00f9ng \u0111\u1ec3 tr\u00e1nh t\u01b0\u01a1ng t\u00e1c thu\u1ed1c.<\/div>\n<div style=\"text-align: justify;\">\n<ul>\n<li>\n<h3>Vi\u00ean u\u1ed1ng n\u1edf ng\u1ef1c BBB Orihiro 300 vi\u00ean c\u00f3 th\u1ec3 s\u1eed d\u1ee5ng th\u01b0\u1eddng xuy\u00ean \u0111\u01b0\u1ee3c kh\u00f4ng?<\/h3>\n<\/li>\n<\/ul>\n<\/div>\n<div style=\"text-align: justify;\">Vi\u00ean u\u1ed1ng n\u1edf ng\u1ef1c BBB Orihiro 300 vi\u00ean l\u00e0 TPCN h\u1ed7 tr\u1ee3 t\u0103ng k\u00edch th\u01b0\u1edbc v\u00f2ng 1. \u0110\u1eb7c bi\u1ec7t c\u00f3 hi\u1ec7u qu\u1ea3 \u0111\u1ed1i v\u1edbi c\u00e1c v\u1ea5n \u0111\u1ec1 v\u00f2ng 1 v\u00e0 n\u1ed9i ti\u1ebft t\u1ed1 n\u1eef. V\u00ec v\u1eady, n\u00ean s\u1eed d\u1ee5ng th\u01b0\u1eddng xuy\u00ean t\u1eeb 2- 3 h\u1ed9p \u0111\u1ec3 c\u00f3 hi\u1ec7u qu\u1ea3 t\u1ed1t nh\u1ea5t.<\/div>\n<div style=\"text-align: justify;\">\n<ul>\n<li>\n<h3>Vi\u00ean u\u1ed1ng n\u1edf ng\u1ef1c BBB Orihiro 300 vi\u00ean c\u00f3 d\u00f9ng \u0111\u01b0\u1ee3c cho ng\u01b0\u1eddi b\u1ecb \u0111au d\u1ea1 d\u00e0y kh\u00f4ng?<\/h3>\n<\/li>\n<\/ul>\n<\/div>\n<div style=\"text-align: justify;\">Vi\u00ean u\u1ed1ng n\u1edf ng\u1ef1c BBB Orihiro 300 vi\u00ean \u0111\u01b0\u1ee3c s\u1eed d\u1ee5ng b\u00ecnh th\u01b0\u1eddng \u1edf \u0111\u1ed1i t\u01b0\u1ee3ng b\u1ecb \u0111au d\u1ea1 d\u00e0y. C\u00e1c th\u00e0nh ph\u1ea7n c\u00f3 trong vi\u00ean u\u1ed1ng \u0111\u01b0\u1ee3c ch\u1ee9ng minh kh\u00f4ng \u1ea3nh h\u01b0\u1edfng g\u00ec t\u1edbi d\u1ea1 d\u00e0y. B\u1ea1n c\u00f3 th\u1ec3 y\u00ean t\u00e2m s\u1eed d\u1ee5ng vi\u00ean u\u1ed1ng.<\/div>\n<div style=\"text-align: justify;\">\n<ul>\n<li>\n<h3>Vi\u00ean u\u1ed1ng n\u1edf ng\u1ef1c BBB Orihiro 300 vi\u00ean c\u00f3 g\u00e2y t\u00e1c d\u1ee5ng ph\u1ee5 g\u00ec kh\u00f4ng?<\/h3>\n<\/li>\n<\/ul>\n<\/div>\n<div style=\"text-align: justify;\">Vi\u00ean u\u1ed1ng n\u1edf ng\u1ef1c BBB Orihiro 300 vi\u00ean \u0111\u00e3 \u0111\u01b0\u1ee3c ki\u1ec3m nghi\u1ec7m l\u00e2m s\u00e0ng theo c\u00e1c ti\u00eau chu\u1ea9n kh\u1eaft khe tr\u01b0\u1edbc khi \u0111\u01b0a ra th\u1ecb tr\u01b0\u1eddng. V\u00e0 h\u00e3ng ch\u01b0a ghi nh\u1eadn tr\u01b0\u1eddng h\u1ee3p n\u00e0o ph\u1ea3n \u00e1nh v\u1ec1 v\u1ea5n \u0111\u1ec1 n\u00e0y, n\u00ean b\u1ea1n ho\u00e0n to\u00e0n y\u00ean t\u00e2m khi s\u1eed d\u1ee5ng s\u1ea3n ph\u1ea9m.<\/div>\n","protected":false},"excerpt":{"rendered":"<ul>\n<li>Gi\u00fap t\u0103ng s\u1ef1 ph\u00e1t tri\u1ec3n c\u1ee7a c\u00e1c m\u00f4 \u0111\u1ec7m m\u1ee1 quanh ng\u1ef1c, gi\u00fap c\u01a1 th\u1ec3 h\u1ea5p th\u1ee5 collagen t\u1ed1t h\u01a1n, k\u00edch th\u00edch c\u00e1c t\u1ebf b\u00e0o da v\u00e0 d\u00e2y ch\u1eb1ng n\u00e2ng \u0111\u1ee1 ng\u1ef1c ph\u00e1t tri\u1ec3n. T\u1eeb \u0111\u00f3, gi\u00fap ng\u1ef1c s\u0103n ch\u1eafc.<\/li>\n<li>C\u00e2n b\u1eb1ng n\u1ed9i ti\u1ebft t\u1ed1, gi\u1ea3m n\u00e1m s\u1ea1m, t\u00e0n nhang, \u0111\u1ea9y l\u00f9i c\u00e1c tri\u1ec7u ch\u1ee9ng ti\u1ec1n m\u00e3n kinh, m\u00e3n kinh<\/li>\n<li>Gi\u00fap da \u0111\u00e0n h\u1ed3i, m\u1ec1m m\u1ecbn<\/li>\n<li>Ch\u1ed1ng n\u1ebfp nh\u0103n n\u01a1i kh\u00f3e mi\u1ec7ng, m\u1eaft v\u00e0 tr\u00e1n<\/li>\n<li>Cung c\u1ea5p c\u00e1c d\u01b0\u1ee1ng ch\u1ea5t l\u00e0m \u0111\u1eb9p da<\/li>\n<li>K\u00edch th\u00edch t\u0103ng tr\u01b0\u1edfng t\u00f3c<\/li>\n<\/ul>\n","protected":false},"featured_media":186,"comment_status":"closed","ping_status":"closed","template":"","meta":[],"product_cat":[22],"product_tag":[],"class_list":["post-185","product","type-product","status-publish","has-post-thumbnail","hentry","product_cat-sinh-ly-nam-nu"],"yoast_head":"<!-- This site is optimized with the Yoast SEO plugin v18.9 - https:\/\/yoast.com\/wordpress\/plugins\/seo\/ -->\n<title>Vi\u00ean u\u1ed1ng n\u1edf ng\u1ef1c BBB Orihiro 300 vi\u00ean - Nh\u1eadt T\u00edn Health<\/title>\n<meta name=\"robots\" content=\"noindex, follow, max-snippet:-1, max-image-preview:large, max-video-preview:-1\" \/>\n<meta property=\"og:locale\" content=\"vi_VN\" \/>\n<meta property=\"og:type\" content=\"article\" \/>\n<meta property=\"og:title\" content=\"Vi\u00ean u\u1ed1ng n\u1edf ng\u1ef1c BBB Orihiro 300 vi\u00ean - Nh\u1eadt T\u00edn Health\" \/>\n<meta property=\"og:description\" content=\"Gi\u00fap t\u0103ng s\u1ef1 ph\u00e1t tri\u1ec3n c\u1ee7a c\u00e1c m\u00f4 \u0111\u1ec7m m\u1ee1 quanh ng\u1ef1c, gi\u00fap c\u01a1 th\u1ec3 h\u1ea5p th\u1ee5 collagen t\u1ed1t h\u01a1n, k\u00edch th\u00edch c\u00e1c t\u1ebf b\u00e0o da v\u00e0 d\u00e2y ch\u1eb1ng n\u00e2ng \u0111\u1ee1 ng\u1ef1c ph\u00e1t tri\u1ec3n. T\u1eeb \u0111\u00f3, gi\u00fap ng\u1ef1c s\u0103n ch\u1eafc.  C\u00e2n b\u1eb1ng n\u1ed9i ti\u1ebft t\u1ed1, gi\u1ea3m n\u00e1m s\u1ea1m, t\u00e0n nhang, \u0111\u1ea9y l\u00f9i c\u00e1c tri\u1ec7u ch\u1ee9ng ti\u1ec1n m\u00e3n kinh, m\u00e3n kinh  Gi\u00fap da \u0111\u00e0n h\u1ed3i, m\u1ec1m m\u1ecbn  Ch\u1ed1ng n\u1ebfp nh\u0103n n\u01a1i kh\u00f3e mi\u1ec7ng, m\u1eaft v\u00e0 tr\u00e1n  Cung c\u1ea5p c\u00e1c d\u01b0\u1ee1ng ch\u1ea5t l\u00e0m \u0111\u1eb9p da  K\u00edch th\u00edch t\u0103ng tr\u01b0\u1edfng t\u00f3c\" \/>\n<meta property=\"og:url\" content=\"http:\/\/mau.hoabinhweb.com\/duocpham1\/san-pham\/vien-uong-no-nguc-bbb-orihiro-300-vien\/\" \/>\n<meta property=\"og:site_name\" content=\"Nh\u1eadt T\u00edn Health\" \/>\n<meta property=\"article:modified_time\" content=\"2022-05-28T15:04:31+00:00\" \/>\n<meta property=\"og:image\" content=\"http:\/\/mau.hoabinhweb.com\/duocpham1\/wp-content\/uploads\/2022\/05\/BB.jpg\" \/>\n\t<meta property=\"og:image:width\" content=\"506\" \/>\n\t<meta property=\"og:image:height\" content=\"504\" \/>\n\t<meta property=\"og:image:type\" content=\"image\/jpeg\" \/>\n<meta name=\"twitter:card\" content=\"summary_large_image\" \/>\n<meta name=\"twitter:label1\" content=\"\u01af\u1edbc t\u00ednh th\u1eddi gian \u0111\u1ecdc\" \/>\n\t<meta name=\"twitter:data1\" content=\"8 ph\u00fat\" \/>\n<script type=\"application\/ld+json\" class=\"yoast-schema-graph\">{\"@context\":\"https:\/\/schema.org\",\"@graph\":[{\"@type\":\"WebSite\",\"@id\":\"http:\/\/mau.hoabinhweb.com\/duocpham1\/#website\",\"url\":\"http:\/\/mau.hoabinhweb.com\/duocpham1\/\",\"name\":\"Nh\u1eadt T\u00edn Health\",\"description\":\"\",\"potentialAction\":[{\"@type\":\"SearchAction\",\"target\":{\"@type\":\"EntryPoint\",\"urlTemplate\":\"http:\/\/mau.hoabinhweb.com\/duocpham1\/?s={search_term_string}\"},\"query-input\":\"required name=search_term_string\"}],\"inLanguage\":\"vi\"},{\"@type\":\"ImageObject\",\"inLanguage\":\"vi\",\"@id\":\"http:\/\/mau.hoabinhweb.com\/duocpham1\/san-pham\/vien-uong-no-nguc-bbb-orihiro-300-vien\/#primaryimage\",\"url\":\"http:\/\/mau.hoabinhweb.com\/duocpham1\/wp-content\/uploads\/2022\/05\/BB.jpg\",\"contentUrl\":\"http:\/\/mau.hoabinhweb.com\/duocpham1\/wp-content\/uploads\/2022\/05\/BB.jpg\",\"width\":506,\"height\":504,\"caption\":\"Bb\"},{\"@type\":\"WebPage\",\"@id\":\"http:\/\/mau.hoabinhweb.com\/duocpham1\/san-pham\/vien-uong-no-nguc-bbb-orihiro-300-vien\/#webpage\",\"url\":\"http:\/\/mau.hoabinhweb.com\/duocpham1\/san-pham\/vien-uong-no-nguc-bbb-orihiro-300-vien\/\",\"name\":\"Vi\u00ean u\u1ed1ng n\u1edf ng\u1ef1c BBB Orihiro 300 vi\u00ean - Nh\u1eadt T\u00edn Health\",\"isPartOf\":{\"@id\":\"http:\/\/mau.hoabinhweb.com\/duocpham1\/#website\"},\"primaryImageOfPage\":{\"@id\":\"http:\/\/mau.hoabinhweb.com\/duocpham1\/san-pham\/vien-uong-no-nguc-bbb-orihiro-300-vien\/#primaryimage\"},\"datePublished\":\"2022-05-28T15:01:18+00:00\",\"dateModified\":\"2022-05-28T15:04:31+00:00\",\"breadcrumb\":{\"@id\":\"http:\/\/mau.hoabinhweb.com\/duocpham1\/san-pham\/vien-uong-no-nguc-bbb-orihiro-300-vien\/#breadcrumb\"},\"inLanguage\":\"vi\",\"potentialAction\":[{\"@type\":\"ReadAction\",\"target\":[\"http:\/\/mau.hoabinhweb.com\/duocpham1\/san-pham\/vien-uong-no-nguc-bbb-orihiro-300-vien\/\"]}]},{\"@type\":\"BreadcrumbList\",\"@id\":\"http:\/\/mau.hoabinhweb.com\/duocpham1\/san-pham\/vien-uong-no-nguc-bbb-orihiro-300-vien\/#breadcrumb\",\"itemListElement\":[{\"@type\":\"ListItem\",\"position\":1,\"name\":\"Trang ch\u1ee7\",\"item\":\"http:\/\/mau.hoabinhweb.com\/duocpham1\/\"},{\"@type\":\"ListItem\",\"position\":2,\"name\":\"S\u1ea3n ph\u1ea9m\",\"item\":\"http:\/\/mau.hoabinhweb.com\/duocpham1\/san-pham\/\"},{\"@type\":\"ListItem\",\"position\":3,\"name\":\"Sinh L\u00fd Nam, N\u1eef\",\"item\":\"http:\/\/mau.hoabinhweb.com\/duocpham1\/danh-muc\/sinh-ly-nam-nu\/\"},{\"@type\":\"ListItem\",\"position\":4,\"name\":\"Vi\u00ean u\u1ed1ng n\u1edf ng\u1ef1c BBB Orihiro 300 vi\u00ean\"}]}]}<\/script>\n<!-- \/ Yoast SEO plugin. -->","yoast_head_json":{"title":"Vi\u00ean u\u1ed1ng n\u1edf ng\u1ef1c BBB Orihiro 300 vi\u00ean - Nh\u1eadt T\u00edn Health","robots":{"index":"noindex","follow":"follow","max-snippet":"max-snippet:-1","max-image-preview":"max-image-preview:large","max-video-preview":"max-video-preview:-1"},"og_locale":"vi_VN","og_type":"article","og_title":"Vi\u00ean u\u1ed1ng n\u1edf ng\u1ef1c BBB Orihiro 300 vi\u00ean - Nh\u1eadt T\u00edn Health","og_description":"Gi\u00fap t\u0103ng s\u1ef1 ph\u00e1t tri\u1ec3n c\u1ee7a c\u00e1c m\u00f4 \u0111\u1ec7m m\u1ee1 quanh ng\u1ef1c, gi\u00fap c\u01a1 th\u1ec3 h\u1ea5p th\u1ee5 collagen t\u1ed1t h\u01a1n, k\u00edch th\u00edch c\u00e1c t\u1ebf b\u00e0o da v\u00e0 d\u00e2y ch\u1eb1ng n\u00e2ng \u0111\u1ee1 ng\u1ef1c ph\u00e1t tri\u1ec3n. T\u1eeb \u0111\u00f3, gi\u00fap ng\u1ef1c s\u0103n ch\u1eafc.  C\u00e2n b\u1eb1ng n\u1ed9i ti\u1ebft t\u1ed1, gi\u1ea3m n\u00e1m s\u1ea1m, t\u00e0n nhang, \u0111\u1ea9y l\u00f9i c\u00e1c tri\u1ec7u ch\u1ee9ng ti\u1ec1n m\u00e3n kinh, m\u00e3n kinh  Gi\u00fap da \u0111\u00e0n h\u1ed3i, m\u1ec1m m\u1ecbn  Ch\u1ed1ng n\u1ebfp nh\u0103n n\u01a1i kh\u00f3e mi\u1ec7ng, m\u1eaft v\u00e0 tr\u00e1n  Cung c\u1ea5p c\u00e1c d\u01b0\u1ee1ng ch\u1ea5t l\u00e0m \u0111\u1eb9p da  K\u00edch th\u00edch t\u0103ng tr\u01b0\u1edfng t\u00f3c","og_url":"http:\/\/mau.hoabinhweb.com\/duocpham1\/san-pham\/vien-uong-no-nguc-bbb-orihiro-300-vien\/","og_site_name":"Nh\u1eadt T\u00edn Health","article_modified_time":"2022-05-28T15:04:31+00:00","og_image":[{"width":506,"height":504,"url":"http:\/\/mau.hoabinhweb.com\/duocpham1\/wp-content\/uploads\/2022\/05\/BB.jpg","type":"image\/jpeg"}],"twitter_card":"summary_large_image","twitter_misc":{"\u01af\u1edbc t\u00ednh th\u1eddi gian \u0111\u1ecdc":"8 ph\u00fat"},"schema":{"@context":"https:\/\/schema.org","@graph":[{"@type":"WebSite","@id":"http:\/\/mau.hoabinhweb.com\/duocpham1\/#website","url":"http:\/\/mau.hoabinhweb.com\/duocpham1\/","name":"Nh\u1eadt T\u00edn Health","description":"","potentialAction":[{"@type":"SearchAction","target":{"@type":"EntryPoint","urlTemplate":"http:\/\/mau.hoabinhweb.com\/duocpham1\/?s={search_term_string}"},"query-input":"required name=search_term_string"}],"inLanguage":"vi"},{"@type":"ImageObject","inLanguage":"vi","@id":"http:\/\/mau.hoabinhweb.com\/duocpham1\/san-pham\/vien-uong-no-nguc-bbb-orihiro-300-vien\/#primaryimage","url":"http:\/\/mau.hoabinhweb.com\/duocpham1\/wp-content\/uploads\/2022\/05\/BB.jpg","contentUrl":"http:\/\/mau.hoabinhweb.com\/duocpham1\/wp-content\/uploads\/2022\/05\/BB.jpg","width":506,"height":504,"caption":"Bb"},{"@type":"WebPage","@id":"http:\/\/mau.hoabinhweb.com\/duocpham1\/san-pham\/vien-uong-no-nguc-bbb-orihiro-300-vien\/#webpage","url":"http:\/\/mau.hoabinhweb.com\/duocpham1\/san-pham\/vien-uong-no-nguc-bbb-orihiro-300-vien\/","name":"Vi\u00ean u\u1ed1ng n\u1edf ng\u1ef1c BBB Orihiro 300 vi\u00ean - Nh\u1eadt T\u00edn Health","isPartOf":{"@id":"http:\/\/mau.hoabinhweb.com\/duocpham1\/#website"},"primaryImageOfPage":{"@id":"http:\/\/mau.hoabinhweb.com\/duocpham1\/san-pham\/vien-uong-no-nguc-bbb-orihiro-300-vien\/#primaryimage"},"datePublished":"2022-05-28T15:01:18+00:00","dateModified":"2022-05-28T15:04:31+00:00","breadcrumb":{"@id":"http:\/\/mau.hoabinhweb.com\/duocpham1\/san-pham\/vien-uong-no-nguc-bbb-orihiro-300-vien\/#breadcrumb"},"inLanguage":"vi","potentialAction":[{"@type":"ReadAction","target":["http:\/\/mau.hoabinhweb.com\/duocpham1\/san-pham\/vien-uong-no-nguc-bbb-orihiro-300-vien\/"]}]},{"@type":"BreadcrumbList","@id":"http:\/\/mau.hoabinhweb.com\/duocpham1\/san-pham\/vien-uong-no-nguc-bbb-orihiro-300-vien\/#breadcrumb","itemListElement":[{"@type":"ListItem","position":1,"name":"Trang ch\u1ee7","item":"http:\/\/mau.hoabinhweb.com\/duocpham1\/"},{"@type":"ListItem","position":2,"name":"S\u1ea3n ph\u1ea9m","item":"http:\/\/mau.hoabinhweb.com\/duocpham1\/san-pham\/"},{"@type":"ListItem","position":3,"name":"Sinh L\u00fd Nam, N\u1eef","item":"http:\/\/mau.hoabinhweb.com\/duocpham1\/danh-muc\/sinh-ly-nam-nu\/"},{"@type":"ListItem","position":4,"name":"Vi\u00ean u\u1ed1ng n\u1edf ng\u1ef1c BBB Orihiro 300 vi\u00ean"}]}]}},"_links":{"self":[{"href":"http:\/\/mau.hoabinhweb.com\/duocpham1\/wp-json\/wp\/v2\/product\/185","targetHints":{"allow":["GET"]}}],"collection":[{"href":"http:\/\/mau.hoabinhweb.com\/duocpham1\/wp-json\/wp\/v2\/product"}],"about":[{"href":"http:\/\/mau.hoabinhweb.com\/duocpham1\/wp-json\/wp\/v2\/types\/product"}],"replies":[{"embeddable":true,"href":"http:\/\/mau.hoabinhweb.com\/duocpham1\/wp-json\/wp\/v2\/comments?post=185"}],"wp:featuredmedia":[{"embeddable":true,"href":"http:\/\/mau.hoabinhweb.com\/duocpham1\/wp-json\/wp\/v2\/media\/186"}],"wp:attachment":[{"href":"http:\/\/mau.hoabinhweb.com\/duocpham1\/wp-json\/wp\/v2\/media?parent=185"}],"wp:term":[{"taxonomy":"product_cat","embeddable":true,"href":"http:\/\/mau.hoabinhweb.com\/duocpham1\/wp-json\/wp\/v2\/product_cat?post=185"},{"taxonomy":"product_tag","embeddable":true,"href":"http:\/\/mau.hoabinhweb.com\/duocpham1\/wp-json\/wp\/v2\/product_tag?post=185"}],"curies":[{"name":"wp","href":"https:\/\/api.w.org\/{rel}","templated":true}]}}