{"id":113,"date":"2020-08-21T07:40:02","date_gmt":"2020-08-21T00:40:02","guid":{"rendered":"http:\/\/mau.hoabinhweb.com\/dulich1\/?post_type=product&#038;p=113"},"modified":"2022-10-30T22:40:29","modified_gmt":"2022-10-30T15:40:29","slug":"tour-du-lich-sapa-2-ngay-1-dem-cat-cat-ham-rong","status":"publish","type":"product","link":"http:\/\/mau.hoabinhweb.com\/dulich1\/tours\/tour-du-lich-sapa-2-ngay-1-dem-cat-cat-ham-rong\/","title":{"rendered":"Tour du l\u1ecbch Sapa 2 ng\u00e0y 1 \u0111\u00eam C\u00e1t C\u00e1t &#8211; H\u00e0m R\u1ed3ng"},"content":{"rendered":"<p><em><strong>Tour du l\u1ecbch Sapa\u00a02 ng\u00e0y 3 \u0111\u00eam\u00a0 c\u00e1t c\u00e1t-h\u00e0m r\u1ed3ng<\/strong><\/em><strong><em>.thu h\u00fat \u0111\u00f4ng \u0111\u1ea3o du kh\u00e1ch th\u1eadp ph\u01b0\u01a1ng b\u1edfi mang \u0111\u1eadm v\u1ebb \u0111\u1eb9p c\u1ee7a c\u1ea3nh s\u1eafc thi\u00ean nhi\u00ean n\u00fai r\u1eebng T\u00e2y B\u1eafc c\u0169ng nh\u01b0 h\u01a1i th\u1edf cu\u1ed9c s\u1ed1ng b\u00ecnh y\u00ean, gi\u1ea3n d\u1ecb t\u1eeb n\u1ebfp s\u1ed1ng c\u1ee7a \u0111\u1ed3ng b\u00e0o d\u00e2n t\u1ed9c \u00edt ng\u01b0\u1eddi n\u01a1i \u0111\u00e2y.<\/em><\/strong><\/p>\n<p><strong>\u0110\u1eb7c \u0111i\u1ec3m sapa\u00a0<\/strong><\/p>\n<p>Kh\u00ed h\u1eadu Sapa quanh n\u0103m m\u00e1t m\u00e1t m\u1ebb v\u1edbi nhi\u1ec7t \u0111\u1ed9 trung b\u00ecnh t\u1eeb 15 \u0111\u1ebfn 18 \u0111\u1ed9 C. \u0110\u1eb7c bi\u1ec7t, khi \u0111\u1ebfn Sapa v\u00e0o ng\u00e0y h\u00e8, du kh\u00e1ch s\u1ebd c\u00f3 d\u1ecbp c\u1ea3m nh\u1eadn th\u1eddi ti\u1ebft c\u1ee7a b\u1ed1n m\u00f9a g\u00f3i tr\u1ecdn trong m\u1ed9t ng\u00e0y: bu\u1ed5i s\u00e1ng mang h\u01a1i th\u1edf m\u00f9a Xu\u00e2n v\u1edbi m\u00e0n s\u01b0\u01a1ng m\u1ecfng se l\u1ea1nh; v\u1ec1 tr\u01b0a khi m\u1eb7t tr\u1eddi l\u00ean cao, Sapa nh\u01b0 v\u00e0o H\u1ea1; bu\u1ed5i chi\u1ec1u, m\u00e2y v\u00e0 s\u01b0\u01a1ng bu\u00f4ng xu\u1ed1ng t\u1ea1o c\u1ea3m gi\u00e1c l\u00e0nh l\u1ea1nh nh\u01b0 m\u00f9a Thu; c\u00f2n ban \u0111\u00eam l\u00e0 c\u00e1i r\u00e9t c\u1ee7a m\u00f9a \u0110\u00f4ng.Ngay t\u1eeb nh\u1eefng n\u0103m 40 c\u1ee7a th\u1ebf k\u1ef7 tr\u01b0\u1edbc, ng\u01b0\u1eddi Ph\u00e1p \u0111\u00e3 quy ho\u1ea1ch Sapa th\u00e0nh \u0111\u1ecba \u0111i\u1ec3m ngh\u1ec9 d\u01b0\u1ee1ng l\u00fd t\u01b0\u1edfng. N\u01a1i \u0111\u00e2y c\u00f3 h\u1ec7 th\u1ed1ng th\u1ee7y \u0111i\u1ec7n, tr\u1ea1m n\u01b0\u1edbc, dinh to\u00e0n quy\u1ec1n, t\u00f2a ch\u00e1nh s\u1ee9, kho b\u1ea1c \u2026 v\u00e0 \u0111\u1eb7c bi\u1ec7t, gi\u1eefa nh\u1eefng c\u00e1nh r\u1eebng \u0111\u00e0o v\u00e0 nh\u1eefng r\u1eb7ng samu l\u00e0 h\u01a1n 200 bi\u1ec7t th\u1ef1 ki\u1ebfn tr\u00fac ph\u01b0\u01a1ng T\u00e2y n\u1eb1m ngay trung t\u00e2m th\u1ecb tr\u1ea5n. \u0110i\u1ec1u n\u00e0y khi\u1ebfn Sapa mang d\u00e1ng d\u1ea5p c\u1ee7a m\u1ed9t th\u00e0nh ph\u1ed1 ch\u00e2u \u00c2u thu nh\u1ecf.<strong>Sapa<\/strong>\u00a0c\u00f3 nhi\u1ec1u c\u1ea3nh \u0111\u1eb9p \u0111\u1ec3 b\u1ea1n d\u1eebng ch\u00e2n th\u01b0 gi\u00e3n, tr\u1ea7m tr\u1ed3 th\u00edch th\u00fa nh\u01b0 Th\u00e1c B\u1ea1c, C\u1ea7u M\u00e2y, C\u1ed5ng Tr\u1eddi, thung l\u0169ng M\u01b0\u1eddng Hoa \u2026v\u00e0 du l\u1ecbch Sapa kh\u00f4ng th\u1ec3 kh\u00f4ng nh\u1eafc t\u1edbi\u00a0<strong>V\u01b0\u1eddn hoa\u00a0H\u00e0m R\u1ed3ng<\/strong>.V\u01b0\u1eddn hoa H\u00e0m R\u1ed3ng \u0111\u01b0\u1ee3c x\u00e2y d\u1ef1ng theo \u0111\u1ecba th\u1ebf t\u1ef1 nhi\u00ean c\u1ee7a \u0111\u1ec9nh H\u00e0m R\u1ed3ng. \u0110\u1ec3 tham quan v\u01b0\u1eddn hoa, du kh\u00e1ch ph\u1ea3i leo qua h\u00e0ng ng\u00e0n b\u1eadc \u0111\u00e1. C\u1ee9 c\u00e1ch m\u1ed9t \u0111o\u1ea1n ng\u1eafn, c\u1ea3nh tr\u00ed l\u1ea1i tr\u1ea3i ra tr\u01b0\u1edbc m\u1eaft n\u00e0o l\u00e0 v\u01b0\u1eddn lan t\u1ef1 nhi\u00ean, v\u01b0\u1eddn ch\u00e2u \u00c2u, r\u1eebng hoa \u0111\u00e0o\u2026 cu\u1ed1i c\u00f9ng l\u00e0 \u0111i\u1ec3m cao nh\u1ea5t c\u1ee7a \u0111\u1ec9nh H\u00e0m R\u1ed3ng \u0111\u01b0\u1ee3c b\u1ed1 tr\u00ed nh\u01b0 m\u1ed9t \u0111\u00e0i quan s\u00e1t. T\u1eeb \u0111\u00e2y, du kh\u00e1ch c\u00f3 th\u1ec3 ph\u00f3ng t\u1ea7m m\u1eaft quan s\u00e1t \u0111\u01b0\u1ee3c thu to\u00e0n b\u1ed9 th\u1ecb tr\u1ea5n Sa Pa,Thung l\u0169ng M\u01b0\u1eddng Hoa, Sa P\u1ea3, T\u1ea3 Ph\u00ecn \u1ea9n hi\u1ec7n trong s\u01b0\u01a1ng kh\u00f3i. D\u01b0\u1edbi b\u00e0n tay t\u00f4n t\u1ea1o kh\u00e9o l\u00e9o c\u1ee7a con ng\u01b0\u1eddi, H\u00e0m R\u1ed3ng gi\u1edd \u0111\u00e2y th\u1ef1c s\u1ef1 l\u00e0 m\u1ed9t th\u1eafng c\u1ea3nh \u0111\u1ea7y hoa tr\u00e1i c\u1ee7a Sa Pa.<strong>Tour du l\u1ecbch Sapa<\/strong>\u00a02 ng\u00e0y 3 \u0111\u00eam c\u00e1t c\u00e1t- h\u00e0m r\u1ed3ng.Kh\u00f4ng ch\u1ec9 h\u1ea5p d\u1eabn du kh\u00e1ch nh\u1edd v\u1ebb \u0111\u1eb9p c\u1ee7a n\u00fai r\u1eebng thi\u00ean nhi\u00ean th\u01a1 m\u1ed9ng m\u00e0 c\u00f2n b\u1edfi n\u00e9t \u0111\u1eb9p v\u0103n h\u00f3a \u0111\u1eb7c s\u1eafc c\u1ee7a \u0111\u1ed3ng b\u00e0o d\u00e2n t\u1ed9c H\u2019M\u00f4ng, Dao \u2026<strong><em>\u0110\u1ebfn v\u1edbi tour h\u00e0 n\u1ed9i sapa 2 ng\u00e0y 3 \u0111\u00eam,\u00a0<\/em><\/strong>\u00a0b\u1ea1n s\u1ebd c\u00f3 d\u1ecbp t\u00ecm v\u1ec1 b\u1ea3n C\u00e1t C\u00e1t c\u1ee7a ng\u01b0\u1eddi H\u2019m\u00f4ng, kh\u00e1m ph\u00e1 v\u1ebb \u0111\u1eb9p b\u00ecnh y\u00ean c\u1ee7a l\u00e0ng b\u1ea3n c\u1ed5 x\u01b0a c\u0169ng nh\u01b0 con ng\u01b0\u1eddi v\u00e0 cu\u1ed9c s\u1ed1ng c\u1ee7a \u0111\u1ed3ng b\u00e0o d\u00e2n t\u1ed9c n\u01a1i \u0111\u00e2y.Du l\u1ecbch Sapa v\u00e0o nh\u1eefng ng\u00e0y cu\u1ed1i tu\u1ea7n, qu\u00fd kh\u00e1ch c\u00f2n c\u00f3 th\u1ec3m tham d\u1ef1 phi\u00ean ch\u1ee3 T\u00ecnh v\u00f9ng cao \u2013 m\u1ed9t n\u00e9t v\u0103n h\u00f3a v\u00f4 c\u00f9ng \u0111\u1eb7c s\u1eafc c\u1ee7a ng\u01b0\u1eddi Dao. Ch\u1ee3 T\u00ecnh l\u00e0 n\u01a1i g\u1eb7p g\u1ee1, giao l\u01b0u c\u1ee7a c\u00e1c ch\u00e0ng trai, c\u00f4 g\u00e1i ng\u01b0\u1eddi d\u00e2n t\u1ed9c. Nh\u1eefng ch\u00e0ng trai t\u1ecf t\u00ecnh qua c\u00e1c l\u00e0n s\u00e1o \u0111i\u1ec7u kh\u00e8n c\u00f2n c\u00e1c c\u00f4 g\u00e1i h\u1ebft s\u1ee9c duy\u00ean d\u00e1ng qua nh\u1eefng \u0111i\u1ec7u m\u00faa x\u00f2e trong b\u1ed9 trang ph\u1ee5c \u0111\u1eb9p nh\u1ea5t.\u201cTr\u0103m nghe kh\u00f4ng b\u1eb1ng m\u1ed9t th\u1ea5y\u201d, h\u00e3y \u0111\u0103ng k\u00fd tour du l\u1ecbch Sapa gi\u00e1\u00a0 r\u1ebb v\u1edbi TourSinhCafe ngay h\u00f4m nay \u0111\u1ec3 c\u00f3 nh\u1eefng tr\u1ea3i nghi\u1ec7m tuy\u1ec7t v\u1eddi cho m\u00f9a du l\u1ecbch 2019<\/p>\n<h2><strong>L\u1ecaCH TR\u00ccNH CHI TI\u1ebeT TOUR DU L\u1ecaCH SAPA 2 NG\u00c0Y 3 \u0110\u00caM<\/strong><\/h2>\n<p><strong>\u0110\u00eam 01 : H\u00e0 N\u1ed9i \u2013 Sapa( xe bus 2 chi\u1ec1u)<\/strong><\/p>\n<p><strong>21h00 -21h30<\/strong>: H\u01b0\u1edbng d\u1eabn\u00a0<strong>\u00a0The sinh cafe tour\u00a0<\/strong>\u0111\u1ebfn \u0111\u00f3n kh\u00e1ch t\u1ea1i v\u0103n ph\u00f2ng kh\u1edfi h\u00e0nh \u0111i Sapa, qu\u00fd kh\u00e1ch ngh\u1ec9 \u0111\u00eam tr\u00ean xe bus gi\u01b0\u1eddng n\u1eb1m.<\/p>\n<h3><strong>Ng\u00e0y 01 :\u00a0Tour du l\u1ecbch Sapa\u00a02 ng\u00e0y 3 \u0111\u00eam (\u0102n S\u00e1ng, Tr\u01b0a, T\u1ed1i)<\/strong><\/h3>\n<p><strong>6h00:\u00a0<\/strong>T\u1edbi Sapa, qu\u00fd kh\u00e1ch s\u1ebd \u0111\u01b0\u1ee3c \u0111\u00f3n v\u1ec1 kh\u00e1ch s\u1ea1n, d\u00f9ng b\u1eefa \u0111i\u1ec3m t\u00e2m s\u00e1ng, ngh\u1ec9 ng\u01a1i,t\u1ef1 do ng\u1eafm c\u1ea3nh Sapa.<\/p>\n<p><img loading=\"lazy\" decoding=\"async\" class=\"http:\/\/thesinhcafetouronline.com\/danh-muc\/du-lich-mien-bac\/tour-du-lich-sapa\/ aligncenter\" title=\"Tour Du L\u1ecbch Sapa\" src=\"https:\/\/image-us.24h.com.vn\/upload\/4-2021\/images\/2021-10-28\/\/1635390091-sapa-trong-may-mu-16349480971052073044867-width900height600.jpg\" alt=\"Viet Tour\" width=\"530\" height=\"353\" \/><\/p>\n<p><strong>12h00<\/strong>: Nh\u1eadn ph\u00f2ng kh\u00e1ch s\u1ea1n, \u0103n tr\u01b0a.<\/p>\n<p>Sau b\u1eefa tr\u01b0a\u00a0 t\u1ea1i kh\u00e1ch s\u1ea1n. Bu\u1ed5i chi\u1ec1u, qu\u00fd kh\u00e1ch \u0111i th\u0103m b\u1ea3n C\u00e1t C\u00e1t c\u1ee7a ng\u01b0\u1eddi H\u2019m\u00f4ng, Th\u00e1c thu\u1ef7 \u0111i\u1ec7n \u0111\u01b0\u1ee3c ng\u01b0\u1eddi Ph\u00e1p x\u00e2y d\u1ef1ng n\u0103m 1925.<\/p>\n<p><strong>19h00:\u00a0<\/strong>\u0102n t\u1ed1i v\u00e0 ngh\u1ec9 \u0111\u00eam t\u1ea1i Sapa. \u0110\u1eb7c bi\u1ec7t v\u00e0o t\u1ed1i th\u1ee9 b\u1ea3y Qu\u00fd kh\u00e1ch c\u00f3 th\u1ec3 tham d\u1ef1 phi\u00ean Ch\u1ee3 T\u00ecnh c\u1ee7a ng\u01b0\u1eddi Dao \u0110\u1ecf \u2013 m\u1ed9t trong nh\u1eefng n\u00e9t v\u0103n ho\u00e1 \u0111\u1eb7c s\u1eafc c\u1ee7a c\u00e1c d\u00e2n t\u1ed9c v\u00f9ng cao ph\u00eda b\u1eafc Vi\u1ec7t Nam.<\/p>\n<h3><strong>Ng\u00e0y 02 :\u00a0\u00a0Tour du l\u1ecbch Sapa\u00a0 3 \u0111\u00eam 2 ng\u00e0y Sa Pa \u2013 H\u00e0m R\u1ed3ng \u2013 L\u00e0o Cai\u00a0 (\u0102n S\u00e1ng, tr\u01b0a, t\u1ed1i)<\/strong><\/h3>\n<p><strong>7h30:<\/strong>\u00a0 \u0102n s\u00e1ng kh\u00e1ch s\u1ea1n.<\/p>\n<p><strong>-8h30:\u00a0<\/strong>Qu\u00fd kh\u00e1ch c\u00f9ng\u00a0<strong>\u00a0The sinh cafe tour\u00a0<\/strong>tham quan khu du l\u1ecbch H\u00e0m R\u1ed3ng ng\u1eafm nh\u00ecn to\u00e0n c\u1ea3nh Sapa t\u1eeb tr\u00ean cao, th\u0103m th\u00e1p truy\u1ec1n h\u00ecnh r\u1ed3i xu\u1ed1ng v\u01b0\u1eddn L\u00ea, v\u01b0\u1eddn T\u00e1o M\u00e8o, th\u0103m v\u01b0\u1eddn Lan 1, v\u01b0\u1eddn Lan 2, c\u1ed5ng tr\u1eddi.<\/p>\n<p><img loading=\"lazy\" decoding=\"async\" class=\"http:\/\/thesinhcafetouronline.com\/danh-muc\/du-lich-mien-bac\/tour-du-lich-sapa\/ aligncenter\" title=\"TOUR DU L\u1ecaCH SAPA\" src=\"https:\/\/www.mercitour.com\/images\/TOUR\/SAPA\/ham-rong-sapa-12.jpg\" alt=\"TOUR DU L\u1ecaCH SAPA \" width=\"501\" height=\"354\" \/><\/p>\n<p><strong>-12h00:Q\u00fay kh\u00e1ch tr\u1ea3 ph\u00f2ng kh\u00e1ch s\u1ea1n tr\u01b0\u1edbc 12h<\/strong><\/p>\n<p>-\u0102n tr\u01b0a t\u1ea1i kh\u00e1ch s\u1ea1n, ngh\u1ec9 ng\u01a1i, sau \u0111\u00f3\u00a0 t\u1ef1 do mua s\u1eafm.<\/p>\n<p><strong>-21h00<\/strong>: HDV v\u00e0 xe\u00a0<strong>\u00a0The sinh cafe tour\u00a0<\/strong>\u00a0\u0111\u01b0a kh\u00e1ch \u0111\u1ebfn b\u1ebfn xe bus \u0111\u1ec3 l\u00ean xe tr\u1edf v\u1ec1 H\u00e0 N\u1ed9i. Ch\u01b0\u01a1ng tr\u00ecnh tour k\u1ebft th\u00fac.<\/p>\n<p><strong>BAO G\u1ed2M\u00a0<\/strong><\/p>\n<p>-Ph\u00f2ng ng\u1ee7 c\u00f3 \u0111i\u1ec1u h\u00f2a, t\u1eafm n\u00f3ng l\u1ea1nh, v\u1ec7 sinh kh\u00e9p k\u00edn, 02 ng\u01b0\u1eddi\/ph\u00f2ng.<\/p>\n<p>-C\u00e1c b\u1eefa \u0103n theo ch\u01b0\u01a1ng tr\u00ecnh.<\/p>\n<p>-V\u00e9 th\u1eafng c\u1ea3nh, h\u01b0\u1edbng d\u1eabn vi\u00ean ti\u1ebfng Vi\u1ec7t v\u00e0 ti\u1ebfng Anh.<\/p>\n<p>-V\u00e9 bus H\u00e0 N\u1ed9i \u2013Sapa-H\u00e0 N\u1ed9i.<\/p>\n<p><strong>KH\u00d4NG BAO G\u1ed2M\u00a0<\/strong><\/p>\n<p>-B\u1ea3o hi\u1ec3m du l\u1ecbch, thu\u1ebf VAT.<\/p>\n<p>-Ti\u1ec1n bo cho l\u00e1i xe v\u00e0 h\u01b0\u1edbng d\u1eabn vi\u00ean.<\/p>\n<p>-C\u00e1c chi ph\u00ed ngo\u00e0i ch\u01b0\u01a1ng tr\u00ecnh nh\u01b0: chi ph\u00ed c\u00e1 nh\u00e2n, \u0111\u1ed3 u\u1ed1ng, qu\u00e0 l\u01b0u ni\u1ec7m, gi\u1eb7t l\u00e0, \u0111i\u1ec7n tho\u1ea1i ho\u1eb7c chi ph\u00ed v\u1eadn chuy\u1ec3n kh\u1ea9n c\u1ea5p\u2026<\/p>\n<p><strong><em><u>Ch\u00fa \u00fd<\/u><\/em><\/strong><\/p>\n<p>-Qu\u00fd kh\u00e1ch mang theo ch\u1ee9ng minh nh\u00e2n d\u00e2n ho\u1eb7c h\u1ed9 chi\u1ebfu<\/p>\n<p>-L\u1ecbch tr\u00ecnh c\u00f3 th\u1ec3 thay \u0111\u1ed5i do v\u1ea5n \u0111\u1ec1 th\u1eddi ti\u1ebft v\u00e0 c\u00e1c \u0111i\u1ec1u ki\u1ec7n kh\u00e1ch quan, nh\u01b0ng v\u1eabn \u0111\u1ea3m b\u1ea3o th\u1eddi gian tham quan.<\/p>\n","protected":false},"excerpt":{"rendered":"<p>Tour du l\u1ecbch Sapa\u00a02 ng\u00e0y 3 \u0111\u00eam\u00a0 c\u00e1t c\u00e1t-h\u00e0m r\u1ed3ng.thu h\u00fat \u0111\u00f4ng \u0111\u1ea3o du kh\u00e1ch th\u1eadp ph\u01b0\u01a1ng b\u1edfi mang \u0111\u1eadm v\u1ebb \u0111\u1eb9p c\u1ee7a c\u1ea3nh s\u1eafc thi\u00ean nhi\u00ean n\u00fai r\u1eebng T\u00e2y B\u1eafc c\u0169ng nh\u01b0 h\u01a1i th\u1edf cu\u1ed9c s\u1ed1ng b\u00ecnh y\u00ean, gi\u1ea3n d\u1ecb t\u1eeb n\u1ebfp s\u1ed1ng c\u1ee7a \u0111\u1ed3ng b\u00e0o d\u00e2n t\u1ed9c \u00edt ng\u01b0\u1eddi n\u01a1i \u0111\u00e2y. \u0110\u1eb7c \u0111i\u1ec3m<\/p>\n","protected":false},"featured_media":200,"template":"","meta":[],"product_cat":[19,20,25,26],"product_tag":[],"class_list":["post-113","product","type-product","status-publish","has-post-thumbnail","hentry","product_cat-tour-noi-bat","product_cat-tour-khach-doan","product_cat-tour-nuoc-ngoai","product_cat-tour-trong-nuoc"],"acf":[],"yoast_head":"<!-- This site is optimized with the Yoast SEO plugin v19.13 - https:\/\/yoast.com\/wordpress\/plugins\/seo\/ -->\n<title>Tour du l\u1ecbch Sapa 2 ng\u00e0y 1 \u0111\u00eam C\u00e1t C\u00e1t - H\u00e0m R\u1ed3ng - Viet Tour<\/title>\n<meta name=\"robots\" content=\"noindex, follow, max-snippet:-1, max-image-preview:large, max-video-preview:-1\" \/>\n<meta property=\"og:locale\" content=\"vi_VN\" \/>\n<meta property=\"og:type\" content=\"article\" \/>\n<meta property=\"og:title\" content=\"Tour du l\u1ecbch Sapa 2 ng\u00e0y 1 \u0111\u00eam C\u00e1t C\u00e1t - H\u00e0m R\u1ed3ng - Viet Tour\" \/>\n<meta property=\"og:description\" content=\"Tour du l\u1ecbch Sapa\u00a02 ng\u00e0y 3 \u0111\u00eam\u00a0 c\u00e1t c\u00e1t-h\u00e0m r\u1ed3ng.thu h\u00fat \u0111\u00f4ng \u0111\u1ea3o du kh\u00e1ch th\u1eadp ph\u01b0\u01a1ng b\u1edfi mang \u0111\u1eadm v\u1ebb \u0111\u1eb9p c\u1ee7a c\u1ea3nh s\u1eafc thi\u00ean nhi\u00ean n\u00fai r\u1eebng T\u00e2y B\u1eafc c\u0169ng nh\u01b0 h\u01a1i th\u1edf cu\u1ed9c s\u1ed1ng b\u00ecnh y\u00ean, gi\u1ea3n d\u1ecb t\u1eeb n\u1ebfp s\u1ed1ng c\u1ee7a \u0111\u1ed3ng b\u00e0o d\u00e2n t\u1ed9c \u00edt ng\u01b0\u1eddi n\u01a1i \u0111\u00e2y. \u0110\u1eb7c \u0111i\u1ec3m\" \/>\n<meta property=\"og:url\" content=\"http:\/\/mau.hoabinhweb.com\/dulich1\/tours\/tour-du-lich-sapa-2-ngay-1-dem-cat-cat-ham-rong\/\" \/>\n<meta property=\"og:site_name\" content=\"Viet Tour\" \/>\n<meta property=\"article:modified_time\" content=\"2022-10-30T15:40:29+00:00\" \/>\n<meta property=\"og:image\" content=\"http:\/\/mau.hoabinhweb.com\/dulich1\/wp-content\/uploads\/2020\/08\/tour-sapa1.jpg\" \/>\n\t<meta property=\"og:image:width\" content=\"600\" \/>\n\t<meta property=\"og:image:height\" content=\"418\" \/>\n\t<meta property=\"og:image:type\" content=\"image\/jpeg\" \/>\n<meta name=\"twitter:card\" content=\"summary_large_image\" \/>\n<meta name=\"twitter:label1\" content=\"\u01af\u1edbc t\u00ednh th\u1eddi gian \u0111\u1ecdc\" \/>\n\t<meta name=\"twitter:data1\" content=\"8 ph\u00fat\" \/>\n<script type=\"application\/ld+json\" class=\"yoast-schema-graph\">{\"@context\":\"https:\/\/schema.org\",\"@graph\":[{\"@type\":\"WebPage\",\"@id\":\"http:\/\/mau.hoabinhweb.com\/dulich1\/tours\/tour-du-lich-sapa-2-ngay-1-dem-cat-cat-ham-rong\/\",\"url\":\"http:\/\/mau.hoabinhweb.com\/dulich1\/tours\/tour-du-lich-sapa-2-ngay-1-dem-cat-cat-ham-rong\/\",\"name\":\"Tour du l\u1ecbch Sapa 2 ng\u00e0y 1 \u0111\u00eam C\u00e1t C\u00e1t - H\u00e0m R\u1ed3ng - Viet Tour\",\"isPartOf\":{\"@id\":\"http:\/\/mau.hoabinhweb.com\/dulich1\/#website\"},\"datePublished\":\"2020-08-21T00:40:02+00:00\",\"dateModified\":\"2022-10-30T15:40:29+00:00\",\"breadcrumb\":{\"@id\":\"http:\/\/mau.hoabinhweb.com\/dulich1\/tours\/tour-du-lich-sapa-2-ngay-1-dem-cat-cat-ham-rong\/#breadcrumb\"},\"inLanguage\":\"vi\",\"potentialAction\":[{\"@type\":\"ReadAction\",\"target\":[\"http:\/\/mau.hoabinhweb.com\/dulich1\/tours\/tour-du-lich-sapa-2-ngay-1-dem-cat-cat-ham-rong\/\"]}]},{\"@type\":\"BreadcrumbList\",\"@id\":\"http:\/\/mau.hoabinhweb.com\/dulich1\/tours\/tour-du-lich-sapa-2-ngay-1-dem-cat-cat-ham-rong\/#breadcrumb\",\"itemListElement\":[{\"@type\":\"ListItem\",\"position\":1,\"name\":\"Trang ch\u1ee7\",\"item\":\"http:\/\/mau.hoabinhweb.com\/dulich1\/\"},{\"@type\":\"ListItem\",\"position\":2,\"name\":\"Tours\",\"item\":\"http:\/\/mau.hoabinhweb.com\/dulich1\/tours\/\"},{\"@type\":\"ListItem\",\"position\":3,\"name\":\"Tour du l\u1ecbch Sapa 2 ng\u00e0y 1 \u0111\u00eam C\u00e1t C\u00e1t &#8211; H\u00e0m R\u1ed3ng\"}]},{\"@type\":\"WebSite\",\"@id\":\"http:\/\/mau.hoabinhweb.com\/dulich1\/#website\",\"url\":\"http:\/\/mau.hoabinhweb.com\/dulich1\/\",\"name\":\"Viet Tour\",\"description\":\"\",\"potentialAction\":[{\"@type\":\"SearchAction\",\"target\":{\"@type\":\"EntryPoint\",\"urlTemplate\":\"http:\/\/mau.hoabinhweb.com\/dulich1\/?s={search_term_string}\"},\"query-input\":\"required name=search_term_string\"}],\"inLanguage\":\"vi\"}]}<\/script>\n<!-- \/ Yoast SEO plugin. -->","yoast_head_json":{"title":"Tour du l\u1ecbch Sapa 2 ng\u00e0y 1 \u0111\u00eam C\u00e1t C\u00e1t - H\u00e0m R\u1ed3ng - Viet Tour","robots":{"index":"noindex","follow":"follow","max-snippet":"max-snippet:-1","max-image-preview":"max-image-preview:large","max-video-preview":"max-video-preview:-1"},"og_locale":"vi_VN","og_type":"article","og_title":"Tour du l\u1ecbch Sapa 2 ng\u00e0y 1 \u0111\u00eam C\u00e1t C\u00e1t - H\u00e0m R\u1ed3ng - Viet Tour","og_description":"Tour du l\u1ecbch Sapa\u00a02 ng\u00e0y 3 \u0111\u00eam\u00a0 c\u00e1t c\u00e1t-h\u00e0m r\u1ed3ng.thu h\u00fat \u0111\u00f4ng \u0111\u1ea3o du kh\u00e1ch th\u1eadp ph\u01b0\u01a1ng b\u1edfi mang \u0111\u1eadm v\u1ebb \u0111\u1eb9p c\u1ee7a c\u1ea3nh s\u1eafc thi\u00ean nhi\u00ean n\u00fai r\u1eebng T\u00e2y B\u1eafc c\u0169ng nh\u01b0 h\u01a1i th\u1edf cu\u1ed9c s\u1ed1ng b\u00ecnh y\u00ean, gi\u1ea3n d\u1ecb t\u1eeb n\u1ebfp s\u1ed1ng c\u1ee7a \u0111\u1ed3ng b\u00e0o d\u00e2n t\u1ed9c \u00edt ng\u01b0\u1eddi n\u01a1i \u0111\u00e2y. \u0110\u1eb7c \u0111i\u1ec3m","og_url":"http:\/\/mau.hoabinhweb.com\/dulich1\/tours\/tour-du-lich-sapa-2-ngay-1-dem-cat-cat-ham-rong\/","og_site_name":"Viet Tour","article_modified_time":"2022-10-30T15:40:29+00:00","og_image":[{"width":600,"height":418,"url":"http:\/\/mau.hoabinhweb.com\/dulich1\/wp-content\/uploads\/2020\/08\/tour-sapa1.jpg","type":"image\/jpeg"}],"twitter_card":"summary_large_image","twitter_misc":{"\u01af\u1edbc t\u00ednh th\u1eddi gian \u0111\u1ecdc":"8 ph\u00fat"},"schema":{"@context":"https:\/\/schema.org","@graph":[{"@type":"WebPage","@id":"http:\/\/mau.hoabinhweb.com\/dulich1\/tours\/tour-du-lich-sapa-2-ngay-1-dem-cat-cat-ham-rong\/","url":"http:\/\/mau.hoabinhweb.com\/dulich1\/tours\/tour-du-lich-sapa-2-ngay-1-dem-cat-cat-ham-rong\/","name":"Tour du l\u1ecbch Sapa 2 ng\u00e0y 1 \u0111\u00eam C\u00e1t C\u00e1t - H\u00e0m R\u1ed3ng - Viet Tour","isPartOf":{"@id":"http:\/\/mau.hoabinhweb.com\/dulich1\/#website"},"datePublished":"2020-08-21T00:40:02+00:00","dateModified":"2022-10-30T15:40:29+00:00","breadcrumb":{"@id":"http:\/\/mau.hoabinhweb.com\/dulich1\/tours\/tour-du-lich-sapa-2-ngay-1-dem-cat-cat-ham-rong\/#breadcrumb"},"inLanguage":"vi","potentialAction":[{"@type":"ReadAction","target":["http:\/\/mau.hoabinhweb.com\/dulich1\/tours\/tour-du-lich-sapa-2-ngay-1-dem-cat-cat-ham-rong\/"]}]},{"@type":"BreadcrumbList","@id":"http:\/\/mau.hoabinhweb.com\/dulich1\/tours\/tour-du-lich-sapa-2-ngay-1-dem-cat-cat-ham-rong\/#breadcrumb","itemListElement":[{"@type":"ListItem","position":1,"name":"Trang ch\u1ee7","item":"http:\/\/mau.hoabinhweb.com\/dulich1\/"},{"@type":"ListItem","position":2,"name":"Tours","item":"http:\/\/mau.hoabinhweb.com\/dulich1\/tours\/"},{"@type":"ListItem","position":3,"name":"Tour du l\u1ecbch Sapa 2 ng\u00e0y 1 \u0111\u00eam C\u00e1t C\u00e1t &#8211; H\u00e0m R\u1ed3ng"}]},{"@type":"WebSite","@id":"http:\/\/mau.hoabinhweb.com\/dulich1\/#website","url":"http:\/\/mau.hoabinhweb.com\/dulich1\/","name":"Viet Tour","description":"","potentialAction":[{"@type":"SearchAction","target":{"@type":"EntryPoint","urlTemplate":"http:\/\/mau.hoabinhweb.com\/dulich1\/?s={search_term_string}"},"query-input":"required name=search_term_string"}],"inLanguage":"vi"}]}},"_links":{"self":[{"href":"http:\/\/mau.hoabinhweb.com\/dulich1\/wp-json\/wp\/v2\/product\/113"}],"collection":[{"href":"http:\/\/mau.hoabinhweb.com\/dulich1\/wp-json\/wp\/v2\/product"}],"about":[{"href":"http:\/\/mau.hoabinhweb.com\/dulich1\/wp-json\/wp\/v2\/types\/product"}],"wp:featuredmedia":[{"embeddable":true,"href":"http:\/\/mau.hoabinhweb.com\/dulich1\/wp-json\/wp\/v2\/media\/200"}],"wp:attachment":[{"href":"http:\/\/mau.hoabinhweb.com\/dulich1\/wp-json\/wp\/v2\/media?parent=113"}],"wp:term":[{"taxonomy":"product_cat","embeddable":true,"href":"http:\/\/mau.hoabinhweb.com\/dulich1\/wp-json\/wp\/v2\/product_cat?post=113"},{"taxonomy":"product_tag","embeddable":true,"href":"http:\/\/mau.hoabinhweb.com\/dulich1\/wp-json\/wp\/v2\/product_tag?post=113"}],"curies":[{"name":"wp","href":"https:\/\/api.w.org\/{rel}","templated":true}]}}